{"id":8410,"date":"2014-05-16T09:17:19","date_gmt":"2014-05-16T07:17:19","guid":{"rendered":"http:\/\/www.maxima-dia.com\/?post_type=products&#038;p=8410"},"modified":"2021-12-20T11:56:30","modified_gmt":"2021-12-20T10:56:30","slug":"vibramax-95-18","status":"publish","type":"page","link":"https:\/\/www.maxima-dia.com\/de\/baumaschinen-fuer-die-bodenverdichtung\/vibramax-95-18\/","title":{"rendered":"Vibramax 95\/18"},"content":{"rendered":"<div class=\"wpb-content-wrapper\"><p>[vc_row][vc_column text_align=&#8220;center&#8220; width=&#8220;1\/4&#8243;][vc_column_text]<a href=\"\/wp-content\/uploads\/2017\/02\/vibramax-95-18.jpg\"><img loading=\"lazy\" decoding=\"async\" class=\"alignnone size-thumbnail wp-image-13925\" src=\"\/wp-content\/uploads\/2017\/02\/vibramax-95-18-150x150.jpg\" alt=\"VIBRAMAX 95\/18\" width=\"150\" height=\"150\" srcset=\"https:\/\/www.maxima-dia.com\/wp-content\/uploads\/2017\/02\/vibramax-95-18-150x150.jpg 150w, https:\/\/www.maxima-dia.com\/wp-content\/uploads\/2017\/02\/vibramax-95-18-300x300.jpg 300w, https:\/\/www.maxima-dia.com\/wp-content\/uploads\/2017\/02\/vibramax-95-18-768x768.jpg 768w, https:\/\/www.maxima-dia.com\/wp-content\/uploads\/2017\/02\/vibramax-95-18-1024x1024.jpg 1024w, https:\/\/www.maxima-dia.com\/wp-content\/uploads\/2017\/02\/vibramax-95-18-80x80.jpg 80w, https:\/\/www.maxima-dia.com\/wp-content\/uploads\/2017\/02\/vibramax-95-18-500x500.jpg 500w, https:\/\/www.maxima-dia.com\/wp-content\/uploads\/2017\/02\/vibramax-95-18-1000x1000.jpg 1000w, https:\/\/www.maxima-dia.com\/wp-content\/uploads\/2017\/02\/vibramax-95-18.jpg 1200w\" sizes=\"(max-width: 150px) 100vw, 150px\" \/><\/a><\/p>\n<p>made in EU&nbsp;<img loading=\"lazy\" decoding=\"async\" src=\"\/wp-content\/uploads\/2013\/11\/eu.png\" alt=\"eu\" width=\"24\" height=\"16\"> &#8211; Zertifikat&nbsp;<span style=\"font-family: arial,helvetica,sans-serif;\">CE<\/span>[\/vc_column_text][vc_column_text css_animation=&#8220;slideInDown&#8220; el_class=&#8220;hidebuybutton&#8220;]<a href=\"https:\/\/www.storemaxima.com\/de\/diamant-trennmaschine\/67-vibramax-95-18.html\" target=\"_blank\" rel=\"noopener\"><img loading=\"lazy\" decoding=\"async\" class=\"alignnone\" title=\"Kaufen Auf www.storemaxima.com\" src=\"https:\/\/www.maxima-dia.com\/wp-content\/uploads\/2019\/12\/pulsante-acquista-storemaxima.com-de.svg\" alt=\"Kaufen Auf www.storemaxima.com\" width=\"180\" height=\"80\"><\/a>[\/vc_column_text][\/vc_column][vc_column width=&#8220;3\/4&#8243;][vc_column_text]Durch ihre Abmessungen und ihre technischen Eigenschaften geh\u00f6rt diese Maschine zum Mittelfeld der Produktpalette. Tats\u00e4chlich ist <strong>Vibramax 95\/18<\/strong> ein Produkt, das alle zufrieden stellt: sie besitzt eine gute Zentrifugalkraft und dank den Plattenabmessungen und ihrem Gewicht eignet sie sich sowohl f\u00fcr den intensiven, als auch<br \/>\nf\u00fcr den gelegentlichen Einsatz und f\u00fcr die Vermietung. Sie eignet sich ideal f\u00fcr alle, die die R\u00fcttelplatte h\u00e4ufig auf Asphalt und auf unverdichtetem und verdichtetem Kies einsetzen. Diese Maschine wird mit Transportr\u00e4dern und einem Z\u00e4hlwerk geliefert, das f\u00fcr Maschienenvermieter und f\u00fcr die regelm\u00e4\u00dfig durchzuf\u00fchrenden Wartungsarbeiten sehr hilfreich ist. Sie ist mit einem Hebehaken, einer Sto\u00dfstange und einem Gashebel ausgestattet. Die Basis der Platte ist aus sehr widerstandsf\u00e4higem Stahl und beinhaltet eine sechsj\u00e4hrige Garantie.<\/p>\n<table class=\"tabellafotocarotaggio\" style=\"width: 100%;\">\n<tbody>\n<tr>\n<td style=\"width: 50%; text-align: center;\"><a href=\"\/wp-content\/uploads\/2017\/02\/vibramax-95-18-f1.jpg\"><img loading=\"lazy\" decoding=\"async\" class=\"alignnone wp-image-13923 size-thumbnail\" src=\"\/wp-content\/uploads\/2017\/02\/vibramax-95-18-f1-150x150.jpg\" width=\"150\" height=\"150\" srcset=\"https:\/\/www.maxima-dia.com\/wp-content\/uploads\/2017\/02\/vibramax-95-18-f1-150x150.jpg 150w, https:\/\/www.maxima-dia.com\/wp-content\/uploads\/2017\/02\/vibramax-95-18-f1-80x80.jpg 80w, https:\/\/www.maxima-dia.com\/wp-content\/uploads\/2017\/02\/vibramax-95-18-f1-500x500.jpg 500w\" sizes=\"(max-width: 150px) 100vw, 150px\" \/><\/a><\/td>\n<td style=\"width: 50%; text-align: center;\"><a href=\"\/wp-content\/uploads\/2017\/02\/vibramax-95-18-f2.jpg\"><img loading=\"lazy\" decoding=\"async\" class=\"alignnone wp-image-13924 size-thumbnail\" src=\"\/wp-content\/uploads\/2017\/02\/vibramax-95-18-f2-150x150.jpg\" width=\"150\" height=\"150\" srcset=\"https:\/\/www.maxima-dia.com\/wp-content\/uploads\/2017\/02\/vibramax-95-18-f2-150x150.jpg 150w, https:\/\/www.maxima-dia.com\/wp-content\/uploads\/2017\/02\/vibramax-95-18-f2-80x80.jpg 80w, https:\/\/www.maxima-dia.com\/wp-content\/uploads\/2017\/02\/vibramax-95-18-f2-500x500.jpg 500w\" sizes=\"(max-width: 150px) 100vw, 150px\" \/><\/a><\/td>\n<\/tr>\n<\/tbody>\n<\/table>\n<p style=\"text-align: justify;\">&nbsp;<\/p>\n<table class=\"tabellatecnica\" style=\"width: 100%;\" border=\"0\" cellspacing=\"0\" cellpadding=\"0\">\n<thead>\n<tr>\n<td class=\"testata\" colspan=\"2\">TECHNISCHE EIGENSCHAFTEN<\/td>\n<\/tr>\n<\/thead>\n<tbody>\n<tr>\n<td class=\"coltesto1\" style=\"width: 50%;\">Zentrifugalkraft 18 Kn<\/td>\n<td class=\"coltesto2\" style=\"width: 50%;\">Frequenz&nbsp;100 Hz<\/td>\n<\/tr>\n<tr>\n<td class=\"coltesto1\" style=\"width: 50%;\">Plattenbreite 450&nbsp;mm<\/td>\n<td class=\"coltesto2\" style=\"width: 50%;\">Maximalgeschwindigkeit&nbsp;25 Mt\/Min<\/td>\n<\/tr>\n<tr>\n<td class=\"coltesto1\" style=\"width: 50%;\">Plattenl\u00e4nge 565&nbsp;mm<\/td>\n<td class=\"coltesto2\" style=\"width: 50%;\">Maximale Neigung&nbsp;30%<\/td>\n<\/tr>\n<tr>\n<td class=\"coltesto2\" style=\"width: 50%;\">Honda-Motor GX160 K1 mit bleifreiem Benzin<\/td>\n<td class=\"coltesto2\" style=\"width: 50%;\">Abmessungen (geschlossen) 450 x 565 x 765&nbsp;mm (910 offen)<\/td>\n<\/tr>\n<tr>\n<td class=\"coltesto2\" style=\"width: 50%;\">Motorleistung 4,0 Kw \/ 5,5 CV<\/td>\n<td class=\"coltesto2\" style=\"width: 50%;\">Wassertank inbegriffen<\/td>\n<\/tr>\n<tr>\n<td class=\"coltesto2\" style=\"width: 50%;\">Motordrehzahl 3600 U\/min<\/td>\n<td class=\"coltesto2\" style=\"width: 50%;\">R\u00e4dersatz inbegriffen<\/td>\n<\/tr>\n<tr>\n<td class=\"coltesto2\" style=\"width: 50%;\">Statischer Druck an der Oberfl\u00e4che&nbsp;0,067 Kg\/cm2<\/td>\n<td class=\"coltesto2\" style=\"width: 50%;\">Gewicht&nbsp;95 Kg<\/td>\n<\/tr>\n<\/tbody>\n<\/table>\n<p>[\/vc_column_text][\/vc_column][\/vc_row]<\/p>\n<\/div>","protected":false},"excerpt":{"rendered":"<p>[vc_row][vc_column text_align=&#8220;center&#8220; width=&#8220;1\/4&#8243;][vc_column_text] made in EU&nbsp; &#8211; Zertifikat&nbsp;CE[\/vc_column_text][vc_column_text css_animation=&#8220;slideInDown&#8220; el_class=&#8220;hidebuybutton&#8220;][\/vc_column_text][\/vc_column][vc_column width=&#8220;3\/4&#8243;][vc_column_text]Durch ihre Abmessungen und ihre technischen Eigenschaften geh\u00f6rt diese Maschine zum Mittelfeld der Produktpalette. Tats\u00e4chlich ist Vibramax 95\/18 ein Produkt, das alle zufrieden stellt: sie besitzt eine gute Zentrifugalkraft und dank den Plattenabmessungen und ihrem Gewicht eignet sie sich sowohl f\u00fcr den intensiven, als auch f\u00fcr den gelegentlichen Einsatz und f\u00fcr die Vermietung. Sie eignet sich ideal f\u00fcr alle, die die R\u00fcttelplatte h\u00e4ufig auf Asphalt und auf unverdichtetem und verdichtetem Kies einsetzen. Diese Maschine wird mit Transportr\u00e4dern und einem Z\u00e4hlwerk geliefert, das f\u00fcr Maschienenvermieter und f\u00fcr die regelm\u00e4\u00dfig durchzuf\u00fchrenden Wartungsarbeiten sehr hilfreich ist. Sie ist mit einem Hebehaken, einer Sto\u00dfstange und einem Gashebel ausgestattet. Die Basis der Platte ist aus sehr widerstandsf\u00e4higem Stahl und beinhaltet eine sechsj\u00e4hrige Garantie. &nbsp; TECHNISCHE EIGENSCHAFTEN Zentrifugalkraft 18 Kn Frequenz&nbsp;100 Hz Plattenbreite 450&nbsp;mm Maximalgeschwindigkeit&nbsp;25 Mt\/Min Plattenl\u00e4nge 565&nbsp;mm Maximale Neigung&nbsp;30% Honda-Motor GX160 K1 mit bleifreiem Benzin Abmessungen (geschlossen) 450 x 565 x 765&nbsp;mm (910 offen) Motorleistung 4,0 Kw \/ 5,5 CV Wassertank inbegriffen Motordrehzahl 3600 U\/min R\u00e4dersatz inbegriffen Statischer Druck an der Oberfl\u00e4che&nbsp;0,067 Kg\/cm2 Gewicht&nbsp;95 Kg [\/vc_column_text][\/vc_column][\/vc_row]<\/p>\n","protected":false},"author":29,"featured_media":24687,"parent":33186,"menu_order":15,"comment_status":"closed","ping_status":"closed","template":"","meta":{"ngg_post_thumbnail":0,"_joinchat":[],"footnotes":""},"class_list":["post-8410","page","type-page","status-publish","has-post-thumbnail","hentry"],"yoast_head":"<!-- This site is optimized with the Yoast SEO plugin v25.5 - https:\/\/yoast.com\/wordpress\/plugins\/seo\/ -->\n<title>Vibramax 95\/18 - Maxima SpA<\/title>\n<meta name=\"description\" content=\"Vibramax 95\/18 Verdichtungsmaschine f\u00fcr Asphalt Kies Steine Sand Kies\" \/>\n<meta name=\"robots\" content=\"index, follow, max-snippet:-1, max-image-preview:large, max-video-preview:-1\" \/>\n<link rel=\"canonical\" href=\"https:\/\/www.maxima-dia.com\/de\/baumaschinen-fuer-die-bodenverdichtung\/vibramax-95-18\/\" \/>\n<meta property=\"og:locale\" content=\"de_DE\" \/>\n<meta property=\"og:type\" content=\"article\" \/>\n<meta property=\"og:title\" content=\"Vibramax 95\/18 - Maxima SpA\" \/>\n<meta property=\"og:description\" content=\"Vibramax 95\/18 Verdichtungsmaschine f\u00fcr Asphalt Kies Steine Sand Kies\" \/>\n<meta property=\"og:url\" content=\"https:\/\/www.maxima-dia.com\/de\/baumaschinen-fuer-die-bodenverdichtung\/vibramax-95-18\/\" \/>\n<meta property=\"og:site_name\" content=\"Maxima SpA\" \/>\n<meta property=\"article:publisher\" content=\"https:\/\/www.facebook.com\/Maxima-spa-106098566139597\" \/>\n<meta property=\"article:modified_time\" content=\"2021-12-20T10:56:30+00:00\" \/>\n<meta property=\"og:image\" content=\"https:\/\/www.maxima-dia.com\/wp-content\/uploads\/2017\/02\/vibramax-95-18.jpg\" \/>\n\t<meta property=\"og:image:width\" content=\"1200\" \/>\n\t<meta property=\"og:image:height\" content=\"1200\" \/>\n\t<meta property=\"og:image:type\" content=\"image\/jpeg\" \/>\n<meta name=\"twitter:card\" content=\"summary_large_image\" \/>\n<meta name=\"twitter:site\" content=\"@Maximadia\" \/>\n<meta name=\"twitter:label1\" content=\"Gesch\u00e4tzte Lesezeit\" \/>\n\t<meta name=\"twitter:data1\" content=\"2\u00a0Minuten\" \/>\n<script type=\"application\/ld+json\" class=\"yoast-schema-graph\">{\"@context\":\"https:\/\/schema.org\",\"@graph\":[{\"@type\":\"WebPage\",\"@id\":\"https:\/\/www.maxima-dia.com\/de\/baumaschinen-fuer-die-bodenverdichtung\/vibramax-95-18\/\",\"url\":\"https:\/\/www.maxima-dia.com\/de\/baumaschinen-fuer-die-bodenverdichtung\/vibramax-95-18\/\",\"name\":\"Vibramax 95\/18 - Maxima SpA\",\"isPartOf\":{\"@id\":\"https:\/\/www.maxima-dia.com\/de\/#website\"},\"primaryImageOfPage\":{\"@id\":\"https:\/\/www.maxima-dia.com\/de\/baumaschinen-fuer-die-bodenverdichtung\/vibramax-95-18\/#primaryimage\"},\"image\":{\"@id\":\"https:\/\/www.maxima-dia.com\/de\/baumaschinen-fuer-die-bodenverdichtung\/vibramax-95-18\/#primaryimage\"},\"thumbnailUrl\":\"https:\/\/www.maxima-dia.com\/wp-content\/uploads\/2017\/02\/vibramax-95-18.jpg\",\"datePublished\":\"2014-05-16T07:17:19+00:00\",\"dateModified\":\"2021-12-20T10:56:30+00:00\",\"description\":\"Vibramax 95\/18 Verdichtungsmaschine f\u00fcr Asphalt Kies Steine Sand Kies\",\"breadcrumb\":{\"@id\":\"https:\/\/www.maxima-dia.com\/de\/baumaschinen-fuer-die-bodenverdichtung\/vibramax-95-18\/#breadcrumb\"},\"inLanguage\":\"de\",\"potentialAction\":[{\"@type\":\"ReadAction\",\"target\":[\"https:\/\/www.maxima-dia.com\/de\/baumaschinen-fuer-die-bodenverdichtung\/vibramax-95-18\/\"]}]},{\"@type\":\"ImageObject\",\"inLanguage\":\"de\",\"@id\":\"https:\/\/www.maxima-dia.com\/de\/baumaschinen-fuer-die-bodenverdichtung\/vibramax-95-18\/#primaryimage\",\"url\":\"https:\/\/www.maxima-dia.com\/wp-content\/uploads\/2017\/02\/vibramax-95-18.jpg\",\"contentUrl\":\"https:\/\/www.maxima-dia.com\/wp-content\/uploads\/2017\/02\/vibramax-95-18.jpg\",\"width\":1200,\"height\":1200},{\"@type\":\"BreadcrumbList\",\"@id\":\"https:\/\/www.maxima-dia.com\/de\/baumaschinen-fuer-die-bodenverdichtung\/vibramax-95-18\/#breadcrumb\",\"itemListElement\":[{\"@type\":\"ListItem\",\"position\":1,\"name\":\"Home\",\"item\":\"https:\/\/www.maxima-dia.com\/de\/\"},{\"@type\":\"ListItem\",\"position\":2,\"name\":\"Baumaschinen f\u00fcr die Bodenverdichtung\",\"item\":\"https:\/\/www.maxima-dia.com\/de\/baumaschinen-fuer-die-bodenverdichtung\/\"},{\"@type\":\"ListItem\",\"position\":3,\"name\":\"Vibramax 95\/18\"}]},{\"@type\":\"WebSite\",\"@id\":\"https:\/\/www.maxima-dia.com\/de\/#website\",\"url\":\"https:\/\/www.maxima-dia.com\/de\/\",\"name\":\"Maxima SpA\",\"description\":\"Only for the real professionals\",\"potentialAction\":[{\"@type\":\"SearchAction\",\"target\":{\"@type\":\"EntryPoint\",\"urlTemplate\":\"https:\/\/www.maxima-dia.com\/de\/?s={search_term_string}\"},\"query-input\":{\"@type\":\"PropertyValueSpecification\",\"valueRequired\":true,\"valueName\":\"search_term_string\"}}],\"inLanguage\":\"de\"}]}<\/script>\n<!-- \/ Yoast SEO plugin. -->","yoast_head_json":{"title":"Vibramax 95\/18 - Maxima SpA","description":"Vibramax 95\/18 Verdichtungsmaschine f\u00fcr Asphalt Kies Steine Sand Kies","robots":{"index":"index","follow":"follow","max-snippet":"max-snippet:-1","max-image-preview":"max-image-preview:large","max-video-preview":"max-video-preview:-1"},"canonical":"https:\/\/www.maxima-dia.com\/de\/baumaschinen-fuer-die-bodenverdichtung\/vibramax-95-18\/","og_locale":"de_DE","og_type":"article","og_title":"Vibramax 95\/18 - Maxima SpA","og_description":"Vibramax 95\/18 Verdichtungsmaschine f\u00fcr Asphalt Kies Steine Sand Kies","og_url":"https:\/\/www.maxima-dia.com\/de\/baumaschinen-fuer-die-bodenverdichtung\/vibramax-95-18\/","og_site_name":"Maxima SpA","article_publisher":"https:\/\/www.facebook.com\/Maxima-spa-106098566139597","article_modified_time":"2021-12-20T10:56:30+00:00","og_image":[{"width":1200,"height":1200,"url":"https:\/\/www.maxima-dia.com\/wp-content\/uploads\/2017\/02\/vibramax-95-18.jpg","type":"image\/jpeg"}],"twitter_card":"summary_large_image","twitter_site":"@Maximadia","twitter_misc":{"Gesch\u00e4tzte Lesezeit":"2\u00a0Minuten"},"schema":{"@context":"https:\/\/schema.org","@graph":[{"@type":"WebPage","@id":"https:\/\/www.maxima-dia.com\/de\/baumaschinen-fuer-die-bodenverdichtung\/vibramax-95-18\/","url":"https:\/\/www.maxima-dia.com\/de\/baumaschinen-fuer-die-bodenverdichtung\/vibramax-95-18\/","name":"Vibramax 95\/18 - Maxima SpA","isPartOf":{"@id":"https:\/\/www.maxima-dia.com\/de\/#website"},"primaryImageOfPage":{"@id":"https:\/\/www.maxima-dia.com\/de\/baumaschinen-fuer-die-bodenverdichtung\/vibramax-95-18\/#primaryimage"},"image":{"@id":"https:\/\/www.maxima-dia.com\/de\/baumaschinen-fuer-die-bodenverdichtung\/vibramax-95-18\/#primaryimage"},"thumbnailUrl":"https:\/\/www.maxima-dia.com\/wp-content\/uploads\/2017\/02\/vibramax-95-18.jpg","datePublished":"2014-05-16T07:17:19+00:00","dateModified":"2021-12-20T10:56:30+00:00","description":"Vibramax 95\/18 Verdichtungsmaschine f\u00fcr Asphalt Kies Steine Sand Kies","breadcrumb":{"@id":"https:\/\/www.maxima-dia.com\/de\/baumaschinen-fuer-die-bodenverdichtung\/vibramax-95-18\/#breadcrumb"},"inLanguage":"de","potentialAction":[{"@type":"ReadAction","target":["https:\/\/www.maxima-dia.com\/de\/baumaschinen-fuer-die-bodenverdichtung\/vibramax-95-18\/"]}]},{"@type":"ImageObject","inLanguage":"de","@id":"https:\/\/www.maxima-dia.com\/de\/baumaschinen-fuer-die-bodenverdichtung\/vibramax-95-18\/#primaryimage","url":"https:\/\/www.maxima-dia.com\/wp-content\/uploads\/2017\/02\/vibramax-95-18.jpg","contentUrl":"https:\/\/www.maxima-dia.com\/wp-content\/uploads\/2017\/02\/vibramax-95-18.jpg","width":1200,"height":1200},{"@type":"BreadcrumbList","@id":"https:\/\/www.maxima-dia.com\/de\/baumaschinen-fuer-die-bodenverdichtung\/vibramax-95-18\/#breadcrumb","itemListElement":[{"@type":"ListItem","position":1,"name":"Home","item":"https:\/\/www.maxima-dia.com\/de\/"},{"@type":"ListItem","position":2,"name":"Baumaschinen f\u00fcr die Bodenverdichtung","item":"https:\/\/www.maxima-dia.com\/de\/baumaschinen-fuer-die-bodenverdichtung\/"},{"@type":"ListItem","position":3,"name":"Vibramax 95\/18"}]},{"@type":"WebSite","@id":"https:\/\/www.maxima-dia.com\/de\/#website","url":"https:\/\/www.maxima-dia.com\/de\/","name":"Maxima SpA","description":"Only for the real professionals","potentialAction":[{"@type":"SearchAction","target":{"@type":"EntryPoint","urlTemplate":"https:\/\/www.maxima-dia.com\/de\/?s={search_term_string}"},"query-input":{"@type":"PropertyValueSpecification","valueRequired":true,"valueName":"search_term_string"}}],"inLanguage":"de"}]}},"_links":{"self":[{"href":"https:\/\/www.maxima-dia.com\/de\/wp-json\/wp\/v2\/pages\/8410"}],"collection":[{"href":"https:\/\/www.maxima-dia.com\/de\/wp-json\/wp\/v2\/pages"}],"about":[{"href":"https:\/\/www.maxima-dia.com\/de\/wp-json\/wp\/v2\/types\/page"}],"author":[{"embeddable":true,"href":"https:\/\/www.maxima-dia.com\/de\/wp-json\/wp\/v2\/users\/29"}],"replies":[{"embeddable":true,"href":"https:\/\/www.maxima-dia.com\/de\/wp-json\/wp\/v2\/comments?post=8410"}],"version-history":[{"count":0,"href":"https:\/\/www.maxima-dia.com\/de\/wp-json\/wp\/v2\/pages\/8410\/revisions"}],"up":[{"embeddable":true,"href":"https:\/\/www.maxima-dia.com\/de\/wp-json\/wp\/v2\/pages\/33186"}],"wp:featuredmedia":[{"embeddable":true,"href":"https:\/\/www.maxima-dia.com\/de\/wp-json\/wp\/v2\/media\/24687"}],"wp:attachment":[{"href":"https:\/\/www.maxima-dia.com\/de\/wp-json\/wp\/v2\/media?parent=8410"}],"curies":[{"name":"wp","href":"https:\/\/api.w.org\/{rel}","templated":true}]}}