{"id":8434,"date":"2014-05-16T11:12:42","date_gmt":"2014-05-16T09:12:42","guid":{"rendered":"http:\/\/www.maxima-dia.com\/?post_type=products&#038;p=8434"},"modified":"2023-04-12T09:32:51","modified_gmt":"2023-04-12T07:32:51","slug":"schneiden-zubehor","status":"publish","type":"page","link":"https:\/\/www.maxima-dia.com\/de\/schneiden-zubehor\/","title":{"rendered":"Schneiden Zubeh\u00f6r"},"content":{"rendered":"<div class=\"wpb-content-wrapper\"><p>[vc_row bottom_padding=&#8220;50&#8243;][vc_column width=&#8220;1\/1&#8243;][vc_column_text]In diesem Abschnitt werden pr\u00e4sentiert Zubeh\u00f6r zum Schneiden.[\/vc_column_text][\/vc_column][\/vc_row][vc_row bottom_padding=&#8220;30&#8243;][vc_column width=&#8220;1\/4&#8243;][vc_column_text]<a href=\"\/wp-content\/uploads\/2017\/02\/riduzioni-per-dischi.jpg\"><img loading=\"lazy\" decoding=\"async\" class=\"alignnone wp-image-13649 size-thumbnail\" src=\"\/wp-content\/uploads\/2017\/02\/riduzioni-per-dischi-150x150.jpg\" alt=\"\" width=\"150\" height=\"150\" srcset=\"https:\/\/www.maxima-dia.com\/wp-content\/uploads\/2017\/02\/riduzioni-per-dischi-150x150.jpg 150w, https:\/\/www.maxima-dia.com\/wp-content\/uploads\/2017\/02\/riduzioni-per-dischi-300x300.jpg 300w, https:\/\/www.maxima-dia.com\/wp-content\/uploads\/2017\/02\/riduzioni-per-dischi-768x768.jpg 768w, https:\/\/www.maxima-dia.com\/wp-content\/uploads\/2017\/02\/riduzioni-per-dischi-1024x1024.jpg 1024w, https:\/\/www.maxima-dia.com\/wp-content\/uploads\/2017\/02\/riduzioni-per-dischi-80x80.jpg 80w, https:\/\/www.maxima-dia.com\/wp-content\/uploads\/2017\/02\/riduzioni-per-dischi-500x500.jpg 500w, https:\/\/www.maxima-dia.com\/wp-content\/uploads\/2017\/02\/riduzioni-per-dischi-1000x1000.jpg 1000w, https:\/\/www.maxima-dia.com\/wp-content\/uploads\/2017\/02\/riduzioni-per-dischi.jpg 1200w\" sizes=\"(max-width: 150px) 100vw, 150px\" \/><\/a>[\/vc_column_text][\/vc_column][vc_column width=&#8220;3\/4&#8243;][vc_column_text]<\/p>\n<p><strong>VERMINDERUNGEN F\u00dcR DIAMANTTRENNSCHEIBEN<\/strong><\/p>\n<p>Verf\u00fcgbar in einer gro\u00dfen Auswahl (\u00fcber 50 verschiedene&nbsp;Typen). Sie dienen zur Anpassung der unterschiedlichen&nbsp;Maschinentypen an den gr\u00f6\u00dften Teil der&nbsp;angebotenen Diamanttrennscheiben.<\/p>\n<p>[\/vc_column_text][\/vc_column][\/vc_row][vc_row bottom_padding=&#8220;30&#8243;][vc_column width=&#8220;1\/4&#8243;][vc_column_text]<a href=\"\/wp-content\/uploads\/2017\/02\/riduzioni-spessorate.jpg\"><img loading=\"lazy\" decoding=\"async\" class=\"alignnone wp-image-13650 size-thumbnail\" src=\"\/wp-content\/uploads\/2017\/02\/riduzioni-spessorate-150x150.jpg\" alt=\"\" width=\"150\" height=\"150\" srcset=\"https:\/\/www.maxima-dia.com\/wp-content\/uploads\/2017\/02\/riduzioni-spessorate-150x150.jpg 150w, https:\/\/www.maxima-dia.com\/wp-content\/uploads\/2017\/02\/riduzioni-spessorate-300x300.jpg 300w, https:\/\/www.maxima-dia.com\/wp-content\/uploads\/2017\/02\/riduzioni-spessorate-768x768.jpg 768w, https:\/\/www.maxima-dia.com\/wp-content\/uploads\/2017\/02\/riduzioni-spessorate-1024x1024.jpg 1024w, https:\/\/www.maxima-dia.com\/wp-content\/uploads\/2017\/02\/riduzioni-spessorate-80x80.jpg 80w, https:\/\/www.maxima-dia.com\/wp-content\/uploads\/2017\/02\/riduzioni-spessorate-500x500.jpg 500w, https:\/\/www.maxima-dia.com\/wp-content\/uploads\/2017\/02\/riduzioni-spessorate-1000x1000.jpg 1000w, https:\/\/www.maxima-dia.com\/wp-content\/uploads\/2017\/02\/riduzioni-spessorate.jpg 1200w\" sizes=\"(max-width: 150px) 100vw, 150px\" \/><\/a>[\/vc_column_text][\/vc_column][vc_column width=&#8220;3\/4&#8243;][vc_column_text]<\/p>\n<p><strong>ABSTANDSRINGE<\/strong><\/p>\n<p>Diese Verringerungen wurden eigens daf\u00fcr&nbsp;gefertigt, um spezielle Diamanttrennscheiben&nbsp;an Handtrennschleifer mit entsprechenden&nbsp;Anschl\u00fcssen zu montieren.<\/p>\n<p>[\/vc_column_text][\/vc_column][\/vc_row][vc_row bottom_padding=&#8220;30&#8243;][vc_column width=&#8220;1\/4&#8243;][vc_column_text]<a href=\"\/wp-content\/uploads\/2023\/04\/mattoncino-ravviva-utensili.jpg\"><img loading=\"lazy\" decoding=\"async\" class=\"alignnone wp-image-13637 size-thumbnail\" src=\"\/wp-content\/uploads\/2023\/04\/mattoncino-ravviva-utensili-300x300.jpg\" alt=\"\" width=\"150\" height=\"150\" srcset=\"https:\/\/www.maxima-dia.com\/wp-content\/uploads\/2023\/04\/mattoncino-ravviva-utensili-300x300.jpg 300w, https:\/\/www.maxima-dia.com\/wp-content\/uploads\/2023\/04\/mattoncino-ravviva-utensili-1024x1024.jpg 1024w, https:\/\/www.maxima-dia.com\/wp-content\/uploads\/2023\/04\/mattoncino-ravviva-utensili-150x150.jpg 150w, https:\/\/www.maxima-dia.com\/wp-content\/uploads\/2023\/04\/mattoncino-ravviva-utensili-768x768.jpg 768w, https:\/\/www.maxima-dia.com\/wp-content\/uploads\/2023\/04\/mattoncino-ravviva-utensili-80x80.jpg 80w, https:\/\/www.maxima-dia.com\/wp-content\/uploads\/2023\/04\/mattoncino-ravviva-utensili-500x500.jpg 500w, https:\/\/www.maxima-dia.com\/wp-content\/uploads\/2023\/04\/mattoncino-ravviva-utensili-1000x1000.jpg 1000w, https:\/\/www.maxima-dia.com\/wp-content\/uploads\/2023\/04\/mattoncino-ravviva-utensili.jpg 1200w\" sizes=\"(max-width: 150px) 100vw, 150px\" \/><\/a>[\/vc_column_text][\/vc_column][vc_column width=&#8220;3\/4&#8243;][vc_column_text]<\/p>\n<p><strong>DIAMANTSCH\u00c4RFSTEIN<\/strong><\/p>\n<p>Mit diesem aus besonders abrasivem Material&nbsp;hergestellten Stein k\u00f6nnen Diamanttrennscheiben&nbsp;gesch\u00e4rft werden, so dass sie wie&nbsp;neu schneiden.<\/p>\n<p>[\/vc_column_text][\/vc_column][\/vc_row]<\/p>\n<\/div>","protected":false},"excerpt":{"rendered":"<p>[vc_row bottom_padding=&#8220;50&#8243;][vc_column width=&#8220;1\/1&#8243;][vc_column_text]In diesem Abschnitt werden pr\u00e4sentiert Zubeh\u00f6r zum Schneiden.[\/vc_column_text][\/vc_column][\/vc_row][vc_row bottom_padding=&#8220;30&#8243;][vc_column width=&#8220;1\/4&#8243;][vc_column_text][\/vc_column_text][\/vc_column][vc_column width=&#8220;3\/4&#8243;][vc_column_text] VERMINDERUNGEN F\u00dcR DIAMANTTRENNSCHEIBEN Verf\u00fcgbar in einer gro\u00dfen Auswahl (\u00fcber 50 verschiedene&nbsp;Typen). Sie dienen zur Anpassung der unterschiedlichen&nbsp;Maschinentypen an den gr\u00f6\u00dften Teil der&nbsp;angebotenen Diamanttrennscheiben. [\/vc_column_text][\/vc_column][\/vc_row][vc_row bottom_padding=&#8220;30&#8243;][vc_column width=&#8220;1\/4&#8243;][vc_column_text][\/vc_column_text][\/vc_column][vc_column width=&#8220;3\/4&#8243;][vc_column_text] ABSTANDSRINGE Diese Verringerungen wurden eigens daf\u00fcr&nbsp;gefertigt, um spezielle Diamanttrennscheiben&nbsp;an Handtrennschleifer mit entsprechenden&nbsp;Anschl\u00fcssen zu montieren. [\/vc_column_text][\/vc_column][\/vc_row][vc_row bottom_padding=&#8220;30&#8243;][vc_column width=&#8220;1\/4&#8243;][vc_column_text][\/vc_column_text][\/vc_column][vc_column width=&#8220;3\/4&#8243;][vc_column_text] DIAMANTSCH\u00c4RFSTEIN Mit diesem aus besonders abrasivem Material&nbsp;hergestellten Stein k\u00f6nnen Diamanttrennscheiben&nbsp;gesch\u00e4rft werden, so dass sie wie&nbsp;neu schneiden. [\/vc_column_text][\/vc_column][\/vc_row]<\/p>\n","protected":false},"author":29,"featured_media":0,"parent":0,"menu_order":705,"comment_status":"closed","ping_status":"closed","template":"","meta":{"ngg_post_thumbnail":0,"_joinchat":[],"footnotes":""},"class_list":["post-8434","page","type-page","status-publish","hentry"],"yoast_head":"<!-- This site is optimized with the Yoast SEO plugin v25.5 - https:\/\/yoast.com\/wordpress\/plugins\/seo\/ -->\n<title>Schneiden Zubeh\u00f6r - Maxima SpA<\/title>\n<meta name=\"description\" content=\"Schneiden Zubeh\u00f6r DOPPELTE FLANSCHSCHEIBEN, VERMINDERUNGEN F\u00dcR DIAMANTTRENNSCHEIBEN, ABSTANDSRINGE, DIAMANTSCH\u00c4RFSTEIN\" \/>\n<meta name=\"robots\" content=\"index, follow, max-snippet:-1, max-image-preview:large, max-video-preview:-1\" \/>\n<link rel=\"canonical\" href=\"https:\/\/www.maxima-dia.com\/de\/schneiden-zubehor\/\" \/>\n<meta property=\"og:locale\" content=\"de_DE\" \/>\n<meta property=\"og:type\" content=\"article\" \/>\n<meta property=\"og:title\" content=\"Schneiden Zubeh\u00f6r - Maxima SpA\" \/>\n<meta property=\"og:description\" content=\"Schneiden Zubeh\u00f6r DOPPELTE FLANSCHSCHEIBEN, VERMINDERUNGEN F\u00dcR DIAMANTTRENNSCHEIBEN, ABSTANDSRINGE, DIAMANTSCH\u00c4RFSTEIN\" \/>\n<meta property=\"og:url\" content=\"https:\/\/www.maxima-dia.com\/de\/schneiden-zubehor\/\" \/>\n<meta property=\"og:site_name\" content=\"Maxima SpA\" \/>\n<meta property=\"article:publisher\" content=\"https:\/\/www.facebook.com\/Maxima-spa-106098566139597\" \/>\n<meta property=\"article:modified_time\" content=\"2023-04-12T07:32:51+00:00\" \/>\n<meta property=\"og:image\" content=\"https:\/\/www.maxima-dia.com\/wp-content\/uploads\/2022\/03\/MaximaSpA-logo-quadrato.jpg\" \/>\n\t<meta property=\"og:image:width\" content=\"500\" \/>\n\t<meta property=\"og:image:height\" content=\"500\" \/>\n\t<meta property=\"og:image:type\" content=\"image\/jpeg\" \/>\n<meta name=\"twitter:card\" content=\"summary_large_image\" \/>\n<meta name=\"twitter:site\" content=\"@Maximadia\" \/>\n<meta name=\"twitter:label1\" content=\"Gesch\u00e4tzte Lesezeit\" \/>\n\t<meta name=\"twitter:data1\" content=\"1\u00a0Minute\" \/>\n<script type=\"application\/ld+json\" class=\"yoast-schema-graph\">{\"@context\":\"https:\/\/schema.org\",\"@graph\":[{\"@type\":\"WebPage\",\"@id\":\"https:\/\/www.maxima-dia.com\/de\/schneiden-zubehor\/\",\"url\":\"https:\/\/www.maxima-dia.com\/de\/schneiden-zubehor\/\",\"name\":\"Schneiden Zubeh\u00f6r - Maxima SpA\",\"isPartOf\":{\"@id\":\"https:\/\/www.maxima-dia.com\/de\/#website\"},\"datePublished\":\"2014-05-16T09:12:42+00:00\",\"dateModified\":\"2023-04-12T07:32:51+00:00\",\"description\":\"Schneiden Zubeh\u00f6r DOPPELTE FLANSCHSCHEIBEN, VERMINDERUNGEN F\u00dcR DIAMANTTRENNSCHEIBEN, ABSTANDSRINGE, DIAMANTSCH\u00c4RFSTEIN\",\"breadcrumb\":{\"@id\":\"https:\/\/www.maxima-dia.com\/de\/schneiden-zubehor\/#breadcrumb\"},\"inLanguage\":\"de\",\"potentialAction\":[{\"@type\":\"ReadAction\",\"target\":[\"https:\/\/www.maxima-dia.com\/de\/schneiden-zubehor\/\"]}]},{\"@type\":\"BreadcrumbList\",\"@id\":\"https:\/\/www.maxima-dia.com\/de\/schneiden-zubehor\/#breadcrumb\",\"itemListElement\":[{\"@type\":\"ListItem\",\"position\":1,\"name\":\"Home\",\"item\":\"https:\/\/www.maxima-dia.com\/de\/\"},{\"@type\":\"ListItem\",\"position\":2,\"name\":\"Schneiden Zubeh\u00f6r\"}]},{\"@type\":\"WebSite\",\"@id\":\"https:\/\/www.maxima-dia.com\/de\/#website\",\"url\":\"https:\/\/www.maxima-dia.com\/de\/\",\"name\":\"Maxima SpA\",\"description\":\"Only for the real professionals\",\"potentialAction\":[{\"@type\":\"SearchAction\",\"target\":{\"@type\":\"EntryPoint\",\"urlTemplate\":\"https:\/\/www.maxima-dia.com\/de\/?s={search_term_string}\"},\"query-input\":{\"@type\":\"PropertyValueSpecification\",\"valueRequired\":true,\"valueName\":\"search_term_string\"}}],\"inLanguage\":\"de\"}]}<\/script>\n<!-- \/ Yoast SEO plugin. -->","yoast_head_json":{"title":"Schneiden Zubeh\u00f6r - Maxima SpA","description":"Schneiden Zubeh\u00f6r DOPPELTE FLANSCHSCHEIBEN, VERMINDERUNGEN F\u00dcR DIAMANTTRENNSCHEIBEN, ABSTANDSRINGE, DIAMANTSCH\u00c4RFSTEIN","robots":{"index":"index","follow":"follow","max-snippet":"max-snippet:-1","max-image-preview":"max-image-preview:large","max-video-preview":"max-video-preview:-1"},"canonical":"https:\/\/www.maxima-dia.com\/de\/schneiden-zubehor\/","og_locale":"de_DE","og_type":"article","og_title":"Schneiden Zubeh\u00f6r - Maxima SpA","og_description":"Schneiden Zubeh\u00f6r DOPPELTE FLANSCHSCHEIBEN, VERMINDERUNGEN F\u00dcR DIAMANTTRENNSCHEIBEN, ABSTANDSRINGE, DIAMANTSCH\u00c4RFSTEIN","og_url":"https:\/\/www.maxima-dia.com\/de\/schneiden-zubehor\/","og_site_name":"Maxima SpA","article_publisher":"https:\/\/www.facebook.com\/Maxima-spa-106098566139597","article_modified_time":"2023-04-12T07:32:51+00:00","og_image":[{"width":500,"height":500,"url":"https:\/\/www.maxima-dia.com\/wp-content\/uploads\/2022\/03\/MaximaSpA-logo-quadrato.jpg","type":"image\/jpeg"}],"twitter_card":"summary_large_image","twitter_site":"@Maximadia","twitter_misc":{"Gesch\u00e4tzte Lesezeit":"1\u00a0Minute"},"schema":{"@context":"https:\/\/schema.org","@graph":[{"@type":"WebPage","@id":"https:\/\/www.maxima-dia.com\/de\/schneiden-zubehor\/","url":"https:\/\/www.maxima-dia.com\/de\/schneiden-zubehor\/","name":"Schneiden Zubeh\u00f6r - Maxima SpA","isPartOf":{"@id":"https:\/\/www.maxima-dia.com\/de\/#website"},"datePublished":"2014-05-16T09:12:42+00:00","dateModified":"2023-04-12T07:32:51+00:00","description":"Schneiden Zubeh\u00f6r DOPPELTE FLANSCHSCHEIBEN, VERMINDERUNGEN F\u00dcR DIAMANTTRENNSCHEIBEN, ABSTANDSRINGE, DIAMANTSCH\u00c4RFSTEIN","breadcrumb":{"@id":"https:\/\/www.maxima-dia.com\/de\/schneiden-zubehor\/#breadcrumb"},"inLanguage":"de","potentialAction":[{"@type":"ReadAction","target":["https:\/\/www.maxima-dia.com\/de\/schneiden-zubehor\/"]}]},{"@type":"BreadcrumbList","@id":"https:\/\/www.maxima-dia.com\/de\/schneiden-zubehor\/#breadcrumb","itemListElement":[{"@type":"ListItem","position":1,"name":"Home","item":"https:\/\/www.maxima-dia.com\/de\/"},{"@type":"ListItem","position":2,"name":"Schneiden Zubeh\u00f6r"}]},{"@type":"WebSite","@id":"https:\/\/www.maxima-dia.com\/de\/#website","url":"https:\/\/www.maxima-dia.com\/de\/","name":"Maxima SpA","description":"Only for the real professionals","potentialAction":[{"@type":"SearchAction","target":{"@type":"EntryPoint","urlTemplate":"https:\/\/www.maxima-dia.com\/de\/?s={search_term_string}"},"query-input":{"@type":"PropertyValueSpecification","valueRequired":true,"valueName":"search_term_string"}}],"inLanguage":"de"}]}},"_links":{"self":[{"href":"https:\/\/www.maxima-dia.com\/de\/wp-json\/wp\/v2\/pages\/8434"}],"collection":[{"href":"https:\/\/www.maxima-dia.com\/de\/wp-json\/wp\/v2\/pages"}],"about":[{"href":"https:\/\/www.maxima-dia.com\/de\/wp-json\/wp\/v2\/types\/page"}],"author":[{"embeddable":true,"href":"https:\/\/www.maxima-dia.com\/de\/wp-json\/wp\/v2\/users\/29"}],"replies":[{"embeddable":true,"href":"https:\/\/www.maxima-dia.com\/de\/wp-json\/wp\/v2\/comments?post=8434"}],"version-history":[{"count":1,"href":"https:\/\/www.maxima-dia.com\/de\/wp-json\/wp\/v2\/pages\/8434\/revisions"}],"predecessor-version":[{"id":39837,"href":"https:\/\/www.maxima-dia.com\/de\/wp-json\/wp\/v2\/pages\/8434\/revisions\/39837"}],"wp:attachment":[{"href":"https:\/\/www.maxima-dia.com\/de\/wp-json\/wp\/v2\/media?parent=8434"}],"curies":[{"name":"wp","href":"https:\/\/api.w.org\/{rel}","templated":true}]}}