{"id":8451,"date":"2014-05-16T13:55:46","date_gmt":"2014-05-16T11:55:46","guid":{"rendered":"http:\/\/www.maxima-dia.com\/?post_type=products&#038;p=8451"},"modified":"2021-07-26T10:28:01","modified_gmt":"2021-07-26T08:28:01","slug":"diamantbohrkrone-laser-silber","status":"publish","type":"page","link":"https:\/\/www.maxima-dia.com\/de\/trockenes-kernbohren\/diamantbohrkrone-laser-silber\/","title":{"rendered":"Diamantbohrkrone Laser Silber"},"content":{"rendered":"<div class=\"wpb-content-wrapper\"><p>[vc_row][vc_column text_align=&#8220;center&#8220; width=&#8220;1\/4&#8243;][vc_column_text]<a href=\"\/wp-content\/uploads\/2017\/02\/foretto-argento-1.jpg\" rel=\"g1\"><img loading=\"lazy\" decoding=\"async\" class=\"alignnone wp-image-13736 size-thumbnail\" src=\"\/wp-content\/uploads\/2017\/02\/foretto-argento-1-150x150.jpg\" alt=\"FORETTO ARGENTO\" width=\"150\" height=\"150\" srcset=\"https:\/\/www.maxima-dia.com\/wp-content\/uploads\/2017\/02\/foretto-argento-1-150x150.jpg 150w, https:\/\/www.maxima-dia.com\/wp-content\/uploads\/2017\/02\/foretto-argento-1-300x300.jpg 300w, https:\/\/www.maxima-dia.com\/wp-content\/uploads\/2017\/02\/foretto-argento-1-768x768.jpg 768w, https:\/\/www.maxima-dia.com\/wp-content\/uploads\/2017\/02\/foretto-argento-1-1024x1024.jpg 1024w, https:\/\/www.maxima-dia.com\/wp-content\/uploads\/2017\/02\/foretto-argento-1-80x80.jpg 80w, https:\/\/www.maxima-dia.com\/wp-content\/uploads\/2017\/02\/foretto-argento-1-500x500.jpg 500w, https:\/\/www.maxima-dia.com\/wp-content\/uploads\/2017\/02\/foretto-argento-1-1000x1000.jpg 1000w, https:\/\/www.maxima-dia.com\/wp-content\/uploads\/2017\/02\/foretto-argento-1.jpg 1200w\" sizes=\"(max-width: 150px) 100vw, 150px\" \/><\/a><\/p>\n<p><a href=\"\/wp-content\/uploads\/2017\/02\/foretto-argento-2.jpg\" rel=\"g1\"><img loading=\"lazy\" decoding=\"async\" class=\"alignnone wp-image-13737 size-thumbnail\" src=\"\/wp-content\/uploads\/2017\/02\/foretto-argento-2-150x150.jpg\" alt=\"FORETTO ARGENTO\" width=\"150\" height=\"150\" srcset=\"https:\/\/www.maxima-dia.com\/wp-content\/uploads\/2017\/02\/foretto-argento-2-150x150.jpg 150w, https:\/\/www.maxima-dia.com\/wp-content\/uploads\/2017\/02\/foretto-argento-2-300x300.jpg 300w, https:\/\/www.maxima-dia.com\/wp-content\/uploads\/2017\/02\/foretto-argento-2-768x768.jpg 768w, https:\/\/www.maxima-dia.com\/wp-content\/uploads\/2017\/02\/foretto-argento-2-1024x1024.jpg 1024w, https:\/\/www.maxima-dia.com\/wp-content\/uploads\/2017\/02\/foretto-argento-2-80x80.jpg 80w, https:\/\/www.maxima-dia.com\/wp-content\/uploads\/2017\/02\/foretto-argento-2-500x500.jpg 500w, https:\/\/www.maxima-dia.com\/wp-content\/uploads\/2017\/02\/foretto-argento-2-1000x1000.jpg 1000w, https:\/\/www.maxima-dia.com\/wp-content\/uploads\/2017\/02\/foretto-argento-2.jpg 1200w\" sizes=\"(max-width: 150px) 100vw, 150px\" \/><\/a>[\/vc_column_text][vc_column_text css_animation=&#8220;slideInDown&#8220; el_class=&#8220;hidebuybutton&#8220;]<a href=\"https:\/\/www.storemaxima.com\/de\/trockenes-diamantbohrkrone-kernbohrung\/74-silver-core-bit.html\" target=\"_blank\" rel=\"noopener\"><img loading=\"lazy\" decoding=\"async\" class=\"alignnone\" title=\"Kaufen Auf www.storemaxima.com\" src=\"https:\/\/www.maxima-dia.com\/wp-content\/uploads\/2019\/12\/pulsante-acquista-storemaxima.com-de.svg\" alt=\"Kaufen Auf www.storemaxima.com\" width=\"180\" height=\"80\"><\/a>[\/vc_column_text][\/vc_column][vc_column width=&#8220;3\/4&#8243;][vc_column_text]Die Diamantbohrkrone <strong>Laser Silber<\/strong> wurde aufgrund der Notwendigkeit entwickelt ein qualitativ mit der Diamantbohrkrone <a href=\"https:\/\/www.maxima-dia.com\/de\/trockenes-kernbohren\/gold-laser-spiral-core-bit\/\"><strong>Laser Gold Spiral<sup>\u00ae<\/sup><\/strong><\/a> vergleichbares Produkt zu einem attraktiveren Preis herzustellen, die sich somit ideal fu\u0308r den gelegentlichen Gebrauch eignet. Die chemische Zusammensetzung der Diamantsegmente ist dieselbe, d.h. auch die Diamantbohrkrone Laser Silber kann fu\u0308r trockene Kernbohrungen von Stahlbeton eingesetzt werden. Ihr Design ist allerdings einfacher und sie werden mit einem Laser auf den perfekt zylinderf\u00f6rmigen K\u00f6rper aufgeschwei\u00dft. <strong>L\u00e4nge der Diamantbohrkrone 150 mm.<\/strong><\/p>\n<table class=\"tabellatecnica\" style=\"width: 80%;\" border=\"0\" cellspacing=\"0\" cellpadding=\"0\">\n<thead>\n<tr>\n<td class=\"testata\" colspan=\"2\">TECHNISCHE TABELLE<\/td>\n<\/tr>\n<\/thead>\n<tbody>\n<tr>\n<td class=\"prima\">Ausgeh\u00e4rteter Zement \/ Ziegel \/ Dachpfannen<\/td>\n<td class=\"seconda\"><b class=\"txtred\">\u2605<\/b><b class=\"txtred\">\u2605<\/b><b class=\"txtred\">\u2605<\/b><b class=\"txtred\">\u2605<\/b><b class=\"txtred\">\u2605<\/b><\/td>\n<\/tr>\n<tr>\n<td class=\"prima\">Schwach bewehrter Beton<\/td>\n<td class=\"seconda\"><b class=\"txtred\">\u2605<\/b><b class=\"txtred\">\u2605<\/b><b class=\"txtred\">\u2605<\/b><\/td>\n<\/tr>\n<tr>\n<td class=\"prima\">Stark bewehrter Beton<\/td>\n<td class=\"seconda\"><b class=\"txtred\">\u2605<\/b><b class=\"txtred\">\u2605<\/b><b class=\"txtred\">\u2605<\/b><\/td>\n<\/tr>\n<tr>\n<td class=\"prima\">Granit \/ Naturstein \/ Porphyr<\/td>\n<td class=\"seconda\"><b class=\"txtred\">\u2605<\/b><b class=\"txtred\">\u2605<\/b><\/td>\n<\/tr>\n<tr>\n<td class=\"prima\">Marmor<\/td>\n<td class=\"seconda\">&nbsp;<\/td>\n<\/tr>\n<tr>\n<td class=\"prima\">Schamotte<\/td>\n<td class=\"seconda\"><b class=\"txtred\">\u2605<\/b><b class=\"txtred\">\u2605<\/b><\/td>\n<\/tr>\n<tr>\n<td class=\"prima\">Sandstein \/ Waschbetonplatten<\/td>\n<td class=\"seconda\"><b class=\"txtred\">\u2605<\/b><b class=\"txtred\">\u2605<\/b><\/td>\n<\/tr>\n<tr>\n<td class=\"prima\">Keramikfliesen (Zweibrandverfahren)<\/td>\n<td class=\"seconda\"><b class=\"txtred\">\u2605<\/b><\/td>\n<\/tr>\n<tr>\n<td class=\"prima\">Keramikfliesen (Einbrandverfahren)<\/td>\n<td class=\"seconda\"><b class=\"txtred\">\u2605<\/b><\/td>\n<\/tr>\n<tr>\n<td class=\"prima\">Feinsteinzeug \/ Klinker<\/td>\n<td class=\"seconda\">&nbsp;<\/td>\n<\/tr>\n<tr>\n<td class=\"prima\">Frischer Zement<\/td>\n<td class=\"seconda\"><b class=\"txtred\">\u2605<\/b><\/td>\n<\/tr>\n<tr>\n<td class=\"prima\">Asphalt<\/td>\n<td class=\"seconda\"><b class=\"txtred\">\u2605<\/b><\/td>\n<\/tr>\n<tr>\n<td class=\"intervallo\" colspan=\"2\">&nbsp;<\/td>\n<\/tr>\n<tr>\n<td class=\"prima\">Schnittgeschwindigkeit<\/td>\n<td class=\"seconda\"><b class=\"txtred\">\u2605<\/b><b class=\"txtred\">\u2605<\/b><b class=\"txtred\">\u2605<\/b><b class=\"txtred\">\u2605<\/b><\/td>\n<\/tr>\n<tr>\n<td class=\"prima\">Mittlere Standfestigkeit<\/td>\n<td class=\"seconda\"><b class=\"txtred\">\u2605<\/b><b class=\"txtred\">\u2605<\/b><b class=\"txtred\">\u2605<\/b><\/td>\n<\/tr>\n<tr>\n<td class=\"legenda\" colspan=\"2\"><strong>ausreichend<\/strong><b class=\"txtred\">\u2605<\/b>&nbsp;&nbsp;&nbsp;&nbsp;&nbsp;<strong>mittel<\/strong><b class=\"txtred\">\u2605<\/b><b class=\"txtred\">\u2605<\/b>&nbsp;&nbsp;&nbsp;&nbsp;&nbsp;<strong>gut<\/strong><b class=\"txtred\">\u2605<\/b><b class=\"txtred\">\u2605<\/b><b class=\"txtred\">\u2605<\/b>&nbsp;&nbsp;&nbsp;&nbsp;&nbsp;<strong>optimal<\/strong><b class=\"txtred\">\u2605<\/b><b class=\"txtred\">\u2605<\/b><b class=\"txtred\">\u2605<\/b><b class=\"txtred\">\u2605<\/b>&nbsp;&nbsp;&nbsp;&nbsp;&nbsp;<strong>super<\/strong>&nbsp;<b class=\"txtred\">\u2605<\/b><b class=\"txtred\">\u2605<\/b><b class=\"txtred\">\u2605<\/b><b class=\"txtred\">\u2605<\/b><b class=\"txtred\">\u2605<\/b><\/td>\n<\/tr>\n<\/tbody>\n<\/table>\n<p>&nbsp;<\/p>\n<table class=\"tabellatecnica\" style=\"width: 80%;\" border=\"0\" cellspacing=\"0\" cellpadding=\"0\">\n<thead>\n<tr>\n<td class=\"testata\">MIT FOLGENDEN MASCHINEN VERWENDBAR<\/td>\n<\/tr>\n<\/thead>\n<tbody>\n<tr>\n<td><img loading=\"lazy\" decoding=\"async\" class=\"alignleft\" src=\"\/wp-content\/uploads\/2013\/11\/s-m1.png\" alt=\"s-m1\" width=\"107\" height=\"30\">32-37-42-52-57-62-68-72-82-92-102-107<br \/>\n112-122-127-132-142-152-162-182-205<\/td>\n<\/tr>\n<\/tbody>\n<\/table>\n<p>&nbsp;<\/p>\n<div id=\"gtx-trans\" style=\"position: absolute; left: 848px; top: 113.328px;\">\n<div class=\"gtx-trans-icon\">&nbsp;<\/div>\n<\/div>\n<p>[\/vc_column_text][\/vc_column][\/vc_row]<\/p>\n<\/div>","protected":false},"excerpt":{"rendered":"<p>[vc_row][vc_column text_align=&#8220;center&#8220; width=&#8220;1\/4&#8243;][vc_column_text] [\/vc_column_text][vc_column_text css_animation=&#8220;slideInDown&#8220; el_class=&#8220;hidebuybutton&#8220;][\/vc_column_text][\/vc_column][vc_column width=&#8220;3\/4&#8243;][vc_column_text]Die Diamantbohrkrone Laser Silber wurde aufgrund der Notwendigkeit entwickelt ein qualitativ mit der Diamantbohrkrone Laser Gold Spiral\u00ae vergleichbares Produkt zu einem attraktiveren Preis herzustellen, die sich somit ideal fu\u0308r den gelegentlichen Gebrauch eignet. Die chemische Zusammensetzung der Diamantsegmente ist dieselbe, d.h. auch die Diamantbohrkrone Laser Silber kann fu\u0308r trockene Kernbohrungen von Stahlbeton eingesetzt werden. Ihr Design ist allerdings einfacher und sie werden mit einem Laser auf den perfekt zylinderf\u00f6rmigen K\u00f6rper aufgeschwei\u00dft. L\u00e4nge der Diamantbohrkrone 150 mm. TECHNISCHE TABELLE Ausgeh\u00e4rteter Zement \/ Ziegel \/ Dachpfannen \u2605\u2605\u2605\u2605\u2605 Schwach bewehrter Beton \u2605\u2605\u2605 Stark bewehrter Beton \u2605\u2605\u2605 Granit \/ Naturstein \/ Porphyr \u2605\u2605 Marmor &nbsp; Schamotte \u2605\u2605 Sandstein \/ Waschbetonplatten \u2605\u2605 Keramikfliesen (Zweibrandverfahren) \u2605 Keramikfliesen (Einbrandverfahren) \u2605 Feinsteinzeug \/ Klinker &nbsp; Frischer Zement \u2605 Asphalt \u2605 &nbsp; Schnittgeschwindigkeit \u2605\u2605\u2605\u2605 Mittlere Standfestigkeit \u2605\u2605\u2605 ausreichend\u2605&nbsp;&nbsp;&nbsp;&nbsp;&nbsp;mittel\u2605\u2605&nbsp;&nbsp;&nbsp;&nbsp;&nbsp;gut\u2605\u2605\u2605&nbsp;&nbsp;&nbsp;&nbsp;&nbsp;optimal\u2605\u2605\u2605\u2605&nbsp;&nbsp;&nbsp;&nbsp;&nbsp;super&nbsp;\u2605\u2605\u2605\u2605\u2605 &nbsp; MIT FOLGENDEN MASCHINEN VERWENDBAR 32-37-42-52-57-62-68-72-82-92-102-107 112-122-127-132-142-152-162-182-205 &nbsp; &nbsp; [\/vc_column_text][\/vc_column][\/vc_row]<\/p>\n","protected":false},"author":29,"featured_media":13736,"parent":12425,"menu_order":5,"comment_status":"closed","ping_status":"closed","template":"","meta":{"ngg_post_thumbnail":0,"_joinchat":[],"footnotes":""},"class_list":["post-8451","page","type-page","status-publish","has-post-thumbnail","hentry"],"yoast_head":"<!-- This site is optimized with the Yoast SEO plugin v25.5 - https:\/\/yoast.com\/wordpress\/plugins\/seo\/ -->\n<title>Diamantbohrkrone Laser Silber - Maxima SpA<\/title>\n<meta name=\"description\" content=\"Die Diamantbohrkrone Laser Silber wurde aus der Notwendigkeit geboren, ein Produkt mit identischen qualitativen Merkmalen wie die Diamantbohrkrone Gold Spiral zu besitzen\" \/>\n<meta name=\"robots\" content=\"index, follow, max-snippet:-1, max-image-preview:large, max-video-preview:-1\" \/>\n<link rel=\"canonical\" href=\"https:\/\/www.maxima-dia.com\/de\/trockenes-kernbohren\/diamantbohrkrone-laser-silber\/\" \/>\n<meta property=\"og:locale\" content=\"de_DE\" \/>\n<meta property=\"og:type\" content=\"article\" \/>\n<meta property=\"og:title\" content=\"Diamantbohrkrone Laser Silber - Maxima SpA\" \/>\n<meta property=\"og:description\" content=\"Die Diamantbohrkrone Laser Silber wurde aus der Notwendigkeit geboren, ein Produkt mit identischen qualitativen Merkmalen wie die Diamantbohrkrone Gold Spiral zu besitzen\" \/>\n<meta property=\"og:url\" content=\"https:\/\/www.maxima-dia.com\/de\/trockenes-kernbohren\/diamantbohrkrone-laser-silber\/\" \/>\n<meta property=\"og:site_name\" content=\"Maxima SpA\" \/>\n<meta property=\"article:publisher\" content=\"https:\/\/www.facebook.com\/Maxima-spa-106098566139597\" \/>\n<meta property=\"article:modified_time\" content=\"2021-07-26T08:28:01+00:00\" \/>\n<meta property=\"og:image\" content=\"https:\/\/www.maxima-dia.com\/wp-content\/uploads\/2017\/02\/foretto-argento-1.jpg\" \/>\n\t<meta property=\"og:image:width\" content=\"1200\" \/>\n\t<meta property=\"og:image:height\" content=\"1200\" \/>\n\t<meta property=\"og:image:type\" content=\"image\/jpeg\" \/>\n<meta name=\"twitter:card\" content=\"summary_large_image\" \/>\n<meta name=\"twitter:site\" content=\"@Maximadia\" \/>\n<meta name=\"twitter:label1\" content=\"Gesch\u00e4tzte Lesezeit\" \/>\n\t<meta name=\"twitter:data1\" content=\"11\u00a0Minuten\" \/>\n<script type=\"application\/ld+json\" class=\"yoast-schema-graph\">{\"@context\":\"https:\/\/schema.org\",\"@graph\":[{\"@type\":\"WebPage\",\"@id\":\"https:\/\/www.maxima-dia.com\/de\/trockenes-kernbohren\/diamantbohrkrone-laser-silber\/\",\"url\":\"https:\/\/www.maxima-dia.com\/de\/trockenes-kernbohren\/diamantbohrkrone-laser-silber\/\",\"name\":\"Diamantbohrkrone Laser Silber - Maxima SpA\",\"isPartOf\":{\"@id\":\"https:\/\/www.maxima-dia.com\/de\/#website\"},\"primaryImageOfPage\":{\"@id\":\"https:\/\/www.maxima-dia.com\/de\/trockenes-kernbohren\/diamantbohrkrone-laser-silber\/#primaryimage\"},\"image\":{\"@id\":\"https:\/\/www.maxima-dia.com\/de\/trockenes-kernbohren\/diamantbohrkrone-laser-silber\/#primaryimage\"},\"thumbnailUrl\":\"https:\/\/www.maxima-dia.com\/wp-content\/uploads\/2017\/02\/foretto-argento-1.jpg\",\"datePublished\":\"2014-05-16T11:55:46+00:00\",\"dateModified\":\"2021-07-26T08:28:01+00:00\",\"description\":\"Die Diamantbohrkrone Laser Silber wurde aus der Notwendigkeit geboren, ein Produkt mit identischen qualitativen Merkmalen wie die Diamantbohrkrone Gold Spiral zu besitzen\",\"breadcrumb\":{\"@id\":\"https:\/\/www.maxima-dia.com\/de\/trockenes-kernbohren\/diamantbohrkrone-laser-silber\/#breadcrumb\"},\"inLanguage\":\"de\",\"potentialAction\":[{\"@type\":\"ReadAction\",\"target\":[\"https:\/\/www.maxima-dia.com\/de\/trockenes-kernbohren\/diamantbohrkrone-laser-silber\/\"]}]},{\"@type\":\"ImageObject\",\"inLanguage\":\"de\",\"@id\":\"https:\/\/www.maxima-dia.com\/de\/trockenes-kernbohren\/diamantbohrkrone-laser-silber\/#primaryimage\",\"url\":\"https:\/\/www.maxima-dia.com\/wp-content\/uploads\/2017\/02\/foretto-argento-1.jpg\",\"contentUrl\":\"https:\/\/www.maxima-dia.com\/wp-content\/uploads\/2017\/02\/foretto-argento-1.jpg\",\"width\":1200,\"height\":1200,\"caption\":\"FORETTO ARGENTO\"},{\"@type\":\"BreadcrumbList\",\"@id\":\"https:\/\/www.maxima-dia.com\/de\/trockenes-kernbohren\/diamantbohrkrone-laser-silber\/#breadcrumb\",\"itemListElement\":[{\"@type\":\"ListItem\",\"position\":1,\"name\":\"Home\",\"item\":\"https:\/\/www.maxima-dia.com\/de\/\"},{\"@type\":\"ListItem\",\"position\":2,\"name\":\"Trockenes Kernbohren\",\"item\":\"https:\/\/www.maxima-dia.com\/de\/trockenes-kernbohren\/\"},{\"@type\":\"ListItem\",\"position\":3,\"name\":\"Diamantbohrkrone Laser Silber\"}]},{\"@type\":\"WebSite\",\"@id\":\"https:\/\/www.maxima-dia.com\/de\/#website\",\"url\":\"https:\/\/www.maxima-dia.com\/de\/\",\"name\":\"Maxima SpA\",\"description\":\"Only for the real professionals\",\"potentialAction\":[{\"@type\":\"SearchAction\",\"target\":{\"@type\":\"EntryPoint\",\"urlTemplate\":\"https:\/\/www.maxima-dia.com\/de\/?s={search_term_string}\"},\"query-input\":{\"@type\":\"PropertyValueSpecification\",\"valueRequired\":true,\"valueName\":\"search_term_string\"}}],\"inLanguage\":\"de\"}]}<\/script>\n<!-- \/ Yoast SEO plugin. -->","yoast_head_json":{"title":"Diamantbohrkrone Laser Silber - Maxima SpA","description":"Die Diamantbohrkrone Laser Silber wurde aus der Notwendigkeit geboren, ein Produkt mit identischen qualitativen Merkmalen wie die Diamantbohrkrone Gold Spiral zu besitzen","robots":{"index":"index","follow":"follow","max-snippet":"max-snippet:-1","max-image-preview":"max-image-preview:large","max-video-preview":"max-video-preview:-1"},"canonical":"https:\/\/www.maxima-dia.com\/de\/trockenes-kernbohren\/diamantbohrkrone-laser-silber\/","og_locale":"de_DE","og_type":"article","og_title":"Diamantbohrkrone Laser Silber - Maxima SpA","og_description":"Die Diamantbohrkrone Laser Silber wurde aus der Notwendigkeit geboren, ein Produkt mit identischen qualitativen Merkmalen wie die Diamantbohrkrone Gold Spiral zu besitzen","og_url":"https:\/\/www.maxima-dia.com\/de\/trockenes-kernbohren\/diamantbohrkrone-laser-silber\/","og_site_name":"Maxima SpA","article_publisher":"https:\/\/www.facebook.com\/Maxima-spa-106098566139597","article_modified_time":"2021-07-26T08:28:01+00:00","og_image":[{"width":1200,"height":1200,"url":"https:\/\/www.maxima-dia.com\/wp-content\/uploads\/2017\/02\/foretto-argento-1.jpg","type":"image\/jpeg"}],"twitter_card":"summary_large_image","twitter_site":"@Maximadia","twitter_misc":{"Gesch\u00e4tzte Lesezeit":"11\u00a0Minuten"},"schema":{"@context":"https:\/\/schema.org","@graph":[{"@type":"WebPage","@id":"https:\/\/www.maxima-dia.com\/de\/trockenes-kernbohren\/diamantbohrkrone-laser-silber\/","url":"https:\/\/www.maxima-dia.com\/de\/trockenes-kernbohren\/diamantbohrkrone-laser-silber\/","name":"Diamantbohrkrone Laser Silber - Maxima SpA","isPartOf":{"@id":"https:\/\/www.maxima-dia.com\/de\/#website"},"primaryImageOfPage":{"@id":"https:\/\/www.maxima-dia.com\/de\/trockenes-kernbohren\/diamantbohrkrone-laser-silber\/#primaryimage"},"image":{"@id":"https:\/\/www.maxima-dia.com\/de\/trockenes-kernbohren\/diamantbohrkrone-laser-silber\/#primaryimage"},"thumbnailUrl":"https:\/\/www.maxima-dia.com\/wp-content\/uploads\/2017\/02\/foretto-argento-1.jpg","datePublished":"2014-05-16T11:55:46+00:00","dateModified":"2021-07-26T08:28:01+00:00","description":"Die Diamantbohrkrone Laser Silber wurde aus der Notwendigkeit geboren, ein Produkt mit identischen qualitativen Merkmalen wie die Diamantbohrkrone Gold Spiral zu besitzen","breadcrumb":{"@id":"https:\/\/www.maxima-dia.com\/de\/trockenes-kernbohren\/diamantbohrkrone-laser-silber\/#breadcrumb"},"inLanguage":"de","potentialAction":[{"@type":"ReadAction","target":["https:\/\/www.maxima-dia.com\/de\/trockenes-kernbohren\/diamantbohrkrone-laser-silber\/"]}]},{"@type":"ImageObject","inLanguage":"de","@id":"https:\/\/www.maxima-dia.com\/de\/trockenes-kernbohren\/diamantbohrkrone-laser-silber\/#primaryimage","url":"https:\/\/www.maxima-dia.com\/wp-content\/uploads\/2017\/02\/foretto-argento-1.jpg","contentUrl":"https:\/\/www.maxima-dia.com\/wp-content\/uploads\/2017\/02\/foretto-argento-1.jpg","width":1200,"height":1200,"caption":"FORETTO ARGENTO"},{"@type":"BreadcrumbList","@id":"https:\/\/www.maxima-dia.com\/de\/trockenes-kernbohren\/diamantbohrkrone-laser-silber\/#breadcrumb","itemListElement":[{"@type":"ListItem","position":1,"name":"Home","item":"https:\/\/www.maxima-dia.com\/de\/"},{"@type":"ListItem","position":2,"name":"Trockenes Kernbohren","item":"https:\/\/www.maxima-dia.com\/de\/trockenes-kernbohren\/"},{"@type":"ListItem","position":3,"name":"Diamantbohrkrone Laser Silber"}]},{"@type":"WebSite","@id":"https:\/\/www.maxima-dia.com\/de\/#website","url":"https:\/\/www.maxima-dia.com\/de\/","name":"Maxima SpA","description":"Only for the real professionals","potentialAction":[{"@type":"SearchAction","target":{"@type":"EntryPoint","urlTemplate":"https:\/\/www.maxima-dia.com\/de\/?s={search_term_string}"},"query-input":{"@type":"PropertyValueSpecification","valueRequired":true,"valueName":"search_term_string"}}],"inLanguage":"de"}]}},"_links":{"self":[{"href":"https:\/\/www.maxima-dia.com\/de\/wp-json\/wp\/v2\/pages\/8451"}],"collection":[{"href":"https:\/\/www.maxima-dia.com\/de\/wp-json\/wp\/v2\/pages"}],"about":[{"href":"https:\/\/www.maxima-dia.com\/de\/wp-json\/wp\/v2\/types\/page"}],"author":[{"embeddable":true,"href":"https:\/\/www.maxima-dia.com\/de\/wp-json\/wp\/v2\/users\/29"}],"replies":[{"embeddable":true,"href":"https:\/\/www.maxima-dia.com\/de\/wp-json\/wp\/v2\/comments?post=8451"}],"version-history":[{"count":0,"href":"https:\/\/www.maxima-dia.com\/de\/wp-json\/wp\/v2\/pages\/8451\/revisions"}],"up":[{"embeddable":true,"href":"https:\/\/www.maxima-dia.com\/de\/wp-json\/wp\/v2\/pages\/12425"}],"wp:featuredmedia":[{"embeddable":true,"href":"https:\/\/www.maxima-dia.com\/de\/wp-json\/wp\/v2\/media\/13736"}],"wp:attachment":[{"href":"https:\/\/www.maxima-dia.com\/de\/wp-json\/wp\/v2\/media?parent=8451"}],"curies":[{"name":"wp","href":"https:\/\/api.w.org\/{rel}","templated":true}]}}