{"id":8503,"date":"2014-05-16T17:49:43","date_gmt":"2014-05-16T15:49:43","guid":{"rendered":"http:\/\/www.maxima-dia.com\/?post_type=products&#038;p=8503"},"modified":"2021-07-28T12:13:34","modified_gmt":"2021-07-28T10:13:34","slug":"diamantbohrkronen-continuous-drilling","status":"publish","type":"page","link":"https:\/\/www.maxima-dia.com\/de\/kernbohren-mit-wasserkuehlung\/diamantbohrkronen-continuous-drilling\/","title":{"rendered":"Continuous Drilling"},"content":{"rendered":"<div class=\"wpb-content-wrapper\"><p>[vc_row][vc_column text_align=&#8220;center&#8220; width=&#8220;1\/4&#8243;][vc_column_text]<\/p>\n<p style=\"text-align: justify;\"><a href=\"\/wp-content\/uploads\/2017\/02\/carotaggio-continuo.jpg\"><img loading=\"lazy\" decoding=\"async\" class=\"alignnone size-thumbnail wp-image-13734\" src=\"\/wp-content\/uploads\/2017\/02\/carotaggio-continuo-150x150.jpg\" alt=\"CAROTAGGIO CONTINUO\" width=\"150\" height=\"150\" srcset=\"https:\/\/www.maxima-dia.com\/wp-content\/uploads\/2017\/02\/carotaggio-continuo-150x150.jpg 150w, https:\/\/www.maxima-dia.com\/wp-content\/uploads\/2017\/02\/carotaggio-continuo-300x300.jpg 300w, https:\/\/www.maxima-dia.com\/wp-content\/uploads\/2017\/02\/carotaggio-continuo-768x768.jpg 768w, https:\/\/www.maxima-dia.com\/wp-content\/uploads\/2017\/02\/carotaggio-continuo-1024x1024.jpg 1024w, https:\/\/www.maxima-dia.com\/wp-content\/uploads\/2017\/02\/carotaggio-continuo-80x80.jpg 80w, https:\/\/www.maxima-dia.com\/wp-content\/uploads\/2017\/02\/carotaggio-continuo-500x500.jpg 500w, https:\/\/www.maxima-dia.com\/wp-content\/uploads\/2017\/02\/carotaggio-continuo-1000x1000.jpg 1000w, https:\/\/www.maxima-dia.com\/wp-content\/uploads\/2017\/02\/carotaggio-continuo.jpg 1200w\" sizes=\"(max-width: 150px) 100vw, 150px\" \/><\/a><\/p>\n<p>[\/vc_column_text][vc_column_text css_animation=&#8220;slideInDown&#8220; el_class=&#8220;hidebuybutton&#8220;]<a href=\"https:\/\/www.storemaxima.com\/de\/module\/iqitsearch\/searchiqit?s=BOHRKRONEN\" target=\"_blank\" rel=\"noopener\"><img loading=\"lazy\" decoding=\"async\" class=\"alignnone\" title=\"Kaufen Auf www.storemaxima.com\" src=\"https:\/\/www.maxima-dia.com\/wp-content\/uploads\/2019\/12\/pulsante-acquista-storemaxima.com-de.svg\" alt=\"Kaufen Auf www.storemaxima.com\" width=\"180\" height=\"80\"><\/a>[\/vc_column_text][\/vc_column][vc_column width=&#8220;3\/4&#8243;][vc_column_text]<\/p>\n<p style=\"text-align: justify;\">Diese Serie Diamantbohrkronen eignet sich ideal fu\u0308r gradlinige Bohrungen mit einer L\u00e4nge von mehr als 2 Laufmetern. Da es nicht m\u00f6glich ist den Mauerkern wie bei traditionellen Bohrungen aus der Mauer zu entfernen, erm\u00f6glicht dieses System die Durchfu\u0308hrung der Bohrung, indem schrittweise Verl\u00e4ngerungen aufeinander geschraubt werden wobei der Bohrkern bis zum erreichen der gewu\u0308nschten Bohrtiefe im Inneren verbleibt. Das System wird auf Wunsch auch mit Kernextraktions- und Stabilisierungsvorrichtungen geliefert um zu vermeiden, dass der Bohrkern w\u00e4hrend der Bohrung seine Richtung \u00e4ndert. Da es sich um eine technisch anspruchsvolle Bohrung handelt sollte vorher eine Beratung bei einem Techniker von Maxima erfolgen, der wichtige Hinweise und technischen Rat geben kann um die Arbeit fachgerecht durchzufu\u0308hren. Im Falle ungew\u00f6hnlicher Anwendungen ist der Techniker auch fu\u0308r Inspektionen auf der Baustelle verfu\u0308gbar. Das Ger\u00e4t ist in drei Varianten verfu\u0308gbar: Impr\u00e4gnierte, gefasste und polikristalline Bohrkronen k\u00f6nnen fu\u0308r Bohrungen mit Wasserku\u0308hlung oder mit Druckluft bestellt werden.<\/p>\n<table class=\"tabellatecnica\" style=\"width: 80%;\" border=\"0\" cellspacing=\"0\" cellpadding=\"0\">\n<thead>\n<tr>\n<td class=\"testata\">MIT FOLGENDEN MASCHINEN VERWENDBAR<\/td>\n<\/tr>\n<\/thead>\n<tbody>\n<tr>\n<td><img loading=\"lazy\" decoding=\"async\" class=\"alignleft\" src=\"\/wp-content\/uploads\/2013\/11\/s-m3.png\" alt=\"s-m3\" width=\"60\" height=\"60\">20-25-30-35-40-45-50-64-72-82<\/td>\n<\/tr>\n<\/tbody>\n<\/table>\n<p>&nbsp;[\/vc_column_text][\/vc_column][\/vc_row]<\/p>\n<\/div>","protected":false},"excerpt":{"rendered":"<p>[vc_row][vc_column text_align=&#8220;center&#8220; width=&#8220;1\/4&#8243;][vc_column_text] [\/vc_column_text][vc_column_text css_animation=&#8220;slideInDown&#8220; el_class=&#8220;hidebuybutton&#8220;][\/vc_column_text][\/vc_column][vc_column width=&#8220;3\/4&#8243;][vc_column_text] Diese Serie Diamantbohrkronen eignet sich ideal fu\u0308r gradlinige Bohrungen mit einer L\u00e4nge von mehr als 2 Laufmetern. Da es nicht m\u00f6glich ist den Mauerkern wie bei traditionellen Bohrungen aus der Mauer zu entfernen, erm\u00f6glicht dieses System die Durchfu\u0308hrung der Bohrung, indem schrittweise Verl\u00e4ngerungen aufeinander geschraubt werden wobei der Bohrkern bis zum erreichen der gewu\u0308nschten Bohrtiefe im Inneren verbleibt. Das System wird auf Wunsch auch mit Kernextraktions- und Stabilisierungsvorrichtungen geliefert um zu vermeiden, dass der Bohrkern w\u00e4hrend der Bohrung seine Richtung \u00e4ndert. Da es sich um eine technisch anspruchsvolle Bohrung handelt sollte vorher eine Beratung bei einem Techniker von Maxima erfolgen, der wichtige Hinweise und technischen Rat geben kann um die Arbeit fachgerecht durchzufu\u0308hren. Im Falle ungew\u00f6hnlicher Anwendungen ist der Techniker auch fu\u0308r Inspektionen auf der Baustelle verfu\u0308gbar. Das Ger\u00e4t ist in drei Varianten verfu\u0308gbar: Impr\u00e4gnierte, gefasste und polikristalline Bohrkronen k\u00f6nnen fu\u0308r Bohrungen mit Wasserku\u0308hlung oder mit Druckluft bestellt werden. MIT FOLGENDEN MASCHINEN VERWENDBAR 20-25-30-35-40-45-50-64-72-82 &nbsp;[\/vc_column_text][\/vc_column][\/vc_row]<\/p>\n","protected":false},"author":29,"featured_media":24789,"parent":12456,"menu_order":7,"comment_status":"closed","ping_status":"closed","template":"","meta":{"ngg_post_thumbnail":0,"_joinchat":[],"footnotes":""},"class_list":["post-8503","page","type-page","status-publish","has-post-thumbnail","hentry"],"yoast_head":"<!-- This site is optimized with the Yoast SEO plugin v25.5 - https:\/\/yoast.com\/wordpress\/plugins\/seo\/ -->\n<title>Continuous Drilling - Maxima SpA<\/title>\n<meta name=\"robots\" content=\"index, follow, max-snippet:-1, max-image-preview:large, max-video-preview:-1\" \/>\n<link rel=\"canonical\" href=\"https:\/\/www.maxima-dia.com\/de\/kernbohren-mit-wasserkuehlung\/diamantbohrkronen-continuous-drilling\/\" \/>\n<meta property=\"og:locale\" content=\"de_DE\" \/>\n<meta property=\"og:type\" content=\"article\" \/>\n<meta property=\"og:title\" content=\"Continuous Drilling - Maxima SpA\" \/>\n<meta property=\"og:description\" content=\"[vc_row][vc_column text_align=&#8220;center&#8220; width=&#8220;1\/4&#8243;][vc_column_text] [\/vc_column_text][vc_column_text css_animation=&#8220;slideInDown&#8220; el_class=&#8220;hidebuybutton&#8220;][\/vc_column_text][\/vc_column][vc_column width=&#8220;3\/4&#8243;][vc_column_text] Diese Serie Diamantbohrkronen eignet sich ideal fu\u0308r gradlinige Bohrungen mit einer L\u00e4nge von mehr als 2 Laufmetern. Da es nicht m\u00f6glich ist den Mauerkern wie bei traditionellen Bohrungen aus der Mauer zu entfernen, erm\u00f6glicht dieses System die Durchfu\u0308hrung der Bohrung, indem schrittweise Verl\u00e4ngerungen aufeinander geschraubt werden wobei der Bohrkern bis zum erreichen der gewu\u0308nschten Bohrtiefe im Inneren verbleibt. Das System wird auf Wunsch auch mit Kernextraktions- und Stabilisierungsvorrichtungen geliefert um zu vermeiden, dass der Bohrkern w\u00e4hrend der Bohrung seine Richtung \u00e4ndert. Da es sich um eine technisch anspruchsvolle Bohrung handelt sollte vorher eine Beratung bei einem Techniker von Maxima erfolgen, der wichtige Hinweise und technischen Rat geben kann um die Arbeit fachgerecht durchzufu\u0308hren. Im Falle ungew\u00f6hnlicher Anwendungen ist der Techniker auch fu\u0308r Inspektionen auf der Baustelle verfu\u0308gbar. Das Ger\u00e4t ist in drei Varianten verfu\u0308gbar: Impr\u00e4gnierte, gefasste und polikristalline Bohrkronen k\u00f6nnen fu\u0308r Bohrungen mit Wasserku\u0308hlung oder mit Druckluft bestellt werden. MIT FOLGENDEN MASCHINEN VERWENDBAR 20-25-30-35-40-45-50-64-72-82 &nbsp;[\/vc_column_text][\/vc_column][\/vc_row]\" \/>\n<meta property=\"og:url\" content=\"https:\/\/www.maxima-dia.com\/de\/kernbohren-mit-wasserkuehlung\/diamantbohrkronen-continuous-drilling\/\" \/>\n<meta property=\"og:site_name\" content=\"Maxima SpA\" \/>\n<meta property=\"article:publisher\" content=\"https:\/\/www.facebook.com\/Maxima-spa-106098566139597\" \/>\n<meta property=\"article:modified_time\" content=\"2021-07-28T10:13:34+00:00\" \/>\n<meta property=\"og:image\" content=\"https:\/\/www.maxima-dia.com\/wp-content\/uploads\/2017\/02\/carotaggio-continuo.jpg\" \/>\n\t<meta property=\"og:image:width\" content=\"1200\" \/>\n\t<meta property=\"og:image:height\" content=\"1200\" \/>\n\t<meta property=\"og:image:type\" content=\"image\/jpeg\" \/>\n<meta name=\"twitter:card\" content=\"summary_large_image\" \/>\n<meta name=\"twitter:site\" content=\"@Maximadia\" \/>\n<meta name=\"twitter:label1\" content=\"Gesch\u00e4tzte Lesezeit\" \/>\n\t<meta name=\"twitter:data1\" content=\"2\u00a0Minuten\" \/>\n<script type=\"application\/ld+json\" class=\"yoast-schema-graph\">{\"@context\":\"https:\/\/schema.org\",\"@graph\":[{\"@type\":\"WebPage\",\"@id\":\"https:\/\/www.maxima-dia.com\/de\/kernbohren-mit-wasserkuehlung\/diamantbohrkronen-continuous-drilling\/\",\"url\":\"https:\/\/www.maxima-dia.com\/de\/kernbohren-mit-wasserkuehlung\/diamantbohrkronen-continuous-drilling\/\",\"name\":\"Continuous Drilling - Maxima SpA\",\"isPartOf\":{\"@id\":\"https:\/\/www.maxima-dia.com\/de\/#website\"},\"primaryImageOfPage\":{\"@id\":\"https:\/\/www.maxima-dia.com\/de\/kernbohren-mit-wasserkuehlung\/diamantbohrkronen-continuous-drilling\/#primaryimage\"},\"image\":{\"@id\":\"https:\/\/www.maxima-dia.com\/de\/kernbohren-mit-wasserkuehlung\/diamantbohrkronen-continuous-drilling\/#primaryimage\"},\"thumbnailUrl\":\"https:\/\/www.maxima-dia.com\/wp-content\/uploads\/2017\/02\/carotaggio-continuo.jpg\",\"datePublished\":\"2014-05-16T15:49:43+00:00\",\"dateModified\":\"2021-07-28T10:13:34+00:00\",\"breadcrumb\":{\"@id\":\"https:\/\/www.maxima-dia.com\/de\/kernbohren-mit-wasserkuehlung\/diamantbohrkronen-continuous-drilling\/#breadcrumb\"},\"inLanguage\":\"de\",\"potentialAction\":[{\"@type\":\"ReadAction\",\"target\":[\"https:\/\/www.maxima-dia.com\/de\/kernbohren-mit-wasserkuehlung\/diamantbohrkronen-continuous-drilling\/\"]}]},{\"@type\":\"ImageObject\",\"inLanguage\":\"de\",\"@id\":\"https:\/\/www.maxima-dia.com\/de\/kernbohren-mit-wasserkuehlung\/diamantbohrkronen-continuous-drilling\/#primaryimage\",\"url\":\"https:\/\/www.maxima-dia.com\/wp-content\/uploads\/2017\/02\/carotaggio-continuo.jpg\",\"contentUrl\":\"https:\/\/www.maxima-dia.com\/wp-content\/uploads\/2017\/02\/carotaggio-continuo.jpg\",\"width\":1200,\"height\":1200},{\"@type\":\"BreadcrumbList\",\"@id\":\"https:\/\/www.maxima-dia.com\/de\/kernbohren-mit-wasserkuehlung\/diamantbohrkronen-continuous-drilling\/#breadcrumb\",\"itemListElement\":[{\"@type\":\"ListItem\",\"position\":1,\"name\":\"Home\",\"item\":\"https:\/\/www.maxima-dia.com\/de\/\"},{\"@type\":\"ListItem\",\"position\":2,\"name\":\"Kernbohren Mit Wasserk\u00fchlung\",\"item\":\"https:\/\/www.maxima-dia.com\/de\/kernbohren-mit-wasserkuehlung\/\"},{\"@type\":\"ListItem\",\"position\":3,\"name\":\"Continuous Drilling\"}]},{\"@type\":\"WebSite\",\"@id\":\"https:\/\/www.maxima-dia.com\/de\/#website\",\"url\":\"https:\/\/www.maxima-dia.com\/de\/\",\"name\":\"Maxima SpA\",\"description\":\"Only for the real professionals\",\"potentialAction\":[{\"@type\":\"SearchAction\",\"target\":{\"@type\":\"EntryPoint\",\"urlTemplate\":\"https:\/\/www.maxima-dia.com\/de\/?s={search_term_string}\"},\"query-input\":{\"@type\":\"PropertyValueSpecification\",\"valueRequired\":true,\"valueName\":\"search_term_string\"}}],\"inLanguage\":\"de\"}]}<\/script>\n<!-- \/ Yoast SEO plugin. -->","yoast_head_json":{"title":"Continuous Drilling - Maxima SpA","robots":{"index":"index","follow":"follow","max-snippet":"max-snippet:-1","max-image-preview":"max-image-preview:large","max-video-preview":"max-video-preview:-1"},"canonical":"https:\/\/www.maxima-dia.com\/de\/kernbohren-mit-wasserkuehlung\/diamantbohrkronen-continuous-drilling\/","og_locale":"de_DE","og_type":"article","og_title":"Continuous Drilling - Maxima SpA","og_description":"[vc_row][vc_column text_align=&#8220;center&#8220; width=&#8220;1\/4&#8243;][vc_column_text] [\/vc_column_text][vc_column_text css_animation=&#8220;slideInDown&#8220; el_class=&#8220;hidebuybutton&#8220;][\/vc_column_text][\/vc_column][vc_column width=&#8220;3\/4&#8243;][vc_column_text] Diese Serie Diamantbohrkronen eignet sich ideal fu\u0308r gradlinige Bohrungen mit einer L\u00e4nge von mehr als 2 Laufmetern. Da es nicht m\u00f6glich ist den Mauerkern wie bei traditionellen Bohrungen aus der Mauer zu entfernen, erm\u00f6glicht dieses System die Durchfu\u0308hrung der Bohrung, indem schrittweise Verl\u00e4ngerungen aufeinander geschraubt werden wobei der Bohrkern bis zum erreichen der gewu\u0308nschten Bohrtiefe im Inneren verbleibt. Das System wird auf Wunsch auch mit Kernextraktions- und Stabilisierungsvorrichtungen geliefert um zu vermeiden, dass der Bohrkern w\u00e4hrend der Bohrung seine Richtung \u00e4ndert. Da es sich um eine technisch anspruchsvolle Bohrung handelt sollte vorher eine Beratung bei einem Techniker von Maxima erfolgen, der wichtige Hinweise und technischen Rat geben kann um die Arbeit fachgerecht durchzufu\u0308hren. Im Falle ungew\u00f6hnlicher Anwendungen ist der Techniker auch fu\u0308r Inspektionen auf der Baustelle verfu\u0308gbar. Das Ger\u00e4t ist in drei Varianten verfu\u0308gbar: Impr\u00e4gnierte, gefasste und polikristalline Bohrkronen k\u00f6nnen fu\u0308r Bohrungen mit Wasserku\u0308hlung oder mit Druckluft bestellt werden. MIT FOLGENDEN MASCHINEN VERWENDBAR 20-25-30-35-40-45-50-64-72-82 &nbsp;[\/vc_column_text][\/vc_column][\/vc_row]","og_url":"https:\/\/www.maxima-dia.com\/de\/kernbohren-mit-wasserkuehlung\/diamantbohrkronen-continuous-drilling\/","og_site_name":"Maxima SpA","article_publisher":"https:\/\/www.facebook.com\/Maxima-spa-106098566139597","article_modified_time":"2021-07-28T10:13:34+00:00","og_image":[{"width":1200,"height":1200,"url":"https:\/\/www.maxima-dia.com\/wp-content\/uploads\/2017\/02\/carotaggio-continuo.jpg","type":"image\/jpeg"}],"twitter_card":"summary_large_image","twitter_site":"@Maximadia","twitter_misc":{"Gesch\u00e4tzte Lesezeit":"2\u00a0Minuten"},"schema":{"@context":"https:\/\/schema.org","@graph":[{"@type":"WebPage","@id":"https:\/\/www.maxima-dia.com\/de\/kernbohren-mit-wasserkuehlung\/diamantbohrkronen-continuous-drilling\/","url":"https:\/\/www.maxima-dia.com\/de\/kernbohren-mit-wasserkuehlung\/diamantbohrkronen-continuous-drilling\/","name":"Continuous Drilling - Maxima SpA","isPartOf":{"@id":"https:\/\/www.maxima-dia.com\/de\/#website"},"primaryImageOfPage":{"@id":"https:\/\/www.maxima-dia.com\/de\/kernbohren-mit-wasserkuehlung\/diamantbohrkronen-continuous-drilling\/#primaryimage"},"image":{"@id":"https:\/\/www.maxima-dia.com\/de\/kernbohren-mit-wasserkuehlung\/diamantbohrkronen-continuous-drilling\/#primaryimage"},"thumbnailUrl":"https:\/\/www.maxima-dia.com\/wp-content\/uploads\/2017\/02\/carotaggio-continuo.jpg","datePublished":"2014-05-16T15:49:43+00:00","dateModified":"2021-07-28T10:13:34+00:00","breadcrumb":{"@id":"https:\/\/www.maxima-dia.com\/de\/kernbohren-mit-wasserkuehlung\/diamantbohrkronen-continuous-drilling\/#breadcrumb"},"inLanguage":"de","potentialAction":[{"@type":"ReadAction","target":["https:\/\/www.maxima-dia.com\/de\/kernbohren-mit-wasserkuehlung\/diamantbohrkronen-continuous-drilling\/"]}]},{"@type":"ImageObject","inLanguage":"de","@id":"https:\/\/www.maxima-dia.com\/de\/kernbohren-mit-wasserkuehlung\/diamantbohrkronen-continuous-drilling\/#primaryimage","url":"https:\/\/www.maxima-dia.com\/wp-content\/uploads\/2017\/02\/carotaggio-continuo.jpg","contentUrl":"https:\/\/www.maxima-dia.com\/wp-content\/uploads\/2017\/02\/carotaggio-continuo.jpg","width":1200,"height":1200},{"@type":"BreadcrumbList","@id":"https:\/\/www.maxima-dia.com\/de\/kernbohren-mit-wasserkuehlung\/diamantbohrkronen-continuous-drilling\/#breadcrumb","itemListElement":[{"@type":"ListItem","position":1,"name":"Home","item":"https:\/\/www.maxima-dia.com\/de\/"},{"@type":"ListItem","position":2,"name":"Kernbohren Mit Wasserk\u00fchlung","item":"https:\/\/www.maxima-dia.com\/de\/kernbohren-mit-wasserkuehlung\/"},{"@type":"ListItem","position":3,"name":"Continuous Drilling"}]},{"@type":"WebSite","@id":"https:\/\/www.maxima-dia.com\/de\/#website","url":"https:\/\/www.maxima-dia.com\/de\/","name":"Maxima SpA","description":"Only for the real professionals","potentialAction":[{"@type":"SearchAction","target":{"@type":"EntryPoint","urlTemplate":"https:\/\/www.maxima-dia.com\/de\/?s={search_term_string}"},"query-input":{"@type":"PropertyValueSpecification","valueRequired":true,"valueName":"search_term_string"}}],"inLanguage":"de"}]}},"_links":{"self":[{"href":"https:\/\/www.maxima-dia.com\/de\/wp-json\/wp\/v2\/pages\/8503"}],"collection":[{"href":"https:\/\/www.maxima-dia.com\/de\/wp-json\/wp\/v2\/pages"}],"about":[{"href":"https:\/\/www.maxima-dia.com\/de\/wp-json\/wp\/v2\/types\/page"}],"author":[{"embeddable":true,"href":"https:\/\/www.maxima-dia.com\/de\/wp-json\/wp\/v2\/users\/29"}],"replies":[{"embeddable":true,"href":"https:\/\/www.maxima-dia.com\/de\/wp-json\/wp\/v2\/comments?post=8503"}],"version-history":[{"count":0,"href":"https:\/\/www.maxima-dia.com\/de\/wp-json\/wp\/v2\/pages\/8503\/revisions"}],"up":[{"embeddable":true,"href":"https:\/\/www.maxima-dia.com\/de\/wp-json\/wp\/v2\/pages\/12456"}],"wp:featuredmedia":[{"embeddable":true,"href":"https:\/\/www.maxima-dia.com\/de\/wp-json\/wp\/v2\/media\/24789"}],"wp:attachment":[{"href":"https:\/\/www.maxima-dia.com\/de\/wp-json\/wp\/v2\/media?parent=8503"}],"curies":[{"name":"wp","href":"https:\/\/api.w.org\/{rel}","templated":true}]}}