{"id":8514,"date":"2014-05-17T08:57:25","date_gmt":"2014-05-17T06:57:25","guid":{"rendered":"http:\/\/www.maxima-dia.com\/?post_type=products&#038;p=8514"},"modified":"2021-07-29T09:57:24","modified_gmt":"2021-07-29T07:57:24","slug":"caromax-800","status":"publish","type":"page","link":"https:\/\/www.maxima-dia.com\/de\/bohrmaschinen\/caromax-800\/","title":{"rendered":"Caromax 800"},"content":{"rendered":"<div class=\"wpb-content-wrapper\"><p>[vc_row][vc_column text_align=&#8220;center&#8220; width=&#8220;1\/4&#8243;][vc_column_text]<a href=\"\/wp-content\/uploads\/2017\/02\/caromax-800.jpg\"><img loading=\"lazy\" decoding=\"async\" class=\"alignnone size-thumbnail wp-image-13704\" src=\"\/wp-content\/uploads\/2017\/02\/caromax-800-150x150.jpg\" alt=\"CAROMAX 800\" width=\"150\" height=\"150\" srcset=\"https:\/\/www.maxima-dia.com\/wp-content\/uploads\/2017\/02\/caromax-800-150x150.jpg 150w, https:\/\/www.maxima-dia.com\/wp-content\/uploads\/2017\/02\/caromax-800-300x300.jpg 300w, https:\/\/www.maxima-dia.com\/wp-content\/uploads\/2017\/02\/caromax-800-768x768.jpg 768w, https:\/\/www.maxima-dia.com\/wp-content\/uploads\/2017\/02\/caromax-800-1024x1024.jpg 1024w, https:\/\/www.maxima-dia.com\/wp-content\/uploads\/2017\/02\/caromax-800-80x80.jpg 80w, https:\/\/www.maxima-dia.com\/wp-content\/uploads\/2017\/02\/caromax-800-500x500.jpg 500w, https:\/\/www.maxima-dia.com\/wp-content\/uploads\/2017\/02\/caromax-800-1000x1000.jpg 1000w, https:\/\/www.maxima-dia.com\/wp-content\/uploads\/2017\/02\/caromax-800.jpg 1200w\" sizes=\"(max-width: 150px) 100vw, 150px\" \/><\/a><\/p>\n<p>made in EU&nbsp;<img loading=\"lazy\" decoding=\"async\" src=\"\/wp-content\/uploads\/2013\/11\/eu.png\" alt=\"eu\" width=\"24\" height=\"16\"> &#8211;&nbsp;Zertifikat&nbsp;<span style=\"font-family: arial,helvetica,sans-serif;\">CE<\/span>[\/vc_column_text][vc_column_text css_animation=&#8220;slideInDown&#8220; el_class=&#8220;hidebuybutton&#8220;]<a href=\"https:\/\/www.storemaxima.com\/de\/bohrer-fuer-gebaeude\/102-caromax-800.html\" target=\"_blank\" rel=\"noopener\"><img loading=\"lazy\" decoding=\"async\" class=\"alignnone\" title=\"Kaufen Auf www.storemaxima.com\" src=\"https:\/\/www.maxima-dia.com\/wp-content\/uploads\/2019\/12\/pulsante-acquista-storemaxima.com-de.svg\" alt=\"Kaufen Auf www.storemaxima.com\" width=\"180\" height=\"80\"><\/a>[\/vc_column_text][\/vc_column][vc_column width=&#8220;3\/4&#8243;][vc_column_text]<strong>Caromax 800<\/strong> ist eine moderne Kernbohrmaschine und derzeit die einzige auf dem Markt, die entwickelt wurde, um den t\u00e4glichen Bedu\u0308rfnissen der Installateure bei der Bearbeitung von immer h\u00e4rterem und zerbrechlicherem Keramikmaterial Rechnung zu tragen. Danke der hohen Drehzahl von 6400 rpm, der Wasserku\u0308hlung, dem elektronischen Geschwindigkeitswahlschalter und der eigens entwickelten <a href=\"https:\/\/www.maxima-dia.com\/de\/kernbohren-mit-wasserkuehlung\/diamantbohrkrone-stoneware-gold-core-bit\/\"><strong>Serie Diamantbohrkronen Laser Gold Gres<\/strong><\/a>, <strong>Caromax 800<\/strong> garantiert diese Maschine dem Benutzer die Sicherheit Bohrungen bis zu einem Durchmesser von 68 mm ohne Rissbildungen oder Spru\u0308nge auf einer Vielzahl von Materialien, wie z.B. Feinsteinzeug, Kerlit, Granit, Marmor, Klinker, Mosaikglas und vielen mehr durchfu\u0308hren zu k\u00f6nnen. In der Konfektion sind 3 Diamantbohrkronen mit Durchmessern von 6, 8 und 10 mm, 3 Schnelladapter und ein Zentrierset und ein Wasserauffangbeh\u00e4lter enthalten<\/p>\n<table class=\"tabellafotocarotaggio\">\n<tbody>\n<tr>\n<td>&nbsp;<\/td>\n<td style=\"text-align: center;\"><a href=\"\/wp-content\/uploads\/2017\/02\/caromax-800-gres.jpg\"><img loading=\"lazy\" decoding=\"async\" class=\"alignnone size-thumbnail wp-image-13698\" src=\"\/wp-content\/uploads\/2017\/02\/caromax-800-gres-150x150.jpg\" alt=\"\" width=\"150\" height=\"150\" srcset=\"https:\/\/www.maxima-dia.com\/wp-content\/uploads\/2017\/02\/caromax-800-gres-150x150.jpg 150w, https:\/\/www.maxima-dia.com\/wp-content\/uploads\/2017\/02\/caromax-800-gres-80x80.jpg 80w, https:\/\/www.maxima-dia.com\/wp-content\/uploads\/2017\/02\/caromax-800-gres-500x500.jpg 500w, https:\/\/www.maxima-dia.com\/wp-content\/uploads\/2017\/02\/caromax-800-gres-1000x1000.jpg 1000w\" sizes=\"(max-width: 150px) 100vw, 150px\" \/><\/a><\/td>\n<td style=\"text-align: center;\"><a href=\"\/wp-content\/uploads\/2017\/02\/caromax-800-granito.jpg\"><img loading=\"lazy\" decoding=\"async\" class=\"alignnone size-thumbnail wp-image-13697\" src=\"\/wp-content\/uploads\/2017\/02\/caromax-800-granito-150x150.jpg\" alt=\"\" width=\"150\" height=\"150\" srcset=\"https:\/\/www.maxima-dia.com\/wp-content\/uploads\/2017\/02\/caromax-800-granito-150x150.jpg 150w, https:\/\/www.maxima-dia.com\/wp-content\/uploads\/2017\/02\/caromax-800-granito-80x80.jpg 80w, https:\/\/www.maxima-dia.com\/wp-content\/uploads\/2017\/02\/caromax-800-granito-500x500.jpg 500w, https:\/\/www.maxima-dia.com\/wp-content\/uploads\/2017\/02\/caromax-800-granito-1000x1000.jpg 1000w\" sizes=\"(max-width: 150px) 100vw, 150px\" \/><\/a><\/td>\n<td style=\"text-align: center;\"><a href=\"\/wp-content\/uploads\/2017\/02\/caromax-800-glass.jpg\"><img loading=\"lazy\" decoding=\"async\" class=\"alignnone size-thumbnail wp-image-13696\" src=\"\/wp-content\/uploads\/2017\/02\/caromax-800-glass-150x150.jpg\" alt=\"\" width=\"150\" height=\"150\" srcset=\"https:\/\/www.maxima-dia.com\/wp-content\/uploads\/2017\/02\/caromax-800-glass-150x150.jpg 150w, https:\/\/www.maxima-dia.com\/wp-content\/uploads\/2017\/02\/caromax-800-glass-80x80.jpg 80w, https:\/\/www.maxima-dia.com\/wp-content\/uploads\/2017\/02\/caromax-800-glass-500x500.jpg 500w, https:\/\/www.maxima-dia.com\/wp-content\/uploads\/2017\/02\/caromax-800-glass-1000x1000.jpg 1000w\" sizes=\"(max-width: 150px) 100vw, 150px\" \/><\/a><\/td>\n<\/tr>\n<tr>\n<td>MATERIAL<br \/>\nTHICKNESS<br \/>\nSPEED<\/td>\n<td style=\"text-align: center;\">GRES<br \/>\n12 MM<br \/>\n7 SEC<\/td>\n<td style=\"text-align: center;\">GRANITE<br \/>\n20 MM<br \/>\n9 SEC<\/td>\n<td style=\"text-align: center;\">GLASS MOSAIC<br \/>\n5 MM<br \/>\n5 SEC<\/td>\n<\/tr>\n<\/tbody>\n<\/table>\n<p>&nbsp;<\/p>\n<table class=\"tabellafotocarotaggio\" style=\"width: 100%;\">\n<tbody>\n<tr>\n<td style=\"width: 33%; text-align: center;\"><a href=\"\/wp-content\/uploads\/2017\/02\/caromax-800-quick-release.jpg\"><img loading=\"lazy\" decoding=\"async\" class=\"alignnone size-thumbnail wp-image-13700\" src=\"\/wp-content\/uploads\/2017\/02\/caromax-800-quick-release-150x150.jpg\" alt=\"\" width=\"150\" height=\"150\" srcset=\"https:\/\/www.maxima-dia.com\/wp-content\/uploads\/2017\/02\/caromax-800-quick-release-150x150.jpg 150w, https:\/\/www.maxima-dia.com\/wp-content\/uploads\/2017\/02\/caromax-800-quick-release-80x80.jpg 80w, https:\/\/www.maxima-dia.com\/wp-content\/uploads\/2017\/02\/caromax-800-quick-release-500x500.jpg 500w, https:\/\/www.maxima-dia.com\/wp-content\/uploads\/2017\/02\/caromax-800-quick-release-1000x1000.jpg 1000w\" sizes=\"(max-width: 150px) 100vw, 150px\" \/><\/a><\/td>\n<td style=\"width: 33%; text-align: center;\"><a href=\"\/wp-content\/uploads\/2017\/02\/caromax-800-water-regulator.jpg\"><img loading=\"lazy\" decoding=\"async\" class=\"alignnone size-thumbnail wp-image-13703\" src=\"\/wp-content\/uploads\/2017\/02\/caromax-800-water-regulator-150x150.jpg\" alt=\"\" width=\"150\" height=\"150\" srcset=\"https:\/\/www.maxima-dia.com\/wp-content\/uploads\/2017\/02\/caromax-800-water-regulator-150x150.jpg 150w, https:\/\/www.maxima-dia.com\/wp-content\/uploads\/2017\/02\/caromax-800-water-regulator-80x80.jpg 80w, https:\/\/www.maxima-dia.com\/wp-content\/uploads\/2017\/02\/caromax-800-water-regulator-500x500.jpg 500w, https:\/\/www.maxima-dia.com\/wp-content\/uploads\/2017\/02\/caromax-800-water-regulator-1000x1000.jpg 1000w\" sizes=\"(max-width: 150px) 100vw, 150px\" \/><\/a><\/td>\n<td style=\"width: 33%; text-align: center;\"><a href=\"\/wp-content\/uploads\/2017\/02\/caromax-800-speed-selector.jpg\"><img loading=\"lazy\" decoding=\"async\" class=\"alignnone size-thumbnail wp-image-13701\" src=\"\/wp-content\/uploads\/2017\/02\/caromax-800-speed-selector-150x150.jpg\" alt=\"\" width=\"150\" height=\"150\" srcset=\"https:\/\/www.maxima-dia.com\/wp-content\/uploads\/2017\/02\/caromax-800-speed-selector-150x150.jpg 150w, https:\/\/www.maxima-dia.com\/wp-content\/uploads\/2017\/02\/caromax-800-speed-selector-80x80.jpg 80w, https:\/\/www.maxima-dia.com\/wp-content\/uploads\/2017\/02\/caromax-800-speed-selector-500x500.jpg 500w, https:\/\/www.maxima-dia.com\/wp-content\/uploads\/2017\/02\/caromax-800-speed-selector-1000x1000.jpg 1000w\" sizes=\"(max-width: 150px) 100vw, 150px\" \/><\/a><\/td>\n<\/tr>\n<tr>\n<td style=\"width: 33%; text-align: center;\">&nbsp;<\/td>\n<td style=\"width: 33%; text-align: center;\">&nbsp;<\/td>\n<td style=\"width: 33%; text-align: center;\">&nbsp;<\/td>\n<\/tr>\n<tr>\n<td style=\"width: 33%; text-align: center;\"><a href=\"\/wp-content\/uploads\/2017\/02\/caromax-800-prcd.jpg\"><img loading=\"lazy\" decoding=\"async\" class=\"alignnone size-thumbnail wp-image-13699\" src=\"\/wp-content\/uploads\/2017\/02\/caromax-800-prcd-150x150.jpg\" alt=\"\" width=\"150\" height=\"150\" srcset=\"https:\/\/www.maxima-dia.com\/wp-content\/uploads\/2017\/02\/caromax-800-prcd-150x150.jpg 150w, https:\/\/www.maxima-dia.com\/wp-content\/uploads\/2017\/02\/caromax-800-prcd-80x80.jpg 80w, https:\/\/www.maxima-dia.com\/wp-content\/uploads\/2017\/02\/caromax-800-prcd-500x500.jpg 500w\" sizes=\"(max-width: 150px) 100vw, 150px\" \/><\/a><\/td>\n<td style=\"width: 33%; text-align: center;\"><a href=\"\/wp-content\/uploads\/2017\/02\/caromax-800-centering-kit.jpg\"><img loading=\"lazy\" decoding=\"async\" class=\"alignnone size-thumbnail wp-image-13695\" src=\"\/wp-content\/uploads\/2017\/02\/caromax-800-centering-kit-150x150.jpg\" alt=\"\" width=\"150\" height=\"150\" srcset=\"https:\/\/www.maxima-dia.com\/wp-content\/uploads\/2017\/02\/caromax-800-centering-kit-150x150.jpg 150w, https:\/\/www.maxima-dia.com\/wp-content\/uploads\/2017\/02\/caromax-800-centering-kit-80x80.jpg 80w, https:\/\/www.maxima-dia.com\/wp-content\/uploads\/2017\/02\/caromax-800-centering-kit-500x500.jpg 500w, https:\/\/www.maxima-dia.com\/wp-content\/uploads\/2017\/02\/caromax-800-centering-kit-1000x1000.jpg 1000w\" sizes=\"(max-width: 150px) 100vw, 150px\" \/><\/a>&nbsp;<\/td>\n<td style=\"width: 33%; text-align: center;\"><a href=\"\/wp-content\/uploads\/2017\/02\/caromax-800-water-connection.jpg\"><img loading=\"lazy\" decoding=\"async\" class=\"alignnone size-thumbnail wp-image-13702\" src=\"\/wp-content\/uploads\/2017\/02\/caromax-800-water-connection-150x150.jpg\" alt=\"\" width=\"150\" height=\"150\" srcset=\"https:\/\/www.maxima-dia.com\/wp-content\/uploads\/2017\/02\/caromax-800-water-connection-150x150.jpg 150w, https:\/\/www.maxima-dia.com\/wp-content\/uploads\/2017\/02\/caromax-800-water-connection-80x80.jpg 80w, https:\/\/www.maxima-dia.com\/wp-content\/uploads\/2017\/02\/caromax-800-water-connection-500x500.jpg 500w, https:\/\/www.maxima-dia.com\/wp-content\/uploads\/2017\/02\/caromax-800-water-connection-1000x1000.jpg 1000w\" sizes=\"(max-width: 150px) 100vw, 150px\" \/><\/a>&nbsp;<\/td>\n<\/tr>\n<\/tbody>\n<\/table>\n<p>&nbsp;<\/p>\n<table class=\"tabellatecnica\" style=\"width: 100%;\" border=\"0\" cellspacing=\"0\" cellpadding=\"0\">\n<thead>\n<tr>\n<td class=\"testata\" colspan=\"2\">TECHNISCHE EIGENSCHAFTEN<\/td>\n<\/tr>\n<\/thead>\n<tbody>\n<tr>\n<td class=\"coltesto1\" style=\"width: 50%;\">Aufgenommene Leistung: 800 W &#8211; 230 V<\/td>\n<td class=\"coltesto2\" style=\"width: 50%;\">Volumen des Wasserbeh\u00e4lters: 1 Liter<\/td>\n<\/tr>\n<tr>\n<td class=\"coltesto1\" style=\"width: 50%;\">Max. Bohrdurchmesser: 68 mm<\/td>\n<td class=\"coltesto2\" style=\"width: 50%;\">Taste zur Kontrolle des Wasserflusses<\/td>\n<\/tr>\n<tr>\n<td class=\"coltesto1\" style=\"width: 50%;\" rowspan=\"2\">2 Geschwindigkeit:<br \/>\n1 bis 3600 U\/min Durchbohrbarkeit: 20 &#8211; 68 mm<br \/>\n2 bis 6400 U\/min Durchbohrbarkeit: 6 &#8211; 20 mm<\/td>\n<td class=\"coltesto2\" style=\"width: 50%;\">Maximale Tiefe 60 mm<\/td>\n<\/tr>\n<tr>\n<td class=\"coltesto2\" style=\"width: 50%;\">Best\u00fcckt mit: Koffer, Zentriersystem, Adaptern und&nbsp;Diamantbohrkronen in den Gr\u00f6\u00dfen 6\/8\/10<\/td>\n<\/tr>\n<tr>\n<td class=\"coltesto2\" style=\"width: 50%;\">Schnellanschluss f\u00fcr Diamantbohrkronen&nbsp;1\/2 Gas<\/td>\n<td class=\"coltesto2\" style=\"width: 50%;\">Gewicht 3,4 Kg<\/td>\n<\/tr>\n<tr>\n<td class=\"coltesto2\" style=\"width: 50%;\">Integrierter PRCD-Schutzschalter<\/td>\n<td class=\"coltesto2\" style=\"width: 50%;\">Optional: Seitlicher Griff mit Wassertaster<\/td>\n<\/tr>\n<\/tbody>\n<\/table>\n<p>[\/vc_column_text][\/vc_column][\/vc_row]<\/p>\n<\/div>","protected":false},"excerpt":{"rendered":"<p>[vc_row][vc_column text_align=&#8220;center&#8220; width=&#8220;1\/4&#8243;][vc_column_text] made in EU&nbsp; &#8211;&nbsp;Zertifikat&nbsp;CE[\/vc_column_text][vc_column_text css_animation=&#8220;slideInDown&#8220; el_class=&#8220;hidebuybutton&#8220;][\/vc_column_text][\/vc_column][vc_column width=&#8220;3\/4&#8243;][vc_column_text]Caromax 800 ist eine moderne Kernbohrmaschine und derzeit die einzige auf dem Markt, die entwickelt wurde, um den t\u00e4glichen Bedu\u0308rfnissen der Installateure bei der Bearbeitung von immer h\u00e4rterem und zerbrechlicherem Keramikmaterial Rechnung zu tragen. Danke der hohen Drehzahl von 6400 rpm, der Wasserku\u0308hlung, dem elektronischen Geschwindigkeitswahlschalter und der eigens entwickelten Serie Diamantbohrkronen Laser Gold Gres, Caromax 800 garantiert diese Maschine dem Benutzer die Sicherheit Bohrungen bis zu einem Durchmesser von 68 mm ohne Rissbildungen oder Spru\u0308nge auf einer Vielzahl von Materialien, wie z.B. Feinsteinzeug, Kerlit, Granit, Marmor, Klinker, Mosaikglas und vielen mehr durchfu\u0308hren zu k\u00f6nnen. In der Konfektion sind 3 Diamantbohrkronen mit Durchmessern von 6, 8 und 10 mm, 3 Schnelladapter und ein Zentrierset und ein Wasserauffangbeh\u00e4lter enthalten &nbsp; MATERIAL THICKNESS SPEED GRES 12 MM 7 SEC GRANITE 20 MM 9 SEC GLASS MOSAIC 5 MM 5 SEC &nbsp; &nbsp; &nbsp; &nbsp; &nbsp; &nbsp; &nbsp; TECHNISCHE EIGENSCHAFTEN Aufgenommene Leistung: 800 W &#8211; 230 V Volumen des Wasserbeh\u00e4lters: 1 Liter Max. Bohrdurchmesser: 68 mm Taste zur Kontrolle des Wasserflusses 2 Geschwindigkeit: 1 bis 3600 U\/min Durchbohrbarkeit: 20 &#8211; 68 mm 2 bis 6400 U\/min Durchbohrbarkeit: 6 &#8211; 20 mm Maximale Tiefe 60 [&hellip;]<\/p>\n","protected":false},"author":29,"featured_media":21526,"parent":12466,"menu_order":1,"comment_status":"closed","ping_status":"closed","template":"","meta":{"ngg_post_thumbnail":0,"_joinchat":[],"footnotes":""},"class_list":["post-8514","page","type-page","status-publish","has-post-thumbnail","hentry"],"yoast_head":"<!-- This site is optimized with the Yoast SEO plugin v25.5 - https:\/\/yoast.com\/wordpress\/plugins\/seo\/ -->\n<title>Caromax 800 - Maxima SpA<\/title>\n<meta name=\"robots\" content=\"index, follow, max-snippet:-1, max-image-preview:large, max-video-preview:-1\" \/>\n<link rel=\"canonical\" href=\"https:\/\/www.maxima-dia.com\/de\/bohrmaschinen\/caromax-800\/\" \/>\n<meta property=\"og:locale\" content=\"de_DE\" \/>\n<meta property=\"og:type\" content=\"article\" \/>\n<meta property=\"og:title\" content=\"Caromax 800 - Maxima SpA\" \/>\n<meta property=\"og:description\" content=\"[vc_row][vc_column text_align=&#8220;center&#8220; width=&#8220;1\/4&#8243;][vc_column_text] made in EU&nbsp; &#8211;&nbsp;Zertifikat&nbsp;CE[\/vc_column_text][vc_column_text css_animation=&#8220;slideInDown&#8220; el_class=&#8220;hidebuybutton&#8220;][\/vc_column_text][\/vc_column][vc_column width=&#8220;3\/4&#8243;][vc_column_text]Caromax 800 ist eine moderne Kernbohrmaschine und derzeit die einzige auf dem Markt, die entwickelt wurde, um den t\u00e4glichen Bedu\u0308rfnissen der Installateure bei der Bearbeitung von immer h\u00e4rterem und zerbrechlicherem Keramikmaterial Rechnung zu tragen. Danke der hohen Drehzahl von 6400 rpm, der Wasserku\u0308hlung, dem elektronischen Geschwindigkeitswahlschalter und der eigens entwickelten Serie Diamantbohrkronen Laser Gold Gres, Caromax 800 garantiert diese Maschine dem Benutzer die Sicherheit Bohrungen bis zu einem Durchmesser von 68 mm ohne Rissbildungen oder Spru\u0308nge auf einer Vielzahl von Materialien, wie z.B. Feinsteinzeug, Kerlit, Granit, Marmor, Klinker, Mosaikglas und vielen mehr durchfu\u0308hren zu k\u00f6nnen. In der Konfektion sind 3 Diamantbohrkronen mit Durchmessern von 6, 8 und 10 mm, 3 Schnelladapter und ein Zentrierset und ein Wasserauffangbeh\u00e4lter enthalten &nbsp; MATERIAL THICKNESS SPEED GRES 12 MM 7 SEC GRANITE 20 MM 9 SEC GLASS MOSAIC 5 MM 5 SEC &nbsp; &nbsp; &nbsp; &nbsp; &nbsp; &nbsp; &nbsp; TECHNISCHE EIGENSCHAFTEN Aufgenommene Leistung: 800 W &#8211; 230 V Volumen des Wasserbeh\u00e4lters: 1 Liter Max. Bohrdurchmesser: 68 mm Taste zur Kontrolle des Wasserflusses 2 Geschwindigkeit: 1 bis 3600 U\/min Durchbohrbarkeit: 20 &#8211; 68 mm 2 bis 6400 U\/min Durchbohrbarkeit: 6 &#8211; 20 mm Maximale Tiefe 60 [&hellip;]\" \/>\n<meta property=\"og:url\" content=\"https:\/\/www.maxima-dia.com\/de\/bohrmaschinen\/caromax-800\/\" \/>\n<meta property=\"og:site_name\" content=\"Maxima SpA\" \/>\n<meta property=\"article:publisher\" content=\"https:\/\/www.facebook.com\/Maxima-spa-106098566139597\" \/>\n<meta property=\"article:modified_time\" content=\"2021-07-29T07:57:24+00:00\" \/>\n<meta property=\"og:image\" content=\"https:\/\/www.maxima-dia.com\/wp-content\/uploads\/2017\/02\/caromax-800.jpg\" \/>\n\t<meta property=\"og:image:width\" content=\"1200\" \/>\n\t<meta property=\"og:image:height\" content=\"1200\" \/>\n\t<meta property=\"og:image:type\" content=\"image\/jpeg\" \/>\n<meta name=\"twitter:card\" content=\"summary_large_image\" \/>\n<meta name=\"twitter:site\" content=\"@Maximadia\" \/>\n<meta name=\"twitter:label1\" content=\"Gesch\u00e4tzte Lesezeit\" \/>\n\t<meta name=\"twitter:data1\" content=\"4\u00a0Minuten\" \/>\n<script type=\"application\/ld+json\" class=\"yoast-schema-graph\">{\"@context\":\"https:\/\/schema.org\",\"@graph\":[{\"@type\":\"WebPage\",\"@id\":\"https:\/\/www.maxima-dia.com\/de\/bohrmaschinen\/caromax-800\/\",\"url\":\"https:\/\/www.maxima-dia.com\/de\/bohrmaschinen\/caromax-800\/\",\"name\":\"Caromax 800 - Maxima SpA\",\"isPartOf\":{\"@id\":\"https:\/\/www.maxima-dia.com\/de\/#website\"},\"primaryImageOfPage\":{\"@id\":\"https:\/\/www.maxima-dia.com\/de\/bohrmaschinen\/caromax-800\/#primaryimage\"},\"image\":{\"@id\":\"https:\/\/www.maxima-dia.com\/de\/bohrmaschinen\/caromax-800\/#primaryimage\"},\"thumbnailUrl\":\"https:\/\/www.maxima-dia.com\/wp-content\/uploads\/2017\/02\/caromax-800.jpg\",\"datePublished\":\"2014-05-17T06:57:25+00:00\",\"dateModified\":\"2021-07-29T07:57:24+00:00\",\"breadcrumb\":{\"@id\":\"https:\/\/www.maxima-dia.com\/de\/bohrmaschinen\/caromax-800\/#breadcrumb\"},\"inLanguage\":\"de\",\"potentialAction\":[{\"@type\":\"ReadAction\",\"target\":[\"https:\/\/www.maxima-dia.com\/de\/bohrmaschinen\/caromax-800\/\"]}]},{\"@type\":\"ImageObject\",\"inLanguage\":\"de\",\"@id\":\"https:\/\/www.maxima-dia.com\/de\/bohrmaschinen\/caromax-800\/#primaryimage\",\"url\":\"https:\/\/www.maxima-dia.com\/wp-content\/uploads\/2017\/02\/caromax-800.jpg\",\"contentUrl\":\"https:\/\/www.maxima-dia.com\/wp-content\/uploads\/2017\/02\/caromax-800.jpg\",\"width\":1200,\"height\":1200},{\"@type\":\"BreadcrumbList\",\"@id\":\"https:\/\/www.maxima-dia.com\/de\/bohrmaschinen\/caromax-800\/#breadcrumb\",\"itemListElement\":[{\"@type\":\"ListItem\",\"position\":1,\"name\":\"Home\",\"item\":\"https:\/\/www.maxima-dia.com\/de\/\"},{\"@type\":\"ListItem\",\"position\":2,\"name\":\"Bohrmaschinen\",\"item\":\"https:\/\/www.maxima-dia.com\/de\/bohrmaschinen\/\"},{\"@type\":\"ListItem\",\"position\":3,\"name\":\"Caromax 800\"}]},{\"@type\":\"WebSite\",\"@id\":\"https:\/\/www.maxima-dia.com\/de\/#website\",\"url\":\"https:\/\/www.maxima-dia.com\/de\/\",\"name\":\"Maxima SpA\",\"description\":\"Only for the real professionals\",\"potentialAction\":[{\"@type\":\"SearchAction\",\"target\":{\"@type\":\"EntryPoint\",\"urlTemplate\":\"https:\/\/www.maxima-dia.com\/de\/?s={search_term_string}\"},\"query-input\":{\"@type\":\"PropertyValueSpecification\",\"valueRequired\":true,\"valueName\":\"search_term_string\"}}],\"inLanguage\":\"de\"}]}<\/script>\n<!-- \/ Yoast SEO plugin. -->","yoast_head_json":{"title":"Caromax 800 - Maxima SpA","robots":{"index":"index","follow":"follow","max-snippet":"max-snippet:-1","max-image-preview":"max-image-preview:large","max-video-preview":"max-video-preview:-1"},"canonical":"https:\/\/www.maxima-dia.com\/de\/bohrmaschinen\/caromax-800\/","og_locale":"de_DE","og_type":"article","og_title":"Caromax 800 - Maxima SpA","og_description":"[vc_row][vc_column text_align=&#8220;center&#8220; width=&#8220;1\/4&#8243;][vc_column_text] made in EU&nbsp; &#8211;&nbsp;Zertifikat&nbsp;CE[\/vc_column_text][vc_column_text css_animation=&#8220;slideInDown&#8220; el_class=&#8220;hidebuybutton&#8220;][\/vc_column_text][\/vc_column][vc_column width=&#8220;3\/4&#8243;][vc_column_text]Caromax 800 ist eine moderne Kernbohrmaschine und derzeit die einzige auf dem Markt, die entwickelt wurde, um den t\u00e4glichen Bedu\u0308rfnissen der Installateure bei der Bearbeitung von immer h\u00e4rterem und zerbrechlicherem Keramikmaterial Rechnung zu tragen. Danke der hohen Drehzahl von 6400 rpm, der Wasserku\u0308hlung, dem elektronischen Geschwindigkeitswahlschalter und der eigens entwickelten Serie Diamantbohrkronen Laser Gold Gres, Caromax 800 garantiert diese Maschine dem Benutzer die Sicherheit Bohrungen bis zu einem Durchmesser von 68 mm ohne Rissbildungen oder Spru\u0308nge auf einer Vielzahl von Materialien, wie z.B. Feinsteinzeug, Kerlit, Granit, Marmor, Klinker, Mosaikglas und vielen mehr durchfu\u0308hren zu k\u00f6nnen. In der Konfektion sind 3 Diamantbohrkronen mit Durchmessern von 6, 8 und 10 mm, 3 Schnelladapter und ein Zentrierset und ein Wasserauffangbeh\u00e4lter enthalten &nbsp; MATERIAL THICKNESS SPEED GRES 12 MM 7 SEC GRANITE 20 MM 9 SEC GLASS MOSAIC 5 MM 5 SEC &nbsp; &nbsp; &nbsp; &nbsp; &nbsp; &nbsp; &nbsp; TECHNISCHE EIGENSCHAFTEN Aufgenommene Leistung: 800 W &#8211; 230 V Volumen des Wasserbeh\u00e4lters: 1 Liter Max. Bohrdurchmesser: 68 mm Taste zur Kontrolle des Wasserflusses 2 Geschwindigkeit: 1 bis 3600 U\/min Durchbohrbarkeit: 20 &#8211; 68 mm 2 bis 6400 U\/min Durchbohrbarkeit: 6 &#8211; 20 mm Maximale Tiefe 60 [&hellip;]","og_url":"https:\/\/www.maxima-dia.com\/de\/bohrmaschinen\/caromax-800\/","og_site_name":"Maxima SpA","article_publisher":"https:\/\/www.facebook.com\/Maxima-spa-106098566139597","article_modified_time":"2021-07-29T07:57:24+00:00","og_image":[{"width":1200,"height":1200,"url":"https:\/\/www.maxima-dia.com\/wp-content\/uploads\/2017\/02\/caromax-800.jpg","type":"image\/jpeg"}],"twitter_card":"summary_large_image","twitter_site":"@Maximadia","twitter_misc":{"Gesch\u00e4tzte Lesezeit":"4\u00a0Minuten"},"schema":{"@context":"https:\/\/schema.org","@graph":[{"@type":"WebPage","@id":"https:\/\/www.maxima-dia.com\/de\/bohrmaschinen\/caromax-800\/","url":"https:\/\/www.maxima-dia.com\/de\/bohrmaschinen\/caromax-800\/","name":"Caromax 800 - Maxima SpA","isPartOf":{"@id":"https:\/\/www.maxima-dia.com\/de\/#website"},"primaryImageOfPage":{"@id":"https:\/\/www.maxima-dia.com\/de\/bohrmaschinen\/caromax-800\/#primaryimage"},"image":{"@id":"https:\/\/www.maxima-dia.com\/de\/bohrmaschinen\/caromax-800\/#primaryimage"},"thumbnailUrl":"https:\/\/www.maxima-dia.com\/wp-content\/uploads\/2017\/02\/caromax-800.jpg","datePublished":"2014-05-17T06:57:25+00:00","dateModified":"2021-07-29T07:57:24+00:00","breadcrumb":{"@id":"https:\/\/www.maxima-dia.com\/de\/bohrmaschinen\/caromax-800\/#breadcrumb"},"inLanguage":"de","potentialAction":[{"@type":"ReadAction","target":["https:\/\/www.maxima-dia.com\/de\/bohrmaschinen\/caromax-800\/"]}]},{"@type":"ImageObject","inLanguage":"de","@id":"https:\/\/www.maxima-dia.com\/de\/bohrmaschinen\/caromax-800\/#primaryimage","url":"https:\/\/www.maxima-dia.com\/wp-content\/uploads\/2017\/02\/caromax-800.jpg","contentUrl":"https:\/\/www.maxima-dia.com\/wp-content\/uploads\/2017\/02\/caromax-800.jpg","width":1200,"height":1200},{"@type":"BreadcrumbList","@id":"https:\/\/www.maxima-dia.com\/de\/bohrmaschinen\/caromax-800\/#breadcrumb","itemListElement":[{"@type":"ListItem","position":1,"name":"Home","item":"https:\/\/www.maxima-dia.com\/de\/"},{"@type":"ListItem","position":2,"name":"Bohrmaschinen","item":"https:\/\/www.maxima-dia.com\/de\/bohrmaschinen\/"},{"@type":"ListItem","position":3,"name":"Caromax 800"}]},{"@type":"WebSite","@id":"https:\/\/www.maxima-dia.com\/de\/#website","url":"https:\/\/www.maxima-dia.com\/de\/","name":"Maxima SpA","description":"Only for the real professionals","potentialAction":[{"@type":"SearchAction","target":{"@type":"EntryPoint","urlTemplate":"https:\/\/www.maxima-dia.com\/de\/?s={search_term_string}"},"query-input":{"@type":"PropertyValueSpecification","valueRequired":true,"valueName":"search_term_string"}}],"inLanguage":"de"}]}},"_links":{"self":[{"href":"https:\/\/www.maxima-dia.com\/de\/wp-json\/wp\/v2\/pages\/8514"}],"collection":[{"href":"https:\/\/www.maxima-dia.com\/de\/wp-json\/wp\/v2\/pages"}],"about":[{"href":"https:\/\/www.maxima-dia.com\/de\/wp-json\/wp\/v2\/types\/page"}],"author":[{"embeddable":true,"href":"https:\/\/www.maxima-dia.com\/de\/wp-json\/wp\/v2\/users\/29"}],"replies":[{"embeddable":true,"href":"https:\/\/www.maxima-dia.com\/de\/wp-json\/wp\/v2\/comments?post=8514"}],"version-history":[{"count":0,"href":"https:\/\/www.maxima-dia.com\/de\/wp-json\/wp\/v2\/pages\/8514\/revisions"}],"up":[{"embeddable":true,"href":"https:\/\/www.maxima-dia.com\/de\/wp-json\/wp\/v2\/pages\/12466"}],"wp:featuredmedia":[{"embeddable":true,"href":"https:\/\/www.maxima-dia.com\/de\/wp-json\/wp\/v2\/media\/21526"}],"wp:attachment":[{"href":"https:\/\/www.maxima-dia.com\/de\/wp-json\/wp\/v2\/media?parent=8514"}],"curies":[{"name":"wp","href":"https:\/\/api.w.org\/{rel}","templated":true}]}}