{"id":8523,"date":"2014-05-17T10:56:21","date_gmt":"2014-05-17T08:56:21","guid":{"rendered":"http:\/\/www.maxima-dia.com\/?post_type=products&#038;p=8523"},"modified":"2025-05-28T16:07:45","modified_gmt":"2025-05-28T14:07:45","slug":"caromax-1800","status":"publish","type":"page","link":"https:\/\/www.maxima-dia.com\/de\/bohrmaschinen\/caromax-1800\/","title":{"rendered":"Caromax 1800"},"content":{"rendered":"<div class=\"wpb-content-wrapper\"><p>[vc_row][vc_column text_align=&#8220;center&#8220; width=&#8220;1\/4&#8243;][vc_column_text]<a href=\"\/wp-content\/uploads\/2017\/02\/caromax-1800.jpg\"><img loading=\"lazy\" decoding=\"async\" class=\"alignnone size-thumbnail wp-image-13722\" src=\"\/wp-content\/uploads\/2017\/02\/caromax-1800-150x150.jpg\" alt=\"CAROMAX 1800\" width=\"150\" height=\"150\" srcset=\"https:\/\/www.maxima-dia.com\/wp-content\/uploads\/2017\/02\/caromax-1800-150x150.jpg 150w, https:\/\/www.maxima-dia.com\/wp-content\/uploads\/2017\/02\/caromax-1800-300x300.jpg 300w, https:\/\/www.maxima-dia.com\/wp-content\/uploads\/2017\/02\/caromax-1800-768x768.jpg 768w, https:\/\/www.maxima-dia.com\/wp-content\/uploads\/2017\/02\/caromax-1800-1024x1024.jpg 1024w, https:\/\/www.maxima-dia.com\/wp-content\/uploads\/2017\/02\/caromax-1800-80x80.jpg 80w, https:\/\/www.maxima-dia.com\/wp-content\/uploads\/2017\/02\/caromax-1800-500x500.jpg 500w, https:\/\/www.maxima-dia.com\/wp-content\/uploads\/2017\/02\/caromax-1800-1000x1000.jpg 1000w, https:\/\/www.maxima-dia.com\/wp-content\/uploads\/2017\/02\/caromax-1800.jpg 1200w\" sizes=\"(max-width: 150px) 100vw, 150px\" \/><\/a><\/p>\n<p>made in EU&nbsp;<img loading=\"lazy\" decoding=\"async\" src=\"\/wp-content\/uploads\/2013\/11\/eu.png\" alt=\"eu\" width=\"24\" height=\"16\"> &#8211;&nbsp;Zertifikat&nbsp;<span style=\"font-family: arial,helvetica,sans-serif;\">CE<\/span>[\/vc_column_text][vc_column_text css_animation=&#8220;slideInDown&#8220; el_class=&#8220;hidebuybutton&#8220;]<a href=\"https:\/\/www.storemaxima.com\/de\/bohrer-fuer-gebaeude\/103-caromax-1800.html\" target=\"_blank\" rel=\"noopener\"><img loading=\"lazy\" decoding=\"async\" class=\"alignnone\" title=\"Kaufen Auf www.storemaxima.com\" src=\"https:\/\/www.maxima-dia.com\/wp-content\/uploads\/2019\/12\/pulsante-acquista-storemaxima.com-de.svg\" alt=\"Kaufen Auf www.storemaxima.com\" width=\"180\" height=\"80\"><\/a>[\/vc_column_text][\/vc_column][vc_column width=&#8220;3\/4&#8243;][vc_column_text]Die meistverkaufte Kernbohrmaschine fu\u0308r Trockenbohrungen <strong>CAROMAX 1800<\/strong> verbindet die Mikrovibration mit einer Leistung von 1800 W und ist damit die leistungsst\u00e4rkste Kernbohrmaschine auf dem Markt. Die maximale zertifizierte F\u00f6rdermenge bietet die Diamantbohrkrone mit 205 mm Durchmesser. Sie eignet sich fu\u0308r alle Aufgaben im Bau- und Hydraulikbereich; serienm\u00e4\u00dfig wird sie mit einer Spindel M18 hergestellt, aber es gibt optionales Zubeh\u00f6r um dem Benutzer die M\u00f6glichkeit zu bieten zu einem sp\u00e4teren Zeitpunkt ein Staubabsaugset zu montieren. Die mechanische und elektronische Doppelkupplung garantiert auch weniger erfahrenen Anwendern gro\u00dfe Sicherheit und eine lange Standzeit und Lebensdauer. Wenn Diamantbohrkronen montiert werden ist Maxima die geeignete Kernbohrmaschine fu\u0308r trockene Bohrungen von Stahlbeton.<\/p>\n<table class=\"tabellafotocarotaggio\" style=\"width: 100%;\">\n<tbody>\n<tr>\n<td style=\"width: 33%; text-align: center;\"><a href=\"\/wp-content\/uploads\/2017\/02\/caromax-1800-livella.jpg\"><img loading=\"lazy\" decoding=\"async\" class=\"alignnone wp-image-13720 size-thumbnail\" src=\"\/wp-content\/uploads\/2017\/02\/caromax-1800-livella-150x150.jpg\" width=\"150\" height=\"150\" srcset=\"https:\/\/www.maxima-dia.com\/wp-content\/uploads\/2017\/02\/caromax-1800-livella-150x150.jpg 150w, https:\/\/www.maxima-dia.com\/wp-content\/uploads\/2017\/02\/caromax-1800-livella-80x80.jpg 80w, https:\/\/www.maxima-dia.com\/wp-content\/uploads\/2017\/02\/caromax-1800-livella-500x500.jpg 500w\" sizes=\"(max-width: 150px) 100vw, 150px\" \/><\/a><\/td>\n<td style=\"width: 33%; text-align: center;\"><a href=\"\/wp-content\/uploads\/2017\/02\/caromax-1800-pulsante.jpg\"><img loading=\"lazy\" decoding=\"async\" class=\"alignnone wp-image-13721 size-thumbnail\" src=\"\/wp-content\/uploads\/2017\/02\/caromax-1800-pulsante-150x150.jpg\" width=\"150\" height=\"150\" srcset=\"https:\/\/www.maxima-dia.com\/wp-content\/uploads\/2017\/02\/caromax-1800-pulsante-150x150.jpg 150w, https:\/\/www.maxima-dia.com\/wp-content\/uploads\/2017\/02\/caromax-1800-pulsante-80x80.jpg 80w, https:\/\/www.maxima-dia.com\/wp-content\/uploads\/2017\/02\/caromax-1800-pulsante-500x500.jpg 500w\" sizes=\"(max-width: 150px) 100vw, 150px\" \/><\/a>&nbsp;<\/td>\n<td style=\"width: 33%; text-align: center;\"><a href=\"\/wp-content\/uploads\/2017\/02\/caromax-1800-led.jpg\"><img loading=\"lazy\" decoding=\"async\" class=\"alignnone wp-image-13719 size-thumbnail\" src=\"\/wp-content\/uploads\/2017\/02\/caromax-1800-led-150x150.jpg\" width=\"150\" height=\"150\" srcset=\"https:\/\/www.maxima-dia.com\/wp-content\/uploads\/2017\/02\/caromax-1800-led-150x150.jpg 150w, https:\/\/www.maxima-dia.com\/wp-content\/uploads\/2017\/02\/caromax-1800-led-80x80.jpg 80w, https:\/\/www.maxima-dia.com\/wp-content\/uploads\/2017\/02\/caromax-1800-led-500x500.jpg 500w\" sizes=\"(max-width: 150px) 100vw, 150px\" \/><\/a>&nbsp;<\/td>\n<\/tr>\n<\/tbody>\n<\/table>\n<p style=\"text-align: justify;\">&nbsp;<\/p>\n<table class=\"tabellatecnica\" style=\"width: 100%;\" border=\"0\" cellspacing=\"0\" cellpadding=\"0\">\n<thead>\n<tr>\n<td class=\"testata\" colspan=\"2\">TECHNISCHE EIGENSCHAFTEN<\/td>\n<\/tr>\n<\/thead>\n<tbody>\n<tr>\n<td class=\"coltesto1\" style=\"width: 50%;\">Aufgenommene Leistung: 1800 W &#8211; 230 V<\/td>\n<td class=\"coltesto2\" style=\"width: 50%;\">Anschluss: M18<\/td>\n<\/tr>\n<tr>\n<td class=\"coltesto1\" style=\"width: 50%;\">Max. Bohrdurchmesser: 205 mm<\/td>\n<td class=\"coltesto2\" style=\"width: 50%;\">Mechanische&nbsp;Kupplung:&nbsp;Ja<\/td>\n<\/tr>\n<tr>\n<td class=\"coltesto1\" style=\"width: 50%;\">Drehmoment: 19 Nm<\/td>\n<td class=\"coltesto2\" style=\"width: 50%;\">Elektronische Kupplung:&nbsp;Ja<\/td>\n<\/tr>\n<tr>\n<td class=\"coltesto2\" style=\"width: 50%;\">Schlagbohrintervall: 3600 Mikroschl\u00e4ge\/min zu&nbsp;0.1 Joule<\/td>\n<td class=\"coltesto2\" style=\"width: 50%;\">Best\u00fcckt mit: Koffer f\u00fcr Kernbohrmaschine und Zubeh\u00f6r<\/td>\n<\/tr>\n<tr>\n<td class=\"coltesto2\" style=\"width: 50%;\">Geschwindigkeit: 1650 U\/min<\/td>\n<td class=\"coltesto2\" style=\"width: 50%;\">Gewicht: 5,2 Kg<\/td>\n<\/tr>\n<\/tbody>\n<\/table>\n<p>&nbsp;[\/vc_column_text][\/vc_column][\/vc_row]<\/p>\n<\/div>","protected":false},"excerpt":{"rendered":"<p>[vc_row][vc_column text_align=&#8220;center&#8220; width=&#8220;1\/4&#8243;][vc_column_text] made in EU&nbsp; &#8211;&nbsp;Zertifikat&nbsp;CE[\/vc_column_text][vc_column_text css_animation=&#8220;slideInDown&#8220; el_class=&#8220;hidebuybutton&#8220;][\/vc_column_text][\/vc_column][vc_column width=&#8220;3\/4&#8243;][vc_column_text]Die meistverkaufte Kernbohrmaschine fu\u0308r Trockenbohrungen CAROMAX 1800 verbindet die Mikrovibration mit einer Leistung von 1800 W und ist damit die leistungsst\u00e4rkste Kernbohrmaschine auf dem Markt. Die maximale zertifizierte F\u00f6rdermenge bietet die Diamantbohrkrone mit 205 mm Durchmesser. Sie eignet sich fu\u0308r alle Aufgaben im Bau- und Hydraulikbereich; serienm\u00e4\u00dfig wird sie mit einer Spindel M18 hergestellt, aber es gibt optionales Zubeh\u00f6r um dem Benutzer die M\u00f6glichkeit zu bieten zu einem sp\u00e4teren Zeitpunkt ein Staubabsaugset zu montieren. Die mechanische und elektronische Doppelkupplung garantiert auch weniger erfahrenen Anwendern gro\u00dfe Sicherheit und eine lange Standzeit und Lebensdauer. Wenn Diamantbohrkronen montiert werden ist Maxima die geeignete Kernbohrmaschine fu\u0308r trockene Bohrungen von Stahlbeton. &nbsp; &nbsp; &nbsp; TECHNISCHE EIGENSCHAFTEN Aufgenommene Leistung: 1800 W &#8211; 230 V Anschluss: M18 Max. Bohrdurchmesser: 205 mm Mechanische&nbsp;Kupplung:&nbsp;Ja Drehmoment: 19 Nm Elektronische Kupplung:&nbsp;Ja Schlagbohrintervall: 3600 Mikroschl\u00e4ge\/min zu&nbsp;0.1 Joule Best\u00fcckt mit: Koffer f\u00fcr Kernbohrmaschine und Zubeh\u00f6r Geschwindigkeit: 1650 U\/min Gewicht: 5,2 Kg &nbsp;[\/vc_column_text][\/vc_column][\/vc_row]<\/p>\n","protected":false},"author":29,"featured_media":13722,"parent":12466,"menu_order":3,"comment_status":"closed","ping_status":"closed","template":"","meta":{"ngg_post_thumbnail":0,"_joinchat":[],"footnotes":""},"class_list":["post-8523","page","type-page","status-publish","has-post-thumbnail","hentry"],"yoast_head":"<!-- This site is optimized with the Yoast SEO plugin v25.5 - https:\/\/yoast.com\/wordpress\/plugins\/seo\/ -->\n<title>Caromax 1800 - Maxima SpA<\/title>\n<meta name=\"robots\" content=\"index, follow, max-snippet:-1, max-image-preview:large, max-video-preview:-1\" \/>\n<link rel=\"canonical\" href=\"https:\/\/www.maxima-dia.com\/de\/bohrmaschinen\/caromax-1800\/\" \/>\n<meta property=\"og:locale\" content=\"de_DE\" \/>\n<meta property=\"og:type\" content=\"article\" \/>\n<meta property=\"og:title\" content=\"Caromax 1800 - Maxima SpA\" \/>\n<meta property=\"og:description\" content=\"[vc_row][vc_column text_align=&#8220;center&#8220; width=&#8220;1\/4&#8243;][vc_column_text] made in EU&nbsp; &#8211;&nbsp;Zertifikat&nbsp;CE[\/vc_column_text][vc_column_text css_animation=&#8220;slideInDown&#8220; el_class=&#8220;hidebuybutton&#8220;][\/vc_column_text][\/vc_column][vc_column width=&#8220;3\/4&#8243;][vc_column_text]Die meistverkaufte Kernbohrmaschine fu\u0308r Trockenbohrungen CAROMAX 1800 verbindet die Mikrovibration mit einer Leistung von 1800 W und ist damit die leistungsst\u00e4rkste Kernbohrmaschine auf dem Markt. Die maximale zertifizierte F\u00f6rdermenge bietet die Diamantbohrkrone mit 205 mm Durchmesser. Sie eignet sich fu\u0308r alle Aufgaben im Bau- und Hydraulikbereich; serienm\u00e4\u00dfig wird sie mit einer Spindel M18 hergestellt, aber es gibt optionales Zubeh\u00f6r um dem Benutzer die M\u00f6glichkeit zu bieten zu einem sp\u00e4teren Zeitpunkt ein Staubabsaugset zu montieren. Die mechanische und elektronische Doppelkupplung garantiert auch weniger erfahrenen Anwendern gro\u00dfe Sicherheit und eine lange Standzeit und Lebensdauer. Wenn Diamantbohrkronen montiert werden ist Maxima die geeignete Kernbohrmaschine fu\u0308r trockene Bohrungen von Stahlbeton. &nbsp; &nbsp; &nbsp; TECHNISCHE EIGENSCHAFTEN Aufgenommene Leistung: 1800 W &#8211; 230 V Anschluss: M18 Max. Bohrdurchmesser: 205 mm Mechanische&nbsp;Kupplung:&nbsp;Ja Drehmoment: 19 Nm Elektronische Kupplung:&nbsp;Ja Schlagbohrintervall: 3600 Mikroschl\u00e4ge\/min zu&nbsp;0.1 Joule Best\u00fcckt mit: Koffer f\u00fcr Kernbohrmaschine und Zubeh\u00f6r Geschwindigkeit: 1650 U\/min Gewicht: 5,2 Kg &nbsp;[\/vc_column_text][\/vc_column][\/vc_row]\" \/>\n<meta property=\"og:url\" content=\"https:\/\/www.maxima-dia.com\/de\/bohrmaschinen\/caromax-1800\/\" \/>\n<meta property=\"og:site_name\" content=\"Maxima SpA\" \/>\n<meta property=\"article:publisher\" content=\"https:\/\/www.facebook.com\/Maxima-spa-106098566139597\" \/>\n<meta property=\"article:modified_time\" content=\"2025-05-28T14:07:45+00:00\" \/>\n<meta property=\"og:image\" content=\"https:\/\/www.maxima-dia.com\/wp-content\/uploads\/2017\/02\/caromax-1800.jpg\" \/>\n\t<meta property=\"og:image:width\" content=\"1200\" \/>\n\t<meta property=\"og:image:height\" content=\"1200\" \/>\n\t<meta property=\"og:image:type\" content=\"image\/jpeg\" \/>\n<meta name=\"twitter:card\" content=\"summary_large_image\" \/>\n<meta name=\"twitter:site\" content=\"@Maximadia\" \/>\n<meta name=\"twitter:label1\" content=\"Gesch\u00e4tzte Lesezeit\" \/>\n\t<meta name=\"twitter:data1\" content=\"2\u00a0Minuten\" \/>\n<script type=\"application\/ld+json\" class=\"yoast-schema-graph\">{\"@context\":\"https:\/\/schema.org\",\"@graph\":[{\"@type\":\"WebPage\",\"@id\":\"https:\/\/www.maxima-dia.com\/de\/bohrmaschinen\/caromax-1800\/\",\"url\":\"https:\/\/www.maxima-dia.com\/de\/bohrmaschinen\/caromax-1800\/\",\"name\":\"Caromax 1800 - Maxima SpA\",\"isPartOf\":{\"@id\":\"https:\/\/www.maxima-dia.com\/de\/#website\"},\"primaryImageOfPage\":{\"@id\":\"https:\/\/www.maxima-dia.com\/de\/bohrmaschinen\/caromax-1800\/#primaryimage\"},\"image\":{\"@id\":\"https:\/\/www.maxima-dia.com\/de\/bohrmaschinen\/caromax-1800\/#primaryimage\"},\"thumbnailUrl\":\"https:\/\/www.maxima-dia.com\/wp-content\/uploads\/2017\/02\/caromax-1800.jpg\",\"datePublished\":\"2014-05-17T08:56:21+00:00\",\"dateModified\":\"2025-05-28T14:07:45+00:00\",\"breadcrumb\":{\"@id\":\"https:\/\/www.maxima-dia.com\/de\/bohrmaschinen\/caromax-1800\/#breadcrumb\"},\"inLanguage\":\"de\",\"potentialAction\":[{\"@type\":\"ReadAction\",\"target\":[\"https:\/\/www.maxima-dia.com\/de\/bohrmaschinen\/caromax-1800\/\"]}]},{\"@type\":\"ImageObject\",\"inLanguage\":\"de\",\"@id\":\"https:\/\/www.maxima-dia.com\/de\/bohrmaschinen\/caromax-1800\/#primaryimage\",\"url\":\"https:\/\/www.maxima-dia.com\/wp-content\/uploads\/2017\/02\/caromax-1800.jpg\",\"contentUrl\":\"https:\/\/www.maxima-dia.com\/wp-content\/uploads\/2017\/02\/caromax-1800.jpg\",\"width\":1200,\"height\":1200,\"caption\":\"CAROMAX 1800\"},{\"@type\":\"BreadcrumbList\",\"@id\":\"https:\/\/www.maxima-dia.com\/de\/bohrmaschinen\/caromax-1800\/#breadcrumb\",\"itemListElement\":[{\"@type\":\"ListItem\",\"position\":1,\"name\":\"Home\",\"item\":\"https:\/\/www.maxima-dia.com\/de\/\"},{\"@type\":\"ListItem\",\"position\":2,\"name\":\"Bohrmaschinen\",\"item\":\"https:\/\/www.maxima-dia.com\/de\/bohrmaschinen\/\"},{\"@type\":\"ListItem\",\"position\":3,\"name\":\"Caromax 1800\"}]},{\"@type\":\"WebSite\",\"@id\":\"https:\/\/www.maxima-dia.com\/de\/#website\",\"url\":\"https:\/\/www.maxima-dia.com\/de\/\",\"name\":\"Maxima SpA\",\"description\":\"Only for the real professionals\",\"potentialAction\":[{\"@type\":\"SearchAction\",\"target\":{\"@type\":\"EntryPoint\",\"urlTemplate\":\"https:\/\/www.maxima-dia.com\/de\/?s={search_term_string}\"},\"query-input\":{\"@type\":\"PropertyValueSpecification\",\"valueRequired\":true,\"valueName\":\"search_term_string\"}}],\"inLanguage\":\"de\"}]}<\/script>\n<!-- \/ Yoast SEO plugin. -->","yoast_head_json":{"title":"Caromax 1800 - Maxima SpA","robots":{"index":"index","follow":"follow","max-snippet":"max-snippet:-1","max-image-preview":"max-image-preview:large","max-video-preview":"max-video-preview:-1"},"canonical":"https:\/\/www.maxima-dia.com\/de\/bohrmaschinen\/caromax-1800\/","og_locale":"de_DE","og_type":"article","og_title":"Caromax 1800 - Maxima SpA","og_description":"[vc_row][vc_column text_align=&#8220;center&#8220; width=&#8220;1\/4&#8243;][vc_column_text] made in EU&nbsp; &#8211;&nbsp;Zertifikat&nbsp;CE[\/vc_column_text][vc_column_text css_animation=&#8220;slideInDown&#8220; el_class=&#8220;hidebuybutton&#8220;][\/vc_column_text][\/vc_column][vc_column width=&#8220;3\/4&#8243;][vc_column_text]Die meistverkaufte Kernbohrmaschine fu\u0308r Trockenbohrungen CAROMAX 1800 verbindet die Mikrovibration mit einer Leistung von 1800 W und ist damit die leistungsst\u00e4rkste Kernbohrmaschine auf dem Markt. Die maximale zertifizierte F\u00f6rdermenge bietet die Diamantbohrkrone mit 205 mm Durchmesser. Sie eignet sich fu\u0308r alle Aufgaben im Bau- und Hydraulikbereich; serienm\u00e4\u00dfig wird sie mit einer Spindel M18 hergestellt, aber es gibt optionales Zubeh\u00f6r um dem Benutzer die M\u00f6glichkeit zu bieten zu einem sp\u00e4teren Zeitpunkt ein Staubabsaugset zu montieren. Die mechanische und elektronische Doppelkupplung garantiert auch weniger erfahrenen Anwendern gro\u00dfe Sicherheit und eine lange Standzeit und Lebensdauer. Wenn Diamantbohrkronen montiert werden ist Maxima die geeignete Kernbohrmaschine fu\u0308r trockene Bohrungen von Stahlbeton. &nbsp; &nbsp; &nbsp; TECHNISCHE EIGENSCHAFTEN Aufgenommene Leistung: 1800 W &#8211; 230 V Anschluss: M18 Max. Bohrdurchmesser: 205 mm Mechanische&nbsp;Kupplung:&nbsp;Ja Drehmoment: 19 Nm Elektronische Kupplung:&nbsp;Ja Schlagbohrintervall: 3600 Mikroschl\u00e4ge\/min zu&nbsp;0.1 Joule Best\u00fcckt mit: Koffer f\u00fcr Kernbohrmaschine und Zubeh\u00f6r Geschwindigkeit: 1650 U\/min Gewicht: 5,2 Kg &nbsp;[\/vc_column_text][\/vc_column][\/vc_row]","og_url":"https:\/\/www.maxima-dia.com\/de\/bohrmaschinen\/caromax-1800\/","og_site_name":"Maxima SpA","article_publisher":"https:\/\/www.facebook.com\/Maxima-spa-106098566139597","article_modified_time":"2025-05-28T14:07:45+00:00","og_image":[{"width":1200,"height":1200,"url":"https:\/\/www.maxima-dia.com\/wp-content\/uploads\/2017\/02\/caromax-1800.jpg","type":"image\/jpeg"}],"twitter_card":"summary_large_image","twitter_site":"@Maximadia","twitter_misc":{"Gesch\u00e4tzte Lesezeit":"2\u00a0Minuten"},"schema":{"@context":"https:\/\/schema.org","@graph":[{"@type":"WebPage","@id":"https:\/\/www.maxima-dia.com\/de\/bohrmaschinen\/caromax-1800\/","url":"https:\/\/www.maxima-dia.com\/de\/bohrmaschinen\/caromax-1800\/","name":"Caromax 1800 - Maxima SpA","isPartOf":{"@id":"https:\/\/www.maxima-dia.com\/de\/#website"},"primaryImageOfPage":{"@id":"https:\/\/www.maxima-dia.com\/de\/bohrmaschinen\/caromax-1800\/#primaryimage"},"image":{"@id":"https:\/\/www.maxima-dia.com\/de\/bohrmaschinen\/caromax-1800\/#primaryimage"},"thumbnailUrl":"https:\/\/www.maxima-dia.com\/wp-content\/uploads\/2017\/02\/caromax-1800.jpg","datePublished":"2014-05-17T08:56:21+00:00","dateModified":"2025-05-28T14:07:45+00:00","breadcrumb":{"@id":"https:\/\/www.maxima-dia.com\/de\/bohrmaschinen\/caromax-1800\/#breadcrumb"},"inLanguage":"de","potentialAction":[{"@type":"ReadAction","target":["https:\/\/www.maxima-dia.com\/de\/bohrmaschinen\/caromax-1800\/"]}]},{"@type":"ImageObject","inLanguage":"de","@id":"https:\/\/www.maxima-dia.com\/de\/bohrmaschinen\/caromax-1800\/#primaryimage","url":"https:\/\/www.maxima-dia.com\/wp-content\/uploads\/2017\/02\/caromax-1800.jpg","contentUrl":"https:\/\/www.maxima-dia.com\/wp-content\/uploads\/2017\/02\/caromax-1800.jpg","width":1200,"height":1200,"caption":"CAROMAX 1800"},{"@type":"BreadcrumbList","@id":"https:\/\/www.maxima-dia.com\/de\/bohrmaschinen\/caromax-1800\/#breadcrumb","itemListElement":[{"@type":"ListItem","position":1,"name":"Home","item":"https:\/\/www.maxima-dia.com\/de\/"},{"@type":"ListItem","position":2,"name":"Bohrmaschinen","item":"https:\/\/www.maxima-dia.com\/de\/bohrmaschinen\/"},{"@type":"ListItem","position":3,"name":"Caromax 1800"}]},{"@type":"WebSite","@id":"https:\/\/www.maxima-dia.com\/de\/#website","url":"https:\/\/www.maxima-dia.com\/de\/","name":"Maxima SpA","description":"Only for the real professionals","potentialAction":[{"@type":"SearchAction","target":{"@type":"EntryPoint","urlTemplate":"https:\/\/www.maxima-dia.com\/de\/?s={search_term_string}"},"query-input":{"@type":"PropertyValueSpecification","valueRequired":true,"valueName":"search_term_string"}}],"inLanguage":"de"}]}},"_links":{"self":[{"href":"https:\/\/www.maxima-dia.com\/de\/wp-json\/wp\/v2\/pages\/8523"}],"collection":[{"href":"https:\/\/www.maxima-dia.com\/de\/wp-json\/wp\/v2\/pages"}],"about":[{"href":"https:\/\/www.maxima-dia.com\/de\/wp-json\/wp\/v2\/types\/page"}],"author":[{"embeddable":true,"href":"https:\/\/www.maxima-dia.com\/de\/wp-json\/wp\/v2\/users\/29"}],"replies":[{"embeddable":true,"href":"https:\/\/www.maxima-dia.com\/de\/wp-json\/wp\/v2\/comments?post=8523"}],"version-history":[{"count":1,"href":"https:\/\/www.maxima-dia.com\/de\/wp-json\/wp\/v2\/pages\/8523\/revisions"}],"predecessor-version":[{"id":46541,"href":"https:\/\/www.maxima-dia.com\/de\/wp-json\/wp\/v2\/pages\/8523\/revisions\/46541"}],"up":[{"embeddable":true,"href":"https:\/\/www.maxima-dia.com\/de\/wp-json\/wp\/v2\/pages\/12466"}],"wp:featuredmedia":[{"embeddable":true,"href":"https:\/\/www.maxima-dia.com\/de\/wp-json\/wp\/v2\/media\/13722"}],"wp:attachment":[{"href":"https:\/\/www.maxima-dia.com\/de\/wp-json\/wp\/v2\/media?parent=8523"}],"curies":[{"name":"wp","href":"https:\/\/api.w.org\/{rel}","templated":true}]}}