{"id":8721,"date":"2014-05-20T16:50:41","date_gmt":"2014-05-20T14:50:41","guid":{"rendered":"http:\/\/www.maxima-dia.com\/?post_type=products&#038;p=8721"},"modified":"2021-08-03T11:13:05","modified_gmt":"2021-08-03T09:13:05","slug":"professionelle-staubabsauger-aspiramax-25l","status":"publish","type":"page","link":"https:\/\/www.maxima-dia.com\/de\/bohrmaschinen\/professionelle-staubabsauger-aspiramax-25l\/","title":{"rendered":"Aspiramax 25 L"},"content":{"rendered":"<div class=\"wpb-content-wrapper\"><p>[vc_row][vc_column text_align=&#8220;center&#8220; width=&#8220;1\/4&#8243;][vc_column_text]<a href=\"\/wp-content\/uploads\/2017\/02\/aspiramax-1200.jpg\"><img loading=\"lazy\" decoding=\"async\" class=\"alignnone size-thumbnail wp-image-13670\" src=\"\/wp-content\/uploads\/2017\/02\/aspiramax-1200-150x150.jpg\" alt=\"ASPIRAMAX 1200\" width=\"150\" height=\"150\" srcset=\"https:\/\/www.maxima-dia.com\/wp-content\/uploads\/2017\/02\/aspiramax-1200-150x150.jpg 150w, https:\/\/www.maxima-dia.com\/wp-content\/uploads\/2017\/02\/aspiramax-1200-300x300.jpg 300w, https:\/\/www.maxima-dia.com\/wp-content\/uploads\/2017\/02\/aspiramax-1200-768x768.jpg 768w, https:\/\/www.maxima-dia.com\/wp-content\/uploads\/2017\/02\/aspiramax-1200-1024x1024.jpg 1024w, https:\/\/www.maxima-dia.com\/wp-content\/uploads\/2017\/02\/aspiramax-1200-80x80.jpg 80w, https:\/\/www.maxima-dia.com\/wp-content\/uploads\/2017\/02\/aspiramax-1200-500x500.jpg 500w, https:\/\/www.maxima-dia.com\/wp-content\/uploads\/2017\/02\/aspiramax-1200-1000x1000.jpg 1000w, https:\/\/www.maxima-dia.com\/wp-content\/uploads\/2017\/02\/aspiramax-1200.jpg 1200w\" sizes=\"(max-width: 150px) 100vw, 150px\" \/><\/a><\/p>\n<p>made in EU&nbsp;<img loading=\"lazy\" decoding=\"async\" src=\"\/wp-content\/uploads\/2013\/11\/eu.png\" alt=\"eu\" width=\"24\" height=\"16\"> &#8211; Zertifikat&nbsp;<span style=\"font-family: arial,helvetica,sans-serif;\">CE<\/span>[\/vc_column_text][vc_column_text css_animation=&#8220;slideInDown&#8220; el_class=&#8220;hidebuybutton&#8220;]<a href=\"https:\/\/www.storemaxima.com\/de\/bohrer-fuer-gebaeude\/111-aspiramax-25-l.html\" target=\"_blank\" rel=\"noopener\"><img loading=\"lazy\" decoding=\"async\" class=\"alignnone\" title=\"Kaufen Auf www.storemaxima.com\" src=\"https:\/\/www.maxima-dia.com\/wp-content\/uploads\/2019\/12\/pulsante-acquista-storemaxima.com-de.svg\" alt=\"Kaufen Auf www.storemaxima.com\" width=\"180\" height=\"80\"><\/a>[\/vc_column_text][\/vc_column][vc_column width=&#8220;3\/4&#8243;][vc_column_text]<strong>Aspiramax 25 L<\/strong> kann sowohl fu\u0308r das Aufsaugen von Staub, als auch von Flu\u0308ssigkeiten verwendet werden; der 25-Liter- Sammelbeh\u00e4lter kann mit als Zubeh\u00f6r erh\u00e4ltlichen Beuteln ausgestattet werden. Der Filterschu\u0308ttler setzt sich automatisch in Betrieb und die Maschine bleibt w\u00e4hrend der Reinigung der Filter in Betrieb. Die Maschine wird mit einem 4,5 m langen, flexiblen Saugrohr und dem Zubeh\u00f6rset geliefert, das eine Reihe von Aufs\u00e4tzen enth\u00e4lt mit denen sie auch als Hausstaubsauger verwendet werden kann.<\/p>\n<table class=\"tabellafotocarotaggio\" style=\"width: 100%;\">\n<tbody>\n<tr>\n<td style=\"width: 25%; text-align: center;\"><a href=\"https:\/\/www.maxima-dia.com\/wp-content\/uploads\/2021\/08\/ASPIRAMAX_25L-2.jpg\"><img loading=\"lazy\" decoding=\"async\" class=\"alignnone size-thumbnail wp-image-30204\" src=\"https:\/\/www.maxima-dia.com\/wp-content\/uploads\/2021\/08\/ASPIRAMAX_25L-2-150x150.jpg\" alt=\"\" width=\"150\" height=\"150\" srcset=\"https:\/\/www.maxima-dia.com\/wp-content\/uploads\/2021\/08\/ASPIRAMAX_25L-2-150x150.jpg 150w, https:\/\/www.maxima-dia.com\/wp-content\/uploads\/2021\/08\/ASPIRAMAX_25L-2-300x300.jpg 300w, https:\/\/www.maxima-dia.com\/wp-content\/uploads\/2021\/08\/ASPIRAMAX_25L-2-1024x1024.jpg 1024w, https:\/\/www.maxima-dia.com\/wp-content\/uploads\/2021\/08\/ASPIRAMAX_25L-2-768x768.jpg 768w, https:\/\/www.maxima-dia.com\/wp-content\/uploads\/2021\/08\/ASPIRAMAX_25L-2-1536x1536.jpg 1536w, https:\/\/www.maxima-dia.com\/wp-content\/uploads\/2021\/08\/ASPIRAMAX_25L-2-80x80.jpg 80w, https:\/\/www.maxima-dia.com\/wp-content\/uploads\/2021\/08\/ASPIRAMAX_25L-2-500x500.jpg 500w, https:\/\/www.maxima-dia.com\/wp-content\/uploads\/2021\/08\/ASPIRAMAX_25L-2-1000x1000.jpg 1000w, https:\/\/www.maxima-dia.com\/wp-content\/uploads\/2021\/08\/ASPIRAMAX_25L-2.jpg 1700w\" sizes=\"(max-width: 150px) 100vw, 150px\" \/><\/a><\/td>\n<td style=\"width: 25%; text-align: center;\"><a href=\"https:\/\/www.maxima-dia.com\/wp-content\/uploads\/2021\/08\/ASPIRAMAX_25L-4.jpg\"><img loading=\"lazy\" decoding=\"async\" class=\"alignnone size-thumbnail wp-image-30216\" src=\"https:\/\/www.maxima-dia.com\/wp-content\/uploads\/2021\/08\/ASPIRAMAX_25L-4-150x150.jpg\" alt=\"\" width=\"150\" height=\"150\" srcset=\"https:\/\/www.maxima-dia.com\/wp-content\/uploads\/2021\/08\/ASPIRAMAX_25L-4-150x150.jpg 150w, https:\/\/www.maxima-dia.com\/wp-content\/uploads\/2021\/08\/ASPIRAMAX_25L-4-300x300.jpg 300w, https:\/\/www.maxima-dia.com\/wp-content\/uploads\/2021\/08\/ASPIRAMAX_25L-4-1024x1024.jpg 1024w, https:\/\/www.maxima-dia.com\/wp-content\/uploads\/2021\/08\/ASPIRAMAX_25L-4-768x768.jpg 768w, https:\/\/www.maxima-dia.com\/wp-content\/uploads\/2021\/08\/ASPIRAMAX_25L-4-1536x1536.jpg 1536w, https:\/\/www.maxima-dia.com\/wp-content\/uploads\/2021\/08\/ASPIRAMAX_25L-4-80x80.jpg 80w, https:\/\/www.maxima-dia.com\/wp-content\/uploads\/2021\/08\/ASPIRAMAX_25L-4-500x500.jpg 500w, https:\/\/www.maxima-dia.com\/wp-content\/uploads\/2021\/08\/ASPIRAMAX_25L-4-1000x1000.jpg 1000w, https:\/\/www.maxima-dia.com\/wp-content\/uploads\/2021\/08\/ASPIRAMAX_25L-4.jpg 1700w\" sizes=\"(max-width: 150px) 100vw, 150px\" \/><\/a><\/td>\n<td style=\"width: 25%; text-align: center;\"><a href=\"https:\/\/www.maxima-dia.com\/wp-content\/uploads\/2021\/08\/ASPIRAMAX_25L-3.jpg\"><img loading=\"lazy\" decoding=\"async\" class=\"alignnone size-thumbnail wp-image-30210\" src=\"https:\/\/www.maxima-dia.com\/wp-content\/uploads\/2021\/08\/ASPIRAMAX_25L-3-150x150.jpg\" alt=\"\" width=\"150\" height=\"150\" srcset=\"https:\/\/www.maxima-dia.com\/wp-content\/uploads\/2021\/08\/ASPIRAMAX_25L-3-150x150.jpg 150w, https:\/\/www.maxima-dia.com\/wp-content\/uploads\/2021\/08\/ASPIRAMAX_25L-3-300x300.jpg 300w, https:\/\/www.maxima-dia.com\/wp-content\/uploads\/2021\/08\/ASPIRAMAX_25L-3-1024x1024.jpg 1024w, https:\/\/www.maxima-dia.com\/wp-content\/uploads\/2021\/08\/ASPIRAMAX_25L-3-768x768.jpg 768w, https:\/\/www.maxima-dia.com\/wp-content\/uploads\/2021\/08\/ASPIRAMAX_25L-3-1536x1536.jpg 1536w, https:\/\/www.maxima-dia.com\/wp-content\/uploads\/2021\/08\/ASPIRAMAX_25L-3-80x80.jpg 80w, https:\/\/www.maxima-dia.com\/wp-content\/uploads\/2021\/08\/ASPIRAMAX_25L-3-500x500.jpg 500w, https:\/\/www.maxima-dia.com\/wp-content\/uploads\/2021\/08\/ASPIRAMAX_25L-3-1000x1000.jpg 1000w, https:\/\/www.maxima-dia.com\/wp-content\/uploads\/2021\/08\/ASPIRAMAX_25L-3.jpg 1700w\" sizes=\"(max-width: 150px) 100vw, 150px\" \/><\/a><\/td>\n<td style=\"width: 25%; text-align: center;\"><a href=\"https:\/\/www.maxima-dia.com\/wp-content\/uploads\/2021\/08\/ASPIRAMAX_25L-5.jpg\"><img loading=\"lazy\" decoding=\"async\" class=\"alignnone size-thumbnail wp-image-30222\" src=\"https:\/\/www.maxima-dia.com\/wp-content\/uploads\/2021\/08\/ASPIRAMAX_25L-5-150x150.jpg\" alt=\"\" width=\"150\" height=\"150\" srcset=\"https:\/\/www.maxima-dia.com\/wp-content\/uploads\/2021\/08\/ASPIRAMAX_25L-5-150x150.jpg 150w, https:\/\/www.maxima-dia.com\/wp-content\/uploads\/2021\/08\/ASPIRAMAX_25L-5-300x300.jpg 300w, https:\/\/www.maxima-dia.com\/wp-content\/uploads\/2021\/08\/ASPIRAMAX_25L-5-1024x1024.jpg 1024w, https:\/\/www.maxima-dia.com\/wp-content\/uploads\/2021\/08\/ASPIRAMAX_25L-5-768x768.jpg 768w, https:\/\/www.maxima-dia.com\/wp-content\/uploads\/2021\/08\/ASPIRAMAX_25L-5-1536x1536.jpg 1536w, https:\/\/www.maxima-dia.com\/wp-content\/uploads\/2021\/08\/ASPIRAMAX_25L-5-80x80.jpg 80w, https:\/\/www.maxima-dia.com\/wp-content\/uploads\/2021\/08\/ASPIRAMAX_25L-5-500x500.jpg 500w, https:\/\/www.maxima-dia.com\/wp-content\/uploads\/2021\/08\/ASPIRAMAX_25L-5-1000x1000.jpg 1000w, https:\/\/www.maxima-dia.com\/wp-content\/uploads\/2021\/08\/ASPIRAMAX_25L-5.jpg 1700w\" sizes=\"(max-width: 150px) 100vw, 150px\" \/><\/a>&nbsp;<\/td>\n<\/tr>\n<\/tbody>\n<\/table>\n<p>&nbsp;<\/p>\n<table class=\"tabellatecnica\" style=\"width: 100%;\" border=\"0\" cellspacing=\"0\" cellpadding=\"0\">\n<thead>\n<tr>\n<td class=\"testata\" colspan=\"2\">KONSTRUKTIONSDETAILS<\/td>\n<\/tr>\n<\/thead>\n<tbody>\n<tr>\n<td class=\"coltesto1\" style=\"width: 50%;\">Leistung: 1600 W &#8211; 230 V<\/td>\n<td class=\"coltesto1\" style=\"width: 50%;\">F\u00f6rderkapazit\u00e4t: 25 Liter<\/td>\n<\/tr>\n<tr>\n<td class=\"coltesto1\" style=\"width: 50%;\">M\u00f6glichkeit einer automatischen Einschaltung mit Elektrowerkzeug<\/td>\n<td class=\"coltesto1\" style=\"width: 50%;\">L\u00e4nge des Saugrohrs: 4,5 m<\/td>\n<\/tr>\n<tr>\n<td class=\"coltesto2\" style=\"width: 50%;\" rowspan=\"2\">2 innovative Filter mit einer Gesamtfl\u00e4che von 8600 cm2 zur Staubretention nach BIA Kat. C<\/td>\n<td class=\"coltesto2\" style=\"width: 50%;\">L\u00e4nge des Elektrokabels: 8 m<\/td>\n<\/tr>\n<tr>\n<td class=\"coltesto2\" style=\"width: 50%;\">Abmessungen: 57 x 36 x 37 cm<\/td>\n<\/tr>\n<tr>\n<td class=\"coltesto2\" style=\"width: 50%;\">Automatische Reinigung des Filters durch elektromagnetische Impulse<\/td>\n<td class=\"coltesto2\" style=\"width: 50%;\">Gewicht: 12 Kg<\/td>\n<\/tr>\n<\/tbody>\n<\/table>\n<div id=\"gtx-trans\" style=\"position: absolute; left: 630px; top: 505px;\">\n<div class=\"gtx-trans-icon\">&nbsp;<\/div>\n<\/div>\n<p>[\/vc_column_text][\/vc_column][\/vc_row]<\/p>\n<\/div>","protected":false},"excerpt":{"rendered":"<p>[vc_row][vc_column text_align=&#8220;center&#8220; width=&#8220;1\/4&#8243;][vc_column_text] made in EU&nbsp; &#8211; Zertifikat&nbsp;CE[\/vc_column_text][vc_column_text css_animation=&#8220;slideInDown&#8220; el_class=&#8220;hidebuybutton&#8220;][\/vc_column_text][\/vc_column][vc_column width=&#8220;3\/4&#8243;][vc_column_text]Aspiramax 25 L kann sowohl fu\u0308r das Aufsaugen von Staub, als auch von Flu\u0308ssigkeiten verwendet werden; der 25-Liter- Sammelbeh\u00e4lter kann mit als Zubeh\u00f6r erh\u00e4ltlichen Beuteln ausgestattet werden. Der Filterschu\u0308ttler setzt sich automatisch in Betrieb und die Maschine bleibt w\u00e4hrend der Reinigung der Filter in Betrieb. Die Maschine wird mit einem 4,5 m langen, flexiblen Saugrohr und dem Zubeh\u00f6rset geliefert, das eine Reihe von Aufs\u00e4tzen enth\u00e4lt mit denen sie auch als Hausstaubsauger verwendet werden kann. &nbsp; &nbsp; KONSTRUKTIONSDETAILS Leistung: 1600 W &#8211; 230 V F\u00f6rderkapazit\u00e4t: 25 Liter M\u00f6glichkeit einer automatischen Einschaltung mit Elektrowerkzeug L\u00e4nge des Saugrohrs: 4,5 m 2 innovative Filter mit einer Gesamtfl\u00e4che von 8600 cm2 zur Staubretention nach BIA Kat. C L\u00e4nge des Elektrokabels: 8 m Abmessungen: 57 x 36 x 37 cm Automatische Reinigung des Filters durch elektromagnetische Impulse Gewicht: 12 Kg &nbsp; [\/vc_column_text][\/vc_column][\/vc_row]<\/p>\n","protected":false},"author":29,"featured_media":13670,"parent":12466,"menu_order":21,"comment_status":"closed","ping_status":"closed","template":"","meta":{"ngg_post_thumbnail":0,"_joinchat":[],"footnotes":""},"class_list":["post-8721","page","type-page","status-publish","has-post-thumbnail","hentry"],"yoast_head":"<!-- This site is optimized with the Yoast SEO plugin v25.5 - https:\/\/yoast.com\/wordpress\/plugins\/seo\/ -->\n<title>Aspiramax 25 L - Maxima SpA<\/title>\n<meta name=\"robots\" content=\"index, follow, max-snippet:-1, max-image-preview:large, max-video-preview:-1\" \/>\n<link rel=\"canonical\" href=\"https:\/\/www.maxima-dia.com\/de\/bohrmaschinen\/professionelle-staubabsauger-aspiramax-25l\/\" \/>\n<meta property=\"og:locale\" content=\"de_DE\" \/>\n<meta property=\"og:type\" content=\"article\" \/>\n<meta property=\"og:title\" content=\"Aspiramax 25 L - Maxima SpA\" \/>\n<meta property=\"og:description\" content=\"[vc_row][vc_column text_align=&#8220;center&#8220; width=&#8220;1\/4&#8243;][vc_column_text] made in EU&nbsp; &#8211; Zertifikat&nbsp;CE[\/vc_column_text][vc_column_text css_animation=&#8220;slideInDown&#8220; el_class=&#8220;hidebuybutton&#8220;][\/vc_column_text][\/vc_column][vc_column width=&#8220;3\/4&#8243;][vc_column_text]Aspiramax 25 L kann sowohl fu\u0308r das Aufsaugen von Staub, als auch von Flu\u0308ssigkeiten verwendet werden; der 25-Liter- Sammelbeh\u00e4lter kann mit als Zubeh\u00f6r erh\u00e4ltlichen Beuteln ausgestattet werden. Der Filterschu\u0308ttler setzt sich automatisch in Betrieb und die Maschine bleibt w\u00e4hrend der Reinigung der Filter in Betrieb. Die Maschine wird mit einem 4,5 m langen, flexiblen Saugrohr und dem Zubeh\u00f6rset geliefert, das eine Reihe von Aufs\u00e4tzen enth\u00e4lt mit denen sie auch als Hausstaubsauger verwendet werden kann. &nbsp; &nbsp; KONSTRUKTIONSDETAILS Leistung: 1600 W &#8211; 230 V F\u00f6rderkapazit\u00e4t: 25 Liter M\u00f6glichkeit einer automatischen Einschaltung mit Elektrowerkzeug L\u00e4nge des Saugrohrs: 4,5 m 2 innovative Filter mit einer Gesamtfl\u00e4che von 8600 cm2 zur Staubretention nach BIA Kat. C L\u00e4nge des Elektrokabels: 8 m Abmessungen: 57 x 36 x 37 cm Automatische Reinigung des Filters durch elektromagnetische Impulse Gewicht: 12 Kg &nbsp; [\/vc_column_text][\/vc_column][\/vc_row]\" \/>\n<meta property=\"og:url\" content=\"https:\/\/www.maxima-dia.com\/de\/bohrmaschinen\/professionelle-staubabsauger-aspiramax-25l\/\" \/>\n<meta property=\"og:site_name\" content=\"Maxima SpA\" \/>\n<meta property=\"article:publisher\" content=\"https:\/\/www.facebook.com\/Maxima-spa-106098566139597\" \/>\n<meta property=\"article:modified_time\" content=\"2021-08-03T09:13:05+00:00\" \/>\n<meta property=\"og:image\" content=\"https:\/\/www.maxima-dia.com\/wp-content\/uploads\/2017\/02\/aspiramax-1200.jpg\" \/>\n\t<meta property=\"og:image:width\" content=\"1200\" \/>\n\t<meta property=\"og:image:height\" content=\"1200\" \/>\n\t<meta property=\"og:image:type\" content=\"image\/jpeg\" \/>\n<meta name=\"twitter:card\" content=\"summary_large_image\" \/>\n<meta name=\"twitter:site\" content=\"@Maximadia\" \/>\n<meta name=\"twitter:label1\" content=\"Gesch\u00e4tzte Lesezeit\" \/>\n\t<meta name=\"twitter:data1\" content=\"3\u00a0Minuten\" \/>\n<script type=\"application\/ld+json\" class=\"yoast-schema-graph\">{\"@context\":\"https:\/\/schema.org\",\"@graph\":[{\"@type\":\"WebPage\",\"@id\":\"https:\/\/www.maxima-dia.com\/de\/bohrmaschinen\/professionelle-staubabsauger-aspiramax-25l\/\",\"url\":\"https:\/\/www.maxima-dia.com\/de\/bohrmaschinen\/professionelle-staubabsauger-aspiramax-25l\/\",\"name\":\"Aspiramax 25 L - Maxima SpA\",\"isPartOf\":{\"@id\":\"https:\/\/www.maxima-dia.com\/de\/#website\"},\"primaryImageOfPage\":{\"@id\":\"https:\/\/www.maxima-dia.com\/de\/bohrmaschinen\/professionelle-staubabsauger-aspiramax-25l\/#primaryimage\"},\"image\":{\"@id\":\"https:\/\/www.maxima-dia.com\/de\/bohrmaschinen\/professionelle-staubabsauger-aspiramax-25l\/#primaryimage\"},\"thumbnailUrl\":\"https:\/\/www.maxima-dia.com\/wp-content\/uploads\/2017\/02\/aspiramax-1200.jpg\",\"datePublished\":\"2014-05-20T14:50:41+00:00\",\"dateModified\":\"2021-08-03T09:13:05+00:00\",\"breadcrumb\":{\"@id\":\"https:\/\/www.maxima-dia.com\/de\/bohrmaschinen\/professionelle-staubabsauger-aspiramax-25l\/#breadcrumb\"},\"inLanguage\":\"de\",\"potentialAction\":[{\"@type\":\"ReadAction\",\"target\":[\"https:\/\/www.maxima-dia.com\/de\/bohrmaschinen\/professionelle-staubabsauger-aspiramax-25l\/\"]}]},{\"@type\":\"ImageObject\",\"inLanguage\":\"de\",\"@id\":\"https:\/\/www.maxima-dia.com\/de\/bohrmaschinen\/professionelle-staubabsauger-aspiramax-25l\/#primaryimage\",\"url\":\"https:\/\/www.maxima-dia.com\/wp-content\/uploads\/2017\/02\/aspiramax-1200.jpg\",\"contentUrl\":\"https:\/\/www.maxima-dia.com\/wp-content\/uploads\/2017\/02\/aspiramax-1200.jpg\",\"width\":1200,\"height\":1200,\"caption\":\"ASPIRAMAX 1200\"},{\"@type\":\"BreadcrumbList\",\"@id\":\"https:\/\/www.maxima-dia.com\/de\/bohrmaschinen\/professionelle-staubabsauger-aspiramax-25l\/#breadcrumb\",\"itemListElement\":[{\"@type\":\"ListItem\",\"position\":1,\"name\":\"Home\",\"item\":\"https:\/\/www.maxima-dia.com\/de\/\"},{\"@type\":\"ListItem\",\"position\":2,\"name\":\"Bohrmaschinen\",\"item\":\"https:\/\/www.maxima-dia.com\/de\/bohrmaschinen\/\"},{\"@type\":\"ListItem\",\"position\":3,\"name\":\"Aspiramax 25 L\"}]},{\"@type\":\"WebSite\",\"@id\":\"https:\/\/www.maxima-dia.com\/de\/#website\",\"url\":\"https:\/\/www.maxima-dia.com\/de\/\",\"name\":\"Maxima SpA\",\"description\":\"Only for the real professionals\",\"potentialAction\":[{\"@type\":\"SearchAction\",\"target\":{\"@type\":\"EntryPoint\",\"urlTemplate\":\"https:\/\/www.maxima-dia.com\/de\/?s={search_term_string}\"},\"query-input\":{\"@type\":\"PropertyValueSpecification\",\"valueRequired\":true,\"valueName\":\"search_term_string\"}}],\"inLanguage\":\"de\"}]}<\/script>\n<!-- \/ Yoast SEO plugin. -->","yoast_head_json":{"title":"Aspiramax 25 L - Maxima SpA","robots":{"index":"index","follow":"follow","max-snippet":"max-snippet:-1","max-image-preview":"max-image-preview:large","max-video-preview":"max-video-preview:-1"},"canonical":"https:\/\/www.maxima-dia.com\/de\/bohrmaschinen\/professionelle-staubabsauger-aspiramax-25l\/","og_locale":"de_DE","og_type":"article","og_title":"Aspiramax 25 L - Maxima SpA","og_description":"[vc_row][vc_column text_align=&#8220;center&#8220; width=&#8220;1\/4&#8243;][vc_column_text] made in EU&nbsp; &#8211; Zertifikat&nbsp;CE[\/vc_column_text][vc_column_text css_animation=&#8220;slideInDown&#8220; el_class=&#8220;hidebuybutton&#8220;][\/vc_column_text][\/vc_column][vc_column width=&#8220;3\/4&#8243;][vc_column_text]Aspiramax 25 L kann sowohl fu\u0308r das Aufsaugen von Staub, als auch von Flu\u0308ssigkeiten verwendet werden; der 25-Liter- Sammelbeh\u00e4lter kann mit als Zubeh\u00f6r erh\u00e4ltlichen Beuteln ausgestattet werden. Der Filterschu\u0308ttler setzt sich automatisch in Betrieb und die Maschine bleibt w\u00e4hrend der Reinigung der Filter in Betrieb. Die Maschine wird mit einem 4,5 m langen, flexiblen Saugrohr und dem Zubeh\u00f6rset geliefert, das eine Reihe von Aufs\u00e4tzen enth\u00e4lt mit denen sie auch als Hausstaubsauger verwendet werden kann. &nbsp; &nbsp; KONSTRUKTIONSDETAILS Leistung: 1600 W &#8211; 230 V F\u00f6rderkapazit\u00e4t: 25 Liter M\u00f6glichkeit einer automatischen Einschaltung mit Elektrowerkzeug L\u00e4nge des Saugrohrs: 4,5 m 2 innovative Filter mit einer Gesamtfl\u00e4che von 8600 cm2 zur Staubretention nach BIA Kat. C L\u00e4nge des Elektrokabels: 8 m Abmessungen: 57 x 36 x 37 cm Automatische Reinigung des Filters durch elektromagnetische Impulse Gewicht: 12 Kg &nbsp; [\/vc_column_text][\/vc_column][\/vc_row]","og_url":"https:\/\/www.maxima-dia.com\/de\/bohrmaschinen\/professionelle-staubabsauger-aspiramax-25l\/","og_site_name":"Maxima SpA","article_publisher":"https:\/\/www.facebook.com\/Maxima-spa-106098566139597","article_modified_time":"2021-08-03T09:13:05+00:00","og_image":[{"width":1200,"height":1200,"url":"https:\/\/www.maxima-dia.com\/wp-content\/uploads\/2017\/02\/aspiramax-1200.jpg","type":"image\/jpeg"}],"twitter_card":"summary_large_image","twitter_site":"@Maximadia","twitter_misc":{"Gesch\u00e4tzte Lesezeit":"3\u00a0Minuten"},"schema":{"@context":"https:\/\/schema.org","@graph":[{"@type":"WebPage","@id":"https:\/\/www.maxima-dia.com\/de\/bohrmaschinen\/professionelle-staubabsauger-aspiramax-25l\/","url":"https:\/\/www.maxima-dia.com\/de\/bohrmaschinen\/professionelle-staubabsauger-aspiramax-25l\/","name":"Aspiramax 25 L - Maxima SpA","isPartOf":{"@id":"https:\/\/www.maxima-dia.com\/de\/#website"},"primaryImageOfPage":{"@id":"https:\/\/www.maxima-dia.com\/de\/bohrmaschinen\/professionelle-staubabsauger-aspiramax-25l\/#primaryimage"},"image":{"@id":"https:\/\/www.maxima-dia.com\/de\/bohrmaschinen\/professionelle-staubabsauger-aspiramax-25l\/#primaryimage"},"thumbnailUrl":"https:\/\/www.maxima-dia.com\/wp-content\/uploads\/2017\/02\/aspiramax-1200.jpg","datePublished":"2014-05-20T14:50:41+00:00","dateModified":"2021-08-03T09:13:05+00:00","breadcrumb":{"@id":"https:\/\/www.maxima-dia.com\/de\/bohrmaschinen\/professionelle-staubabsauger-aspiramax-25l\/#breadcrumb"},"inLanguage":"de","potentialAction":[{"@type":"ReadAction","target":["https:\/\/www.maxima-dia.com\/de\/bohrmaschinen\/professionelle-staubabsauger-aspiramax-25l\/"]}]},{"@type":"ImageObject","inLanguage":"de","@id":"https:\/\/www.maxima-dia.com\/de\/bohrmaschinen\/professionelle-staubabsauger-aspiramax-25l\/#primaryimage","url":"https:\/\/www.maxima-dia.com\/wp-content\/uploads\/2017\/02\/aspiramax-1200.jpg","contentUrl":"https:\/\/www.maxima-dia.com\/wp-content\/uploads\/2017\/02\/aspiramax-1200.jpg","width":1200,"height":1200,"caption":"ASPIRAMAX 1200"},{"@type":"BreadcrumbList","@id":"https:\/\/www.maxima-dia.com\/de\/bohrmaschinen\/professionelle-staubabsauger-aspiramax-25l\/#breadcrumb","itemListElement":[{"@type":"ListItem","position":1,"name":"Home","item":"https:\/\/www.maxima-dia.com\/de\/"},{"@type":"ListItem","position":2,"name":"Bohrmaschinen","item":"https:\/\/www.maxima-dia.com\/de\/bohrmaschinen\/"},{"@type":"ListItem","position":3,"name":"Aspiramax 25 L"}]},{"@type":"WebSite","@id":"https:\/\/www.maxima-dia.com\/de\/#website","url":"https:\/\/www.maxima-dia.com\/de\/","name":"Maxima SpA","description":"Only for the real professionals","potentialAction":[{"@type":"SearchAction","target":{"@type":"EntryPoint","urlTemplate":"https:\/\/www.maxima-dia.com\/de\/?s={search_term_string}"},"query-input":{"@type":"PropertyValueSpecification","valueRequired":true,"valueName":"search_term_string"}}],"inLanguage":"de"}]}},"_links":{"self":[{"href":"https:\/\/www.maxima-dia.com\/de\/wp-json\/wp\/v2\/pages\/8721"}],"collection":[{"href":"https:\/\/www.maxima-dia.com\/de\/wp-json\/wp\/v2\/pages"}],"about":[{"href":"https:\/\/www.maxima-dia.com\/de\/wp-json\/wp\/v2\/types\/page"}],"author":[{"embeddable":true,"href":"https:\/\/www.maxima-dia.com\/de\/wp-json\/wp\/v2\/users\/29"}],"replies":[{"embeddable":true,"href":"https:\/\/www.maxima-dia.com\/de\/wp-json\/wp\/v2\/comments?post=8721"}],"version-history":[{"count":0,"href":"https:\/\/www.maxima-dia.com\/de\/wp-json\/wp\/v2\/pages\/8721\/revisions"}],"up":[{"embeddable":true,"href":"https:\/\/www.maxima-dia.com\/de\/wp-json\/wp\/v2\/pages\/12466"}],"wp:featuredmedia":[{"embeddable":true,"href":"https:\/\/www.maxima-dia.com\/de\/wp-json\/wp\/v2\/media\/13670"}],"wp:attachment":[{"href":"https:\/\/www.maxima-dia.com\/de\/wp-json\/wp\/v2\/media?parent=8721"}],"curies":[{"name":"wp","href":"https:\/\/api.w.org\/{rel}","templated":true}]}}