{"id":8771,"date":"2014-05-21T08:55:35","date_gmt":"2014-05-21T06:55:35","guid":{"rendered":"http:\/\/www.maxima-dia.com\/?post_type=products&#038;p=8771"},"modified":"2021-08-02T12:20:28","modified_gmt":"2021-08-02T10:20:28","slug":"caromax-500","status":"publish","type":"page","link":"https:\/\/www.maxima-dia.com\/de\/bohrmaschinen\/caromax-500\/","title":{"rendered":"Caromax 500"},"content":{"rendered":"<div class=\"wpb-content-wrapper\"><p>[vc_row][vc_column text_align=&#8220;center&#8220; width=&#8220;1\/4&#8243;][vc_column_text]<a href=\"\/wp-content\/uploads\/2017\/02\/caromax-500.jpg\"><img loading=\"lazy\" decoding=\"async\" class=\"alignnone size-thumbnail wp-image-13694\" src=\"\/wp-content\/uploads\/2017\/02\/caromax-500-150x150.jpg\" alt=\"CAROMAX 500\" width=\"150\" height=\"150\" srcset=\"https:\/\/www.maxima-dia.com\/wp-content\/uploads\/2017\/02\/caromax-500-150x150.jpg 150w, https:\/\/www.maxima-dia.com\/wp-content\/uploads\/2017\/02\/caromax-500-300x300.jpg 300w, https:\/\/www.maxima-dia.com\/wp-content\/uploads\/2017\/02\/caromax-500-768x768.jpg 768w, https:\/\/www.maxima-dia.com\/wp-content\/uploads\/2017\/02\/caromax-500-1024x1024.jpg 1024w, https:\/\/www.maxima-dia.com\/wp-content\/uploads\/2017\/02\/caromax-500-80x80.jpg 80w, https:\/\/www.maxima-dia.com\/wp-content\/uploads\/2017\/02\/caromax-500-500x500.jpg 500w, https:\/\/www.maxima-dia.com\/wp-content\/uploads\/2017\/02\/caromax-500-1000x1000.jpg 1000w, https:\/\/www.maxima-dia.com\/wp-content\/uploads\/2017\/02\/caromax-500.jpg 1200w\" sizes=\"(max-width: 150px) 100vw, 150px\" \/><\/a><\/p>\n<p>made in EU&nbsp;<img loading=\"lazy\" decoding=\"async\" src=\"\/wp-content\/uploads\/2013\/11\/eu.png\" alt=\"eu\" width=\"24\" height=\"16\"> &#8211; Zertifikat&nbsp;<span style=\"font-family: arial,helvetica,sans-serif;\">CE<\/span>[\/vc_column_text][vc_column_text css_animation=&#8220;slideInDown&#8220; el_class=&#8220;hidebuybutton&#8220;]<a href=\"https:\/\/www.storemaxima.com\/de\/bohrer-fuer-gebaeude\/109-caromax-500.html\" target=\"_blank\" rel=\"noopener\"><img loading=\"lazy\" decoding=\"async\" class=\"alignnone\" title=\"Kaufen Auf www.storemaxima.com\" src=\"https:\/\/www.maxima-dia.com\/wp-content\/uploads\/2019\/12\/pulsante-acquista-storemaxima.com-de.svg\" alt=\"Kaufen Auf www.storemaxima.com\" width=\"180\" height=\"80\"><\/a>[\/vc_column_text][\/vc_column][vc_column width=&#8220;3\/4&#8243;][vc_column_text]Diese Bohrmaschine ist fu\u0308r Arbeiten die Bohrl\u00f6cher mit gro\u00dfen Durchmessern und demzufolge Maschinen mit hohen Nennleistungen erfordern geeignet. Die <strong>Caromax 500<\/strong> hat einen leistungsstarken Dreiphasenmotor mit 5200 W und ist mit dem ganz aus Stahl angefertigten Bohrst\u00e4nder 500 mit widerstandsf\u00e4higen und hochwertigen technischen Bauelementen ausgestattet, . Sie wird auf den Oberfl\u00e4chen ausschlie\u00dflich mit Spezialdu\u0308beln mit besonders starker Haftkraft befestigt und darf nur mit Bohrkronen mit einem Durchmesser von maximal 500 mm verwendet werden. Die Bohrs\u00e4ule ist bis auf maximal 20\u00b0 (Vorderseite) und 90\u00b0 (Ru\u0308ckseite) abwinkelbar.<\/p>\n<table class=\"tabellafotocarotaggio\" style=\"width: 100%;\">\n<tbody>\n<tr>\n<td style=\"text-align: center;\"><a href=\"\/wp-content\/uploads\/2017\/02\/caromax-500-1.jpg\"><img loading=\"lazy\" decoding=\"async\" class=\"alignnone wp-image-13693 size-thumbnail\" src=\"\/wp-content\/uploads\/2017\/02\/caromax-500-1-150x150.jpg\" width=\"150\" height=\"150\" srcset=\"https:\/\/www.maxima-dia.com\/wp-content\/uploads\/2017\/02\/caromax-500-1-150x150.jpg 150w, https:\/\/www.maxima-dia.com\/wp-content\/uploads\/2017\/02\/caromax-500-1-300x300.jpg 300w, https:\/\/www.maxima-dia.com\/wp-content\/uploads\/2017\/02\/caromax-500-1-768x768.jpg 768w, https:\/\/www.maxima-dia.com\/wp-content\/uploads\/2017\/02\/caromax-500-1-1024x1024.jpg 1024w, https:\/\/www.maxima-dia.com\/wp-content\/uploads\/2017\/02\/caromax-500-1-80x80.jpg 80w, https:\/\/www.maxima-dia.com\/wp-content\/uploads\/2017\/02\/caromax-500-1-500x500.jpg 500w, https:\/\/www.maxima-dia.com\/wp-content\/uploads\/2017\/02\/caromax-500-1-1000x1000.jpg 1000w, https:\/\/www.maxima-dia.com\/wp-content\/uploads\/2017\/02\/caromax-500-1.jpg 1200w\" sizes=\"(max-width: 150px) 100vw, 150px\" \/><\/a><\/td>\n<\/tr>\n<\/tbody>\n<\/table>\n<p>&nbsp;<\/p>\n<table class=\"tabellatecnica\" style=\"width: 100%;\" border=\"0\" cellspacing=\"0\" cellpadding=\"0\">\n<thead>\n<tr>\n<td class=\"testata\" colspan=\"2\">TECHNISCHE EIGENSCHAFTEN<\/td>\n<\/tr>\n<\/thead>\n<tbody>\n<tr>\n<td class=\"coltesto1\" style=\"width: 50%;\">Motor: CWEK52 mit Wasserku\u0308hlung mit 5200 W &#8211; 400 V<\/td>\n<td class=\"coltesto1\" style=\"width: 50%;\">3 mechanisch w\u00e4hlbare Geschwindigkeiten:<\/td>\n<\/tr>\n<tr>\n<td class=\"coltesto1\" style=\"width: 50%;\">Anschluss: 1\u201d1\/4<\/td>\n<td class=\"coltesto1\" style=\"width: 50%;\" rowspan=\"3\">1 bis 120 U\/min Durchbohrbarkeit: 320&nbsp;&#8211; 500 mm<br \/>\n2 bis 280 U\/min Durchbohrbarkeit: 160 &#8211; 320&nbsp;mm<br \/>\n3 bis 440 U\/min Durchbohrbarkeit: 110&nbsp;&#8211; 210&nbsp;mm<\/td>\n<\/tr>\n<tr>\n<td class=\"coltesto2\" style=\"width: 50%;\">Maximaler Durchmesser Bohrl\u00f6cher 500 mm<\/td>\n<\/tr>\n<tr>\n<td class=\"coltesto2\" style=\"width: 50%;\">Nutzhub: 690 mm H\u00f6he Bohrst\u00e4nder: 1350 mm<\/td>\n<\/tr>\n<tr>\n<td class=\"coltesto2\" style=\"width: 50%;\">Bis auf 90\u00b0 kippbar<\/td>\n<td class=\"coltesto2\" style=\"width: 50%;\">Gewicht des Bohrst\u00e4nders: 26 kg<\/td>\n<\/tr>\n<tr>\n<td class=\"coltesto2\" style=\"width: 50%;\">Schnellabkopplung des Motors<\/td>\n<td class=\"coltesto2\" style=\"width: 50%;\">Motorgewicht: 22,9 kg<\/td>\n<\/tr>\n<\/tbody>\n<\/table>\n<div id=\"gtx-trans\" style=\"position: absolute; left: 91px; top: 529px;\">\n<div class=\"gtx-trans-icon\">&nbsp;<\/div>\n<\/div>\n<p>[\/vc_column_text][\/vc_column][\/vc_row]<\/p>\n<\/div>","protected":false},"excerpt":{"rendered":"<p>[vc_row][vc_column text_align=&#8220;center&#8220; width=&#8220;1\/4&#8243;][vc_column_text] made in EU&nbsp; &#8211; Zertifikat&nbsp;CE[\/vc_column_text][vc_column_text css_animation=&#8220;slideInDown&#8220; el_class=&#8220;hidebuybutton&#8220;][\/vc_column_text][\/vc_column][vc_column width=&#8220;3\/4&#8243;][vc_column_text]Diese Bohrmaschine ist fu\u0308r Arbeiten die Bohrl\u00f6cher mit gro\u00dfen Durchmessern und demzufolge Maschinen mit hohen Nennleistungen erfordern geeignet. Die Caromax 500 hat einen leistungsstarken Dreiphasenmotor mit 5200 W und ist mit dem ganz aus Stahl angefertigten Bohrst\u00e4nder 500 mit widerstandsf\u00e4higen und hochwertigen technischen Bauelementen ausgestattet, . Sie wird auf den Oberfl\u00e4chen ausschlie\u00dflich mit Spezialdu\u0308beln mit besonders starker Haftkraft befestigt und darf nur mit Bohrkronen mit einem Durchmesser von maximal 500 mm verwendet werden. Die Bohrs\u00e4ule ist bis auf maximal 20\u00b0 (Vorderseite) und 90\u00b0 (Ru\u0308ckseite) abwinkelbar. &nbsp; TECHNISCHE EIGENSCHAFTEN Motor: CWEK52 mit Wasserku\u0308hlung mit 5200 W &#8211; 400 V 3 mechanisch w\u00e4hlbare Geschwindigkeiten: Anschluss: 1\u201d1\/4 1 bis 120 U\/min Durchbohrbarkeit: 320&nbsp;&#8211; 500 mm 2 bis 280 U\/min Durchbohrbarkeit: 160 &#8211; 320&nbsp;mm 3 bis 440 U\/min Durchbohrbarkeit: 110&nbsp;&#8211; 210&nbsp;mm Maximaler Durchmesser Bohrl\u00f6cher 500 mm Nutzhub: 690 mm H\u00f6he Bohrst\u00e4nder: 1350 mm Bis auf 90\u00b0 kippbar Gewicht des Bohrst\u00e4nders: 26 kg Schnellabkopplung des Motors Motorgewicht: 22,9 kg &nbsp; [\/vc_column_text][\/vc_column][\/vc_row]<\/p>\n","protected":false},"author":29,"featured_media":24898,"parent":12466,"menu_order":15,"comment_status":"closed","ping_status":"closed","template":"","meta":{"ngg_post_thumbnail":0,"_joinchat":[],"footnotes":""},"class_list":["post-8771","page","type-page","status-publish","has-post-thumbnail","hentry"],"yoast_head":"<!-- This site is optimized with the Yoast SEO plugin v25.5 - https:\/\/yoast.com\/wordpress\/plugins\/seo\/ -->\n<title>Caromax 500 - Maxima SpA<\/title>\n<meta name=\"robots\" content=\"index, follow, max-snippet:-1, max-image-preview:large, max-video-preview:-1\" \/>\n<link rel=\"canonical\" href=\"https:\/\/www.maxima-dia.com\/de\/bohrmaschinen\/caromax-500\/\" \/>\n<meta property=\"og:locale\" content=\"de_DE\" \/>\n<meta property=\"og:type\" content=\"article\" \/>\n<meta property=\"og:title\" content=\"Caromax 500 - Maxima SpA\" \/>\n<meta property=\"og:description\" content=\"[vc_row][vc_column text_align=&#8220;center&#8220; width=&#8220;1\/4&#8243;][vc_column_text] made in EU&nbsp; &#8211; Zertifikat&nbsp;CE[\/vc_column_text][vc_column_text css_animation=&#8220;slideInDown&#8220; el_class=&#8220;hidebuybutton&#8220;][\/vc_column_text][\/vc_column][vc_column width=&#8220;3\/4&#8243;][vc_column_text]Diese Bohrmaschine ist fu\u0308r Arbeiten die Bohrl\u00f6cher mit gro\u00dfen Durchmessern und demzufolge Maschinen mit hohen Nennleistungen erfordern geeignet. Die Caromax 500 hat einen leistungsstarken Dreiphasenmotor mit 5200 W und ist mit dem ganz aus Stahl angefertigten Bohrst\u00e4nder 500 mit widerstandsf\u00e4higen und hochwertigen technischen Bauelementen ausgestattet, . Sie wird auf den Oberfl\u00e4chen ausschlie\u00dflich mit Spezialdu\u0308beln mit besonders starker Haftkraft befestigt und darf nur mit Bohrkronen mit einem Durchmesser von maximal 500 mm verwendet werden. Die Bohrs\u00e4ule ist bis auf maximal 20\u00b0 (Vorderseite) und 90\u00b0 (Ru\u0308ckseite) abwinkelbar. &nbsp; TECHNISCHE EIGENSCHAFTEN Motor: CWEK52 mit Wasserku\u0308hlung mit 5200 W &#8211; 400 V 3 mechanisch w\u00e4hlbare Geschwindigkeiten: Anschluss: 1\u201d1\/4 1 bis 120 U\/min Durchbohrbarkeit: 320&nbsp;&#8211; 500 mm 2 bis 280 U\/min Durchbohrbarkeit: 160 &#8211; 320&nbsp;mm 3 bis 440 U\/min Durchbohrbarkeit: 110&nbsp;&#8211; 210&nbsp;mm Maximaler Durchmesser Bohrl\u00f6cher 500 mm Nutzhub: 690 mm H\u00f6he Bohrst\u00e4nder: 1350 mm Bis auf 90\u00b0 kippbar Gewicht des Bohrst\u00e4nders: 26 kg Schnellabkopplung des Motors Motorgewicht: 22,9 kg &nbsp; [\/vc_column_text][\/vc_column][\/vc_row]\" \/>\n<meta property=\"og:url\" content=\"https:\/\/www.maxima-dia.com\/de\/bohrmaschinen\/caromax-500\/\" \/>\n<meta property=\"og:site_name\" content=\"Maxima SpA\" \/>\n<meta property=\"article:publisher\" content=\"https:\/\/www.facebook.com\/Maxima-spa-106098566139597\" \/>\n<meta property=\"article:modified_time\" content=\"2021-08-02T10:20:28+00:00\" \/>\n<meta property=\"og:image\" content=\"https:\/\/www.maxima-dia.com\/wp-content\/uploads\/2017\/02\/caromax-500.jpg\" \/>\n\t<meta property=\"og:image:width\" content=\"1200\" \/>\n\t<meta property=\"og:image:height\" content=\"1200\" \/>\n\t<meta property=\"og:image:type\" content=\"image\/jpeg\" \/>\n<meta name=\"twitter:card\" content=\"summary_large_image\" \/>\n<meta name=\"twitter:site\" content=\"@Maximadia\" \/>\n<meta name=\"twitter:label1\" content=\"Gesch\u00e4tzte Lesezeit\" \/>\n\t<meta name=\"twitter:data1\" content=\"2\u00a0Minuten\" \/>\n<script type=\"application\/ld+json\" class=\"yoast-schema-graph\">{\"@context\":\"https:\/\/schema.org\",\"@graph\":[{\"@type\":\"WebPage\",\"@id\":\"https:\/\/www.maxima-dia.com\/de\/bohrmaschinen\/caromax-500\/\",\"url\":\"https:\/\/www.maxima-dia.com\/de\/bohrmaschinen\/caromax-500\/\",\"name\":\"Caromax 500 - Maxima SpA\",\"isPartOf\":{\"@id\":\"https:\/\/www.maxima-dia.com\/de\/#website\"},\"primaryImageOfPage\":{\"@id\":\"https:\/\/www.maxima-dia.com\/de\/bohrmaschinen\/caromax-500\/#primaryimage\"},\"image\":{\"@id\":\"https:\/\/www.maxima-dia.com\/de\/bohrmaschinen\/caromax-500\/#primaryimage\"},\"thumbnailUrl\":\"https:\/\/www.maxima-dia.com\/wp-content\/uploads\/2017\/02\/caromax-500.jpg\",\"datePublished\":\"2014-05-21T06:55:35+00:00\",\"dateModified\":\"2021-08-02T10:20:28+00:00\",\"breadcrumb\":{\"@id\":\"https:\/\/www.maxima-dia.com\/de\/bohrmaschinen\/caromax-500\/#breadcrumb\"},\"inLanguage\":\"de\",\"potentialAction\":[{\"@type\":\"ReadAction\",\"target\":[\"https:\/\/www.maxima-dia.com\/de\/bohrmaschinen\/caromax-500\/\"]}]},{\"@type\":\"ImageObject\",\"inLanguage\":\"de\",\"@id\":\"https:\/\/www.maxima-dia.com\/de\/bohrmaschinen\/caromax-500\/#primaryimage\",\"url\":\"https:\/\/www.maxima-dia.com\/wp-content\/uploads\/2017\/02\/caromax-500.jpg\",\"contentUrl\":\"https:\/\/www.maxima-dia.com\/wp-content\/uploads\/2017\/02\/caromax-500.jpg\",\"width\":1200,\"height\":1200},{\"@type\":\"BreadcrumbList\",\"@id\":\"https:\/\/www.maxima-dia.com\/de\/bohrmaschinen\/caromax-500\/#breadcrumb\",\"itemListElement\":[{\"@type\":\"ListItem\",\"position\":1,\"name\":\"Home\",\"item\":\"https:\/\/www.maxima-dia.com\/de\/\"},{\"@type\":\"ListItem\",\"position\":2,\"name\":\"Bohrmaschinen\",\"item\":\"https:\/\/www.maxima-dia.com\/de\/bohrmaschinen\/\"},{\"@type\":\"ListItem\",\"position\":3,\"name\":\"Caromax 500\"}]},{\"@type\":\"WebSite\",\"@id\":\"https:\/\/www.maxima-dia.com\/de\/#website\",\"url\":\"https:\/\/www.maxima-dia.com\/de\/\",\"name\":\"Maxima SpA\",\"description\":\"Only for the real professionals\",\"potentialAction\":[{\"@type\":\"SearchAction\",\"target\":{\"@type\":\"EntryPoint\",\"urlTemplate\":\"https:\/\/www.maxima-dia.com\/de\/?s={search_term_string}\"},\"query-input\":{\"@type\":\"PropertyValueSpecification\",\"valueRequired\":true,\"valueName\":\"search_term_string\"}}],\"inLanguage\":\"de\"}]}<\/script>\n<!-- \/ Yoast SEO plugin. -->","yoast_head_json":{"title":"Caromax 500 - Maxima SpA","robots":{"index":"index","follow":"follow","max-snippet":"max-snippet:-1","max-image-preview":"max-image-preview:large","max-video-preview":"max-video-preview:-1"},"canonical":"https:\/\/www.maxima-dia.com\/de\/bohrmaschinen\/caromax-500\/","og_locale":"de_DE","og_type":"article","og_title":"Caromax 500 - Maxima SpA","og_description":"[vc_row][vc_column text_align=&#8220;center&#8220; width=&#8220;1\/4&#8243;][vc_column_text] made in EU&nbsp; &#8211; Zertifikat&nbsp;CE[\/vc_column_text][vc_column_text css_animation=&#8220;slideInDown&#8220; el_class=&#8220;hidebuybutton&#8220;][\/vc_column_text][\/vc_column][vc_column width=&#8220;3\/4&#8243;][vc_column_text]Diese Bohrmaschine ist fu\u0308r Arbeiten die Bohrl\u00f6cher mit gro\u00dfen Durchmessern und demzufolge Maschinen mit hohen Nennleistungen erfordern geeignet. Die Caromax 500 hat einen leistungsstarken Dreiphasenmotor mit 5200 W und ist mit dem ganz aus Stahl angefertigten Bohrst\u00e4nder 500 mit widerstandsf\u00e4higen und hochwertigen technischen Bauelementen ausgestattet, . Sie wird auf den Oberfl\u00e4chen ausschlie\u00dflich mit Spezialdu\u0308beln mit besonders starker Haftkraft befestigt und darf nur mit Bohrkronen mit einem Durchmesser von maximal 500 mm verwendet werden. Die Bohrs\u00e4ule ist bis auf maximal 20\u00b0 (Vorderseite) und 90\u00b0 (Ru\u0308ckseite) abwinkelbar. &nbsp; TECHNISCHE EIGENSCHAFTEN Motor: CWEK52 mit Wasserku\u0308hlung mit 5200 W &#8211; 400 V 3 mechanisch w\u00e4hlbare Geschwindigkeiten: Anschluss: 1\u201d1\/4 1 bis 120 U\/min Durchbohrbarkeit: 320&nbsp;&#8211; 500 mm 2 bis 280 U\/min Durchbohrbarkeit: 160 &#8211; 320&nbsp;mm 3 bis 440 U\/min Durchbohrbarkeit: 110&nbsp;&#8211; 210&nbsp;mm Maximaler Durchmesser Bohrl\u00f6cher 500 mm Nutzhub: 690 mm H\u00f6he Bohrst\u00e4nder: 1350 mm Bis auf 90\u00b0 kippbar Gewicht des Bohrst\u00e4nders: 26 kg Schnellabkopplung des Motors Motorgewicht: 22,9 kg &nbsp; [\/vc_column_text][\/vc_column][\/vc_row]","og_url":"https:\/\/www.maxima-dia.com\/de\/bohrmaschinen\/caromax-500\/","og_site_name":"Maxima SpA","article_publisher":"https:\/\/www.facebook.com\/Maxima-spa-106098566139597","article_modified_time":"2021-08-02T10:20:28+00:00","og_image":[{"width":1200,"height":1200,"url":"https:\/\/www.maxima-dia.com\/wp-content\/uploads\/2017\/02\/caromax-500.jpg","type":"image\/jpeg"}],"twitter_card":"summary_large_image","twitter_site":"@Maximadia","twitter_misc":{"Gesch\u00e4tzte Lesezeit":"2\u00a0Minuten"},"schema":{"@context":"https:\/\/schema.org","@graph":[{"@type":"WebPage","@id":"https:\/\/www.maxima-dia.com\/de\/bohrmaschinen\/caromax-500\/","url":"https:\/\/www.maxima-dia.com\/de\/bohrmaschinen\/caromax-500\/","name":"Caromax 500 - Maxima SpA","isPartOf":{"@id":"https:\/\/www.maxima-dia.com\/de\/#website"},"primaryImageOfPage":{"@id":"https:\/\/www.maxima-dia.com\/de\/bohrmaschinen\/caromax-500\/#primaryimage"},"image":{"@id":"https:\/\/www.maxima-dia.com\/de\/bohrmaschinen\/caromax-500\/#primaryimage"},"thumbnailUrl":"https:\/\/www.maxima-dia.com\/wp-content\/uploads\/2017\/02\/caromax-500.jpg","datePublished":"2014-05-21T06:55:35+00:00","dateModified":"2021-08-02T10:20:28+00:00","breadcrumb":{"@id":"https:\/\/www.maxima-dia.com\/de\/bohrmaschinen\/caromax-500\/#breadcrumb"},"inLanguage":"de","potentialAction":[{"@type":"ReadAction","target":["https:\/\/www.maxima-dia.com\/de\/bohrmaschinen\/caromax-500\/"]}]},{"@type":"ImageObject","inLanguage":"de","@id":"https:\/\/www.maxima-dia.com\/de\/bohrmaschinen\/caromax-500\/#primaryimage","url":"https:\/\/www.maxima-dia.com\/wp-content\/uploads\/2017\/02\/caromax-500.jpg","contentUrl":"https:\/\/www.maxima-dia.com\/wp-content\/uploads\/2017\/02\/caromax-500.jpg","width":1200,"height":1200},{"@type":"BreadcrumbList","@id":"https:\/\/www.maxima-dia.com\/de\/bohrmaschinen\/caromax-500\/#breadcrumb","itemListElement":[{"@type":"ListItem","position":1,"name":"Home","item":"https:\/\/www.maxima-dia.com\/de\/"},{"@type":"ListItem","position":2,"name":"Bohrmaschinen","item":"https:\/\/www.maxima-dia.com\/de\/bohrmaschinen\/"},{"@type":"ListItem","position":3,"name":"Caromax 500"}]},{"@type":"WebSite","@id":"https:\/\/www.maxima-dia.com\/de\/#website","url":"https:\/\/www.maxima-dia.com\/de\/","name":"Maxima SpA","description":"Only for the real professionals","potentialAction":[{"@type":"SearchAction","target":{"@type":"EntryPoint","urlTemplate":"https:\/\/www.maxima-dia.com\/de\/?s={search_term_string}"},"query-input":{"@type":"PropertyValueSpecification","valueRequired":true,"valueName":"search_term_string"}}],"inLanguage":"de"}]}},"_links":{"self":[{"href":"https:\/\/www.maxima-dia.com\/de\/wp-json\/wp\/v2\/pages\/8771"}],"collection":[{"href":"https:\/\/www.maxima-dia.com\/de\/wp-json\/wp\/v2\/pages"}],"about":[{"href":"https:\/\/www.maxima-dia.com\/de\/wp-json\/wp\/v2\/types\/page"}],"author":[{"embeddable":true,"href":"https:\/\/www.maxima-dia.com\/de\/wp-json\/wp\/v2\/users\/29"}],"replies":[{"embeddable":true,"href":"https:\/\/www.maxima-dia.com\/de\/wp-json\/wp\/v2\/comments?post=8771"}],"version-history":[{"count":0,"href":"https:\/\/www.maxima-dia.com\/de\/wp-json\/wp\/v2\/pages\/8771\/revisions"}],"up":[{"embeddable":true,"href":"https:\/\/www.maxima-dia.com\/de\/wp-json\/wp\/v2\/pages\/12466"}],"wp:featuredmedia":[{"embeddable":true,"href":"https:\/\/www.maxima-dia.com\/de\/wp-json\/wp\/v2\/media\/24898"}],"wp:attachment":[{"href":"https:\/\/www.maxima-dia.com\/de\/wp-json\/wp\/v2\/media?parent=8771"}],"curies":[{"name":"wp","href":"https:\/\/api.w.org\/{rel}","templated":true}]}}