{"id":8798,"date":"2014-05-21T10:27:21","date_gmt":"2014-05-21T08:27:21","guid":{"rendered":"http:\/\/www.maxima-dia.com\/?post_type=products&#038;p=8798"},"modified":"2021-08-02T11:59:04","modified_gmt":"2021-08-02T09:59:04","slug":"caromax-400","status":"publish","type":"page","link":"https:\/\/www.maxima-dia.com\/de\/bohrmaschinen\/caromax-400\/","title":{"rendered":"Caromax 400"},"content":{"rendered":"<div class=\"wpb-content-wrapper\"><p>[vc_row][vc_column text_align=&#8220;center&#8220; width=&#8220;1\/4&#8243;][vc_column_text]<a href=\"\/wp-content\/uploads\/2017\/02\/caromax-400.jpg\"><img loading=\"lazy\" decoding=\"async\" class=\"alignnone size-thumbnail wp-image-13692\" src=\"\/wp-content\/uploads\/2017\/02\/caromax-400-150x150.jpg\" alt=\"CAROMAX 400\" width=\"150\" height=\"150\" srcset=\"https:\/\/www.maxima-dia.com\/wp-content\/uploads\/2017\/02\/caromax-400-150x150.jpg 150w, https:\/\/www.maxima-dia.com\/wp-content\/uploads\/2017\/02\/caromax-400-300x300.jpg 300w, https:\/\/www.maxima-dia.com\/wp-content\/uploads\/2017\/02\/caromax-400-768x768.jpg 768w, https:\/\/www.maxima-dia.com\/wp-content\/uploads\/2017\/02\/caromax-400-1024x1024.jpg 1024w, https:\/\/www.maxima-dia.com\/wp-content\/uploads\/2017\/02\/caromax-400-80x80.jpg 80w, https:\/\/www.maxima-dia.com\/wp-content\/uploads\/2017\/02\/caromax-400-500x500.jpg 500w, https:\/\/www.maxima-dia.com\/wp-content\/uploads\/2017\/02\/caromax-400-1000x1000.jpg 1000w, https:\/\/www.maxima-dia.com\/wp-content\/uploads\/2017\/02\/caromax-400.jpg 1200w\" sizes=\"(max-width: 150px) 100vw, 150px\" \/><\/a><\/p>\n<p>made in EU&nbsp;<img loading=\"lazy\" decoding=\"async\" src=\"\/wp-content\/uploads\/2013\/11\/eu.png\" alt=\"eu\" width=\"24\" height=\"16\"> &#8211; Zertifikat&nbsp;<span style=\"font-family: arial,helvetica,sans-serif;\">CE<\/span>[\/vc_column_text][vc_column_text css_animation=&#8220;slideInDown&#8220; el_class=&#8220;hidebuybutton&#8220;]<a href=\"https:\/\/www.storemaxima.com\/de\/bohrer-fuer-gebaeude\/108-caromax-400.html\" target=\"_blank\" rel=\"noopener\"><img loading=\"lazy\" decoding=\"async\" class=\"alignnone\" title=\"Kaufen Auf www.storemaxima.com\" src=\"https:\/\/www.maxima-dia.com\/wp-content\/uploads\/2019\/12\/pulsante-acquista-storemaxima.com-de.svg\" alt=\"Kaufen Auf www.storemaxima.com\" width=\"180\" height=\"80\"><\/a>[\/vc_column_text][\/vc_column][vc_column width=&#8220;3\/4&#8243;][vc_column_text]Wie der Name schon sagt erreicht die <strong>Caromax 400<\/strong> ihre maximale Kapazit\u00e4t mit Diamantbohrkronen mit 400 mm Durchmesser. Sie hat einen CWEK 32-Motor mit 3200 W der auf einem Bohrst\u00e4nder 400 aus Aluminium mit Stahlsockel montiert ist. Sie eignet sich ideal fu\u0308r Bohrarbeiten mit gro\u00dfen Durchmessern im Bausektor; aufgrund der geringen Drehgeschwindigkeit der 3 G\u00e4nge ist sie weniger gut fu\u0308r Bohrungen mit Durchmessern unter 80 mm geeignet. Um die Arbeit des Benutzers zu erleichtern ist der Motorwagen mit einem doppelten Gleitmechanismus ausgestattet, in den der sowohl als Seilwinde, als auch als Schraubenschlu\u0308ssel fungierende Griff eingesetzt wird. Sie kann nicht mit Befestigung mit Unterdruckpumpe eingesetzt werden.<\/p>\n<table class=\"tabellafotocarotaggio\" style=\"width: 100%;\">\n<tbody>\n<tr>\n<td style=\"width: 33%; text-align: center;\"><a href=\"\/wp-content\/uploads\/2017\/02\/caromax-400-1.jpg\"><img loading=\"lazy\" decoding=\"async\" class=\"alignnone wp-image-13689 size-thumbnail\" src=\"\/wp-content\/uploads\/2017\/02\/caromax-400-1-150x150.jpg\" width=\"150\" height=\"150\" srcset=\"https:\/\/www.maxima-dia.com\/wp-content\/uploads\/2017\/02\/caromax-400-1-150x150.jpg 150w, https:\/\/www.maxima-dia.com\/wp-content\/uploads\/2017\/02\/caromax-400-1-80x80.jpg 80w, https:\/\/www.maxima-dia.com\/wp-content\/uploads\/2017\/02\/caromax-400-1-500x500.jpg 500w, https:\/\/www.maxima-dia.com\/wp-content\/uploads\/2017\/02\/caromax-400-1-1000x1000.jpg 1000w\" sizes=\"(max-width: 150px) 100vw, 150px\" \/><\/a><\/td>\n<td style=\"width: 33%; text-align: center;\"><a href=\"\/wp-content\/uploads\/2017\/02\/caromax-400-2.jpg\"><img loading=\"lazy\" decoding=\"async\" class=\"alignnone wp-image-13690 size-thumbnail\" src=\"\/wp-content\/uploads\/2017\/02\/caromax-400-2-150x150.jpg\" width=\"150\" height=\"150\" srcset=\"https:\/\/www.maxima-dia.com\/wp-content\/uploads\/2017\/02\/caromax-400-2-150x150.jpg 150w, https:\/\/www.maxima-dia.com\/wp-content\/uploads\/2017\/02\/caromax-400-2-80x80.jpg 80w, https:\/\/www.maxima-dia.com\/wp-content\/uploads\/2017\/02\/caromax-400-2-500x500.jpg 500w, https:\/\/www.maxima-dia.com\/wp-content\/uploads\/2017\/02\/caromax-400-2-1000x1000.jpg 1000w\" sizes=\"(max-width: 150px) 100vw, 150px\" \/><\/a><\/td>\n<td style=\"width: 33%; text-align: center;\"><a href=\"\/wp-content\/uploads\/2017\/02\/caromax-400-3.jpg\"><img loading=\"lazy\" decoding=\"async\" class=\"alignnone wp-image-13691 size-thumbnail\" src=\"\/wp-content\/uploads\/2017\/02\/caromax-400-3-150x150.jpg\" width=\"150\" height=\"150\" srcset=\"https:\/\/www.maxima-dia.com\/wp-content\/uploads\/2017\/02\/caromax-400-3-150x150.jpg 150w, https:\/\/www.maxima-dia.com\/wp-content\/uploads\/2017\/02\/caromax-400-3-80x80.jpg 80w, https:\/\/www.maxima-dia.com\/wp-content\/uploads\/2017\/02\/caromax-400-3-500x500.jpg 500w\" sizes=\"(max-width: 150px) 100vw, 150px\" \/><\/a><\/td>\n<\/tr>\n<\/tbody>\n<\/table>\n<p>&nbsp;<\/p>\n<table class=\"tabellatecnica\" style=\"width: 100%;\" border=\"0\" cellspacing=\"0\" cellpadding=\"0\">\n<thead>\n<tr>\n<td class=\"testata\" colspan=\"2\">TECHNISCHE EIGENSCHAFTEN<\/td>\n<\/tr>\n<\/thead>\n<tbody>\n<tr>\n<td class=\"coltesto1\" style=\"width: 50%;\">Motor: CWEK32 mit Wasserku\u0308hlung mit 3200 W &#8211; 230 V<\/td>\n<td class=\"coltesto1\" style=\"width: 50%;\">3 mechanisch w\u00e4hlbare Geschwindigkeiten:<\/td>\n<\/tr>\n<tr>\n<td class=\"coltesto1\" style=\"width: 50%;\">Anschluss: 1\u201d1\/4<\/td>\n<td class=\"coltesto1\" style=\"width: 50%;\" rowspan=\"2\">1 bis 240 U\/min Durchbohrbarkeit: 165 &#8211; 400 mm<br \/>\n2 bis 850 U\/min Durchbohrbarkeit: 80 &#8211; 160 mm<br \/>\n3 bis 1450 U\/min Durchbohrbarkeit: 55&nbsp;&#8211; 105&nbsp;mm<\/td>\n<\/tr>\n<tr>\n<td class=\"coltesto2\" style=\"width: 50%;\">Maximaler Durchmesser Bohrl\u00f6cher 400 mm<\/td>\n<\/tr>\n<tr>\n<td class=\"coltesto2\" style=\"width: 50%;\">Nutzhub: 500 mm H\u00f6he Bohrst\u00e4nder: 980 mm<\/td>\n<td class=\"coltesto2\" style=\"width: 50%;\">Doppelter mechanischer Vorschub des Wagens: 1:1 und 1:2<\/td>\n<\/tr>\n<tr>\n<td class=\"coltesto2\" style=\"width: 50%;\">Um 45\u00b0 kippbar<\/td>\n<td class=\"coltesto2\" style=\"width: 50%;\">Gewicht des Bohrst\u00e4nders: 19 kg<\/td>\n<\/tr>\n<tr>\n<td class=\"coltesto2\" style=\"width: 50%;\">Schnellabkopplung des Motors<\/td>\n<td class=\"coltesto2\" style=\"width: 50%;\">Motorgewicht: 11,9 kg<\/td>\n<\/tr>\n<\/tbody>\n<\/table>\n<p>[\/vc_column_text][\/vc_column][\/vc_row]<\/p>\n<\/div>","protected":false},"excerpt":{"rendered":"<p>[vc_row][vc_column text_align=&#8220;center&#8220; width=&#8220;1\/4&#8243;][vc_column_text] made in EU&nbsp; &#8211; Zertifikat&nbsp;CE[\/vc_column_text][vc_column_text css_animation=&#8220;slideInDown&#8220; el_class=&#8220;hidebuybutton&#8220;][\/vc_column_text][\/vc_column][vc_column width=&#8220;3\/4&#8243;][vc_column_text]Wie der Name schon sagt erreicht die Caromax 400 ihre maximale Kapazit\u00e4t mit Diamantbohrkronen mit 400 mm Durchmesser. Sie hat einen CWEK 32-Motor mit 3200 W der auf einem Bohrst\u00e4nder 400 aus Aluminium mit Stahlsockel montiert ist. Sie eignet sich ideal fu\u0308r Bohrarbeiten mit gro\u00dfen Durchmessern im Bausektor; aufgrund der geringen Drehgeschwindigkeit der 3 G\u00e4nge ist sie weniger gut fu\u0308r Bohrungen mit Durchmessern unter 80 mm geeignet. Um die Arbeit des Benutzers zu erleichtern ist der Motorwagen mit einem doppelten Gleitmechanismus ausgestattet, in den der sowohl als Seilwinde, als auch als Schraubenschlu\u0308ssel fungierende Griff eingesetzt wird. Sie kann nicht mit Befestigung mit Unterdruckpumpe eingesetzt werden. &nbsp; TECHNISCHE EIGENSCHAFTEN Motor: CWEK32 mit Wasserku\u0308hlung mit 3200 W &#8211; 230 V 3 mechanisch w\u00e4hlbare Geschwindigkeiten: Anschluss: 1\u201d1\/4 1 bis 240 U\/min Durchbohrbarkeit: 165 &#8211; 400 mm 2 bis 850 U\/min Durchbohrbarkeit: 80 &#8211; 160 mm 3 bis 1450 U\/min Durchbohrbarkeit: 55&nbsp;&#8211; 105&nbsp;mm Maximaler Durchmesser Bohrl\u00f6cher 400 mm Nutzhub: 500 mm H\u00f6he Bohrst\u00e4nder: 980 mm Doppelter mechanischer Vorschub des Wagens: 1:1 und 1:2 Um 45\u00b0 kippbar Gewicht des Bohrst\u00e4nders: 19 kg Schnellabkopplung des Motors Motorgewicht: 11,9 kg [\/vc_column_text][\/vc_column][\/vc_row]<\/p>\n","protected":false},"author":29,"featured_media":24889,"parent":12466,"menu_order":14,"comment_status":"closed","ping_status":"closed","template":"","meta":{"ngg_post_thumbnail":0,"_joinchat":[],"footnotes":""},"class_list":["post-8798","page","type-page","status-publish","has-post-thumbnail","hentry"],"yoast_head":"<!-- This site is optimized with the Yoast SEO plugin v25.5 - https:\/\/yoast.com\/wordpress\/plugins\/seo\/ -->\n<title>Caromax 400 - Maxima SpA<\/title>\n<meta name=\"robots\" content=\"index, follow, max-snippet:-1, max-image-preview:large, max-video-preview:-1\" \/>\n<link rel=\"canonical\" href=\"https:\/\/www.maxima-dia.com\/de\/bohrmaschinen\/caromax-400\/\" \/>\n<meta property=\"og:locale\" content=\"de_DE\" \/>\n<meta property=\"og:type\" content=\"article\" \/>\n<meta property=\"og:title\" content=\"Caromax 400 - Maxima SpA\" \/>\n<meta property=\"og:description\" content=\"[vc_row][vc_column text_align=&#8220;center&#8220; width=&#8220;1\/4&#8243;][vc_column_text] made in EU&nbsp; &#8211; Zertifikat&nbsp;CE[\/vc_column_text][vc_column_text css_animation=&#8220;slideInDown&#8220; el_class=&#8220;hidebuybutton&#8220;][\/vc_column_text][\/vc_column][vc_column width=&#8220;3\/4&#8243;][vc_column_text]Wie der Name schon sagt erreicht die Caromax 400 ihre maximale Kapazit\u00e4t mit Diamantbohrkronen mit 400 mm Durchmesser. Sie hat einen CWEK 32-Motor mit 3200 W der auf einem Bohrst\u00e4nder 400 aus Aluminium mit Stahlsockel montiert ist. Sie eignet sich ideal fu\u0308r Bohrarbeiten mit gro\u00dfen Durchmessern im Bausektor; aufgrund der geringen Drehgeschwindigkeit der 3 G\u00e4nge ist sie weniger gut fu\u0308r Bohrungen mit Durchmessern unter 80 mm geeignet. Um die Arbeit des Benutzers zu erleichtern ist der Motorwagen mit einem doppelten Gleitmechanismus ausgestattet, in den der sowohl als Seilwinde, als auch als Schraubenschlu\u0308ssel fungierende Griff eingesetzt wird. Sie kann nicht mit Befestigung mit Unterdruckpumpe eingesetzt werden. &nbsp; TECHNISCHE EIGENSCHAFTEN Motor: CWEK32 mit Wasserku\u0308hlung mit 3200 W &#8211; 230 V 3 mechanisch w\u00e4hlbare Geschwindigkeiten: Anschluss: 1\u201d1\/4 1 bis 240 U\/min Durchbohrbarkeit: 165 &#8211; 400 mm 2 bis 850 U\/min Durchbohrbarkeit: 80 &#8211; 160 mm 3 bis 1450 U\/min Durchbohrbarkeit: 55&nbsp;&#8211; 105&nbsp;mm Maximaler Durchmesser Bohrl\u00f6cher 400 mm Nutzhub: 500 mm H\u00f6he Bohrst\u00e4nder: 980 mm Doppelter mechanischer Vorschub des Wagens: 1:1 und 1:2 Um 45\u00b0 kippbar Gewicht des Bohrst\u00e4nders: 19 kg Schnellabkopplung des Motors Motorgewicht: 11,9 kg [\/vc_column_text][\/vc_column][\/vc_row]\" \/>\n<meta property=\"og:url\" content=\"https:\/\/www.maxima-dia.com\/de\/bohrmaschinen\/caromax-400\/\" \/>\n<meta property=\"og:site_name\" content=\"Maxima SpA\" \/>\n<meta property=\"article:publisher\" content=\"https:\/\/www.facebook.com\/Maxima-spa-106098566139597\" \/>\n<meta property=\"article:modified_time\" content=\"2021-08-02T09:59:04+00:00\" \/>\n<meta property=\"og:image\" content=\"https:\/\/www.maxima-dia.com\/wp-content\/uploads\/2017\/02\/caromax-400.jpg\" \/>\n\t<meta property=\"og:image:width\" content=\"1200\" \/>\n\t<meta property=\"og:image:height\" content=\"1200\" \/>\n\t<meta property=\"og:image:type\" content=\"image\/jpeg\" \/>\n<meta name=\"twitter:card\" content=\"summary_large_image\" \/>\n<meta name=\"twitter:site\" content=\"@Maximadia\" \/>\n<meta name=\"twitter:label1\" content=\"Gesch\u00e4tzte Lesezeit\" \/>\n\t<meta name=\"twitter:data1\" content=\"3\u00a0Minuten\" \/>\n<script type=\"application\/ld+json\" class=\"yoast-schema-graph\">{\"@context\":\"https:\/\/schema.org\",\"@graph\":[{\"@type\":\"WebPage\",\"@id\":\"https:\/\/www.maxima-dia.com\/de\/bohrmaschinen\/caromax-400\/\",\"url\":\"https:\/\/www.maxima-dia.com\/de\/bohrmaschinen\/caromax-400\/\",\"name\":\"Caromax 400 - Maxima SpA\",\"isPartOf\":{\"@id\":\"https:\/\/www.maxima-dia.com\/de\/#website\"},\"primaryImageOfPage\":{\"@id\":\"https:\/\/www.maxima-dia.com\/de\/bohrmaschinen\/caromax-400\/#primaryimage\"},\"image\":{\"@id\":\"https:\/\/www.maxima-dia.com\/de\/bohrmaschinen\/caromax-400\/#primaryimage\"},\"thumbnailUrl\":\"https:\/\/www.maxima-dia.com\/wp-content\/uploads\/2017\/02\/caromax-400.jpg\",\"datePublished\":\"2014-05-21T08:27:21+00:00\",\"dateModified\":\"2021-08-02T09:59:04+00:00\",\"breadcrumb\":{\"@id\":\"https:\/\/www.maxima-dia.com\/de\/bohrmaschinen\/caromax-400\/#breadcrumb\"},\"inLanguage\":\"de\",\"potentialAction\":[{\"@type\":\"ReadAction\",\"target\":[\"https:\/\/www.maxima-dia.com\/de\/bohrmaschinen\/caromax-400\/\"]}]},{\"@type\":\"ImageObject\",\"inLanguage\":\"de\",\"@id\":\"https:\/\/www.maxima-dia.com\/de\/bohrmaschinen\/caromax-400\/#primaryimage\",\"url\":\"https:\/\/www.maxima-dia.com\/wp-content\/uploads\/2017\/02\/caromax-400.jpg\",\"contentUrl\":\"https:\/\/www.maxima-dia.com\/wp-content\/uploads\/2017\/02\/caromax-400.jpg\",\"width\":1200,\"height\":1200},{\"@type\":\"BreadcrumbList\",\"@id\":\"https:\/\/www.maxima-dia.com\/de\/bohrmaschinen\/caromax-400\/#breadcrumb\",\"itemListElement\":[{\"@type\":\"ListItem\",\"position\":1,\"name\":\"Home\",\"item\":\"https:\/\/www.maxima-dia.com\/de\/\"},{\"@type\":\"ListItem\",\"position\":2,\"name\":\"Bohrmaschinen\",\"item\":\"https:\/\/www.maxima-dia.com\/de\/bohrmaschinen\/\"},{\"@type\":\"ListItem\",\"position\":3,\"name\":\"Caromax 400\"}]},{\"@type\":\"WebSite\",\"@id\":\"https:\/\/www.maxima-dia.com\/de\/#website\",\"url\":\"https:\/\/www.maxima-dia.com\/de\/\",\"name\":\"Maxima SpA\",\"description\":\"Only for the real professionals\",\"potentialAction\":[{\"@type\":\"SearchAction\",\"target\":{\"@type\":\"EntryPoint\",\"urlTemplate\":\"https:\/\/www.maxima-dia.com\/de\/?s={search_term_string}\"},\"query-input\":{\"@type\":\"PropertyValueSpecification\",\"valueRequired\":true,\"valueName\":\"search_term_string\"}}],\"inLanguage\":\"de\"}]}<\/script>\n<!-- \/ Yoast SEO plugin. -->","yoast_head_json":{"title":"Caromax 400 - Maxima SpA","robots":{"index":"index","follow":"follow","max-snippet":"max-snippet:-1","max-image-preview":"max-image-preview:large","max-video-preview":"max-video-preview:-1"},"canonical":"https:\/\/www.maxima-dia.com\/de\/bohrmaschinen\/caromax-400\/","og_locale":"de_DE","og_type":"article","og_title":"Caromax 400 - Maxima SpA","og_description":"[vc_row][vc_column text_align=&#8220;center&#8220; width=&#8220;1\/4&#8243;][vc_column_text] made in EU&nbsp; &#8211; Zertifikat&nbsp;CE[\/vc_column_text][vc_column_text css_animation=&#8220;slideInDown&#8220; el_class=&#8220;hidebuybutton&#8220;][\/vc_column_text][\/vc_column][vc_column width=&#8220;3\/4&#8243;][vc_column_text]Wie der Name schon sagt erreicht die Caromax 400 ihre maximale Kapazit\u00e4t mit Diamantbohrkronen mit 400 mm Durchmesser. Sie hat einen CWEK 32-Motor mit 3200 W der auf einem Bohrst\u00e4nder 400 aus Aluminium mit Stahlsockel montiert ist. Sie eignet sich ideal fu\u0308r Bohrarbeiten mit gro\u00dfen Durchmessern im Bausektor; aufgrund der geringen Drehgeschwindigkeit der 3 G\u00e4nge ist sie weniger gut fu\u0308r Bohrungen mit Durchmessern unter 80 mm geeignet. Um die Arbeit des Benutzers zu erleichtern ist der Motorwagen mit einem doppelten Gleitmechanismus ausgestattet, in den der sowohl als Seilwinde, als auch als Schraubenschlu\u0308ssel fungierende Griff eingesetzt wird. Sie kann nicht mit Befestigung mit Unterdruckpumpe eingesetzt werden. &nbsp; TECHNISCHE EIGENSCHAFTEN Motor: CWEK32 mit Wasserku\u0308hlung mit 3200 W &#8211; 230 V 3 mechanisch w\u00e4hlbare Geschwindigkeiten: Anschluss: 1\u201d1\/4 1 bis 240 U\/min Durchbohrbarkeit: 165 &#8211; 400 mm 2 bis 850 U\/min Durchbohrbarkeit: 80 &#8211; 160 mm 3 bis 1450 U\/min Durchbohrbarkeit: 55&nbsp;&#8211; 105&nbsp;mm Maximaler Durchmesser Bohrl\u00f6cher 400 mm Nutzhub: 500 mm H\u00f6he Bohrst\u00e4nder: 980 mm Doppelter mechanischer Vorschub des Wagens: 1:1 und 1:2 Um 45\u00b0 kippbar Gewicht des Bohrst\u00e4nders: 19 kg Schnellabkopplung des Motors Motorgewicht: 11,9 kg [\/vc_column_text][\/vc_column][\/vc_row]","og_url":"https:\/\/www.maxima-dia.com\/de\/bohrmaschinen\/caromax-400\/","og_site_name":"Maxima SpA","article_publisher":"https:\/\/www.facebook.com\/Maxima-spa-106098566139597","article_modified_time":"2021-08-02T09:59:04+00:00","og_image":[{"width":1200,"height":1200,"url":"https:\/\/www.maxima-dia.com\/wp-content\/uploads\/2017\/02\/caromax-400.jpg","type":"image\/jpeg"}],"twitter_card":"summary_large_image","twitter_site":"@Maximadia","twitter_misc":{"Gesch\u00e4tzte Lesezeit":"3\u00a0Minuten"},"schema":{"@context":"https:\/\/schema.org","@graph":[{"@type":"WebPage","@id":"https:\/\/www.maxima-dia.com\/de\/bohrmaschinen\/caromax-400\/","url":"https:\/\/www.maxima-dia.com\/de\/bohrmaschinen\/caromax-400\/","name":"Caromax 400 - Maxima SpA","isPartOf":{"@id":"https:\/\/www.maxima-dia.com\/de\/#website"},"primaryImageOfPage":{"@id":"https:\/\/www.maxima-dia.com\/de\/bohrmaschinen\/caromax-400\/#primaryimage"},"image":{"@id":"https:\/\/www.maxima-dia.com\/de\/bohrmaschinen\/caromax-400\/#primaryimage"},"thumbnailUrl":"https:\/\/www.maxima-dia.com\/wp-content\/uploads\/2017\/02\/caromax-400.jpg","datePublished":"2014-05-21T08:27:21+00:00","dateModified":"2021-08-02T09:59:04+00:00","breadcrumb":{"@id":"https:\/\/www.maxima-dia.com\/de\/bohrmaschinen\/caromax-400\/#breadcrumb"},"inLanguage":"de","potentialAction":[{"@type":"ReadAction","target":["https:\/\/www.maxima-dia.com\/de\/bohrmaschinen\/caromax-400\/"]}]},{"@type":"ImageObject","inLanguage":"de","@id":"https:\/\/www.maxima-dia.com\/de\/bohrmaschinen\/caromax-400\/#primaryimage","url":"https:\/\/www.maxima-dia.com\/wp-content\/uploads\/2017\/02\/caromax-400.jpg","contentUrl":"https:\/\/www.maxima-dia.com\/wp-content\/uploads\/2017\/02\/caromax-400.jpg","width":1200,"height":1200},{"@type":"BreadcrumbList","@id":"https:\/\/www.maxima-dia.com\/de\/bohrmaschinen\/caromax-400\/#breadcrumb","itemListElement":[{"@type":"ListItem","position":1,"name":"Home","item":"https:\/\/www.maxima-dia.com\/de\/"},{"@type":"ListItem","position":2,"name":"Bohrmaschinen","item":"https:\/\/www.maxima-dia.com\/de\/bohrmaschinen\/"},{"@type":"ListItem","position":3,"name":"Caromax 400"}]},{"@type":"WebSite","@id":"https:\/\/www.maxima-dia.com\/de\/#website","url":"https:\/\/www.maxima-dia.com\/de\/","name":"Maxima SpA","description":"Only for the real professionals","potentialAction":[{"@type":"SearchAction","target":{"@type":"EntryPoint","urlTemplate":"https:\/\/www.maxima-dia.com\/de\/?s={search_term_string}"},"query-input":{"@type":"PropertyValueSpecification","valueRequired":true,"valueName":"search_term_string"}}],"inLanguage":"de"}]}},"_links":{"self":[{"href":"https:\/\/www.maxima-dia.com\/de\/wp-json\/wp\/v2\/pages\/8798"}],"collection":[{"href":"https:\/\/www.maxima-dia.com\/de\/wp-json\/wp\/v2\/pages"}],"about":[{"href":"https:\/\/www.maxima-dia.com\/de\/wp-json\/wp\/v2\/types\/page"}],"author":[{"embeddable":true,"href":"https:\/\/www.maxima-dia.com\/de\/wp-json\/wp\/v2\/users\/29"}],"replies":[{"embeddable":true,"href":"https:\/\/www.maxima-dia.com\/de\/wp-json\/wp\/v2\/comments?post=8798"}],"version-history":[{"count":0,"href":"https:\/\/www.maxima-dia.com\/de\/wp-json\/wp\/v2\/pages\/8798\/revisions"}],"up":[{"embeddable":true,"href":"https:\/\/www.maxima-dia.com\/de\/wp-json\/wp\/v2\/pages\/12466"}],"wp:featuredmedia":[{"embeddable":true,"href":"https:\/\/www.maxima-dia.com\/de\/wp-json\/wp\/v2\/media\/24889"}],"wp:attachment":[{"href":"https:\/\/www.maxima-dia.com\/de\/wp-json\/wp\/v2\/media?parent=8798"}],"curies":[{"name":"wp","href":"https:\/\/api.w.org\/{rel}","templated":true}]}}