{"id":8810,"date":"2014-05-21T11:33:16","date_gmt":"2014-05-21T09:33:16","guid":{"rendered":"http:\/\/www.maxima-dia.com\/?post_type=products&#038;p=8810"},"modified":"2021-08-02T11:48:49","modified_gmt":"2021-08-02T09:48:49","slug":"caromax-300","status":"publish","type":"page","link":"https:\/\/www.maxima-dia.com\/de\/bohrmaschinen\/caromax-300\/","title":{"rendered":"Caromax 300"},"content":{"rendered":"<div class=\"wpb-content-wrapper\"><p>[vc_row][vc_column text_align=&#8220;center&#8220; width=&#8220;1\/4&#8243;][vc_column_text]<a href=\"\/wp-content\/uploads\/2017\/02\/caromax-300.jpg\"><img loading=\"lazy\" decoding=\"async\" class=\"alignnone size-thumbnail wp-image-13688\" src=\"\/wp-content\/uploads\/2017\/02\/caromax-300-150x150.jpg\" alt=\"CAROMAX 300\" width=\"150\" height=\"150\" srcset=\"https:\/\/www.maxima-dia.com\/wp-content\/uploads\/2017\/02\/caromax-300-150x150.jpg 150w, https:\/\/www.maxima-dia.com\/wp-content\/uploads\/2017\/02\/caromax-300-300x300.jpg 300w, https:\/\/www.maxima-dia.com\/wp-content\/uploads\/2017\/02\/caromax-300-768x768.jpg 768w, https:\/\/www.maxima-dia.com\/wp-content\/uploads\/2017\/02\/caromax-300-1024x1024.jpg 1024w, https:\/\/www.maxima-dia.com\/wp-content\/uploads\/2017\/02\/caromax-300-80x80.jpg 80w, https:\/\/www.maxima-dia.com\/wp-content\/uploads\/2017\/02\/caromax-300-500x500.jpg 500w, https:\/\/www.maxima-dia.com\/wp-content\/uploads\/2017\/02\/caromax-300-1000x1000.jpg 1000w, https:\/\/www.maxima-dia.com\/wp-content\/uploads\/2017\/02\/caromax-300.jpg 1200w\" sizes=\"(max-width: 150px) 100vw, 150px\" \/><\/a><\/p>\n<p>made in EU&nbsp;<img loading=\"lazy\" decoding=\"async\" src=\"\/wp-content\/uploads\/2013\/11\/eu.png\" alt=\"eu\" width=\"24\" height=\"16\"> &#8211;&nbsp;Zertifikat&nbsp;<span style=\"font-family: arial,helvetica,sans-serif;\">CE<\/span>[\/vc_column_text][vc_column_text css_animation=&#8220;slideInDown&#8220; el_class=&#8220;hidebuybutton&#8220;]<a href=\"https:\/\/www.storemaxima.com\/de\/bohrer-fuer-gebaeude\/107-caromax-300.html\" target=\"_blank\" rel=\"noopener\"><img loading=\"lazy\" decoding=\"async\" class=\"alignnone\" title=\"Kaufen Auf www.storemaxima.com\" src=\"https:\/\/www.maxima-dia.com\/wp-content\/uploads\/2019\/12\/pulsante-acquista-storemaxima.com-de.svg\" alt=\"Kaufen Auf www.storemaxima.com\" width=\"180\" height=\"80\"><\/a>[\/vc_column_text][\/vc_column][vc_column width=&#8220;3\/4&#8243;][vc_column_text]<strong>Caromax 300<\/strong> ist die ideale Kernbohrmaschine fu\u0308r kontinuierliche Kernbohrungen. Die l\u00e4ngere, bis auf 80 cm ausfahrbare Bohrs\u00e4ule erleichtert das Aufschrauben der zus\u00e4tzlichen Verl\u00e4ngerungsanschlu\u0308sse fu\u0308r sehr lange Bohrl\u00f6cher (siehe auch die der kontinuierlichen Kernbohrung gewidmeten Katalogseiten). Der robuste Motor CWEK 32 mit 3200 W gew\u00e4hrleistet eine immer ausreichende Leistung und die Abstandhalter der Motorplatte bieten die M\u00f6glichkeit Bohrungen bis zu einem Durchmesser von maximal 300 mm durchzufu\u0308hren. Die Bohrs\u00e4ule ist bis auf maximal 45\u00b0 abwinkelbar.<\/p>\n<table class=\"tabellafotocarotaggio\" style=\"width: 100%;\">\n<tbody>\n<tr>\n<td style=\"text-align: center;\"><a href=\"\/wp-content\/uploads\/2017\/02\/caromax-300-1.jpg\"><img loading=\"lazy\" decoding=\"async\" class=\"alignnone wp-image-13684 size-thumbnail\" src=\"\/wp-content\/uploads\/2017\/02\/caromax-300-1-150x150.jpg\" width=\"150\" height=\"150\" srcset=\"https:\/\/www.maxima-dia.com\/wp-content\/uploads\/2017\/02\/caromax-300-1-150x150.jpg 150w, https:\/\/www.maxima-dia.com\/wp-content\/uploads\/2017\/02\/caromax-300-1-80x80.jpg 80w, https:\/\/www.maxima-dia.com\/wp-content\/uploads\/2017\/02\/caromax-300-1-500x500.jpg 500w, https:\/\/www.maxima-dia.com\/wp-content\/uploads\/2017\/02\/caromax-300-1-1000x1000.jpg 1000w\" sizes=\"(max-width: 150px) 100vw, 150px\" \/><\/a><\/td>\n<td style=\"text-align: center;\"><a href=\"\/wp-content\/uploads\/2017\/02\/caromax-300-2.jpg\"><img loading=\"lazy\" decoding=\"async\" class=\"alignnone wp-image-13685 size-thumbnail\" src=\"\/wp-content\/uploads\/2017\/02\/caromax-300-2-150x150.jpg\" width=\"150\" height=\"150\" srcset=\"https:\/\/www.maxima-dia.com\/wp-content\/uploads\/2017\/02\/caromax-300-2-150x150.jpg 150w, https:\/\/www.maxima-dia.com\/wp-content\/uploads\/2017\/02\/caromax-300-2-80x80.jpg 80w, https:\/\/www.maxima-dia.com\/wp-content\/uploads\/2017\/02\/caromax-300-2-500x500.jpg 500w, https:\/\/www.maxima-dia.com\/wp-content\/uploads\/2017\/02\/caromax-300-2-1000x1000.jpg 1000w\" sizes=\"(max-width: 150px) 100vw, 150px\" \/><\/a><\/td>\n<td style=\"text-align: center;\"><a href=\"\/wp-content\/uploads\/2017\/02\/caromax-300-3.jpg\"><img loading=\"lazy\" decoding=\"async\" class=\"alignnone wp-image-13686 size-thumbnail\" src=\"\/wp-content\/uploads\/2017\/02\/caromax-300-3-150x150.jpg\" width=\"150\" height=\"150\" srcset=\"https:\/\/www.maxima-dia.com\/wp-content\/uploads\/2017\/02\/caromax-300-3-150x150.jpg 150w, https:\/\/www.maxima-dia.com\/wp-content\/uploads\/2017\/02\/caromax-300-3-80x80.jpg 80w, https:\/\/www.maxima-dia.com\/wp-content\/uploads\/2017\/02\/caromax-300-3-500x500.jpg 500w, https:\/\/www.maxima-dia.com\/wp-content\/uploads\/2017\/02\/caromax-300-3-1000x1000.jpg 1000w\" sizes=\"(max-width: 150px) 100vw, 150px\" \/><\/a><\/td>\n<td style=\"text-align: center;\"><a href=\"\/wp-content\/uploads\/2017\/02\/caromax-300-4.jpg\"><img loading=\"lazy\" decoding=\"async\" class=\"alignnone wp-image-13687 size-thumbnail\" src=\"\/wp-content\/uploads\/2017\/02\/caromax-300-4-150x150.jpg\" width=\"150\" height=\"150\" srcset=\"https:\/\/www.maxima-dia.com\/wp-content\/uploads\/2017\/02\/caromax-300-4-150x150.jpg 150w, https:\/\/www.maxima-dia.com\/wp-content\/uploads\/2017\/02\/caromax-300-4-80x80.jpg 80w, https:\/\/www.maxima-dia.com\/wp-content\/uploads\/2017\/02\/caromax-300-4-500x500.jpg 500w, https:\/\/www.maxima-dia.com\/wp-content\/uploads\/2017\/02\/caromax-300-4-1000x1000.jpg 1000w\" sizes=\"(max-width: 150px) 100vw, 150px\" \/><\/a><\/td>\n<\/tr>\n<\/tbody>\n<\/table>\n<p>&nbsp;<\/p>\n<table class=\"tabellatecnica\" style=\"width: 100%; height: 168px;\" border=\"0\" cellspacing=\"0\" cellpadding=\"0\">\n<thead>\n<tr style=\"height: 24px;\">\n<td class=\"testata\" style=\"height: 24px;\" colspan=\"2\">TECHNISCHE EIGENSCHAFTEN<\/td>\n<\/tr>\n<\/thead>\n<tbody>\n<tr style=\"height: 24px;\">\n<td class=\"coltesto1\" style=\"width: 50%; height: 24px;\">Motor: CWEK32 mit Wasserku\u0308hlung mit 3200 W &#8211; 230 V<\/td>\n<td class=\"coltesto1\" style=\"width: 50%; height: 24px;\">3 mechanisch w\u00e4hlbare Motorgeschwindigkeiten:<\/td>\n<\/tr>\n<tr style=\"height: 24px;\">\n<td class=\"coltesto1\" style=\"width: 50%; height: 24px;\">Anschluss: 1\u201d1\/4<\/td>\n<td class=\"coltesto1\" style=\"width: 50%; height: 72px;\" rowspan=\"3\">1 bis 240 U\/min Durchbohrbarkeit: 165&nbsp;&#8211; 350&nbsp;mm<br \/>\n2 bis 850 U\/min Durchbohrbarkeit: 80&nbsp;&#8211; 160&nbsp;mm<br \/>\n3 bis 1450 U\/min Durchbohrbarkeit: 55&nbsp;&#8211; 105&nbsp;mm<\/td>\n<\/tr>\n<tr style=\"height: 24px;\">\n<td class=\"coltesto2\" style=\"width: 50%; height: 24px;\">Maximaler Durchmesser Bohrl\u00f6cher 300 mm<\/td>\n<\/tr>\n<tr style=\"height: 24px;\">\n<td class=\"coltesto2\" style=\"width: 50%; height: 24px;\">Nutzhub: 800 mm H\u00f6he Bohrst\u00e4nder: 1245 mm<\/td>\n<\/tr>\n<tr style=\"height: 24px;\">\n<td class=\"coltesto2\" style=\"width: 50%; height: 24px;\">Um 45\u00b0 kippbar<\/td>\n<td class=\"coltesto2\" style=\"width: 50%; height: 24px;\">Gewicht des Bohrst\u00e4nders: 18 kg<\/td>\n<\/tr>\n<tr style=\"height: 24px;\">\n<td class=\"coltesto2\" style=\"width: 50%; height: 24px;\">Schnellabkopplung des Motors<\/td>\n<td class=\"coltesto2\" style=\"width: 50%; height: 24px;\">Motorgewicht: 11,9 kg<\/td>\n<\/tr>\n<\/tbody>\n<\/table>\n<p>[\/vc_column_text][\/vc_column][\/vc_row]<\/p>\n<\/div>","protected":false},"excerpt":{"rendered":"<p>[vc_row][vc_column text_align=&#8220;center&#8220; width=&#8220;1\/4&#8243;][vc_column_text] made in EU&nbsp; &#8211;&nbsp;Zertifikat&nbsp;CE[\/vc_column_text][vc_column_text css_animation=&#8220;slideInDown&#8220; el_class=&#8220;hidebuybutton&#8220;][\/vc_column_text][\/vc_column][vc_column width=&#8220;3\/4&#8243;][vc_column_text]Caromax 300 ist die ideale Kernbohrmaschine fu\u0308r kontinuierliche Kernbohrungen. Die l\u00e4ngere, bis auf 80 cm ausfahrbare Bohrs\u00e4ule erleichtert das Aufschrauben der zus\u00e4tzlichen Verl\u00e4ngerungsanschlu\u0308sse fu\u0308r sehr lange Bohrl\u00f6cher (siehe auch die der kontinuierlichen Kernbohrung gewidmeten Katalogseiten). Der robuste Motor CWEK 32 mit 3200 W gew\u00e4hrleistet eine immer ausreichende Leistung und die Abstandhalter der Motorplatte bieten die M\u00f6glichkeit Bohrungen bis zu einem Durchmesser von maximal 300 mm durchzufu\u0308hren. Die Bohrs\u00e4ule ist bis auf maximal 45\u00b0 abwinkelbar. &nbsp; TECHNISCHE EIGENSCHAFTEN Motor: CWEK32 mit Wasserku\u0308hlung mit 3200 W &#8211; 230 V 3 mechanisch w\u00e4hlbare Motorgeschwindigkeiten: Anschluss: 1\u201d1\/4 1 bis 240 U\/min Durchbohrbarkeit: 165&nbsp;&#8211; 350&nbsp;mm 2 bis 850 U\/min Durchbohrbarkeit: 80&nbsp;&#8211; 160&nbsp;mm 3 bis 1450 U\/min Durchbohrbarkeit: 55&nbsp;&#8211; 105&nbsp;mm Maximaler Durchmesser Bohrl\u00f6cher 300 mm Nutzhub: 800 mm H\u00f6he Bohrst\u00e4nder: 1245 mm Um 45\u00b0 kippbar Gewicht des Bohrst\u00e4nders: 18 kg Schnellabkopplung des Motors Motorgewicht: 11,9 kg [\/vc_column_text][\/vc_column][\/vc_row]<\/p>\n","protected":false},"author":29,"featured_media":24880,"parent":12466,"menu_order":13,"comment_status":"closed","ping_status":"closed","template":"","meta":{"ngg_post_thumbnail":0,"_joinchat":[],"footnotes":""},"class_list":["post-8810","page","type-page","status-publish","has-post-thumbnail","hentry"],"yoast_head":"<!-- This site is optimized with the Yoast SEO plugin v25.5 - https:\/\/yoast.com\/wordpress\/plugins\/seo\/ -->\n<title>Caromax 300 - Maxima SpA<\/title>\n<meta name=\"robots\" content=\"index, follow, max-snippet:-1, max-image-preview:large, max-video-preview:-1\" \/>\n<link rel=\"canonical\" href=\"https:\/\/www.maxima-dia.com\/de\/bohrmaschinen\/caromax-300\/\" \/>\n<meta property=\"og:locale\" content=\"de_DE\" \/>\n<meta property=\"og:type\" content=\"article\" \/>\n<meta property=\"og:title\" content=\"Caromax 300 - Maxima SpA\" \/>\n<meta property=\"og:description\" content=\"[vc_row][vc_column text_align=&#8220;center&#8220; width=&#8220;1\/4&#8243;][vc_column_text] made in EU&nbsp; &#8211;&nbsp;Zertifikat&nbsp;CE[\/vc_column_text][vc_column_text css_animation=&#8220;slideInDown&#8220; el_class=&#8220;hidebuybutton&#8220;][\/vc_column_text][\/vc_column][vc_column width=&#8220;3\/4&#8243;][vc_column_text]Caromax 300 ist die ideale Kernbohrmaschine fu\u0308r kontinuierliche Kernbohrungen. Die l\u00e4ngere, bis auf 80 cm ausfahrbare Bohrs\u00e4ule erleichtert das Aufschrauben der zus\u00e4tzlichen Verl\u00e4ngerungsanschlu\u0308sse fu\u0308r sehr lange Bohrl\u00f6cher (siehe auch die der kontinuierlichen Kernbohrung gewidmeten Katalogseiten). Der robuste Motor CWEK 32 mit 3200 W gew\u00e4hrleistet eine immer ausreichende Leistung und die Abstandhalter der Motorplatte bieten die M\u00f6glichkeit Bohrungen bis zu einem Durchmesser von maximal 300 mm durchzufu\u0308hren. Die Bohrs\u00e4ule ist bis auf maximal 45\u00b0 abwinkelbar. &nbsp; TECHNISCHE EIGENSCHAFTEN Motor: CWEK32 mit Wasserku\u0308hlung mit 3200 W &#8211; 230 V 3 mechanisch w\u00e4hlbare Motorgeschwindigkeiten: Anschluss: 1\u201d1\/4 1 bis 240 U\/min Durchbohrbarkeit: 165&nbsp;&#8211; 350&nbsp;mm 2 bis 850 U\/min Durchbohrbarkeit: 80&nbsp;&#8211; 160&nbsp;mm 3 bis 1450 U\/min Durchbohrbarkeit: 55&nbsp;&#8211; 105&nbsp;mm Maximaler Durchmesser Bohrl\u00f6cher 300 mm Nutzhub: 800 mm H\u00f6he Bohrst\u00e4nder: 1245 mm Um 45\u00b0 kippbar Gewicht des Bohrst\u00e4nders: 18 kg Schnellabkopplung des Motors Motorgewicht: 11,9 kg [\/vc_column_text][\/vc_column][\/vc_row]\" \/>\n<meta property=\"og:url\" content=\"https:\/\/www.maxima-dia.com\/de\/bohrmaschinen\/caromax-300\/\" \/>\n<meta property=\"og:site_name\" content=\"Maxima SpA\" \/>\n<meta property=\"article:publisher\" content=\"https:\/\/www.facebook.com\/Maxima-spa-106098566139597\" \/>\n<meta property=\"article:modified_time\" content=\"2021-08-02T09:48:49+00:00\" \/>\n<meta property=\"og:image\" content=\"https:\/\/www.maxima-dia.com\/wp-content\/uploads\/2017\/02\/caromax-300.jpg\" \/>\n\t<meta property=\"og:image:width\" content=\"1200\" \/>\n\t<meta property=\"og:image:height\" content=\"1200\" \/>\n\t<meta property=\"og:image:type\" content=\"image\/jpeg\" \/>\n<meta name=\"twitter:card\" content=\"summary_large_image\" \/>\n<meta name=\"twitter:site\" content=\"@Maximadia\" \/>\n<meta name=\"twitter:label1\" content=\"Gesch\u00e4tzte Lesezeit\" \/>\n\t<meta name=\"twitter:data1\" content=\"3\u00a0Minuten\" \/>\n<script type=\"application\/ld+json\" class=\"yoast-schema-graph\">{\"@context\":\"https:\/\/schema.org\",\"@graph\":[{\"@type\":\"WebPage\",\"@id\":\"https:\/\/www.maxima-dia.com\/de\/bohrmaschinen\/caromax-300\/\",\"url\":\"https:\/\/www.maxima-dia.com\/de\/bohrmaschinen\/caromax-300\/\",\"name\":\"Caromax 300 - Maxima SpA\",\"isPartOf\":{\"@id\":\"https:\/\/www.maxima-dia.com\/de\/#website\"},\"primaryImageOfPage\":{\"@id\":\"https:\/\/www.maxima-dia.com\/de\/bohrmaschinen\/caromax-300\/#primaryimage\"},\"image\":{\"@id\":\"https:\/\/www.maxima-dia.com\/de\/bohrmaschinen\/caromax-300\/#primaryimage\"},\"thumbnailUrl\":\"https:\/\/www.maxima-dia.com\/wp-content\/uploads\/2017\/02\/caromax-300.jpg\",\"datePublished\":\"2014-05-21T09:33:16+00:00\",\"dateModified\":\"2021-08-02T09:48:49+00:00\",\"breadcrumb\":{\"@id\":\"https:\/\/www.maxima-dia.com\/de\/bohrmaschinen\/caromax-300\/#breadcrumb\"},\"inLanguage\":\"de\",\"potentialAction\":[{\"@type\":\"ReadAction\",\"target\":[\"https:\/\/www.maxima-dia.com\/de\/bohrmaschinen\/caromax-300\/\"]}]},{\"@type\":\"ImageObject\",\"inLanguage\":\"de\",\"@id\":\"https:\/\/www.maxima-dia.com\/de\/bohrmaschinen\/caromax-300\/#primaryimage\",\"url\":\"https:\/\/www.maxima-dia.com\/wp-content\/uploads\/2017\/02\/caromax-300.jpg\",\"contentUrl\":\"https:\/\/www.maxima-dia.com\/wp-content\/uploads\/2017\/02\/caromax-300.jpg\",\"width\":1200,\"height\":1200},{\"@type\":\"BreadcrumbList\",\"@id\":\"https:\/\/www.maxima-dia.com\/de\/bohrmaschinen\/caromax-300\/#breadcrumb\",\"itemListElement\":[{\"@type\":\"ListItem\",\"position\":1,\"name\":\"Home\",\"item\":\"https:\/\/www.maxima-dia.com\/de\/\"},{\"@type\":\"ListItem\",\"position\":2,\"name\":\"Bohrmaschinen\",\"item\":\"https:\/\/www.maxima-dia.com\/de\/bohrmaschinen\/\"},{\"@type\":\"ListItem\",\"position\":3,\"name\":\"Caromax 300\"}]},{\"@type\":\"WebSite\",\"@id\":\"https:\/\/www.maxima-dia.com\/de\/#website\",\"url\":\"https:\/\/www.maxima-dia.com\/de\/\",\"name\":\"Maxima SpA\",\"description\":\"Only for the real professionals\",\"potentialAction\":[{\"@type\":\"SearchAction\",\"target\":{\"@type\":\"EntryPoint\",\"urlTemplate\":\"https:\/\/www.maxima-dia.com\/de\/?s={search_term_string}\"},\"query-input\":{\"@type\":\"PropertyValueSpecification\",\"valueRequired\":true,\"valueName\":\"search_term_string\"}}],\"inLanguage\":\"de\"}]}<\/script>\n<!-- \/ Yoast SEO plugin. -->","yoast_head_json":{"title":"Caromax 300 - Maxima SpA","robots":{"index":"index","follow":"follow","max-snippet":"max-snippet:-1","max-image-preview":"max-image-preview:large","max-video-preview":"max-video-preview:-1"},"canonical":"https:\/\/www.maxima-dia.com\/de\/bohrmaschinen\/caromax-300\/","og_locale":"de_DE","og_type":"article","og_title":"Caromax 300 - Maxima SpA","og_description":"[vc_row][vc_column text_align=&#8220;center&#8220; width=&#8220;1\/4&#8243;][vc_column_text] made in EU&nbsp; &#8211;&nbsp;Zertifikat&nbsp;CE[\/vc_column_text][vc_column_text css_animation=&#8220;slideInDown&#8220; el_class=&#8220;hidebuybutton&#8220;][\/vc_column_text][\/vc_column][vc_column width=&#8220;3\/4&#8243;][vc_column_text]Caromax 300 ist die ideale Kernbohrmaschine fu\u0308r kontinuierliche Kernbohrungen. Die l\u00e4ngere, bis auf 80 cm ausfahrbare Bohrs\u00e4ule erleichtert das Aufschrauben der zus\u00e4tzlichen Verl\u00e4ngerungsanschlu\u0308sse fu\u0308r sehr lange Bohrl\u00f6cher (siehe auch die der kontinuierlichen Kernbohrung gewidmeten Katalogseiten). Der robuste Motor CWEK 32 mit 3200 W gew\u00e4hrleistet eine immer ausreichende Leistung und die Abstandhalter der Motorplatte bieten die M\u00f6glichkeit Bohrungen bis zu einem Durchmesser von maximal 300 mm durchzufu\u0308hren. Die Bohrs\u00e4ule ist bis auf maximal 45\u00b0 abwinkelbar. &nbsp; TECHNISCHE EIGENSCHAFTEN Motor: CWEK32 mit Wasserku\u0308hlung mit 3200 W &#8211; 230 V 3 mechanisch w\u00e4hlbare Motorgeschwindigkeiten: Anschluss: 1\u201d1\/4 1 bis 240 U\/min Durchbohrbarkeit: 165&nbsp;&#8211; 350&nbsp;mm 2 bis 850 U\/min Durchbohrbarkeit: 80&nbsp;&#8211; 160&nbsp;mm 3 bis 1450 U\/min Durchbohrbarkeit: 55&nbsp;&#8211; 105&nbsp;mm Maximaler Durchmesser Bohrl\u00f6cher 300 mm Nutzhub: 800 mm H\u00f6he Bohrst\u00e4nder: 1245 mm Um 45\u00b0 kippbar Gewicht des Bohrst\u00e4nders: 18 kg Schnellabkopplung des Motors Motorgewicht: 11,9 kg [\/vc_column_text][\/vc_column][\/vc_row]","og_url":"https:\/\/www.maxima-dia.com\/de\/bohrmaschinen\/caromax-300\/","og_site_name":"Maxima SpA","article_publisher":"https:\/\/www.facebook.com\/Maxima-spa-106098566139597","article_modified_time":"2021-08-02T09:48:49+00:00","og_image":[{"width":1200,"height":1200,"url":"https:\/\/www.maxima-dia.com\/wp-content\/uploads\/2017\/02\/caromax-300.jpg","type":"image\/jpeg"}],"twitter_card":"summary_large_image","twitter_site":"@Maximadia","twitter_misc":{"Gesch\u00e4tzte Lesezeit":"3\u00a0Minuten"},"schema":{"@context":"https:\/\/schema.org","@graph":[{"@type":"WebPage","@id":"https:\/\/www.maxima-dia.com\/de\/bohrmaschinen\/caromax-300\/","url":"https:\/\/www.maxima-dia.com\/de\/bohrmaschinen\/caromax-300\/","name":"Caromax 300 - Maxima SpA","isPartOf":{"@id":"https:\/\/www.maxima-dia.com\/de\/#website"},"primaryImageOfPage":{"@id":"https:\/\/www.maxima-dia.com\/de\/bohrmaschinen\/caromax-300\/#primaryimage"},"image":{"@id":"https:\/\/www.maxima-dia.com\/de\/bohrmaschinen\/caromax-300\/#primaryimage"},"thumbnailUrl":"https:\/\/www.maxima-dia.com\/wp-content\/uploads\/2017\/02\/caromax-300.jpg","datePublished":"2014-05-21T09:33:16+00:00","dateModified":"2021-08-02T09:48:49+00:00","breadcrumb":{"@id":"https:\/\/www.maxima-dia.com\/de\/bohrmaschinen\/caromax-300\/#breadcrumb"},"inLanguage":"de","potentialAction":[{"@type":"ReadAction","target":["https:\/\/www.maxima-dia.com\/de\/bohrmaschinen\/caromax-300\/"]}]},{"@type":"ImageObject","inLanguage":"de","@id":"https:\/\/www.maxima-dia.com\/de\/bohrmaschinen\/caromax-300\/#primaryimage","url":"https:\/\/www.maxima-dia.com\/wp-content\/uploads\/2017\/02\/caromax-300.jpg","contentUrl":"https:\/\/www.maxima-dia.com\/wp-content\/uploads\/2017\/02\/caromax-300.jpg","width":1200,"height":1200},{"@type":"BreadcrumbList","@id":"https:\/\/www.maxima-dia.com\/de\/bohrmaschinen\/caromax-300\/#breadcrumb","itemListElement":[{"@type":"ListItem","position":1,"name":"Home","item":"https:\/\/www.maxima-dia.com\/de\/"},{"@type":"ListItem","position":2,"name":"Bohrmaschinen","item":"https:\/\/www.maxima-dia.com\/de\/bohrmaschinen\/"},{"@type":"ListItem","position":3,"name":"Caromax 300"}]},{"@type":"WebSite","@id":"https:\/\/www.maxima-dia.com\/de\/#website","url":"https:\/\/www.maxima-dia.com\/de\/","name":"Maxima SpA","description":"Only for the real professionals","potentialAction":[{"@type":"SearchAction","target":{"@type":"EntryPoint","urlTemplate":"https:\/\/www.maxima-dia.com\/de\/?s={search_term_string}"},"query-input":{"@type":"PropertyValueSpecification","valueRequired":true,"valueName":"search_term_string"}}],"inLanguage":"de"}]}},"_links":{"self":[{"href":"https:\/\/www.maxima-dia.com\/de\/wp-json\/wp\/v2\/pages\/8810"}],"collection":[{"href":"https:\/\/www.maxima-dia.com\/de\/wp-json\/wp\/v2\/pages"}],"about":[{"href":"https:\/\/www.maxima-dia.com\/de\/wp-json\/wp\/v2\/types\/page"}],"author":[{"embeddable":true,"href":"https:\/\/www.maxima-dia.com\/de\/wp-json\/wp\/v2\/users\/29"}],"replies":[{"embeddable":true,"href":"https:\/\/www.maxima-dia.com\/de\/wp-json\/wp\/v2\/comments?post=8810"}],"version-history":[{"count":0,"href":"https:\/\/www.maxima-dia.com\/de\/wp-json\/wp\/v2\/pages\/8810\/revisions"}],"up":[{"embeddable":true,"href":"https:\/\/www.maxima-dia.com\/de\/wp-json\/wp\/v2\/pages\/12466"}],"wp:featuredmedia":[{"embeddable":true,"href":"https:\/\/www.maxima-dia.com\/de\/wp-json\/wp\/v2\/media\/24880"}],"wp:attachment":[{"href":"https:\/\/www.maxima-dia.com\/de\/wp-json\/wp\/v2\/media?parent=8810"}],"curies":[{"name":"wp","href":"https:\/\/api.w.org\/{rel}","templated":true}]}}