{"id":8832,"date":"2014-05-21T15:39:55","date_gmt":"2014-05-21T13:39:55","guid":{"rendered":"http:\/\/www.maxima-dia.com\/?page_id=8832"},"modified":"2024-06-19T15:16:15","modified_gmt":"2024-06-19T13:16:15","slug":"kataloge","status":"publish","type":"page","link":"https:\/\/www.maxima-dia.com\/de\/kataloge\/","title":{"rendered":"Kataloge"},"content":{"rendered":"<div class=\"wpb-content-wrapper\"><p>[vc_row][vc_column][vc_column_text]<\/p>\n<h3>Hauptkatalog f\u00fcr Produkte 2022<\/h3>\n<p>Downloaden oder bl\u00e4ttern Sie unseren Hauptkatalog f\u00fcr Produkte.<br \/>\nSie werden die ganze Palette unserer Produkte, die wir mit den entsprechenden technischen Beschreibungen anbieten, finden k\u00f6nnen.<\/p>\n<div class=\"_df_book df-lite\" id=\"df_30768\"  _slug=\"maxima-spa-katalog-de\" data-title=\"maxima-spa-katalog-2022-de\" wpoptions=\"true\" thumbtype=\"\" ><\/div><script class=\"df-shortcode-script\" nowprocket type=\"application\/javascript\">window.option_df_30768 = {\"outline\":[],\"autoEnableOutline\":\"false\",\"autoEnableThumbnail\":\"false\",\"overwritePDFOutline\":\"false\",\"direction\":\"1\",\"pageSize\":\"0\",\"maxTextureSize\":\"2048\",\"source\":\"https:\\\/\\\/www.maxima-dia.com\\\/wp-content\\\/uploads\\\/2022\\\/09\\\/Maxima_CatGen2021_DE_senza_prezzi_singola_pagina_WEB.pdf\",\"wpOptions\":\"true\"}; if(window.DFLIP && window.DFLIP.parseBooks){window.DFLIP.parseBooks();}<\/script>\n<p>&nbsp;<\/p>\n<p><a href=\"https:\/\/www.maxima-dia.com\/wp-content\/uploads\/2022\/09\/Maxima_CatGen2021_DE_senza_prezzi_singola_pagina_WEB.pdf\" target=\"_blank\" rel=\"noopener noreferrer\"><img loading=\"lazy\" decoding=\"async\" class=\"alignnone\" src=\"\/wp-content\/uploads\/2014\/09\/pdf-download-icon.png\" alt=\"pdf-download-icon\" width=\"250\" height=\"75\"><\/a><br \/>\n<a href=\"https:\/\/www.maxima-dia.com\/wp-content\/uploads\/2022\/09\/Maxima_CatGen2021_DE_senza_prezzi_singola_pagina_WEB.pdf\" target=\"_blank\" rel=\"noopener noreferrer\">Downloaden Sie hier den Katalog und klicken Sie mit der rechten Maustaste, w\u00e4hlen Sie &#8222;speichern unter&#8220;<\/a><\/p>\n<div class=\"clearboth\">&nbsp;<\/div>\n<hr style=\"height: 1px; background: red;\">\n<div class=\"clearboth\">&nbsp;<\/div>\n<h3>Verkaufsst\u00e4nder Katalog&nbsp;<\/h3>\n<p>Downloaden oder bl\u00e4ttern Sie unseren Kernbohrung Katalog.<br \/>\nSie werden die ganze Palette unserer Produkte, die wir mit den entsprechenden technischen Beschreibungen anbieten, finden k\u00f6nnen.<\/p>\n<p>&nbsp;<\/p>\n<div class=\"one_half\"><a href=\"https:\/\/www.maxima-dia.com\/wp-content\/uploads\/2022\/04\/Maxima_Book_Allestimenti_2022_IT_WEB.pdf\" target=\"_blank\" rel=\"noopener noreferrer\"><img loading=\"lazy\" decoding=\"async\" class=\"catalog_shadow alignnone\" title=\"Verkaufsst\u00e4nder Katalog\" src=\"\/wp-content\/uploads\/2023\/04\/cat-allestimenti-2023.jpg\" alt=\"Verkaufsst\u00e4nder Katalog\" width=\"212\" height=\"300\"><\/a><\/div>\n<p><a href=\"https:\/\/www.maxima-dia.com\/wp-content\/uploads\/2022\/04\/Maxima_Book_Allestimenti_2022_IT_WEB.pdf\" target=\"_blank\" rel=\"noopener noreferrer\"><img loading=\"lazy\" decoding=\"async\" class=\"alignnone\" src=\"\/wp-content\/uploads\/2014\/09\/pdf-download-icon.png\" alt=\"pdf-download-icon\" width=\"250\" height=\"75\"><\/a><br \/>\n<a href=\"https:\/\/www.maxima-dia.com\/wp-content\/uploads\/2022\/04\/Maxima_Book_Allestimenti_2022_IT_WEB.pdf\" target=\"_blank\" rel=\"noopener noreferrer\">Downloaden Sie hier den Katalog und klicken Sie mit der rechten Maustaste, w\u00e4hlen Sie &#8222;speichern unter&#8220;<\/a><\/p>\n<div class=\"clearboth\">&nbsp;<\/div>\n<hr style=\"height: 1px; background: red;\">\n<h3>Broschu\u0308re Kernbohrung<\/h3>\n<p>Downloaden oder bl\u00e4ttern Sie hier unseren Broschu\u0308re Kernbohrung.<br \/>\nSie finden die ganze Palette der Produkte, die wir durch die spezielle Angebote bieten, um g\u00fcnstiger zu kaufen.<\/p>\n<div class=\"one_half\"><a href=\"https:\/\/www.maxima-dia.com\/wp-content\/uploads\/2022\/04\/Maxima_Book_Carotaggio_2022_DE_WEB.pdf\" target=\"_blank\" rel=\"noopener noreferrer\"><img loading=\"lazy\" decoding=\"async\" class=\"catalog_shadow alignnone\" title=\"Broschu\u0308re Kernbohrung\" src=\"\/wp-content\/uploads\/2024\/05\/carotaggio-cop.jpg\" alt=\"Broschu\u0308re Kernbohrung\" width=\"212\" height=\"300\"><\/a><\/div>\n<p><a href=\"https:\/\/www.maxima-dia.com\/wp-content\/uploads\/2022\/04\/Maxima_Book_Carotaggio_2022_DE_WEB.pdf\" target=\"_blank\" rel=\"noopener noreferrer\"><img loading=\"lazy\" decoding=\"async\" class=\"alignnone\" src=\"\/wp-content\/uploads\/2014\/09\/pdf-download-icon.png\" alt=\"pdf-download-icon\" width=\"250\" height=\"75\"><\/a><br \/>\n<a href=\"https:\/\/www.maxima-dia.com\/wp-content\/uploads\/2022\/04\/Maxima_Book_Carotaggio_2022_DE_WEB.pdf\" target=\"_blank\" rel=\"noopener noreferrer\">Downloaden Sie hier den Katalog und klicken Sie mit der rechten Maustaste, w\u00e4hlen Sie &#8222;speichern unter&#8220;<\/a><\/p>\n<p>&nbsp;[\/vc_column_text][\/vc_column][\/vc_row]<\/p>\n<\/div>","protected":false},"excerpt":{"rendered":"<p>[vc_row][vc_column][vc_column_text] Hauptkatalog f\u00fcr Produkte 2022 Downloaden oder bl\u00e4ttern Sie unseren Hauptkatalog f\u00fcr Produkte. Sie werden die ganze Palette unserer Produkte, die wir mit den entsprechenden technischen Beschreibungen anbieten, finden k\u00f6nnen. &nbsp; Downloaden Sie hier den Katalog und klicken Sie mit der rechten Maustaste, w\u00e4hlen Sie &#8222;speichern unter&#8220; &nbsp; &nbsp; Verkaufsst\u00e4nder Katalog&nbsp; Downloaden oder bl\u00e4ttern Sie unseren Kernbohrung Katalog. Sie werden die ganze Palette unserer Produkte, die wir mit den entsprechenden technischen Beschreibungen anbieten, finden k\u00f6nnen. &nbsp; Downloaden Sie hier den Katalog und klicken Sie mit der rechten Maustaste, w\u00e4hlen Sie &#8222;speichern unter&#8220; &nbsp; Broschu\u0308re Kernbohrung Downloaden oder bl\u00e4ttern Sie hier unseren Broschu\u0308re Kernbohrung. Sie finden die ganze Palette der Produkte, die wir durch die spezielle Angebote bieten, um g\u00fcnstiger zu kaufen. Downloaden Sie hier den Katalog und klicken Sie mit der rechten Maustaste, w\u00e4hlen Sie &#8222;speichern unter&#8220; &nbsp;[\/vc_column_text][\/vc_column][\/vc_row]<\/p>\n","protected":false},"author":29,"featured_media":0,"parent":0,"menu_order":371,"comment_status":"closed","ping_status":"closed","template":"","meta":{"ngg_post_thumbnail":0,"_joinchat":[],"footnotes":""},"class_list":["post-8832","page","type-page","status-publish","hentry"],"yoast_head":"<!-- This site is optimized with the Yoast SEO plugin v25.5 - https:\/\/yoast.com\/wordpress\/plugins\/seo\/ -->\n<title>Kataloge - Maxima SpA<\/title>\n<meta name=\"robots\" content=\"index, follow, max-snippet:-1, max-image-preview:large, max-video-preview:-1\" \/>\n<link rel=\"canonical\" href=\"https:\/\/www.maxima-dia.com\/de\/kataloge\/\" \/>\n<meta property=\"og:locale\" content=\"de_DE\" \/>\n<meta property=\"og:type\" content=\"article\" \/>\n<meta property=\"og:title\" content=\"Kataloge - Maxima SpA\" \/>\n<meta property=\"og:description\" content=\"[vc_row][vc_column][vc_column_text] Hauptkatalog f\u00fcr Produkte 2022 Downloaden oder bl\u00e4ttern Sie unseren Hauptkatalog f\u00fcr Produkte. Sie werden die ganze Palette unserer Produkte, die wir mit den entsprechenden technischen Beschreibungen anbieten, finden k\u00f6nnen. &nbsp; Downloaden Sie hier den Katalog und klicken Sie mit der rechten Maustaste, w\u00e4hlen Sie &#8222;speichern unter&#8220; &nbsp; &nbsp; Verkaufsst\u00e4nder Katalog&nbsp; Downloaden oder bl\u00e4ttern Sie unseren Kernbohrung Katalog. Sie werden die ganze Palette unserer Produkte, die wir mit den entsprechenden technischen Beschreibungen anbieten, finden k\u00f6nnen. &nbsp; Downloaden Sie hier den Katalog und klicken Sie mit der rechten Maustaste, w\u00e4hlen Sie &#8222;speichern unter&#8220; &nbsp; Broschu\u0308re Kernbohrung Downloaden oder bl\u00e4ttern Sie hier unseren Broschu\u0308re Kernbohrung. Sie finden die ganze Palette der Produkte, die wir durch die spezielle Angebote bieten, um g\u00fcnstiger zu kaufen. Downloaden Sie hier den Katalog und klicken Sie mit der rechten Maustaste, w\u00e4hlen Sie &#8222;speichern unter&#8220; &nbsp;[\/vc_column_text][\/vc_column][\/vc_row]\" \/>\n<meta property=\"og:url\" content=\"https:\/\/www.maxima-dia.com\/de\/kataloge\/\" \/>\n<meta property=\"og:site_name\" content=\"Maxima SpA\" \/>\n<meta property=\"article:publisher\" content=\"https:\/\/www.facebook.com\/Maxima-spa-106098566139597\" \/>\n<meta property=\"article:modified_time\" content=\"2024-06-19T13:16:15+00:00\" \/>\n<meta property=\"og:image\" content=\"https:\/\/www.maxima-dia.com\/wp-content\/uploads\/2022\/03\/MaximaSpA-logo-quadrato.jpg\" \/>\n\t<meta property=\"og:image:width\" content=\"500\" \/>\n\t<meta property=\"og:image:height\" content=\"500\" \/>\n\t<meta property=\"og:image:type\" content=\"image\/jpeg\" \/>\n<meta name=\"twitter:card\" content=\"summary_large_image\" \/>\n<meta name=\"twitter:site\" content=\"@Maximadia\" \/>\n<meta name=\"twitter:label1\" content=\"Gesch\u00e4tzte Lesezeit\" \/>\n\t<meta name=\"twitter:data1\" content=\"2\u00a0Minuten\" \/>\n<script type=\"application\/ld+json\" class=\"yoast-schema-graph\">{\"@context\":\"https:\/\/schema.org\",\"@graph\":[{\"@type\":\"WebPage\",\"@id\":\"https:\/\/www.maxima-dia.com\/de\/kataloge\/\",\"url\":\"https:\/\/www.maxima-dia.com\/de\/kataloge\/\",\"name\":\"Kataloge - Maxima SpA\",\"isPartOf\":{\"@id\":\"https:\/\/www.maxima-dia.com\/de\/#website\"},\"datePublished\":\"2014-05-21T13:39:55+00:00\",\"dateModified\":\"2024-06-19T13:16:15+00:00\",\"breadcrumb\":{\"@id\":\"https:\/\/www.maxima-dia.com\/de\/kataloge\/#breadcrumb\"},\"inLanguage\":\"de\",\"potentialAction\":[{\"@type\":\"ReadAction\",\"target\":[\"https:\/\/www.maxima-dia.com\/de\/kataloge\/\"]}]},{\"@type\":\"BreadcrumbList\",\"@id\":\"https:\/\/www.maxima-dia.com\/de\/kataloge\/#breadcrumb\",\"itemListElement\":[{\"@type\":\"ListItem\",\"position\":1,\"name\":\"Home\",\"item\":\"https:\/\/www.maxima-dia.com\/de\/\"},{\"@type\":\"ListItem\",\"position\":2,\"name\":\"Kataloge\"}]},{\"@type\":\"WebSite\",\"@id\":\"https:\/\/www.maxima-dia.com\/de\/#website\",\"url\":\"https:\/\/www.maxima-dia.com\/de\/\",\"name\":\"Maxima SpA\",\"description\":\"Only for the real professionals\",\"potentialAction\":[{\"@type\":\"SearchAction\",\"target\":{\"@type\":\"EntryPoint\",\"urlTemplate\":\"https:\/\/www.maxima-dia.com\/de\/?s={search_term_string}\"},\"query-input\":{\"@type\":\"PropertyValueSpecification\",\"valueRequired\":true,\"valueName\":\"search_term_string\"}}],\"inLanguage\":\"de\"}]}<\/script>\n<!-- \/ Yoast SEO plugin. -->","yoast_head_json":{"title":"Kataloge - Maxima SpA","robots":{"index":"index","follow":"follow","max-snippet":"max-snippet:-1","max-image-preview":"max-image-preview:large","max-video-preview":"max-video-preview:-1"},"canonical":"https:\/\/www.maxima-dia.com\/de\/kataloge\/","og_locale":"de_DE","og_type":"article","og_title":"Kataloge - Maxima SpA","og_description":"[vc_row][vc_column][vc_column_text] Hauptkatalog f\u00fcr Produkte 2022 Downloaden oder bl\u00e4ttern Sie unseren Hauptkatalog f\u00fcr Produkte. Sie werden die ganze Palette unserer Produkte, die wir mit den entsprechenden technischen Beschreibungen anbieten, finden k\u00f6nnen. &nbsp; Downloaden Sie hier den Katalog und klicken Sie mit der rechten Maustaste, w\u00e4hlen Sie &#8222;speichern unter&#8220; &nbsp; &nbsp; Verkaufsst\u00e4nder Katalog&nbsp; Downloaden oder bl\u00e4ttern Sie unseren Kernbohrung Katalog. Sie werden die ganze Palette unserer Produkte, die wir mit den entsprechenden technischen Beschreibungen anbieten, finden k\u00f6nnen. &nbsp; Downloaden Sie hier den Katalog und klicken Sie mit der rechten Maustaste, w\u00e4hlen Sie &#8222;speichern unter&#8220; &nbsp; Broschu\u0308re Kernbohrung Downloaden oder bl\u00e4ttern Sie hier unseren Broschu\u0308re Kernbohrung. Sie finden die ganze Palette der Produkte, die wir durch die spezielle Angebote bieten, um g\u00fcnstiger zu kaufen. Downloaden Sie hier den Katalog und klicken Sie mit der rechten Maustaste, w\u00e4hlen Sie &#8222;speichern unter&#8220; &nbsp;[\/vc_column_text][\/vc_column][\/vc_row]","og_url":"https:\/\/www.maxima-dia.com\/de\/kataloge\/","og_site_name":"Maxima SpA","article_publisher":"https:\/\/www.facebook.com\/Maxima-spa-106098566139597","article_modified_time":"2024-06-19T13:16:15+00:00","og_image":[{"width":500,"height":500,"url":"https:\/\/www.maxima-dia.com\/wp-content\/uploads\/2022\/03\/MaximaSpA-logo-quadrato.jpg","type":"image\/jpeg"}],"twitter_card":"summary_large_image","twitter_site":"@Maximadia","twitter_misc":{"Gesch\u00e4tzte Lesezeit":"2\u00a0Minuten"},"schema":{"@context":"https:\/\/schema.org","@graph":[{"@type":"WebPage","@id":"https:\/\/www.maxima-dia.com\/de\/kataloge\/","url":"https:\/\/www.maxima-dia.com\/de\/kataloge\/","name":"Kataloge - Maxima SpA","isPartOf":{"@id":"https:\/\/www.maxima-dia.com\/de\/#website"},"datePublished":"2014-05-21T13:39:55+00:00","dateModified":"2024-06-19T13:16:15+00:00","breadcrumb":{"@id":"https:\/\/www.maxima-dia.com\/de\/kataloge\/#breadcrumb"},"inLanguage":"de","potentialAction":[{"@type":"ReadAction","target":["https:\/\/www.maxima-dia.com\/de\/kataloge\/"]}]},{"@type":"BreadcrumbList","@id":"https:\/\/www.maxima-dia.com\/de\/kataloge\/#breadcrumb","itemListElement":[{"@type":"ListItem","position":1,"name":"Home","item":"https:\/\/www.maxima-dia.com\/de\/"},{"@type":"ListItem","position":2,"name":"Kataloge"}]},{"@type":"WebSite","@id":"https:\/\/www.maxima-dia.com\/de\/#website","url":"https:\/\/www.maxima-dia.com\/de\/","name":"Maxima SpA","description":"Only for the real professionals","potentialAction":[{"@type":"SearchAction","target":{"@type":"EntryPoint","urlTemplate":"https:\/\/www.maxima-dia.com\/de\/?s={search_term_string}"},"query-input":{"@type":"PropertyValueSpecification","valueRequired":true,"valueName":"search_term_string"}}],"inLanguage":"de"}]}},"_links":{"self":[{"href":"https:\/\/www.maxima-dia.com\/de\/wp-json\/wp\/v2\/pages\/8832"}],"collection":[{"href":"https:\/\/www.maxima-dia.com\/de\/wp-json\/wp\/v2\/pages"}],"about":[{"href":"https:\/\/www.maxima-dia.com\/de\/wp-json\/wp\/v2\/types\/page"}],"author":[{"embeddable":true,"href":"https:\/\/www.maxima-dia.com\/de\/wp-json\/wp\/v2\/users\/29"}],"replies":[{"embeddable":true,"href":"https:\/\/www.maxima-dia.com\/de\/wp-json\/wp\/v2\/comments?post=8832"}],"version-history":[{"count":3,"href":"https:\/\/www.maxima-dia.com\/de\/wp-json\/wp\/v2\/pages\/8832\/revisions"}],"predecessor-version":[{"id":43715,"href":"https:\/\/www.maxima-dia.com\/de\/wp-json\/wp\/v2\/pages\/8832\/revisions\/43715"}],"wp:attachment":[{"href":"https:\/\/www.maxima-dia.com\/de\/wp-json\/wp\/v2\/media?parent=8832"}],"curies":[{"name":"wp","href":"https:\/\/api.w.org\/{rel}","templated":true}]}}