{"id":8943,"date":"2014-05-22T08:18:38","date_gmt":"2014-05-22T06:18:38","guid":{"rendered":"http:\/\/www.maxima-dia.com\/?page_id=8943"},"modified":"2019-08-07T11:35:02","modified_gmt":"2019-08-07T09:35:02","slug":"produkte-schnitt","status":"publish","type":"page","link":"https:\/\/www.maxima-dia.com\/de\/produkte-schnitt\/","title":{"rendered":"Produkte &#8211; Schnitt"},"content":{"rendered":"<div class=\"wpb-content-wrapper\"><p>[vc_row bottom_padding=&#8220;50&#8243;][vc_column width=&#8220;1\/1&#8243;][vc_column_text]F\u00fcr die anspruchsvollsten Profis stellt Maxima zur Verf\u00fcgung die breiteste Palette von Diamantwerkzeuge zum Schneiden mit universelle Diamanttrennscheiben mit geschlossener turbo-Segmentierung, universelle Diamanttrennscheiben mit laser-Segmentierung, geeignet f\u00fcr Winkelschleifer, Steintrenns\u00e4gen und Trennschleifer , und auch Diamanttrennscheiben f\u00fcr Keramik f\u00fcr jede elektrisch angetriebene Baumaschine, spezifische Trennscheibe zum Schneiden von Asphalt, Zement, Refrakt\u00e4rwerkstoffe, Porphyr, Marmor, Granit, und auch Diamantschleift\u00f6pfe f\u00fcr universelle und spezifische Verwendung der Steinbearbeitungen. Zur Erg\u00e4nzung dieser breiten Angebot haben wir unsere Baumaschinen: Fugenschneider, Mauernutfr\u00e4sen, Schleifmaschine, Steintrenns\u00e4ge, Stampfer.<br \/>\nAlle unsere Maschine haben die CE-Kennzeichnung und sind in der EU hergestellt <img loading=\"lazy\" decoding=\"async\" class=\"alignnone wp-image-6471\" src=\"\/wp-content\/uploads\/2011\/09\/eu_flag.png\" alt=\"\" width=\"20\" height=\"16\">.[\/vc_column_text][\/vc_column][\/vc_row][vc_row bottom_padding=&#8220;50&#8243;][vc_column width=&#8220;1\/4&#8243;]<div class=\"single_image wpb_content_element align-left    \" data-animation=\"none\" data-delay=\"0\"><a href=\"\/de\/universelle-turbo-diamanttrennscheiben\/\" target=\"_self\"><img loading=\"lazy\" decoding=\"async\" width=\"600\" height=\"600\" src=\"https:\/\/www.maxima-dia.com\/wp-content\/uploads\/2017\/04\/dischi-turbo-icon.jpg\" class=\"attachment-full\" alt=\"Maxima SpA dischi universali turbo\" title=\"Maxima SpA dischi universali turbo\" srcset=\"https:\/\/www.maxima-dia.com\/wp-content\/uploads\/2017\/04\/dischi-turbo-icon.jpg 600w, https:\/\/www.maxima-dia.com\/wp-content\/uploads\/2017\/04\/dischi-turbo-icon-150x150.jpg 150w, https:\/\/www.maxima-dia.com\/wp-content\/uploads\/2017\/04\/dischi-turbo-icon-300x300.jpg 300w, https:\/\/www.maxima-dia.com\/wp-content\/uploads\/2017\/04\/dischi-turbo-icon-80x80.jpg 80w, https:\/\/www.maxima-dia.com\/wp-content\/uploads\/2017\/04\/dischi-turbo-icon-500x500.jpg 500w\" sizes=\"(max-width: 600px) 100vw, 600px\" \/><\/a><\/div>[\/vc_column][vc_column width=&#8220;3\/4&#8243;][vc_column_text]<\/p>\n<h2><a href=\"\/de\/universelle-turbo-diamanttrennscheiben\/\">Universelle turbo-diamanttrennscheiben<\/a><\/h2>\n<p>Dieser Abschnitt listet alle universellen Diamanttrennscheiben mit geschlossener TURBOSegmentierung auf. Sie werden vorwiegend fu\u0308r Arbeiten mit dem Winkelschleifer verwendet. Einige Produkte besitzen ebenfalls einen fu\u0308r Steintrenns\u00e4gen oder Trennschleifer geeigneten Durchmesser.[\/vc_column_text][\/vc_column][\/vc_row][vc_row bottom_padding=&#8220;50&#8243;][vc_column width=&#8220;1\/4&#8243;]<div class=\"single_image wpb_content_element align-left    \" data-animation=\"none\" data-delay=\"0\"><a href=\"\/de\/universelle-laser-diamanttrennscheiben\/\" target=\"_self\"><img loading=\"lazy\" decoding=\"async\" width=\"600\" height=\"600\" src=\"https:\/\/www.maxima-dia.com\/wp-content\/uploads\/2017\/04\/dischi-laser-universali-icon.jpg\" class=\"attachment-full\" alt=\"Maxima SpA dischi laser universali\" title=\"Maxima SpA dischi laser universali\" srcset=\"https:\/\/www.maxima-dia.com\/wp-content\/uploads\/2017\/04\/dischi-laser-universali-icon.jpg 600w, https:\/\/www.maxima-dia.com\/wp-content\/uploads\/2017\/04\/dischi-laser-universali-icon-150x150.jpg 150w, https:\/\/www.maxima-dia.com\/wp-content\/uploads\/2017\/04\/dischi-laser-universali-icon-300x300.jpg 300w, https:\/\/www.maxima-dia.com\/wp-content\/uploads\/2017\/04\/dischi-laser-universali-icon-80x80.jpg 80w, https:\/\/www.maxima-dia.com\/wp-content\/uploads\/2017\/04\/dischi-laser-universali-icon-500x500.jpg 500w\" sizes=\"(max-width: 600px) 100vw, 600px\" \/><\/a><\/div>[\/vc_column][vc_column width=&#8220;3\/4&#8243;][vc_column_text]<\/p>\n<h2><a href=\"\/de\/universelle-laser-diamanttrennscheiben\/\">Universelle laser-diamanttrennscheiben<\/a><\/h2>\n<p>Dieser Abschnitt listet alle universellen Diamanttrennscheiben mit LASER-Segmentierung auf. Sie werden vorwiegend fu\u0308r Arbeiten mit dem Winkelschleifer verwendet. Einige Produkte besitzen ebenfalls einen fu\u0308r Steintrenns\u00e4gen oder Trennschleifer geeigneten Durchmesser.[\/vc_column_text][\/vc_column][\/vc_row][vc_row bottom_padding=&#8220;50&#8243;][vc_column width=&#8220;1\/4&#8243;]<div class=\"single_image wpb_content_element align-left    \" data-animation=\"none\" data-delay=\"0\"><a href=\"\/de\/diamanttrennscheiben-fuer-keramik\/\" target=\"_self\"><img loading=\"lazy\" decoding=\"async\" width=\"600\" height=\"600\" src=\"https:\/\/www.maxima-dia.com\/wp-content\/uploads\/2017\/04\/dischi-ceramica-icon.jpg\" class=\"attachment-full\" alt=\"Maxima SpA dischi ceramica\" title=\"Maxima SpA dischi ceramica\" srcset=\"https:\/\/www.maxima-dia.com\/wp-content\/uploads\/2017\/04\/dischi-ceramica-icon.jpg 600w, https:\/\/www.maxima-dia.com\/wp-content\/uploads\/2017\/04\/dischi-ceramica-icon-150x150.jpg 150w, https:\/\/www.maxima-dia.com\/wp-content\/uploads\/2017\/04\/dischi-ceramica-icon-300x300.jpg 300w, https:\/\/www.maxima-dia.com\/wp-content\/uploads\/2017\/04\/dischi-ceramica-icon-80x80.jpg 80w, https:\/\/www.maxima-dia.com\/wp-content\/uploads\/2017\/04\/dischi-ceramica-icon-500x500.jpg 500w\" sizes=\"(max-width: 600px) 100vw, 600px\" \/><\/a><\/div>[\/vc_column][vc_column width=&#8220;3\/4&#8243;][vc_column_text]<\/p>\n<h2><a href=\"\/de\/diamanttrennscheiben-fuer-keramik\/\">Diamanttrennscheiben f\u00fcr keramik<\/a><\/h2>\n<p>Dieser Abschnitt listet das gesamte Sortiment Maximas von Diamanttrennscheiben fu\u0308r Keramik auf. Diese schneiden jedes Keramikmaterial, stehen in vielen Durchmessern zur Verfu\u0308gung und sind daher fu\u0308r fast alle elektrischen Bauger\u00e4t geeignet. Cer Rosa Turbo ist die absolut meistverkaufte Diamanttrennscheibe der Produktpalette.[\/vc_column_text][\/vc_column][\/vc_row][vc_row bottom_padding=&#8220;50&#8243;][vc_column width=&#8220;1\/4&#8243;]<div class=\"single_image wpb_content_element align-left    \" data-animation=\"none\" data-delay=\"0\"><a href=\"\/de\/spezifische-trennscheibe\/\" target=\"_self\"><img loading=\"lazy\" decoding=\"async\" width=\"600\" height=\"600\" src=\"https:\/\/www.maxima-dia.com\/wp-content\/uploads\/2017\/04\/dischi-specifici-icon.jpg\" class=\"attachment-full\" alt=\"Maxima SpA dischi specifici\" title=\"Maxima SpA dischi specifici\" srcset=\"https:\/\/www.maxima-dia.com\/wp-content\/uploads\/2017\/04\/dischi-specifici-icon.jpg 600w, https:\/\/www.maxima-dia.com\/wp-content\/uploads\/2017\/04\/dischi-specifici-icon-150x150.jpg 150w, https:\/\/www.maxima-dia.com\/wp-content\/uploads\/2017\/04\/dischi-specifici-icon-300x300.jpg 300w, https:\/\/www.maxima-dia.com\/wp-content\/uploads\/2017\/04\/dischi-specifici-icon-80x80.jpg 80w, https:\/\/www.maxima-dia.com\/wp-content\/uploads\/2017\/04\/dischi-specifici-icon-500x500.jpg 500w\" sizes=\"(max-width: 600px) 100vw, 600px\" \/><\/a><\/div>[\/vc_column][vc_column width=&#8220;3\/4&#8243;][vc_column_text]<\/p>\n<h2><a href=\"\/de\/spezifische-trennscheibe\/\">Spezifische diamanttrennscheiben<\/a><\/h2>\n<p>Entgegen den Anforderungen an universelle Diamanttrennscheiben geht die Entwicklung spezieller Diamanttrennscheiben auf die Notwendigkeit zuru\u0308ck, besondere Materialien schneiden zu mu\u0308ssen. Maxima hat eine umfangreiche Produktpalette von Diamanttrennscheiben fu\u0308r unterschiedliche Materialien entwickelt, z. B. Asphalt, Zement, Schamotte, Porphyr, Marmor und Granit. Mit Durchmessern von 125 bis 800 mm sind sie Produkte fu\u0308r unterschiedliche Baumaschinen geeignet.[\/vc_column_text][\/vc_column][\/vc_row][vc_row bottom_padding=&#8220;50&#8243;][vc_column width=&#8220;1\/4&#8243;]<div class=\"single_image wpb_content_element align-left    \" data-animation=\"none\" data-delay=\"0\"><a href=\"\/de\/diamantschleiftoepfe\/\" target=\"_self\"><img loading=\"lazy\" decoding=\"async\" width=\"600\" height=\"600\" src=\"https:\/\/www.maxima-dia.com\/wp-content\/uploads\/2017\/04\/platorelli-icon.jpg\" class=\"attachment-full\" alt=\"Maxima SpA platorelli\" title=\"Maxima SpA platorelli\" srcset=\"https:\/\/www.maxima-dia.com\/wp-content\/uploads\/2017\/04\/platorelli-icon.jpg 600w, https:\/\/www.maxima-dia.com\/wp-content\/uploads\/2017\/04\/platorelli-icon-150x150.jpg 150w, https:\/\/www.maxima-dia.com\/wp-content\/uploads\/2017\/04\/platorelli-icon-300x300.jpg 300w, https:\/\/www.maxima-dia.com\/wp-content\/uploads\/2017\/04\/platorelli-icon-80x80.jpg 80w, https:\/\/www.maxima-dia.com\/wp-content\/uploads\/2017\/04\/platorelli-icon-500x500.jpg 500w\" sizes=\"(max-width: 600px) 100vw, 600px\" \/><\/a><\/div>[\/vc_column][vc_column width=&#8220;3\/4&#8243;][vc_column_text]<\/p>\n<h2><a href=\"\/de\/diamantschleiftoepfe\/\">Diamantschleift\u00f6pfe<\/a><\/h2>\n<p>Maxima hat eine Produktpalette an Diamantschleift\u00f6pfen entwickelt, die sowohl fu\u0308r einen universellen Baustelleneinsatz als auch fu\u0308r spezielle Steinbearbeitungen geeignet ist. Zu den Modellen mit fortlaufendem und unterbrochenem Segment gesellt sich das neuste Modell Laser Blau Plus. Mit diesem Diamantschleiftopf kann gleichzeitig geschnitten und abgegratet werden. In den Durchmessern von 100 mm bis 180 mm erh\u00e4ltlich.[\/vc_column_text][\/vc_column][\/vc_row][vc_row bottom_padding=&#8220;50&#8243;][vc_column width=&#8220;1\/4&#8243;]<div class=\"single_image wpb_content_element align-left    \" data-animation=\"none\" data-delay=\"0\"><a href=\"\/de\/diamant-trennmaschinen\/\" target=\"_self\"><img loading=\"lazy\" decoding=\"async\" width=\"600\" height=\"600\" src=\"https:\/\/www.maxima-dia.com\/wp-content\/uploads\/2017\/04\/macchine-edili-taglio-icon.jpg\" class=\"attachment-full\" alt=\"Maxima SpA macchine edili taglio\" title=\"Maxima SpA macchine edili taglio\" srcset=\"https:\/\/www.maxima-dia.com\/wp-content\/uploads\/2017\/04\/macchine-edili-taglio-icon.jpg 600w, https:\/\/www.maxima-dia.com\/wp-content\/uploads\/2017\/04\/macchine-edili-taglio-icon-150x150.jpg 150w, https:\/\/www.maxima-dia.com\/wp-content\/uploads\/2017\/04\/macchine-edili-taglio-icon-300x300.jpg 300w, https:\/\/www.maxima-dia.com\/wp-content\/uploads\/2017\/04\/macchine-edili-taglio-icon-80x80.jpg 80w, https:\/\/www.maxima-dia.com\/wp-content\/uploads\/2017\/04\/macchine-edili-taglio-icon-500x500.jpg 500w\" sizes=\"(max-width: 600px) 100vw, 600px\" \/><\/a><\/div>[\/vc_column][vc_column width=&#8220;3\/4&#8243;][vc_column_text]<\/p>\n<h2><a href=\"\/de\/diamant-trennmaschinen\/\">Baumaschinen<\/a><\/h2>\n<p>Dieser Abschnitt pr\u00e4sentiert alle Baumaschinen, die zur Montage der Diamantprodukte von Maxima geeignet sind: Mauernutfr\u00e4sen, Schleifmaschinen, Steintrenns\u00e4gen und Fugenschneider. Zus\u00e4tzlich wird die Linie der R\u00fcttelplatten Vibramax vorgestellt. Diese vervollst\u00e4ndigen das Angebot im Sinne derjenigen H\u00e4ndler, die Hoch- und Stra\u00dfenbauunternehmen als Kunden bedienen. Alle Maschinen besitzen ein CE-Zertifikat und sind \u201eMade in EU\u201d&nbsp;<img loading=\"lazy\" decoding=\"async\" class=\"wp-image-6471\" src=\"\/wp-content\/uploads\/2011\/09\/eu_flag.png\" alt=\"\" width=\"18\" height=\"15\">, sie sind innerhalb der Europ\u00e4ischen Union hergestellt.[\/vc_column_text][\/vc_column][\/vc_row][vc_row bottom_padding=&#8220;50&#8243;][vc_column width=&#8220;1\/4&#8243;]<div class=\"single_image wpb_content_element align-left    \" data-animation=\"none\" data-delay=\"0\"><a href=\"\/de\/schneiden-zubehor\/\" target=\"_self\"><img loading=\"lazy\" decoding=\"async\" width=\"600\" height=\"600\" src=\"https:\/\/www.maxima-dia.com\/wp-content\/uploads\/2017\/04\/accessori-taglio-icon.jpg\" class=\"attachment-full\" alt=\"Maxima SpA accessori taglio\" title=\"Maxima SpA accessori taglio\" srcset=\"https:\/\/www.maxima-dia.com\/wp-content\/uploads\/2017\/04\/accessori-taglio-icon.jpg 600w, https:\/\/www.maxima-dia.com\/wp-content\/uploads\/2017\/04\/accessori-taglio-icon-150x150.jpg 150w, https:\/\/www.maxima-dia.com\/wp-content\/uploads\/2017\/04\/accessori-taglio-icon-300x300.jpg 300w, https:\/\/www.maxima-dia.com\/wp-content\/uploads\/2017\/04\/accessori-taglio-icon-80x80.jpg 80w, https:\/\/www.maxima-dia.com\/wp-content\/uploads\/2017\/04\/accessori-taglio-icon-500x500.jpg 500w\" sizes=\"(max-width: 600px) 100vw, 600px\" \/><\/a><\/div>[\/vc_column][vc_column width=&#8220;3\/4&#8243;][vc_column_text]<\/p>\n<h2><a href=\"\/de\/schneiden-zubehor\/\">Zubeh\u00f6r f\u00fcr Schnitt<\/a><\/h2>\n<p>In diesem Abschnitt werden pr\u00e4sentiert Zubeh\u00f6r zum Schneiden.[\/vc_column_text][\/vc_column][\/vc_row]<\/p>\n<\/div>","protected":false},"excerpt":{"rendered":"<p>[vc_row bottom_padding=&#8220;50&#8243;][vc_column width=&#8220;1\/1&#8243;][vc_column_text]F\u00fcr die anspruchsvollsten Profis stellt Maxima zur Verf\u00fcgung die breiteste Palette von Diamantwerkzeuge zum Schneiden mit universelle Diamanttrennscheiben mit geschlossener turbo-Segmentierung, universelle Diamanttrennscheiben mit laser-Segmentierung, geeignet f\u00fcr Winkelschleifer, Steintrenns\u00e4gen und Trennschleifer , und auch Diamanttrennscheiben f\u00fcr Keramik f\u00fcr jede elektrisch angetriebene Baumaschine, spezifische Trennscheibe zum Schneiden von Asphalt, Zement, Refrakt\u00e4rwerkstoffe, Porphyr, Marmor, Granit, und auch Diamantschleift\u00f6pfe f\u00fcr universelle und spezifische Verwendung der Steinbearbeitungen. Zur Erg\u00e4nzung dieser breiten Angebot haben wir unsere Baumaschinen: Fugenschneider, Mauernutfr\u00e4sen, Schleifmaschine, Steintrenns\u00e4ge, Stampfer. Alle unsere Maschine haben die CE-Kennzeichnung und sind in der EU hergestellt .[\/vc_column_text][\/vc_column][\/vc_row][vc_row bottom_padding=&#8220;50&#8243;][vc_column width=&#8220;1\/4&#8243;][\/vc_column][vc_column width=&#8220;3\/4&#8243;][vc_column_text] Universelle turbo-diamanttrennscheiben Dieser Abschnitt listet alle universellen Diamanttrennscheiben mit geschlossener TURBOSegmentierung auf. Sie werden vorwiegend fu\u0308r Arbeiten mit dem Winkelschleifer verwendet. Einige Produkte besitzen ebenfalls einen fu\u0308r Steintrenns\u00e4gen oder Trennschleifer geeigneten Durchmesser.[\/vc_column_text][\/vc_column][\/vc_row][vc_row bottom_padding=&#8220;50&#8243;][vc_column width=&#8220;1\/4&#8243;][\/vc_column][vc_column width=&#8220;3\/4&#8243;][vc_column_text] Universelle laser-diamanttrennscheiben Dieser Abschnitt listet alle universellen Diamanttrennscheiben mit LASER-Segmentierung auf. Sie werden vorwiegend fu\u0308r Arbeiten mit dem Winkelschleifer verwendet. Einige Produkte besitzen ebenfalls einen fu\u0308r Steintrenns\u00e4gen oder Trennschleifer geeigneten Durchmesser.[\/vc_column_text][\/vc_column][\/vc_row][vc_row bottom_padding=&#8220;50&#8243;][vc_column width=&#8220;1\/4&#8243;][\/vc_column][vc_column width=&#8220;3\/4&#8243;][vc_column_text] Diamanttrennscheiben f\u00fcr keramik Dieser Abschnitt listet das gesamte Sortiment Maximas von Diamanttrennscheiben fu\u0308r Keramik auf. Diese schneiden jedes Keramikmaterial, stehen in vielen Durchmessern zur Verfu\u0308gung und sind daher fu\u0308r fast alle elektrischen Bauger\u00e4t geeignet. Cer Rosa [&hellip;]<\/p>\n","protected":false},"author":29,"featured_media":0,"parent":0,"menu_order":443,"comment_status":"closed","ping_status":"closed","template":"","meta":{"ngg_post_thumbnail":0,"_joinchat":[],"footnotes":""},"class_list":["post-8943","page","type-page","status-publish","hentry"],"yoast_head":"<!-- This site is optimized with the Yoast SEO plugin v25.5 - https:\/\/yoast.com\/wordpress\/plugins\/seo\/ -->\n<title>Produkte - Schnitt - Maxima SpA<\/title>\n<meta name=\"description\" content=\"Schnitt Universelle turbo-diamanttrennscheiben, Schnitt Universelle laser-diamanttrennscheiben, Diamanttrennscheiben f\u00fcr keramik, Spezielle diamanttrennscheiben, Diamantschleift\u00f6pfe, Baumaschinen, Zubeh\u00f6r f\u00fcr Schnitt\" \/>\n<meta name=\"robots\" content=\"index, follow, max-snippet:-1, max-image-preview:large, max-video-preview:-1\" \/>\n<link rel=\"canonical\" href=\"https:\/\/www.maxima-dia.com\/de\/produkte-schnitt\/\" \/>\n<meta property=\"og:locale\" content=\"de_DE\" \/>\n<meta property=\"og:type\" content=\"article\" \/>\n<meta property=\"og:title\" content=\"Produkte - Schnitt - Maxima SpA\" \/>\n<meta property=\"og:description\" content=\"Schnitt Universelle turbo-diamanttrennscheiben, Schnitt Universelle laser-diamanttrennscheiben, Diamanttrennscheiben f\u00fcr keramik, Spezielle diamanttrennscheiben, Diamantschleift\u00f6pfe, Baumaschinen, Zubeh\u00f6r f\u00fcr Schnitt\" \/>\n<meta property=\"og:url\" content=\"https:\/\/www.maxima-dia.com\/de\/produkte-schnitt\/\" \/>\n<meta property=\"og:site_name\" content=\"Maxima SpA\" \/>\n<meta property=\"article:publisher\" content=\"https:\/\/www.facebook.com\/Maxima-spa-106098566139597\" \/>\n<meta property=\"article:modified_time\" content=\"2019-08-07T09:35:02+00:00\" \/>\n<meta property=\"og:image\" content=\"https:\/\/www.maxima-dia.com\/wp-content\/uploads\/2011\/09\/eu_flag.png\" \/>\n<meta name=\"twitter:card\" content=\"summary_large_image\" \/>\n<meta name=\"twitter:site\" content=\"@Maximadia\" \/>\n<meta name=\"twitter:label1\" content=\"Gesch\u00e4tzte Lesezeit\" \/>\n\t<meta name=\"twitter:data1\" content=\"3\u00a0Minuten\" \/>\n<script type=\"application\/ld+json\" class=\"yoast-schema-graph\">{\"@context\":\"https:\/\/schema.org\",\"@graph\":[{\"@type\":\"WebPage\",\"@id\":\"https:\/\/www.maxima-dia.com\/de\/produkte-schnitt\/\",\"url\":\"https:\/\/www.maxima-dia.com\/de\/produkte-schnitt\/\",\"name\":\"Produkte - Schnitt - Maxima SpA\",\"isPartOf\":{\"@id\":\"https:\/\/www.maxima-dia.com\/de\/#website\"},\"datePublished\":\"2014-05-22T06:18:38+00:00\",\"dateModified\":\"2019-08-07T09:35:02+00:00\",\"description\":\"Schnitt Universelle turbo-diamanttrennscheiben, Schnitt Universelle laser-diamanttrennscheiben, Diamanttrennscheiben f\u00fcr keramik, Spezielle diamanttrennscheiben, Diamantschleift\u00f6pfe, Baumaschinen, Zubeh\u00f6r f\u00fcr Schnitt\",\"breadcrumb\":{\"@id\":\"https:\/\/www.maxima-dia.com\/de\/produkte-schnitt\/#breadcrumb\"},\"inLanguage\":\"de\",\"potentialAction\":[{\"@type\":\"ReadAction\",\"target\":[\"https:\/\/www.maxima-dia.com\/de\/produkte-schnitt\/\"]}]},{\"@type\":\"BreadcrumbList\",\"@id\":\"https:\/\/www.maxima-dia.com\/de\/produkte-schnitt\/#breadcrumb\",\"itemListElement\":[{\"@type\":\"ListItem\",\"position\":1,\"name\":\"Home\",\"item\":\"https:\/\/www.maxima-dia.com\/de\/\"},{\"@type\":\"ListItem\",\"position\":2,\"name\":\"Produkte &#8211; Schnitt\"}]},{\"@type\":\"WebSite\",\"@id\":\"https:\/\/www.maxima-dia.com\/de\/#website\",\"url\":\"https:\/\/www.maxima-dia.com\/de\/\",\"name\":\"Maxima SpA\",\"description\":\"Only for the real professionals\",\"potentialAction\":[{\"@type\":\"SearchAction\",\"target\":{\"@type\":\"EntryPoint\",\"urlTemplate\":\"https:\/\/www.maxima-dia.com\/de\/?s={search_term_string}\"},\"query-input\":{\"@type\":\"PropertyValueSpecification\",\"valueRequired\":true,\"valueName\":\"search_term_string\"}}],\"inLanguage\":\"de\"}]}<\/script>\n<!-- \/ Yoast SEO plugin. -->","yoast_head_json":{"title":"Produkte - Schnitt - Maxima SpA","description":"Schnitt Universelle turbo-diamanttrennscheiben, Schnitt Universelle laser-diamanttrennscheiben, Diamanttrennscheiben f\u00fcr keramik, Spezielle diamanttrennscheiben, Diamantschleift\u00f6pfe, Baumaschinen, Zubeh\u00f6r f\u00fcr Schnitt","robots":{"index":"index","follow":"follow","max-snippet":"max-snippet:-1","max-image-preview":"max-image-preview:large","max-video-preview":"max-video-preview:-1"},"canonical":"https:\/\/www.maxima-dia.com\/de\/produkte-schnitt\/","og_locale":"de_DE","og_type":"article","og_title":"Produkte - Schnitt - Maxima SpA","og_description":"Schnitt Universelle turbo-diamanttrennscheiben, Schnitt Universelle laser-diamanttrennscheiben, Diamanttrennscheiben f\u00fcr keramik, Spezielle diamanttrennscheiben, Diamantschleift\u00f6pfe, Baumaschinen, Zubeh\u00f6r f\u00fcr Schnitt","og_url":"https:\/\/www.maxima-dia.com\/de\/produkte-schnitt\/","og_site_name":"Maxima SpA","article_publisher":"https:\/\/www.facebook.com\/Maxima-spa-106098566139597","article_modified_time":"2019-08-07T09:35:02+00:00","og_image":[{"url":"https:\/\/www.maxima-dia.com\/wp-content\/uploads\/2011\/09\/eu_flag.png","type":"","width":"","height":""}],"twitter_card":"summary_large_image","twitter_site":"@Maximadia","twitter_misc":{"Gesch\u00e4tzte Lesezeit":"3\u00a0Minuten"},"schema":{"@context":"https:\/\/schema.org","@graph":[{"@type":"WebPage","@id":"https:\/\/www.maxima-dia.com\/de\/produkte-schnitt\/","url":"https:\/\/www.maxima-dia.com\/de\/produkte-schnitt\/","name":"Produkte - Schnitt - Maxima SpA","isPartOf":{"@id":"https:\/\/www.maxima-dia.com\/de\/#website"},"datePublished":"2014-05-22T06:18:38+00:00","dateModified":"2019-08-07T09:35:02+00:00","description":"Schnitt Universelle turbo-diamanttrennscheiben, Schnitt Universelle laser-diamanttrennscheiben, Diamanttrennscheiben f\u00fcr keramik, Spezielle diamanttrennscheiben, Diamantschleift\u00f6pfe, Baumaschinen, Zubeh\u00f6r f\u00fcr Schnitt","breadcrumb":{"@id":"https:\/\/www.maxima-dia.com\/de\/produkte-schnitt\/#breadcrumb"},"inLanguage":"de","potentialAction":[{"@type":"ReadAction","target":["https:\/\/www.maxima-dia.com\/de\/produkte-schnitt\/"]}]},{"@type":"BreadcrumbList","@id":"https:\/\/www.maxima-dia.com\/de\/produkte-schnitt\/#breadcrumb","itemListElement":[{"@type":"ListItem","position":1,"name":"Home","item":"https:\/\/www.maxima-dia.com\/de\/"},{"@type":"ListItem","position":2,"name":"Produkte &#8211; Schnitt"}]},{"@type":"WebSite","@id":"https:\/\/www.maxima-dia.com\/de\/#website","url":"https:\/\/www.maxima-dia.com\/de\/","name":"Maxima SpA","description":"Only for the real professionals","potentialAction":[{"@type":"SearchAction","target":{"@type":"EntryPoint","urlTemplate":"https:\/\/www.maxima-dia.com\/de\/?s={search_term_string}"},"query-input":{"@type":"PropertyValueSpecification","valueRequired":true,"valueName":"search_term_string"}}],"inLanguage":"de"}]}},"_links":{"self":[{"href":"https:\/\/www.maxima-dia.com\/de\/wp-json\/wp\/v2\/pages\/8943"}],"collection":[{"href":"https:\/\/www.maxima-dia.com\/de\/wp-json\/wp\/v2\/pages"}],"about":[{"href":"https:\/\/www.maxima-dia.com\/de\/wp-json\/wp\/v2\/types\/page"}],"author":[{"embeddable":true,"href":"https:\/\/www.maxima-dia.com\/de\/wp-json\/wp\/v2\/users\/29"}],"replies":[{"embeddable":true,"href":"https:\/\/www.maxima-dia.com\/de\/wp-json\/wp\/v2\/comments?post=8943"}],"version-history":[{"count":0,"href":"https:\/\/www.maxima-dia.com\/de\/wp-json\/wp\/v2\/pages\/8943\/revisions"}],"wp:attachment":[{"href":"https:\/\/www.maxima-dia.com\/de\/wp-json\/wp\/v2\/media?parent=8943"}],"curies":[{"name":"wp","href":"https:\/\/api.w.org\/{rel}","templated":true}]}}