{"id":8954,"date":"2014-05-22T08:27:35","date_gmt":"2014-05-22T06:27:35","guid":{"rendered":"http:\/\/www.maxima-dia.com\/?page_id=8954"},"modified":"2019-08-07T11:35:00","modified_gmt":"2019-08-07T09:35:00","slug":"produkte-kernbohrung","status":"publish","type":"page","link":"https:\/\/www.maxima-dia.com\/de\/produkte-kernbohrung\/","title":{"rendered":"Produkte &#8211; Kernbohrung"},"content":{"rendered":"<div class=\"wpb-content-wrapper\"><p>[vc_row bottom_padding=&#8220;50&#8243;][vc_column width=&#8220;1\/1&#8243;][vc_column_text]F\u00fcr die anspruchsvollsten Profis stellt Maxima zur Verf\u00fcgung die breiteste Palette von Diamantwerkzeuge zum Bohren mit Diamantwerkzeuge alle L\u00e4ngen und Durchmesser, einschlie\u00dflich Trockenbohrkrone zur Verwendung mit Handbohrmaschinen und Nassbohrkrone zur Verwendung mit st\u00e4ndergef\u00fchrten Bohrmaschinen, bis hin zu fortlaufen\u00acden Kernbohrsystem, um Bohrungen bis \u00fcber 2 m L\u00e4nge durchzuf\u00fchren. Wir haben eine gro\u00dfe Auswahl an Kernbohrmaschinen mit Leistung bis zu 5200W f\u00fcr die trocken Kernbohrung mit Staubabsaugung und Diamant-Nassbohrmaschine f\u00fcr professionelle st\u00e4ndergef\u00fchrte Kernbohrungen.<br \/>\nAlle unsere Maschine haben die CE-Kennzeichnung und sind in der EU hergestellt <img loading=\"lazy\" decoding=\"async\" class=\"alignnone wp-image-6471\" src=\"\/wp-content\/uploads\/2011\/09\/eu_flag.png\" alt=\"\" width=\"20\" height=\"16\">.[\/vc_column_text][\/vc_column][\/vc_row][vc_row bottom_padding=&#8220;50&#8243;][vc_column width=&#8220;1\/4&#8243;]<div class=\"single_image wpb_content_element align-left    \" data-animation=\"none\" data-delay=\"0\"><a href=\"\/de\/trockenes-kernbohren\/\" target=\"_self\"><img loading=\"lazy\" decoding=\"async\" width=\"600\" height=\"600\" src=\"https:\/\/www.maxima-dia.com\/wp-content\/uploads\/2017\/04\/foretti-secco-icon.jpg\" class=\"attachment-full\" alt=\"Maxima SpA foretti secco\" title=\"Maxima SpA foretti secco\" srcset=\"https:\/\/www.maxima-dia.com\/wp-content\/uploads\/2017\/04\/foretti-secco-icon.jpg 600w, https:\/\/www.maxima-dia.com\/wp-content\/uploads\/2017\/04\/foretti-secco-icon-150x150.jpg 150w, https:\/\/www.maxima-dia.com\/wp-content\/uploads\/2017\/04\/foretti-secco-icon-300x300.jpg 300w, https:\/\/www.maxima-dia.com\/wp-content\/uploads\/2017\/04\/foretti-secco-icon-80x80.jpg 80w, https:\/\/www.maxima-dia.com\/wp-content\/uploads\/2017\/04\/foretti-secco-icon-500x500.jpg 500w\" sizes=\"(max-width: 600px) 100vw, 600px\" \/><\/a><\/div>[\/vc_column][vc_column width=&#8220;3\/4&#8243;][vc_column_text]<\/p>\n<h2><a href=\"\/de\/trockenes-kernbohren\/\">Trockenes Kernbohren<\/a><\/h2>\n<p>Dieser Abschnitt pr\u00e4sentiert die Diamantbohrkronen Maximas fu\u0308r Trockenanwendungen. Sie werden an Kernbohrmaschinenmontiert. AlleentwickeltenWerkzeuge zum trockenen Kernbohren besitzen Anschlu\u0308sse in den Gr\u00f6\u00dfen M16 und 1\u00bc\u201d. Die Serie der Diamantbohrkronen Gold Spiral fu\u0308r den Trockeneinsatz ist die meistverkaufte in Italien \u2013 und wird ebenso oft nachgeahmt. Exklusiv seit 2002 vertrieben, garantiert diese Bohrkrone eine unvergleichbare Leistungsst\u00e4rke.[\/vc_column_text][\/vc_column][\/vc_row][vc_row bottom_padding=&#8220;50&#8243;][vc_column width=&#8220;1\/4&#8243;]<div class=\"single_image wpb_content_element align-left    \" data-animation=\"none\" data-delay=\"0\"><a href=\"\/de\/kernbohren-mit-wasserkuehlung\/\" target=\"_self\"><img loading=\"lazy\" decoding=\"async\" width=\"600\" height=\"600\" src=\"https:\/\/www.maxima-dia.com\/wp-content\/uploads\/2017\/04\/foretti-acqua-icon.jpg\" class=\"attachment-full\" alt=\"Maxima SpA foretti acqua\" title=\"Maxima SpA foretti acqua\" srcset=\"https:\/\/www.maxima-dia.com\/wp-content\/uploads\/2017\/04\/foretti-acqua-icon.jpg 600w, https:\/\/www.maxima-dia.com\/wp-content\/uploads\/2017\/04\/foretti-acqua-icon-150x150.jpg 150w, https:\/\/www.maxima-dia.com\/wp-content\/uploads\/2017\/04\/foretti-acqua-icon-300x300.jpg 300w, https:\/\/www.maxima-dia.com\/wp-content\/uploads\/2017\/04\/foretti-acqua-icon-80x80.jpg 80w, https:\/\/www.maxima-dia.com\/wp-content\/uploads\/2017\/04\/foretti-acqua-icon-500x500.jpg 500w\" sizes=\"(max-width: 600px) 100vw, 600px\" \/><\/a><\/div>[\/vc_column][vc_column width=&#8220;3\/4&#8243;][vc_column_text]<\/p>\n<h2><a href=\"\/de\/kernbohren-mit-wasserkuehlung\/\">Kernbohren mit Wasserk\u00fchlung<\/a><\/h2>\n<p>Das Sortiment an Diamantbohrkronen mit Wasserk\u00fchlung kann vielf\u00e4ltig eingesetzt werden. Anschl\u00fcsse der Gr\u00f6\u00dfe 2 (Gas) und 11\/ LaserschweiBung oder LotschweiBung sowieDurchmesservon 6 bis 700 mm stehenzur Verf\u00fcgung. Ausschlie\u00dflich der Diamantbohrkrone Gold Steinze g ist das gesamte Sortiment f\u00fcr Bohrst\u00e4nder entwickelt.[\/vc_column_text][\/vc_column][\/vc_row][vc_row bottom_padding=&#8220;50&#8243;][vc_column width=&#8220;1\/4&#8243;]<div class=\"single_image wpb_content_element align-left    \" data-animation=\"none\" data-delay=\"0\"><a href=\"\/de\/bohrmaschinen\/\" target=\"_self\"><img loading=\"lazy\" decoding=\"async\" width=\"600\" height=\"600\" src=\"https:\/\/www.maxima-dia.com\/wp-content\/uploads\/2017\/04\/macchine-edili-attrezzature-accessorie-icon.jpg\" class=\"attachment-full\" alt=\"Maxima SpA macchine edili attrezzature accessorie\" title=\"Maxima SpA macchine edili attrezzature accessorie\" srcset=\"https:\/\/www.maxima-dia.com\/wp-content\/uploads\/2017\/04\/macchine-edili-attrezzature-accessorie-icon.jpg 600w, https:\/\/www.maxima-dia.com\/wp-content\/uploads\/2017\/04\/macchine-edili-attrezzature-accessorie-icon-150x150.jpg 150w, https:\/\/www.maxima-dia.com\/wp-content\/uploads\/2017\/04\/macchine-edili-attrezzature-accessorie-icon-300x300.jpg 300w, https:\/\/www.maxima-dia.com\/wp-content\/uploads\/2017\/04\/macchine-edili-attrezzature-accessorie-icon-80x80.jpg 80w, https:\/\/www.maxima-dia.com\/wp-content\/uploads\/2017\/04\/macchine-edili-attrezzature-accessorie-icon-500x500.jpg 500w\" sizes=\"(max-width: 600px) 100vw, 600px\" \/><\/a><\/div>[\/vc_column][vc_column width=&#8220;3\/4&#8243;][vc_column_text]<\/p>\n<h2><a href=\"\/de\/bohrmaschinen\/\">Bohrmaschinen<\/a><\/h2>\n<p>Maximas Sortiment an Kernbohrmaschinen geh\u00f6rt zu den komplettesten des Marktes. Es umfasst ebenso die Bed\u00fcrfnisse von Installateuren und Elektrikern wie diejenigen des zivilen und industriellen Bauwesens. Aus der Masse stechen die beiden manuellen Kernbohrmaschinen CAROMAX 800 und CAROMAX 1800 hervor: Diese beiden Maschinen geh\u00f6ren inzwischen zur Grundausstattung der Profis. Alle Maschinen besitzen ein <strong>CE<\/strong>-Zertifikat und sind \u201eMade in EU\u201c&nbsp;<img loading=\"lazy\" decoding=\"async\" src=\"\/wp-content\/uploads\/2011\/09\/eu_flag.png\" alt=\"\" width=\"18\" height=\"15\">,&nbsp;d. h., sie sind innerhalb der Europ\u00e4ischen Union hergestellt.[\/vc_column_text][\/vc_column][\/vc_row][vc_row bottom_padding=&#8220;50&#8243;][vc_column width=&#8220;1\/4&#8243;]<div class=\"single_image wpb_content_element align-left    \" data-animation=\"none\" data-delay=\"0\"><a href=\"\/de\/zubehoer-fuer-die-bohrung\/\" target=\"_self\"><img loading=\"lazy\" decoding=\"async\" width=\"600\" height=\"600\" src=\"https:\/\/www.maxima-dia.com\/wp-content\/uploads\/2017\/04\/macchine-edili-attrezzature-accessorie-icon.jpg\" class=\"attachment-full\" alt=\"Maxima SpA macchine edili attrezzature accessorie\" title=\"Maxima SpA macchine edili attrezzature accessorie\" srcset=\"https:\/\/www.maxima-dia.com\/wp-content\/uploads\/2017\/04\/macchine-edili-attrezzature-accessorie-icon.jpg 600w, https:\/\/www.maxima-dia.com\/wp-content\/uploads\/2017\/04\/macchine-edili-attrezzature-accessorie-icon-150x150.jpg 150w, https:\/\/www.maxima-dia.com\/wp-content\/uploads\/2017\/04\/macchine-edili-attrezzature-accessorie-icon-300x300.jpg 300w, https:\/\/www.maxima-dia.com\/wp-content\/uploads\/2017\/04\/macchine-edili-attrezzature-accessorie-icon-80x80.jpg 80w, https:\/\/www.maxima-dia.com\/wp-content\/uploads\/2017\/04\/macchine-edili-attrezzature-accessorie-icon-500x500.jpg 500w\" sizes=\"(max-width: 600px) 100vw, 600px\" \/><\/a><\/div>[\/vc_column][vc_column width=&#8220;3\/4&#8243;][vc_column_text]<\/p>\n<h2><a href=\"\/de\/zubehoer-fuer-die-bohrung\/\">Zubeh\u00f6r f\u00fcr die Kernbohrung<\/a><\/h2>\n<p>In diesem Abschnitt werden die Zubeh\u00f6r f\u00fcr Kernbohrung beschrieben.[\/vc_column_text][\/vc_column][\/vc_row][vc_row bottom_padding=&#8220;50&#8243;][vc_column width=&#8220;1\/4&#8243;]<div class=\"single_image wpb_content_element align-left    \" data-animation=\"none\" data-delay=\"0\"><a href=\"\/de\/zubehor-fur-trockenbohren\/\" target=\"_self\"><img loading=\"lazy\" decoding=\"async\" width=\"600\" height=\"600\" src=\"https:\/\/www.maxima-dia.com\/wp-content\/uploads\/2017\/04\/accessori-carotaggio-icon.jpg\" class=\"attachment-full\" alt=\"Maxima SpA accessori carotaggio\" title=\"Maxima SpA accessori carotaggio\" srcset=\"https:\/\/www.maxima-dia.com\/wp-content\/uploads\/2017\/04\/accessori-carotaggio-icon.jpg 600w, https:\/\/www.maxima-dia.com\/wp-content\/uploads\/2017\/04\/accessori-carotaggio-icon-150x150.jpg 150w, https:\/\/www.maxima-dia.com\/wp-content\/uploads\/2017\/04\/accessori-carotaggio-icon-300x300.jpg 300w, https:\/\/www.maxima-dia.com\/wp-content\/uploads\/2017\/04\/accessori-carotaggio-icon-80x80.jpg 80w, https:\/\/www.maxima-dia.com\/wp-content\/uploads\/2017\/04\/accessori-carotaggio-icon-500x500.jpg 500w\" sizes=\"(max-width: 600px) 100vw, 600px\" \/><\/a><\/div>[\/vc_column][vc_column width=&#8220;3\/4&#8243;][vc_column_text]<\/p>\n<h2><a href=\"\/de\/zubehor-fur-trockenbohren\/\">Zubeh\u00f6r f\u00fcr die Trockenbohrung<\/a><\/h2>\n<p>In diesem Abschnitt werden die Zubeh\u00f6r f\u00fcr die Trockenbohrung wie z.B. Zentrierbohrspitzen, Adapter, Verl\u00e4ngerungen beschrieben, sowie Zubeh\u00f6r zur Montierung der Diamantwerkzeuge von Maxima auf den meisten Ger\u00e4te im Handel.[\/vc_column_text][\/vc_column][\/vc_row][vc_row bottom_padding=&#8220;50&#8243;][vc_column width=&#8220;1\/4&#8243;]<div class=\"single_image wpb_content_element align-left    \" data-animation=\"none\" data-delay=\"0\"><a href=\"\/de\/zubehor-fur-nassbohren\/\" target=\"_self\"><img loading=\"lazy\" decoding=\"async\" width=\"600\" height=\"600\" src=\"https:\/\/www.maxima-dia.com\/wp-content\/uploads\/2017\/04\/accessori-carotaggio-icon.jpg\" class=\"attachment-full\" alt=\"Maxima SpA accessori carotaggio\" title=\"Maxima SpA accessori carotaggio\" srcset=\"https:\/\/www.maxima-dia.com\/wp-content\/uploads\/2017\/04\/accessori-carotaggio-icon.jpg 600w, https:\/\/www.maxima-dia.com\/wp-content\/uploads\/2017\/04\/accessori-carotaggio-icon-150x150.jpg 150w, https:\/\/www.maxima-dia.com\/wp-content\/uploads\/2017\/04\/accessori-carotaggio-icon-300x300.jpg 300w, https:\/\/www.maxima-dia.com\/wp-content\/uploads\/2017\/04\/accessori-carotaggio-icon-80x80.jpg 80w, https:\/\/www.maxima-dia.com\/wp-content\/uploads\/2017\/04\/accessori-carotaggio-icon-500x500.jpg 500w\" sizes=\"(max-width: 600px) 100vw, 600px\" \/><\/a><\/div>[\/vc_column][vc_column width=&#8220;3\/4&#8243;][vc_column_text]<\/p>\n<h2><a href=\"\/de\/zubehor-fur-nassbohren\/\">Zubeh\u00f6r f\u00fcr die Wasserbohrung<\/a><\/h2>\n<p>In diesem Abschnitt werden Zubeh\u00f6r f\u00fcr die Wasserbohrung wie z.B. Adapter, Verl\u00e4ngerungen sowie Klemme beschrieben.[\/vc_column_text][\/vc_column][\/vc_row]<\/p>\n<\/div>","protected":false},"excerpt":{"rendered":"<p>[vc_row bottom_padding=&#8220;50&#8243;][vc_column width=&#8220;1\/1&#8243;][vc_column_text]F\u00fcr die anspruchsvollsten Profis stellt Maxima zur Verf\u00fcgung die breiteste Palette von Diamantwerkzeuge zum Bohren mit Diamantwerkzeuge alle L\u00e4ngen und Durchmesser, einschlie\u00dflich Trockenbohrkrone zur Verwendung mit Handbohrmaschinen und Nassbohrkrone zur Verwendung mit st\u00e4ndergef\u00fchrten Bohrmaschinen, bis hin zu fortlaufen\u00acden Kernbohrsystem, um Bohrungen bis \u00fcber 2 m L\u00e4nge durchzuf\u00fchren. Wir haben eine gro\u00dfe Auswahl an Kernbohrmaschinen mit Leistung bis zu 5200W f\u00fcr die trocken Kernbohrung mit Staubabsaugung und Diamant-Nassbohrmaschine f\u00fcr professionelle st\u00e4ndergef\u00fchrte Kernbohrungen. Alle unsere Maschine haben die CE-Kennzeichnung und sind in der EU hergestellt .[\/vc_column_text][\/vc_column][\/vc_row][vc_row bottom_padding=&#8220;50&#8243;][vc_column width=&#8220;1\/4&#8243;][\/vc_column][vc_column width=&#8220;3\/4&#8243;][vc_column_text] Trockenes Kernbohren Dieser Abschnitt pr\u00e4sentiert die Diamantbohrkronen Maximas fu\u0308r Trockenanwendungen. Sie werden an Kernbohrmaschinenmontiert. AlleentwickeltenWerkzeuge zum trockenen Kernbohren besitzen Anschlu\u0308sse in den Gr\u00f6\u00dfen M16 und 1\u00bc\u201d. Die Serie der Diamantbohrkronen Gold Spiral fu\u0308r den Trockeneinsatz ist die meistverkaufte in Italien \u2013 und wird ebenso oft nachgeahmt. Exklusiv seit 2002 vertrieben, garantiert diese Bohrkrone eine unvergleichbare Leistungsst\u00e4rke.[\/vc_column_text][\/vc_column][\/vc_row][vc_row bottom_padding=&#8220;50&#8243;][vc_column width=&#8220;1\/4&#8243;][\/vc_column][vc_column width=&#8220;3\/4&#8243;][vc_column_text] Kernbohren mit Wasserk\u00fchlung Das Sortiment an Diamantbohrkronen mit Wasserk\u00fchlung kann vielf\u00e4ltig eingesetzt werden. Anschl\u00fcsse der Gr\u00f6\u00dfe 2 (Gas) und 11\/ LaserschweiBung oder LotschweiBung sowieDurchmesservon 6 bis 700 mm stehenzur Verf\u00fcgung. Ausschlie\u00dflich der Diamantbohrkrone Gold Steinze g ist das gesamte Sortiment f\u00fcr Bohrst\u00e4nder entwickelt.[\/vc_column_text][\/vc_column][\/vc_row][vc_row bottom_padding=&#8220;50&#8243;][vc_column width=&#8220;1\/4&#8243;][\/vc_column][vc_column width=&#8220;3\/4&#8243;][vc_column_text] Bohrmaschinen Maximas Sortiment an Kernbohrmaschinen geh\u00f6rt [&hellip;]<\/p>\n","protected":false},"author":29,"featured_media":0,"parent":0,"menu_order":433,"comment_status":"closed","ping_status":"closed","template":"","meta":{"ngg_post_thumbnail":0,"_joinchat":[],"footnotes":""},"class_list":["post-8954","page","type-page","status-publish","hentry"],"yoast_head":"<!-- This site is optimized with the Yoast SEO plugin v25.5 - https:\/\/yoast.com\/wordpress\/plugins\/seo\/ -->\n<title>Produkte - Kernbohrung - Maxima SpA<\/title>\n<meta name=\"description\" content=\"Trockenes Kernbohren, Kernbohren mit Wasserk\u00fchlung, Baumaschinen, Zubeh\u00f6r f\u00fcr Trockenkernbohrung, Zubeh\u00f6r f\u00fcr Wasser Kernbohrung\" \/>\n<meta name=\"robots\" content=\"index, follow, max-snippet:-1, max-image-preview:large, max-video-preview:-1\" \/>\n<link rel=\"canonical\" href=\"https:\/\/www.maxima-dia.com\/de\/produkte-kernbohrung\/\" \/>\n<meta property=\"og:locale\" content=\"de_DE\" \/>\n<meta property=\"og:type\" content=\"article\" \/>\n<meta property=\"og:title\" content=\"Produkte - Kernbohrung - Maxima SpA\" \/>\n<meta property=\"og:description\" content=\"Trockenes Kernbohren, Kernbohren mit Wasserk\u00fchlung, Baumaschinen, Zubeh\u00f6r f\u00fcr Trockenkernbohrung, Zubeh\u00f6r f\u00fcr Wasser Kernbohrung\" \/>\n<meta property=\"og:url\" content=\"https:\/\/www.maxima-dia.com\/de\/produkte-kernbohrung\/\" \/>\n<meta property=\"og:site_name\" content=\"Maxima SpA\" \/>\n<meta property=\"article:publisher\" content=\"https:\/\/www.facebook.com\/Maxima-spa-106098566139597\" \/>\n<meta property=\"article:modified_time\" content=\"2019-08-07T09:35:00+00:00\" \/>\n<meta property=\"og:image\" content=\"https:\/\/www.maxima-dia.com\/wp-content\/uploads\/2011\/09\/eu_flag.png\" \/>\n<meta name=\"twitter:card\" content=\"summary_large_image\" \/>\n<meta name=\"twitter:site\" content=\"@Maximadia\" \/>\n<meta name=\"twitter:label1\" content=\"Gesch\u00e4tzte Lesezeit\" \/>\n\t<meta name=\"twitter:data1\" content=\"3\u00a0Minuten\" \/>\n<script type=\"application\/ld+json\" class=\"yoast-schema-graph\">{\"@context\":\"https:\/\/schema.org\",\"@graph\":[{\"@type\":\"WebPage\",\"@id\":\"https:\/\/www.maxima-dia.com\/de\/produkte-kernbohrung\/\",\"url\":\"https:\/\/www.maxima-dia.com\/de\/produkte-kernbohrung\/\",\"name\":\"Produkte - Kernbohrung - Maxima SpA\",\"isPartOf\":{\"@id\":\"https:\/\/www.maxima-dia.com\/de\/#website\"},\"datePublished\":\"2014-05-22T06:27:35+00:00\",\"dateModified\":\"2019-08-07T09:35:00+00:00\",\"description\":\"Trockenes Kernbohren, Kernbohren mit Wasserk\u00fchlung, Baumaschinen, Zubeh\u00f6r f\u00fcr Trockenkernbohrung, Zubeh\u00f6r f\u00fcr Wasser Kernbohrung\",\"breadcrumb\":{\"@id\":\"https:\/\/www.maxima-dia.com\/de\/produkte-kernbohrung\/#breadcrumb\"},\"inLanguage\":\"de\",\"potentialAction\":[{\"@type\":\"ReadAction\",\"target\":[\"https:\/\/www.maxima-dia.com\/de\/produkte-kernbohrung\/\"]}]},{\"@type\":\"BreadcrumbList\",\"@id\":\"https:\/\/www.maxima-dia.com\/de\/produkte-kernbohrung\/#breadcrumb\",\"itemListElement\":[{\"@type\":\"ListItem\",\"position\":1,\"name\":\"Home\",\"item\":\"https:\/\/www.maxima-dia.com\/de\/\"},{\"@type\":\"ListItem\",\"position\":2,\"name\":\"Produkte &#8211; Kernbohrung\"}]},{\"@type\":\"WebSite\",\"@id\":\"https:\/\/www.maxima-dia.com\/de\/#website\",\"url\":\"https:\/\/www.maxima-dia.com\/de\/\",\"name\":\"Maxima SpA\",\"description\":\"Only for the real professionals\",\"potentialAction\":[{\"@type\":\"SearchAction\",\"target\":{\"@type\":\"EntryPoint\",\"urlTemplate\":\"https:\/\/www.maxima-dia.com\/de\/?s={search_term_string}\"},\"query-input\":{\"@type\":\"PropertyValueSpecification\",\"valueRequired\":true,\"valueName\":\"search_term_string\"}}],\"inLanguage\":\"de\"}]}<\/script>\n<!-- \/ Yoast SEO plugin. -->","yoast_head_json":{"title":"Produkte - Kernbohrung - Maxima SpA","description":"Trockenes Kernbohren, Kernbohren mit Wasserk\u00fchlung, Baumaschinen, Zubeh\u00f6r f\u00fcr Trockenkernbohrung, Zubeh\u00f6r f\u00fcr Wasser Kernbohrung","robots":{"index":"index","follow":"follow","max-snippet":"max-snippet:-1","max-image-preview":"max-image-preview:large","max-video-preview":"max-video-preview:-1"},"canonical":"https:\/\/www.maxima-dia.com\/de\/produkte-kernbohrung\/","og_locale":"de_DE","og_type":"article","og_title":"Produkte - Kernbohrung - Maxima SpA","og_description":"Trockenes Kernbohren, Kernbohren mit Wasserk\u00fchlung, Baumaschinen, Zubeh\u00f6r f\u00fcr Trockenkernbohrung, Zubeh\u00f6r f\u00fcr Wasser Kernbohrung","og_url":"https:\/\/www.maxima-dia.com\/de\/produkte-kernbohrung\/","og_site_name":"Maxima SpA","article_publisher":"https:\/\/www.facebook.com\/Maxima-spa-106098566139597","article_modified_time":"2019-08-07T09:35:00+00:00","og_image":[{"url":"https:\/\/www.maxima-dia.com\/wp-content\/uploads\/2011\/09\/eu_flag.png","type":"","width":"","height":""}],"twitter_card":"summary_large_image","twitter_site":"@Maximadia","twitter_misc":{"Gesch\u00e4tzte Lesezeit":"3\u00a0Minuten"},"schema":{"@context":"https:\/\/schema.org","@graph":[{"@type":"WebPage","@id":"https:\/\/www.maxima-dia.com\/de\/produkte-kernbohrung\/","url":"https:\/\/www.maxima-dia.com\/de\/produkte-kernbohrung\/","name":"Produkte - Kernbohrung - Maxima SpA","isPartOf":{"@id":"https:\/\/www.maxima-dia.com\/de\/#website"},"datePublished":"2014-05-22T06:27:35+00:00","dateModified":"2019-08-07T09:35:00+00:00","description":"Trockenes Kernbohren, Kernbohren mit Wasserk\u00fchlung, Baumaschinen, Zubeh\u00f6r f\u00fcr Trockenkernbohrung, Zubeh\u00f6r f\u00fcr Wasser Kernbohrung","breadcrumb":{"@id":"https:\/\/www.maxima-dia.com\/de\/produkte-kernbohrung\/#breadcrumb"},"inLanguage":"de","potentialAction":[{"@type":"ReadAction","target":["https:\/\/www.maxima-dia.com\/de\/produkte-kernbohrung\/"]}]},{"@type":"BreadcrumbList","@id":"https:\/\/www.maxima-dia.com\/de\/produkte-kernbohrung\/#breadcrumb","itemListElement":[{"@type":"ListItem","position":1,"name":"Home","item":"https:\/\/www.maxima-dia.com\/de\/"},{"@type":"ListItem","position":2,"name":"Produkte &#8211; Kernbohrung"}]},{"@type":"WebSite","@id":"https:\/\/www.maxima-dia.com\/de\/#website","url":"https:\/\/www.maxima-dia.com\/de\/","name":"Maxima SpA","description":"Only for the real professionals","potentialAction":[{"@type":"SearchAction","target":{"@type":"EntryPoint","urlTemplate":"https:\/\/www.maxima-dia.com\/de\/?s={search_term_string}"},"query-input":{"@type":"PropertyValueSpecification","valueRequired":true,"valueName":"search_term_string"}}],"inLanguage":"de"}]}},"_links":{"self":[{"href":"https:\/\/www.maxima-dia.com\/de\/wp-json\/wp\/v2\/pages\/8954"}],"collection":[{"href":"https:\/\/www.maxima-dia.com\/de\/wp-json\/wp\/v2\/pages"}],"about":[{"href":"https:\/\/www.maxima-dia.com\/de\/wp-json\/wp\/v2\/types\/page"}],"author":[{"embeddable":true,"href":"https:\/\/www.maxima-dia.com\/de\/wp-json\/wp\/v2\/users\/29"}],"replies":[{"embeddable":true,"href":"https:\/\/www.maxima-dia.com\/de\/wp-json\/wp\/v2\/comments?post=8954"}],"version-history":[{"count":0,"href":"https:\/\/www.maxima-dia.com\/de\/wp-json\/wp\/v2\/pages\/8954\/revisions"}],"wp:attachment":[{"href":"https:\/\/www.maxima-dia.com\/de\/wp-json\/wp\/v2\/media?parent=8954"}],"curies":[{"name":"wp","href":"https:\/\/api.w.org\/{rel}","templated":true}]}}