{"id":10063,"date":"2014-07-02T10:42:37","date_gmt":"2014-07-02T08:42:37","guid":{"rendered":"http:\/\/www.maxima-dia.com\/?page_id=10063"},"modified":"2025-11-25T14:36:16","modified_gmt":"2025-11-25T13:36:16","slug":"productos-maxima","status":"publish","type":"page","link":"https:\/\/www.maxima-dia.com\/es\/productos-maxima\/","title":{"rendered":"Productos M\u00e1xima"},"content":{"rendered":"<div class=\"wpb-content-wrapper\"><p>[vc_row bottom_padding=\u00bb50&#8243;][vc_column width=\u00bb1\/2&#8243;][vc_column_text]<\/p>\n<h5><a href=\"https:\/\/https:\/\/youtu.be\/Jpnbebmnv4M;rel=0\" target=\"_blank\" rel=\"noopener noreferrer\">Maxima Caromax 1800<\/a><\/h5>\n<p><iframe loading=\"lazy\" src=\"https:\/\/www.youtube.com\/embed\/Jpnbebmnv4M?si=4Kwyv71P-IRGFqxu\" width=\"300\" height=\"169\" frameborder=\"0\" allowfullscreen=\"allowfullscreen\" data-mce-fragment=\"1\"><\/iframe>[\/vc_column_text][\/vc_column][vc_column width=\u00bb1\/2&#8243;][vc_column_text]<\/p>\n<h5>&nbsp;<a href=\"https:\/\/www.youtube.com\/watch?v=dclJ7uVF2YE&amp;rel=0\" target=\"_blank\" rel=\"noopener noreferrer\">Maxima Caromax 800<\/a><\/h5>\n<p><iframe loading=\"lazy\" src=\"https:\/\/www.youtube.com\/embed\/dclJ7uVF2YE?rel=0\" width=\"300\" height=\"169\" frameborder=\"0\" allowfullscreen=\"allowfullscreen\" data-mce-fragment=\"1\"><\/iframe><\/p>\n<p>[\/vc_column_text][\/vc_column][\/vc_row][vc_row bottom_padding=\u00bb50&#8243;][vc_column width=\u00bb1\/2&#8243;][vc_column_text]<\/p>\n<h5 id=\"watch-headline-title2\"><a href=\"https:\/\/youtu.be\/OLslvq3JD6s?rel=0\">Perforadora CAROMAX 1800 en seco con BROCA L\u00c1SER y aspiraci\u00f3n<\/a><\/h5>\n<p><iframe loading=\"lazy\" src=\"https:\/\/www.youtube.com\/embed\/OLslvq3JD6s?rel=0\" width=\"300\" height=\"169\" frameborder=\"0\" allowfullscreen=\"allowfullscreen\" data-mce-fragment=\"1\"><\/iframe><\/p>\n<p>El v\u00eddeo m\u00e1s visto. Mira con cual facilidad perforamos el cemento armado en seco. Gracias al Caromax 1800 y al sistema de aspiraci\u00f3n con broca L\u00e1ser 250. Y sin generar polvo[\/vc_column_text][\/vc_column][vc_column width=\u00bb1\/2&#8243;][vc_column_text]<\/p>\n<h5 id=\"watch-headline-title\"><a href=\"https:\/\/youtu.be\/9KDYX8C91s4?rel=0\">Perforadora CAROMAX 1800 de agua con BROCA ORO GRES<\/a><\/h5>\n<p><iframe loading=\"lazy\" src=\"https:\/\/www.youtube.com\/embed\/9KDYX8C91s4?rel=0\" width=\"300\" height=\"169\" frameborder=\"0\" allowfullscreen=\"allowfullscreen\" data-mce-fragment=\"1\"><\/iframe><\/p>\n<p>Es asombrosa la velocidad con que Caromax 800 con broca L\u00e1ser Oro Gres perfora todos los materiales m\u00e1s duros, desde el gres al granito, hasta el p\u00f3rfido.[\/vc_column_text][\/vc_column][\/vc_row][vc_row bottom_padding=\u00bb50&#8243;][vc_column width=\u00bb1\/2&#8243;][vc_column_text]<\/p>\n<h5><strong><a href=\"https:\/\/www.youtube.com\/watch?v=wFQ4I3AjtZw&amp;rel=0\" target=\"_blank\" rel=\"noopener noreferrer\">Maxima Cer Amaranth<\/a><\/strong><\/h5>\n<p><iframe loading=\"lazy\" title=\"Maxima Cer Amaranto\" src=\"https:\/\/www.youtube-nocookie.com\/embed\/wFQ4I3AjtZw\" width=\"300\" height=\"169\" frameborder=\"0\" allowfullscreen=\"allowfullscreen\"><\/iframe>[\/vc_column_text][\/vc_column][vc_column width=\u00bb1\/2&#8243;][vc_column_text]<\/p>\n<h5><a href=\"https:\/\/youtu.be\/ZaTf9R1xX34?rel=0\">Cer Rosa Turbo<\/a><\/h5>\n<p><iframe loading=\"lazy\" src=\"https:\/\/www.youtube.com\/embed\/ZaTf9R1xX34?rel=0\" width=\"300\" height=\"169\" frameborder=\"0\" allowfullscreen=\"allowfullscreen\" data-mce-fragment=\"1\"><\/iframe><\/p>\n<p>Mirando este v\u00eddeo entender\u00e1s porque el Cer Rosa Turbo es nuestro producto m\u00e1s vendido. No hay ning\u00fan material de revestimiento que resista a la capacidad de corte de este disco de diamante[\/vc_column_text][\/vc_column][\/vc_row][vc_row bottom_padding=\u00bb50&#8243;][vc_column width=\u00bb1\/2&#8243;][vc_column_text]<\/p>\n<h5><a href=\"https:\/\/youtu.be\/OT-cP0rz9j8?rel=0\">L\u00e1ser Argento<\/a><\/h5>\n<p><iframe loading=\"lazy\" src=\"https:\/\/www.youtube.com\/embed\/OT-cP0rz9j8?rel=0\" width=\"300\" height=\"169\" frameborder=\"0\" allowfullscreen=\"allowfullscreen\" data-mce-fragment=\"1\"><\/iframe><\/p>\n<p>\u00bfTe molesta cambiar de disco cuando necesitas cortar algunos materiales distintos? Mirando este v\u00eddeo te asombrar\u00e1s por las capacidades del L\u00e1ser Argento de cortar todo.[\/vc_column_text][\/vc_column][vc_column width=\u00bb1\/2&#8243;][vc_column_text]<\/p>\n<h5><a href=\"https:\/\/youtu.be\/-N99qsZgH2k?rel=0\">Sierra de mesa MAXI 700 380 V<\/a><\/h5>\n<p><iframe loading=\"lazy\" src=\"https:\/\/www.youtube.com\/embed\/-N99qsZgH2k?rel=0\" width=\"300\" height=\"169\" frameborder=\"0\" allowfullscreen=\"allowfullscreen\" data-mce-fragment=\"1\"><\/iframe><\/p>\n<p>Cu\u00e1nto m\u00e1s el bloque es grande, tanto m\u00e1s se aprecia Maxi 700. Mira c\u00f3mo es f\u00e1cil cortar un bloque de 30 cm de altura.[\/vc_column_text][\/vc_column][\/vc_row][vc_row bottom_padding=\u00bb50&#8243;][vc_column width=\u00bb1\/2&#8243;][vc_column_text]<\/p>\n<h5><a href=\"https:\/\/youtu.be\/M6iDGt0fIoc?rel=0\">MAXI 200 puente<\/a><\/h5>\n<p><iframe loading=\"lazy\" src=\"https:\/\/www.youtube.com\/embed\/M6iDGt0fIoc?rel=0\" width=\"300\" height=\"169\" frameborder=\"0\" allowfullscreen=\"allowfullscreen\" data-mce-fragment=\"1\"><\/iframe><\/p>\n<p>Ligera, compacta, de aluminio y hierro donde sirve; todo eso la vuelve apta para los verdaderos profesionales de la colocaci\u00f3n. Precisi\u00f3n y velocidad de corte la convierten en una verdadera aliada de los profesionales.&nbsp;[\/vc_column_text][\/vc_column][vc_column width=\u00bb1\/2&#8243;][vc_column_text]<\/p>\n<h5><a href=\"https:\/\/youtu.be\/f5-1WJEklgI?rel=0\">Rozadora Scanmax 180<\/a><\/h5>\n<p><iframe loading=\"lazy\" src=\"https:\/\/www.youtube.com\/embed\/f5-1WJEklgI?rel=0\" width=\"300\" height=\"169\" frameborder=\"0\" allowfullscreen=\"allowfullscreen\" data-mce-fragment=\"1\"><\/iframe><\/p>\n<p>Para realizar ranuras incluso en el cemento. Es posible regular las dimensiones del corte hasta un m\u00e1ximo de 6 x 6 cm. Con aspiradoras Aspiramax 1200[\/vc_column_text][\/vc_column][\/vc_row][vc_row bottom_padding=\u00bb50&#8243;][vc_column width=\u00bb1\/2&#8243;][vc_column_text]<\/p>\n<h5><a href=\"https:\/\/youtu.be\/FRYOk-tqzVg?rel=0\">Levimax 125 Z CUP<\/a><\/h5>\n<p><iframe loading=\"lazy\" src=\"https:\/\/www.youtube.com\/embed\/FRYOk-tqzVg?rel=0\" width=\"300\" height=\"169\" frameborder=\"0\" allowfullscreen=\"allowfullscreen\" data-mce-fragment=\"1\"><\/iframe><\/p>\n<p>Levimax desbasta y alisa todos los materiales de construcci\u00f3n. Se ha equipado con c\u00e1rter de protecci\u00f3n en escuadra para trabajar con la m\u00e1xima eficiencia incluso en los rincones.&nbsp;[\/vc_column_text][\/vc_column][vc_column width=\u00bb1\/2&#8243;][vc_column_text]<\/p>\n<h5 id=\"watch-headline-title\"><a href=\"https:\/\/youtu.be\/6YxedZH7OFI?rel=0\">Perforadora CAROMAX 1800 en seco con BROCA L\u00c1SER ORO SPIRAL<\/a><\/h5>\n<p><iframe loading=\"lazy\" src=\"https:\/\/www.youtube.com\/embed\/6YxedZH7OFI?rel=0\" width=\"300\" height=\"169\" frameborder=\"0\" allowfullscreen=\"allowfullscreen\" data-mce-fragment=\"1\"><\/iframe><\/p>\n<p>Perforar el cemento armado en seco ya no es un problema. Olvida agua y suciedad, columnas y tacos. Con Caromax 1800 se trabaja sin soportes y en seco[\/vc_column_text][\/vc_column][\/vc_row][vc_row bottom_padding=\u00bb50&#8243;][vc_column width=\u00bb1\/2&#8243;][vc_column_text]<\/p>\n<h5 id=\"watch-headline-title\"><a href=\"https:\/\/youtu.be\/XroJRHwripc?rel=0\">Perforadora CAROMAX 1800 en seco con BROCA L\u00c1SER ARGENTO<\/a><\/h5>\n<p><iframe loading=\"lazy\" src=\"https:\/\/www.youtube.com\/embed\/XroJRHwripc?rel=0\" width=\"300\" height=\"169\" frameborder=\"0\" allowfullscreen=\"allowfullscreen\" data-mce-fragment=\"1\"><\/iframe><\/p>\n<p>Perforar el cemento armado en seco ya no es un problema. Olvida agua y suciedad, columnas y tacos. Con Caromax 1800 se trabaja sin soportes y en seco.&nbsp;[\/vc_column_text][\/vc_column][vc_column width=\u00bb1\/2&#8243;][vc_column_text]<\/p>\n<h5 id=\"watch-headline-title\"><a href=\"https:\/\/youtu.be\/BtLTcmub7Lk?rel=0\">Perforadora CAROMAX 160 de agua con BROCA L\u00c1SER 450<\/a><\/h5>\n<p><iframe loading=\"lazy\" src=\"https:\/\/www.youtube.com\/embed\/BtLTcmub7Lk?rel=0\" width=\"300\" height=\"169\" frameborder=\"0\" allowfullscreen=\"allowfullscreen\" data-mce-fragment=\"1\"><\/iframe>[\/vc_column_text][\/vc_column][\/vc_row][vc_row bottom_padding=\u00bb50&#8243;][vc_column width=\u00bb1\/2&#8243;][vc_column_text]<\/p>\n<h5 id=\"watch-headline-title\"><a href=\"https:\/\/youtu.be\/FQW57Vxc6HY?rel=0\">Perforadora CAROMAX 1800 de agua con BROCA L\u00c1SER 300<\/a><\/h5>\n<p><iframe loading=\"lazy\" src=\"https:\/\/www.youtube.com\/embed\/FQW57Vxc6HY?rel=0\" width=\"300\" height=\"169\" frameborder=\"0\" allowfullscreen=\"allowfullscreen\" data-mce-fragment=\"1\"><\/iframe><\/p>\n<p>Imprescindible cuando se desean realizar r\u00e1pidamente orificios de di\u00e1metro peque\u00f1o con agua; Caromax 1800 Agua tiene el selector de velocidad y el empalme para el agua&nbsp;[\/vc_column_text][\/vc_column][vc_column width=\u00bb1\/2&#8243;][\/vc_column][\/vc_row]<\/p>\n<\/div>","protected":false},"excerpt":{"rendered":"<p>[vc_row bottom_padding=\u00bb50&#8243;][vc_column width=\u00bb1\/2&#8243;][vc_column_text] Maxima Caromax 1800 [\/vc_column_text][\/vc_column][vc_column width=\u00bb1\/2&#8243;][vc_column_text] &nbsp;Maxima Caromax 800 [\/vc_column_text][\/vc_column][\/vc_row][vc_row bottom_padding=\u00bb50&#8243;][vc_column width=\u00bb1\/2&#8243;][vc_column_text] Perforadora CAROMAX 1800 en seco con BROCA L\u00c1SER y aspiraci\u00f3n El v\u00eddeo m\u00e1s visto. Mira con cual facilidad perforamos el cemento armado en seco. Gracias al Caromax 1800 y al sistema de aspiraci\u00f3n con broca L\u00e1ser 250. Y sin generar polvo[\/vc_column_text][\/vc_column][vc_column width=\u00bb1\/2&#8243;][vc_column_text] Perforadora CAROMAX 1800 de agua con BROCA ORO GRES Es asombrosa la velocidad con que Caromax 800 con broca L\u00e1ser Oro Gres perfora todos los materiales m\u00e1s duros, desde el gres al granito, hasta el p\u00f3rfido.[\/vc_column_text][\/vc_column][\/vc_row][vc_row bottom_padding=\u00bb50&#8243;][vc_column width=\u00bb1\/2&#8243;][vc_column_text] Maxima Cer Amaranth [\/vc_column_text][\/vc_column][vc_column width=\u00bb1\/2&#8243;][vc_column_text] Cer Rosa Turbo Mirando este v\u00eddeo entender\u00e1s porque el Cer Rosa Turbo es nuestro producto m\u00e1s vendido. No hay ning\u00fan material de revestimiento que resista a la capacidad de corte de este disco de diamante[\/vc_column_text][\/vc_column][\/vc_row][vc_row bottom_padding=\u00bb50&#8243;][vc_column width=\u00bb1\/2&#8243;][vc_column_text] L\u00e1ser Argento \u00bfTe molesta cambiar de disco cuando necesitas cortar algunos materiales distintos? Mirando este v\u00eddeo te asombrar\u00e1s por las capacidades del L\u00e1ser Argento de cortar todo.[\/vc_column_text][\/vc_column][vc_column width=\u00bb1\/2&#8243;][vc_column_text] Sierra de mesa MAXI 700 380 V Cu\u00e1nto m\u00e1s el bloque es grande, tanto m\u00e1s se aprecia Maxi 700. Mira c\u00f3mo es f\u00e1cil cortar un bloque de 30 cm de altura.[\/vc_column_text][\/vc_column][\/vc_row][vc_row bottom_padding=\u00bb50&#8243;][vc_column width=\u00bb1\/2&#8243;][vc_column_text] MAXI 200 puente [&hellip;]<\/p>\n","protected":false},"author":29,"featured_media":0,"parent":0,"menu_order":702,"comment_status":"closed","ping_status":"closed","template":"","meta":{"ngg_post_thumbnail":0,"_joinchat":[],"footnotes":""},"class_list":["post-10063","page","type-page","status-publish","hentry"],"yoast_head":"<!-- This site is optimized with the Yoast SEO plugin v25.5 - https:\/\/yoast.com\/wordpress\/plugins\/seo\/ -->\n<title>Productos M\u00e1xima - Maxima SpA<\/title>\n<meta name=\"robots\" content=\"index, follow, max-snippet:-1, max-image-preview:large, max-video-preview:-1\" \/>\n<link rel=\"canonical\" href=\"https:\/\/www.maxima-dia.com\/es\/productos-maxima\/\" \/>\n<meta property=\"og:locale\" content=\"es_ES\" \/>\n<meta property=\"og:type\" content=\"article\" \/>\n<meta property=\"og:title\" content=\"Productos M\u00e1xima - Maxima SpA\" \/>\n<meta property=\"og:description\" content=\"[vc_row bottom_padding=\u00bb50&#8243;][vc_column width=\u00bb1\/2&#8243;][vc_column_text] Maxima Caromax 1800 [\/vc_column_text][\/vc_column][vc_column width=\u00bb1\/2&#8243;][vc_column_text] &nbsp;Maxima Caromax 800 [\/vc_column_text][\/vc_column][\/vc_row][vc_row bottom_padding=\u00bb50&#8243;][vc_column width=\u00bb1\/2&#8243;][vc_column_text] Perforadora CAROMAX 1800 en seco con BROCA L\u00c1SER y aspiraci\u00f3n El v\u00eddeo m\u00e1s visto. Mira con cual facilidad perforamos el cemento armado en seco. Gracias al Caromax 1800 y al sistema de aspiraci\u00f3n con broca L\u00e1ser 250. Y sin generar polvo[\/vc_column_text][\/vc_column][vc_column width=\u00bb1\/2&#8243;][vc_column_text] Perforadora CAROMAX 1800 de agua con BROCA ORO GRES Es asombrosa la velocidad con que Caromax 800 con broca L\u00e1ser Oro Gres perfora todos los materiales m\u00e1s duros, desde el gres al granito, hasta el p\u00f3rfido.[\/vc_column_text][\/vc_column][\/vc_row][vc_row bottom_padding=\u00bb50&#8243;][vc_column width=\u00bb1\/2&#8243;][vc_column_text] Maxima Cer Amaranth [\/vc_column_text][\/vc_column][vc_column width=\u00bb1\/2&#8243;][vc_column_text] Cer Rosa Turbo Mirando este v\u00eddeo entender\u00e1s porque el Cer Rosa Turbo es nuestro producto m\u00e1s vendido. No hay ning\u00fan material de revestimiento que resista a la capacidad de corte de este disco de diamante[\/vc_column_text][\/vc_column][\/vc_row][vc_row bottom_padding=\u00bb50&#8243;][vc_column width=\u00bb1\/2&#8243;][vc_column_text] L\u00e1ser Argento \u00bfTe molesta cambiar de disco cuando necesitas cortar algunos materiales distintos? Mirando este v\u00eddeo te asombrar\u00e1s por las capacidades del L\u00e1ser Argento de cortar todo.[\/vc_column_text][\/vc_column][vc_column width=\u00bb1\/2&#8243;][vc_column_text] Sierra de mesa MAXI 700 380 V Cu\u00e1nto m\u00e1s el bloque es grande, tanto m\u00e1s se aprecia Maxi 700. Mira c\u00f3mo es f\u00e1cil cortar un bloque de 30 cm de altura.[\/vc_column_text][\/vc_column][\/vc_row][vc_row bottom_padding=\u00bb50&#8243;][vc_column width=\u00bb1\/2&#8243;][vc_column_text] MAXI 200 puente [&hellip;]\" \/>\n<meta property=\"og:url\" content=\"https:\/\/www.maxima-dia.com\/es\/productos-maxima\/\" \/>\n<meta property=\"og:site_name\" content=\"Maxima SpA\" \/>\n<meta property=\"article:publisher\" content=\"https:\/\/www.facebook.com\/Maxima-spa-106098566139597\" \/>\n<meta property=\"article:modified_time\" content=\"2025-11-25T13:36:16+00:00\" \/>\n<meta property=\"og:image\" content=\"https:\/\/www.maxima-dia.com\/wp-content\/uploads\/2022\/03\/MaximaSpA-logo-quadrato.jpg\" \/>\n\t<meta property=\"og:image:width\" content=\"500\" \/>\n\t<meta property=\"og:image:height\" content=\"500\" \/>\n\t<meta property=\"og:image:type\" content=\"image\/jpeg\" \/>\n<meta name=\"twitter:card\" content=\"summary_large_image\" \/>\n<meta name=\"twitter:site\" content=\"@Maximadia\" \/>\n<meta name=\"twitter:label1\" content=\"Tiempo de lectura\" \/>\n\t<meta name=\"twitter:data1\" content=\"3 minutos\" \/>\n<script type=\"application\/ld+json\" class=\"yoast-schema-graph\">{\"@context\":\"https:\/\/schema.org\",\"@graph\":[{\"@type\":\"WebPage\",\"@id\":\"https:\/\/www.maxima-dia.com\/es\/productos-maxima\/\",\"url\":\"https:\/\/www.maxima-dia.com\/es\/productos-maxima\/\",\"name\":\"Productos M\u00e1xima - Maxima SpA\",\"isPartOf\":{\"@id\":\"https:\/\/www.maxima-dia.com\/es\/#website\"},\"datePublished\":\"2014-07-02T08:42:37+00:00\",\"dateModified\":\"2025-11-25T13:36:16+00:00\",\"breadcrumb\":{\"@id\":\"https:\/\/www.maxima-dia.com\/es\/productos-maxima\/#breadcrumb\"},\"inLanguage\":\"es\",\"potentialAction\":[{\"@type\":\"ReadAction\",\"target\":[\"https:\/\/www.maxima-dia.com\/es\/productos-maxima\/\"]}]},{\"@type\":\"BreadcrumbList\",\"@id\":\"https:\/\/www.maxima-dia.com\/es\/productos-maxima\/#breadcrumb\",\"itemListElement\":[{\"@type\":\"ListItem\",\"position\":1,\"name\":\"Home\",\"item\":\"https:\/\/www.maxima-dia.com\/es\/\"},{\"@type\":\"ListItem\",\"position\":2,\"name\":\"Productos M\u00e1xima\"}]},{\"@type\":\"WebSite\",\"@id\":\"https:\/\/www.maxima-dia.com\/es\/#website\",\"url\":\"https:\/\/www.maxima-dia.com\/es\/\",\"name\":\"Maxima SpA\",\"description\":\"Only for the real professionals\",\"potentialAction\":[{\"@type\":\"SearchAction\",\"target\":{\"@type\":\"EntryPoint\",\"urlTemplate\":\"https:\/\/www.maxima-dia.com\/es\/?s={search_term_string}\"},\"query-input\":{\"@type\":\"PropertyValueSpecification\",\"valueRequired\":true,\"valueName\":\"search_term_string\"}}],\"inLanguage\":\"es\"}]}<\/script>\n<!-- \/ Yoast SEO plugin. -->","yoast_head_json":{"title":"Productos M\u00e1xima - Maxima SpA","robots":{"index":"index","follow":"follow","max-snippet":"max-snippet:-1","max-image-preview":"max-image-preview:large","max-video-preview":"max-video-preview:-1"},"canonical":"https:\/\/www.maxima-dia.com\/es\/productos-maxima\/","og_locale":"es_ES","og_type":"article","og_title":"Productos M\u00e1xima - Maxima SpA","og_description":"[vc_row bottom_padding=\u00bb50&#8243;][vc_column width=\u00bb1\/2&#8243;][vc_column_text] Maxima Caromax 1800 [\/vc_column_text][\/vc_column][vc_column width=\u00bb1\/2&#8243;][vc_column_text] &nbsp;Maxima Caromax 800 [\/vc_column_text][\/vc_column][\/vc_row][vc_row bottom_padding=\u00bb50&#8243;][vc_column width=\u00bb1\/2&#8243;][vc_column_text] Perforadora CAROMAX 1800 en seco con BROCA L\u00c1SER y aspiraci\u00f3n El v\u00eddeo m\u00e1s visto. Mira con cual facilidad perforamos el cemento armado en seco. Gracias al Caromax 1800 y al sistema de aspiraci\u00f3n con broca L\u00e1ser 250. Y sin generar polvo[\/vc_column_text][\/vc_column][vc_column width=\u00bb1\/2&#8243;][vc_column_text] Perforadora CAROMAX 1800 de agua con BROCA ORO GRES Es asombrosa la velocidad con que Caromax 800 con broca L\u00e1ser Oro Gres perfora todos los materiales m\u00e1s duros, desde el gres al granito, hasta el p\u00f3rfido.[\/vc_column_text][\/vc_column][\/vc_row][vc_row bottom_padding=\u00bb50&#8243;][vc_column width=\u00bb1\/2&#8243;][vc_column_text] Maxima Cer Amaranth [\/vc_column_text][\/vc_column][vc_column width=\u00bb1\/2&#8243;][vc_column_text] Cer Rosa Turbo Mirando este v\u00eddeo entender\u00e1s porque el Cer Rosa Turbo es nuestro producto m\u00e1s vendido. No hay ning\u00fan material de revestimiento que resista a la capacidad de corte de este disco de diamante[\/vc_column_text][\/vc_column][\/vc_row][vc_row bottom_padding=\u00bb50&#8243;][vc_column width=\u00bb1\/2&#8243;][vc_column_text] L\u00e1ser Argento \u00bfTe molesta cambiar de disco cuando necesitas cortar algunos materiales distintos? Mirando este v\u00eddeo te asombrar\u00e1s por las capacidades del L\u00e1ser Argento de cortar todo.[\/vc_column_text][\/vc_column][vc_column width=\u00bb1\/2&#8243;][vc_column_text] Sierra de mesa MAXI 700 380 V Cu\u00e1nto m\u00e1s el bloque es grande, tanto m\u00e1s se aprecia Maxi 700. Mira c\u00f3mo es f\u00e1cil cortar un bloque de 30 cm de altura.[\/vc_column_text][\/vc_column][\/vc_row][vc_row bottom_padding=\u00bb50&#8243;][vc_column width=\u00bb1\/2&#8243;][vc_column_text] MAXI 200 puente [&hellip;]","og_url":"https:\/\/www.maxima-dia.com\/es\/productos-maxima\/","og_site_name":"Maxima SpA","article_publisher":"https:\/\/www.facebook.com\/Maxima-spa-106098566139597","article_modified_time":"2025-11-25T13:36:16+00:00","og_image":[{"width":500,"height":500,"url":"https:\/\/www.maxima-dia.com\/wp-content\/uploads\/2022\/03\/MaximaSpA-logo-quadrato.jpg","type":"image\/jpeg"}],"twitter_card":"summary_large_image","twitter_site":"@Maximadia","twitter_misc":{"Tiempo de lectura":"3 minutos"},"schema":{"@context":"https:\/\/schema.org","@graph":[{"@type":"WebPage","@id":"https:\/\/www.maxima-dia.com\/es\/productos-maxima\/","url":"https:\/\/www.maxima-dia.com\/es\/productos-maxima\/","name":"Productos M\u00e1xima - Maxima SpA","isPartOf":{"@id":"https:\/\/www.maxima-dia.com\/es\/#website"},"datePublished":"2014-07-02T08:42:37+00:00","dateModified":"2025-11-25T13:36:16+00:00","breadcrumb":{"@id":"https:\/\/www.maxima-dia.com\/es\/productos-maxima\/#breadcrumb"},"inLanguage":"es","potentialAction":[{"@type":"ReadAction","target":["https:\/\/www.maxima-dia.com\/es\/productos-maxima\/"]}]},{"@type":"BreadcrumbList","@id":"https:\/\/www.maxima-dia.com\/es\/productos-maxima\/#breadcrumb","itemListElement":[{"@type":"ListItem","position":1,"name":"Home","item":"https:\/\/www.maxima-dia.com\/es\/"},{"@type":"ListItem","position":2,"name":"Productos M\u00e1xima"}]},{"@type":"WebSite","@id":"https:\/\/www.maxima-dia.com\/es\/#website","url":"https:\/\/www.maxima-dia.com\/es\/","name":"Maxima SpA","description":"Only for the real professionals","potentialAction":[{"@type":"SearchAction","target":{"@type":"EntryPoint","urlTemplate":"https:\/\/www.maxima-dia.com\/es\/?s={search_term_string}"},"query-input":{"@type":"PropertyValueSpecification","valueRequired":true,"valueName":"search_term_string"}}],"inLanguage":"es"}]}},"_links":{"self":[{"href":"https:\/\/www.maxima-dia.com\/es\/wp-json\/wp\/v2\/pages\/10063"}],"collection":[{"href":"https:\/\/www.maxima-dia.com\/es\/wp-json\/wp\/v2\/pages"}],"about":[{"href":"https:\/\/www.maxima-dia.com\/es\/wp-json\/wp\/v2\/types\/page"}],"author":[{"embeddable":true,"href":"https:\/\/www.maxima-dia.com\/es\/wp-json\/wp\/v2\/users\/29"}],"replies":[{"embeddable":true,"href":"https:\/\/www.maxima-dia.com\/es\/wp-json\/wp\/v2\/comments?post=10063"}],"version-history":[{"count":7,"href":"https:\/\/www.maxima-dia.com\/es\/wp-json\/wp\/v2\/pages\/10063\/revisions"}],"predecessor-version":[{"id":47071,"href":"https:\/\/www.maxima-dia.com\/es\/wp-json\/wp\/v2\/pages\/10063\/revisions\/47071"}],"wp:attachment":[{"href":"https:\/\/www.maxima-dia.com\/es\/wp-json\/wp\/v2\/media?parent=10063"}],"curies":[{"name":"wp","href":"https:\/\/api.w.org\/{rel}","templated":true}]}}