{"id":12436,"date":"2017-02-07T11:02:04","date_gmt":"2017-02-07T10:02:04","guid":{"rendered":"http:\/\/www.maxima-dia.com\/?page_id=12436\/"},"modified":"2019-08-07T11:34:38","modified_gmt":"2019-08-07T09:34:38","slug":"discos-de-diamante-universales-turbo","status":"publish","type":"page","link":"https:\/\/www.maxima-dia.com\/es\/discos-de-diamante-universales-turbo\/","title":{"rendered":"Discos de Diamante Universales Turbo"},"content":{"rendered":"<div class=\"wpb-content-wrapper\"><p>[vc_row bottom_padding=\u00bb50&#8243;][vc_column width=\u00bb1\/1&#8243;][vc_column_text]En esta secci\u00f3n est\u00e1n presentes todos los discos universales de corona continua, tambi\u00e9n llamados TURBO, que se utilizan principalmente en esmeriladoras. Algunos productos tambi\u00e9n est\u00e1n disponibles con di\u00e1metros id\u00f3neos para el uso en sierras y cortadoras de gasolina.[\/vc_column_text][\/vc_column][\/vc_row][vc_row][vc_column width=\u00bb1\/1&#8243;][vc_basic_grid post_type=\u00bbcustom\u00bb element_width=\u00bb3&#8243; gap=\u00bb10&#8243; item=\u00bb15386&#8243; initial_loading_animation=\u00bbnone\u00bb grid_id=\u00bbvc_gid:1489742787955-f79850a1-165e-3&#8243; custom_query=\u00bbpost_type=page&amp;post_parent=12436&amp;sort_column=menu_order&amp;orderby=menu_order&amp;order=ASC&amp;post_status=publish\u00bb][\/vc_column][\/vc_row]<\/p>\n<\/div>","protected":false},"excerpt":{"rendered":"<p>[vc_row bottom_padding=\u00bb50&#8243;][vc_column width=\u00bb1\/1&#8243;][vc_column_text]En esta secci\u00f3n est\u00e1n presentes todos los discos universales de corona continua, tambi\u00e9n llamados TURBO, que se utilizan principalmente en esmeriladoras. Algunos productos tambi\u00e9n est\u00e1n disponibles con di\u00e1metros id\u00f3neos para el uso en sierras y cortadoras de gasolina.[\/vc_column_text][\/vc_column][\/vc_row][vc_row][vc_column width=\u00bb1\/1&#8243;][vc_basic_grid post_type=\u00bbcustom\u00bb element_width=\u00bb3&#8243; gap=\u00bb10&#8243; item=\u00bb15386&#8243; initial_loading_animation=\u00bbnone\u00bb grid_id=\u00bbvc_gid:1489742787955-f79850a1-165e-3&#8243; custom_query=\u00bbpost_type=page&amp;post_parent=12436&amp;sort_column=menu_order&amp;orderby=menu_order&amp;order=ASC&amp;post_status=publish\u00bb][\/vc_column][\/vc_row]<\/p>\n","protected":false},"author":29,"featured_media":0,"parent":0,"menu_order":312,"comment_status":"closed","ping_status":"closed","template":"","meta":{"ngg_post_thumbnail":0,"_joinchat":[],"footnotes":""},"class_list":["post-12436","page","type-page","status-publish","hentry"],"yoast_head":"<!-- This site is optimized with the Yoast SEO plugin v25.5 - https:\/\/yoast.com\/wordpress\/plugins\/seo\/ -->\n<title>Discos de Diamante Universales Turbo - Maxima SpA<\/title>\n<meta name=\"robots\" content=\"index, follow, max-snippet:-1, max-image-preview:large, max-video-preview:-1\" \/>\n<link rel=\"canonical\" href=\"https:\/\/www.maxima-dia.com\/es\/discos-de-diamante-universales-turbo\/\" \/>\n<meta property=\"og:locale\" content=\"es_ES\" \/>\n<meta property=\"og:type\" content=\"article\" \/>\n<meta property=\"og:title\" content=\"Discos de Diamante Universales Turbo - Maxima SpA\" \/>\n<meta property=\"og:description\" content=\"[vc_row bottom_padding=\u00bb50&#8243;][vc_column width=\u00bb1\/1&#8243;][vc_column_text]En esta secci\u00f3n est\u00e1n presentes todos los discos universales de corona continua, tambi\u00e9n llamados TURBO, que se utilizan principalmente en esmeriladoras. Algunos productos tambi\u00e9n est\u00e1n disponibles con di\u00e1metros id\u00f3neos para el uso en sierras y cortadoras de gasolina.[\/vc_column_text][\/vc_column][\/vc_row][vc_row][vc_column width=\u00bb1\/1&#8243;][vc_basic_grid post_type=\u00bbcustom\u00bb element_width=\u00bb3&#8243; gap=\u00bb10&#8243; item=\u00bb15386&#8243; initial_loading_animation=\u00bbnone\u00bb grid_id=\u00bbvc_gid:1489742787955-f79850a1-165e-3&#8243; custom_query=\u00bbpost_type=page&amp;post_parent=12436&amp;sort_column=menu_order&amp;orderby=menu_order&amp;order=ASC&amp;post_status=publish\u00bb][\/vc_column][\/vc_row]\" \/>\n<meta property=\"og:url\" content=\"https:\/\/www.maxima-dia.com\/es\/discos-de-diamante-universales-turbo\/\" \/>\n<meta property=\"og:site_name\" content=\"Maxima SpA\" \/>\n<meta property=\"article:publisher\" content=\"https:\/\/www.facebook.com\/Maxima-spa-106098566139597\" \/>\n<meta property=\"article:modified_time\" content=\"2019-08-07T09:34:38+00:00\" \/>\n<meta property=\"og:image\" content=\"https:\/\/www.maxima-dia.com\/wp-content\/uploads\/2022\/03\/MaximaSpA-logo-quadrato.jpg\" \/>\n\t<meta property=\"og:image:width\" content=\"500\" \/>\n\t<meta property=\"og:image:height\" content=\"500\" \/>\n\t<meta property=\"og:image:type\" content=\"image\/jpeg\" \/>\n<meta name=\"twitter:card\" content=\"summary_large_image\" \/>\n<meta name=\"twitter:site\" content=\"@Maximadia\" \/>\n<meta name=\"twitter:label1\" content=\"Tiempo de lectura\" \/>\n\t<meta name=\"twitter:data1\" content=\"1 minuto\" \/>\n<script type=\"application\/ld+json\" class=\"yoast-schema-graph\">{\"@context\":\"https:\/\/schema.org\",\"@graph\":[{\"@type\":\"WebPage\",\"@id\":\"https:\/\/www.maxima-dia.com\/es\/discos-de-diamante-universales-turbo\/\",\"url\":\"https:\/\/www.maxima-dia.com\/es\/discos-de-diamante-universales-turbo\/\",\"name\":\"Discos de Diamante Universales Turbo - Maxima SpA\",\"isPartOf\":{\"@id\":\"https:\/\/www.maxima-dia.com\/es\/#website\"},\"datePublished\":\"2017-02-07T10:02:04+00:00\",\"dateModified\":\"2019-08-07T09:34:38+00:00\",\"breadcrumb\":{\"@id\":\"https:\/\/www.maxima-dia.com\/es\/discos-de-diamante-universales-turbo\/#breadcrumb\"},\"inLanguage\":\"es\",\"potentialAction\":[{\"@type\":\"ReadAction\",\"target\":[\"https:\/\/www.maxima-dia.com\/es\/discos-de-diamante-universales-turbo\/\"]}]},{\"@type\":\"BreadcrumbList\",\"@id\":\"https:\/\/www.maxima-dia.com\/es\/discos-de-diamante-universales-turbo\/#breadcrumb\",\"itemListElement\":[{\"@type\":\"ListItem\",\"position\":1,\"name\":\"Home\",\"item\":\"https:\/\/www.maxima-dia.com\/es\/\"},{\"@type\":\"ListItem\",\"position\":2,\"name\":\"Discos de Diamante Universales Turbo\"}]},{\"@type\":\"WebSite\",\"@id\":\"https:\/\/www.maxima-dia.com\/es\/#website\",\"url\":\"https:\/\/www.maxima-dia.com\/es\/\",\"name\":\"Maxima SpA\",\"description\":\"Only for the real professionals\",\"potentialAction\":[{\"@type\":\"SearchAction\",\"target\":{\"@type\":\"EntryPoint\",\"urlTemplate\":\"https:\/\/www.maxima-dia.com\/es\/?s={search_term_string}\"},\"query-input\":{\"@type\":\"PropertyValueSpecification\",\"valueRequired\":true,\"valueName\":\"search_term_string\"}}],\"inLanguage\":\"es\"}]}<\/script>\n<!-- \/ Yoast SEO plugin. -->","yoast_head_json":{"title":"Discos de Diamante Universales Turbo - Maxima SpA","robots":{"index":"index","follow":"follow","max-snippet":"max-snippet:-1","max-image-preview":"max-image-preview:large","max-video-preview":"max-video-preview:-1"},"canonical":"https:\/\/www.maxima-dia.com\/es\/discos-de-diamante-universales-turbo\/","og_locale":"es_ES","og_type":"article","og_title":"Discos de Diamante Universales Turbo - Maxima SpA","og_description":"[vc_row bottom_padding=\u00bb50&#8243;][vc_column width=\u00bb1\/1&#8243;][vc_column_text]En esta secci\u00f3n est\u00e1n presentes todos los discos universales de corona continua, tambi\u00e9n llamados TURBO, que se utilizan principalmente en esmeriladoras. Algunos productos tambi\u00e9n est\u00e1n disponibles con di\u00e1metros id\u00f3neos para el uso en sierras y cortadoras de gasolina.[\/vc_column_text][\/vc_column][\/vc_row][vc_row][vc_column width=\u00bb1\/1&#8243;][vc_basic_grid post_type=\u00bbcustom\u00bb element_width=\u00bb3&#8243; gap=\u00bb10&#8243; item=\u00bb15386&#8243; initial_loading_animation=\u00bbnone\u00bb grid_id=\u00bbvc_gid:1489742787955-f79850a1-165e-3&#8243; custom_query=\u00bbpost_type=page&amp;post_parent=12436&amp;sort_column=menu_order&amp;orderby=menu_order&amp;order=ASC&amp;post_status=publish\u00bb][\/vc_column][\/vc_row]","og_url":"https:\/\/www.maxima-dia.com\/es\/discos-de-diamante-universales-turbo\/","og_site_name":"Maxima SpA","article_publisher":"https:\/\/www.facebook.com\/Maxima-spa-106098566139597","article_modified_time":"2019-08-07T09:34:38+00:00","og_image":[{"width":500,"height":500,"url":"https:\/\/www.maxima-dia.com\/wp-content\/uploads\/2022\/03\/MaximaSpA-logo-quadrato.jpg","type":"image\/jpeg"}],"twitter_card":"summary_large_image","twitter_site":"@Maximadia","twitter_misc":{"Tiempo de lectura":"1 minuto"},"schema":{"@context":"https:\/\/schema.org","@graph":[{"@type":"WebPage","@id":"https:\/\/www.maxima-dia.com\/es\/discos-de-diamante-universales-turbo\/","url":"https:\/\/www.maxima-dia.com\/es\/discos-de-diamante-universales-turbo\/","name":"Discos de Diamante Universales Turbo - Maxima SpA","isPartOf":{"@id":"https:\/\/www.maxima-dia.com\/es\/#website"},"datePublished":"2017-02-07T10:02:04+00:00","dateModified":"2019-08-07T09:34:38+00:00","breadcrumb":{"@id":"https:\/\/www.maxima-dia.com\/es\/discos-de-diamante-universales-turbo\/#breadcrumb"},"inLanguage":"es","potentialAction":[{"@type":"ReadAction","target":["https:\/\/www.maxima-dia.com\/es\/discos-de-diamante-universales-turbo\/"]}]},{"@type":"BreadcrumbList","@id":"https:\/\/www.maxima-dia.com\/es\/discos-de-diamante-universales-turbo\/#breadcrumb","itemListElement":[{"@type":"ListItem","position":1,"name":"Home","item":"https:\/\/www.maxima-dia.com\/es\/"},{"@type":"ListItem","position":2,"name":"Discos de Diamante Universales Turbo"}]},{"@type":"WebSite","@id":"https:\/\/www.maxima-dia.com\/es\/#website","url":"https:\/\/www.maxima-dia.com\/es\/","name":"Maxima SpA","description":"Only for the real professionals","potentialAction":[{"@type":"SearchAction","target":{"@type":"EntryPoint","urlTemplate":"https:\/\/www.maxima-dia.com\/es\/?s={search_term_string}"},"query-input":{"@type":"PropertyValueSpecification","valueRequired":true,"valueName":"search_term_string"}}],"inLanguage":"es"}]}},"_links":{"self":[{"href":"https:\/\/www.maxima-dia.com\/es\/wp-json\/wp\/v2\/pages\/12436"}],"collection":[{"href":"https:\/\/www.maxima-dia.com\/es\/wp-json\/wp\/v2\/pages"}],"about":[{"href":"https:\/\/www.maxima-dia.com\/es\/wp-json\/wp\/v2\/types\/page"}],"author":[{"embeddable":true,"href":"https:\/\/www.maxima-dia.com\/es\/wp-json\/wp\/v2\/users\/29"}],"replies":[{"embeddable":true,"href":"https:\/\/www.maxima-dia.com\/es\/wp-json\/wp\/v2\/comments?post=12436"}],"version-history":[{"count":0,"href":"https:\/\/www.maxima-dia.com\/es\/wp-json\/wp\/v2\/pages\/12436\/revisions"}],"wp:attachment":[{"href":"https:\/\/www.maxima-dia.com\/es\/wp-json\/wp\/v2\/media?parent=12436"}],"curies":[{"name":"wp","href":"https:\/\/api.w.org\/{rel}","templated":true}]}}