{"id":12477,"date":"2017-02-07T11:08:18","date_gmt":"2017-02-07T10:08:18","guid":{"rendered":"http:\/\/www.maxima-dia.com\/?page_id=12477\/"},"modified":"2019-08-07T11:34:34","modified_gmt":"2019-08-07T09:34:34","slug":"maquinas-de-corte-para-la-construccion","status":"publish","type":"page","link":"https:\/\/www.maxima-dia.com\/es\/maquinas-de-corte-para-la-construccion\/","title":{"rendered":"M\u00e1quinas de Corte para la Construcci\u00f3n"},"content":{"rendered":"<div class=\"wpb-content-wrapper\"><p>[vc_row bottom_padding=\u00bb50&#8243;][vc_column width=\u00bb1\/1&#8243;][vc_column_text]En esta secci\u00f3n se presentan todas las m\u00e1quinas de corte para las construcci\u00f3n con herramientas de diamante de la gama Maxima, como rozadoras, lijadoras, sierras de mesa para obra, m\u00e1quinas cortadoras de suelo, con adem\u00e1s la l\u00ednea de las placas vibradoras Vibramax que completan la oferta para los revendedores que ofrecen equipos para empresas de construcci\u00f3n y viales. Todas las maquinarias que se proponen son \u201cmade in EU\u201d&nbsp;<img loading=\"lazy\" decoding=\"async\" class=\"wp-image-6471\" src=\"\/wp-content\/uploads\/2011\/09\/eu_flag.png\" alt=\"\" width=\"18\" height=\"15\">, es decir se producen en el interior de la Uni\u00f3n Europea y todas poseen la certificaci\u00f3n <strong>CE<\/strong>.[\/vc_column_text][\/vc_column][\/vc_row][vc_row][vc_column width=\u00bb1\/1&#8243;][vc_basic_grid post_type=\u00bbcustom\u00bb element_width=\u00bb3&#8243; gap=\u00bb10&#8243; item=\u00bb15386&#8243; initial_loading_animation=\u00bbnone\u00bb grid_id=\u00bbvc_gid:1490002371743-f0d6bc1e-9b85-6&#8243; custom_query=\u00bbpost_type=page&amp;post_parent=12477&amp;sort_column=menu_order&amp;orderby=menu_order&amp;order=ASC&amp;post_status=publish&amp;posts_per_page=100&#8243;][\/vc_column][\/vc_row]<\/p>\n<\/div>","protected":false},"excerpt":{"rendered":"<p>[vc_row bottom_padding=\u00bb50&#8243;][vc_column width=\u00bb1\/1&#8243;][vc_column_text]En esta secci\u00f3n se presentan todas las m\u00e1quinas de corte para las construcci\u00f3n con herramientas de diamante de la gama Maxima, como rozadoras, lijadoras, sierras de mesa para obra, m\u00e1quinas cortadoras de suelo, con adem\u00e1s la l\u00ednea de las placas vibradoras Vibramax que completan la oferta para los revendedores que ofrecen equipos para empresas de construcci\u00f3n y viales. Todas las maquinarias que se proponen son \u201cmade in EU\u201d&nbsp;, es decir se producen en el interior de la Uni\u00f3n Europea y todas poseen la certificaci\u00f3n CE.[\/vc_column_text][\/vc_column][\/vc_row][vc_row][vc_column width=\u00bb1\/1&#8243;][vc_basic_grid post_type=\u00bbcustom\u00bb element_width=\u00bb3&#8243; gap=\u00bb10&#8243; item=\u00bb15386&#8243; initial_loading_animation=\u00bbnone\u00bb grid_id=\u00bbvc_gid:1490002371743-f0d6bc1e-9b85-6&#8243; custom_query=\u00bbpost_type=page&amp;post_parent=12477&amp;sort_column=menu_order&amp;orderby=menu_order&amp;order=ASC&amp;post_status=publish&amp;posts_per_page=100&#8243;][\/vc_column][\/vc_row]<\/p>\n","protected":false},"author":29,"featured_media":0,"parent":0,"menu_order":278,"comment_status":"closed","ping_status":"closed","template":"","meta":{"ngg_post_thumbnail":0,"_joinchat":[],"footnotes":""},"class_list":["post-12477","page","type-page","status-publish","hentry"],"yoast_head":"<!-- This site is optimized with the Yoast SEO plugin v25.5 - https:\/\/yoast.com\/wordpress\/plugins\/seo\/ -->\n<title>M\u00e1quinas de Corte para la Construcci\u00f3n - Maxima SpA<\/title>\n<meta name=\"robots\" content=\"index, follow, max-snippet:-1, max-image-preview:large, max-video-preview:-1\" \/>\n<link rel=\"canonical\" href=\"https:\/\/www.maxima-dia.com\/es\/maquinas-de-corte-para-la-construccion\/\" \/>\n<meta property=\"og:locale\" content=\"es_ES\" \/>\n<meta property=\"og:type\" content=\"article\" \/>\n<meta property=\"og:title\" content=\"M\u00e1quinas de Corte para la Construcci\u00f3n - Maxima SpA\" \/>\n<meta property=\"og:description\" content=\"[vc_row bottom_padding=\u00bb50&#8243;][vc_column width=\u00bb1\/1&#8243;][vc_column_text]En esta secci\u00f3n se presentan todas las m\u00e1quinas de corte para las construcci\u00f3n con herramientas de diamante de la gama Maxima, como rozadoras, lijadoras, sierras de mesa para obra, m\u00e1quinas cortadoras de suelo, con adem\u00e1s la l\u00ednea de las placas vibradoras Vibramax que completan la oferta para los revendedores que ofrecen equipos para empresas de construcci\u00f3n y viales. Todas las maquinarias que se proponen son \u201cmade in EU\u201d&nbsp;, es decir se producen en el interior de la Uni\u00f3n Europea y todas poseen la certificaci\u00f3n CE.[\/vc_column_text][\/vc_column][\/vc_row][vc_row][vc_column width=\u00bb1\/1&#8243;][vc_basic_grid post_type=\u00bbcustom\u00bb element_width=\u00bb3&#8243; gap=\u00bb10&#8243; item=\u00bb15386&#8243; initial_loading_animation=\u00bbnone\u00bb grid_id=\u00bbvc_gid:1490002371743-f0d6bc1e-9b85-6&#8243; custom_query=\u00bbpost_type=page&amp;post_parent=12477&amp;sort_column=menu_order&amp;orderby=menu_order&amp;order=ASC&amp;post_status=publish&amp;posts_per_page=100&#8243;][\/vc_column][\/vc_row]\" \/>\n<meta property=\"og:url\" content=\"https:\/\/www.maxima-dia.com\/es\/maquinas-de-corte-para-la-construccion\/\" \/>\n<meta property=\"og:site_name\" content=\"Maxima SpA\" \/>\n<meta property=\"article:publisher\" content=\"https:\/\/www.facebook.com\/Maxima-spa-106098566139597\" \/>\n<meta property=\"article:modified_time\" content=\"2019-08-07T09:34:34+00:00\" \/>\n<meta property=\"og:image\" content=\"https:\/\/www.maxima-dia.com\/wp-content\/uploads\/2011\/09\/eu_flag.png\" \/>\n<meta name=\"twitter:card\" content=\"summary_large_image\" \/>\n<meta name=\"twitter:site\" content=\"@Maximadia\" \/>\n<meta name=\"twitter:label1\" content=\"Tiempo de lectura\" \/>\n\t<meta name=\"twitter:data1\" content=\"1 minuto\" \/>\n<script type=\"application\/ld+json\" class=\"yoast-schema-graph\">{\"@context\":\"https:\/\/schema.org\",\"@graph\":[{\"@type\":\"WebPage\",\"@id\":\"https:\/\/www.maxima-dia.com\/es\/maquinas-de-corte-para-la-construccion\/\",\"url\":\"https:\/\/www.maxima-dia.com\/es\/maquinas-de-corte-para-la-construccion\/\",\"name\":\"M\u00e1quinas de Corte para la Construcci\u00f3n - Maxima SpA\",\"isPartOf\":{\"@id\":\"https:\/\/www.maxima-dia.com\/es\/#website\"},\"datePublished\":\"2017-02-07T10:08:18+00:00\",\"dateModified\":\"2019-08-07T09:34:34+00:00\",\"breadcrumb\":{\"@id\":\"https:\/\/www.maxima-dia.com\/es\/maquinas-de-corte-para-la-construccion\/#breadcrumb\"},\"inLanguage\":\"es\",\"potentialAction\":[{\"@type\":\"ReadAction\",\"target\":[\"https:\/\/www.maxima-dia.com\/es\/maquinas-de-corte-para-la-construccion\/\"]}]},{\"@type\":\"BreadcrumbList\",\"@id\":\"https:\/\/www.maxima-dia.com\/es\/maquinas-de-corte-para-la-construccion\/#breadcrumb\",\"itemListElement\":[{\"@type\":\"ListItem\",\"position\":1,\"name\":\"Home\",\"item\":\"https:\/\/www.maxima-dia.com\/es\/\"},{\"@type\":\"ListItem\",\"position\":2,\"name\":\"M\u00e1quinas de Corte para la Construcci\u00f3n\"}]},{\"@type\":\"WebSite\",\"@id\":\"https:\/\/www.maxima-dia.com\/es\/#website\",\"url\":\"https:\/\/www.maxima-dia.com\/es\/\",\"name\":\"Maxima SpA\",\"description\":\"Only for the real professionals\",\"potentialAction\":[{\"@type\":\"SearchAction\",\"target\":{\"@type\":\"EntryPoint\",\"urlTemplate\":\"https:\/\/www.maxima-dia.com\/es\/?s={search_term_string}\"},\"query-input\":{\"@type\":\"PropertyValueSpecification\",\"valueRequired\":true,\"valueName\":\"search_term_string\"}}],\"inLanguage\":\"es\"}]}<\/script>\n<!-- \/ Yoast SEO plugin. -->","yoast_head_json":{"title":"M\u00e1quinas de Corte para la Construcci\u00f3n - Maxima SpA","robots":{"index":"index","follow":"follow","max-snippet":"max-snippet:-1","max-image-preview":"max-image-preview:large","max-video-preview":"max-video-preview:-1"},"canonical":"https:\/\/www.maxima-dia.com\/es\/maquinas-de-corte-para-la-construccion\/","og_locale":"es_ES","og_type":"article","og_title":"M\u00e1quinas de Corte para la Construcci\u00f3n - Maxima SpA","og_description":"[vc_row bottom_padding=\u00bb50&#8243;][vc_column width=\u00bb1\/1&#8243;][vc_column_text]En esta secci\u00f3n se presentan todas las m\u00e1quinas de corte para las construcci\u00f3n con herramientas de diamante de la gama Maxima, como rozadoras, lijadoras, sierras de mesa para obra, m\u00e1quinas cortadoras de suelo, con adem\u00e1s la l\u00ednea de las placas vibradoras Vibramax que completan la oferta para los revendedores que ofrecen equipos para empresas de construcci\u00f3n y viales. Todas las maquinarias que se proponen son \u201cmade in EU\u201d&nbsp;, es decir se producen en el interior de la Uni\u00f3n Europea y todas poseen la certificaci\u00f3n CE.[\/vc_column_text][\/vc_column][\/vc_row][vc_row][vc_column width=\u00bb1\/1&#8243;][vc_basic_grid post_type=\u00bbcustom\u00bb element_width=\u00bb3&#8243; gap=\u00bb10&#8243; item=\u00bb15386&#8243; initial_loading_animation=\u00bbnone\u00bb grid_id=\u00bbvc_gid:1490002371743-f0d6bc1e-9b85-6&#8243; custom_query=\u00bbpost_type=page&amp;post_parent=12477&amp;sort_column=menu_order&amp;orderby=menu_order&amp;order=ASC&amp;post_status=publish&amp;posts_per_page=100&#8243;][\/vc_column][\/vc_row]","og_url":"https:\/\/www.maxima-dia.com\/es\/maquinas-de-corte-para-la-construccion\/","og_site_name":"Maxima SpA","article_publisher":"https:\/\/www.facebook.com\/Maxima-spa-106098566139597","article_modified_time":"2019-08-07T09:34:34+00:00","og_image":[{"url":"https:\/\/www.maxima-dia.com\/wp-content\/uploads\/2011\/09\/eu_flag.png","type":"","width":"","height":""}],"twitter_card":"summary_large_image","twitter_site":"@Maximadia","twitter_misc":{"Tiempo de lectura":"1 minuto"},"schema":{"@context":"https:\/\/schema.org","@graph":[{"@type":"WebPage","@id":"https:\/\/www.maxima-dia.com\/es\/maquinas-de-corte-para-la-construccion\/","url":"https:\/\/www.maxima-dia.com\/es\/maquinas-de-corte-para-la-construccion\/","name":"M\u00e1quinas de Corte para la Construcci\u00f3n - Maxima SpA","isPartOf":{"@id":"https:\/\/www.maxima-dia.com\/es\/#website"},"datePublished":"2017-02-07T10:08:18+00:00","dateModified":"2019-08-07T09:34:34+00:00","breadcrumb":{"@id":"https:\/\/www.maxima-dia.com\/es\/maquinas-de-corte-para-la-construccion\/#breadcrumb"},"inLanguage":"es","potentialAction":[{"@type":"ReadAction","target":["https:\/\/www.maxima-dia.com\/es\/maquinas-de-corte-para-la-construccion\/"]}]},{"@type":"BreadcrumbList","@id":"https:\/\/www.maxima-dia.com\/es\/maquinas-de-corte-para-la-construccion\/#breadcrumb","itemListElement":[{"@type":"ListItem","position":1,"name":"Home","item":"https:\/\/www.maxima-dia.com\/es\/"},{"@type":"ListItem","position":2,"name":"M\u00e1quinas de Corte para la Construcci\u00f3n"}]},{"@type":"WebSite","@id":"https:\/\/www.maxima-dia.com\/es\/#website","url":"https:\/\/www.maxima-dia.com\/es\/","name":"Maxima SpA","description":"Only for the real professionals","potentialAction":[{"@type":"SearchAction","target":{"@type":"EntryPoint","urlTemplate":"https:\/\/www.maxima-dia.com\/es\/?s={search_term_string}"},"query-input":{"@type":"PropertyValueSpecification","valueRequired":true,"valueName":"search_term_string"}}],"inLanguage":"es"}]}},"_links":{"self":[{"href":"https:\/\/www.maxima-dia.com\/es\/wp-json\/wp\/v2\/pages\/12477"}],"collection":[{"href":"https:\/\/www.maxima-dia.com\/es\/wp-json\/wp\/v2\/pages"}],"about":[{"href":"https:\/\/www.maxima-dia.com\/es\/wp-json\/wp\/v2\/types\/page"}],"author":[{"embeddable":true,"href":"https:\/\/www.maxima-dia.com\/es\/wp-json\/wp\/v2\/users\/29"}],"replies":[{"embeddable":true,"href":"https:\/\/www.maxima-dia.com\/es\/wp-json\/wp\/v2\/comments?post=12477"}],"version-history":[{"count":0,"href":"https:\/\/www.maxima-dia.com\/es\/wp-json\/wp\/v2\/pages\/12477\/revisions"}],"wp:attachment":[{"href":"https:\/\/www.maxima-dia.com\/es\/wp-json\/wp\/v2\/media?parent=12477"}],"curies":[{"name":"wp","href":"https:\/\/api.w.org\/{rel}","templated":true}]}}