{"id":12573,"date":"2017-02-08T08:55:50","date_gmt":"2017-02-08T07:55:50","guid":{"rendered":"http:\/\/www.maxima-dia.com\/?page_id=12573\/"},"modified":"2021-11-29T11:25:50","modified_gmt":"2021-11-29T10:25:50","slug":"almohadillas-y-modulos-para-pulido","status":"publish","type":"page","link":"https:\/\/www.maxima-dia.com\/es\/almohadillas-y-modulos-para-pulido\/","title":{"rendered":"Almohadillas y m\u00f3dulos para pulido"},"content":{"rendered":"<div class=\"wpb-content-wrapper\"><p>[vc_row bottom_padding=\u00bb50&#8243;][vc_column width=\u00bb1\/1&#8243;][vc_column_text]La gama de las almohadillas y m\u00f3dulos para pulido Maxima se ha concebido tanto para un uso universal en la construcci\u00f3n, como para un uso espec\u00edfico en \u00e1mbito lap\u00eddeo. Est\u00e1n disponibles en los di\u00e1metros desde 100 hasta 180 mm.[\/vc_column_text][\/vc_column][\/vc_row][vc_row][vc_column width=\u00bb1\/1&#8243;][vc_basic_grid post_type=\u00bbcustom\u00bb element_width=\u00bb3&#8243; gap=\u00bb10&#8243; item=\u00bb15386&#8243; initial_loading_animation=\u00bbnone\u00bb grid_id=\u00bbvc_gid:1638181342634-cae07388-a6ff-8&#8243; custom_query=\u00bbpost_type=page&amp;post_parent=12573&amp;sort_column=menu_order&amp;orderby=menu_order&amp;order=ASC&amp;post_status=publish&amp;posts_per_page=100&#8243;][\/vc_column][\/vc_row]<\/p>\n<\/div>","protected":false},"excerpt":{"rendered":"<p>[vc_row bottom_padding=\u00bb50&#8243;][vc_column width=\u00bb1\/1&#8243;][vc_column_text]La gama de las almohadillas y m\u00f3dulos para pulido Maxima se ha concebido tanto para un uso universal en la construcci\u00f3n, como para un uso espec\u00edfico en \u00e1mbito lap\u00eddeo. Est\u00e1n disponibles en los di\u00e1metros desde 100 hasta 180 mm.[\/vc_column_text][\/vc_column][\/vc_row][vc_row][vc_column width=\u00bb1\/1&#8243;][vc_basic_grid post_type=\u00bbcustom\u00bb element_width=\u00bb3&#8243; gap=\u00bb10&#8243; item=\u00bb15386&#8243; initial_loading_animation=\u00bbnone\u00bb grid_id=\u00bbvc_gid:1638181342634-cae07388-a6ff-8&#8243; custom_query=\u00bbpost_type=page&amp;post_parent=12573&amp;sort_column=menu_order&amp;orderby=menu_order&amp;order=ASC&amp;post_status=publish&amp;posts_per_page=100&#8243;][\/vc_column][\/vc_row]<\/p>\n","protected":false},"author":29,"featured_media":0,"parent":0,"menu_order":416,"comment_status":"closed","ping_status":"closed","template":"","meta":{"ngg_post_thumbnail":0,"_joinchat":[],"footnotes":""},"class_list":["post-12573","page","type-page","status-publish","hentry"],"yoast_head":"<!-- This site is optimized with the Yoast SEO plugin v25.5 - https:\/\/yoast.com\/wordpress\/plugins\/seo\/ -->\n<title>Almohadillas y m\u00f3dulos para pulido - Maxima SpA<\/title>\n<meta name=\"robots\" content=\"index, follow, max-snippet:-1, max-image-preview:large, max-video-preview:-1\" \/>\n<link rel=\"canonical\" href=\"https:\/\/www.maxima-dia.com\/es\/almohadillas-y-modulos-para-pulido\/\" \/>\n<meta property=\"og:locale\" content=\"es_ES\" \/>\n<meta property=\"og:type\" content=\"article\" \/>\n<meta property=\"og:title\" content=\"Almohadillas y m\u00f3dulos para pulido - Maxima SpA\" \/>\n<meta property=\"og:description\" content=\"[vc_row bottom_padding=\u00bb50&#8243;][vc_column width=\u00bb1\/1&#8243;][vc_column_text]La gama de las almohadillas y m\u00f3dulos para pulido Maxima se ha concebido tanto para un uso universal en la construcci\u00f3n, como para un uso espec\u00edfico en \u00e1mbito lap\u00eddeo. Est\u00e1n disponibles en los di\u00e1metros desde 100 hasta 180 mm.[\/vc_column_text][\/vc_column][\/vc_row][vc_row][vc_column width=\u00bb1\/1&#8243;][vc_basic_grid post_type=\u00bbcustom\u00bb element_width=\u00bb3&#8243; gap=\u00bb10&#8243; item=\u00bb15386&#8243; initial_loading_animation=\u00bbnone\u00bb grid_id=\u00bbvc_gid:1638181342634-cae07388-a6ff-8&#8243; custom_query=\u00bbpost_type=page&amp;post_parent=12573&amp;sort_column=menu_order&amp;orderby=menu_order&amp;order=ASC&amp;post_status=publish&amp;posts_per_page=100&#8243;][\/vc_column][\/vc_row]\" \/>\n<meta property=\"og:url\" content=\"https:\/\/www.maxima-dia.com\/es\/almohadillas-y-modulos-para-pulido\/\" \/>\n<meta property=\"og:site_name\" content=\"Maxima SpA\" \/>\n<meta property=\"article:publisher\" content=\"https:\/\/www.facebook.com\/Maxima-spa-106098566139597\" \/>\n<meta property=\"article:modified_time\" content=\"2021-11-29T10:25:50+00:00\" \/>\n<meta property=\"og:image\" content=\"https:\/\/www.maxima-dia.com\/wp-content\/uploads\/2022\/03\/MaximaSpA-logo-quadrato.jpg\" \/>\n\t<meta property=\"og:image:width\" content=\"500\" \/>\n\t<meta property=\"og:image:height\" content=\"500\" \/>\n\t<meta property=\"og:image:type\" content=\"image\/jpeg\" \/>\n<meta name=\"twitter:card\" content=\"summary_large_image\" \/>\n<meta name=\"twitter:site\" content=\"@Maximadia\" \/>\n<meta name=\"twitter:label1\" content=\"Tiempo de lectura\" \/>\n\t<meta name=\"twitter:data1\" content=\"1 minuto\" \/>\n<script type=\"application\/ld+json\" class=\"yoast-schema-graph\">{\"@context\":\"https:\/\/schema.org\",\"@graph\":[{\"@type\":\"WebPage\",\"@id\":\"https:\/\/www.maxima-dia.com\/es\/almohadillas-y-modulos-para-pulido\/\",\"url\":\"https:\/\/www.maxima-dia.com\/es\/almohadillas-y-modulos-para-pulido\/\",\"name\":\"Almohadillas y m\u00f3dulos para pulido - Maxima SpA\",\"isPartOf\":{\"@id\":\"https:\/\/www.maxima-dia.com\/es\/#website\"},\"datePublished\":\"2017-02-08T07:55:50+00:00\",\"dateModified\":\"2021-11-29T10:25:50+00:00\",\"breadcrumb\":{\"@id\":\"https:\/\/www.maxima-dia.com\/es\/almohadillas-y-modulos-para-pulido\/#breadcrumb\"},\"inLanguage\":\"es\",\"potentialAction\":[{\"@type\":\"ReadAction\",\"target\":[\"https:\/\/www.maxima-dia.com\/es\/almohadillas-y-modulos-para-pulido\/\"]}]},{\"@type\":\"BreadcrumbList\",\"@id\":\"https:\/\/www.maxima-dia.com\/es\/almohadillas-y-modulos-para-pulido\/#breadcrumb\",\"itemListElement\":[{\"@type\":\"ListItem\",\"position\":1,\"name\":\"Home\",\"item\":\"https:\/\/www.maxima-dia.com\/es\/\"},{\"@type\":\"ListItem\",\"position\":2,\"name\":\"Almohadillas y m\u00f3dulos para pulido\"}]},{\"@type\":\"WebSite\",\"@id\":\"https:\/\/www.maxima-dia.com\/es\/#website\",\"url\":\"https:\/\/www.maxima-dia.com\/es\/\",\"name\":\"Maxima SpA\",\"description\":\"Only for the real professionals\",\"potentialAction\":[{\"@type\":\"SearchAction\",\"target\":{\"@type\":\"EntryPoint\",\"urlTemplate\":\"https:\/\/www.maxima-dia.com\/es\/?s={search_term_string}\"},\"query-input\":{\"@type\":\"PropertyValueSpecification\",\"valueRequired\":true,\"valueName\":\"search_term_string\"}}],\"inLanguage\":\"es\"}]}<\/script>\n<!-- \/ Yoast SEO plugin. -->","yoast_head_json":{"title":"Almohadillas y m\u00f3dulos para pulido - Maxima SpA","robots":{"index":"index","follow":"follow","max-snippet":"max-snippet:-1","max-image-preview":"max-image-preview:large","max-video-preview":"max-video-preview:-1"},"canonical":"https:\/\/www.maxima-dia.com\/es\/almohadillas-y-modulos-para-pulido\/","og_locale":"es_ES","og_type":"article","og_title":"Almohadillas y m\u00f3dulos para pulido - Maxima SpA","og_description":"[vc_row bottom_padding=\u00bb50&#8243;][vc_column width=\u00bb1\/1&#8243;][vc_column_text]La gama de las almohadillas y m\u00f3dulos para pulido Maxima se ha concebido tanto para un uso universal en la construcci\u00f3n, como para un uso espec\u00edfico en \u00e1mbito lap\u00eddeo. Est\u00e1n disponibles en los di\u00e1metros desde 100 hasta 180 mm.[\/vc_column_text][\/vc_column][\/vc_row][vc_row][vc_column width=\u00bb1\/1&#8243;][vc_basic_grid post_type=\u00bbcustom\u00bb element_width=\u00bb3&#8243; gap=\u00bb10&#8243; item=\u00bb15386&#8243; initial_loading_animation=\u00bbnone\u00bb grid_id=\u00bbvc_gid:1638181342634-cae07388-a6ff-8&#8243; custom_query=\u00bbpost_type=page&amp;post_parent=12573&amp;sort_column=menu_order&amp;orderby=menu_order&amp;order=ASC&amp;post_status=publish&amp;posts_per_page=100&#8243;][\/vc_column][\/vc_row]","og_url":"https:\/\/www.maxima-dia.com\/es\/almohadillas-y-modulos-para-pulido\/","og_site_name":"Maxima SpA","article_publisher":"https:\/\/www.facebook.com\/Maxima-spa-106098566139597","article_modified_time":"2021-11-29T10:25:50+00:00","og_image":[{"width":500,"height":500,"url":"https:\/\/www.maxima-dia.com\/wp-content\/uploads\/2022\/03\/MaximaSpA-logo-quadrato.jpg","type":"image\/jpeg"}],"twitter_card":"summary_large_image","twitter_site":"@Maximadia","twitter_misc":{"Tiempo de lectura":"1 minuto"},"schema":{"@context":"https:\/\/schema.org","@graph":[{"@type":"WebPage","@id":"https:\/\/www.maxima-dia.com\/es\/almohadillas-y-modulos-para-pulido\/","url":"https:\/\/www.maxima-dia.com\/es\/almohadillas-y-modulos-para-pulido\/","name":"Almohadillas y m\u00f3dulos para pulido - Maxima SpA","isPartOf":{"@id":"https:\/\/www.maxima-dia.com\/es\/#website"},"datePublished":"2017-02-08T07:55:50+00:00","dateModified":"2021-11-29T10:25:50+00:00","breadcrumb":{"@id":"https:\/\/www.maxima-dia.com\/es\/almohadillas-y-modulos-para-pulido\/#breadcrumb"},"inLanguage":"es","potentialAction":[{"@type":"ReadAction","target":["https:\/\/www.maxima-dia.com\/es\/almohadillas-y-modulos-para-pulido\/"]}]},{"@type":"BreadcrumbList","@id":"https:\/\/www.maxima-dia.com\/es\/almohadillas-y-modulos-para-pulido\/#breadcrumb","itemListElement":[{"@type":"ListItem","position":1,"name":"Home","item":"https:\/\/www.maxima-dia.com\/es\/"},{"@type":"ListItem","position":2,"name":"Almohadillas y m\u00f3dulos para pulido"}]},{"@type":"WebSite","@id":"https:\/\/www.maxima-dia.com\/es\/#website","url":"https:\/\/www.maxima-dia.com\/es\/","name":"Maxima SpA","description":"Only for the real professionals","potentialAction":[{"@type":"SearchAction","target":{"@type":"EntryPoint","urlTemplate":"https:\/\/www.maxima-dia.com\/es\/?s={search_term_string}"},"query-input":{"@type":"PropertyValueSpecification","valueRequired":true,"valueName":"search_term_string"}}],"inLanguage":"es"}]}},"_links":{"self":[{"href":"https:\/\/www.maxima-dia.com\/es\/wp-json\/wp\/v2\/pages\/12573"}],"collection":[{"href":"https:\/\/www.maxima-dia.com\/es\/wp-json\/wp\/v2\/pages"}],"about":[{"href":"https:\/\/www.maxima-dia.com\/es\/wp-json\/wp\/v2\/types\/page"}],"author":[{"embeddable":true,"href":"https:\/\/www.maxima-dia.com\/es\/wp-json\/wp\/v2\/users\/29"}],"replies":[{"embeddable":true,"href":"https:\/\/www.maxima-dia.com\/es\/wp-json\/wp\/v2\/comments?post=12573"}],"version-history":[{"count":0,"href":"https:\/\/www.maxima-dia.com\/es\/wp-json\/wp\/v2\/pages\/12573\/revisions"}],"wp:attachment":[{"href":"https:\/\/www.maxima-dia.com\/es\/wp-json\/wp\/v2\/media?parent=12573"}],"curies":[{"name":"wp","href":"https:\/\/api.w.org\/{rel}","templated":true}]}}