{"id":15128,"date":"2017-03-08T11:02:37","date_gmt":"2017-03-08T10:02:37","guid":{"rendered":"http:\/\/www.maxima-dia.com\/?page_id=15128\/"},"modified":"2021-07-12T10:24:03","modified_gmt":"2021-07-12T08:24:03","slug":"motomax-350","status":"publish","type":"page","link":"https:\/\/www.maxima-dia.com\/es\/maquinas-de-corte-para-la-construccion\/motomax-350\/","title":{"rendered":"Motomax 350"},"content":{"rendered":"<div class=\"wpb-content-wrapper\"><p>[vc_row][vc_column text_align=\u00bbcenter\u00bb width=\u00bb1\/4&#8243;][vc_column_text]<a href=\"\/wp-content\/uploads\/2017\/02\/motomax-350.jpg\"><img loading=\"lazy\" decoding=\"async\" class=\"alignnone wp-image-13892 size-thumbnail\" src=\"\/wp-content\/uploads\/2017\/02\/motomax-350-150x150.jpg\" alt=\"MOTOMAX 350\" width=\"150\" height=\"150\" srcset=\"https:\/\/www.maxima-dia.com\/wp-content\/uploads\/2017\/02\/motomax-350-150x150.jpg 150w, https:\/\/www.maxima-dia.com\/wp-content\/uploads\/2017\/02\/motomax-350-300x300.jpg 300w, https:\/\/www.maxima-dia.com\/wp-content\/uploads\/2017\/02\/motomax-350-768x768.jpg 768w, https:\/\/www.maxima-dia.com\/wp-content\/uploads\/2017\/02\/motomax-350-1024x1024.jpg 1024w, https:\/\/www.maxima-dia.com\/wp-content\/uploads\/2017\/02\/motomax-350-80x80.jpg 80w, https:\/\/www.maxima-dia.com\/wp-content\/uploads\/2017\/02\/motomax-350-500x500.jpg 500w, https:\/\/www.maxima-dia.com\/wp-content\/uploads\/2017\/02\/motomax-350-1000x1000.jpg 1000w, https:\/\/www.maxima-dia.com\/wp-content\/uploads\/2017\/02\/motomax-350.jpg 1200w\" sizes=\"(max-width: 150px) 100vw, 150px\" \/><\/a><\/p>\n<p>construida en la Uni\u00f3n Europea&nbsp;<img loading=\"lazy\" decoding=\"async\" src=\"\/wp-content\/uploads\/2013\/11\/eu.png\" alt=\"eu\" width=\"24\" height=\"16\"> &#8211; certificada <span style=\"font-family: arial,helvetica,sans-serif;\">CE<\/span>[\/vc_column_text][vc_column_text css_animation=\u00bbslideInDown\u00bb el_class=\u00bbhidebuybutton\u00bb]<a href=\"https:\/\/www.storemaxima.com\/es\/maquinas-de-corte-para-la-construccion\/205-motomax-350.html\" target=\"_blank\" rel=\"noopener\"><img loading=\"lazy\" decoding=\"async\" class=\"alignnone\" title=\"Comprar en www.storemaxima.com\" src=\"https:\/\/www.maxima-dia.com\/wp-content\/uploads\/2019\/12\/pulsante-acquista-storemaxima.com-es.svg\" alt=\"Comprar en www.storemaxima.com\" width=\"180\" height=\"80\"><\/a>[\/vc_column_text][\/vc_column][vc_column width=\u00bb3\/4&#8243;][vc_column_text]La tronzadora con motor de explosi\u00f3n <strong>Motomax 350<\/strong> dispone de un potente motor de dos tiempos con una potencia de 5,5 CV a 9.500 RPM que usa el sistema patentado EasyLube\u2122 para agregar aceite electr\u00f3nicamente al combustible, eliminando errores de mezcla y las consecuencias asociadas. La m\u00e1quina dispone de un agitador de filtro. El encendido es extremadamente simple gracias a la inyecci\u00f3n electr\u00f3nica, sin v\u00e1lvulas que se deban extraer manualmente. Se pueden montar discos de 350 mm\/orificio de 25,4 mm para cortar hormig\u00f3n, hormig\u00f3n armado, asfalto, piedra y otros materiales de construcci\u00f3n.<\/p>\n<table class=\"tabellafotocarotaggio\" style=\"width: 100%;\">\n<tbody>\n<tr>\n<td style=\"width: 50%; text-align: center;\"><a href=\"\/wp-content\/uploads\/2017\/02\/motomax-350-f1.jpg\"><img loading=\"lazy\" decoding=\"async\" class=\"alignnone wp-image-13890 size-thumbnail\" src=\"\/wp-content\/uploads\/2017\/02\/motomax-350-f1-150x150.jpg\" alt=\"\" width=\"150\" height=\"150\" srcset=\"https:\/\/www.maxima-dia.com\/wp-content\/uploads\/2017\/02\/motomax-350-f1-150x150.jpg 150w, https:\/\/www.maxima-dia.com\/wp-content\/uploads\/2017\/02\/motomax-350-f1-80x80.jpg 80w, https:\/\/www.maxima-dia.com\/wp-content\/uploads\/2017\/02\/motomax-350-f1-500x500.jpg 500w, https:\/\/www.maxima-dia.com\/wp-content\/uploads\/2017\/02\/motomax-350-f1-1000x1000.jpg 1000w\" sizes=\"(max-width: 150px) 100vw, 150px\" \/><\/a><\/td>\n<td style=\"width: 50%; text-align: center;\"><a href=\"\/wp-content\/uploads\/2017\/02\/motomax-350-f2.jpg\"><img loading=\"lazy\" decoding=\"async\" class=\"alignnone wp-image-13891 size-thumbnail\" src=\"\/wp-content\/uploads\/2017\/02\/motomax-350-f2-150x150.jpg\" alt=\"\" width=\"150\" height=\"150\" srcset=\"https:\/\/www.maxima-dia.com\/wp-content\/uploads\/2017\/02\/motomax-350-f2-150x150.jpg 150w, https:\/\/www.maxima-dia.com\/wp-content\/uploads\/2017\/02\/motomax-350-f2-80x80.jpg 80w, https:\/\/www.maxima-dia.com\/wp-content\/uploads\/2017\/02\/motomax-350-f2-500x500.jpg 500w, https:\/\/www.maxima-dia.com\/wp-content\/uploads\/2017\/02\/motomax-350-f2-1000x1000.jpg 1000w\" sizes=\"(max-width: 150px) 100vw, 150px\" \/><\/a><\/td>\n<\/tr>\n<\/tbody>\n<\/table>\n<p>&nbsp;<\/p>\n<p><strong>Caracter\u00edsticas:<\/strong><\/p>\n<ul>\n<li>Sistema patentado EasyLube\u2122 que mezcla autom\u00e1ticamente aceite y combustible para una m\u00e1xima eficiencia y para prevenir da\u00f1os&nbsp;<\/li>\n<li>Encendido sencillo&nbsp;<\/li>\n<li>Equilibrio \u00f3ptimo&nbsp;<\/li>\n<li>Robustez&nbsp;<\/li>\n<li>Requiere poco mantenimiento&nbsp;<\/li>\n<li>Bajas vibraciones, polvo y emisiones<\/li>\n<li>C\u00e1rter y disco giratorios para corte a ras de pared<\/li>\n<\/ul>\n<table class=\"tabellatecnica\" style=\"width: 100%; height: 168px;\" border=\"0\" cellspacing=\"0\" cellpadding=\"0\">\n<thead>\n<tr style=\"height: 24px;\">\n<td class=\"testata\" style=\"height: 24px;\" colspan=\"2\">CARACTER\u00cdSTICA T\u00c9CNICAS<\/td>\n<\/tr>\n<\/thead>\n<tbody>\n<tr style=\"height: 24px;\">\n<td class=\"coltesto1\" style=\"width: 50%; height: 24px;\">Motor: monocil\u00edndrico de 81 cm 3 de 2 tiempos Lavado de 4 canales, sistema de mezclado autom\u00e1tico patentado EasyLube\u2122<\/td>\n<td class=\"coltesto2\" style=\"width: 50%; height: 24px;\">Filtro de aire: papel<\/td>\n<\/tr>\n<tr style=\"height: 24px;\">\n<td class=\"coltesto1\" style=\"width: 50%; height: 24px;\">Potencia m\u00e1x. por n\u00famero de revoluciones: 5,5 CV\/9.500 rpm<\/td>\n<td class=\"coltesto2\" style=\"width: 50%; height: 24px;\">Di\u00e1metro del disco: 350 mm &#8211; Orificio de 25,4 mm<\/td>\n<\/tr>\n<tr style=\"height: 24px;\">\n<td class=\"coltesto1\" style=\"width: 50%; height: 24px;\">N\u00famero de revoluciones m\u00e1x. en vac\u00edo: 9.500 + 200 rpm<\/td>\n<td class=\"coltesto2\" style=\"width: 50%; height: 24px;\">Profundidad m\u00e1xima de corte: 125 mm<\/td>\n<\/tr>\n<tr style=\"height: 24px;\">\n<td class=\"coltesto2\" style=\"width: 50%; height: 24px;\">Capacidad del dep\u00f3sito de combustible: 0,9 l<\/td>\n<td class=\"coltesto2\" style=\"width: 50%; height: 24px;\">Dimensiones (H x P x L): 430 x 267 x 775 mm<\/td>\n<\/tr>\n<tr style=\"height: 24px;\">\n<td class=\"coltesto2\" style=\"width: 50%; height: 24px;\">Capacidad del dep\u00f3sito de aceite: 0,32 l<\/td>\n<td class=\"coltesto2\" style=\"width: 50%; height: 24px;\">Peso: 10,5 Kg<\/td>\n<\/tr>\n<\/tbody>\n<\/table>\n<div id=\"gtx-trans\" style=\"position: absolute; left: 873px; top: 727px;\">\n<div class=\"gtx-trans-icon\">&nbsp;<\/div>\n<\/div>\n<p>[\/vc_column_text][\/vc_column][\/vc_row]<\/p>\n<\/div>","protected":false},"excerpt":{"rendered":"<p>[vc_row][vc_column text_align=\u00bbcenter\u00bb width=\u00bb1\/4&#8243;][vc_column_text] construida en la Uni\u00f3n Europea&nbsp; &#8211; certificada CE[\/vc_column_text][vc_column_text css_animation=\u00bbslideInDown\u00bb el_class=\u00bbhidebuybutton\u00bb][\/vc_column_text][\/vc_column][vc_column width=\u00bb3\/4&#8243;][vc_column_text]La tronzadora con motor de explosi\u00f3n Motomax 350 dispone de un potente motor de dos tiempos con una potencia de 5,5 CV a 9.500 RPM que usa el sistema patentado EasyLube\u2122 para agregar aceite electr\u00f3nicamente al combustible, eliminando errores de mezcla y las consecuencias asociadas. La m\u00e1quina dispone de un agitador de filtro. El encendido es extremadamente simple gracias a la inyecci\u00f3n electr\u00f3nica, sin v\u00e1lvulas que se deban extraer manualmente. Se pueden montar discos de 350 mm\/orificio de 25,4 mm para cortar hormig\u00f3n, hormig\u00f3n armado, asfalto, piedra y otros materiales de construcci\u00f3n. &nbsp; Caracter\u00edsticas: Sistema patentado EasyLube\u2122 que mezcla autom\u00e1ticamente aceite y combustible para una m\u00e1xima eficiencia y para prevenir da\u00f1os&nbsp; Encendido sencillo&nbsp; Equilibrio \u00f3ptimo&nbsp; Robustez&nbsp; Requiere poco mantenimiento&nbsp; Bajas vibraciones, polvo y emisiones C\u00e1rter y disco giratorios para corte a ras de pared CARACTER\u00cdSTICA T\u00c9CNICAS Motor: monocil\u00edndrico de 81 cm 3 de 2 tiempos Lavado de 4 canales, sistema de mezclado autom\u00e1tico patentado EasyLube\u2122 Filtro de aire: papel Potencia m\u00e1x. por n\u00famero de revoluciones: 5,5 CV\/9.500 rpm Di\u00e1metro del disco: 350 mm &#8211; Orificio de 25,4 mm N\u00famero de revoluciones m\u00e1x. en vac\u00edo: 9.500 + 200 [&hellip;]<\/p>\n","protected":false},"author":29,"featured_media":13892,"parent":12477,"menu_order":8,"comment_status":"closed","ping_status":"closed","template":"","meta":{"ngg_post_thumbnail":0,"_joinchat":[],"footnotes":""},"class_list":["post-15128","page","type-page","status-publish","has-post-thumbnail","hentry"],"yoast_head":"<!-- This site is optimized with the Yoast SEO plugin v25.5 - https:\/\/yoast.com\/wordpress\/plugins\/seo\/ -->\n<title>Motomax 350 - Maxima SpA<\/title>\n<meta name=\"robots\" content=\"index, follow, max-snippet:-1, max-image-preview:large, max-video-preview:-1\" \/>\n<link rel=\"canonical\" href=\"https:\/\/www.maxima-dia.com\/es\/maquinas-de-corte-para-la-construccion\/motomax-350\/\" \/>\n<meta property=\"og:locale\" content=\"es_ES\" \/>\n<meta property=\"og:type\" content=\"article\" \/>\n<meta property=\"og:title\" content=\"Motomax 350 - Maxima SpA\" \/>\n<meta property=\"og:description\" content=\"[vc_row][vc_column text_align=\u00bbcenter\u00bb width=\u00bb1\/4&#8243;][vc_column_text] construida en la Uni\u00f3n Europea&nbsp; &#8211; certificada CE[\/vc_column_text][vc_column_text css_animation=\u00bbslideInDown\u00bb el_class=\u00bbhidebuybutton\u00bb][\/vc_column_text][\/vc_column][vc_column width=\u00bb3\/4&#8243;][vc_column_text]La tronzadora con motor de explosi\u00f3n Motomax 350 dispone de un potente motor de dos tiempos con una potencia de 5,5 CV a 9.500 RPM que usa el sistema patentado EasyLube\u2122 para agregar aceite electr\u00f3nicamente al combustible, eliminando errores de mezcla y las consecuencias asociadas. La m\u00e1quina dispone de un agitador de filtro. El encendido es extremadamente simple gracias a la inyecci\u00f3n electr\u00f3nica, sin v\u00e1lvulas que se deban extraer manualmente. Se pueden montar discos de 350 mm\/orificio de 25,4 mm para cortar hormig\u00f3n, hormig\u00f3n armado, asfalto, piedra y otros materiales de construcci\u00f3n. &nbsp; Caracter\u00edsticas: Sistema patentado EasyLube\u2122 que mezcla autom\u00e1ticamente aceite y combustible para una m\u00e1xima eficiencia y para prevenir da\u00f1os&nbsp; Encendido sencillo&nbsp; Equilibrio \u00f3ptimo&nbsp; Robustez&nbsp; Requiere poco mantenimiento&nbsp; Bajas vibraciones, polvo y emisiones C\u00e1rter y disco giratorios para corte a ras de pared CARACTER\u00cdSTICA T\u00c9CNICAS Motor: monocil\u00edndrico de 81 cm 3 de 2 tiempos Lavado de 4 canales, sistema de mezclado autom\u00e1tico patentado EasyLube\u2122 Filtro de aire: papel Potencia m\u00e1x. por n\u00famero de revoluciones: 5,5 CV\/9.500 rpm Di\u00e1metro del disco: 350 mm &#8211; Orificio de 25,4 mm N\u00famero de revoluciones m\u00e1x. en vac\u00edo: 9.500 + 200 [&hellip;]\" \/>\n<meta property=\"og:url\" content=\"https:\/\/www.maxima-dia.com\/es\/maquinas-de-corte-para-la-construccion\/motomax-350\/\" \/>\n<meta property=\"og:site_name\" content=\"Maxima SpA\" \/>\n<meta property=\"article:publisher\" content=\"https:\/\/www.facebook.com\/Maxima-spa-106098566139597\" \/>\n<meta property=\"article:modified_time\" content=\"2021-07-12T08:24:03+00:00\" \/>\n<meta property=\"og:image\" content=\"https:\/\/www.maxima-dia.com\/wp-content\/uploads\/2017\/02\/motomax-350.jpg\" \/>\n\t<meta property=\"og:image:width\" content=\"1200\" \/>\n\t<meta property=\"og:image:height\" content=\"1200\" \/>\n\t<meta property=\"og:image:type\" content=\"image\/jpeg\" \/>\n<meta name=\"twitter:card\" content=\"summary_large_image\" \/>\n<meta name=\"twitter:site\" content=\"@Maximadia\" \/>\n<meta name=\"twitter:label1\" content=\"Tiempo de lectura\" \/>\n\t<meta name=\"twitter:data1\" content=\"3 minutos\" \/>\n<script type=\"application\/ld+json\" class=\"yoast-schema-graph\">{\"@context\":\"https:\/\/schema.org\",\"@graph\":[{\"@type\":\"WebPage\",\"@id\":\"https:\/\/www.maxima-dia.com\/es\/maquinas-de-corte-para-la-construccion\/motomax-350\/\",\"url\":\"https:\/\/www.maxima-dia.com\/es\/maquinas-de-corte-para-la-construccion\/motomax-350\/\",\"name\":\"Motomax 350 - Maxima SpA\",\"isPartOf\":{\"@id\":\"https:\/\/www.maxima-dia.com\/es\/#website\"},\"primaryImageOfPage\":{\"@id\":\"https:\/\/www.maxima-dia.com\/es\/maquinas-de-corte-para-la-construccion\/motomax-350\/#primaryimage\"},\"image\":{\"@id\":\"https:\/\/www.maxima-dia.com\/es\/maquinas-de-corte-para-la-construccion\/motomax-350\/#primaryimage\"},\"thumbnailUrl\":\"https:\/\/www.maxima-dia.com\/wp-content\/uploads\/2017\/02\/motomax-350.jpg\",\"datePublished\":\"2017-03-08T10:02:37+00:00\",\"dateModified\":\"2021-07-12T08:24:03+00:00\",\"breadcrumb\":{\"@id\":\"https:\/\/www.maxima-dia.com\/es\/maquinas-de-corte-para-la-construccion\/motomax-350\/#breadcrumb\"},\"inLanguage\":\"es\",\"potentialAction\":[{\"@type\":\"ReadAction\",\"target\":[\"https:\/\/www.maxima-dia.com\/es\/maquinas-de-corte-para-la-construccion\/motomax-350\/\"]}]},{\"@type\":\"ImageObject\",\"inLanguage\":\"es\",\"@id\":\"https:\/\/www.maxima-dia.com\/es\/maquinas-de-corte-para-la-construccion\/motomax-350\/#primaryimage\",\"url\":\"https:\/\/www.maxima-dia.com\/wp-content\/uploads\/2017\/02\/motomax-350.jpg\",\"contentUrl\":\"https:\/\/www.maxima-dia.com\/wp-content\/uploads\/2017\/02\/motomax-350.jpg\",\"width\":1200,\"height\":1200,\"caption\":\"MOTOMAX 350\"},{\"@type\":\"BreadcrumbList\",\"@id\":\"https:\/\/www.maxima-dia.com\/es\/maquinas-de-corte-para-la-construccion\/motomax-350\/#breadcrumb\",\"itemListElement\":[{\"@type\":\"ListItem\",\"position\":1,\"name\":\"Home\",\"item\":\"https:\/\/www.maxima-dia.com\/es\/\"},{\"@type\":\"ListItem\",\"position\":2,\"name\":\"M\u00e1quinas de Corte para la Construcci\u00f3n\",\"item\":\"https:\/\/www.maxima-dia.com\/es\/maquinas-de-corte-para-la-construccion\/\"},{\"@type\":\"ListItem\",\"position\":3,\"name\":\"Motomax 350\"}]},{\"@type\":\"WebSite\",\"@id\":\"https:\/\/www.maxima-dia.com\/es\/#website\",\"url\":\"https:\/\/www.maxima-dia.com\/es\/\",\"name\":\"Maxima SpA\",\"description\":\"Only for the real professionals\",\"potentialAction\":[{\"@type\":\"SearchAction\",\"target\":{\"@type\":\"EntryPoint\",\"urlTemplate\":\"https:\/\/www.maxima-dia.com\/es\/?s={search_term_string}\"},\"query-input\":{\"@type\":\"PropertyValueSpecification\",\"valueRequired\":true,\"valueName\":\"search_term_string\"}}],\"inLanguage\":\"es\"}]}<\/script>\n<!-- \/ Yoast SEO plugin. -->","yoast_head_json":{"title":"Motomax 350 - Maxima SpA","robots":{"index":"index","follow":"follow","max-snippet":"max-snippet:-1","max-image-preview":"max-image-preview:large","max-video-preview":"max-video-preview:-1"},"canonical":"https:\/\/www.maxima-dia.com\/es\/maquinas-de-corte-para-la-construccion\/motomax-350\/","og_locale":"es_ES","og_type":"article","og_title":"Motomax 350 - Maxima SpA","og_description":"[vc_row][vc_column text_align=\u00bbcenter\u00bb width=\u00bb1\/4&#8243;][vc_column_text] construida en la Uni\u00f3n Europea&nbsp; &#8211; certificada CE[\/vc_column_text][vc_column_text css_animation=\u00bbslideInDown\u00bb el_class=\u00bbhidebuybutton\u00bb][\/vc_column_text][\/vc_column][vc_column width=\u00bb3\/4&#8243;][vc_column_text]La tronzadora con motor de explosi\u00f3n Motomax 350 dispone de un potente motor de dos tiempos con una potencia de 5,5 CV a 9.500 RPM que usa el sistema patentado EasyLube\u2122 para agregar aceite electr\u00f3nicamente al combustible, eliminando errores de mezcla y las consecuencias asociadas. La m\u00e1quina dispone de un agitador de filtro. El encendido es extremadamente simple gracias a la inyecci\u00f3n electr\u00f3nica, sin v\u00e1lvulas que se deban extraer manualmente. Se pueden montar discos de 350 mm\/orificio de 25,4 mm para cortar hormig\u00f3n, hormig\u00f3n armado, asfalto, piedra y otros materiales de construcci\u00f3n. &nbsp; Caracter\u00edsticas: Sistema patentado EasyLube\u2122 que mezcla autom\u00e1ticamente aceite y combustible para una m\u00e1xima eficiencia y para prevenir da\u00f1os&nbsp; Encendido sencillo&nbsp; Equilibrio \u00f3ptimo&nbsp; Robustez&nbsp; Requiere poco mantenimiento&nbsp; Bajas vibraciones, polvo y emisiones C\u00e1rter y disco giratorios para corte a ras de pared CARACTER\u00cdSTICA T\u00c9CNICAS Motor: monocil\u00edndrico de 81 cm 3 de 2 tiempos Lavado de 4 canales, sistema de mezclado autom\u00e1tico patentado EasyLube\u2122 Filtro de aire: papel Potencia m\u00e1x. por n\u00famero de revoluciones: 5,5 CV\/9.500 rpm Di\u00e1metro del disco: 350 mm &#8211; Orificio de 25,4 mm N\u00famero de revoluciones m\u00e1x. en vac\u00edo: 9.500 + 200 [&hellip;]","og_url":"https:\/\/www.maxima-dia.com\/es\/maquinas-de-corte-para-la-construccion\/motomax-350\/","og_site_name":"Maxima SpA","article_publisher":"https:\/\/www.facebook.com\/Maxima-spa-106098566139597","article_modified_time":"2021-07-12T08:24:03+00:00","og_image":[{"width":1200,"height":1200,"url":"https:\/\/www.maxima-dia.com\/wp-content\/uploads\/2017\/02\/motomax-350.jpg","type":"image\/jpeg"}],"twitter_card":"summary_large_image","twitter_site":"@Maximadia","twitter_misc":{"Tiempo de lectura":"3 minutos"},"schema":{"@context":"https:\/\/schema.org","@graph":[{"@type":"WebPage","@id":"https:\/\/www.maxima-dia.com\/es\/maquinas-de-corte-para-la-construccion\/motomax-350\/","url":"https:\/\/www.maxima-dia.com\/es\/maquinas-de-corte-para-la-construccion\/motomax-350\/","name":"Motomax 350 - Maxima SpA","isPartOf":{"@id":"https:\/\/www.maxima-dia.com\/es\/#website"},"primaryImageOfPage":{"@id":"https:\/\/www.maxima-dia.com\/es\/maquinas-de-corte-para-la-construccion\/motomax-350\/#primaryimage"},"image":{"@id":"https:\/\/www.maxima-dia.com\/es\/maquinas-de-corte-para-la-construccion\/motomax-350\/#primaryimage"},"thumbnailUrl":"https:\/\/www.maxima-dia.com\/wp-content\/uploads\/2017\/02\/motomax-350.jpg","datePublished":"2017-03-08T10:02:37+00:00","dateModified":"2021-07-12T08:24:03+00:00","breadcrumb":{"@id":"https:\/\/www.maxima-dia.com\/es\/maquinas-de-corte-para-la-construccion\/motomax-350\/#breadcrumb"},"inLanguage":"es","potentialAction":[{"@type":"ReadAction","target":["https:\/\/www.maxima-dia.com\/es\/maquinas-de-corte-para-la-construccion\/motomax-350\/"]}]},{"@type":"ImageObject","inLanguage":"es","@id":"https:\/\/www.maxima-dia.com\/es\/maquinas-de-corte-para-la-construccion\/motomax-350\/#primaryimage","url":"https:\/\/www.maxima-dia.com\/wp-content\/uploads\/2017\/02\/motomax-350.jpg","contentUrl":"https:\/\/www.maxima-dia.com\/wp-content\/uploads\/2017\/02\/motomax-350.jpg","width":1200,"height":1200,"caption":"MOTOMAX 350"},{"@type":"BreadcrumbList","@id":"https:\/\/www.maxima-dia.com\/es\/maquinas-de-corte-para-la-construccion\/motomax-350\/#breadcrumb","itemListElement":[{"@type":"ListItem","position":1,"name":"Home","item":"https:\/\/www.maxima-dia.com\/es\/"},{"@type":"ListItem","position":2,"name":"M\u00e1quinas de Corte para la Construcci\u00f3n","item":"https:\/\/www.maxima-dia.com\/es\/maquinas-de-corte-para-la-construccion\/"},{"@type":"ListItem","position":3,"name":"Motomax 350"}]},{"@type":"WebSite","@id":"https:\/\/www.maxima-dia.com\/es\/#website","url":"https:\/\/www.maxima-dia.com\/es\/","name":"Maxima SpA","description":"Only for the real professionals","potentialAction":[{"@type":"SearchAction","target":{"@type":"EntryPoint","urlTemplate":"https:\/\/www.maxima-dia.com\/es\/?s={search_term_string}"},"query-input":{"@type":"PropertyValueSpecification","valueRequired":true,"valueName":"search_term_string"}}],"inLanguage":"es"}]}},"_links":{"self":[{"href":"https:\/\/www.maxima-dia.com\/es\/wp-json\/wp\/v2\/pages\/15128"}],"collection":[{"href":"https:\/\/www.maxima-dia.com\/es\/wp-json\/wp\/v2\/pages"}],"about":[{"href":"https:\/\/www.maxima-dia.com\/es\/wp-json\/wp\/v2\/types\/page"}],"author":[{"embeddable":true,"href":"https:\/\/www.maxima-dia.com\/es\/wp-json\/wp\/v2\/users\/29"}],"replies":[{"embeddable":true,"href":"https:\/\/www.maxima-dia.com\/es\/wp-json\/wp\/v2\/comments?post=15128"}],"version-history":[{"count":0,"href":"https:\/\/www.maxima-dia.com\/es\/wp-json\/wp\/v2\/pages\/15128\/revisions"}],"up":[{"embeddable":true,"href":"https:\/\/www.maxima-dia.com\/es\/wp-json\/wp\/v2\/pages\/12477"}],"wp:featuredmedia":[{"embeddable":true,"href":"https:\/\/www.maxima-dia.com\/es\/wp-json\/wp\/v2\/media\/13892"}],"wp:attachment":[{"href":"https:\/\/www.maxima-dia.com\/es\/wp-json\/wp\/v2\/media?parent=15128"}],"curies":[{"name":"wp","href":"https:\/\/api.w.org\/{rel}","templated":true}]}}