{"id":15221,"date":"2017-03-09T12:04:04","date_gmt":"2017-03-09T11:04:04","guid":{"rendered":"http:\/\/www.maxima-dia.com\/?page_id=15221\/"},"modified":"2024-07-19T08:37:44","modified_gmt":"2024-07-19T06:37:44","slug":"caromax-1800-asp","status":"publish","type":"page","link":"https:\/\/www.maxima-dia.com\/es\/maquinas-de-perforacion-para-la-construccion\/caromax-1800-asp\/","title":{"rendered":"Caromax 1800 Asp"},"content":{"rendered":"<div class=\"wpb-content-wrapper\"><p>[vc_row][vc_column text_align=\u00bbcenter\u00bb width=\u00bb1\/4&#8243;][vc_column_text]<a href=\"\/wp-content\/uploads\/2017\/02\/caromax-1800-asp.jpg\"><img loading=\"lazy\" decoding=\"async\" class=\"alignnone wp-image-13718 size-thumbnail\" src=\"\/wp-content\/uploads\/2017\/02\/caromax-1800-asp-150x150.jpg\" alt=\"CAROMAX 1800 ASP\" width=\"150\" height=\"150\" srcset=\"https:\/\/www.maxima-dia.com\/wp-content\/uploads\/2017\/02\/caromax-1800-asp-150x150.jpg 150w, https:\/\/www.maxima-dia.com\/wp-content\/uploads\/2017\/02\/caromax-1800-asp-300x300.jpg 300w, https:\/\/www.maxima-dia.com\/wp-content\/uploads\/2017\/02\/caromax-1800-asp-768x768.jpg 768w, https:\/\/www.maxima-dia.com\/wp-content\/uploads\/2017\/02\/caromax-1800-asp-1024x1024.jpg 1024w, https:\/\/www.maxima-dia.com\/wp-content\/uploads\/2017\/02\/caromax-1800-asp-80x80.jpg 80w, https:\/\/www.maxima-dia.com\/wp-content\/uploads\/2017\/02\/caromax-1800-asp-500x500.jpg 500w, https:\/\/www.maxima-dia.com\/wp-content\/uploads\/2017\/02\/caromax-1800-asp-1000x1000.jpg 1000w, https:\/\/www.maxima-dia.com\/wp-content\/uploads\/2017\/02\/caromax-1800-asp.jpg 1200w\" sizes=\"(max-width: 150px) 100vw, 150px\" \/><\/a><\/p>\n<p>construida en la Uni\u00f3n Europea&nbsp;<img loading=\"lazy\" decoding=\"async\" src=\"\/wp-content\/uploads\/2013\/11\/eu.png\" alt=\"eu\" width=\"24\" height=\"16\"> &#8211; certificada <span style=\"font-family: arial,helvetica,sans-serif;\">CE<\/span>[\/vc_column_text][vc_column_text css_animation=\u00bbslideInDown\u00bb el_class=\u00bbhidebuybutton\u00bb]<a href=\"https:\/\/www.storemaxima.com\/es\/maquinas-de-perforacion-para-la-construccion\/210-caromax-1800-asp.html\" target=\"_blank\" rel=\"noopener\"><img loading=\"lazy\" decoding=\"async\" class=\"alignnone\" title=\"Comprar en www.storemaxima.com\" src=\"https:\/\/www.maxima-dia.com\/wp-content\/uploads\/2019\/12\/pulsante-acquista-storemaxima.com-es.svg\" alt=\"Comprar en www.storemaxima.com\" width=\"180\" height=\"80\"><\/a>[\/vc_column_text][\/vc_column][vc_column width=\u00bb3\/4&#8243;][vc_column_text]La <strong>CAROMAX 1800 ASP<\/strong> es la hermana de la <a href=\"https:\/\/www.maxima-dia.com\/es\/maquinas-de-perforacion-para-la-construccion\/caromax-1800\/\"><strong>Caromax 1800<\/strong><\/a>, y representa su configuraci\u00f3n con un cabezal de pl\u00e1stico dise\u00f1ado para la aspiraci\u00f3n de polvo y una conexi\u00f3n de 1\u201d1\/4. Es ideal para quienes trabajan exclusivamente en espacios cerrados. Dispone de un sistema de microvibraci\u00f3n y una potencia de 1800 W. La capacidad m\u00e1xima es la broca de 162 mm de di\u00e1metro. El embrague doble, mec\u00e1nico y electr\u00f3nico, garantiza un procesamiento extremadamente seguro para el usuario menos experimentado, as\u00ed como buena durabilidad de la m\u00e1quina a lo largo del tiempo. Al montar las brocas diamantadas de Maxima, la perforadora resulta id\u00f3nea para perforar en seco el hormig\u00f3n armado.<\/p>\n<table class=\"tabellafotocarotaggio\" style=\"width: 100%;\">\n<tbody>\n<tr>\n<td style=\"width: 25%; text-align: center;\"><a href=\"\/wp-content\/uploads\/2017\/02\/caromax-1800-asp-livella.jpg\"><img loading=\"lazy\" decoding=\"async\" class=\"alignnone wp-image-13715 size-thumbnail\" src=\"\/wp-content\/uploads\/2017\/02\/caromax-1800-asp-livella-150x150.jpg\" alt=\"\" width=\"150\" height=\"150\" srcset=\"https:\/\/www.maxima-dia.com\/wp-content\/uploads\/2017\/02\/caromax-1800-asp-livella-150x150.jpg 150w, https:\/\/www.maxima-dia.com\/wp-content\/uploads\/2017\/02\/caromax-1800-asp-livella-80x80.jpg 80w, https:\/\/www.maxima-dia.com\/wp-content\/uploads\/2017\/02\/caromax-1800-asp-livella-500x500.jpg 500w\" sizes=\"(max-width: 150px) 100vw, 150px\" \/><\/a><\/td>\n<td style=\"width: 25%; text-align: center;\"><a href=\"\/wp-content\/uploads\/2017\/02\/caromax-1800-asp-pulsante.jpg\"><img loading=\"lazy\" decoding=\"async\" class=\"alignnone wp-image-13716 size-thumbnail\" src=\"\/wp-content\/uploads\/2017\/02\/caromax-1800-asp-pulsante-150x150.jpg\" alt=\"\" width=\"150\" height=\"150\" srcset=\"https:\/\/www.maxima-dia.com\/wp-content\/uploads\/2017\/02\/caromax-1800-asp-pulsante-150x150.jpg 150w, https:\/\/www.maxima-dia.com\/wp-content\/uploads\/2017\/02\/caromax-1800-asp-pulsante-80x80.jpg 80w, https:\/\/www.maxima-dia.com\/wp-content\/uploads\/2017\/02\/caromax-1800-asp-pulsante-500x500.jpg 500w\" sizes=\"(max-width: 150px) 100vw, 150px\" \/><\/a>&nbsp;<\/td>\n<td style=\"width: 25%; text-align: center;\"><a href=\"\/wp-content\/uploads\/2017\/02\/caromax-1800-asp-led.jpg\"><img loading=\"lazy\" decoding=\"async\" class=\"alignnone wp-image-13714 size-thumbnail\" src=\"\/wp-content\/uploads\/2017\/02\/caromax-1800-asp-led-150x150.jpg\" alt=\"\" width=\"150\" height=\"150\" srcset=\"https:\/\/www.maxima-dia.com\/wp-content\/uploads\/2017\/02\/caromax-1800-asp-led-150x150.jpg 150w, https:\/\/www.maxima-dia.com\/wp-content\/uploads\/2017\/02\/caromax-1800-asp-led-80x80.jpg 80w, https:\/\/www.maxima-dia.com\/wp-content\/uploads\/2017\/02\/caromax-1800-asp-led-500x500.jpg 500w\" sizes=\"(max-width: 150px) 100vw, 150px\" \/><\/a>&nbsp;<\/td>\n<td style=\"width: 25%; text-align: center;\"><a href=\"\/wp-content\/uploads\/2017\/02\/caromax-1800-asp-testa-rotante.jpg\"><img loading=\"lazy\" decoding=\"async\" class=\"alignnone wp-image-13717 size-thumbnail\" src=\"\/wp-content\/uploads\/2017\/02\/caromax-1800-asp-testa-rotante-150x150.jpg\" alt=\"\" width=\"150\" height=\"150\" srcset=\"https:\/\/www.maxima-dia.com\/wp-content\/uploads\/2017\/02\/caromax-1800-asp-testa-rotante-150x150.jpg 150w, https:\/\/www.maxima-dia.com\/wp-content\/uploads\/2017\/02\/caromax-1800-asp-testa-rotante-80x80.jpg 80w, https:\/\/www.maxima-dia.com\/wp-content\/uploads\/2017\/02\/caromax-1800-asp-testa-rotante-500x500.jpg 500w\" sizes=\"(max-width: 150px) 100vw, 150px\" \/><\/a><\/td>\n<\/tr>\n<\/tbody>\n<\/table>\n<p>&nbsp;<\/p>\n<table class=\"tabellatecnica\" style=\"width: 100%;\" border=\"0\" cellspacing=\"0\" cellpadding=\"0\">\n<thead>\n<tr>\n<td class=\"testata\" colspan=\"2\">CARACTER\u00cdSTICA T\u00c9CNICAS<\/td>\n<\/tr>\n<\/thead>\n<tbody>\n<tr>\n<td class=\"coltesto1\" style=\"width: 50%;\">Potencia absorbida: 1800 W &#8211; 230 V<\/td>\n<td class=\"coltesto2\" style=\"width: 50%;\">Empalme: 1\/2 gas e 1\u201d1\/4<\/td>\n<\/tr>\n<tr>\n<td class=\"coltesto1\" style=\"width: 50%;\">Di\u00e1metro m\u00e1x. de perforaci\u00f3n: 205 mm con broca l\u00e1ser Oro Spiral<\/td>\n<td class=\"coltesto2\" style=\"width: 50%;\">Embrague mec\u00e1nico: S\u00ed<\/td>\n<\/tr>\n<tr>\n<td class=\"coltesto1\" style=\"width: 50%;\">Di\u00e1metro m\u00e1x. de perforaci\u00f3n: 162 mm con broca Aspiraci\u00f3n 300<\/td>\n<td class=\"coltesto2\" style=\"width: 50%;\">Embrague Electr\u00f3nico: S\u00ed<\/td>\n<\/tr>\n<tr>\n<td class=\"coltesto1\" style=\"width: 50%;\">Par: 17&nbsp;Nm<\/td>\n<td class=\"coltesto2\" style=\"width: 50%;\">Se suministra con: Malet\u00edn portaperforadora y accesorios<\/td>\n<\/tr>\n<tr>\n<td class=\"coltesto2\" style=\"width: 50%;\">Micropercusi\u00f3n: 33.000 golpes\/min de 0,1 Joule<\/td>\n<td class=\"coltesto2\" style=\"width: 50%;\">Peso: 6,5 Kg<\/td>\n<\/tr>\n<tr>\n<td class=\"coltesto2\" style=\"width: 50%;\">Velocidad: 1150 rpm<\/td>\n<td class=\"coltesto2\" style=\"width: 50%;\">&nbsp;<\/td>\n<\/tr>\n<\/tbody>\n<\/table>\n<p>[\/vc_column_text][\/vc_column][\/vc_row]<\/p>\n<\/div>","protected":false},"excerpt":{"rendered":"<p>[vc_row][vc_column text_align=\u00bbcenter\u00bb width=\u00bb1\/4&#8243;][vc_column_text] construida en la Uni\u00f3n Europea&nbsp; &#8211; certificada CE[\/vc_column_text][vc_column_text css_animation=\u00bbslideInDown\u00bb el_class=\u00bbhidebuybutton\u00bb][\/vc_column_text][\/vc_column][vc_column width=\u00bb3\/4&#8243;][vc_column_text]La CAROMAX 1800 ASP es la hermana de la Caromax 1800, y representa su configuraci\u00f3n con un cabezal de pl\u00e1stico dise\u00f1ado para la aspiraci\u00f3n de polvo y una conexi\u00f3n de 1\u201d1\/4. Es ideal para quienes trabajan exclusivamente en espacios cerrados. Dispone de un sistema de microvibraci\u00f3n y una potencia de 1800 W. La capacidad m\u00e1xima es la broca de 162 mm de di\u00e1metro. El embrague doble, mec\u00e1nico y electr\u00f3nico, garantiza un procesamiento extremadamente seguro para el usuario menos experimentado, as\u00ed como buena durabilidad de la m\u00e1quina a lo largo del tiempo. Al montar las brocas diamantadas de Maxima, la perforadora resulta id\u00f3nea para perforar en seco el hormig\u00f3n armado. &nbsp; &nbsp; &nbsp; CARACTER\u00cdSTICA T\u00c9CNICAS Potencia absorbida: 1800 W &#8211; 230 V Empalme: 1\/2 gas e 1\u201d1\/4 Di\u00e1metro m\u00e1x. de perforaci\u00f3n: 205 mm con broca l\u00e1ser Oro Spiral Embrague mec\u00e1nico: S\u00ed Di\u00e1metro m\u00e1x. de perforaci\u00f3n: 162 mm con broca Aspiraci\u00f3n 300 Embrague Electr\u00f3nico: S\u00ed Par: 17&nbsp;Nm Se suministra con: Malet\u00edn portaperforadora y accesorios Micropercusi\u00f3n: 33.000 golpes\/min de 0,1 Joule Peso: 6,5 Kg Velocidad: 1150 rpm &nbsp; [\/vc_column_text][\/vc_column][\/vc_row]<\/p>\n","protected":false},"author":29,"featured_media":13718,"parent":12467,"menu_order":4,"comment_status":"closed","ping_status":"closed","template":"","meta":{"ngg_post_thumbnail":0,"_joinchat":[],"footnotes":""},"class_list":["post-15221","page","type-page","status-publish","has-post-thumbnail","hentry"],"yoast_head":"<!-- This site is optimized with the Yoast SEO plugin v25.5 - https:\/\/yoast.com\/wordpress\/plugins\/seo\/ -->\n<title>Caromax 1800 Asp - Maxima SpA<\/title>\n<meta name=\"robots\" content=\"index, follow, max-snippet:-1, max-image-preview:large, max-video-preview:-1\" \/>\n<link rel=\"canonical\" href=\"https:\/\/www.maxima-dia.com\/es\/maquinas-de-perforacion-para-la-construccion\/caromax-1800-asp\/\" \/>\n<meta property=\"og:locale\" content=\"es_ES\" \/>\n<meta property=\"og:type\" content=\"article\" \/>\n<meta property=\"og:title\" content=\"Caromax 1800 Asp - Maxima SpA\" \/>\n<meta property=\"og:description\" content=\"[vc_row][vc_column text_align=\u00bbcenter\u00bb width=\u00bb1\/4&#8243;][vc_column_text] construida en la Uni\u00f3n Europea&nbsp; &#8211; certificada CE[\/vc_column_text][vc_column_text css_animation=\u00bbslideInDown\u00bb el_class=\u00bbhidebuybutton\u00bb][\/vc_column_text][\/vc_column][vc_column width=\u00bb3\/4&#8243;][vc_column_text]La CAROMAX 1800 ASP es la hermana de la Caromax 1800, y representa su configuraci\u00f3n con un cabezal de pl\u00e1stico dise\u00f1ado para la aspiraci\u00f3n de polvo y una conexi\u00f3n de 1\u201d1\/4. Es ideal para quienes trabajan exclusivamente en espacios cerrados. Dispone de un sistema de microvibraci\u00f3n y una potencia de 1800 W. La capacidad m\u00e1xima es la broca de 162 mm de di\u00e1metro. El embrague doble, mec\u00e1nico y electr\u00f3nico, garantiza un procesamiento extremadamente seguro para el usuario menos experimentado, as\u00ed como buena durabilidad de la m\u00e1quina a lo largo del tiempo. Al montar las brocas diamantadas de Maxima, la perforadora resulta id\u00f3nea para perforar en seco el hormig\u00f3n armado. &nbsp; &nbsp; &nbsp; CARACTER\u00cdSTICA T\u00c9CNICAS Potencia absorbida: 1800 W &#8211; 230 V Empalme: 1\/2 gas e 1\u201d1\/4 Di\u00e1metro m\u00e1x. de perforaci\u00f3n: 205 mm con broca l\u00e1ser Oro Spiral Embrague mec\u00e1nico: S\u00ed Di\u00e1metro m\u00e1x. de perforaci\u00f3n: 162 mm con broca Aspiraci\u00f3n 300 Embrague Electr\u00f3nico: S\u00ed Par: 17&nbsp;Nm Se suministra con: Malet\u00edn portaperforadora y accesorios Micropercusi\u00f3n: 33.000 golpes\/min de 0,1 Joule Peso: 6,5 Kg Velocidad: 1150 rpm &nbsp; [\/vc_column_text][\/vc_column][\/vc_row]\" \/>\n<meta property=\"og:url\" content=\"https:\/\/www.maxima-dia.com\/es\/maquinas-de-perforacion-para-la-construccion\/caromax-1800-asp\/\" \/>\n<meta property=\"og:site_name\" content=\"Maxima SpA\" \/>\n<meta property=\"article:publisher\" content=\"https:\/\/www.facebook.com\/Maxima-spa-106098566139597\" \/>\n<meta property=\"article:modified_time\" content=\"2024-07-19T06:37:44+00:00\" \/>\n<meta property=\"og:image\" content=\"https:\/\/www.maxima-dia.com\/wp-content\/uploads\/2017\/02\/caromax-1800-asp.jpg\" \/>\n\t<meta property=\"og:image:width\" content=\"1200\" \/>\n\t<meta property=\"og:image:height\" content=\"1200\" \/>\n\t<meta property=\"og:image:type\" content=\"image\/jpeg\" \/>\n<meta name=\"twitter:card\" content=\"summary_large_image\" \/>\n<meta name=\"twitter:site\" content=\"@Maximadia\" \/>\n<meta name=\"twitter:label1\" content=\"Tiempo de lectura\" \/>\n\t<meta name=\"twitter:data1\" content=\"3 minutos\" \/>\n<script type=\"application\/ld+json\" class=\"yoast-schema-graph\">{\"@context\":\"https:\/\/schema.org\",\"@graph\":[{\"@type\":\"WebPage\",\"@id\":\"https:\/\/www.maxima-dia.com\/es\/maquinas-de-perforacion-para-la-construccion\/caromax-1800-asp\/\",\"url\":\"https:\/\/www.maxima-dia.com\/es\/maquinas-de-perforacion-para-la-construccion\/caromax-1800-asp\/\",\"name\":\"Caromax 1800 Asp - Maxima SpA\",\"isPartOf\":{\"@id\":\"https:\/\/www.maxima-dia.com\/es\/#website\"},\"primaryImageOfPage\":{\"@id\":\"https:\/\/www.maxima-dia.com\/es\/maquinas-de-perforacion-para-la-construccion\/caromax-1800-asp\/#primaryimage\"},\"image\":{\"@id\":\"https:\/\/www.maxima-dia.com\/es\/maquinas-de-perforacion-para-la-construccion\/caromax-1800-asp\/#primaryimage\"},\"thumbnailUrl\":\"https:\/\/www.maxima-dia.com\/wp-content\/uploads\/2017\/02\/caromax-1800-asp.jpg\",\"datePublished\":\"2017-03-09T11:04:04+00:00\",\"dateModified\":\"2024-07-19T06:37:44+00:00\",\"breadcrumb\":{\"@id\":\"https:\/\/www.maxima-dia.com\/es\/maquinas-de-perforacion-para-la-construccion\/caromax-1800-asp\/#breadcrumb\"},\"inLanguage\":\"es\",\"potentialAction\":[{\"@type\":\"ReadAction\",\"target\":[\"https:\/\/www.maxima-dia.com\/es\/maquinas-de-perforacion-para-la-construccion\/caromax-1800-asp\/\"]}]},{\"@type\":\"ImageObject\",\"inLanguage\":\"es\",\"@id\":\"https:\/\/www.maxima-dia.com\/es\/maquinas-de-perforacion-para-la-construccion\/caromax-1800-asp\/#primaryimage\",\"url\":\"https:\/\/www.maxima-dia.com\/wp-content\/uploads\/2017\/02\/caromax-1800-asp.jpg\",\"contentUrl\":\"https:\/\/www.maxima-dia.com\/wp-content\/uploads\/2017\/02\/caromax-1800-asp.jpg\",\"width\":1200,\"height\":1200,\"caption\":\"CAROMAX 1800 ASP\"},{\"@type\":\"BreadcrumbList\",\"@id\":\"https:\/\/www.maxima-dia.com\/es\/maquinas-de-perforacion-para-la-construccion\/caromax-1800-asp\/#breadcrumb\",\"itemListElement\":[{\"@type\":\"ListItem\",\"position\":1,\"name\":\"Home\",\"item\":\"https:\/\/www.maxima-dia.com\/es\/\"},{\"@type\":\"ListItem\",\"position\":2,\"name\":\"M\u00e1quinas de Perforaci\u00f3n para la Construcci\u00f3n\",\"item\":\"https:\/\/www.maxima-dia.com\/es\/maquinas-de-perforacion-para-la-construccion\/\"},{\"@type\":\"ListItem\",\"position\":3,\"name\":\"Caromax 1800 Asp\"}]},{\"@type\":\"WebSite\",\"@id\":\"https:\/\/www.maxima-dia.com\/es\/#website\",\"url\":\"https:\/\/www.maxima-dia.com\/es\/\",\"name\":\"Maxima SpA\",\"description\":\"Only for the real professionals\",\"potentialAction\":[{\"@type\":\"SearchAction\",\"target\":{\"@type\":\"EntryPoint\",\"urlTemplate\":\"https:\/\/www.maxima-dia.com\/es\/?s={search_term_string}\"},\"query-input\":{\"@type\":\"PropertyValueSpecification\",\"valueRequired\":true,\"valueName\":\"search_term_string\"}}],\"inLanguage\":\"es\"}]}<\/script>\n<!-- \/ Yoast SEO plugin. -->","yoast_head_json":{"title":"Caromax 1800 Asp - Maxima SpA","robots":{"index":"index","follow":"follow","max-snippet":"max-snippet:-1","max-image-preview":"max-image-preview:large","max-video-preview":"max-video-preview:-1"},"canonical":"https:\/\/www.maxima-dia.com\/es\/maquinas-de-perforacion-para-la-construccion\/caromax-1800-asp\/","og_locale":"es_ES","og_type":"article","og_title":"Caromax 1800 Asp - Maxima SpA","og_description":"[vc_row][vc_column text_align=\u00bbcenter\u00bb width=\u00bb1\/4&#8243;][vc_column_text] construida en la Uni\u00f3n Europea&nbsp; &#8211; certificada CE[\/vc_column_text][vc_column_text css_animation=\u00bbslideInDown\u00bb el_class=\u00bbhidebuybutton\u00bb][\/vc_column_text][\/vc_column][vc_column width=\u00bb3\/4&#8243;][vc_column_text]La CAROMAX 1800 ASP es la hermana de la Caromax 1800, y representa su configuraci\u00f3n con un cabezal de pl\u00e1stico dise\u00f1ado para la aspiraci\u00f3n de polvo y una conexi\u00f3n de 1\u201d1\/4. Es ideal para quienes trabajan exclusivamente en espacios cerrados. Dispone de un sistema de microvibraci\u00f3n y una potencia de 1800 W. La capacidad m\u00e1xima es la broca de 162 mm de di\u00e1metro. El embrague doble, mec\u00e1nico y electr\u00f3nico, garantiza un procesamiento extremadamente seguro para el usuario menos experimentado, as\u00ed como buena durabilidad de la m\u00e1quina a lo largo del tiempo. Al montar las brocas diamantadas de Maxima, la perforadora resulta id\u00f3nea para perforar en seco el hormig\u00f3n armado. &nbsp; &nbsp; &nbsp; CARACTER\u00cdSTICA T\u00c9CNICAS Potencia absorbida: 1800 W &#8211; 230 V Empalme: 1\/2 gas e 1\u201d1\/4 Di\u00e1metro m\u00e1x. de perforaci\u00f3n: 205 mm con broca l\u00e1ser Oro Spiral Embrague mec\u00e1nico: S\u00ed Di\u00e1metro m\u00e1x. de perforaci\u00f3n: 162 mm con broca Aspiraci\u00f3n 300 Embrague Electr\u00f3nico: S\u00ed Par: 17&nbsp;Nm Se suministra con: Malet\u00edn portaperforadora y accesorios Micropercusi\u00f3n: 33.000 golpes\/min de 0,1 Joule Peso: 6,5 Kg Velocidad: 1150 rpm &nbsp; [\/vc_column_text][\/vc_column][\/vc_row]","og_url":"https:\/\/www.maxima-dia.com\/es\/maquinas-de-perforacion-para-la-construccion\/caromax-1800-asp\/","og_site_name":"Maxima SpA","article_publisher":"https:\/\/www.facebook.com\/Maxima-spa-106098566139597","article_modified_time":"2024-07-19T06:37:44+00:00","og_image":[{"width":1200,"height":1200,"url":"https:\/\/www.maxima-dia.com\/wp-content\/uploads\/2017\/02\/caromax-1800-asp.jpg","type":"image\/jpeg"}],"twitter_card":"summary_large_image","twitter_site":"@Maximadia","twitter_misc":{"Tiempo de lectura":"3 minutos"},"schema":{"@context":"https:\/\/schema.org","@graph":[{"@type":"WebPage","@id":"https:\/\/www.maxima-dia.com\/es\/maquinas-de-perforacion-para-la-construccion\/caromax-1800-asp\/","url":"https:\/\/www.maxima-dia.com\/es\/maquinas-de-perforacion-para-la-construccion\/caromax-1800-asp\/","name":"Caromax 1800 Asp - Maxima SpA","isPartOf":{"@id":"https:\/\/www.maxima-dia.com\/es\/#website"},"primaryImageOfPage":{"@id":"https:\/\/www.maxima-dia.com\/es\/maquinas-de-perforacion-para-la-construccion\/caromax-1800-asp\/#primaryimage"},"image":{"@id":"https:\/\/www.maxima-dia.com\/es\/maquinas-de-perforacion-para-la-construccion\/caromax-1800-asp\/#primaryimage"},"thumbnailUrl":"https:\/\/www.maxima-dia.com\/wp-content\/uploads\/2017\/02\/caromax-1800-asp.jpg","datePublished":"2017-03-09T11:04:04+00:00","dateModified":"2024-07-19T06:37:44+00:00","breadcrumb":{"@id":"https:\/\/www.maxima-dia.com\/es\/maquinas-de-perforacion-para-la-construccion\/caromax-1800-asp\/#breadcrumb"},"inLanguage":"es","potentialAction":[{"@type":"ReadAction","target":["https:\/\/www.maxima-dia.com\/es\/maquinas-de-perforacion-para-la-construccion\/caromax-1800-asp\/"]}]},{"@type":"ImageObject","inLanguage":"es","@id":"https:\/\/www.maxima-dia.com\/es\/maquinas-de-perforacion-para-la-construccion\/caromax-1800-asp\/#primaryimage","url":"https:\/\/www.maxima-dia.com\/wp-content\/uploads\/2017\/02\/caromax-1800-asp.jpg","contentUrl":"https:\/\/www.maxima-dia.com\/wp-content\/uploads\/2017\/02\/caromax-1800-asp.jpg","width":1200,"height":1200,"caption":"CAROMAX 1800 ASP"},{"@type":"BreadcrumbList","@id":"https:\/\/www.maxima-dia.com\/es\/maquinas-de-perforacion-para-la-construccion\/caromax-1800-asp\/#breadcrumb","itemListElement":[{"@type":"ListItem","position":1,"name":"Home","item":"https:\/\/www.maxima-dia.com\/es\/"},{"@type":"ListItem","position":2,"name":"M\u00e1quinas de Perforaci\u00f3n para la Construcci\u00f3n","item":"https:\/\/www.maxima-dia.com\/es\/maquinas-de-perforacion-para-la-construccion\/"},{"@type":"ListItem","position":3,"name":"Caromax 1800 Asp"}]},{"@type":"WebSite","@id":"https:\/\/www.maxima-dia.com\/es\/#website","url":"https:\/\/www.maxima-dia.com\/es\/","name":"Maxima SpA","description":"Only for the real professionals","potentialAction":[{"@type":"SearchAction","target":{"@type":"EntryPoint","urlTemplate":"https:\/\/www.maxima-dia.com\/es\/?s={search_term_string}"},"query-input":{"@type":"PropertyValueSpecification","valueRequired":true,"valueName":"search_term_string"}}],"inLanguage":"es"}]}},"_links":{"self":[{"href":"https:\/\/www.maxima-dia.com\/es\/wp-json\/wp\/v2\/pages\/15221"}],"collection":[{"href":"https:\/\/www.maxima-dia.com\/es\/wp-json\/wp\/v2\/pages"}],"about":[{"href":"https:\/\/www.maxima-dia.com\/es\/wp-json\/wp\/v2\/types\/page"}],"author":[{"embeddable":true,"href":"https:\/\/www.maxima-dia.com\/es\/wp-json\/wp\/v2\/users\/29"}],"replies":[{"embeddable":true,"href":"https:\/\/www.maxima-dia.com\/es\/wp-json\/wp\/v2\/comments?post=15221"}],"version-history":[{"count":1,"href":"https:\/\/www.maxima-dia.com\/es\/wp-json\/wp\/v2\/pages\/15221\/revisions"}],"predecessor-version":[{"id":43893,"href":"https:\/\/www.maxima-dia.com\/es\/wp-json\/wp\/v2\/pages\/15221\/revisions\/43893"}],"up":[{"embeddable":true,"href":"https:\/\/www.maxima-dia.com\/es\/wp-json\/wp\/v2\/pages\/12467"}],"wp:featuredmedia":[{"embeddable":true,"href":"https:\/\/www.maxima-dia.com\/es\/wp-json\/wp\/v2\/media\/13718"}],"wp:attachment":[{"href":"https:\/\/www.maxima-dia.com\/es\/wp-json\/wp\/v2\/media?parent=15221"}],"curies":[{"name":"wp","href":"https:\/\/api.w.org\/{rel}","templated":true}]}}