{"id":17256,"date":"2017-04-10T11:14:41","date_gmt":"2017-04-10T09:14:41","guid":{"rendered":"http:\/\/www.maxima-dia.com\/?page_id=17256\/"},"modified":"2021-07-29T10:13:38","modified_gmt":"2021-07-29T08:13:38","slug":"caromax-1600-agua","status":"publish","type":"page","link":"https:\/\/www.maxima-dia.com\/es\/maquinas-de-perforacion-para-la-construccion\/caromax-1600-agua\/","title":{"rendered":"Caromax 1600 con agua"},"content":{"rendered":"<div class=\"wpb-content-wrapper\"><p>[vc_row][vc_column text_align=\u00bbcenter\u00bb width=\u00bb1\/4&#8243;][vc_column_text]<a href=\"\/wp-content\/uploads\/2017\/02\/caromax-1600-acqua.jpg\"><img loading=\"lazy\" decoding=\"async\" class=\"alignnone size-thumbnail wp-image-13709\" src=\"\/wp-content\/uploads\/2017\/02\/caromax-1600-acqua-150x150.jpg\" alt=\"CAROMAX 1660 ACQUA\" width=\"150\" height=\"150\" srcset=\"https:\/\/www.maxima-dia.com\/wp-content\/uploads\/2017\/02\/caromax-1600-acqua-150x150.jpg 150w, https:\/\/www.maxima-dia.com\/wp-content\/uploads\/2017\/02\/caromax-1600-acqua-300x300.jpg 300w, https:\/\/www.maxima-dia.com\/wp-content\/uploads\/2017\/02\/caromax-1600-acqua-768x768.jpg 768w, https:\/\/www.maxima-dia.com\/wp-content\/uploads\/2017\/02\/caromax-1600-acqua-1024x1024.jpg 1024w, https:\/\/www.maxima-dia.com\/wp-content\/uploads\/2017\/02\/caromax-1600-acqua-80x80.jpg 80w, https:\/\/www.maxima-dia.com\/wp-content\/uploads\/2017\/02\/caromax-1600-acqua-500x500.jpg 500w, https:\/\/www.maxima-dia.com\/wp-content\/uploads\/2017\/02\/caromax-1600-acqua-1000x1000.jpg 1000w, https:\/\/www.maxima-dia.com\/wp-content\/uploads\/2017\/02\/caromax-1600-acqua.jpg 1200w\" sizes=\"(max-width: 150px) 100vw, 150px\" \/><\/a><\/p>\n<p>made in EU&nbsp;<img loading=\"lazy\" decoding=\"async\" src=\"\/wp-content\/uploads\/2013\/11\/eu.png\" alt=\"eu\" width=\"24\" height=\"16\"> &#8211; certificata <span style=\"font-family: arial,helvetica,sans-serif;\">CE<\/span>[\/vc_column_text][vc_column_text css_animation=\u00bbslideInDown\u00bb el_class=\u00bbhidebuybutton\u00bb]<a href=\"https:\/\/www.storemaxima.com\/es\/maquinas-de-perforacion-para-la-construccion\/167-caromax-1600-a-agua.html\" target=\"_blank\" rel=\"noopener\"><img loading=\"lazy\" decoding=\"async\" class=\"alignnone\" title=\"Comprar en www.storemaxima.com\" src=\"https:\/\/www.maxima-dia.com\/wp-content\/uploads\/2019\/12\/pulsante-acquista-storemaxima.com-es.svg\" alt=\"Comprar en www.storemaxima.com\" width=\"180\" height=\"80\"><\/a>[\/vc_column_text][\/vc_column][vc_column width=\u00bb3\/4&#8243;][vc_column_text]La <strong>CAROMAX 1600 CON AGUA<\/strong> es la herramienta el\u00e9ctrica adecuada para la perforaci\u00f3n espec\u00edfica en el anclaje. La alta velocidad de rotaci\u00f3n (9500 rpm sin carga y 6500 rpm con carga) y el excelente equilibrio entre el peso y el par del motor hacen de la <strong>CAROMAX 1600<\/strong> una m\u00e1quina resistente y precisa con una velocidad de penetraci\u00f3n incomparable. Ideal para perforar desde el di\u00e1metro 10 hasta el 32, tambi\u00e9n es id\u00f3nea para perforaciones t\u00edpicas del mundo de los anclajes qu\u00edmicos y estructurales, sin vibraciones, y se puede usar bajo condiciones extremas, pudiendo cortar f\u00e1cilmente incluso hormig\u00f3n muy armado y piedras, adem\u00e1s de los materiales de construcci\u00f3n tradicionales.<\/p>\n<table class=\"tabellafotocarotaggio\" style=\"width: 100%;\">\n<tbody>\n<tr>\n<td style=\"width: 33%; text-align: center;\"><a href=\"\/wp-content\/uploads\/2017\/02\/caromax-1600-acqua-prcd.jpg\"><img loading=\"lazy\" decoding=\"async\" class=\"alignnone wp-image-13707 size-thumbnail\" src=\"\/wp-content\/uploads\/2017\/02\/caromax-1600-acqua-prcd-150x150.jpg\" width=\"150\" height=\"150\" srcset=\"https:\/\/www.maxima-dia.com\/wp-content\/uploads\/2017\/02\/caromax-1600-acqua-prcd-150x150.jpg 150w, https:\/\/www.maxima-dia.com\/wp-content\/uploads\/2017\/02\/caromax-1600-acqua-prcd-80x80.jpg 80w, https:\/\/www.maxima-dia.com\/wp-content\/uploads\/2017\/02\/caromax-1600-acqua-prcd-500x500.jpg 500w\" sizes=\"(max-width: 150px) 100vw, 150px\" \/><\/a><\/td>\n<td style=\"width: 33%; text-align: center;\"><a href=\"\/wp-content\/uploads\/2017\/02\/caromax-1600-acqua-spirit-level.jpg\"><img loading=\"lazy\" decoding=\"async\" class=\"alignnone wp-image-13708 size-thumbnail\" src=\"\/wp-content\/uploads\/2017\/02\/caromax-1600-acqua-spirit-level-150x150.jpg\" width=\"150\" height=\"150\" srcset=\"https:\/\/www.maxima-dia.com\/wp-content\/uploads\/2017\/02\/caromax-1600-acqua-spirit-level-150x150.jpg 150w, https:\/\/www.maxima-dia.com\/wp-content\/uploads\/2017\/02\/caromax-1600-acqua-spirit-level-80x80.jpg 80w, https:\/\/www.maxima-dia.com\/wp-content\/uploads\/2017\/02\/caromax-1600-acqua-spirit-level-500x500.jpg 500w, https:\/\/www.maxima-dia.com\/wp-content\/uploads\/2017\/02\/caromax-1600-acqua-spirit-level-1000x1000.jpg 1000w\" sizes=\"(max-width: 150px) 100vw, 150px\" \/><\/a>&nbsp;<\/td>\n<td style=\"width: 33%; text-align: center;\"><a href=\"\/wp-content\/uploads\/2017\/02\/caromax-1600-acqua-connection.jpg\"><img loading=\"lazy\" decoding=\"async\" class=\"alignnone wp-image-13706 size-thumbnail\" src=\"\/wp-content\/uploads\/2017\/02\/caromax-1600-acqua-connection-150x150.jpg\" width=\"150\" height=\"150\" srcset=\"https:\/\/www.maxima-dia.com\/wp-content\/uploads\/2017\/02\/caromax-1600-acqua-connection-150x150.jpg 150w, https:\/\/www.maxima-dia.com\/wp-content\/uploads\/2017\/02\/caromax-1600-acqua-connection-300x300.jpg 300w, https:\/\/www.maxima-dia.com\/wp-content\/uploads\/2017\/02\/caromax-1600-acqua-connection-768x770.jpg 768w, https:\/\/www.maxima-dia.com\/wp-content\/uploads\/2017\/02\/caromax-1600-acqua-connection-1021x1024.jpg 1021w, https:\/\/www.maxima-dia.com\/wp-content\/uploads\/2017\/02\/caromax-1600-acqua-connection-80x80.jpg 80w, https:\/\/www.maxima-dia.com\/wp-content\/uploads\/2017\/02\/caromax-1600-acqua-connection-500x500.jpg 500w, https:\/\/www.maxima-dia.com\/wp-content\/uploads\/2017\/02\/caromax-1600-acqua-connection-1000x1000.jpg 1000w, https:\/\/www.maxima-dia.com\/wp-content\/uploads\/2017\/02\/caromax-1600-acqua-connection.jpg 1200w\" sizes=\"(max-width: 150px) 100vw, 150px\" \/><\/a>&nbsp;<\/td>\n<\/tr>\n<\/tbody>\n<\/table>\n<p>&nbsp;<\/p>\n<table class=\"tabellatecnica\" style=\"width: 100%;\" border=\"0\" cellspacing=\"0\" cellpadding=\"0\">\n<thead>\n<tr>\n<td class=\"testata\" colspan=\"2\">CARACTER\u00cdSTICAS T\u00c9CNICAS<\/td>\n<\/tr>\n<\/thead>\n<tbody>\n<tr>\n<td class=\"coltesto1\" style=\"width: 50%;\">Potencia absorbida: 1600&nbsp;W &#8211; 230&nbsp;V<\/td>\n<td class=\"coltesto2\" style=\"width: 50%;\">Velocidad en vac\u00edo: 9500 rpm<\/td>\n<\/tr>\n<tr>\n<td class=\"coltesto1\" style=\"width: 50%;\">Par: 1,6&nbsp;Nm<\/td>\n<td class=\"coltesto1\" style=\"width: 50%;\">Perforaci\u00f3n: 10 &#8211; 32 mm<\/td>\n<\/tr>\n<tr>\n<td class=\"coltesto2\" style=\"width: 50%;\">Di\u00e1metro m\u00e1x. de perforaci\u00f3n con columna: 60&nbsp;mm<\/td>\n<td class=\"coltesto2\" style=\"width: 50%;\">Interruptor PRCD integrado<\/td>\n<\/tr>\n<tr>\n<td class=\"coltesto2\" style=\"width: 50%;\">Di\u00e1metro m\u00e1x. de perforaci\u00f3n a mano: 32&nbsp;mm<\/td>\n<td class=\"coltesto2\" style=\"width: 50%;\">Cantidad de agua: 0,3\/0,5 l\/min \u2013<\/td>\n<\/tr>\n<tr>\n<td class=\"coltesto2\" style=\"width: 50%;\">Embrague electr\u00f3nico<\/td>\n<td class=\"coltesto2\" style=\"width: 50%;\">Suministrado con: malet\u00edn para perforadora y accesorios<\/td>\n<\/tr>\n<tr>\n<td class=\"coltesto2\" style=\"width: 50%;\">Conexi\u00f3n: 1\/2 Gas y 1\u201d1\/4<\/td>\n<td class=\"coltesto2\" style=\"width: 50%;\">Peso: 6 kg<\/td>\n<\/tr>\n<\/tbody>\n<\/table>\n<div id=\"gtx-trans\" style=\"position: absolute; left: 911px; top: 481px;\">\n<div class=\"gtx-trans-icon\">&nbsp;<\/div>\n<\/div>\n<p>[\/vc_column_text][\/vc_column][\/vc_row]<\/p>\n<\/div>","protected":false},"excerpt":{"rendered":"<p>[vc_row][vc_column text_align=\u00bbcenter\u00bb width=\u00bb1\/4&#8243;][vc_column_text] made in EU&nbsp; &#8211; certificata CE[\/vc_column_text][vc_column_text css_animation=\u00bbslideInDown\u00bb el_class=\u00bbhidebuybutton\u00bb][\/vc_column_text][\/vc_column][vc_column width=\u00bb3\/4&#8243;][vc_column_text]La CAROMAX 1600 CON AGUA es la herramienta el\u00e9ctrica adecuada para la perforaci\u00f3n espec\u00edfica en el anclaje. La alta velocidad de rotaci\u00f3n (9500 rpm sin carga y 6500 rpm con carga) y el excelente equilibrio entre el peso y el par del motor hacen de la CAROMAX 1600 una m\u00e1quina resistente y precisa con una velocidad de penetraci\u00f3n incomparable. Ideal para perforar desde el di\u00e1metro 10 hasta el 32, tambi\u00e9n es id\u00f3nea para perforaciones t\u00edpicas del mundo de los anclajes qu\u00edmicos y estructurales, sin vibraciones, y se puede usar bajo condiciones extremas, pudiendo cortar f\u00e1cilmente incluso hormig\u00f3n muy armado y piedras, adem\u00e1s de los materiales de construcci\u00f3n tradicionales. &nbsp; &nbsp; &nbsp; CARACTER\u00cdSTICAS T\u00c9CNICAS Potencia absorbida: 1600&nbsp;W &#8211; 230&nbsp;V Velocidad en vac\u00edo: 9500 rpm Par: 1,6&nbsp;Nm Perforaci\u00f3n: 10 &#8211; 32 mm Di\u00e1metro m\u00e1x. de perforaci\u00f3n con columna: 60&nbsp;mm Interruptor PRCD integrado Di\u00e1metro m\u00e1x. de perforaci\u00f3n a mano: 32&nbsp;mm Cantidad de agua: 0,3\/0,5 l\/min \u2013 Embrague electr\u00f3nico Suministrado con: malet\u00edn para perforadora y accesorios Conexi\u00f3n: 1\/2 Gas y 1\u201d1\/4 Peso: 6 kg &nbsp; [\/vc_column_text][\/vc_column][\/vc_row]<\/p>\n","protected":false},"author":29,"featured_media":21534,"parent":12467,"menu_order":2,"comment_status":"closed","ping_status":"closed","template":"","meta":{"ngg_post_thumbnail":0,"_joinchat":[],"footnotes":""},"class_list":["post-17256","page","type-page","status-publish","has-post-thumbnail","hentry"],"yoast_head":"<!-- This site is optimized with the Yoast SEO plugin v25.5 - https:\/\/yoast.com\/wordpress\/plugins\/seo\/ -->\n<title>Caromax 1600 con agua - Maxima SpA<\/title>\n<meta name=\"robots\" content=\"index, follow, max-snippet:-1, max-image-preview:large, max-video-preview:-1\" \/>\n<link rel=\"canonical\" href=\"https:\/\/www.maxima-dia.com\/es\/maquinas-de-perforacion-para-la-construccion\/caromax-1600-agua\/\" \/>\n<meta property=\"og:locale\" content=\"es_ES\" \/>\n<meta property=\"og:type\" content=\"article\" \/>\n<meta property=\"og:title\" content=\"Caromax 1600 con agua - Maxima SpA\" \/>\n<meta property=\"og:description\" content=\"[vc_row][vc_column text_align=\u00bbcenter\u00bb width=\u00bb1\/4&#8243;][vc_column_text] made in EU&nbsp; &#8211; certificata CE[\/vc_column_text][vc_column_text css_animation=\u00bbslideInDown\u00bb el_class=\u00bbhidebuybutton\u00bb][\/vc_column_text][\/vc_column][vc_column width=\u00bb3\/4&#8243;][vc_column_text]La CAROMAX 1600 CON AGUA es la herramienta el\u00e9ctrica adecuada para la perforaci\u00f3n espec\u00edfica en el anclaje. La alta velocidad de rotaci\u00f3n (9500 rpm sin carga y 6500 rpm con carga) y el excelente equilibrio entre el peso y el par del motor hacen de la CAROMAX 1600 una m\u00e1quina resistente y precisa con una velocidad de penetraci\u00f3n incomparable. Ideal para perforar desde el di\u00e1metro 10 hasta el 32, tambi\u00e9n es id\u00f3nea para perforaciones t\u00edpicas del mundo de los anclajes qu\u00edmicos y estructurales, sin vibraciones, y se puede usar bajo condiciones extremas, pudiendo cortar f\u00e1cilmente incluso hormig\u00f3n muy armado y piedras, adem\u00e1s de los materiales de construcci\u00f3n tradicionales. &nbsp; &nbsp; &nbsp; CARACTER\u00cdSTICAS T\u00c9CNICAS Potencia absorbida: 1600&nbsp;W &#8211; 230&nbsp;V Velocidad en vac\u00edo: 9500 rpm Par: 1,6&nbsp;Nm Perforaci\u00f3n: 10 &#8211; 32 mm Di\u00e1metro m\u00e1x. de perforaci\u00f3n con columna: 60&nbsp;mm Interruptor PRCD integrado Di\u00e1metro m\u00e1x. de perforaci\u00f3n a mano: 32&nbsp;mm Cantidad de agua: 0,3\/0,5 l\/min \u2013 Embrague electr\u00f3nico Suministrado con: malet\u00edn para perforadora y accesorios Conexi\u00f3n: 1\/2 Gas y 1\u201d1\/4 Peso: 6 kg &nbsp; [\/vc_column_text][\/vc_column][\/vc_row]\" \/>\n<meta property=\"og:url\" content=\"https:\/\/www.maxima-dia.com\/es\/maquinas-de-perforacion-para-la-construccion\/caromax-1600-agua\/\" \/>\n<meta property=\"og:site_name\" content=\"Maxima SpA\" \/>\n<meta property=\"article:publisher\" content=\"https:\/\/www.facebook.com\/Maxima-spa-106098566139597\" \/>\n<meta property=\"article:modified_time\" content=\"2021-07-29T08:13:38+00:00\" \/>\n<meta property=\"og:image\" content=\"https:\/\/www.maxima-dia.com\/wp-content\/uploads\/2017\/02\/caromax-1600-acqua.jpg\" \/>\n\t<meta property=\"og:image:width\" content=\"1200\" \/>\n\t<meta property=\"og:image:height\" content=\"1200\" \/>\n\t<meta property=\"og:image:type\" content=\"image\/jpeg\" \/>\n<meta name=\"twitter:card\" content=\"summary_large_image\" \/>\n<meta name=\"twitter:site\" content=\"@Maximadia\" \/>\n<meta name=\"twitter:label1\" content=\"Tiempo de lectura\" \/>\n\t<meta name=\"twitter:data1\" content=\"2 minutos\" \/>\n<script type=\"application\/ld+json\" class=\"yoast-schema-graph\">{\"@context\":\"https:\/\/schema.org\",\"@graph\":[{\"@type\":\"WebPage\",\"@id\":\"https:\/\/www.maxima-dia.com\/es\/maquinas-de-perforacion-para-la-construccion\/caromax-1600-agua\/\",\"url\":\"https:\/\/www.maxima-dia.com\/es\/maquinas-de-perforacion-para-la-construccion\/caromax-1600-agua\/\",\"name\":\"Caromax 1600 con agua - Maxima SpA\",\"isPartOf\":{\"@id\":\"https:\/\/www.maxima-dia.com\/es\/#website\"},\"primaryImageOfPage\":{\"@id\":\"https:\/\/www.maxima-dia.com\/es\/maquinas-de-perforacion-para-la-construccion\/caromax-1600-agua\/#primaryimage\"},\"image\":{\"@id\":\"https:\/\/www.maxima-dia.com\/es\/maquinas-de-perforacion-para-la-construccion\/caromax-1600-agua\/#primaryimage\"},\"thumbnailUrl\":\"https:\/\/www.maxima-dia.com\/wp-content\/uploads\/2017\/02\/caromax-1600-acqua.jpg\",\"datePublished\":\"2017-04-10T09:14:41+00:00\",\"dateModified\":\"2021-07-29T08:13:38+00:00\",\"breadcrumb\":{\"@id\":\"https:\/\/www.maxima-dia.com\/es\/maquinas-de-perforacion-para-la-construccion\/caromax-1600-agua\/#breadcrumb\"},\"inLanguage\":\"es\",\"potentialAction\":[{\"@type\":\"ReadAction\",\"target\":[\"https:\/\/www.maxima-dia.com\/es\/maquinas-de-perforacion-para-la-construccion\/caromax-1600-agua\/\"]}]},{\"@type\":\"ImageObject\",\"inLanguage\":\"es\",\"@id\":\"https:\/\/www.maxima-dia.com\/es\/maquinas-de-perforacion-para-la-construccion\/caromax-1600-agua\/#primaryimage\",\"url\":\"https:\/\/www.maxima-dia.com\/wp-content\/uploads\/2017\/02\/caromax-1600-acqua.jpg\",\"contentUrl\":\"https:\/\/www.maxima-dia.com\/wp-content\/uploads\/2017\/02\/caromax-1600-acqua.jpg\",\"width\":1200,\"height\":1200},{\"@type\":\"BreadcrumbList\",\"@id\":\"https:\/\/www.maxima-dia.com\/es\/maquinas-de-perforacion-para-la-construccion\/caromax-1600-agua\/#breadcrumb\",\"itemListElement\":[{\"@type\":\"ListItem\",\"position\":1,\"name\":\"Home\",\"item\":\"https:\/\/www.maxima-dia.com\/es\/\"},{\"@type\":\"ListItem\",\"position\":2,\"name\":\"M\u00e1quinas de Perforaci\u00f3n para la Construcci\u00f3n\",\"item\":\"https:\/\/www.maxima-dia.com\/es\/maquinas-de-perforacion-para-la-construccion\/\"},{\"@type\":\"ListItem\",\"position\":3,\"name\":\"Caromax 1600 con agua\"}]},{\"@type\":\"WebSite\",\"@id\":\"https:\/\/www.maxima-dia.com\/es\/#website\",\"url\":\"https:\/\/www.maxima-dia.com\/es\/\",\"name\":\"Maxima SpA\",\"description\":\"Only for the real professionals\",\"potentialAction\":[{\"@type\":\"SearchAction\",\"target\":{\"@type\":\"EntryPoint\",\"urlTemplate\":\"https:\/\/www.maxima-dia.com\/es\/?s={search_term_string}\"},\"query-input\":{\"@type\":\"PropertyValueSpecification\",\"valueRequired\":true,\"valueName\":\"search_term_string\"}}],\"inLanguage\":\"es\"}]}<\/script>\n<!-- \/ Yoast SEO plugin. -->","yoast_head_json":{"title":"Caromax 1600 con agua - Maxima SpA","robots":{"index":"index","follow":"follow","max-snippet":"max-snippet:-1","max-image-preview":"max-image-preview:large","max-video-preview":"max-video-preview:-1"},"canonical":"https:\/\/www.maxima-dia.com\/es\/maquinas-de-perforacion-para-la-construccion\/caromax-1600-agua\/","og_locale":"es_ES","og_type":"article","og_title":"Caromax 1600 con agua - Maxima SpA","og_description":"[vc_row][vc_column text_align=\u00bbcenter\u00bb width=\u00bb1\/4&#8243;][vc_column_text] made in EU&nbsp; &#8211; certificata CE[\/vc_column_text][vc_column_text css_animation=\u00bbslideInDown\u00bb el_class=\u00bbhidebuybutton\u00bb][\/vc_column_text][\/vc_column][vc_column width=\u00bb3\/4&#8243;][vc_column_text]La CAROMAX 1600 CON AGUA es la herramienta el\u00e9ctrica adecuada para la perforaci\u00f3n espec\u00edfica en el anclaje. La alta velocidad de rotaci\u00f3n (9500 rpm sin carga y 6500 rpm con carga) y el excelente equilibrio entre el peso y el par del motor hacen de la CAROMAX 1600 una m\u00e1quina resistente y precisa con una velocidad de penetraci\u00f3n incomparable. Ideal para perforar desde el di\u00e1metro 10 hasta el 32, tambi\u00e9n es id\u00f3nea para perforaciones t\u00edpicas del mundo de los anclajes qu\u00edmicos y estructurales, sin vibraciones, y se puede usar bajo condiciones extremas, pudiendo cortar f\u00e1cilmente incluso hormig\u00f3n muy armado y piedras, adem\u00e1s de los materiales de construcci\u00f3n tradicionales. &nbsp; &nbsp; &nbsp; CARACTER\u00cdSTICAS T\u00c9CNICAS Potencia absorbida: 1600&nbsp;W &#8211; 230&nbsp;V Velocidad en vac\u00edo: 9500 rpm Par: 1,6&nbsp;Nm Perforaci\u00f3n: 10 &#8211; 32 mm Di\u00e1metro m\u00e1x. de perforaci\u00f3n con columna: 60&nbsp;mm Interruptor PRCD integrado Di\u00e1metro m\u00e1x. de perforaci\u00f3n a mano: 32&nbsp;mm Cantidad de agua: 0,3\/0,5 l\/min \u2013 Embrague electr\u00f3nico Suministrado con: malet\u00edn para perforadora y accesorios Conexi\u00f3n: 1\/2 Gas y 1\u201d1\/4 Peso: 6 kg &nbsp; [\/vc_column_text][\/vc_column][\/vc_row]","og_url":"https:\/\/www.maxima-dia.com\/es\/maquinas-de-perforacion-para-la-construccion\/caromax-1600-agua\/","og_site_name":"Maxima SpA","article_publisher":"https:\/\/www.facebook.com\/Maxima-spa-106098566139597","article_modified_time":"2021-07-29T08:13:38+00:00","og_image":[{"width":1200,"height":1200,"url":"https:\/\/www.maxima-dia.com\/wp-content\/uploads\/2017\/02\/caromax-1600-acqua.jpg","type":"image\/jpeg"}],"twitter_card":"summary_large_image","twitter_site":"@Maximadia","twitter_misc":{"Tiempo de lectura":"2 minutos"},"schema":{"@context":"https:\/\/schema.org","@graph":[{"@type":"WebPage","@id":"https:\/\/www.maxima-dia.com\/es\/maquinas-de-perforacion-para-la-construccion\/caromax-1600-agua\/","url":"https:\/\/www.maxima-dia.com\/es\/maquinas-de-perforacion-para-la-construccion\/caromax-1600-agua\/","name":"Caromax 1600 con agua - Maxima SpA","isPartOf":{"@id":"https:\/\/www.maxima-dia.com\/es\/#website"},"primaryImageOfPage":{"@id":"https:\/\/www.maxima-dia.com\/es\/maquinas-de-perforacion-para-la-construccion\/caromax-1600-agua\/#primaryimage"},"image":{"@id":"https:\/\/www.maxima-dia.com\/es\/maquinas-de-perforacion-para-la-construccion\/caromax-1600-agua\/#primaryimage"},"thumbnailUrl":"https:\/\/www.maxima-dia.com\/wp-content\/uploads\/2017\/02\/caromax-1600-acqua.jpg","datePublished":"2017-04-10T09:14:41+00:00","dateModified":"2021-07-29T08:13:38+00:00","breadcrumb":{"@id":"https:\/\/www.maxima-dia.com\/es\/maquinas-de-perforacion-para-la-construccion\/caromax-1600-agua\/#breadcrumb"},"inLanguage":"es","potentialAction":[{"@type":"ReadAction","target":["https:\/\/www.maxima-dia.com\/es\/maquinas-de-perforacion-para-la-construccion\/caromax-1600-agua\/"]}]},{"@type":"ImageObject","inLanguage":"es","@id":"https:\/\/www.maxima-dia.com\/es\/maquinas-de-perforacion-para-la-construccion\/caromax-1600-agua\/#primaryimage","url":"https:\/\/www.maxima-dia.com\/wp-content\/uploads\/2017\/02\/caromax-1600-acqua.jpg","contentUrl":"https:\/\/www.maxima-dia.com\/wp-content\/uploads\/2017\/02\/caromax-1600-acqua.jpg","width":1200,"height":1200},{"@type":"BreadcrumbList","@id":"https:\/\/www.maxima-dia.com\/es\/maquinas-de-perforacion-para-la-construccion\/caromax-1600-agua\/#breadcrumb","itemListElement":[{"@type":"ListItem","position":1,"name":"Home","item":"https:\/\/www.maxima-dia.com\/es\/"},{"@type":"ListItem","position":2,"name":"M\u00e1quinas de Perforaci\u00f3n para la Construcci\u00f3n","item":"https:\/\/www.maxima-dia.com\/es\/maquinas-de-perforacion-para-la-construccion\/"},{"@type":"ListItem","position":3,"name":"Caromax 1600 con agua"}]},{"@type":"WebSite","@id":"https:\/\/www.maxima-dia.com\/es\/#website","url":"https:\/\/www.maxima-dia.com\/es\/","name":"Maxima SpA","description":"Only for the real professionals","potentialAction":[{"@type":"SearchAction","target":{"@type":"EntryPoint","urlTemplate":"https:\/\/www.maxima-dia.com\/es\/?s={search_term_string}"},"query-input":{"@type":"PropertyValueSpecification","valueRequired":true,"valueName":"search_term_string"}}],"inLanguage":"es"}]}},"_links":{"self":[{"href":"https:\/\/www.maxima-dia.com\/es\/wp-json\/wp\/v2\/pages\/17256"}],"collection":[{"href":"https:\/\/www.maxima-dia.com\/es\/wp-json\/wp\/v2\/pages"}],"about":[{"href":"https:\/\/www.maxima-dia.com\/es\/wp-json\/wp\/v2\/types\/page"}],"author":[{"embeddable":true,"href":"https:\/\/www.maxima-dia.com\/es\/wp-json\/wp\/v2\/users\/29"}],"replies":[{"embeddable":true,"href":"https:\/\/www.maxima-dia.com\/es\/wp-json\/wp\/v2\/comments?post=17256"}],"version-history":[{"count":0,"href":"https:\/\/www.maxima-dia.com\/es\/wp-json\/wp\/v2\/pages\/17256\/revisions"}],"up":[{"embeddable":true,"href":"https:\/\/www.maxima-dia.com\/es\/wp-json\/wp\/v2\/pages\/12467"}],"wp:featuredmedia":[{"embeddable":true,"href":"https:\/\/www.maxima-dia.com\/es\/wp-json\/wp\/v2\/media\/21534"}],"wp:attachment":[{"href":"https:\/\/www.maxima-dia.com\/es\/wp-json\/wp\/v2\/media?parent=17256"}],"curies":[{"name":"wp","href":"https:\/\/api.w.org\/{rel}","templated":true}]}}