{"id":17258,"date":"2017-04-10T11:22:35","date_gmt":"2017-04-10T09:22:35","guid":{"rendered":"http:\/\/www.maxima-dia.com\/?page_id=17258\/"},"modified":"2021-07-30T09:15:01","modified_gmt":"2021-07-30T07:15:01","slug":"caromax-2000-agua","status":"publish","type":"page","link":"https:\/\/www.maxima-dia.com\/es\/maquinas-de-perforacion-para-la-construccion\/caromax-2000-agua\/","title":{"rendered":"Caromax 2000 con agua"},"content":{"rendered":"<div class=\"wpb-content-wrapper\"><p>[vc_row][vc_column text_align=\u00bbcenter\u00bb width=\u00bb1\/4&#8243;][vc_column_text]<a href=\"https:\/\/www.maxima-dia.com\/wp-content\/uploads\/2021\/07\/CAROMAX2000.jpg\"><img loading=\"lazy\" decoding=\"async\" class=\"alignnone wp-image-29878 size-thumbnail\" src=\"https:\/\/www.maxima-dia.com\/wp-content\/uploads\/2021\/07\/CAROMAX2000-150x150.jpg\" alt=\"CAROMAX 2000\" width=\"150\" height=\"150\" srcset=\"https:\/\/www.maxima-dia.com\/wp-content\/uploads\/2021\/07\/CAROMAX2000-150x150.jpg 150w, https:\/\/www.maxima-dia.com\/wp-content\/uploads\/2021\/07\/CAROMAX2000-300x300.jpg 300w, https:\/\/www.maxima-dia.com\/wp-content\/uploads\/2021\/07\/CAROMAX2000-1024x1024.jpg 1024w, https:\/\/www.maxima-dia.com\/wp-content\/uploads\/2021\/07\/CAROMAX2000-768x768.jpg 768w, https:\/\/www.maxima-dia.com\/wp-content\/uploads\/2021\/07\/CAROMAX2000-1536x1536.jpg 1536w, https:\/\/www.maxima-dia.com\/wp-content\/uploads\/2021\/07\/CAROMAX2000-80x80.jpg 80w, https:\/\/www.maxima-dia.com\/wp-content\/uploads\/2021\/07\/CAROMAX2000-500x500.jpg 500w, https:\/\/www.maxima-dia.com\/wp-content\/uploads\/2021\/07\/CAROMAX2000-1000x1000.jpg 1000w, https:\/\/www.maxima-dia.com\/wp-content\/uploads\/2021\/07\/CAROMAX2000.jpg 1700w\" sizes=\"(max-width: 150px) 100vw, 150px\" \/><\/a><\/p>\n<p>made in EU&nbsp;<img loading=\"lazy\" decoding=\"async\" src=\"\/wp-content\/uploads\/2013\/11\/eu.png\" alt=\"eu\" width=\"24\" height=\"16\"> &#8211; certificata <span style=\"font-family: arial,helvetica,sans-serif;\">CE<\/span>[\/vc_column_text][vc_column_text css_animation=\u00bbslideInDown\u00bb el_class=\u00bbhidebuybutton\u00bb]<a href=\"https:\/\/www.storemaxima.com\/es\/maquinas-de-perforacion-para-la-construccion\/211-caromax-2000-ad-acqua.html\" target=\"_blank\" rel=\"noopener\"><img loading=\"lazy\" decoding=\"async\" class=\"alignnone\" title=\"Comprar en www.storemaxima.com\" src=\"https:\/\/www.maxima-dia.com\/wp-content\/uploads\/2019\/12\/pulsante-acquista-storemaxima.com-es.svg\" alt=\"Comprar en www.storemaxima.com\" width=\"180\" height=\"80\"><\/a>[\/vc_column_text][\/vc_column][vc_column width=\u00bb3\/4&#8243;][vc_column_text]La <strong>Caromax 2000 con agua<\/strong> es una perforadora que hace de su capacidad de adaptaci\u00f3n, su punto fuerte. Se trata de una potente perforadora con agua que, gracias a su carcasa met\u00e1lica, a la potencia de 2000 vatios, a la conexi\u00f3n doble 1\/2 gas y 1\u201d1\/4 y a su predisposici\u00f3n para el montaje en columna, es la m\u00e1quina ideal para quienes buscan potencia, resistencia y agilidad. Gracias a su mango especial con forma de \u00abpistola\u00bb, que el usuario puede orientar a su antojo hacia la derecha o hacia la izquierda, y a su dise\u00f1o especialmente compacto y ergon\u00f3mico, permiten trabajar incluso en espacios reducidos.<\/p>\n<table class=\"tabellafotocarotaggio\" style=\"width: 100%;\">\n<tbody>\n<tr>\n<td style=\"text-align: center; width: 25%;\"><a href=\"https:\/\/www.maxima-dia.com\/wp-content\/uploads\/2021\/07\/CAROMAX2000-3-1.jpg\"><img loading=\"lazy\" decoding=\"async\" class=\"alignnone size-thumbnail wp-image-29879\" src=\"https:\/\/www.maxima-dia.com\/wp-content\/uploads\/2021\/07\/CAROMAX2000-3-1-150x150.jpg\" alt=\"CAROMAX 2000\" width=\"150\" height=\"150\" srcset=\"https:\/\/www.maxima-dia.com\/wp-content\/uploads\/2021\/07\/CAROMAX2000-3-1-150x150.jpg 150w, https:\/\/www.maxima-dia.com\/wp-content\/uploads\/2021\/07\/CAROMAX2000-3-1-300x300.jpg 300w, https:\/\/www.maxima-dia.com\/wp-content\/uploads\/2021\/07\/CAROMAX2000-3-1-1024x1024.jpg 1024w, https:\/\/www.maxima-dia.com\/wp-content\/uploads\/2021\/07\/CAROMAX2000-3-1-768x768.jpg 768w, https:\/\/www.maxima-dia.com\/wp-content\/uploads\/2021\/07\/CAROMAX2000-3-1-1536x1536.jpg 1536w, https:\/\/www.maxima-dia.com\/wp-content\/uploads\/2021\/07\/CAROMAX2000-3-1-80x80.jpg 80w, https:\/\/www.maxima-dia.com\/wp-content\/uploads\/2021\/07\/CAROMAX2000-3-1-500x500.jpg 500w, https:\/\/www.maxima-dia.com\/wp-content\/uploads\/2021\/07\/CAROMAX2000-3-1-1000x1000.jpg 1000w, https:\/\/www.maxima-dia.com\/wp-content\/uploads\/2021\/07\/CAROMAX2000-3-1.jpg 1699w\" sizes=\"(max-width: 150px) 100vw, 150px\" \/><\/a><\/td>\n<td style=\"text-align: center; width: 25%;\"><a href=\"\/wp-content\/uploads\/2017\/02\/caromax-1600-acqua-prcd.jpg\"><img loading=\"lazy\" decoding=\"async\" class=\"alignnone wp-image-13707 size-thumbnail\" src=\"\/wp-content\/uploads\/2017\/02\/caromax-1600-acqua-prcd-150x150.jpg\" width=\"150\" height=\"150\" srcset=\"https:\/\/www.maxima-dia.com\/wp-content\/uploads\/2017\/02\/caromax-1600-acqua-prcd-150x150.jpg 150w, https:\/\/www.maxima-dia.com\/wp-content\/uploads\/2017\/02\/caromax-1600-acqua-prcd-80x80.jpg 80w, https:\/\/www.maxima-dia.com\/wp-content\/uploads\/2017\/02\/caromax-1600-acqua-prcd-500x500.jpg 500w\" sizes=\"(max-width: 150px) 100vw, 150px\" \/><\/a><\/td>\n<td style=\"text-align: center; width: 25%;\"><a href=\"\/wp-content\/uploads\/2017\/02\/caromax-1600-acqua-spirit-level.jpg\"><img loading=\"lazy\" decoding=\"async\" class=\"alignnone wp-image-13708 size-thumbnail\" src=\"\/wp-content\/uploads\/2017\/02\/caromax-1600-acqua-spirit-level-150x150.jpg\" width=\"150\" height=\"150\" srcset=\"https:\/\/www.maxima-dia.com\/wp-content\/uploads\/2017\/02\/caromax-1600-acqua-spirit-level-150x150.jpg 150w, https:\/\/www.maxima-dia.com\/wp-content\/uploads\/2017\/02\/caromax-1600-acqua-spirit-level-80x80.jpg 80w, https:\/\/www.maxima-dia.com\/wp-content\/uploads\/2017\/02\/caromax-1600-acqua-spirit-level-500x500.jpg 500w, https:\/\/www.maxima-dia.com\/wp-content\/uploads\/2017\/02\/caromax-1600-acqua-spirit-level-1000x1000.jpg 1000w\" sizes=\"(max-width: 150px) 100vw, 150px\" \/><\/a>&nbsp;<\/td>\n<td style=\"text-align: center; width: 25%;\"><a href=\"\/wp-content\/uploads\/2017\/02\/caromax-1600-acqua-connection.jpg\"><img loading=\"lazy\" decoding=\"async\" class=\"alignnone wp-image-13706 size-thumbnail\" src=\"\/wp-content\/uploads\/2017\/02\/caromax-1600-acqua-connection-150x150.jpg\" width=\"150\" height=\"150\" srcset=\"https:\/\/www.maxima-dia.com\/wp-content\/uploads\/2017\/02\/caromax-1600-acqua-connection-150x150.jpg 150w, https:\/\/www.maxima-dia.com\/wp-content\/uploads\/2017\/02\/caromax-1600-acqua-connection-300x300.jpg 300w, https:\/\/www.maxima-dia.com\/wp-content\/uploads\/2017\/02\/caromax-1600-acqua-connection-768x770.jpg 768w, https:\/\/www.maxima-dia.com\/wp-content\/uploads\/2017\/02\/caromax-1600-acqua-connection-1021x1024.jpg 1021w, https:\/\/www.maxima-dia.com\/wp-content\/uploads\/2017\/02\/caromax-1600-acqua-connection-80x80.jpg 80w, https:\/\/www.maxima-dia.com\/wp-content\/uploads\/2017\/02\/caromax-1600-acqua-connection-500x500.jpg 500w, https:\/\/www.maxima-dia.com\/wp-content\/uploads\/2017\/02\/caromax-1600-acqua-connection-1000x1000.jpg 1000w, https:\/\/www.maxima-dia.com\/wp-content\/uploads\/2017\/02\/caromax-1600-acqua-connection.jpg 1200w\" sizes=\"(max-width: 150px) 100vw, 150px\" \/><\/a>&nbsp;<\/td>\n<\/tr>\n<\/tbody>\n<\/table>\n<p>&nbsp;<\/p>\n<table class=\"tabellatecnica\" style=\"width: 100%; height: 168px;\" border=\"0\" cellspacing=\"0\" cellpadding=\"0\">\n<thead>\n<tr style=\"height: 24px;\">\n<td class=\"testata\" style=\"height: 24px;\" colspan=\"2\">CARACTER\u00cdSTICAS T\u00c9CNICAS<\/td>\n<\/tr>\n<\/thead>\n<tbody>\n<tr style=\"height: 24px;\">\n<td class=\"coltesto1\" style=\"width: 50%; height: 24px;\">Potencia absorbida: 2000 W &#8211; 230 V<\/td>\n<td class=\"coltesto2\" style=\"width: 50%; height: 24px;\">3 velocidades en vac\u00edo:<\/td>\n<\/tr>\n<tr style=\"height: 24px;\">\n<td class=\"coltesto1\" style=\"width: 50%; height: 24px;\">Di\u00e1metro m\u00e1x. de perforaci\u00f3n en columna: 200 mm<\/td>\n<td class=\"coltesto1\" style=\"width: 50%; height: 72px;\" rowspan=\"3\">1- 900 rpm Capacidad de perforaci\u00f3n: 90 &#8211; 200 mm<br \/>\n2- 1900 rpm Capacidad de perforaci\u00f3n: 40 &#8211; 70 mm<br \/>\n3 &#8211; 3900 rpm Capacidad de perforaci\u00f3n: 20 &#8211; 35 mm<\/td>\n<\/tr>\n<tr style=\"height: 24px;\">\n<td class=\"coltesto1\" style=\"width: 50%; height: 24px;\">Di\u00e1metro m\u00e1x. de perforaci\u00f3n manual: 160 mm<\/td>\n<\/tr>\n<tr style=\"height: 24px;\">\n<td class=\"coltesto2\" style=\"width: 50%; height: 24px;\">Conexi\u00f3n: 1\/2 Gas y 1\u201d1\/4<\/td>\n<\/tr>\n<tr style=\"height: 24px;\">\n<td class=\"coltesto2\" style=\"width: 50%; height: 24px;\">Interruptor PRCD integrado<\/td>\n<td class=\"coltesto2\" style=\"width: 50%; height: 24px;\">Suministrado con: malet\u00edn de taladro de n\u00facleo y accesorios<\/td>\n<\/tr>\n<tr style=\"height: 24px;\">\n<td style=\"width: 50%; height: 24px;\">Embrague electr\u00f3nico \u00abIntellitronic\u00bb<\/td>\n<td style=\"width: 50%; height: 24px;\">Peso: 5,9 kg<\/td>\n<\/tr>\n<\/tbody>\n<\/table>\n<div id=\"gtx-trans\" style=\"position: absolute; left: 716px; top: 505px;\">\n<div class=\"gtx-trans-icon\">&nbsp;<\/div>\n<\/div>\n<p>[\/vc_column_text][\/vc_column][\/vc_row]<\/p>\n<\/div>","protected":false},"excerpt":{"rendered":"<p>[vc_row][vc_column text_align=\u00bbcenter\u00bb width=\u00bb1\/4&#8243;][vc_column_text] made in EU&nbsp; &#8211; certificata CE[\/vc_column_text][vc_column_text css_animation=\u00bbslideInDown\u00bb el_class=\u00bbhidebuybutton\u00bb][\/vc_column_text][\/vc_column][vc_column width=\u00bb3\/4&#8243;][vc_column_text]La Caromax 2000 con agua es una perforadora que hace de su capacidad de adaptaci\u00f3n, su punto fuerte. Se trata de una potente perforadora con agua que, gracias a su carcasa met\u00e1lica, a la potencia de 2000 vatios, a la conexi\u00f3n doble 1\/2 gas y 1\u201d1\/4 y a su predisposici\u00f3n para el montaje en columna, es la m\u00e1quina ideal para quienes buscan potencia, resistencia y agilidad. Gracias a su mango especial con forma de \u00abpistola\u00bb, que el usuario puede orientar a su antojo hacia la derecha o hacia la izquierda, y a su dise\u00f1o especialmente compacto y ergon\u00f3mico, permiten trabajar incluso en espacios reducidos. &nbsp; &nbsp; &nbsp; CARACTER\u00cdSTICAS T\u00c9CNICAS Potencia absorbida: 2000 W &#8211; 230 V 3 velocidades en vac\u00edo: Di\u00e1metro m\u00e1x. de perforaci\u00f3n en columna: 200 mm 1- 900 rpm Capacidad de perforaci\u00f3n: 90 &#8211; 200 mm 2- 1900 rpm Capacidad de perforaci\u00f3n: 40 &#8211; 70 mm 3 &#8211; 3900 rpm Capacidad de perforaci\u00f3n: 20 &#8211; 35 mm Di\u00e1metro m\u00e1x. de perforaci\u00f3n manual: 160 mm Conexi\u00f3n: 1\/2 Gas y 1\u201d1\/4 Interruptor PRCD integrado Suministrado con: malet\u00edn de taladro de n\u00facleo y accesorios Embrague electr\u00f3nico \u00abIntellitronic\u00bb Peso: 5,9 kg [&hellip;]<\/p>\n","protected":false},"author":29,"featured_media":29878,"parent":12467,"menu_order":6,"comment_status":"closed","ping_status":"closed","template":"","meta":{"ngg_post_thumbnail":0,"_joinchat":[],"footnotes":""},"class_list":["post-17258","page","type-page","status-publish","has-post-thumbnail","hentry"],"yoast_head":"<!-- This site is optimized with the Yoast SEO plugin v25.5 - https:\/\/yoast.com\/wordpress\/plugins\/seo\/ -->\n<title>Caromax 2000 con agua - Maxima SpA<\/title>\n<meta name=\"robots\" content=\"index, follow, max-snippet:-1, max-image-preview:large, max-video-preview:-1\" \/>\n<link rel=\"canonical\" href=\"https:\/\/www.maxima-dia.com\/es\/maquinas-de-perforacion-para-la-construccion\/caromax-2000-agua\/\" \/>\n<meta property=\"og:locale\" content=\"es_ES\" \/>\n<meta property=\"og:type\" content=\"article\" \/>\n<meta property=\"og:title\" content=\"Caromax 2000 con agua - Maxima SpA\" \/>\n<meta property=\"og:description\" content=\"[vc_row][vc_column text_align=\u00bbcenter\u00bb width=\u00bb1\/4&#8243;][vc_column_text] made in EU&nbsp; &#8211; certificata CE[\/vc_column_text][vc_column_text css_animation=\u00bbslideInDown\u00bb el_class=\u00bbhidebuybutton\u00bb][\/vc_column_text][\/vc_column][vc_column width=\u00bb3\/4&#8243;][vc_column_text]La Caromax 2000 con agua es una perforadora que hace de su capacidad de adaptaci\u00f3n, su punto fuerte. Se trata de una potente perforadora con agua que, gracias a su carcasa met\u00e1lica, a la potencia de 2000 vatios, a la conexi\u00f3n doble 1\/2 gas y 1\u201d1\/4 y a su predisposici\u00f3n para el montaje en columna, es la m\u00e1quina ideal para quienes buscan potencia, resistencia y agilidad. Gracias a su mango especial con forma de \u00abpistola\u00bb, que el usuario puede orientar a su antojo hacia la derecha o hacia la izquierda, y a su dise\u00f1o especialmente compacto y ergon\u00f3mico, permiten trabajar incluso en espacios reducidos. &nbsp; &nbsp; &nbsp; CARACTER\u00cdSTICAS T\u00c9CNICAS Potencia absorbida: 2000 W &#8211; 230 V 3 velocidades en vac\u00edo: Di\u00e1metro m\u00e1x. de perforaci\u00f3n en columna: 200 mm 1- 900 rpm Capacidad de perforaci\u00f3n: 90 &#8211; 200 mm 2- 1900 rpm Capacidad de perforaci\u00f3n: 40 &#8211; 70 mm 3 &#8211; 3900 rpm Capacidad de perforaci\u00f3n: 20 &#8211; 35 mm Di\u00e1metro m\u00e1x. de perforaci\u00f3n manual: 160 mm Conexi\u00f3n: 1\/2 Gas y 1\u201d1\/4 Interruptor PRCD integrado Suministrado con: malet\u00edn de taladro de n\u00facleo y accesorios Embrague electr\u00f3nico \u00abIntellitronic\u00bb Peso: 5,9 kg [&hellip;]\" \/>\n<meta property=\"og:url\" content=\"https:\/\/www.maxima-dia.com\/es\/maquinas-de-perforacion-para-la-construccion\/caromax-2000-agua\/\" \/>\n<meta property=\"og:site_name\" content=\"Maxima SpA\" \/>\n<meta property=\"article:publisher\" content=\"https:\/\/www.facebook.com\/Maxima-spa-106098566139597\" \/>\n<meta property=\"article:modified_time\" content=\"2021-07-30T07:15:01+00:00\" \/>\n<meta property=\"og:image\" content=\"https:\/\/www.maxima-dia.com\/wp-content\/uploads\/2021\/07\/CAROMAX2000.jpg\" \/>\n\t<meta property=\"og:image:width\" content=\"1700\" \/>\n\t<meta property=\"og:image:height\" content=\"1700\" \/>\n\t<meta property=\"og:image:type\" content=\"image\/jpeg\" \/>\n<meta name=\"twitter:card\" content=\"summary_large_image\" \/>\n<meta name=\"twitter:site\" content=\"@Maximadia\" \/>\n<meta name=\"twitter:label1\" content=\"Tiempo de lectura\" \/>\n\t<meta name=\"twitter:data1\" content=\"3 minutos\" \/>\n<script type=\"application\/ld+json\" class=\"yoast-schema-graph\">{\"@context\":\"https:\/\/schema.org\",\"@graph\":[{\"@type\":\"WebPage\",\"@id\":\"https:\/\/www.maxima-dia.com\/es\/maquinas-de-perforacion-para-la-construccion\/caromax-2000-agua\/\",\"url\":\"https:\/\/www.maxima-dia.com\/es\/maquinas-de-perforacion-para-la-construccion\/caromax-2000-agua\/\",\"name\":\"Caromax 2000 con agua - Maxima SpA\",\"isPartOf\":{\"@id\":\"https:\/\/www.maxima-dia.com\/es\/#website\"},\"primaryImageOfPage\":{\"@id\":\"https:\/\/www.maxima-dia.com\/es\/maquinas-de-perforacion-para-la-construccion\/caromax-2000-agua\/#primaryimage\"},\"image\":{\"@id\":\"https:\/\/www.maxima-dia.com\/es\/maquinas-de-perforacion-para-la-construccion\/caromax-2000-agua\/#primaryimage\"},\"thumbnailUrl\":\"https:\/\/www.maxima-dia.com\/wp-content\/uploads\/2021\/07\/CAROMAX2000.jpg\",\"datePublished\":\"2017-04-10T09:22:35+00:00\",\"dateModified\":\"2021-07-30T07:15:01+00:00\",\"breadcrumb\":{\"@id\":\"https:\/\/www.maxima-dia.com\/es\/maquinas-de-perforacion-para-la-construccion\/caromax-2000-agua\/#breadcrumb\"},\"inLanguage\":\"es\",\"potentialAction\":[{\"@type\":\"ReadAction\",\"target\":[\"https:\/\/www.maxima-dia.com\/es\/maquinas-de-perforacion-para-la-construccion\/caromax-2000-agua\/\"]}]},{\"@type\":\"ImageObject\",\"inLanguage\":\"es\",\"@id\":\"https:\/\/www.maxima-dia.com\/es\/maquinas-de-perforacion-para-la-construccion\/caromax-2000-agua\/#primaryimage\",\"url\":\"https:\/\/www.maxima-dia.com\/wp-content\/uploads\/2021\/07\/CAROMAX2000.jpg\",\"contentUrl\":\"https:\/\/www.maxima-dia.com\/wp-content\/uploads\/2021\/07\/CAROMAX2000.jpg\",\"width\":1700,\"height\":1700,\"caption\":\"CAROMAX 2000\"},{\"@type\":\"BreadcrumbList\",\"@id\":\"https:\/\/www.maxima-dia.com\/es\/maquinas-de-perforacion-para-la-construccion\/caromax-2000-agua\/#breadcrumb\",\"itemListElement\":[{\"@type\":\"ListItem\",\"position\":1,\"name\":\"Home\",\"item\":\"https:\/\/www.maxima-dia.com\/es\/\"},{\"@type\":\"ListItem\",\"position\":2,\"name\":\"M\u00e1quinas de Perforaci\u00f3n para la Construcci\u00f3n\",\"item\":\"https:\/\/www.maxima-dia.com\/es\/maquinas-de-perforacion-para-la-construccion\/\"},{\"@type\":\"ListItem\",\"position\":3,\"name\":\"Caromax 2000 con agua\"}]},{\"@type\":\"WebSite\",\"@id\":\"https:\/\/www.maxima-dia.com\/es\/#website\",\"url\":\"https:\/\/www.maxima-dia.com\/es\/\",\"name\":\"Maxima SpA\",\"description\":\"Only for the real professionals\",\"potentialAction\":[{\"@type\":\"SearchAction\",\"target\":{\"@type\":\"EntryPoint\",\"urlTemplate\":\"https:\/\/www.maxima-dia.com\/es\/?s={search_term_string}\"},\"query-input\":{\"@type\":\"PropertyValueSpecification\",\"valueRequired\":true,\"valueName\":\"search_term_string\"}}],\"inLanguage\":\"es\"}]}<\/script>\n<!-- \/ Yoast SEO plugin. -->","yoast_head_json":{"title":"Caromax 2000 con agua - Maxima SpA","robots":{"index":"index","follow":"follow","max-snippet":"max-snippet:-1","max-image-preview":"max-image-preview:large","max-video-preview":"max-video-preview:-1"},"canonical":"https:\/\/www.maxima-dia.com\/es\/maquinas-de-perforacion-para-la-construccion\/caromax-2000-agua\/","og_locale":"es_ES","og_type":"article","og_title":"Caromax 2000 con agua - Maxima SpA","og_description":"[vc_row][vc_column text_align=\u00bbcenter\u00bb width=\u00bb1\/4&#8243;][vc_column_text] made in EU&nbsp; &#8211; certificata CE[\/vc_column_text][vc_column_text css_animation=\u00bbslideInDown\u00bb el_class=\u00bbhidebuybutton\u00bb][\/vc_column_text][\/vc_column][vc_column width=\u00bb3\/4&#8243;][vc_column_text]La Caromax 2000 con agua es una perforadora que hace de su capacidad de adaptaci\u00f3n, su punto fuerte. Se trata de una potente perforadora con agua que, gracias a su carcasa met\u00e1lica, a la potencia de 2000 vatios, a la conexi\u00f3n doble 1\/2 gas y 1\u201d1\/4 y a su predisposici\u00f3n para el montaje en columna, es la m\u00e1quina ideal para quienes buscan potencia, resistencia y agilidad. Gracias a su mango especial con forma de \u00abpistola\u00bb, que el usuario puede orientar a su antojo hacia la derecha o hacia la izquierda, y a su dise\u00f1o especialmente compacto y ergon\u00f3mico, permiten trabajar incluso en espacios reducidos. &nbsp; &nbsp; &nbsp; CARACTER\u00cdSTICAS T\u00c9CNICAS Potencia absorbida: 2000 W &#8211; 230 V 3 velocidades en vac\u00edo: Di\u00e1metro m\u00e1x. de perforaci\u00f3n en columna: 200 mm 1- 900 rpm Capacidad de perforaci\u00f3n: 90 &#8211; 200 mm 2- 1900 rpm Capacidad de perforaci\u00f3n: 40 &#8211; 70 mm 3 &#8211; 3900 rpm Capacidad de perforaci\u00f3n: 20 &#8211; 35 mm Di\u00e1metro m\u00e1x. de perforaci\u00f3n manual: 160 mm Conexi\u00f3n: 1\/2 Gas y 1\u201d1\/4 Interruptor PRCD integrado Suministrado con: malet\u00edn de taladro de n\u00facleo y accesorios Embrague electr\u00f3nico \u00abIntellitronic\u00bb Peso: 5,9 kg [&hellip;]","og_url":"https:\/\/www.maxima-dia.com\/es\/maquinas-de-perforacion-para-la-construccion\/caromax-2000-agua\/","og_site_name":"Maxima SpA","article_publisher":"https:\/\/www.facebook.com\/Maxima-spa-106098566139597","article_modified_time":"2021-07-30T07:15:01+00:00","og_image":[{"width":1700,"height":1700,"url":"https:\/\/www.maxima-dia.com\/wp-content\/uploads\/2021\/07\/CAROMAX2000.jpg","type":"image\/jpeg"}],"twitter_card":"summary_large_image","twitter_site":"@Maximadia","twitter_misc":{"Tiempo de lectura":"3 minutos"},"schema":{"@context":"https:\/\/schema.org","@graph":[{"@type":"WebPage","@id":"https:\/\/www.maxima-dia.com\/es\/maquinas-de-perforacion-para-la-construccion\/caromax-2000-agua\/","url":"https:\/\/www.maxima-dia.com\/es\/maquinas-de-perforacion-para-la-construccion\/caromax-2000-agua\/","name":"Caromax 2000 con agua - Maxima SpA","isPartOf":{"@id":"https:\/\/www.maxima-dia.com\/es\/#website"},"primaryImageOfPage":{"@id":"https:\/\/www.maxima-dia.com\/es\/maquinas-de-perforacion-para-la-construccion\/caromax-2000-agua\/#primaryimage"},"image":{"@id":"https:\/\/www.maxima-dia.com\/es\/maquinas-de-perforacion-para-la-construccion\/caromax-2000-agua\/#primaryimage"},"thumbnailUrl":"https:\/\/www.maxima-dia.com\/wp-content\/uploads\/2021\/07\/CAROMAX2000.jpg","datePublished":"2017-04-10T09:22:35+00:00","dateModified":"2021-07-30T07:15:01+00:00","breadcrumb":{"@id":"https:\/\/www.maxima-dia.com\/es\/maquinas-de-perforacion-para-la-construccion\/caromax-2000-agua\/#breadcrumb"},"inLanguage":"es","potentialAction":[{"@type":"ReadAction","target":["https:\/\/www.maxima-dia.com\/es\/maquinas-de-perforacion-para-la-construccion\/caromax-2000-agua\/"]}]},{"@type":"ImageObject","inLanguage":"es","@id":"https:\/\/www.maxima-dia.com\/es\/maquinas-de-perforacion-para-la-construccion\/caromax-2000-agua\/#primaryimage","url":"https:\/\/www.maxima-dia.com\/wp-content\/uploads\/2021\/07\/CAROMAX2000.jpg","contentUrl":"https:\/\/www.maxima-dia.com\/wp-content\/uploads\/2021\/07\/CAROMAX2000.jpg","width":1700,"height":1700,"caption":"CAROMAX 2000"},{"@type":"BreadcrumbList","@id":"https:\/\/www.maxima-dia.com\/es\/maquinas-de-perforacion-para-la-construccion\/caromax-2000-agua\/#breadcrumb","itemListElement":[{"@type":"ListItem","position":1,"name":"Home","item":"https:\/\/www.maxima-dia.com\/es\/"},{"@type":"ListItem","position":2,"name":"M\u00e1quinas de Perforaci\u00f3n para la Construcci\u00f3n","item":"https:\/\/www.maxima-dia.com\/es\/maquinas-de-perforacion-para-la-construccion\/"},{"@type":"ListItem","position":3,"name":"Caromax 2000 con agua"}]},{"@type":"WebSite","@id":"https:\/\/www.maxima-dia.com\/es\/#website","url":"https:\/\/www.maxima-dia.com\/es\/","name":"Maxima SpA","description":"Only for the real professionals","potentialAction":[{"@type":"SearchAction","target":{"@type":"EntryPoint","urlTemplate":"https:\/\/www.maxima-dia.com\/es\/?s={search_term_string}"},"query-input":{"@type":"PropertyValueSpecification","valueRequired":true,"valueName":"search_term_string"}}],"inLanguage":"es"}]}},"_links":{"self":[{"href":"https:\/\/www.maxima-dia.com\/es\/wp-json\/wp\/v2\/pages\/17258"}],"collection":[{"href":"https:\/\/www.maxima-dia.com\/es\/wp-json\/wp\/v2\/pages"}],"about":[{"href":"https:\/\/www.maxima-dia.com\/es\/wp-json\/wp\/v2\/types\/page"}],"author":[{"embeddable":true,"href":"https:\/\/www.maxima-dia.com\/es\/wp-json\/wp\/v2\/users\/29"}],"replies":[{"embeddable":true,"href":"https:\/\/www.maxima-dia.com\/es\/wp-json\/wp\/v2\/comments?post=17258"}],"version-history":[{"count":0,"href":"https:\/\/www.maxima-dia.com\/es\/wp-json\/wp\/v2\/pages\/17258\/revisions"}],"up":[{"embeddable":true,"href":"https:\/\/www.maxima-dia.com\/es\/wp-json\/wp\/v2\/pages\/12467"}],"wp:featuredmedia":[{"embeddable":true,"href":"https:\/\/www.maxima-dia.com\/es\/wp-json\/wp\/v2\/media\/29878"}],"wp:attachment":[{"href":"https:\/\/www.maxima-dia.com\/es\/wp-json\/wp\/v2\/media?parent=17258"}],"curies":[{"name":"wp","href":"https:\/\/api.w.org\/{rel}","templated":true}]}}