{"id":17260,"date":"2017-04-10T12:11:37","date_gmt":"2017-04-10T10:11:37","guid":{"rendered":"http:\/\/www.maxima-dia.com\/?page_id=17260\/"},"modified":"2021-08-02T10:25:30","modified_gmt":"2021-08-02T08:25:30","slug":"caromax-200","status":"publish","type":"page","link":"https:\/\/www.maxima-dia.com\/es\/maquinas-de-perforacion-para-la-construccion\/caromax-200\/","title":{"rendered":"Caromax 200"},"content":{"rendered":"<div class=\"wpb-content-wrapper\"><p>[vc_row][vc_column text_align=\u00bbcenter\u00bb width=\u00bb1\/4&#8243;][vc_column_text]<a href=\"https:\/\/www.maxima-dia.com\/wp-content\/uploads\/2021\/08\/CAROMAX200.jpg\"><img loading=\"lazy\" decoding=\"async\" class=\"alignnone wp-image-29986 size-thumbnail\" src=\"https:\/\/www.maxima-dia.com\/wp-content\/uploads\/2021\/08\/CAROMAX200-150x150.jpg\" alt=\"\" width=\"150\" height=\"150\" srcset=\"https:\/\/www.maxima-dia.com\/wp-content\/uploads\/2021\/08\/CAROMAX200-150x150.jpg 150w, https:\/\/www.maxima-dia.com\/wp-content\/uploads\/2021\/08\/CAROMAX200-300x300.jpg 300w, https:\/\/www.maxima-dia.com\/wp-content\/uploads\/2021\/08\/CAROMAX200-1024x1024.jpg 1024w, https:\/\/www.maxima-dia.com\/wp-content\/uploads\/2021\/08\/CAROMAX200-768x768.jpg 768w, https:\/\/www.maxima-dia.com\/wp-content\/uploads\/2021\/08\/CAROMAX200-1536x1536.jpg 1536w, https:\/\/www.maxima-dia.com\/wp-content\/uploads\/2021\/08\/CAROMAX200-80x80.jpg 80w, https:\/\/www.maxima-dia.com\/wp-content\/uploads\/2021\/08\/CAROMAX200-500x500.jpg 500w, https:\/\/www.maxima-dia.com\/wp-content\/uploads\/2021\/08\/CAROMAX200-1000x1000.jpg 1000w, https:\/\/www.maxima-dia.com\/wp-content\/uploads\/2021\/08\/CAROMAX200.jpg 1700w\" sizes=\"(max-width: 150px) 100vw, 150px\" \/><\/a><\/p>\n<p>made in EU&nbsp;<img loading=\"lazy\" decoding=\"async\" src=\"\/wp-content\/uploads\/2013\/11\/eu.png\" alt=\"eu\" width=\"24\" height=\"16\"> &#8211; certificata <span style=\"font-family: arial,helvetica,sans-serif;\">CE<\/span>[\/vc_column_text][vc_column_text css_animation=\u00bbslideInDown\u00bb el_class=\u00bbhidebuybutton\u00bb]<a href=\"https:\/\/www.storemaxima.com\/es\/maquinas-de-perforacion-para-la-construccion\/178-caromax-200.html\" target=\"_blank\" rel=\"noopener\"><img loading=\"lazy\" decoding=\"async\" class=\"alignnone\" title=\"Comprar en www.storemaxima.com\" src=\"https:\/\/www.maxima-dia.com\/wp-content\/uploads\/2019\/12\/pulsante-acquista-storemaxima.com-es.svg\" alt=\"Comprar en www.storemaxima.com\" width=\"180\" height=\"80\"><\/a>[\/vc_column_text][\/vc_column][vc_column width=\u00bb3\/4&#8243;][vc_column_text]Este equipo de perforaci\u00f3n profesional de alto rendimiento es la combinaci\u00f3n de la <strong>Columna 200<\/strong> y la <strong>Caromax 2000 con agua<\/strong>, que tambi\u00e9n se venden por separado. La Columna 200 est\u00e1 fabricada en aluminio, para otorgarle un n\u00facleo m\u00e1s ligero, mientras que los cojinetes de deslizamiento y su base son de acero, para dotarla de mayor resistencia. La capacidad m\u00e1xima del sistema es de 200 mm y se puede anclar tanto con el sistema de tacos tradicional como mediante el equipo con depresor para el vac\u00edo. La columna puede inclinarse hasta 45\u00b0.<\/p>\n<table class=\"tabellafotocarotaggio\" style=\"width: 100%;\">\n<tbody>\n<tr>\n<td style=\"width: 33%; text-align: center;\"><a href=\"https:\/\/www.maxima-dia.com\/wp-content\/uploads\/2021\/08\/CAROMAX160-6.jpg\"><img loading=\"lazy\" decoding=\"async\" class=\"alignnone size-thumbnail wp-image-29946\" src=\"https:\/\/www.maxima-dia.com\/wp-content\/uploads\/2021\/08\/CAROMAX160-6-150x150.jpg\" alt=\"\" width=\"150\" height=\"150\" srcset=\"https:\/\/www.maxima-dia.com\/wp-content\/uploads\/2021\/08\/CAROMAX160-6-150x150.jpg 150w, https:\/\/www.maxima-dia.com\/wp-content\/uploads\/2021\/08\/CAROMAX160-6-300x300.jpg 300w, https:\/\/www.maxima-dia.com\/wp-content\/uploads\/2021\/08\/CAROMAX160-6-1024x1024.jpg 1024w, https:\/\/www.maxima-dia.com\/wp-content\/uploads\/2021\/08\/CAROMAX160-6-768x768.jpg 768w, https:\/\/www.maxima-dia.com\/wp-content\/uploads\/2021\/08\/CAROMAX160-6-1536x1536.jpg 1536w, https:\/\/www.maxima-dia.com\/wp-content\/uploads\/2021\/08\/CAROMAX160-6-80x80.jpg 80w, https:\/\/www.maxima-dia.com\/wp-content\/uploads\/2021\/08\/CAROMAX160-6-500x500.jpg 500w, https:\/\/www.maxima-dia.com\/wp-content\/uploads\/2021\/08\/CAROMAX160-6-1000x1000.jpg 1000w, https:\/\/www.maxima-dia.com\/wp-content\/uploads\/2021\/08\/CAROMAX160-6.jpg 1700w\" sizes=\"(max-width: 150px) 100vw, 150px\" \/><\/a><\/td>\n<td style=\"width: 33%; text-align: center;\"><a href=\"https:\/\/www.maxima-dia.com\/wp-content\/uploads\/2021\/08\/CAROMAX160-7.jpg\"><img loading=\"lazy\" decoding=\"async\" class=\"alignnone size-thumbnail wp-image-29952\" src=\"https:\/\/www.maxima-dia.com\/wp-content\/uploads\/2021\/08\/CAROMAX160-7-150x150.jpg\" alt=\"\" width=\"150\" height=\"150\" srcset=\"https:\/\/www.maxima-dia.com\/wp-content\/uploads\/2021\/08\/CAROMAX160-7-150x150.jpg 150w, https:\/\/www.maxima-dia.com\/wp-content\/uploads\/2021\/08\/CAROMAX160-7-300x300.jpg 300w, https:\/\/www.maxima-dia.com\/wp-content\/uploads\/2021\/08\/CAROMAX160-7-1024x1024.jpg 1024w, https:\/\/www.maxima-dia.com\/wp-content\/uploads\/2021\/08\/CAROMAX160-7-768x768.jpg 768w, https:\/\/www.maxima-dia.com\/wp-content\/uploads\/2021\/08\/CAROMAX160-7-1536x1536.jpg 1536w, https:\/\/www.maxima-dia.com\/wp-content\/uploads\/2021\/08\/CAROMAX160-7-80x80.jpg 80w, https:\/\/www.maxima-dia.com\/wp-content\/uploads\/2021\/08\/CAROMAX160-7-500x500.jpg 500w, https:\/\/www.maxima-dia.com\/wp-content\/uploads\/2021\/08\/CAROMAX160-7-1000x1000.jpg 1000w, https:\/\/www.maxima-dia.com\/wp-content\/uploads\/2021\/08\/CAROMAX160-7.jpg 1700w\" sizes=\"(max-width: 150px) 100vw, 150px\" \/><\/a><\/td>\n<td style=\"width: 33%; text-align: center;\"><a href=\"https:\/\/www.maxima-dia.com\/wp-content\/uploads\/2021\/08\/CAROMAX160-8.jpg\"><img loading=\"lazy\" decoding=\"async\" class=\"alignnone size-thumbnail wp-image-29958\" src=\"https:\/\/www.maxima-dia.com\/wp-content\/uploads\/2021\/08\/CAROMAX160-8-150x150.jpg\" alt=\"\" width=\"150\" height=\"150\" srcset=\"https:\/\/www.maxima-dia.com\/wp-content\/uploads\/2021\/08\/CAROMAX160-8-150x150.jpg 150w, https:\/\/www.maxima-dia.com\/wp-content\/uploads\/2021\/08\/CAROMAX160-8-300x300.jpg 300w, https:\/\/www.maxima-dia.com\/wp-content\/uploads\/2021\/08\/CAROMAX160-8-1024x1024.jpg 1024w, https:\/\/www.maxima-dia.com\/wp-content\/uploads\/2021\/08\/CAROMAX160-8-768x768.jpg 768w, https:\/\/www.maxima-dia.com\/wp-content\/uploads\/2021\/08\/CAROMAX160-8-1536x1536.jpg 1536w, https:\/\/www.maxima-dia.com\/wp-content\/uploads\/2021\/08\/CAROMAX160-8-80x80.jpg 80w, https:\/\/www.maxima-dia.com\/wp-content\/uploads\/2021\/08\/CAROMAX160-8-500x500.jpg 500w, https:\/\/www.maxima-dia.com\/wp-content\/uploads\/2021\/08\/CAROMAX160-8-1000x1000.jpg 1000w, https:\/\/www.maxima-dia.com\/wp-content\/uploads\/2021\/08\/CAROMAX160-8.jpg 1700w\" sizes=\"(max-width: 150px) 100vw, 150px\" \/><\/a><\/td>\n<\/tr>\n<tr>\n<td style=\"width: 33%; text-align: center;\">&nbsp;<\/td>\n<td style=\"width: 33%; text-align: center;\">&nbsp;<\/td>\n<td style=\"width: 33%; text-align: center;\">&nbsp;<\/td>\n<\/tr>\n<tr>\n<td style=\"width: 33%; text-align: center;\">&nbsp;<\/td>\n<td style=\"width: 33%; text-align: center;\"><a href=\"https:\/\/www.maxima-dia.com\/wp-content\/uploads\/2021\/08\/CAROMAX160-3.jpg\"><img loading=\"lazy\" decoding=\"async\" class=\"alignnone size-thumbnail wp-image-29928\" src=\"https:\/\/www.maxima-dia.com\/wp-content\/uploads\/2021\/08\/CAROMAX160-3-150x150.jpg\" alt=\"\" width=\"150\" height=\"150\" srcset=\"https:\/\/www.maxima-dia.com\/wp-content\/uploads\/2021\/08\/CAROMAX160-3-150x150.jpg 150w, https:\/\/www.maxima-dia.com\/wp-content\/uploads\/2021\/08\/CAROMAX160-3-300x300.jpg 300w, https:\/\/www.maxima-dia.com\/wp-content\/uploads\/2021\/08\/CAROMAX160-3-1024x1024.jpg 1024w, https:\/\/www.maxima-dia.com\/wp-content\/uploads\/2021\/08\/CAROMAX160-3-768x768.jpg 768w, https:\/\/www.maxima-dia.com\/wp-content\/uploads\/2021\/08\/CAROMAX160-3-1536x1536.jpg 1536w, https:\/\/www.maxima-dia.com\/wp-content\/uploads\/2021\/08\/CAROMAX160-3-80x80.jpg 80w, https:\/\/www.maxima-dia.com\/wp-content\/uploads\/2021\/08\/CAROMAX160-3-500x500.jpg 500w, https:\/\/www.maxima-dia.com\/wp-content\/uploads\/2021\/08\/CAROMAX160-3-1000x1000.jpg 1000w, https:\/\/www.maxima-dia.com\/wp-content\/uploads\/2021\/08\/CAROMAX160-3.jpg 1700w\" sizes=\"(max-width: 150px) 100vw, 150px\" \/><\/a><\/td>\n<td style=\"width: 33%; text-align: center;\"><a href=\"https:\/\/www.maxima-dia.com\/wp-content\/uploads\/2021\/08\/CAROMAX160-5.jpg\"><img loading=\"lazy\" decoding=\"async\" class=\"alignnone size-thumbnail wp-image-29940\" src=\"https:\/\/www.maxima-dia.com\/wp-content\/uploads\/2021\/08\/CAROMAX160-5-150x150.jpg\" alt=\"\" width=\"150\" height=\"150\" srcset=\"https:\/\/www.maxima-dia.com\/wp-content\/uploads\/2021\/08\/CAROMAX160-5-150x150.jpg 150w, https:\/\/www.maxima-dia.com\/wp-content\/uploads\/2021\/08\/CAROMAX160-5-300x300.jpg 300w, https:\/\/www.maxima-dia.com\/wp-content\/uploads\/2021\/08\/CAROMAX160-5-1024x1024.jpg 1024w, https:\/\/www.maxima-dia.com\/wp-content\/uploads\/2021\/08\/CAROMAX160-5-768x768.jpg 768w, https:\/\/www.maxima-dia.com\/wp-content\/uploads\/2021\/08\/CAROMAX160-5-1536x1536.jpg 1536w, https:\/\/www.maxima-dia.com\/wp-content\/uploads\/2021\/08\/CAROMAX160-5-80x80.jpg 80w, https:\/\/www.maxima-dia.com\/wp-content\/uploads\/2021\/08\/CAROMAX160-5-500x500.jpg 500w, https:\/\/www.maxima-dia.com\/wp-content\/uploads\/2021\/08\/CAROMAX160-5-1000x1000.jpg 1000w, https:\/\/www.maxima-dia.com\/wp-content\/uploads\/2021\/08\/CAROMAX160-5.jpg 1700w\" sizes=\"(max-width: 150px) 100vw, 150px\" \/><\/a><\/td>\n<\/tr>\n<\/tbody>\n<\/table>\n<p>&nbsp;<\/p>\n<table class=\"tabellatecnica\" style=\"width: 100%; height: 168px;\" border=\"0\" cellspacing=\"0\" cellpadding=\"0\">\n<thead>\n<tr style=\"height: 24px;\">\n<td class=\"testata\" style=\"height: 24px;\" colspan=\"2\">CARACTER\u00cdSTICAS T\u00c9CNICAS<\/td>\n<\/tr>\n<\/thead>\n<tbody>\n<tr style=\"height: 24px;\">\n<td class=\"coltesto1\" style=\"width: 50%; height: 24px;\">Motor: Caromax 2000 con agua<\/td>\n<td class=\"coltesto1\" style=\"width: 50%; height: 24px;\">Base de acero<\/td>\n<\/tr>\n<tr style=\"height: 24px;\">\n<td class=\"coltesto1\" style=\"width: 50%; height: 24px;\">Empalme: 1&#8243; 1\/4 y 1\/2 Gas<\/td>\n<td class=\"coltesto1\" style=\"width: 50%; height: 24px;\">Preparado para la fijaci\u00f3n con tacos<\/td>\n<\/tr>\n<tr style=\"height: 24px;\">\n<td class=\"coltesto2\" style=\"width: 50%; height: 24px;\">Adecuado para perforaciones Diam. M\u00e1x. 205 mm<\/td>\n<td class=\"coltesto2\" style=\"width: 50%; height: 24px;\">Desenganche r\u00e1pido del motor<\/td>\n<\/tr>\n<tr style=\"height: 24px;\">\n<td class=\"coltesto2\" style=\"width: 50%; height: 24px;\">Recorrido \u00fatil: 510 mm<\/td>\n<td class=\"coltesto2\" style=\"width: 50%; height: 24px;\">Dimensiones: 300 x 190 x 940 mm<\/td>\n<\/tr>\n<tr style=\"height: 24px;\">\n<td class=\"coltesto2\" style=\"width: 50%; height: 24px;\">Altura de la columna: 850 mm<\/td>\n<td class=\"coltesto2\" style=\"width: 50%; height: 24px;\">Peso de la columna: 11,5 kg<\/td>\n<\/tr>\n<tr style=\"height: 24px;\">\n<td class=\"coltesto2\" style=\"width: 50%; height: 24px;\">Inclinable a 45\u00b0<\/td>\n<td class=\"coltesto2\" style=\"width: 50%; height: 24px;\">Peso del motor: 7,3 kg<\/td>\n<\/tr>\n<\/tbody>\n<\/table>\n<p>[\/vc_column_text][\/vc_column][\/vc_row]<\/p>\n<\/div>","protected":false},"excerpt":{"rendered":"<p>[vc_row][vc_column text_align=\u00bbcenter\u00bb width=\u00bb1\/4&#8243;][vc_column_text] made in EU&nbsp; &#8211; certificata CE[\/vc_column_text][vc_column_text css_animation=\u00bbslideInDown\u00bb el_class=\u00bbhidebuybutton\u00bb][\/vc_column_text][\/vc_column][vc_column width=\u00bb3\/4&#8243;][vc_column_text]Este equipo de perforaci\u00f3n profesional de alto rendimiento es la combinaci\u00f3n de la Columna 200 y la Caromax 2000 con agua, que tambi\u00e9n se venden por separado. La Columna 200 est\u00e1 fabricada en aluminio, para otorgarle un n\u00facleo m\u00e1s ligero, mientras que los cojinetes de deslizamiento y su base son de acero, para dotarla de mayor resistencia. La capacidad m\u00e1xima del sistema es de 200 mm y se puede anclar tanto con el sistema de tacos tradicional como mediante el equipo con depresor para el vac\u00edo. La columna puede inclinarse hasta 45\u00b0. &nbsp; &nbsp; &nbsp; &nbsp; &nbsp; CARACTER\u00cdSTICAS T\u00c9CNICAS Motor: Caromax 2000 con agua Base de acero Empalme: 1&#8243; 1\/4 y 1\/2 Gas Preparado para la fijaci\u00f3n con tacos Adecuado para perforaciones Diam. M\u00e1x. 205 mm Desenganche r\u00e1pido del motor Recorrido \u00fatil: 510 mm Dimensiones: 300 x 190 x 940 mm Altura de la columna: 850 mm Peso de la columna: 11,5 kg Inclinable a 45\u00b0 Peso del motor: 7,3 kg [\/vc_column_text][\/vc_column][\/vc_row]<\/p>\n","protected":false},"author":29,"featured_media":29991,"parent":12467,"menu_order":10,"comment_status":"closed","ping_status":"closed","template":"","meta":{"ngg_post_thumbnail":0,"_joinchat":[],"footnotes":""},"class_list":["post-17260","page","type-page","status-publish","has-post-thumbnail","hentry"],"yoast_head":"<!-- This site is optimized with the Yoast SEO plugin v25.5 - https:\/\/yoast.com\/wordpress\/plugins\/seo\/ -->\n<title>Caromax 200 - Maxima SpA<\/title>\n<meta name=\"robots\" content=\"index, follow, max-snippet:-1, max-image-preview:large, max-video-preview:-1\" \/>\n<link rel=\"canonical\" href=\"https:\/\/www.maxima-dia.com\/es\/maquinas-de-perforacion-para-la-construccion\/caromax-200\/\" \/>\n<meta property=\"og:locale\" content=\"es_ES\" \/>\n<meta property=\"og:type\" content=\"article\" \/>\n<meta property=\"og:title\" content=\"Caromax 200 - Maxima SpA\" \/>\n<meta property=\"og:description\" content=\"[vc_row][vc_column text_align=\u00bbcenter\u00bb width=\u00bb1\/4&#8243;][vc_column_text] made in EU&nbsp; &#8211; certificata CE[\/vc_column_text][vc_column_text css_animation=\u00bbslideInDown\u00bb el_class=\u00bbhidebuybutton\u00bb][\/vc_column_text][\/vc_column][vc_column width=\u00bb3\/4&#8243;][vc_column_text]Este equipo de perforaci\u00f3n profesional de alto rendimiento es la combinaci\u00f3n de la Columna 200 y la Caromax 2000 con agua, que tambi\u00e9n se venden por separado. La Columna 200 est\u00e1 fabricada en aluminio, para otorgarle un n\u00facleo m\u00e1s ligero, mientras que los cojinetes de deslizamiento y su base son de acero, para dotarla de mayor resistencia. La capacidad m\u00e1xima del sistema es de 200 mm y se puede anclar tanto con el sistema de tacos tradicional como mediante el equipo con depresor para el vac\u00edo. La columna puede inclinarse hasta 45\u00b0. &nbsp; &nbsp; &nbsp; &nbsp; &nbsp; CARACTER\u00cdSTICAS T\u00c9CNICAS Motor: Caromax 2000 con agua Base de acero Empalme: 1&#8243; 1\/4 y 1\/2 Gas Preparado para la fijaci\u00f3n con tacos Adecuado para perforaciones Diam. M\u00e1x. 205 mm Desenganche r\u00e1pido del motor Recorrido \u00fatil: 510 mm Dimensiones: 300 x 190 x 940 mm Altura de la columna: 850 mm Peso de la columna: 11,5 kg Inclinable a 45\u00b0 Peso del motor: 7,3 kg [\/vc_column_text][\/vc_column][\/vc_row]\" \/>\n<meta property=\"og:url\" content=\"https:\/\/www.maxima-dia.com\/es\/maquinas-de-perforacion-para-la-construccion\/caromax-200\/\" \/>\n<meta property=\"og:site_name\" content=\"Maxima SpA\" \/>\n<meta property=\"article:publisher\" content=\"https:\/\/www.facebook.com\/Maxima-spa-106098566139597\" \/>\n<meta property=\"article:modified_time\" content=\"2021-08-02T08:25:30+00:00\" \/>\n<meta property=\"og:image\" content=\"https:\/\/www.maxima-dia.com\/wp-content\/uploads\/2021\/08\/CAROMAX200.jpg\" \/>\n\t<meta property=\"og:image:width\" content=\"1700\" \/>\n\t<meta property=\"og:image:height\" content=\"1700\" \/>\n\t<meta property=\"og:image:type\" content=\"image\/jpeg\" \/>\n<meta name=\"twitter:card\" content=\"summary_large_image\" \/>\n<meta name=\"twitter:site\" content=\"@Maximadia\" \/>\n<meta name=\"twitter:label1\" content=\"Tiempo de lectura\" \/>\n\t<meta name=\"twitter:data1\" content=\"3 minutos\" \/>\n<script type=\"application\/ld+json\" class=\"yoast-schema-graph\">{\"@context\":\"https:\/\/schema.org\",\"@graph\":[{\"@type\":\"WebPage\",\"@id\":\"https:\/\/www.maxima-dia.com\/es\/maquinas-de-perforacion-para-la-construccion\/caromax-200\/\",\"url\":\"https:\/\/www.maxima-dia.com\/es\/maquinas-de-perforacion-para-la-construccion\/caromax-200\/\",\"name\":\"Caromax 200 - Maxima SpA\",\"isPartOf\":{\"@id\":\"https:\/\/www.maxima-dia.com\/es\/#website\"},\"primaryImageOfPage\":{\"@id\":\"https:\/\/www.maxima-dia.com\/es\/maquinas-de-perforacion-para-la-construccion\/caromax-200\/#primaryimage\"},\"image\":{\"@id\":\"https:\/\/www.maxima-dia.com\/es\/maquinas-de-perforacion-para-la-construccion\/caromax-200\/#primaryimage\"},\"thumbnailUrl\":\"https:\/\/www.maxima-dia.com\/wp-content\/uploads\/2021\/08\/CAROMAX200.jpg\",\"datePublished\":\"2017-04-10T10:11:37+00:00\",\"dateModified\":\"2021-08-02T08:25:30+00:00\",\"breadcrumb\":{\"@id\":\"https:\/\/www.maxima-dia.com\/es\/maquinas-de-perforacion-para-la-construccion\/caromax-200\/#breadcrumb\"},\"inLanguage\":\"es\",\"potentialAction\":[{\"@type\":\"ReadAction\",\"target\":[\"https:\/\/www.maxima-dia.com\/es\/maquinas-de-perforacion-para-la-construccion\/caromax-200\/\"]}]},{\"@type\":\"ImageObject\",\"inLanguage\":\"es\",\"@id\":\"https:\/\/www.maxima-dia.com\/es\/maquinas-de-perforacion-para-la-construccion\/caromax-200\/#primaryimage\",\"url\":\"https:\/\/www.maxima-dia.com\/wp-content\/uploads\/2021\/08\/CAROMAX200.jpg\",\"contentUrl\":\"https:\/\/www.maxima-dia.com\/wp-content\/uploads\/2021\/08\/CAROMAX200.jpg\",\"width\":1700,\"height\":1700},{\"@type\":\"BreadcrumbList\",\"@id\":\"https:\/\/www.maxima-dia.com\/es\/maquinas-de-perforacion-para-la-construccion\/caromax-200\/#breadcrumb\",\"itemListElement\":[{\"@type\":\"ListItem\",\"position\":1,\"name\":\"Home\",\"item\":\"https:\/\/www.maxima-dia.com\/es\/\"},{\"@type\":\"ListItem\",\"position\":2,\"name\":\"M\u00e1quinas de Perforaci\u00f3n para la Construcci\u00f3n\",\"item\":\"https:\/\/www.maxima-dia.com\/es\/maquinas-de-perforacion-para-la-construccion\/\"},{\"@type\":\"ListItem\",\"position\":3,\"name\":\"Caromax 200\"}]},{\"@type\":\"WebSite\",\"@id\":\"https:\/\/www.maxima-dia.com\/es\/#website\",\"url\":\"https:\/\/www.maxima-dia.com\/es\/\",\"name\":\"Maxima SpA\",\"description\":\"Only for the real professionals\",\"potentialAction\":[{\"@type\":\"SearchAction\",\"target\":{\"@type\":\"EntryPoint\",\"urlTemplate\":\"https:\/\/www.maxima-dia.com\/es\/?s={search_term_string}\"},\"query-input\":{\"@type\":\"PropertyValueSpecification\",\"valueRequired\":true,\"valueName\":\"search_term_string\"}}],\"inLanguage\":\"es\"}]}<\/script>\n<!-- \/ Yoast SEO plugin. -->","yoast_head_json":{"title":"Caromax 200 - Maxima SpA","robots":{"index":"index","follow":"follow","max-snippet":"max-snippet:-1","max-image-preview":"max-image-preview:large","max-video-preview":"max-video-preview:-1"},"canonical":"https:\/\/www.maxima-dia.com\/es\/maquinas-de-perforacion-para-la-construccion\/caromax-200\/","og_locale":"es_ES","og_type":"article","og_title":"Caromax 200 - Maxima SpA","og_description":"[vc_row][vc_column text_align=\u00bbcenter\u00bb width=\u00bb1\/4&#8243;][vc_column_text] made in EU&nbsp; &#8211; certificata CE[\/vc_column_text][vc_column_text css_animation=\u00bbslideInDown\u00bb el_class=\u00bbhidebuybutton\u00bb][\/vc_column_text][\/vc_column][vc_column width=\u00bb3\/4&#8243;][vc_column_text]Este equipo de perforaci\u00f3n profesional de alto rendimiento es la combinaci\u00f3n de la Columna 200 y la Caromax 2000 con agua, que tambi\u00e9n se venden por separado. La Columna 200 est\u00e1 fabricada en aluminio, para otorgarle un n\u00facleo m\u00e1s ligero, mientras que los cojinetes de deslizamiento y su base son de acero, para dotarla de mayor resistencia. La capacidad m\u00e1xima del sistema es de 200 mm y se puede anclar tanto con el sistema de tacos tradicional como mediante el equipo con depresor para el vac\u00edo. La columna puede inclinarse hasta 45\u00b0. &nbsp; &nbsp; &nbsp; &nbsp; &nbsp; CARACTER\u00cdSTICAS T\u00c9CNICAS Motor: Caromax 2000 con agua Base de acero Empalme: 1&#8243; 1\/4 y 1\/2 Gas Preparado para la fijaci\u00f3n con tacos Adecuado para perforaciones Diam. M\u00e1x. 205 mm Desenganche r\u00e1pido del motor Recorrido \u00fatil: 510 mm Dimensiones: 300 x 190 x 940 mm Altura de la columna: 850 mm Peso de la columna: 11,5 kg Inclinable a 45\u00b0 Peso del motor: 7,3 kg [\/vc_column_text][\/vc_column][\/vc_row]","og_url":"https:\/\/www.maxima-dia.com\/es\/maquinas-de-perforacion-para-la-construccion\/caromax-200\/","og_site_name":"Maxima SpA","article_publisher":"https:\/\/www.facebook.com\/Maxima-spa-106098566139597","article_modified_time":"2021-08-02T08:25:30+00:00","og_image":[{"width":1700,"height":1700,"url":"https:\/\/www.maxima-dia.com\/wp-content\/uploads\/2021\/08\/CAROMAX200.jpg","type":"image\/jpeg"}],"twitter_card":"summary_large_image","twitter_site":"@Maximadia","twitter_misc":{"Tiempo de lectura":"3 minutos"},"schema":{"@context":"https:\/\/schema.org","@graph":[{"@type":"WebPage","@id":"https:\/\/www.maxima-dia.com\/es\/maquinas-de-perforacion-para-la-construccion\/caromax-200\/","url":"https:\/\/www.maxima-dia.com\/es\/maquinas-de-perforacion-para-la-construccion\/caromax-200\/","name":"Caromax 200 - Maxima SpA","isPartOf":{"@id":"https:\/\/www.maxima-dia.com\/es\/#website"},"primaryImageOfPage":{"@id":"https:\/\/www.maxima-dia.com\/es\/maquinas-de-perforacion-para-la-construccion\/caromax-200\/#primaryimage"},"image":{"@id":"https:\/\/www.maxima-dia.com\/es\/maquinas-de-perforacion-para-la-construccion\/caromax-200\/#primaryimage"},"thumbnailUrl":"https:\/\/www.maxima-dia.com\/wp-content\/uploads\/2021\/08\/CAROMAX200.jpg","datePublished":"2017-04-10T10:11:37+00:00","dateModified":"2021-08-02T08:25:30+00:00","breadcrumb":{"@id":"https:\/\/www.maxima-dia.com\/es\/maquinas-de-perforacion-para-la-construccion\/caromax-200\/#breadcrumb"},"inLanguage":"es","potentialAction":[{"@type":"ReadAction","target":["https:\/\/www.maxima-dia.com\/es\/maquinas-de-perforacion-para-la-construccion\/caromax-200\/"]}]},{"@type":"ImageObject","inLanguage":"es","@id":"https:\/\/www.maxima-dia.com\/es\/maquinas-de-perforacion-para-la-construccion\/caromax-200\/#primaryimage","url":"https:\/\/www.maxima-dia.com\/wp-content\/uploads\/2021\/08\/CAROMAX200.jpg","contentUrl":"https:\/\/www.maxima-dia.com\/wp-content\/uploads\/2021\/08\/CAROMAX200.jpg","width":1700,"height":1700},{"@type":"BreadcrumbList","@id":"https:\/\/www.maxima-dia.com\/es\/maquinas-de-perforacion-para-la-construccion\/caromax-200\/#breadcrumb","itemListElement":[{"@type":"ListItem","position":1,"name":"Home","item":"https:\/\/www.maxima-dia.com\/es\/"},{"@type":"ListItem","position":2,"name":"M\u00e1quinas de Perforaci\u00f3n para la Construcci\u00f3n","item":"https:\/\/www.maxima-dia.com\/es\/maquinas-de-perforacion-para-la-construccion\/"},{"@type":"ListItem","position":3,"name":"Caromax 200"}]},{"@type":"WebSite","@id":"https:\/\/www.maxima-dia.com\/es\/#website","url":"https:\/\/www.maxima-dia.com\/es\/","name":"Maxima SpA","description":"Only for the real professionals","potentialAction":[{"@type":"SearchAction","target":{"@type":"EntryPoint","urlTemplate":"https:\/\/www.maxima-dia.com\/es\/?s={search_term_string}"},"query-input":{"@type":"PropertyValueSpecification","valueRequired":true,"valueName":"search_term_string"}}],"inLanguage":"es"}]}},"_links":{"self":[{"href":"https:\/\/www.maxima-dia.com\/es\/wp-json\/wp\/v2\/pages\/17260"}],"collection":[{"href":"https:\/\/www.maxima-dia.com\/es\/wp-json\/wp\/v2\/pages"}],"about":[{"href":"https:\/\/www.maxima-dia.com\/es\/wp-json\/wp\/v2\/types\/page"}],"author":[{"embeddable":true,"href":"https:\/\/www.maxima-dia.com\/es\/wp-json\/wp\/v2\/users\/29"}],"replies":[{"embeddable":true,"href":"https:\/\/www.maxima-dia.com\/es\/wp-json\/wp\/v2\/comments?post=17260"}],"version-history":[{"count":0,"href":"https:\/\/www.maxima-dia.com\/es\/wp-json\/wp\/v2\/pages\/17260\/revisions"}],"up":[{"embeddable":true,"href":"https:\/\/www.maxima-dia.com\/es\/wp-json\/wp\/v2\/pages\/12467"}],"wp:featuredmedia":[{"embeddable":true,"href":"https:\/\/www.maxima-dia.com\/es\/wp-json\/wp\/v2\/media\/29991"}],"wp:attachment":[{"href":"https:\/\/www.maxima-dia.com\/es\/wp-json\/wp\/v2\/media?parent=17260"}],"curies":[{"name":"wp","href":"https:\/\/api.w.org\/{rel}","templated":true}]}}