{"id":19121,"date":"2018-10-23T09:51:38","date_gmt":"2018-10-23T07:51:38","guid":{"rendered":"https:\/\/www.maxima-dia.com\/?page_id=19121"},"modified":"2018-10-23T09:59:10","modified_gmt":"2018-10-23T07:59:10","slug":"aspiramax-600","status":"publish","type":"page","link":"https:\/\/www.maxima-dia.com\/es\/maquinas-de-rectificadora-para-la-construccion\/aspiramax-600\/","title":{"rendered":"Aspiramax 600"},"content":{"rendered":"<div class=\"wpb-content-wrapper\"><p>[vc_row][vc_column text_align=\u00bbcenter\u00bb width=\u00bb1\/4&#8243;][vc_column_text]<a href=\"https:\/\/www.maxima-dia.com\/wp-content\/uploads\/2018\/10\/ASPIRAMAX-600-catalogo-01.jpg\"><img loading=\"lazy\" decoding=\"async\" class=\"alignnone wp-image-18591 size-thumbnail\" src=\"https:\/\/www.maxima-dia.com\/wp-content\/uploads\/2018\/10\/ASPIRAMAX-600-catalogo-01-150x150.jpg\" alt=\"\" width=\"150\" height=\"150\" srcset=\"https:\/\/www.maxima-dia.com\/wp-content\/uploads\/2018\/10\/ASPIRAMAX-600-catalogo-01-150x150.jpg 150w, https:\/\/www.maxima-dia.com\/wp-content\/uploads\/2018\/10\/ASPIRAMAX-600-catalogo-01-300x300.jpg 300w, https:\/\/www.maxima-dia.com\/wp-content\/uploads\/2018\/10\/ASPIRAMAX-600-catalogo-01-768x768.jpg 768w, https:\/\/www.maxima-dia.com\/wp-content\/uploads\/2018\/10\/ASPIRAMAX-600-catalogo-01-1024x1024.jpg 1024w, https:\/\/www.maxima-dia.com\/wp-content\/uploads\/2018\/10\/ASPIRAMAX-600-catalogo-01-80x80.jpg 80w, https:\/\/www.maxima-dia.com\/wp-content\/uploads\/2018\/10\/ASPIRAMAX-600-catalogo-01-500x500.jpg 500w, https:\/\/www.maxima-dia.com\/wp-content\/uploads\/2018\/10\/ASPIRAMAX-600-catalogo-01-1000x1000.jpg 1000w, https:\/\/www.maxima-dia.com\/wp-content\/uploads\/2018\/10\/ASPIRAMAX-600-catalogo-01.jpg 1500w\" sizes=\"(max-width: 150px) 100vw, 150px\" \/><\/a><\/p>\n<p>construida en la Uni\u00f3n Europea&nbsp;<img loading=\"lazy\" decoding=\"async\" src=\"\/wp-content\/uploads\/2013\/11\/eu.png\" alt=\"eu\" width=\"24\" height=\"16\"> &#8211; certificada <span style=\"font-family: arial,helvetica,sans-serif;\">CE<\/span>[\/vc_column_text][\/vc_column][vc_column width=\u00bb3\/4&#8243;][vc_column_text]The primary focus of Maxima\u2019s engineers during the conception of <strong>Aspiramax 600<\/strong> has been the build quality and the suction power, with the purpose to obtain a machine with a longer lifetime and more versatile during the intensive use. Projected to withdraw huge amounts of powder in combination with other machines which produce an intense removal of polished materials, like, for example: working on concrete pavements as stone and marble floors. The suggestion for an optimal use is to match\/link it with the <strong>Levimax 280<\/strong> or <strong>Levimax 550<\/strong> grinder machines, or with any other construction machine that requires during the operation to aspirate a huge amount of powders.<\/p>\n<table class=\"tabellafotocarotaggio\" style=\"width: 100%;\">\n<tbody>\n<tr>\n<td style=\"text-align: center; width: 20%;\"><a href=\"https:\/\/www.maxima-dia.com\/wp-content\/uploads\/2018\/10\/ASPIRAMAX-600-catalogo-04.jpg\"><img loading=\"lazy\" decoding=\"async\" class=\"alignnone wp-image-18602 size-thumbnail\" src=\"https:\/\/www.maxima-dia.com\/wp-content\/uploads\/2018\/10\/ASPIRAMAX-600-catalogo-04-150x150.jpg\" alt=\"\" width=\"150\" height=\"150\" srcset=\"https:\/\/www.maxima-dia.com\/wp-content\/uploads\/2018\/10\/ASPIRAMAX-600-catalogo-04-150x150.jpg 150w, https:\/\/www.maxima-dia.com\/wp-content\/uploads\/2018\/10\/ASPIRAMAX-600-catalogo-04-300x300.jpg 300w, https:\/\/www.maxima-dia.com\/wp-content\/uploads\/2018\/10\/ASPIRAMAX-600-catalogo-04-768x768.jpg 768w, https:\/\/www.maxima-dia.com\/wp-content\/uploads\/2018\/10\/ASPIRAMAX-600-catalogo-04-1024x1024.jpg 1024w, https:\/\/www.maxima-dia.com\/wp-content\/uploads\/2018\/10\/ASPIRAMAX-600-catalogo-04-80x80.jpg 80w, https:\/\/www.maxima-dia.com\/wp-content\/uploads\/2018\/10\/ASPIRAMAX-600-catalogo-04-500x500.jpg 500w, https:\/\/www.maxima-dia.com\/wp-content\/uploads\/2018\/10\/ASPIRAMAX-600-catalogo-04-1000x1000.jpg 1000w, https:\/\/www.maxima-dia.com\/wp-content\/uploads\/2018\/10\/ASPIRAMAX-600-catalogo-04.jpg 1500w\" sizes=\"(max-width: 150px) 100vw, 150px\" \/><\/a><\/td>\n<td style=\"text-align: center; width: 20%;\"><a href=\"https:\/\/www.maxima-dia.com\/wp-content\/uploads\/2018\/10\/ASPIRAMAX-600-catalogo-02.jpg\"><img loading=\"lazy\" decoding=\"async\" class=\"alignnone wp-image-18592 size-thumbnail\" src=\"https:\/\/www.maxima-dia.com\/wp-content\/uploads\/2018\/10\/ASPIRAMAX-600-catalogo-02-150x150.jpg\" alt=\"\" width=\"150\" height=\"150\" srcset=\"https:\/\/www.maxima-dia.com\/wp-content\/uploads\/2018\/10\/ASPIRAMAX-600-catalogo-02-150x150.jpg 150w, https:\/\/www.maxima-dia.com\/wp-content\/uploads\/2018\/10\/ASPIRAMAX-600-catalogo-02-300x300.jpg 300w, https:\/\/www.maxima-dia.com\/wp-content\/uploads\/2018\/10\/ASPIRAMAX-600-catalogo-02-768x768.jpg 768w, https:\/\/www.maxima-dia.com\/wp-content\/uploads\/2018\/10\/ASPIRAMAX-600-catalogo-02-1024x1024.jpg 1024w, https:\/\/www.maxima-dia.com\/wp-content\/uploads\/2018\/10\/ASPIRAMAX-600-catalogo-02-80x80.jpg 80w, https:\/\/www.maxima-dia.com\/wp-content\/uploads\/2018\/10\/ASPIRAMAX-600-catalogo-02-500x500.jpg 500w, https:\/\/www.maxima-dia.com\/wp-content\/uploads\/2018\/10\/ASPIRAMAX-600-catalogo-02-1000x1000.jpg 1000w, https:\/\/www.maxima-dia.com\/wp-content\/uploads\/2018\/10\/ASPIRAMAX-600-catalogo-02.jpg 1500w\" sizes=\"(max-width: 150px) 100vw, 150px\" \/><\/a>&nbsp;<\/td>\n<td style=\"text-align: center; width: 20%;\"><a href=\"https:\/\/www.maxima-dia.com\/wp-content\/uploads\/2018\/10\/ASPIRAMAX-600-catalogo-03.jpg\"><img loading=\"lazy\" decoding=\"async\" class=\"alignnone wp-image-18597 size-thumbnail\" src=\"https:\/\/www.maxima-dia.com\/wp-content\/uploads\/2018\/10\/ASPIRAMAX-600-catalogo-03-150x150.jpg\" alt=\"\" width=\"150\" height=\"150\" srcset=\"https:\/\/www.maxima-dia.com\/wp-content\/uploads\/2018\/10\/ASPIRAMAX-600-catalogo-03-150x150.jpg 150w, https:\/\/www.maxima-dia.com\/wp-content\/uploads\/2018\/10\/ASPIRAMAX-600-catalogo-03-300x300.jpg 300w, https:\/\/www.maxima-dia.com\/wp-content\/uploads\/2018\/10\/ASPIRAMAX-600-catalogo-03-768x768.jpg 768w, https:\/\/www.maxima-dia.com\/wp-content\/uploads\/2018\/10\/ASPIRAMAX-600-catalogo-03-1024x1024.jpg 1024w, https:\/\/www.maxima-dia.com\/wp-content\/uploads\/2018\/10\/ASPIRAMAX-600-catalogo-03-80x80.jpg 80w, https:\/\/www.maxima-dia.com\/wp-content\/uploads\/2018\/10\/ASPIRAMAX-600-catalogo-03-500x500.jpg 500w, https:\/\/www.maxima-dia.com\/wp-content\/uploads\/2018\/10\/ASPIRAMAX-600-catalogo-03-1000x1000.jpg 1000w, https:\/\/www.maxima-dia.com\/wp-content\/uploads\/2018\/10\/ASPIRAMAX-600-catalogo-03.jpg 1500w\" sizes=\"(max-width: 150px) 100vw, 150px\" \/><\/a><\/td>\n<td style=\"text-align: center; width: 20%;\"><a href=\"https:\/\/www.maxima-dia.com\/wp-content\/uploads\/2018\/10\/ASPIRAMAX-600-catalogo-05.jpg\"><img loading=\"lazy\" decoding=\"async\" class=\"alignnone wp-image-18607 size-thumbnail\" src=\"https:\/\/www.maxima-dia.com\/wp-content\/uploads\/2018\/10\/ASPIRAMAX-600-catalogo-05-150x150.jpg\" alt=\"\" width=\"150\" height=\"150\" srcset=\"https:\/\/www.maxima-dia.com\/wp-content\/uploads\/2018\/10\/ASPIRAMAX-600-catalogo-05-150x150.jpg 150w, https:\/\/www.maxima-dia.com\/wp-content\/uploads\/2018\/10\/ASPIRAMAX-600-catalogo-05-300x300.jpg 300w, https:\/\/www.maxima-dia.com\/wp-content\/uploads\/2018\/10\/ASPIRAMAX-600-catalogo-05-768x768.jpg 768w, https:\/\/www.maxima-dia.com\/wp-content\/uploads\/2018\/10\/ASPIRAMAX-600-catalogo-05-1024x1024.jpg 1024w, https:\/\/www.maxima-dia.com\/wp-content\/uploads\/2018\/10\/ASPIRAMAX-600-catalogo-05-80x80.jpg 80w, https:\/\/www.maxima-dia.com\/wp-content\/uploads\/2018\/10\/ASPIRAMAX-600-catalogo-05-500x500.jpg 500w, https:\/\/www.maxima-dia.com\/wp-content\/uploads\/2018\/10\/ASPIRAMAX-600-catalogo-05-1000x1000.jpg 1000w, https:\/\/www.maxima-dia.com\/wp-content\/uploads\/2018\/10\/ASPIRAMAX-600-catalogo-05.jpg 1500w\" sizes=\"(max-width: 150px) 100vw, 150px\" \/><\/a>&nbsp;<\/td>\n<td style=\"text-align: center; width: 20%;\"><a href=\"https:\/\/www.maxima-dia.com\/wp-content\/uploads\/2018\/10\/ASPIRAMAX-600-catalogo-06.jpg\"><img loading=\"lazy\" decoding=\"async\" class=\"alignnone wp-image-18612 size-thumbnail\" src=\"https:\/\/www.maxima-dia.com\/wp-content\/uploads\/2018\/10\/ASPIRAMAX-600-catalogo-06-150x150.jpg\" alt=\"\" width=\"150\" height=\"150\" srcset=\"https:\/\/www.maxima-dia.com\/wp-content\/uploads\/2018\/10\/ASPIRAMAX-600-catalogo-06-150x150.jpg 150w, https:\/\/www.maxima-dia.com\/wp-content\/uploads\/2018\/10\/ASPIRAMAX-600-catalogo-06-300x300.jpg 300w, https:\/\/www.maxima-dia.com\/wp-content\/uploads\/2018\/10\/ASPIRAMAX-600-catalogo-06-768x768.jpg 768w, https:\/\/www.maxima-dia.com\/wp-content\/uploads\/2018\/10\/ASPIRAMAX-600-catalogo-06-1024x1024.jpg 1024w, https:\/\/www.maxima-dia.com\/wp-content\/uploads\/2018\/10\/ASPIRAMAX-600-catalogo-06-80x80.jpg 80w, https:\/\/www.maxima-dia.com\/wp-content\/uploads\/2018\/10\/ASPIRAMAX-600-catalogo-06-500x500.jpg 500w, https:\/\/www.maxima-dia.com\/wp-content\/uploads\/2018\/10\/ASPIRAMAX-600-catalogo-06-1000x1000.jpg 1000w, https:\/\/www.maxima-dia.com\/wp-content\/uploads\/2018\/10\/ASPIRAMAX-600-catalogo-06.jpg 1500w\" sizes=\"(max-width: 150px) 100vw, 150px\" \/><\/a><\/td>\n<\/tr>\n<\/tbody>\n<\/table>\n<p>&nbsp;<\/p>\n<table class=\"tabellatecnica\" style=\"width: 100%;\" border=\"0\" cellspacing=\"0\" cellpadding=\"0\">\n<thead>\n<tr>\n<td class=\"testata\" style=\"width: 100%;\" colspan=\"2\">CARACTER\u00cdSTICA T\u00c9CNICAS<\/td>\n<\/tr>\n<\/thead>\n<tbody>\n<tr>\n<td class=\"coltesto1\" style=\"width: 50%;\">Power: 3 motors x 1400 W each &#8211; 230 V &#8211; 50\/60 Hz<\/td>\n<td class=\"coltesto2\" style=\"width: 50%;\">Protection: IP 42<\/td>\n<\/tr>\n<tr>\n<td class=\"coltesto1\" style=\"width: 50%;\">Total Max Power: 4800 W &#8211; 20 A<\/td>\n<td class=\"coltesto2\" style=\"width: 50%;\">Maximum depression: mmH<sub>2<\/sub>O: 2450<\/td>\n<\/tr>\n<tr>\n<td class=\"coltesto1\" style=\"width: 50%;\">N\u00b01 Innovative Filter<\/td>\n<td class=\"coltesto2\" style=\"width: 50%;\">Suction: m<sup>3<\/sup>\/h: 600<\/td>\n<\/tr>\n<tr>\n<td class=\"coltesto2\" style=\"width: 50%;\">Weight: 125 Kg<\/td>\n<td class=\"coltesto2\" style=\"width: 50%;\">Suction Pipe Length: 4,5 m<\/td>\n<\/tr>\n<tr>\n<td class=\"coltesto2\" style=\"width: 50%;\">Capacity: Longpac 30 notches for 25 Kg each<\/td>\n<td class=\"coltesto2\" style=\"width: 50%;\">Dimensions (Lenght x Width x Height): 70 x 140 x 130 cm<\/td>\n<\/tr>\n<tr>\n<td style=\"width: 50%;\">Filtered surface: 14.000 cm<sup>2<\/sup><\/td>\n<td style=\"width: 50%;\">Hour counter: yes<\/td>\n<\/tr>\n<\/tbody>\n<\/table>\n<p>[\/vc_column_text][\/vc_column][\/vc_row]<\/p>\n<\/div>","protected":false},"excerpt":{"rendered":"<p>[vc_row][vc_column text_align=\u00bbcenter\u00bb width=\u00bb1\/4&#8243;][vc_column_text] construida en la Uni\u00f3n Europea&nbsp; &#8211; certificada CE[\/vc_column_text][\/vc_column][vc_column width=\u00bb3\/4&#8243;][vc_column_text]The primary focus of Maxima\u2019s engineers during the conception of Aspiramax 600 has been the build quality and the suction power, with the purpose to obtain a machine with a longer lifetime and more versatile during the intensive use. Projected to withdraw huge amounts of powder in combination with other machines which produce an intense removal of polished materials, like, for example: working on concrete pavements as stone and marble floors. The suggestion for an optimal use is to match\/link it with the Levimax 280 or Levimax 550 grinder machines, or with any other construction machine that requires during the operation to aspirate a huge amount of powders. &nbsp; &nbsp; &nbsp; CARACTER\u00cdSTICA T\u00c9CNICAS Power: 3 motors x 1400 W each &#8211; 230 V &#8211; 50\/60 Hz Protection: IP 42 Total Max Power: 4800 W &#8211; 20 A Maximum depression: mmH2O: 2450 N\u00b01 Innovative Filter Suction: m3\/h: 600 Weight: 125 Kg Suction Pipe Length: 4,5 m Capacity: Longpac 30 notches for 25 Kg each Dimensions (Lenght x Width x Height): 70 x 140 x 130 cm Filtered surface: 14.000 cm2 Hour counter: yes [\/vc_column_text][\/vc_column][\/vc_row]<\/p>\n","protected":false},"author":29,"featured_media":18591,"parent":19025,"menu_order":7,"comment_status":"closed","ping_status":"closed","template":"","meta":{"ngg_post_thumbnail":0,"_joinchat":[],"footnotes":""},"class_list":["post-19121","page","type-page","status-publish","has-post-thumbnail","hentry"],"yoast_head":"<!-- This site is optimized with the Yoast SEO plugin v25.5 - https:\/\/yoast.com\/wordpress\/plugins\/seo\/ -->\n<title>Aspiramax 600 - Maxima SpA<\/title>\n<meta name=\"description\" content=\"La Perforadora manual profesional en seco m\u00e1s vendida, la CAROMAX 1800 une a la micro-vibraci\u00f3n la potencia de 1800 W que la convierten en la perforadora de m\u00e1s altas prestaciones que se encuentra en el mercado\" \/>\n<meta name=\"robots\" content=\"index, follow, max-snippet:-1, max-image-preview:large, max-video-preview:-1\" \/>\n<link rel=\"canonical\" href=\"https:\/\/www.maxima-dia.com\/es\/maquinas-de-rectificadora-para-la-construccion\/aspiramax-600\/\" \/>\n<meta property=\"og:locale\" content=\"es_ES\" \/>\n<meta property=\"og:type\" content=\"article\" \/>\n<meta property=\"og:title\" content=\"Aspiramax 600 - Maxima SpA\" \/>\n<meta property=\"og:description\" content=\"La Perforadora manual profesional en seco m\u00e1s vendida, la CAROMAX 1800 une a la micro-vibraci\u00f3n la potencia de 1800 W que la convierten en la perforadora de m\u00e1s altas prestaciones que se encuentra en el mercado\" \/>\n<meta property=\"og:url\" content=\"https:\/\/www.maxima-dia.com\/es\/maquinas-de-rectificadora-para-la-construccion\/aspiramax-600\/\" \/>\n<meta property=\"og:site_name\" content=\"Maxima SpA\" \/>\n<meta property=\"article:publisher\" content=\"https:\/\/www.facebook.com\/Maxima-spa-106098566139597\" \/>\n<meta property=\"article:modified_time\" content=\"2018-10-23T07:59:10+00:00\" \/>\n<meta property=\"og:image\" content=\"https:\/\/www.maxima-dia.com\/wp-content\/uploads\/2018\/10\/ASPIRAMAX-600-catalogo-01.jpg\" \/>\n\t<meta property=\"og:image:width\" content=\"1500\" \/>\n\t<meta property=\"og:image:height\" content=\"1500\" \/>\n\t<meta property=\"og:image:type\" content=\"image\/jpeg\" \/>\n<meta name=\"twitter:card\" content=\"summary_large_image\" \/>\n<meta name=\"twitter:site\" content=\"@Maximadia\" \/>\n<meta name=\"twitter:label1\" content=\"Tiempo de lectura\" \/>\n\t<meta name=\"twitter:data1\" content=\"1 minuto\" \/>\n<script type=\"application\/ld+json\" class=\"yoast-schema-graph\">{\"@context\":\"https:\/\/schema.org\",\"@graph\":[{\"@type\":\"WebPage\",\"@id\":\"https:\/\/www.maxima-dia.com\/es\/maquinas-de-rectificadora-para-la-construccion\/aspiramax-600\/\",\"url\":\"https:\/\/www.maxima-dia.com\/es\/maquinas-de-rectificadora-para-la-construccion\/aspiramax-600\/\",\"name\":\"Aspiramax 600 - Maxima SpA\",\"isPartOf\":{\"@id\":\"https:\/\/www.maxima-dia.com\/es\/#website\"},\"primaryImageOfPage\":{\"@id\":\"https:\/\/www.maxima-dia.com\/es\/maquinas-de-rectificadora-para-la-construccion\/aspiramax-600\/#primaryimage\"},\"image\":{\"@id\":\"https:\/\/www.maxima-dia.com\/es\/maquinas-de-rectificadora-para-la-construccion\/aspiramax-600\/#primaryimage\"},\"thumbnailUrl\":\"https:\/\/www.maxima-dia.com\/wp-content\/uploads\/2018\/10\/ASPIRAMAX-600-catalogo-01.jpg\",\"datePublished\":\"2018-10-23T07:51:38+00:00\",\"dateModified\":\"2018-10-23T07:59:10+00:00\",\"description\":\"La Perforadora manual profesional en seco m\u00e1s vendida, la CAROMAX 1800 une a la micro-vibraci\u00f3n la potencia de 1800 W que la convierten en la perforadora de m\u00e1s altas prestaciones que se encuentra en el mercado\",\"breadcrumb\":{\"@id\":\"https:\/\/www.maxima-dia.com\/es\/maquinas-de-rectificadora-para-la-construccion\/aspiramax-600\/#breadcrumb\"},\"inLanguage\":\"es\",\"potentialAction\":[{\"@type\":\"ReadAction\",\"target\":[\"https:\/\/www.maxima-dia.com\/es\/maquinas-de-rectificadora-para-la-construccion\/aspiramax-600\/\"]}]},{\"@type\":\"ImageObject\",\"inLanguage\":\"es\",\"@id\":\"https:\/\/www.maxima-dia.com\/es\/maquinas-de-rectificadora-para-la-construccion\/aspiramax-600\/#primaryimage\",\"url\":\"https:\/\/www.maxima-dia.com\/wp-content\/uploads\/2018\/10\/ASPIRAMAX-600-catalogo-01.jpg\",\"contentUrl\":\"https:\/\/www.maxima-dia.com\/wp-content\/uploads\/2018\/10\/ASPIRAMAX-600-catalogo-01.jpg\",\"width\":1500,\"height\":1500,\"caption\":\"Aspiramax 600\"},{\"@type\":\"BreadcrumbList\",\"@id\":\"https:\/\/www.maxima-dia.com\/es\/maquinas-de-rectificadora-para-la-construccion\/aspiramax-600\/#breadcrumb\",\"itemListElement\":[{\"@type\":\"ListItem\",\"position\":1,\"name\":\"Home\",\"item\":\"https:\/\/www.maxima-dia.com\/es\/\"},{\"@type\":\"ListItem\",\"position\":2,\"name\":\"M\u00e1quinas de Rectificadora para la Construcci\u00f3n\",\"item\":\"https:\/\/www.maxima-dia.com\/es\/maquinas-de-rectificadora-para-la-construccion\/\"},{\"@type\":\"ListItem\",\"position\":3,\"name\":\"Aspiramax 600\"}]},{\"@type\":\"WebSite\",\"@id\":\"https:\/\/www.maxima-dia.com\/es\/#website\",\"url\":\"https:\/\/www.maxima-dia.com\/es\/\",\"name\":\"Maxima SpA\",\"description\":\"Only for the real professionals\",\"potentialAction\":[{\"@type\":\"SearchAction\",\"target\":{\"@type\":\"EntryPoint\",\"urlTemplate\":\"https:\/\/www.maxima-dia.com\/es\/?s={search_term_string}\"},\"query-input\":{\"@type\":\"PropertyValueSpecification\",\"valueRequired\":true,\"valueName\":\"search_term_string\"}}],\"inLanguage\":\"es\"}]}<\/script>\n<!-- \/ Yoast SEO plugin. -->","yoast_head_json":{"title":"Aspiramax 600 - Maxima SpA","description":"La Perforadora manual profesional en seco m\u00e1s vendida, la CAROMAX 1800 une a la micro-vibraci\u00f3n la potencia de 1800 W que la convierten en la perforadora de m\u00e1s altas prestaciones que se encuentra en el mercado","robots":{"index":"index","follow":"follow","max-snippet":"max-snippet:-1","max-image-preview":"max-image-preview:large","max-video-preview":"max-video-preview:-1"},"canonical":"https:\/\/www.maxima-dia.com\/es\/maquinas-de-rectificadora-para-la-construccion\/aspiramax-600\/","og_locale":"es_ES","og_type":"article","og_title":"Aspiramax 600 - Maxima SpA","og_description":"La Perforadora manual profesional en seco m\u00e1s vendida, la CAROMAX 1800 une a la micro-vibraci\u00f3n la potencia de 1800 W que la convierten en la perforadora de m\u00e1s altas prestaciones que se encuentra en el mercado","og_url":"https:\/\/www.maxima-dia.com\/es\/maquinas-de-rectificadora-para-la-construccion\/aspiramax-600\/","og_site_name":"Maxima SpA","article_publisher":"https:\/\/www.facebook.com\/Maxima-spa-106098566139597","article_modified_time":"2018-10-23T07:59:10+00:00","og_image":[{"width":1500,"height":1500,"url":"https:\/\/www.maxima-dia.com\/wp-content\/uploads\/2018\/10\/ASPIRAMAX-600-catalogo-01.jpg","type":"image\/jpeg"}],"twitter_card":"summary_large_image","twitter_site":"@Maximadia","twitter_misc":{"Tiempo de lectura":"1 minuto"},"schema":{"@context":"https:\/\/schema.org","@graph":[{"@type":"WebPage","@id":"https:\/\/www.maxima-dia.com\/es\/maquinas-de-rectificadora-para-la-construccion\/aspiramax-600\/","url":"https:\/\/www.maxima-dia.com\/es\/maquinas-de-rectificadora-para-la-construccion\/aspiramax-600\/","name":"Aspiramax 600 - Maxima SpA","isPartOf":{"@id":"https:\/\/www.maxima-dia.com\/es\/#website"},"primaryImageOfPage":{"@id":"https:\/\/www.maxima-dia.com\/es\/maquinas-de-rectificadora-para-la-construccion\/aspiramax-600\/#primaryimage"},"image":{"@id":"https:\/\/www.maxima-dia.com\/es\/maquinas-de-rectificadora-para-la-construccion\/aspiramax-600\/#primaryimage"},"thumbnailUrl":"https:\/\/www.maxima-dia.com\/wp-content\/uploads\/2018\/10\/ASPIRAMAX-600-catalogo-01.jpg","datePublished":"2018-10-23T07:51:38+00:00","dateModified":"2018-10-23T07:59:10+00:00","description":"La Perforadora manual profesional en seco m\u00e1s vendida, la CAROMAX 1800 une a la micro-vibraci\u00f3n la potencia de 1800 W que la convierten en la perforadora de m\u00e1s altas prestaciones que se encuentra en el mercado","breadcrumb":{"@id":"https:\/\/www.maxima-dia.com\/es\/maquinas-de-rectificadora-para-la-construccion\/aspiramax-600\/#breadcrumb"},"inLanguage":"es","potentialAction":[{"@type":"ReadAction","target":["https:\/\/www.maxima-dia.com\/es\/maquinas-de-rectificadora-para-la-construccion\/aspiramax-600\/"]}]},{"@type":"ImageObject","inLanguage":"es","@id":"https:\/\/www.maxima-dia.com\/es\/maquinas-de-rectificadora-para-la-construccion\/aspiramax-600\/#primaryimage","url":"https:\/\/www.maxima-dia.com\/wp-content\/uploads\/2018\/10\/ASPIRAMAX-600-catalogo-01.jpg","contentUrl":"https:\/\/www.maxima-dia.com\/wp-content\/uploads\/2018\/10\/ASPIRAMAX-600-catalogo-01.jpg","width":1500,"height":1500,"caption":"Aspiramax 600"},{"@type":"BreadcrumbList","@id":"https:\/\/www.maxima-dia.com\/es\/maquinas-de-rectificadora-para-la-construccion\/aspiramax-600\/#breadcrumb","itemListElement":[{"@type":"ListItem","position":1,"name":"Home","item":"https:\/\/www.maxima-dia.com\/es\/"},{"@type":"ListItem","position":2,"name":"M\u00e1quinas de Rectificadora para la Construcci\u00f3n","item":"https:\/\/www.maxima-dia.com\/es\/maquinas-de-rectificadora-para-la-construccion\/"},{"@type":"ListItem","position":3,"name":"Aspiramax 600"}]},{"@type":"WebSite","@id":"https:\/\/www.maxima-dia.com\/es\/#website","url":"https:\/\/www.maxima-dia.com\/es\/","name":"Maxima SpA","description":"Only for the real professionals","potentialAction":[{"@type":"SearchAction","target":{"@type":"EntryPoint","urlTemplate":"https:\/\/www.maxima-dia.com\/es\/?s={search_term_string}"},"query-input":{"@type":"PropertyValueSpecification","valueRequired":true,"valueName":"search_term_string"}}],"inLanguage":"es"}]}},"_links":{"self":[{"href":"https:\/\/www.maxima-dia.com\/es\/wp-json\/wp\/v2\/pages\/19121"}],"collection":[{"href":"https:\/\/www.maxima-dia.com\/es\/wp-json\/wp\/v2\/pages"}],"about":[{"href":"https:\/\/www.maxima-dia.com\/es\/wp-json\/wp\/v2\/types\/page"}],"author":[{"embeddable":true,"href":"https:\/\/www.maxima-dia.com\/es\/wp-json\/wp\/v2\/users\/29"}],"replies":[{"embeddable":true,"href":"https:\/\/www.maxima-dia.com\/es\/wp-json\/wp\/v2\/comments?post=19121"}],"version-history":[{"count":0,"href":"https:\/\/www.maxima-dia.com\/es\/wp-json\/wp\/v2\/pages\/19121\/revisions"}],"up":[{"embeddable":true,"href":"https:\/\/www.maxima-dia.com\/es\/wp-json\/wp\/v2\/pages\/19025"}],"wp:featuredmedia":[{"embeddable":true,"href":"https:\/\/www.maxima-dia.com\/es\/wp-json\/wp\/v2\/media\/18591"}],"wp:attachment":[{"href":"https:\/\/www.maxima-dia.com\/es\/wp-json\/wp\/v2\/media?parent=19121"}],"curies":[{"name":"wp","href":"https:\/\/api.w.org\/{rel}","templated":true}]}}