{"id":19397,"date":"2018-10-25T09:46:40","date_gmt":"2018-10-25T07:46:40","guid":{"rendered":"https:\/\/www.maxima-dia.com\/?page_id=19397"},"modified":"2023-04-14T11:20:57","modified_gmt":"2023-04-14T09:20:57","slug":"slider-t115-t125","status":"publish","type":"page","link":"https:\/\/www.maxima-dia.com\/es\/accesorios-para-corte-perforacion-y-lijado\/slider-t115-t125\/","title":{"rendered":"Slider T115 &#8211; T125"},"content":{"rendered":"<div class=\"wpb-content-wrapper\"><p>[vc_row][vc_column text_align=\u00bbcenter\u00bb width=\u00bb1\/4&#8243;][vc_column_text]<a href=\"https:\/\/www.maxima-dia.com\/wp-content\/uploads\/2023\/04\/SLITTA-T115-T125.jpg\"><img loading=\"lazy\" decoding=\"async\" class=\"alignnone wp-image-40665 size-medium\" src=\"https:\/\/www.maxima-dia.com\/wp-content\/uploads\/2023\/04\/SLITTA-T115-T125-300x300.jpg\" alt=\"\" width=\"300\" height=\"300\" srcset=\"https:\/\/www.maxima-dia.com\/wp-content\/uploads\/2023\/04\/SLITTA-T115-T125-300x300.jpg 300w, https:\/\/www.maxima-dia.com\/wp-content\/uploads\/2023\/04\/SLITTA-T115-T125-1024x1024.jpg 1024w, https:\/\/www.maxima-dia.com\/wp-content\/uploads\/2023\/04\/SLITTA-T115-T125-150x150.jpg 150w, https:\/\/www.maxima-dia.com\/wp-content\/uploads\/2023\/04\/SLITTA-T115-T125-768x768.jpg 768w, https:\/\/www.maxima-dia.com\/wp-content\/uploads\/2023\/04\/SLITTA-T115-T125-80x80.jpg 80w, https:\/\/www.maxima-dia.com\/wp-content\/uploads\/2023\/04\/SLITTA-T115-T125-500x500.jpg 500w, https:\/\/www.maxima-dia.com\/wp-content\/uploads\/2023\/04\/SLITTA-T115-T125-1000x1000.jpg 1000w, https:\/\/www.maxima-dia.com\/wp-content\/uploads\/2023\/04\/SLITTA-T115-T125.jpg 1200w\" sizes=\"(max-width: 300px) 100vw, 300px\" \/><\/a>[\/vc_column_text][vc_column_text css_animation=\u00bbslideInDown\u00bb el_class=\u00bbhidebuybutton\u00bb]<a href=\"https:\/\/www.storemaxima.com\/es\/accesorios-para-corte-perforacion-y-lijado\/227-slitta-t115-t125.html\" target=\"_blank\" rel=\"noopener\"><img loading=\"lazy\" decoding=\"async\" class=\"alignnone\" title=\"Comprar en www.storemaxima.com\" src=\"https:\/\/www.maxima-dia.com\/wp-content\/uploads\/2019\/12\/pulsante-acquista-storemaxima.com-es.svg\" alt=\"Comprar en www.storemaxima.com\" width=\"180\" height=\"80\"><\/a>[\/vc_column_text][\/vc_column][vc_column width=\u00bb3\/4&#8243;][vc_column_text]La <strong>Corredera T115<\/strong> y <strong>T125<\/strong> es una ayuda \u00fatil para mejorar la precisi\u00f3n de los cortes con su amoladora, si no dispone de una cortadora de baldosas profesional. Mantiene el disco perpendicular a la baldosa, regularizando el avance y reduciendo el riesgo de mellar la superficie, as\u00ed como mejorando su est\u00e9tica y acabado final. Adaptable para amoladoras de cualquier marca con 115 mm y 125 mm de di\u00e1metro.<\/p>\n<table class=\"tabellafotocarotaggio\" style=\"width: 100%;\">\n<tbody>\n<tr>\n<td style=\"text-align: center; width: 20%;\"><a href=\"https:\/\/www.maxima-dia.com\/wp-content\/uploads\/2018\/10\/SLITTAT115-lato-sx-01.jpg\"><img loading=\"lazy\" decoding=\"async\" class=\"alignnone wp-image-19344 size-thumbnail\" src=\"https:\/\/www.maxima-dia.com\/wp-content\/uploads\/2018\/10\/SLITTAT115-lato-sx-01-150x150.jpg\" alt=\"\" width=\"150\" height=\"150\" srcset=\"https:\/\/www.maxima-dia.com\/wp-content\/uploads\/2018\/10\/SLITTAT115-lato-sx-01-150x150.jpg 150w, https:\/\/www.maxima-dia.com\/wp-content\/uploads\/2018\/10\/SLITTAT115-lato-sx-01-300x300.jpg 300w, https:\/\/www.maxima-dia.com\/wp-content\/uploads\/2018\/10\/SLITTAT115-lato-sx-01-768x768.jpg 768w, https:\/\/www.maxima-dia.com\/wp-content\/uploads\/2018\/10\/SLITTAT115-lato-sx-01-1024x1024.jpg 1024w, https:\/\/www.maxima-dia.com\/wp-content\/uploads\/2018\/10\/SLITTAT115-lato-sx-01-80x80.jpg 80w, https:\/\/www.maxima-dia.com\/wp-content\/uploads\/2018\/10\/SLITTAT115-lato-sx-01-500x500.jpg 500w, https:\/\/www.maxima-dia.com\/wp-content\/uploads\/2018\/10\/SLITTAT115-lato-sx-01-1000x1000.jpg 1000w, https:\/\/www.maxima-dia.com\/wp-content\/uploads\/2018\/10\/SLITTAT115-lato-sx-01.jpg 1500w\" sizes=\"(max-width: 150px) 100vw, 150px\" \/><\/a><\/td>\n<td style=\"text-align: center; width: 20%;\"><a href=\"https:\/\/www.maxima-dia.com\/wp-content\/uploads\/2018\/10\/SLITTAT115-lato-sinistro.jpg\"><img loading=\"lazy\" decoding=\"async\" class=\"alignnone wp-image-19339 size-thumbnail\" src=\"https:\/\/www.maxima-dia.com\/wp-content\/uploads\/2018\/10\/SLITTAT115-lato-sinistro-150x150.jpg\" alt=\"\" width=\"150\" height=\"150\" srcset=\"https:\/\/www.maxima-dia.com\/wp-content\/uploads\/2018\/10\/SLITTAT115-lato-sinistro-150x150.jpg 150w, https:\/\/www.maxima-dia.com\/wp-content\/uploads\/2018\/10\/SLITTAT115-lato-sinistro-300x300.jpg 300w, https:\/\/www.maxima-dia.com\/wp-content\/uploads\/2018\/10\/SLITTAT115-lato-sinistro-768x768.jpg 768w, https:\/\/www.maxima-dia.com\/wp-content\/uploads\/2018\/10\/SLITTAT115-lato-sinistro-1024x1024.jpg 1024w, https:\/\/www.maxima-dia.com\/wp-content\/uploads\/2018\/10\/SLITTAT115-lato-sinistro-80x80.jpg 80w, https:\/\/www.maxima-dia.com\/wp-content\/uploads\/2018\/10\/SLITTAT115-lato-sinistro-500x500.jpg 500w, https:\/\/www.maxima-dia.com\/wp-content\/uploads\/2018\/10\/SLITTAT115-lato-sinistro-1000x1000.jpg 1000w, https:\/\/www.maxima-dia.com\/wp-content\/uploads\/2018\/10\/SLITTAT115-lato-sinistro.jpg 1500w\" sizes=\"(max-width: 150px) 100vw, 150px\" \/><\/a>&nbsp;<\/td>\n<td style=\"text-align: center; width: 20%;\"><a href=\"https:\/\/www.maxima-dia.com\/wp-content\/uploads\/2018\/10\/SLITTAT115-lato-sx-02.jpg\"><img loading=\"lazy\" decoding=\"async\" class=\"alignnone wp-image-19349 size-thumbnail\" src=\"https:\/\/www.maxima-dia.com\/wp-content\/uploads\/2018\/10\/SLITTAT115-lato-sx-02-150x150.jpg\" alt=\"\" width=\"150\" height=\"150\" srcset=\"https:\/\/www.maxima-dia.com\/wp-content\/uploads\/2018\/10\/SLITTAT115-lato-sx-02-150x150.jpg 150w, https:\/\/www.maxima-dia.com\/wp-content\/uploads\/2018\/10\/SLITTAT115-lato-sx-02-300x300.jpg 300w, https:\/\/www.maxima-dia.com\/wp-content\/uploads\/2018\/10\/SLITTAT115-lato-sx-02-768x768.jpg 768w, https:\/\/www.maxima-dia.com\/wp-content\/uploads\/2018\/10\/SLITTAT115-lato-sx-02-1024x1024.jpg 1024w, https:\/\/www.maxima-dia.com\/wp-content\/uploads\/2018\/10\/SLITTAT115-lato-sx-02-80x80.jpg 80w, https:\/\/www.maxima-dia.com\/wp-content\/uploads\/2018\/10\/SLITTAT115-lato-sx-02-500x500.jpg 500w, https:\/\/www.maxima-dia.com\/wp-content\/uploads\/2018\/10\/SLITTAT115-lato-sx-02-1000x1000.jpg 1000w, https:\/\/www.maxima-dia.com\/wp-content\/uploads\/2018\/10\/SLITTAT115-lato-sx-02.jpg 1500w\" sizes=\"(max-width: 150px) 100vw, 150px\" \/><\/a><\/td>\n<\/tr>\n<tr>\n<td style=\"text-align: center; width: 20%;\">2 Times less chips<\/td>\n<td style=\"text-align: center; width: 20%;\">Always right angle 90\u00b0 Direct and straight cutting<\/td>\n<td style=\"text-align: center; width: 20%;\">Repeated cutting depth. Comfortable and stable work<\/td>\n<\/tr>\n<\/tbody>\n<\/table>\n<p>&nbsp;<\/p>\n<div id=\"gtx-trans\" style=\"position: absolute; left: 464px; top: 440px;\">\n<div class=\"gtx-trans-icon\">&nbsp;<\/div>\n<\/div>\n<p>[\/vc_column_text][\/vc_column][\/vc_row]<\/p>\n<\/div>","protected":false},"excerpt":{"rendered":"<p>[vc_row][vc_column text_align=\u00bbcenter\u00bb width=\u00bb1\/4&#8243;][vc_column_text][\/vc_column_text][vc_column_text css_animation=\u00bbslideInDown\u00bb el_class=\u00bbhidebuybutton\u00bb][\/vc_column_text][\/vc_column][vc_column width=\u00bb3\/4&#8243;][vc_column_text]La Corredera T115 y T125 es una ayuda \u00fatil para mejorar la precisi\u00f3n de los cortes con su amoladora, si no dispone de una cortadora de baldosas profesional. Mantiene el disco perpendicular a la baldosa, regularizando el avance y reduciendo el riesgo de mellar la superficie, as\u00ed como mejorando su est\u00e9tica y acabado final. Adaptable para amoladoras de cualquier marca con 115 mm y 125 mm de di\u00e1metro. &nbsp; 2 Times less chips Always right angle 90\u00b0 Direct and straight cutting Repeated cutting depth. Comfortable and stable work &nbsp; &nbsp; [\/vc_column_text][\/vc_column][\/vc_row]<\/p>\n","protected":false},"author":29,"featured_media":29308,"parent":19385,"menu_order":4,"comment_status":"closed","ping_status":"closed","template":"","meta":{"ngg_post_thumbnail":0,"_joinchat":[],"footnotes":""},"class_list":["post-19397","page","type-page","status-publish","has-post-thumbnail","hentry"],"yoast_head":"<!-- This site is optimized with the Yoast SEO plugin v25.5 - https:\/\/yoast.com\/wordpress\/plugins\/seo\/ -->\n<title>Slider T115 - T125 - Maxima SpA<\/title>\n<meta name=\"robots\" content=\"index, follow, max-snippet:-1, max-image-preview:large, max-video-preview:-1\" \/>\n<link rel=\"canonical\" href=\"https:\/\/www.maxima-dia.com\/es\/accesorios-para-corte-perforacion-y-lijado\/slider-t115-t125\/\" \/>\n<meta property=\"og:locale\" content=\"es_ES\" \/>\n<meta property=\"og:type\" content=\"article\" \/>\n<meta property=\"og:title\" content=\"Slider T115 - T125 - Maxima SpA\" \/>\n<meta property=\"og:description\" content=\"[vc_row][vc_column text_align=\u00bbcenter\u00bb width=\u00bb1\/4&#8243;][vc_column_text][\/vc_column_text][vc_column_text css_animation=\u00bbslideInDown\u00bb el_class=\u00bbhidebuybutton\u00bb][\/vc_column_text][\/vc_column][vc_column width=\u00bb3\/4&#8243;][vc_column_text]La Corredera T115 y T125 es una ayuda \u00fatil para mejorar la precisi\u00f3n de los cortes con su amoladora, si no dispone de una cortadora de baldosas profesional. Mantiene el disco perpendicular a la baldosa, regularizando el avance y reduciendo el riesgo de mellar la superficie, as\u00ed como mejorando su est\u00e9tica y acabado final. Adaptable para amoladoras de cualquier marca con 115 mm y 125 mm de di\u00e1metro. &nbsp; 2 Times less chips Always right angle 90\u00b0 Direct and straight cutting Repeated cutting depth. Comfortable and stable work &nbsp; &nbsp; [\/vc_column_text][\/vc_column][\/vc_row]\" \/>\n<meta property=\"og:url\" content=\"https:\/\/www.maxima-dia.com\/es\/accesorios-para-corte-perforacion-y-lijado\/slider-t115-t125\/\" \/>\n<meta property=\"og:site_name\" content=\"Maxima SpA\" \/>\n<meta property=\"article:publisher\" content=\"https:\/\/www.facebook.com\/Maxima-spa-106098566139597\" \/>\n<meta property=\"article:modified_time\" content=\"2023-04-14T09:20:57+00:00\" \/>\n<meta property=\"og:image\" content=\"https:\/\/www.maxima-dia.com\/wp-content\/uploads\/2022\/11\/SLITTAT115-catalogo-01.jpg\" \/>\n\t<meta property=\"og:image:width\" content=\"1700\" \/>\n\t<meta property=\"og:image:height\" content=\"1700\" \/>\n\t<meta property=\"og:image:type\" content=\"image\/jpeg\" \/>\n<meta name=\"twitter:card\" content=\"summary_large_image\" \/>\n<meta name=\"twitter:site\" content=\"@Maximadia\" \/>\n<meta name=\"twitter:label1\" content=\"Tiempo de lectura\" \/>\n\t<meta name=\"twitter:data1\" content=\"2 minutos\" \/>\n<script type=\"application\/ld+json\" class=\"yoast-schema-graph\">{\"@context\":\"https:\/\/schema.org\",\"@graph\":[{\"@type\":\"WebPage\",\"@id\":\"https:\/\/www.maxima-dia.com\/es\/accesorios-para-corte-perforacion-y-lijado\/slider-t115-t125\/\",\"url\":\"https:\/\/www.maxima-dia.com\/es\/accesorios-para-corte-perforacion-y-lijado\/slider-t115-t125\/\",\"name\":\"Slider T115 - T125 - Maxima SpA\",\"isPartOf\":{\"@id\":\"https:\/\/www.maxima-dia.com\/es\/#website\"},\"primaryImageOfPage\":{\"@id\":\"https:\/\/www.maxima-dia.com\/es\/accesorios-para-corte-perforacion-y-lijado\/slider-t115-t125\/#primaryimage\"},\"image\":{\"@id\":\"https:\/\/www.maxima-dia.com\/es\/accesorios-para-corte-perforacion-y-lijado\/slider-t115-t125\/#primaryimage\"},\"thumbnailUrl\":\"https:\/\/www.maxima-dia.com\/wp-content\/uploads\/2022\/11\/SLITTAT115-catalogo-01.jpg\",\"datePublished\":\"2018-10-25T07:46:40+00:00\",\"dateModified\":\"2023-04-14T09:20:57+00:00\",\"breadcrumb\":{\"@id\":\"https:\/\/www.maxima-dia.com\/es\/accesorios-para-corte-perforacion-y-lijado\/slider-t115-t125\/#breadcrumb\"},\"inLanguage\":\"es\",\"potentialAction\":[{\"@type\":\"ReadAction\",\"target\":[\"https:\/\/www.maxima-dia.com\/es\/accesorios-para-corte-perforacion-y-lijado\/slider-t115-t125\/\"]}]},{\"@type\":\"ImageObject\",\"inLanguage\":\"es\",\"@id\":\"https:\/\/www.maxima-dia.com\/es\/accesorios-para-corte-perforacion-y-lijado\/slider-t115-t125\/#primaryimage\",\"url\":\"https:\/\/www.maxima-dia.com\/wp-content\/uploads\/2022\/11\/SLITTAT115-catalogo-01.jpg\",\"contentUrl\":\"https:\/\/www.maxima-dia.com\/wp-content\/uploads\/2022\/11\/SLITTAT115-catalogo-01.jpg\",\"width\":1700,\"height\":1700},{\"@type\":\"BreadcrumbList\",\"@id\":\"https:\/\/www.maxima-dia.com\/es\/accesorios-para-corte-perforacion-y-lijado\/slider-t115-t125\/#breadcrumb\",\"itemListElement\":[{\"@type\":\"ListItem\",\"position\":1,\"name\":\"Home\",\"item\":\"https:\/\/www.maxima-dia.com\/es\/\"},{\"@type\":\"ListItem\",\"position\":2,\"name\":\"Accesorios para corte, perforaci\u00f3n y lijado\",\"item\":\"https:\/\/www.maxima-dia.com\/es\/accesorios-para-corte-perforacion-y-lijado\/\"},{\"@type\":\"ListItem\",\"position\":3,\"name\":\"Slider T115 &#8211; T125\"}]},{\"@type\":\"WebSite\",\"@id\":\"https:\/\/www.maxima-dia.com\/es\/#website\",\"url\":\"https:\/\/www.maxima-dia.com\/es\/\",\"name\":\"Maxima SpA\",\"description\":\"Only for the real professionals\",\"potentialAction\":[{\"@type\":\"SearchAction\",\"target\":{\"@type\":\"EntryPoint\",\"urlTemplate\":\"https:\/\/www.maxima-dia.com\/es\/?s={search_term_string}\"},\"query-input\":{\"@type\":\"PropertyValueSpecification\",\"valueRequired\":true,\"valueName\":\"search_term_string\"}}],\"inLanguage\":\"es\"}]}<\/script>\n<!-- \/ Yoast SEO plugin. -->","yoast_head_json":{"title":"Slider T115 - T125 - Maxima SpA","robots":{"index":"index","follow":"follow","max-snippet":"max-snippet:-1","max-image-preview":"max-image-preview:large","max-video-preview":"max-video-preview:-1"},"canonical":"https:\/\/www.maxima-dia.com\/es\/accesorios-para-corte-perforacion-y-lijado\/slider-t115-t125\/","og_locale":"es_ES","og_type":"article","og_title":"Slider T115 - T125 - Maxima SpA","og_description":"[vc_row][vc_column text_align=\u00bbcenter\u00bb width=\u00bb1\/4&#8243;][vc_column_text][\/vc_column_text][vc_column_text css_animation=\u00bbslideInDown\u00bb el_class=\u00bbhidebuybutton\u00bb][\/vc_column_text][\/vc_column][vc_column width=\u00bb3\/4&#8243;][vc_column_text]La Corredera T115 y T125 es una ayuda \u00fatil para mejorar la precisi\u00f3n de los cortes con su amoladora, si no dispone de una cortadora de baldosas profesional. Mantiene el disco perpendicular a la baldosa, regularizando el avance y reduciendo el riesgo de mellar la superficie, as\u00ed como mejorando su est\u00e9tica y acabado final. Adaptable para amoladoras de cualquier marca con 115 mm y 125 mm de di\u00e1metro. &nbsp; 2 Times less chips Always right angle 90\u00b0 Direct and straight cutting Repeated cutting depth. Comfortable and stable work &nbsp; &nbsp; [\/vc_column_text][\/vc_column][\/vc_row]","og_url":"https:\/\/www.maxima-dia.com\/es\/accesorios-para-corte-perforacion-y-lijado\/slider-t115-t125\/","og_site_name":"Maxima SpA","article_publisher":"https:\/\/www.facebook.com\/Maxima-spa-106098566139597","article_modified_time":"2023-04-14T09:20:57+00:00","og_image":[{"width":1700,"height":1700,"url":"https:\/\/www.maxima-dia.com\/wp-content\/uploads\/2022\/11\/SLITTAT115-catalogo-01.jpg","type":"image\/jpeg"}],"twitter_card":"summary_large_image","twitter_site":"@Maximadia","twitter_misc":{"Tiempo de lectura":"2 minutos"},"schema":{"@context":"https:\/\/schema.org","@graph":[{"@type":"WebPage","@id":"https:\/\/www.maxima-dia.com\/es\/accesorios-para-corte-perforacion-y-lijado\/slider-t115-t125\/","url":"https:\/\/www.maxima-dia.com\/es\/accesorios-para-corte-perforacion-y-lijado\/slider-t115-t125\/","name":"Slider T115 - T125 - Maxima SpA","isPartOf":{"@id":"https:\/\/www.maxima-dia.com\/es\/#website"},"primaryImageOfPage":{"@id":"https:\/\/www.maxima-dia.com\/es\/accesorios-para-corte-perforacion-y-lijado\/slider-t115-t125\/#primaryimage"},"image":{"@id":"https:\/\/www.maxima-dia.com\/es\/accesorios-para-corte-perforacion-y-lijado\/slider-t115-t125\/#primaryimage"},"thumbnailUrl":"https:\/\/www.maxima-dia.com\/wp-content\/uploads\/2022\/11\/SLITTAT115-catalogo-01.jpg","datePublished":"2018-10-25T07:46:40+00:00","dateModified":"2023-04-14T09:20:57+00:00","breadcrumb":{"@id":"https:\/\/www.maxima-dia.com\/es\/accesorios-para-corte-perforacion-y-lijado\/slider-t115-t125\/#breadcrumb"},"inLanguage":"es","potentialAction":[{"@type":"ReadAction","target":["https:\/\/www.maxima-dia.com\/es\/accesorios-para-corte-perforacion-y-lijado\/slider-t115-t125\/"]}]},{"@type":"ImageObject","inLanguage":"es","@id":"https:\/\/www.maxima-dia.com\/es\/accesorios-para-corte-perforacion-y-lijado\/slider-t115-t125\/#primaryimage","url":"https:\/\/www.maxima-dia.com\/wp-content\/uploads\/2022\/11\/SLITTAT115-catalogo-01.jpg","contentUrl":"https:\/\/www.maxima-dia.com\/wp-content\/uploads\/2022\/11\/SLITTAT115-catalogo-01.jpg","width":1700,"height":1700},{"@type":"BreadcrumbList","@id":"https:\/\/www.maxima-dia.com\/es\/accesorios-para-corte-perforacion-y-lijado\/slider-t115-t125\/#breadcrumb","itemListElement":[{"@type":"ListItem","position":1,"name":"Home","item":"https:\/\/www.maxima-dia.com\/es\/"},{"@type":"ListItem","position":2,"name":"Accesorios para corte, perforaci\u00f3n y lijado","item":"https:\/\/www.maxima-dia.com\/es\/accesorios-para-corte-perforacion-y-lijado\/"},{"@type":"ListItem","position":3,"name":"Slider T115 &#8211; T125"}]},{"@type":"WebSite","@id":"https:\/\/www.maxima-dia.com\/es\/#website","url":"https:\/\/www.maxima-dia.com\/es\/","name":"Maxima SpA","description":"Only for the real professionals","potentialAction":[{"@type":"SearchAction","target":{"@type":"EntryPoint","urlTemplate":"https:\/\/www.maxima-dia.com\/es\/?s={search_term_string}"},"query-input":{"@type":"PropertyValueSpecification","valueRequired":true,"valueName":"search_term_string"}}],"inLanguage":"es"}]}},"_links":{"self":[{"href":"https:\/\/www.maxima-dia.com\/es\/wp-json\/wp\/v2\/pages\/19397"}],"collection":[{"href":"https:\/\/www.maxima-dia.com\/es\/wp-json\/wp\/v2\/pages"}],"about":[{"href":"https:\/\/www.maxima-dia.com\/es\/wp-json\/wp\/v2\/types\/page"}],"author":[{"embeddable":true,"href":"https:\/\/www.maxima-dia.com\/es\/wp-json\/wp\/v2\/users\/29"}],"replies":[{"embeddable":true,"href":"https:\/\/www.maxima-dia.com\/es\/wp-json\/wp\/v2\/comments?post=19397"}],"version-history":[{"count":2,"href":"https:\/\/www.maxima-dia.com\/es\/wp-json\/wp\/v2\/pages\/19397\/revisions"}],"predecessor-version":[{"id":40678,"href":"https:\/\/www.maxima-dia.com\/es\/wp-json\/wp\/v2\/pages\/19397\/revisions\/40678"}],"up":[{"embeddable":true,"href":"https:\/\/www.maxima-dia.com\/es\/wp-json\/wp\/v2\/pages\/19385"}],"wp:featuredmedia":[{"embeddable":true,"href":"https:\/\/www.maxima-dia.com\/es\/wp-json\/wp\/v2\/media\/29308"}],"wp:attachment":[{"href":"https:\/\/www.maxima-dia.com\/es\/wp-json\/wp\/v2\/media?parent=19397"}],"curies":[{"name":"wp","href":"https:\/\/api.w.org\/{rel}","templated":true}]}}