{"id":19428,"date":"2018-10-25T10:23:24","date_gmt":"2018-10-25T08:23:24","guid":{"rendered":"https:\/\/www.maxima-dia.com\/?page_id=19428"},"modified":"2021-12-20T12:07:27","modified_gmt":"2021-12-20T11:07:27","slug":"cover-l125-l180","status":"publish","type":"page","link":"https:\/\/www.maxima-dia.com\/es\/accesorios-para-corte-perforacion-y-lijado\/cover-l125-l180\/","title":{"rendered":"Cover L125 &#8211; L180"},"content":{"rendered":"<div class=\"wpb-content-wrapper\"><p>[vc_row][vc_column text_align=\u00bbcenter\u00bb width=\u00bb1\/4&#8243;][vc_column_text]<a href=\"https:\/\/www.maxima-dia.com\/wp-content\/uploads\/2018\/10\/CuffiaL125L180catalogo03.jpg\"><img loading=\"lazy\" decoding=\"async\" class=\"alignnone wp-image-19243 size-thumbnail\" src=\"https:\/\/www.maxima-dia.com\/wp-content\/uploads\/2018\/10\/CuffiaL125L180catalogo03-150x150.jpg\" alt=\"\" width=\"150\" height=\"150\" srcset=\"https:\/\/www.maxima-dia.com\/wp-content\/uploads\/2018\/10\/CuffiaL125L180catalogo03-150x150.jpg 150w, https:\/\/www.maxima-dia.com\/wp-content\/uploads\/2018\/10\/CuffiaL125L180catalogo03-300x300.jpg 300w, https:\/\/www.maxima-dia.com\/wp-content\/uploads\/2018\/10\/CuffiaL125L180catalogo03-768x768.jpg 768w, https:\/\/www.maxima-dia.com\/wp-content\/uploads\/2018\/10\/CuffiaL125L180catalogo03-1024x1024.jpg 1024w, https:\/\/www.maxima-dia.com\/wp-content\/uploads\/2018\/10\/CuffiaL125L180catalogo03-80x80.jpg 80w, https:\/\/www.maxima-dia.com\/wp-content\/uploads\/2018\/10\/CuffiaL125L180catalogo03-500x500.jpg 500w, https:\/\/www.maxima-dia.com\/wp-content\/uploads\/2018\/10\/CuffiaL125L180catalogo03-1000x1000.jpg 1000w, https:\/\/www.maxima-dia.com\/wp-content\/uploads\/2018\/10\/CuffiaL125L180catalogo03.jpg 1500w\" sizes=\"(max-width: 150px) 100vw, 150px\" \/><\/a>[\/vc_column_text][vc_column_text css_animation=\u00bbslideInDown\u00bb el_class=\u00bbhidebuybutton\u00bb]<a href=\"https:\/\/www.storemaxima.com\/es\/lijado\/229-cuffia-l125-l180.html\" target=\"_blank\" rel=\"noopener\"><img loading=\"lazy\" decoding=\"async\" class=\"alignnone\" title=\"Comprar en www.storemaxima.com\" src=\"https:\/\/www.maxima-dia.com\/wp-content\/uploads\/2019\/12\/pulsante-acquista-storemaxima.com-es.svg\" alt=\"Comprar en www.storemaxima.com\" width=\"180\" height=\"80\"><\/a>[\/vc_column_text][\/vc_column][vc_column width=\u00bb3\/4&#8243;][vc_column_text]Si no se puede disponer de una pulidora profesional, con los <strong>Capuchones L125<\/strong> y <strong>L180<\/strong>, los usuarios podr\u00e1n transformar amoladoras \u00abnormales\u00bb en pulidoras peque\u00f1as por un coste m\u00ednimo implementando la almohadilla adecuada. \u00c1gil, flexible, ligero y manejable, tambi\u00e9n se puede usar para trabajar a ras de pared gracias a la compuerta lateral y sus correspondientes ruedas de deslizamiento. Se adapta a todas las superficies gracias a su junta de goma.<\/p>\n<table class=\"tabellafotocarotaggio\" style=\"width: 100%;\">\n<tbody>\n<tr>\n<td style=\"text-align: center; width: 20%;\"><a href=\"https:\/\/www.maxima-dia.com\/wp-content\/uploads\/2018\/10\/CuffiaL125L180-f05.jpg\"><img loading=\"lazy\" decoding=\"async\" class=\"alignnone wp-image-19214 size-thumbnail\" src=\"https:\/\/www.maxima-dia.com\/wp-content\/uploads\/2018\/10\/CuffiaL125L180-f05-150x150.jpg\" alt=\"\" width=\"150\" height=\"150\" srcset=\"https:\/\/www.maxima-dia.com\/wp-content\/uploads\/2018\/10\/CuffiaL125L180-f05-150x150.jpg 150w, https:\/\/www.maxima-dia.com\/wp-content\/uploads\/2018\/10\/CuffiaL125L180-f05-300x300.jpg 300w, https:\/\/www.maxima-dia.com\/wp-content\/uploads\/2018\/10\/CuffiaL125L180-f05-768x768.jpg 768w, https:\/\/www.maxima-dia.com\/wp-content\/uploads\/2018\/10\/CuffiaL125L180-f05-1024x1024.jpg 1024w, https:\/\/www.maxima-dia.com\/wp-content\/uploads\/2018\/10\/CuffiaL125L180-f05-80x80.jpg 80w, https:\/\/www.maxima-dia.com\/wp-content\/uploads\/2018\/10\/CuffiaL125L180-f05-500x500.jpg 500w, https:\/\/www.maxima-dia.com\/wp-content\/uploads\/2018\/10\/CuffiaL125L180-f05-1000x1000.jpg 1000w, https:\/\/www.maxima-dia.com\/wp-content\/uploads\/2018\/10\/CuffiaL125L180-f05.jpg 1500w\" sizes=\"(max-width: 150px) 100vw, 150px\" \/><\/a><\/td>\n<td style=\"text-align: center; width: 20%;\"><a href=\"https:\/\/www.maxima-dia.com\/wp-content\/uploads\/2018\/10\/CuffiaL125L180-f06-fondo-bianco.jpg\"><img loading=\"lazy\" decoding=\"async\" class=\"alignnone wp-image-19219 size-thumbnail\" src=\"https:\/\/www.maxima-dia.com\/wp-content\/uploads\/2018\/10\/CuffiaL125L180-f06-fondo-bianco-150x150.jpg\" alt=\"\" width=\"150\" height=\"150\" srcset=\"https:\/\/www.maxima-dia.com\/wp-content\/uploads\/2018\/10\/CuffiaL125L180-f06-fondo-bianco-150x150.jpg 150w, https:\/\/www.maxima-dia.com\/wp-content\/uploads\/2018\/10\/CuffiaL125L180-f06-fondo-bianco-300x300.jpg 300w, https:\/\/www.maxima-dia.com\/wp-content\/uploads\/2018\/10\/CuffiaL125L180-f06-fondo-bianco-768x768.jpg 768w, https:\/\/www.maxima-dia.com\/wp-content\/uploads\/2018\/10\/CuffiaL125L180-f06-fondo-bianco-1024x1024.jpg 1024w, https:\/\/www.maxima-dia.com\/wp-content\/uploads\/2018\/10\/CuffiaL125L180-f06-fondo-bianco-80x80.jpg 80w, https:\/\/www.maxima-dia.com\/wp-content\/uploads\/2018\/10\/CuffiaL125L180-f06-fondo-bianco-500x500.jpg 500w, https:\/\/www.maxima-dia.com\/wp-content\/uploads\/2018\/10\/CuffiaL125L180-f06-fondo-bianco-1000x1000.jpg 1000w, https:\/\/www.maxima-dia.com\/wp-content\/uploads\/2018\/10\/CuffiaL125L180-f06-fondo-bianco.jpg 1500w\" sizes=\"(max-width: 150px) 100vw, 150px\" \/><\/a>&nbsp;<\/td>\n<td style=\"text-align: center; width: 20%;\"><a href=\"https:\/\/www.maxima-dia.com\/wp-content\/uploads\/2018\/10\/CuffiaL125L180-f07-fondo-bianco.jpg\"><img loading=\"lazy\" decoding=\"async\" class=\"alignnone wp-image-19224 size-thumbnail\" src=\"https:\/\/www.maxima-dia.com\/wp-content\/uploads\/2018\/10\/CuffiaL125L180-f07-fondo-bianco-150x150.jpg\" alt=\"\" width=\"150\" height=\"150\" srcset=\"https:\/\/www.maxima-dia.com\/wp-content\/uploads\/2018\/10\/CuffiaL125L180-f07-fondo-bianco-150x150.jpg 150w, https:\/\/www.maxima-dia.com\/wp-content\/uploads\/2018\/10\/CuffiaL125L180-f07-fondo-bianco-300x300.jpg 300w, https:\/\/www.maxima-dia.com\/wp-content\/uploads\/2018\/10\/CuffiaL125L180-f07-fondo-bianco-768x768.jpg 768w, https:\/\/www.maxima-dia.com\/wp-content\/uploads\/2018\/10\/CuffiaL125L180-f07-fondo-bianco-1024x1024.jpg 1024w, https:\/\/www.maxima-dia.com\/wp-content\/uploads\/2018\/10\/CuffiaL125L180-f07-fondo-bianco-80x80.jpg 80w, https:\/\/www.maxima-dia.com\/wp-content\/uploads\/2018\/10\/CuffiaL125L180-f07-fondo-bianco-500x500.jpg 500w, https:\/\/www.maxima-dia.com\/wp-content\/uploads\/2018\/10\/CuffiaL125L180-f07-fondo-bianco-1000x1000.jpg 1000w, https:\/\/www.maxima-dia.com\/wp-content\/uploads\/2018\/10\/CuffiaL125L180-f07-fondo-bianco.jpg 1500w\" sizes=\"(max-width: 150px) 100vw, 150px\" \/><\/a><\/td>\n<td style=\"text-align: center; width: 20%;\"><a href=\"https:\/\/www.maxima-dia.com\/wp-content\/uploads\/2018\/10\/CuffiaL125L180-testi.jpg\"><img loading=\"lazy\" decoding=\"async\" class=\"alignnone wp-image-19234 size-thumbnail\" src=\"https:\/\/www.maxima-dia.com\/wp-content\/uploads\/2018\/10\/CuffiaL125L180-testi-150x150.jpg\" alt=\"\" width=\"150\" height=\"150\" srcset=\"https:\/\/www.maxima-dia.com\/wp-content\/uploads\/2018\/10\/CuffiaL125L180-testi-150x150.jpg 150w, https:\/\/www.maxima-dia.com\/wp-content\/uploads\/2018\/10\/CuffiaL125L180-testi-300x300.jpg 300w, https:\/\/www.maxima-dia.com\/wp-content\/uploads\/2018\/10\/CuffiaL125L180-testi-768x768.jpg 768w, https:\/\/www.maxima-dia.com\/wp-content\/uploads\/2018\/10\/CuffiaL125L180-testi-1024x1024.jpg 1024w, https:\/\/www.maxima-dia.com\/wp-content\/uploads\/2018\/10\/CuffiaL125L180-testi-80x80.jpg 80w, https:\/\/www.maxima-dia.com\/wp-content\/uploads\/2018\/10\/CuffiaL125L180-testi-500x500.jpg 500w, https:\/\/www.maxima-dia.com\/wp-content\/uploads\/2018\/10\/CuffiaL125L180-testi-1000x1000.jpg 1000w, https:\/\/www.maxima-dia.com\/wp-content\/uploads\/2018\/10\/CuffiaL125L180-testi.jpg 1500w\" sizes=\"(max-width: 150px) 100vw, 150px\" \/><\/a><\/td>\n<td style=\"text-align: center; width: 20%;\"><a href=\"https:\/\/www.maxima-dia.com\/wp-content\/uploads\/2018\/10\/CuffiaL125L180-levigatrice-sportello.jpg\"><img loading=\"lazy\" decoding=\"async\" class=\"alignnone wp-image-19229 size-thumbnail\" src=\"https:\/\/www.maxima-dia.com\/wp-content\/uploads\/2018\/10\/CuffiaL125L180-levigatrice-sportello-150x150.jpg\" alt=\"\" width=\"150\" height=\"150\" srcset=\"https:\/\/www.maxima-dia.com\/wp-content\/uploads\/2018\/10\/CuffiaL125L180-levigatrice-sportello-150x150.jpg 150w, https:\/\/www.maxima-dia.com\/wp-content\/uploads\/2018\/10\/CuffiaL125L180-levigatrice-sportello-300x300.jpg 300w, https:\/\/www.maxima-dia.com\/wp-content\/uploads\/2018\/10\/CuffiaL125L180-levigatrice-sportello-768x768.jpg 768w, https:\/\/www.maxima-dia.com\/wp-content\/uploads\/2018\/10\/CuffiaL125L180-levigatrice-sportello-1024x1024.jpg 1024w, https:\/\/www.maxima-dia.com\/wp-content\/uploads\/2018\/10\/CuffiaL125L180-levigatrice-sportello-80x80.jpg 80w, https:\/\/www.maxima-dia.com\/wp-content\/uploads\/2018\/10\/CuffiaL125L180-levigatrice-sportello-500x500.jpg 500w, https:\/\/www.maxima-dia.com\/wp-content\/uploads\/2018\/10\/CuffiaL125L180-levigatrice-sportello-1000x1000.jpg 1000w, https:\/\/www.maxima-dia.com\/wp-content\/uploads\/2018\/10\/CuffiaL125L180-levigatrice-sportello.jpg 1500w\" sizes=\"(max-width: 150px) 100vw, 150px\" \/><\/a><\/td>\n<\/tr>\n<\/tbody>\n<\/table>\n<p>&nbsp;[\/vc_column_text][\/vc_column][\/vc_row]<\/p>\n<\/div>","protected":false},"excerpt":{"rendered":"<p>[vc_row][vc_column text_align=\u00bbcenter\u00bb width=\u00bb1\/4&#8243;][vc_column_text][\/vc_column_text][vc_column_text css_animation=\u00bbslideInDown\u00bb el_class=\u00bbhidebuybutton\u00bb][\/vc_column_text][\/vc_column][vc_column width=\u00bb3\/4&#8243;][vc_column_text]Si no se puede disponer de una pulidora profesional, con los Capuchones L125 y L180, los usuarios podr\u00e1n transformar amoladoras \u00abnormales\u00bb en pulidoras peque\u00f1as por un coste m\u00ednimo implementando la almohadilla adecuada. \u00c1gil, flexible, ligero y manejable, tambi\u00e9n se puede usar para trabajar a ras de pared gracias a la compuerta lateral y sus correspondientes ruedas de deslizamiento. Se adapta a todas las superficies gracias a su junta de goma. &nbsp; &nbsp;[\/vc_column_text][\/vc_column][\/vc_row]<\/p>\n","protected":false},"author":29,"featured_media":19243,"parent":19385,"menu_order":4,"comment_status":"closed","ping_status":"closed","template":"","meta":{"ngg_post_thumbnail":0,"_joinchat":[],"footnotes":""},"class_list":["post-19428","page","type-page","status-publish","has-post-thumbnail","hentry"],"yoast_head":"<!-- This site is optimized with the Yoast SEO plugin v25.5 - https:\/\/yoast.com\/wordpress\/plugins\/seo\/ -->\n<title>Cover L125 - L180 - Maxima SpA<\/title>\n<meta name=\"description\" content=\"La herramienta de capuchones L125 y L180 transforma la amoladora en una lijadora a bajo costo al montar la almohadilla adecuada\" \/>\n<meta name=\"robots\" content=\"index, follow, max-snippet:-1, max-image-preview:large, max-video-preview:-1\" \/>\n<link rel=\"canonical\" href=\"https:\/\/www.maxima-dia.com\/es\/accesorios-para-corte-perforacion-y-lijado\/cover-l125-l180\/\" \/>\n<meta property=\"og:locale\" content=\"es_ES\" \/>\n<meta property=\"og:type\" content=\"article\" \/>\n<meta property=\"og:title\" content=\"Cover L125 - L180 - Maxima SpA\" \/>\n<meta property=\"og:description\" content=\"La herramienta de capuchones L125 y L180 transforma la amoladora en una lijadora a bajo costo al montar la almohadilla adecuada\" \/>\n<meta property=\"og:url\" content=\"https:\/\/www.maxima-dia.com\/es\/accesorios-para-corte-perforacion-y-lijado\/cover-l125-l180\/\" \/>\n<meta property=\"og:site_name\" content=\"Maxima SpA\" \/>\n<meta property=\"article:publisher\" content=\"https:\/\/www.facebook.com\/Maxima-spa-106098566139597\" \/>\n<meta property=\"article:modified_time\" content=\"2021-12-20T11:07:27+00:00\" \/>\n<meta property=\"og:image\" content=\"https:\/\/www.maxima-dia.com\/wp-content\/uploads\/2018\/10\/CuffiaL125L180catalogo03.jpg\" \/>\n\t<meta property=\"og:image:width\" content=\"1500\" \/>\n\t<meta property=\"og:image:height\" content=\"1500\" \/>\n\t<meta property=\"og:image:type\" content=\"image\/jpeg\" \/>\n<meta name=\"twitter:card\" content=\"summary_large_image\" \/>\n<meta name=\"twitter:site\" content=\"@Maximadia\" \/>\n<meta name=\"twitter:label1\" content=\"Tiempo de lectura\" \/>\n\t<meta name=\"twitter:data1\" content=\"2 minutos\" \/>\n<script type=\"application\/ld+json\" class=\"yoast-schema-graph\">{\"@context\":\"https:\/\/schema.org\",\"@graph\":[{\"@type\":\"WebPage\",\"@id\":\"https:\/\/www.maxima-dia.com\/es\/accesorios-para-corte-perforacion-y-lijado\/cover-l125-l180\/\",\"url\":\"https:\/\/www.maxima-dia.com\/es\/accesorios-para-corte-perforacion-y-lijado\/cover-l125-l180\/\",\"name\":\"Cover L125 - L180 - Maxima SpA\",\"isPartOf\":{\"@id\":\"https:\/\/www.maxima-dia.com\/es\/#website\"},\"primaryImageOfPage\":{\"@id\":\"https:\/\/www.maxima-dia.com\/es\/accesorios-para-corte-perforacion-y-lijado\/cover-l125-l180\/#primaryimage\"},\"image\":{\"@id\":\"https:\/\/www.maxima-dia.com\/es\/accesorios-para-corte-perforacion-y-lijado\/cover-l125-l180\/#primaryimage\"},\"thumbnailUrl\":\"https:\/\/www.maxima-dia.com\/wp-content\/uploads\/2018\/10\/CuffiaL125L180catalogo03.jpg\",\"datePublished\":\"2018-10-25T08:23:24+00:00\",\"dateModified\":\"2021-12-20T11:07:27+00:00\",\"description\":\"La herramienta de capuchones L125 y L180 transforma la amoladora en una lijadora a bajo costo al montar la almohadilla adecuada\",\"breadcrumb\":{\"@id\":\"https:\/\/www.maxima-dia.com\/es\/accesorios-para-corte-perforacion-y-lijado\/cover-l125-l180\/#breadcrumb\"},\"inLanguage\":\"es\",\"potentialAction\":[{\"@type\":\"ReadAction\",\"target\":[\"https:\/\/www.maxima-dia.com\/es\/accesorios-para-corte-perforacion-y-lijado\/cover-l125-l180\/\"]}]},{\"@type\":\"ImageObject\",\"inLanguage\":\"es\",\"@id\":\"https:\/\/www.maxima-dia.com\/es\/accesorios-para-corte-perforacion-y-lijado\/cover-l125-l180\/#primaryimage\",\"url\":\"https:\/\/www.maxima-dia.com\/wp-content\/uploads\/2018\/10\/CuffiaL125L180catalogo03.jpg\",\"contentUrl\":\"https:\/\/www.maxima-dia.com\/wp-content\/uploads\/2018\/10\/CuffiaL125L180catalogo03.jpg\",\"width\":1500,\"height\":1500},{\"@type\":\"BreadcrumbList\",\"@id\":\"https:\/\/www.maxima-dia.com\/es\/accesorios-para-corte-perforacion-y-lijado\/cover-l125-l180\/#breadcrumb\",\"itemListElement\":[{\"@type\":\"ListItem\",\"position\":1,\"name\":\"Home\",\"item\":\"https:\/\/www.maxima-dia.com\/es\/\"},{\"@type\":\"ListItem\",\"position\":2,\"name\":\"Accesorios para corte, perforaci\u00f3n y lijado\",\"item\":\"https:\/\/www.maxima-dia.com\/es\/accesorios-para-corte-perforacion-y-lijado\/\"},{\"@type\":\"ListItem\",\"position\":3,\"name\":\"Cover L125 &#8211; L180\"}]},{\"@type\":\"WebSite\",\"@id\":\"https:\/\/www.maxima-dia.com\/es\/#website\",\"url\":\"https:\/\/www.maxima-dia.com\/es\/\",\"name\":\"Maxima SpA\",\"description\":\"Only for the real professionals\",\"potentialAction\":[{\"@type\":\"SearchAction\",\"target\":{\"@type\":\"EntryPoint\",\"urlTemplate\":\"https:\/\/www.maxima-dia.com\/es\/?s={search_term_string}\"},\"query-input\":{\"@type\":\"PropertyValueSpecification\",\"valueRequired\":true,\"valueName\":\"search_term_string\"}}],\"inLanguage\":\"es\"}]}<\/script>\n<!-- \/ Yoast SEO plugin. -->","yoast_head_json":{"title":"Cover L125 - L180 - Maxima SpA","description":"La herramienta de capuchones L125 y L180 transforma la amoladora en una lijadora a bajo costo al montar la almohadilla adecuada","robots":{"index":"index","follow":"follow","max-snippet":"max-snippet:-1","max-image-preview":"max-image-preview:large","max-video-preview":"max-video-preview:-1"},"canonical":"https:\/\/www.maxima-dia.com\/es\/accesorios-para-corte-perforacion-y-lijado\/cover-l125-l180\/","og_locale":"es_ES","og_type":"article","og_title":"Cover L125 - L180 - Maxima SpA","og_description":"La herramienta de capuchones L125 y L180 transforma la amoladora en una lijadora a bajo costo al montar la almohadilla adecuada","og_url":"https:\/\/www.maxima-dia.com\/es\/accesorios-para-corte-perforacion-y-lijado\/cover-l125-l180\/","og_site_name":"Maxima SpA","article_publisher":"https:\/\/www.facebook.com\/Maxima-spa-106098566139597","article_modified_time":"2021-12-20T11:07:27+00:00","og_image":[{"width":1500,"height":1500,"url":"https:\/\/www.maxima-dia.com\/wp-content\/uploads\/2018\/10\/CuffiaL125L180catalogo03.jpg","type":"image\/jpeg"}],"twitter_card":"summary_large_image","twitter_site":"@Maximadia","twitter_misc":{"Tiempo de lectura":"2 minutos"},"schema":{"@context":"https:\/\/schema.org","@graph":[{"@type":"WebPage","@id":"https:\/\/www.maxima-dia.com\/es\/accesorios-para-corte-perforacion-y-lijado\/cover-l125-l180\/","url":"https:\/\/www.maxima-dia.com\/es\/accesorios-para-corte-perforacion-y-lijado\/cover-l125-l180\/","name":"Cover L125 - L180 - Maxima SpA","isPartOf":{"@id":"https:\/\/www.maxima-dia.com\/es\/#website"},"primaryImageOfPage":{"@id":"https:\/\/www.maxima-dia.com\/es\/accesorios-para-corte-perforacion-y-lijado\/cover-l125-l180\/#primaryimage"},"image":{"@id":"https:\/\/www.maxima-dia.com\/es\/accesorios-para-corte-perforacion-y-lijado\/cover-l125-l180\/#primaryimage"},"thumbnailUrl":"https:\/\/www.maxima-dia.com\/wp-content\/uploads\/2018\/10\/CuffiaL125L180catalogo03.jpg","datePublished":"2018-10-25T08:23:24+00:00","dateModified":"2021-12-20T11:07:27+00:00","description":"La herramienta de capuchones L125 y L180 transforma la amoladora en una lijadora a bajo costo al montar la almohadilla adecuada","breadcrumb":{"@id":"https:\/\/www.maxima-dia.com\/es\/accesorios-para-corte-perforacion-y-lijado\/cover-l125-l180\/#breadcrumb"},"inLanguage":"es","potentialAction":[{"@type":"ReadAction","target":["https:\/\/www.maxima-dia.com\/es\/accesorios-para-corte-perforacion-y-lijado\/cover-l125-l180\/"]}]},{"@type":"ImageObject","inLanguage":"es","@id":"https:\/\/www.maxima-dia.com\/es\/accesorios-para-corte-perforacion-y-lijado\/cover-l125-l180\/#primaryimage","url":"https:\/\/www.maxima-dia.com\/wp-content\/uploads\/2018\/10\/CuffiaL125L180catalogo03.jpg","contentUrl":"https:\/\/www.maxima-dia.com\/wp-content\/uploads\/2018\/10\/CuffiaL125L180catalogo03.jpg","width":1500,"height":1500},{"@type":"BreadcrumbList","@id":"https:\/\/www.maxima-dia.com\/es\/accesorios-para-corte-perforacion-y-lijado\/cover-l125-l180\/#breadcrumb","itemListElement":[{"@type":"ListItem","position":1,"name":"Home","item":"https:\/\/www.maxima-dia.com\/es\/"},{"@type":"ListItem","position":2,"name":"Accesorios para corte, perforaci\u00f3n y lijado","item":"https:\/\/www.maxima-dia.com\/es\/accesorios-para-corte-perforacion-y-lijado\/"},{"@type":"ListItem","position":3,"name":"Cover L125 &#8211; L180"}]},{"@type":"WebSite","@id":"https:\/\/www.maxima-dia.com\/es\/#website","url":"https:\/\/www.maxima-dia.com\/es\/","name":"Maxima SpA","description":"Only for the real professionals","potentialAction":[{"@type":"SearchAction","target":{"@type":"EntryPoint","urlTemplate":"https:\/\/www.maxima-dia.com\/es\/?s={search_term_string}"},"query-input":{"@type":"PropertyValueSpecification","valueRequired":true,"valueName":"search_term_string"}}],"inLanguage":"es"}]}},"_links":{"self":[{"href":"https:\/\/www.maxima-dia.com\/es\/wp-json\/wp\/v2\/pages\/19428"}],"collection":[{"href":"https:\/\/www.maxima-dia.com\/es\/wp-json\/wp\/v2\/pages"}],"about":[{"href":"https:\/\/www.maxima-dia.com\/es\/wp-json\/wp\/v2\/types\/page"}],"author":[{"embeddable":true,"href":"https:\/\/www.maxima-dia.com\/es\/wp-json\/wp\/v2\/users\/29"}],"replies":[{"embeddable":true,"href":"https:\/\/www.maxima-dia.com\/es\/wp-json\/wp\/v2\/comments?post=19428"}],"version-history":[{"count":0,"href":"https:\/\/www.maxima-dia.com\/es\/wp-json\/wp\/v2\/pages\/19428\/revisions"}],"up":[{"embeddable":true,"href":"https:\/\/www.maxima-dia.com\/es\/wp-json\/wp\/v2\/pages\/19385"}],"wp:featuredmedia":[{"embeddable":true,"href":"https:\/\/www.maxima-dia.com\/es\/wp-json\/wp\/v2\/media\/19243"}],"wp:attachment":[{"href":"https:\/\/www.maxima-dia.com\/es\/wp-json\/wp\/v2\/media?parent=19428"}],"curies":[{"name":"wp","href":"https:\/\/api.w.org\/{rel}","templated":true}]}}