{"id":19439,"date":"2018-10-25T11:23:01","date_gmt":"2018-10-25T09:23:01","guid":{"rendered":"https:\/\/www.maxima-dia.com\/?page_id=19439"},"modified":"2023-04-14T11:07:14","modified_gmt":"2023-04-14T09:07:14","slug":"cuffiamax","status":"publish","type":"page","link":"https:\/\/www.maxima-dia.com\/es\/accesorios-para-corte-perforacion-y-lijado\/cuffiamax\/","title":{"rendered":"Cuffiamax"},"content":{"rendered":"<div class=\"wpb-content-wrapper\"><p>[vc_row][vc_column text_align=\u00bbcenter\u00bb width=\u00bb1\/4&#8243;][vc_column_text]<a href=\"https:\/\/www.maxima-dia.com\/wp-content\/uploads\/2018\/10\/CUFFIAMAX82-162-catalogo-06.jpg\"><img loading=\"lazy\" decoding=\"async\" class=\"alignnone wp-image-19258 size-thumbnail\" src=\"https:\/\/www.maxima-dia.com\/wp-content\/uploads\/2018\/10\/CUFFIAMAX82-162-catalogo-06-150x150.jpg\" alt=\"\" width=\"150\" height=\"150\" srcset=\"https:\/\/www.maxima-dia.com\/wp-content\/uploads\/2018\/10\/CUFFIAMAX82-162-catalogo-06-150x150.jpg 150w, https:\/\/www.maxima-dia.com\/wp-content\/uploads\/2018\/10\/CUFFIAMAX82-162-catalogo-06-300x300.jpg 300w, https:\/\/www.maxima-dia.com\/wp-content\/uploads\/2018\/10\/CUFFIAMAX82-162-catalogo-06-768x768.jpg 768w, https:\/\/www.maxima-dia.com\/wp-content\/uploads\/2018\/10\/CUFFIAMAX82-162-catalogo-06-1024x1024.jpg 1024w, https:\/\/www.maxima-dia.com\/wp-content\/uploads\/2018\/10\/CUFFIAMAX82-162-catalogo-06-80x80.jpg 80w, https:\/\/www.maxima-dia.com\/wp-content\/uploads\/2018\/10\/CUFFIAMAX82-162-catalogo-06-500x500.jpg 500w, https:\/\/www.maxima-dia.com\/wp-content\/uploads\/2018\/10\/CUFFIAMAX82-162-catalogo-06-1000x1000.jpg 1000w, https:\/\/www.maxima-dia.com\/wp-content\/uploads\/2018\/10\/CUFFIAMAX82-162-catalogo-06.jpg 1500w\" sizes=\"(max-width: 150px) 100vw, 150px\" \/><\/a>[\/vc_column_text][vc_column_text css_animation=\u00bbslideInDown\u00bb el_class=\u00bbhidebuybutton\u00bb]<a href=\"https:\/\/www.storemaxima.com\/es\/accesorios-para-corte-perforacion-y-lijado\/230-cuffiamax-82-162.html\" target=\"_blank\" rel=\"noopener\"><img loading=\"lazy\" decoding=\"async\" class=\"alignnone\" title=\"Comprar en www.storemaxima.com\" src=\"https:\/\/www.maxima-dia.com\/wp-content\/uploads\/2019\/12\/pulsante-acquista-storemaxima.com-es.svg\" alt=\"Comprar en www.storemaxima.com\" width=\"180\" height=\"80\"><\/a>[\/vc_column_text][\/vc_column][vc_column width=\u00bb3\/4&#8243;][vc_column_text]The <strong>Cover<\/strong> for <strong>Gold Laser Spiral <\/strong>Core Bit, <strong>Black Spiral<\/strong> Core Bit and <strong>Silver<\/strong> Core Bit, allows suction of dust in a flat and regular ground. Suitable for drilling with core bits max 82 mm for dust suction guard 82 and with core bits max 162 mm for dust suction guard 162. O-Ring included and can be used with each type of professional vacuum cleaner.<\/p>\n<table class=\"tabellafotocarotaggio\" style=\"width: 100%;\">\n<tbody>\n<tr>\n<td style=\"width: 25%; text-align: center;\"><a href=\"https:\/\/www.maxima-dia.com\/wp-content\/uploads\/2018\/10\/CUFFIAMAX82-162-catalogo-05.jpg\"><img loading=\"lazy\" decoding=\"async\" class=\"alignnone wp-image-19249 size-thumbnail\" src=\"https:\/\/www.maxima-dia.com\/wp-content\/uploads\/2018\/10\/CUFFIAMAX82-162-catalogo-05-150x150.jpg\" alt=\"\" width=\"150\" height=\"150\" srcset=\"https:\/\/www.maxima-dia.com\/wp-content\/uploads\/2018\/10\/CUFFIAMAX82-162-catalogo-05-150x150.jpg 150w, https:\/\/www.maxima-dia.com\/wp-content\/uploads\/2018\/10\/CUFFIAMAX82-162-catalogo-05-300x300.jpg 300w, https:\/\/www.maxima-dia.com\/wp-content\/uploads\/2018\/10\/CUFFIAMAX82-162-catalogo-05-768x768.jpg 768w, https:\/\/www.maxima-dia.com\/wp-content\/uploads\/2018\/10\/CUFFIAMAX82-162-catalogo-05-1024x1024.jpg 1024w, https:\/\/www.maxima-dia.com\/wp-content\/uploads\/2018\/10\/CUFFIAMAX82-162-catalogo-05-80x80.jpg 80w, https:\/\/www.maxima-dia.com\/wp-content\/uploads\/2018\/10\/CUFFIAMAX82-162-catalogo-05-500x500.jpg 500w, https:\/\/www.maxima-dia.com\/wp-content\/uploads\/2018\/10\/CUFFIAMAX82-162-catalogo-05-1000x1000.jpg 1000w, https:\/\/www.maxima-dia.com\/wp-content\/uploads\/2018\/10\/CUFFIAMAX82-162-catalogo-05.jpg 1500w\" sizes=\"(max-width: 150px) 100vw, 150px\" \/><\/a><\/td>\n<td style=\"width: 25%; text-align: center;\"><a href=\"https:\/\/www.maxima-dia.com\/wp-content\/uploads\/2018\/10\/CUFFIAMAX82-162-catalogo-01-con-muro.jpg\"><img loading=\"lazy\" decoding=\"async\" class=\"alignnone wp-image-19244 size-thumbnail\" src=\"https:\/\/www.maxima-dia.com\/wp-content\/uploads\/2018\/10\/CUFFIAMAX82-162-catalogo-01-con-muro-150x150.jpg\" alt=\"\" width=\"150\" height=\"150\" srcset=\"https:\/\/www.maxima-dia.com\/wp-content\/uploads\/2018\/10\/CUFFIAMAX82-162-catalogo-01-con-muro-150x150.jpg 150w, https:\/\/www.maxima-dia.com\/wp-content\/uploads\/2018\/10\/CUFFIAMAX82-162-catalogo-01-con-muro-300x300.jpg 300w, https:\/\/www.maxima-dia.com\/wp-content\/uploads\/2018\/10\/CUFFIAMAX82-162-catalogo-01-con-muro-768x768.jpg 768w, https:\/\/www.maxima-dia.com\/wp-content\/uploads\/2018\/10\/CUFFIAMAX82-162-catalogo-01-con-muro-1024x1024.jpg 1024w, https:\/\/www.maxima-dia.com\/wp-content\/uploads\/2018\/10\/CUFFIAMAX82-162-catalogo-01-con-muro-80x80.jpg 80w, https:\/\/www.maxima-dia.com\/wp-content\/uploads\/2018\/10\/CUFFIAMAX82-162-catalogo-01-con-muro-500x500.jpg 500w, https:\/\/www.maxima-dia.com\/wp-content\/uploads\/2018\/10\/CUFFIAMAX82-162-catalogo-01-con-muro-1000x1000.jpg 1000w, https:\/\/www.maxima-dia.com\/wp-content\/uploads\/2018\/10\/CUFFIAMAX82-162-catalogo-01-con-muro.jpg 1500w\" sizes=\"(max-width: 150px) 100vw, 150px\" \/><\/a>&nbsp;<\/td>\n<td style=\"width: 25%; text-align: center;\"><a href=\"https:\/\/www.maxima-dia.com\/wp-content\/uploads\/2018\/10\/CUFFIAMAX82-162-catalogo-08.jpg\"><img loading=\"lazy\" decoding=\"async\" class=\"alignnone wp-image-19259 size-thumbnail\" src=\"https:\/\/www.maxima-dia.com\/wp-content\/uploads\/2018\/10\/CUFFIAMAX82-162-catalogo-08-150x150.jpg\" alt=\"\" width=\"150\" height=\"150\" srcset=\"https:\/\/www.maxima-dia.com\/wp-content\/uploads\/2018\/10\/CUFFIAMAX82-162-catalogo-08-150x150.jpg 150w, https:\/\/www.maxima-dia.com\/wp-content\/uploads\/2018\/10\/CUFFIAMAX82-162-catalogo-08-300x300.jpg 300w, https:\/\/www.maxima-dia.com\/wp-content\/uploads\/2018\/10\/CUFFIAMAX82-162-catalogo-08-768x768.jpg 768w, https:\/\/www.maxima-dia.com\/wp-content\/uploads\/2018\/10\/CUFFIAMAX82-162-catalogo-08-1024x1024.jpg 1024w, https:\/\/www.maxima-dia.com\/wp-content\/uploads\/2018\/10\/CUFFIAMAX82-162-catalogo-08-80x80.jpg 80w, https:\/\/www.maxima-dia.com\/wp-content\/uploads\/2018\/10\/CUFFIAMAX82-162-catalogo-08-500x500.jpg 500w, https:\/\/www.maxima-dia.com\/wp-content\/uploads\/2018\/10\/CUFFIAMAX82-162-catalogo-08-1000x1000.jpg 1000w, https:\/\/www.maxima-dia.com\/wp-content\/uploads\/2018\/10\/CUFFIAMAX82-162-catalogo-08.jpg 1500w\" sizes=\"(max-width: 150px) 100vw, 150px\" \/><\/a><\/td>\n<td style=\"width: 25%; text-align: center;\"><a href=\"https:\/\/www.maxima-dia.com\/wp-content\/uploads\/2018\/10\/CUFFIAMAX82-162-catalogo-09.jpg\"><img loading=\"lazy\" decoding=\"async\" class=\"alignnone wp-image-19264 size-thumbnail\" src=\"https:\/\/www.maxima-dia.com\/wp-content\/uploads\/2018\/10\/CUFFIAMAX82-162-catalogo-09-150x150.jpg\" alt=\"\" width=\"150\" height=\"150\" srcset=\"https:\/\/www.maxima-dia.com\/wp-content\/uploads\/2018\/10\/CUFFIAMAX82-162-catalogo-09-150x150.jpg 150w, https:\/\/www.maxima-dia.com\/wp-content\/uploads\/2018\/10\/CUFFIAMAX82-162-catalogo-09-300x300.jpg 300w, https:\/\/www.maxima-dia.com\/wp-content\/uploads\/2018\/10\/CUFFIAMAX82-162-catalogo-09-768x768.jpg 768w, https:\/\/www.maxima-dia.com\/wp-content\/uploads\/2018\/10\/CUFFIAMAX82-162-catalogo-09-1024x1024.jpg 1024w, https:\/\/www.maxima-dia.com\/wp-content\/uploads\/2018\/10\/CUFFIAMAX82-162-catalogo-09-80x80.jpg 80w, https:\/\/www.maxima-dia.com\/wp-content\/uploads\/2018\/10\/CUFFIAMAX82-162-catalogo-09-500x500.jpg 500w, https:\/\/www.maxima-dia.com\/wp-content\/uploads\/2018\/10\/CUFFIAMAX82-162-catalogo-09-1000x1000.jpg 1000w, https:\/\/www.maxima-dia.com\/wp-content\/uploads\/2018\/10\/CUFFIAMAX82-162-catalogo-09.jpg 1500w\" sizes=\"(max-width: 150px) 100vw, 150px\" \/><\/a><\/td>\n<\/tr>\n<tr>\n<td style=\"width: 25%; text-align: center;\">Dust suction guard suitable for drilling with core bits max \u00d8 of 162 mm<\/td>\n<td style=\"width: 25%; text-align: center;\">Maximum adhesion and great performance on smooth walls<\/td>\n<td style=\"width: 25%; text-align: center;\">Double rubber O-Ring to ensure the highest grip<\/td>\n<td style=\"width: 25%; text-align: center;\">&nbsp;<\/td>\n<\/tr>\n<\/tbody>\n<\/table>\n<p>&nbsp;<\/p>\n<table class=\"tabellatecnica\" style=\"width: 100%;\" border=\"0\" cellspacing=\"0\" cellpadding=\"0\">\n<thead>\n<tr style=\"height: 24px;\">\n<td class=\"testata\" style=\"width: 100%; height: 24px;\" colspan=\"2\">CARACTER\u00cdSTICA T\u00c9CNICAS<\/td>\n<\/tr>\n<\/thead>\n<tbody>\n<tr style=\"height: 24px;\">\n<td class=\"coltesto1\" style=\"width: 50%; height: 24px;\">Weight: 110 gr. (82 mm) &#8211; 190 gr. (162 mm)<\/td>\n<td class=\"coltesto2\" style=\"width: 50%; height: 24px;\">Dust Suction Guard \u00d8 82 dimension (L x W x H): 180 x 220 x 70 mm<\/td>\n<\/tr>\n<tr style=\"height: 26px;\">\n<td class=\"coltesto1\" style=\"width: 50%; height: 26px;\">Dimension hole: 82 mm and 162 mm<\/td>\n<td class=\"coltesto2\" style=\"width: 50%; height: 26px;\">Dust Suction Guard \u00d8 162 dimension (L x W x H): 340 x 270 x 70 mm<\/td>\n<\/tr>\n<tr>\n<td class=\"coltesto1\" style=\"width: 50%;\">Made from plastic<\/td>\n<td class=\"coltesto1\" style=\"width: 50%;\">&nbsp;<\/td>\n<\/tr>\n<\/tbody>\n<\/table>\n<p>[\/vc_column_text][\/vc_column][\/vc_row]<\/p>\n<\/div>","protected":false},"excerpt":{"rendered":"<p>[vc_row][vc_column text_align=\u00bbcenter\u00bb width=\u00bb1\/4&#8243;][vc_column_text][\/vc_column_text][vc_column_text css_animation=\u00bbslideInDown\u00bb el_class=\u00bbhidebuybutton\u00bb][\/vc_column_text][\/vc_column][vc_column width=\u00bb3\/4&#8243;][vc_column_text]The Cover for Gold Laser Spiral Core Bit, Black Spiral Core Bit and Silver Core Bit, allows suction of dust in a flat and regular ground. Suitable for drilling with core bits max 82 mm for dust suction guard 82 and with core bits max 162 mm for dust suction guard 162. O-Ring included and can be used with each type of professional vacuum cleaner. &nbsp; Dust suction guard suitable for drilling with core bits max \u00d8 of 162 mm Maximum adhesion and great performance on smooth walls Double rubber O-Ring to ensure the highest grip &nbsp; &nbsp; CARACTER\u00cdSTICA T\u00c9CNICAS Weight: 110 gr. (82 mm) &#8211; 190 gr. (162 mm) Dust Suction Guard \u00d8 82 dimension (L x W x H): 180 x 220 x 70 mm Dimension hole: 82 mm and 162 mm Dust Suction Guard \u00d8 162 dimension (L x W x H): 340 x 270 x 70 mm Made from plastic &nbsp; [\/vc_column_text][\/vc_column][\/vc_row]<\/p>\n","protected":false},"author":29,"featured_media":19258,"parent":19385,"menu_order":4,"comment_status":"closed","ping_status":"closed","template":"","meta":{"ngg_post_thumbnail":0,"_joinchat":[],"footnotes":""},"class_list":["post-19439","page","type-page","status-publish","has-post-thumbnail","hentry"],"yoast_head":"<!-- This site is optimized with the Yoast SEO plugin v25.5 - https:\/\/yoast.com\/wordpress\/plugins\/seo\/ -->\n<title>Cuffiamax - Maxima SpA<\/title>\n<meta name=\"robots\" content=\"index, follow, max-snippet:-1, max-image-preview:large, max-video-preview:-1\" \/>\n<link rel=\"canonical\" href=\"https:\/\/www.maxima-dia.com\/es\/accesorios-para-corte-perforacion-y-lijado\/cuffiamax\/\" \/>\n<meta property=\"og:locale\" content=\"es_ES\" \/>\n<meta property=\"og:type\" content=\"article\" \/>\n<meta property=\"og:title\" content=\"Cuffiamax - Maxima SpA\" \/>\n<meta property=\"og:description\" content=\"[vc_row][vc_column text_align=\u00bbcenter\u00bb width=\u00bb1\/4&#8243;][vc_column_text][\/vc_column_text][vc_column_text css_animation=\u00bbslideInDown\u00bb el_class=\u00bbhidebuybutton\u00bb][\/vc_column_text][\/vc_column][vc_column width=\u00bb3\/4&#8243;][vc_column_text]The Cover for Gold Laser Spiral Core Bit, Black Spiral Core Bit and Silver Core Bit, allows suction of dust in a flat and regular ground. Suitable for drilling with core bits max 82 mm for dust suction guard 82 and with core bits max 162 mm for dust suction guard 162. O-Ring included and can be used with each type of professional vacuum cleaner. &nbsp; Dust suction guard suitable for drilling with core bits max \u00d8 of 162 mm Maximum adhesion and great performance on smooth walls Double rubber O-Ring to ensure the highest grip &nbsp; &nbsp; CARACTER\u00cdSTICA T\u00c9CNICAS Weight: 110 gr. (82 mm) &#8211; 190 gr. (162 mm) Dust Suction Guard \u00d8 82 dimension (L x W x H): 180 x 220 x 70 mm Dimension hole: 82 mm and 162 mm Dust Suction Guard \u00d8 162 dimension (L x W x H): 340 x 270 x 70 mm Made from plastic &nbsp; [\/vc_column_text][\/vc_column][\/vc_row]\" \/>\n<meta property=\"og:url\" content=\"https:\/\/www.maxima-dia.com\/es\/accesorios-para-corte-perforacion-y-lijado\/cuffiamax\/\" \/>\n<meta property=\"og:site_name\" content=\"Maxima SpA\" \/>\n<meta property=\"article:publisher\" content=\"https:\/\/www.facebook.com\/Maxima-spa-106098566139597\" \/>\n<meta property=\"article:modified_time\" content=\"2023-04-14T09:07:14+00:00\" \/>\n<meta property=\"og:image\" content=\"https:\/\/www.maxima-dia.com\/wp-content\/uploads\/2018\/10\/CUFFIAMAX82-162-catalogo-06.jpg\" \/>\n\t<meta property=\"og:image:width\" content=\"1500\" \/>\n\t<meta property=\"og:image:height\" content=\"1500\" \/>\n\t<meta property=\"og:image:type\" content=\"image\/jpeg\" \/>\n<meta name=\"twitter:card\" content=\"summary_large_image\" \/>\n<meta name=\"twitter:site\" content=\"@Maximadia\" \/>\n<meta name=\"twitter:label1\" content=\"Tiempo de lectura\" \/>\n\t<meta name=\"twitter:data1\" content=\"1 minuto\" \/>\n<script type=\"application\/ld+json\" class=\"yoast-schema-graph\">{\"@context\":\"https:\/\/schema.org\",\"@graph\":[{\"@type\":\"WebPage\",\"@id\":\"https:\/\/www.maxima-dia.com\/es\/accesorios-para-corte-perforacion-y-lijado\/cuffiamax\/\",\"url\":\"https:\/\/www.maxima-dia.com\/es\/accesorios-para-corte-perforacion-y-lijado\/cuffiamax\/\",\"name\":\"Cuffiamax - Maxima SpA\",\"isPartOf\":{\"@id\":\"https:\/\/www.maxima-dia.com\/es\/#website\"},\"primaryImageOfPage\":{\"@id\":\"https:\/\/www.maxima-dia.com\/es\/accesorios-para-corte-perforacion-y-lijado\/cuffiamax\/#primaryimage\"},\"image\":{\"@id\":\"https:\/\/www.maxima-dia.com\/es\/accesorios-para-corte-perforacion-y-lijado\/cuffiamax\/#primaryimage\"},\"thumbnailUrl\":\"https:\/\/www.maxima-dia.com\/wp-content\/uploads\/2018\/10\/CUFFIAMAX82-162-catalogo-06.jpg\",\"datePublished\":\"2018-10-25T09:23:01+00:00\",\"dateModified\":\"2023-04-14T09:07:14+00:00\",\"breadcrumb\":{\"@id\":\"https:\/\/www.maxima-dia.com\/es\/accesorios-para-corte-perforacion-y-lijado\/cuffiamax\/#breadcrumb\"},\"inLanguage\":\"es\",\"potentialAction\":[{\"@type\":\"ReadAction\",\"target\":[\"https:\/\/www.maxima-dia.com\/es\/accesorios-para-corte-perforacion-y-lijado\/cuffiamax\/\"]}]},{\"@type\":\"ImageObject\",\"inLanguage\":\"es\",\"@id\":\"https:\/\/www.maxima-dia.com\/es\/accesorios-para-corte-perforacion-y-lijado\/cuffiamax\/#primaryimage\",\"url\":\"https:\/\/www.maxima-dia.com\/wp-content\/uploads\/2018\/10\/CUFFIAMAX82-162-catalogo-06.jpg\",\"contentUrl\":\"https:\/\/www.maxima-dia.com\/wp-content\/uploads\/2018\/10\/CUFFIAMAX82-162-catalogo-06.jpg\",\"width\":1500,\"height\":1500},{\"@type\":\"BreadcrumbList\",\"@id\":\"https:\/\/www.maxima-dia.com\/es\/accesorios-para-corte-perforacion-y-lijado\/cuffiamax\/#breadcrumb\",\"itemListElement\":[{\"@type\":\"ListItem\",\"position\":1,\"name\":\"Home\",\"item\":\"https:\/\/www.maxima-dia.com\/es\/\"},{\"@type\":\"ListItem\",\"position\":2,\"name\":\"Accesorios para corte, perforaci\u00f3n y lijado\",\"item\":\"https:\/\/www.maxima-dia.com\/es\/accesorios-para-corte-perforacion-y-lijado\/\"},{\"@type\":\"ListItem\",\"position\":3,\"name\":\"Cuffiamax\"}]},{\"@type\":\"WebSite\",\"@id\":\"https:\/\/www.maxima-dia.com\/es\/#website\",\"url\":\"https:\/\/www.maxima-dia.com\/es\/\",\"name\":\"Maxima SpA\",\"description\":\"Only for the real professionals\",\"potentialAction\":[{\"@type\":\"SearchAction\",\"target\":{\"@type\":\"EntryPoint\",\"urlTemplate\":\"https:\/\/www.maxima-dia.com\/es\/?s={search_term_string}\"},\"query-input\":{\"@type\":\"PropertyValueSpecification\",\"valueRequired\":true,\"valueName\":\"search_term_string\"}}],\"inLanguage\":\"es\"}]}<\/script>\n<!-- \/ Yoast SEO plugin. -->","yoast_head_json":{"title":"Cuffiamax - Maxima SpA","robots":{"index":"index","follow":"follow","max-snippet":"max-snippet:-1","max-image-preview":"max-image-preview:large","max-video-preview":"max-video-preview:-1"},"canonical":"https:\/\/www.maxima-dia.com\/es\/accesorios-para-corte-perforacion-y-lijado\/cuffiamax\/","og_locale":"es_ES","og_type":"article","og_title":"Cuffiamax - Maxima SpA","og_description":"[vc_row][vc_column text_align=\u00bbcenter\u00bb width=\u00bb1\/4&#8243;][vc_column_text][\/vc_column_text][vc_column_text css_animation=\u00bbslideInDown\u00bb el_class=\u00bbhidebuybutton\u00bb][\/vc_column_text][\/vc_column][vc_column width=\u00bb3\/4&#8243;][vc_column_text]The Cover for Gold Laser Spiral Core Bit, Black Spiral Core Bit and Silver Core Bit, allows suction of dust in a flat and regular ground. Suitable for drilling with core bits max 82 mm for dust suction guard 82 and with core bits max 162 mm for dust suction guard 162. O-Ring included and can be used with each type of professional vacuum cleaner. &nbsp; Dust suction guard suitable for drilling with core bits max \u00d8 of 162 mm Maximum adhesion and great performance on smooth walls Double rubber O-Ring to ensure the highest grip &nbsp; &nbsp; CARACTER\u00cdSTICA T\u00c9CNICAS Weight: 110 gr. (82 mm) &#8211; 190 gr. (162 mm) Dust Suction Guard \u00d8 82 dimension (L x W x H): 180 x 220 x 70 mm Dimension hole: 82 mm and 162 mm Dust Suction Guard \u00d8 162 dimension (L x W x H): 340 x 270 x 70 mm Made from plastic &nbsp; [\/vc_column_text][\/vc_column][\/vc_row]","og_url":"https:\/\/www.maxima-dia.com\/es\/accesorios-para-corte-perforacion-y-lijado\/cuffiamax\/","og_site_name":"Maxima SpA","article_publisher":"https:\/\/www.facebook.com\/Maxima-spa-106098566139597","article_modified_time":"2023-04-14T09:07:14+00:00","og_image":[{"width":1500,"height":1500,"url":"https:\/\/www.maxima-dia.com\/wp-content\/uploads\/2018\/10\/CUFFIAMAX82-162-catalogo-06.jpg","type":"image\/jpeg"}],"twitter_card":"summary_large_image","twitter_site":"@Maximadia","twitter_misc":{"Tiempo de lectura":"1 minuto"},"schema":{"@context":"https:\/\/schema.org","@graph":[{"@type":"WebPage","@id":"https:\/\/www.maxima-dia.com\/es\/accesorios-para-corte-perforacion-y-lijado\/cuffiamax\/","url":"https:\/\/www.maxima-dia.com\/es\/accesorios-para-corte-perforacion-y-lijado\/cuffiamax\/","name":"Cuffiamax - Maxima SpA","isPartOf":{"@id":"https:\/\/www.maxima-dia.com\/es\/#website"},"primaryImageOfPage":{"@id":"https:\/\/www.maxima-dia.com\/es\/accesorios-para-corte-perforacion-y-lijado\/cuffiamax\/#primaryimage"},"image":{"@id":"https:\/\/www.maxima-dia.com\/es\/accesorios-para-corte-perforacion-y-lijado\/cuffiamax\/#primaryimage"},"thumbnailUrl":"https:\/\/www.maxima-dia.com\/wp-content\/uploads\/2018\/10\/CUFFIAMAX82-162-catalogo-06.jpg","datePublished":"2018-10-25T09:23:01+00:00","dateModified":"2023-04-14T09:07:14+00:00","breadcrumb":{"@id":"https:\/\/www.maxima-dia.com\/es\/accesorios-para-corte-perforacion-y-lijado\/cuffiamax\/#breadcrumb"},"inLanguage":"es","potentialAction":[{"@type":"ReadAction","target":["https:\/\/www.maxima-dia.com\/es\/accesorios-para-corte-perforacion-y-lijado\/cuffiamax\/"]}]},{"@type":"ImageObject","inLanguage":"es","@id":"https:\/\/www.maxima-dia.com\/es\/accesorios-para-corte-perforacion-y-lijado\/cuffiamax\/#primaryimage","url":"https:\/\/www.maxima-dia.com\/wp-content\/uploads\/2018\/10\/CUFFIAMAX82-162-catalogo-06.jpg","contentUrl":"https:\/\/www.maxima-dia.com\/wp-content\/uploads\/2018\/10\/CUFFIAMAX82-162-catalogo-06.jpg","width":1500,"height":1500},{"@type":"BreadcrumbList","@id":"https:\/\/www.maxima-dia.com\/es\/accesorios-para-corte-perforacion-y-lijado\/cuffiamax\/#breadcrumb","itemListElement":[{"@type":"ListItem","position":1,"name":"Home","item":"https:\/\/www.maxima-dia.com\/es\/"},{"@type":"ListItem","position":2,"name":"Accesorios para corte, perforaci\u00f3n y lijado","item":"https:\/\/www.maxima-dia.com\/es\/accesorios-para-corte-perforacion-y-lijado\/"},{"@type":"ListItem","position":3,"name":"Cuffiamax"}]},{"@type":"WebSite","@id":"https:\/\/www.maxima-dia.com\/es\/#website","url":"https:\/\/www.maxima-dia.com\/es\/","name":"Maxima SpA","description":"Only for the real professionals","potentialAction":[{"@type":"SearchAction","target":{"@type":"EntryPoint","urlTemplate":"https:\/\/www.maxima-dia.com\/es\/?s={search_term_string}"},"query-input":{"@type":"PropertyValueSpecification","valueRequired":true,"valueName":"search_term_string"}}],"inLanguage":"es"}]}},"_links":{"self":[{"href":"https:\/\/www.maxima-dia.com\/es\/wp-json\/wp\/v2\/pages\/19439"}],"collection":[{"href":"https:\/\/www.maxima-dia.com\/es\/wp-json\/wp\/v2\/pages"}],"about":[{"href":"https:\/\/www.maxima-dia.com\/es\/wp-json\/wp\/v2\/types\/page"}],"author":[{"embeddable":true,"href":"https:\/\/www.maxima-dia.com\/es\/wp-json\/wp\/v2\/users\/29"}],"replies":[{"embeddable":true,"href":"https:\/\/www.maxima-dia.com\/es\/wp-json\/wp\/v2\/comments?post=19439"}],"version-history":[{"count":2,"href":"https:\/\/www.maxima-dia.com\/es\/wp-json\/wp\/v2\/pages\/19439\/revisions"}],"predecessor-version":[{"id":40633,"href":"https:\/\/www.maxima-dia.com\/es\/wp-json\/wp\/v2\/pages\/19439\/revisions\/40633"}],"up":[{"embeddable":true,"href":"https:\/\/www.maxima-dia.com\/es\/wp-json\/wp\/v2\/pages\/19385"}],"wp:featuredmedia":[{"embeddable":true,"href":"https:\/\/www.maxima-dia.com\/es\/wp-json\/wp\/v2\/media\/19258"}],"wp:attachment":[{"href":"https:\/\/www.maxima-dia.com\/es\/wp-json\/wp\/v2\/media?parent=19439"}],"curies":[{"name":"wp","href":"https:\/\/api.w.org\/{rel}","templated":true}]}}