{"id":21251,"date":"2020-01-09T17:13:13","date_gmt":"2020-01-09T16:13:13","guid":{"rendered":"https:\/\/www.maxima-dia.com\/?page_id=21251"},"modified":"2021-12-20T11:25:51","modified_gmt":"2021-12-20T10:25:51","slug":"maxiband-500","status":"publish","type":"page","link":"https:\/\/www.maxima-dia.com\/es\/maquinas-de-corte-para-la-construccion\/maxiband-500\/","title":{"rendered":"Maxiband 500"},"content":{"rendered":"<div class=\"wpb-content-wrapper\"><p>[vc_row][vc_column text_align=\u00bbcenter\u00bb width=\u00bb1\/4&#8243;][vc_column_text]&nbsp;<\/p>\n<p><a href=\"https:\/\/www.maxima-dia.com\/wp-content\/uploads\/2019\/08\/MAXIBAND-500-LATO-SX-01.jpg\"><img loading=\"lazy\" decoding=\"async\" class=\"alignnone wp-image-21259 size-thumbnail\" src=\"https:\/\/www.maxima-dia.com\/wp-content\/uploads\/2019\/08\/MAXIBAND-500-LATO-SX-01-150x150.jpg\" alt=\"\" width=\"150\" height=\"150\" srcset=\"https:\/\/www.maxima-dia.com\/wp-content\/uploads\/2019\/08\/MAXIBAND-500-LATO-SX-01-150x150.jpg 150w, https:\/\/www.maxima-dia.com\/wp-content\/uploads\/2019\/08\/MAXIBAND-500-LATO-SX-01-300x300.jpg 300w, https:\/\/www.maxima-dia.com\/wp-content\/uploads\/2019\/08\/MAXIBAND-500-LATO-SX-01-768x768.jpg 768w, https:\/\/www.maxima-dia.com\/wp-content\/uploads\/2019\/08\/MAXIBAND-500-LATO-SX-01-1024x1024.jpg 1024w, https:\/\/www.maxima-dia.com\/wp-content\/uploads\/2019\/08\/MAXIBAND-500-LATO-SX-01-80x80.jpg 80w, https:\/\/www.maxima-dia.com\/wp-content\/uploads\/2019\/08\/MAXIBAND-500-LATO-SX-01-500x500.jpg 500w, https:\/\/www.maxima-dia.com\/wp-content\/uploads\/2019\/08\/MAXIBAND-500-LATO-SX-01-1000x1000.jpg 1000w, https:\/\/www.maxima-dia.com\/wp-content\/uploads\/2019\/08\/MAXIBAND-500-LATO-SX-01.jpg 1200w\" sizes=\"(max-width: 150px) 100vw, 150px\" \/><\/a><br \/>\nmade in EU&nbsp;<img loading=\"lazy\" decoding=\"async\" src=\"\/wp-content\/uploads\/2013\/11\/eu.png\" alt=\"eu\" width=\"24\" height=\"16\"> &#8211; certificata <span style=\"font-family: arial,helvetica,sans-serif;\">CE<\/span>[\/vc_column_text][vc_column_text css_animation=\u00bbslideInDown\u00bb el_class=\u00bbhidebuybutton\u00bb]<a href=\"https:\/\/www.storemaxima.com\/es\/maquinas-de-corte-para-la-construccion\/246-maxiband-500.html\" target=\"_blank\" rel=\"noopener\"><img loading=\"lazy\" decoding=\"async\" class=\"alignnone\" title=\"Comprar en www.storemaxima.com\" src=\"https:\/\/www.maxima-dia.com\/wp-content\/uploads\/2019\/12\/pulsante-acquista-storemaxima.com-es.svg\" alt=\"Comprar en www.storemaxima.com\" width=\"180\" height=\"80\"><\/a>[\/vc_column_text][\/vc_column][vc_column width=\u00bb3\/4&#8243;][vc_column_text]<strong>MAXIBAND 500<\/strong> es la nueva sierra de cinta de Maxima, especialmente adecuada para hormig\u00f3n celular y ladrillos con densidad m\u00e1xima ROH1. Las poleas de rotaci\u00f3n, gracias a sus generosas dimensiones, garantizan una excelente vida \u00fatil de la propia cinta. La tracci\u00f3n directa de las cintas reduce las intervenciones de mantenimiento. Una generosa apertura en el alojamiento inferior de la bancada permite que los residuos pasen con facilidad, evitando atascos. El dispositivo autom\u00e1tico de tensado de la cinta asegura una tensi\u00f3n constante y \u00f3ptima de la misma y una excelente precisi\u00f3n de corte, reduciendo tambi\u00e9n el riesgo de rotura de la cinta. El dispositivo de cierre r\u00e1pido de la bancada de corte le permite abrirlo en una sola operaci\u00f3n y sustituir la cinta en poco tiempo. El apagado autom\u00e1tico de la <strong>MAXIBAND 500<\/strong><br \/>\nevita la sobrecarga innecesaria de la cinta, que permanece en funcionamiento solo cuando se est\u00e1 realizando un corte. Adem\u00e1s, gracias a las ruedas, <strong>MAXIBAND 500<\/strong> puede ser movida f\u00e1cilmente por una \u00fanica persona. La <strong>MAXIBAND 500<\/strong> dispone de un contador de horas.<\/p>\n<table class=\"tabellafotocarotaggio\" style=\"width: 100%;\">\n<tbody>\n<tr>\n<td style=\"width: 33%; text-align: center;\"><a href=\"https:\/\/www.maxima-dia.com\/wp-content\/uploads\/2019\/08\/MAXIBAND-500-f1.jpg\"><img loading=\"lazy\" decoding=\"async\" class=\"alignnone size-thumbnail wp-image-21372\" src=\"https:\/\/www.maxima-dia.com\/wp-content\/uploads\/2019\/08\/MAXIBAND-500-f1-150x150.jpg\" alt=\"\" width=\"150\" height=\"150\" srcset=\"https:\/\/www.maxima-dia.com\/wp-content\/uploads\/2019\/08\/MAXIBAND-500-f1-150x150.jpg 150w, https:\/\/www.maxima-dia.com\/wp-content\/uploads\/2019\/08\/MAXIBAND-500-f1-300x300.jpg 300w, https:\/\/www.maxima-dia.com\/wp-content\/uploads\/2019\/08\/MAXIBAND-500-f1-768x768.jpg 768w, https:\/\/www.maxima-dia.com\/wp-content\/uploads\/2019\/08\/MAXIBAND-500-f1-1024x1024.jpg 1024w, https:\/\/www.maxima-dia.com\/wp-content\/uploads\/2019\/08\/MAXIBAND-500-f1-80x80.jpg 80w, https:\/\/www.maxima-dia.com\/wp-content\/uploads\/2019\/08\/MAXIBAND-500-f1-500x500.jpg 500w, https:\/\/www.maxima-dia.com\/wp-content\/uploads\/2019\/08\/MAXIBAND-500-f1-1000x1000.jpg 1000w, https:\/\/www.maxima-dia.com\/wp-content\/uploads\/2019\/08\/MAXIBAND-500-f1.jpg 1600w\" sizes=\"(max-width: 150px) 100vw, 150px\" \/><\/a><\/td>\n<td style=\"width: 33%; text-align: center;\"><a href=\"https:\/\/www.maxima-dia.com\/wp-content\/uploads\/2019\/08\/MAXIBAND-500-f2.jpg\"><img loading=\"lazy\" decoding=\"async\" class=\"alignnone size-thumbnail wp-image-21378\" src=\"https:\/\/www.maxima-dia.com\/wp-content\/uploads\/2019\/08\/MAXIBAND-500-f2-150x150.jpg\" alt=\"\" width=\"150\" height=\"150\" srcset=\"https:\/\/www.maxima-dia.com\/wp-content\/uploads\/2019\/08\/MAXIBAND-500-f2-150x150.jpg 150w, https:\/\/www.maxima-dia.com\/wp-content\/uploads\/2019\/08\/MAXIBAND-500-f2-300x300.jpg 300w, https:\/\/www.maxima-dia.com\/wp-content\/uploads\/2019\/08\/MAXIBAND-500-f2-768x769.jpg 768w, https:\/\/www.maxima-dia.com\/wp-content\/uploads\/2019\/08\/MAXIBAND-500-f2-1024x1024.jpg 1024w, https:\/\/www.maxima-dia.com\/wp-content\/uploads\/2019\/08\/MAXIBAND-500-f2-80x80.jpg 80w, https:\/\/www.maxima-dia.com\/wp-content\/uploads\/2019\/08\/MAXIBAND-500-f2-500x500.jpg 500w, https:\/\/www.maxima-dia.com\/wp-content\/uploads\/2019\/08\/MAXIBAND-500-f2-1000x1000.jpg 1000w, https:\/\/www.maxima-dia.com\/wp-content\/uploads\/2019\/08\/MAXIBAND-500-f2.jpg 1600w\" sizes=\"(max-width: 150px) 100vw, 150px\" \/><\/a><\/td>\n<td style=\"width: 33%; text-align: center;\"><a href=\"https:\/\/www.maxima-dia.com\/wp-content\/uploads\/2019\/08\/MAXIBAND-500-f3.jpg\"><img loading=\"lazy\" decoding=\"async\" class=\"alignnone size-thumbnail wp-image-21384\" src=\"https:\/\/www.maxima-dia.com\/wp-content\/uploads\/2019\/08\/MAXIBAND-500-f3-150x150.jpg\" alt=\"\" width=\"150\" height=\"150\" srcset=\"https:\/\/www.maxima-dia.com\/wp-content\/uploads\/2019\/08\/MAXIBAND-500-f3-150x150.jpg 150w, https:\/\/www.maxima-dia.com\/wp-content\/uploads\/2019\/08\/MAXIBAND-500-f3-300x300.jpg 300w, https:\/\/www.maxima-dia.com\/wp-content\/uploads\/2019\/08\/MAXIBAND-500-f3-768x768.jpg 768w, https:\/\/www.maxima-dia.com\/wp-content\/uploads\/2019\/08\/MAXIBAND-500-f3-1024x1024.jpg 1024w, https:\/\/www.maxima-dia.com\/wp-content\/uploads\/2019\/08\/MAXIBAND-500-f3-80x80.jpg 80w, https:\/\/www.maxima-dia.com\/wp-content\/uploads\/2019\/08\/MAXIBAND-500-f3-500x500.jpg 500w, https:\/\/www.maxima-dia.com\/wp-content\/uploads\/2019\/08\/MAXIBAND-500-f3-1000x1000.jpg 1000w, https:\/\/www.maxima-dia.com\/wp-content\/uploads\/2019\/08\/MAXIBAND-500-f3.jpg 1600w\" sizes=\"(max-width: 150px) 100vw, 150px\" \/><\/a><\/td>\n<\/tr>\n<tr>\n<td style=\"width: 33%; text-align: center;\"><a href=\"https:\/\/www.maxima-dia.com\/wp-content\/uploads\/2019\/08\/MAXIBAND-500-f4-f5.jpg\"><img loading=\"lazy\" decoding=\"async\" class=\"alignnone size-thumbnail wp-image-21390\" src=\"https:\/\/www.maxima-dia.com\/wp-content\/uploads\/2019\/08\/MAXIBAND-500-f4-f5-150x150.jpg\" alt=\"\" width=\"150\" height=\"150\" srcset=\"https:\/\/www.maxima-dia.com\/wp-content\/uploads\/2019\/08\/MAXIBAND-500-f4-f5-150x150.jpg 150w, https:\/\/www.maxima-dia.com\/wp-content\/uploads\/2019\/08\/MAXIBAND-500-f4-f5-300x300.jpg 300w, https:\/\/www.maxima-dia.com\/wp-content\/uploads\/2019\/08\/MAXIBAND-500-f4-f5-768x768.jpg 768w, https:\/\/www.maxima-dia.com\/wp-content\/uploads\/2019\/08\/MAXIBAND-500-f4-f5-1024x1024.jpg 1024w, https:\/\/www.maxima-dia.com\/wp-content\/uploads\/2019\/08\/MAXIBAND-500-f4-f5-80x80.jpg 80w, https:\/\/www.maxima-dia.com\/wp-content\/uploads\/2019\/08\/MAXIBAND-500-f4-f5-500x500.jpg 500w, https:\/\/www.maxima-dia.com\/wp-content\/uploads\/2019\/08\/MAXIBAND-500-f4-f5-1000x1000.jpg 1000w, https:\/\/www.maxima-dia.com\/wp-content\/uploads\/2019\/08\/MAXIBAND-500-f4-f5.jpg 1600w\" sizes=\"(max-width: 150px) 100vw, 150px\" \/><\/a><\/td>\n<td style=\"width: 33%; text-align: center;\"><a href=\"https:\/\/www.maxima-dia.com\/wp-content\/uploads\/2019\/08\/MAXIBAND-500-f6.jpg\"><img loading=\"lazy\" decoding=\"async\" class=\"alignnone size-thumbnail wp-image-21396\" src=\"https:\/\/www.maxima-dia.com\/wp-content\/uploads\/2019\/08\/MAXIBAND-500-f6-150x150.jpg\" alt=\"\" width=\"150\" height=\"150\" srcset=\"https:\/\/www.maxima-dia.com\/wp-content\/uploads\/2019\/08\/MAXIBAND-500-f6-150x150.jpg 150w, https:\/\/www.maxima-dia.com\/wp-content\/uploads\/2019\/08\/MAXIBAND-500-f6-300x300.jpg 300w, https:\/\/www.maxima-dia.com\/wp-content\/uploads\/2019\/08\/MAXIBAND-500-f6-768x768.jpg 768w, https:\/\/www.maxima-dia.com\/wp-content\/uploads\/2019\/08\/MAXIBAND-500-f6-1024x1024.jpg 1024w, https:\/\/www.maxima-dia.com\/wp-content\/uploads\/2019\/08\/MAXIBAND-500-f6-80x80.jpg 80w, https:\/\/www.maxima-dia.com\/wp-content\/uploads\/2019\/08\/MAXIBAND-500-f6-500x500.jpg 500w, https:\/\/www.maxima-dia.com\/wp-content\/uploads\/2019\/08\/MAXIBAND-500-f6-1000x1000.jpg 1000w, https:\/\/www.maxima-dia.com\/wp-content\/uploads\/2019\/08\/MAXIBAND-500-f6.jpg 1600w\" sizes=\"(max-width: 150px) 100vw, 150px\" \/><\/a><\/td>\n<td style=\"width: 33%; text-align: center;\"><a href=\"https:\/\/www.maxima-dia.com\/wp-content\/uploads\/2019\/08\/MAXIBAND-500-f7.jpg\"><img loading=\"lazy\" decoding=\"async\" class=\"alignnone size-thumbnail wp-image-21402\" src=\"https:\/\/www.maxima-dia.com\/wp-content\/uploads\/2019\/08\/MAXIBAND-500-f7-150x150.jpg\" alt=\"\" width=\"150\" height=\"150\" srcset=\"https:\/\/www.maxima-dia.com\/wp-content\/uploads\/2019\/08\/MAXIBAND-500-f7-150x150.jpg 150w, https:\/\/www.maxima-dia.com\/wp-content\/uploads\/2019\/08\/MAXIBAND-500-f7-300x300.jpg 300w, https:\/\/www.maxima-dia.com\/wp-content\/uploads\/2019\/08\/MAXIBAND-500-f7-768x768.jpg 768w, https:\/\/www.maxima-dia.com\/wp-content\/uploads\/2019\/08\/MAXIBAND-500-f7-1024x1024.jpg 1024w, https:\/\/www.maxima-dia.com\/wp-content\/uploads\/2019\/08\/MAXIBAND-500-f7-80x80.jpg 80w, https:\/\/www.maxima-dia.com\/wp-content\/uploads\/2019\/08\/MAXIBAND-500-f7-500x500.jpg 500w, https:\/\/www.maxima-dia.com\/wp-content\/uploads\/2019\/08\/MAXIBAND-500-f7-1000x1000.jpg 1000w, https:\/\/www.maxima-dia.com\/wp-content\/uploads\/2019\/08\/MAXIBAND-500-f7.jpg 1600w\" sizes=\"(max-width: 150px) 100vw, 150px\" \/><\/a><\/td>\n<\/tr>\n<tr>\n<td style=\"width: 33%; text-align: center;\"><a href=\"https:\/\/www.maxima-dia.com\/wp-content\/uploads\/2019\/08\/MAXIBAND-500-f8.jpg\"><img loading=\"lazy\" decoding=\"async\" class=\"alignnone size-thumbnail wp-image-21408\" src=\"https:\/\/www.maxima-dia.com\/wp-content\/uploads\/2019\/08\/MAXIBAND-500-f8-150x150.jpg\" alt=\"\" width=\"150\" height=\"150\" srcset=\"https:\/\/www.maxima-dia.com\/wp-content\/uploads\/2019\/08\/MAXIBAND-500-f8-150x150.jpg 150w, https:\/\/www.maxima-dia.com\/wp-content\/uploads\/2019\/08\/MAXIBAND-500-f8-300x300.jpg 300w, https:\/\/www.maxima-dia.com\/wp-content\/uploads\/2019\/08\/MAXIBAND-500-f8-768x768.jpg 768w, https:\/\/www.maxima-dia.com\/wp-content\/uploads\/2019\/08\/MAXIBAND-500-f8-1024x1024.jpg 1024w, https:\/\/www.maxima-dia.com\/wp-content\/uploads\/2019\/08\/MAXIBAND-500-f8-80x80.jpg 80w, https:\/\/www.maxima-dia.com\/wp-content\/uploads\/2019\/08\/MAXIBAND-500-f8-500x500.jpg 500w, https:\/\/www.maxima-dia.com\/wp-content\/uploads\/2019\/08\/MAXIBAND-500-f8-1000x1000.jpg 1000w, https:\/\/www.maxima-dia.com\/wp-content\/uploads\/2019\/08\/MAXIBAND-500-f8.jpg 1600w\" sizes=\"(max-width: 150px) 100vw, 150px\" \/><\/a><\/td>\n<td style=\"width: 33%; text-align: center;\"><a href=\"https:\/\/www.maxima-dia.com\/wp-content\/uploads\/2021\/11\/MAXIBAND-500-f9-ES-scaled.jpg\"><img loading=\"lazy\" decoding=\"async\" class=\"alignnone size-thumbnail wp-image-30850\" src=\"https:\/\/www.maxima-dia.com\/wp-content\/uploads\/2021\/11\/MAXIBAND-500-f9-ES-150x150.jpg\" alt=\"\" width=\"150\" height=\"150\" srcset=\"https:\/\/www.maxima-dia.com\/wp-content\/uploads\/2021\/11\/MAXIBAND-500-f9-ES-150x150.jpg 150w, https:\/\/www.maxima-dia.com\/wp-content\/uploads\/2021\/11\/MAXIBAND-500-f9-ES-80x80.jpg 80w, https:\/\/www.maxima-dia.com\/wp-content\/uploads\/2021\/11\/MAXIBAND-500-f9-ES-500x500.jpg 500w, https:\/\/www.maxima-dia.com\/wp-content\/uploads\/2021\/11\/MAXIBAND-500-f9-ES-1000x1000.jpg 1000w\" sizes=\"(max-width: 150px) 100vw, 150px\" \/><\/a><\/td>\n<td style=\"width: 33%; text-align: center;\">&nbsp;<\/td>\n<\/tr>\n<\/tbody>\n<\/table>\n<p class=\"p1\">&nbsp;<\/p>\n<table class=\"tabellatecnica\" style=\"width: 100%; height: 144px;\" border=\"0\" cellspacing=\"0\" cellpadding=\"0\">\n<thead>\n<tr style=\"height: 24px;\">\n<td class=\"testata\" style=\"height: 24px;\" colspan=\"2\">CARACTER\u00cdSTICAS T\u00c9CNICAS<\/td>\n<\/tr>\n<\/thead>\n<tbody>\n<tr style=\"height: 24px;\">\n<td class=\"coltesto1\" style=\"width: 50%; height: 24px;\">Altura\/Longitud de corte: 510\/700 mm<\/td>\n<td class=\"coltesto2\" style=\"width: 50%; height: 24px;\">Luz auxiliar izquierda de la sierra de cinta: 490 mm<\/td>\n<\/tr>\n<tr style=\"height: 24px;\">\n<td class=\"coltesto1\" style=\"width: 50%; height: 24px;\">Longitud de la cinta: 3750 mm<\/td>\n<td class=\"coltesto2\" style=\"width: 50%; height: 24px;\">Dimensi\u00f3n de la mesa de la sierra de cinta: 920\/710 mm<\/td>\n<\/tr>\n<tr style=\"height: 24px;\">\n<td class=\"coltesto1\" style=\"width: 50%; height: 24px;\">Potencia: 1.5 kW\/230 V<\/td>\n<td class=\"coltesto2\" style=\"width: 50%; height: 24px;\">Capacidad m\u00e1xima de la bancada: 50 kg<\/td>\n<\/tr>\n<tr style=\"height: 24px;\">\n<td class=\"coltesto2\" style=\"width: 50%; height: 24px;\">Consumo de energ\u00eda: 2.7 A \/ 12.5 A<\/td>\n<td class=\"coltesto2\" style=\"width: 50%; height: 24px;\">Dimensiones (L x P x H): 1080 x 750 x 1840 mm<\/td>\n<\/tr>\n<tr style=\"height: 24px;\">\n<td class=\"coltesto2\" style=\"width: 50%; height: 24px;\">\u00d8 de la polea de la sierra de cinta: 502 mm<\/td>\n<td class=\"coltesto2\" style=\"width: 50%; height: 24px;\">Peso: 173 Kg<\/td>\n<\/tr>\n<\/tbody>\n<\/table>\n<div id=\"gtx-trans\" style=\"position: absolute; left: 778px; top: 853px;\">\n<div class=\"gtx-trans-icon\">&nbsp;<\/div>\n<\/div>\n<p>[\/vc_column_text][\/vc_column][\/vc_row]<\/p>\n<\/div>","protected":false},"excerpt":{"rendered":"<p>MAXIBAND 500 es la nueva sierra de cinta de Maxima, especialmente adecuada para hormig\u00f3n celular y ladrillos con densidad m\u00e1xima ROH1. Las poleas de rotaci\u00f3n, gracias a sus generosas dimensiones, garantizan una excelente vida \u00fatil de la propia cinta. La tracci\u00f3n directa de las cintas reduce las intervenciones de mantenimiento. Una generosa apertura en el alojamiento inferior de la bancada permite que los residuos pasen con facilidad, evitando atascos. El dispositivo autom\u00e1tico de tensado de la cinta asegura una tensi\u00f3n constante y \u00f3ptima de la misma y una excelente precisi\u00f3n de corte, reduciendo tambi\u00e9n el riesgo de rotura de la cinta. El dispositivo de cierre r\u00e1pido de la bancada de corte le permite abrirlo en una sola operaci\u00f3n y sustituir la cinta en poco tiempo. El apagado autom\u00e1tico de la MAXIBAND 500<br \/>\nevita la sobrecarga innecesaria de la cinta, que permanece en funcionamiento solo cuando se est\u00e1 realizando un corte. Adem\u00e1s, gracias a las ruedas, MAXIBAND 500 puede ser movida f\u00e1cilmente por una \u00fanica persona. La MAXIBAND 500 dispone de un contador de horas.<\/p>\n","protected":false},"author":29,"featured_media":21264,"parent":12477,"menu_order":7,"comment_status":"closed","ping_status":"closed","template":"","meta":{"ngg_post_thumbnail":0,"_joinchat":[],"footnotes":""},"class_list":["post-21251","page","type-page","status-publish","has-post-thumbnail","hentry"],"yoast_head":"<!-- This site is optimized with the Yoast SEO plugin v25.5 - https:\/\/yoast.com\/wordpress\/plugins\/seo\/ -->\n<title>Maxiband 500 - Maxima SpA<\/title>\n<meta name=\"robots\" content=\"index, follow, max-snippet:-1, max-image-preview:large, max-video-preview:-1\" \/>\n<link rel=\"canonical\" href=\"https:\/\/www.maxima-dia.com\/es\/maquinas-de-corte-para-la-construccion\/maxiband-500\/\" \/>\n<meta property=\"og:locale\" content=\"es_ES\" \/>\n<meta property=\"og:type\" content=\"article\" \/>\n<meta property=\"og:title\" content=\"Maxiband 500 - Maxima SpA\" \/>\n<meta property=\"og:description\" content=\"MAXIBAND 500 es la nueva sierra de cinta de Maxima, especialmente adecuada para hormig\u00f3n celular y ladrillos con densidad m\u00e1xima ROH1. Las poleas de rotaci\u00f3n, gracias a sus generosas dimensiones, garantizan una excelente vida \u00fatil de la propia cinta. La tracci\u00f3n directa de las cintas reduce las intervenciones de mantenimiento. Una generosa apertura en el alojamiento inferior de la bancada permite que los residuos pasen con facilidad, evitando atascos. El dispositivo autom\u00e1tico de tensado de la cinta asegura una tensi\u00f3n constante y \u00f3ptima de la misma y una excelente precisi\u00f3n de corte, reduciendo tambi\u00e9n el riesgo de rotura de la cinta. El dispositivo de cierre r\u00e1pido de la bancada de corte le permite abrirlo en una sola operaci\u00f3n y sustituir la cinta en poco tiempo. El apagado autom\u00e1tico de la MAXIBAND 500 evita la sobrecarga innecesaria de la cinta, que permanece en funcionamiento solo cuando se est\u00e1 realizando un corte. Adem\u00e1s, gracias a las ruedas, MAXIBAND 500 puede ser movida f\u00e1cilmente por una \u00fanica persona. La MAXIBAND 500 dispone de un contador de horas.\" \/>\n<meta property=\"og:url\" content=\"https:\/\/www.maxima-dia.com\/es\/maquinas-de-corte-para-la-construccion\/maxiband-500\/\" \/>\n<meta property=\"og:site_name\" content=\"Maxima SpA\" \/>\n<meta property=\"article:publisher\" content=\"https:\/\/www.facebook.com\/Maxima-spa-106098566139597\" \/>\n<meta property=\"article:modified_time\" content=\"2021-12-20T10:25:51+00:00\" \/>\n<meta property=\"og:image\" content=\"https:\/\/www.maxima-dia.com\/wp-content\/uploads\/2019\/08\/MAXIBAND-500-LATO-SX-01.jpg\" \/>\n\t<meta property=\"og:image:width\" content=\"1200\" \/>\n\t<meta property=\"og:image:height\" content=\"1200\" \/>\n\t<meta property=\"og:image:type\" content=\"image\/jpeg\" \/>\n<meta name=\"twitter:card\" content=\"summary_large_image\" \/>\n<meta name=\"twitter:site\" content=\"@Maximadia\" \/>\n<meta name=\"twitter:label1\" content=\"Tiempo de lectura\" \/>\n\t<meta name=\"twitter:data1\" content=\"4 minutos\" \/>\n<script type=\"application\/ld+json\" class=\"yoast-schema-graph\">{\"@context\":\"https:\/\/schema.org\",\"@graph\":[{\"@type\":\"WebPage\",\"@id\":\"https:\/\/www.maxima-dia.com\/es\/maquinas-de-corte-para-la-construccion\/maxiband-500\/\",\"url\":\"https:\/\/www.maxima-dia.com\/es\/maquinas-de-corte-para-la-construccion\/maxiband-500\/\",\"name\":\"Maxiband 500 - Maxima SpA\",\"isPartOf\":{\"@id\":\"https:\/\/www.maxima-dia.com\/es\/#website\"},\"primaryImageOfPage\":{\"@id\":\"https:\/\/www.maxima-dia.com\/es\/maquinas-de-corte-para-la-construccion\/maxiband-500\/#primaryimage\"},\"image\":{\"@id\":\"https:\/\/www.maxima-dia.com\/es\/maquinas-de-corte-para-la-construccion\/maxiband-500\/#primaryimage\"},\"thumbnailUrl\":\"https:\/\/www.maxima-dia.com\/wp-content\/uploads\/2019\/08\/MAXIBAND-500-LATO-SX-01.jpg\",\"datePublished\":\"2020-01-09T16:13:13+00:00\",\"dateModified\":\"2021-12-20T10:25:51+00:00\",\"breadcrumb\":{\"@id\":\"https:\/\/www.maxima-dia.com\/es\/maquinas-de-corte-para-la-construccion\/maxiband-500\/#breadcrumb\"},\"inLanguage\":\"es\",\"potentialAction\":[{\"@type\":\"ReadAction\",\"target\":[\"https:\/\/www.maxima-dia.com\/es\/maquinas-de-corte-para-la-construccion\/maxiband-500\/\"]}]},{\"@type\":\"ImageObject\",\"inLanguage\":\"es\",\"@id\":\"https:\/\/www.maxima-dia.com\/es\/maquinas-de-corte-para-la-construccion\/maxiband-500\/#primaryimage\",\"url\":\"https:\/\/www.maxima-dia.com\/wp-content\/uploads\/2019\/08\/MAXIBAND-500-LATO-SX-01.jpg\",\"contentUrl\":\"https:\/\/www.maxima-dia.com\/wp-content\/uploads\/2019\/08\/MAXIBAND-500-LATO-SX-01.jpg\",\"width\":1200,\"height\":1200},{\"@type\":\"BreadcrumbList\",\"@id\":\"https:\/\/www.maxima-dia.com\/es\/maquinas-de-corte-para-la-construccion\/maxiband-500\/#breadcrumb\",\"itemListElement\":[{\"@type\":\"ListItem\",\"position\":1,\"name\":\"Home\",\"item\":\"https:\/\/www.maxima-dia.com\/es\/\"},{\"@type\":\"ListItem\",\"position\":2,\"name\":\"M\u00e1quinas de Corte para la Construcci\u00f3n\",\"item\":\"https:\/\/www.maxima-dia.com\/es\/maquinas-de-corte-para-la-construccion\/\"},{\"@type\":\"ListItem\",\"position\":3,\"name\":\"Maxiband 500\"}]},{\"@type\":\"WebSite\",\"@id\":\"https:\/\/www.maxima-dia.com\/es\/#website\",\"url\":\"https:\/\/www.maxima-dia.com\/es\/\",\"name\":\"Maxima SpA\",\"description\":\"Only for the real professionals\",\"potentialAction\":[{\"@type\":\"SearchAction\",\"target\":{\"@type\":\"EntryPoint\",\"urlTemplate\":\"https:\/\/www.maxima-dia.com\/es\/?s={search_term_string}\"},\"query-input\":{\"@type\":\"PropertyValueSpecification\",\"valueRequired\":true,\"valueName\":\"search_term_string\"}}],\"inLanguage\":\"es\"}]}<\/script>\n<!-- \/ Yoast SEO plugin. -->","yoast_head_json":{"title":"Maxiband 500 - Maxima SpA","robots":{"index":"index","follow":"follow","max-snippet":"max-snippet:-1","max-image-preview":"max-image-preview:large","max-video-preview":"max-video-preview:-1"},"canonical":"https:\/\/www.maxima-dia.com\/es\/maquinas-de-corte-para-la-construccion\/maxiband-500\/","og_locale":"es_ES","og_type":"article","og_title":"Maxiband 500 - Maxima SpA","og_description":"MAXIBAND 500 es la nueva sierra de cinta de Maxima, especialmente adecuada para hormig\u00f3n celular y ladrillos con densidad m\u00e1xima ROH1. Las poleas de rotaci\u00f3n, gracias a sus generosas dimensiones, garantizan una excelente vida \u00fatil de la propia cinta. La tracci\u00f3n directa de las cintas reduce las intervenciones de mantenimiento. Una generosa apertura en el alojamiento inferior de la bancada permite que los residuos pasen con facilidad, evitando atascos. El dispositivo autom\u00e1tico de tensado de la cinta asegura una tensi\u00f3n constante y \u00f3ptima de la misma y una excelente precisi\u00f3n de corte, reduciendo tambi\u00e9n el riesgo de rotura de la cinta. El dispositivo de cierre r\u00e1pido de la bancada de corte le permite abrirlo en una sola operaci\u00f3n y sustituir la cinta en poco tiempo. El apagado autom\u00e1tico de la MAXIBAND 500 evita la sobrecarga innecesaria de la cinta, que permanece en funcionamiento solo cuando se est\u00e1 realizando un corte. Adem\u00e1s, gracias a las ruedas, MAXIBAND 500 puede ser movida f\u00e1cilmente por una \u00fanica persona. La MAXIBAND 500 dispone de un contador de horas.","og_url":"https:\/\/www.maxima-dia.com\/es\/maquinas-de-corte-para-la-construccion\/maxiband-500\/","og_site_name":"Maxima SpA","article_publisher":"https:\/\/www.facebook.com\/Maxima-spa-106098566139597","article_modified_time":"2021-12-20T10:25:51+00:00","og_image":[{"width":1200,"height":1200,"url":"https:\/\/www.maxima-dia.com\/wp-content\/uploads\/2019\/08\/MAXIBAND-500-LATO-SX-01.jpg","type":"image\/jpeg"}],"twitter_card":"summary_large_image","twitter_site":"@Maximadia","twitter_misc":{"Tiempo de lectura":"4 minutos"},"schema":{"@context":"https:\/\/schema.org","@graph":[{"@type":"WebPage","@id":"https:\/\/www.maxima-dia.com\/es\/maquinas-de-corte-para-la-construccion\/maxiband-500\/","url":"https:\/\/www.maxima-dia.com\/es\/maquinas-de-corte-para-la-construccion\/maxiband-500\/","name":"Maxiband 500 - Maxima SpA","isPartOf":{"@id":"https:\/\/www.maxima-dia.com\/es\/#website"},"primaryImageOfPage":{"@id":"https:\/\/www.maxima-dia.com\/es\/maquinas-de-corte-para-la-construccion\/maxiband-500\/#primaryimage"},"image":{"@id":"https:\/\/www.maxima-dia.com\/es\/maquinas-de-corte-para-la-construccion\/maxiband-500\/#primaryimage"},"thumbnailUrl":"https:\/\/www.maxima-dia.com\/wp-content\/uploads\/2019\/08\/MAXIBAND-500-LATO-SX-01.jpg","datePublished":"2020-01-09T16:13:13+00:00","dateModified":"2021-12-20T10:25:51+00:00","breadcrumb":{"@id":"https:\/\/www.maxima-dia.com\/es\/maquinas-de-corte-para-la-construccion\/maxiband-500\/#breadcrumb"},"inLanguage":"es","potentialAction":[{"@type":"ReadAction","target":["https:\/\/www.maxima-dia.com\/es\/maquinas-de-corte-para-la-construccion\/maxiband-500\/"]}]},{"@type":"ImageObject","inLanguage":"es","@id":"https:\/\/www.maxima-dia.com\/es\/maquinas-de-corte-para-la-construccion\/maxiband-500\/#primaryimage","url":"https:\/\/www.maxima-dia.com\/wp-content\/uploads\/2019\/08\/MAXIBAND-500-LATO-SX-01.jpg","contentUrl":"https:\/\/www.maxima-dia.com\/wp-content\/uploads\/2019\/08\/MAXIBAND-500-LATO-SX-01.jpg","width":1200,"height":1200},{"@type":"BreadcrumbList","@id":"https:\/\/www.maxima-dia.com\/es\/maquinas-de-corte-para-la-construccion\/maxiband-500\/#breadcrumb","itemListElement":[{"@type":"ListItem","position":1,"name":"Home","item":"https:\/\/www.maxima-dia.com\/es\/"},{"@type":"ListItem","position":2,"name":"M\u00e1quinas de Corte para la Construcci\u00f3n","item":"https:\/\/www.maxima-dia.com\/es\/maquinas-de-corte-para-la-construccion\/"},{"@type":"ListItem","position":3,"name":"Maxiband 500"}]},{"@type":"WebSite","@id":"https:\/\/www.maxima-dia.com\/es\/#website","url":"https:\/\/www.maxima-dia.com\/es\/","name":"Maxima SpA","description":"Only for the real professionals","potentialAction":[{"@type":"SearchAction","target":{"@type":"EntryPoint","urlTemplate":"https:\/\/www.maxima-dia.com\/es\/?s={search_term_string}"},"query-input":{"@type":"PropertyValueSpecification","valueRequired":true,"valueName":"search_term_string"}}],"inLanguage":"es"}]}},"_links":{"self":[{"href":"https:\/\/www.maxima-dia.com\/es\/wp-json\/wp\/v2\/pages\/21251"}],"collection":[{"href":"https:\/\/www.maxima-dia.com\/es\/wp-json\/wp\/v2\/pages"}],"about":[{"href":"https:\/\/www.maxima-dia.com\/es\/wp-json\/wp\/v2\/types\/page"}],"author":[{"embeddable":true,"href":"https:\/\/www.maxima-dia.com\/es\/wp-json\/wp\/v2\/users\/29"}],"replies":[{"embeddable":true,"href":"https:\/\/www.maxima-dia.com\/es\/wp-json\/wp\/v2\/comments?post=21251"}],"version-history":[{"count":0,"href":"https:\/\/www.maxima-dia.com\/es\/wp-json\/wp\/v2\/pages\/21251\/revisions"}],"up":[{"embeddable":true,"href":"https:\/\/www.maxima-dia.com\/es\/wp-json\/wp\/v2\/pages\/12477"}],"wp:featuredmedia":[{"embeddable":true,"href":"https:\/\/www.maxima-dia.com\/es\/wp-json\/wp\/v2\/media\/21264"}],"wp:attachment":[{"href":"https:\/\/www.maxima-dia.com\/es\/wp-json\/wp\/v2\/media?parent=21251"}],"curies":[{"name":"wp","href":"https:\/\/api.w.org\/{rel}","templated":true}]}}