{"id":28166,"date":"2021-06-23T10:46:59","date_gmt":"2021-06-23T08:46:59","guid":{"rendered":"https:\/\/www.maxima-dia.com\/?page_id=28166"},"modified":"2021-06-23T10:47:22","modified_gmt":"2021-06-23T08:47:22","slug":"disco-de-diamante-laser-verde","status":"publish","type":"page","link":"https:\/\/www.maxima-dia.com\/es\/discos-de-diamante-universales-laser\/disco-de-diamante-laser-verde\/","title":{"rendered":"L\u00e1ser Verde"},"content":{"rendered":"<div class=\"wpb-content-wrapper\"><p>[vc_row][vc_column text_align=\u00bbcenter\u00bb width=\u00bb1\/4&#8243;][vc_column_text]<a href=\"https:\/\/www.maxima-dia.com\/wp-content\/uploads\/2021\/06\/LASER_VERDE.jpg\"><img loading=\"lazy\" decoding=\"async\" class=\"alignnone wp-image-28174 size-thumbnail\" src=\"https:\/\/www.maxima-dia.com\/wp-content\/uploads\/2021\/06\/LASER_VERDE-150x150.jpg\" alt=\"\" width=\"150\" height=\"150\" srcset=\"https:\/\/www.maxima-dia.com\/wp-content\/uploads\/2021\/06\/LASER_VERDE-150x150.jpg 150w, https:\/\/www.maxima-dia.com\/wp-content\/uploads\/2021\/06\/LASER_VERDE-300x300.jpg 300w, https:\/\/www.maxima-dia.com\/wp-content\/uploads\/2021\/06\/LASER_VERDE-1024x1024.jpg 1024w, https:\/\/www.maxima-dia.com\/wp-content\/uploads\/2021\/06\/LASER_VERDE-768x768.jpg 768w, https:\/\/www.maxima-dia.com\/wp-content\/uploads\/2021\/06\/LASER_VERDE-1536x1536.jpg 1536w, https:\/\/www.maxima-dia.com\/wp-content\/uploads\/2021\/06\/LASER_VERDE-80x80.jpg 80w, https:\/\/www.maxima-dia.com\/wp-content\/uploads\/2021\/06\/LASER_VERDE-500x500.jpg 500w, https:\/\/www.maxima-dia.com\/wp-content\/uploads\/2021\/06\/LASER_VERDE-1000x1000.jpg 1000w, https:\/\/www.maxima-dia.com\/wp-content\/uploads\/2021\/06\/LASER_VERDE.jpg 1700w\" sizes=\"(max-width: 150px) 100vw, 150px\" \/><\/a><\/p>\n<p><span style=\"background-color: #cc0000; color: #ffffff; padding: 5px;\">H.12 mm<\/span>[\/vc_column_text][vc_column_text css_animation=\u00bbslideInDown\u00bb el_class=\u00bbhidebuybutton\u00bb]<a href=\"https:\/\/www.storemaxima.com\/es\/discos-de-diamante-universales-laser\/273-laser-verde.html\" target=\"_blank\" rel=\"noopener\"><img loading=\"lazy\" decoding=\"async\" class=\"alignnone\" title=\"Comprar en www.storemaxima.com\" src=\"https:\/\/www.maxima-dia.com\/wp-content\/uploads\/2019\/12\/pulsante-acquista-storemaxima.com-es.svg\" alt=\"Comprar en www.storemaxima.com\" width=\"180\" height=\"80\"><\/a>[\/vc_column_text][\/vc_column][vc_column width=\u00bb3\/4&#8243;][vc_column_text]Los segmentos con perfil en forma de cresta de cocodrilo y los laterales con dise\u00f1o turbo, hacen del <strong>Laser Verde<\/strong> un disco para profesionales tan infalible como la mordida de un cocodrilo. R\u00e1pido, \u00e1gil y universal como pocos discos. El rendimiento aumenta a\u00fan m\u00e1s gracias a la refrigeraci\u00f3n adicional obtenida mediante los numerosos orificios en el cuerpo del disco. En producci\u00f3n durante muchos a\u00f1os y ahora redise\u00f1ado, hace que la eficacia y la fiabilidad sean sus mejores armas.<br \/>\n<strong>Tambi\u00e9n disponible en la versi\u00f3n X-Lock en los di\u00e1metros 115 y 125.<\/strong><\/p>\n<table class=\"tabellatecnica\" style=\"width: 80%; height: 540px;\" border=\"0\" cellspacing=\"0\" cellpadding=\"0\">\n<thead>\n<tr style=\"height: 24px;\">\n<td class=\"testata\" style=\"height: 24px;\" colspan=\"2\">FICHA T\u00c9CNICA<\/td>\n<\/tr>\n<\/thead>\n<tbody>\n<tr style=\"height: 35px;\">\n<td class=\"prima\" style=\"height: 35px;\">Cemento Curado \/ Ladrillos \/ Tejas<\/td>\n<td class=\"seconda\" style=\"height: 35px;\"><b class=\"txtred\">\u2605<\/b><b class=\"txtred\">\u2605<\/b><b class=\"txtred\">\u2605<\/b><b class=\"txtred\">\u2605<\/b><b class=\"txtred\">\u2605<\/b><\/td>\n<\/tr>\n<tr style=\"height: 35px;\">\n<td class=\"prima\" style=\"height: 35px;\">Hormig\u00f3n poco armado<\/td>\n<td class=\"seconda\" style=\"height: 35px;\"><b class=\"txtred\">\u2605<\/b><b class=\"txtred\">\u2605<\/b><b class=\"txtred\">\u2605<\/b><b class=\"txtred\">\u2605<\/b><b class=\"txtred\">\u2605<\/b><\/td>\n<\/tr>\n<tr style=\"height: 35px;\">\n<td class=\"prima\" style=\"height: 35px;\">Hormig\u00f3n muy armado<\/td>\n<td class=\"seconda\" style=\"height: 35px;\"><b class=\"txtred\">\u2605<\/b><b class=\"txtred\">\u2605<\/b><b class=\"txtred\">\u2605<\/b><b class=\"txtred\">\u2605<\/b><b class=\"txtred\">\u2605<\/b><\/td>\n<\/tr>\n<tr style=\"height: 35px;\">\n<td class=\"prima\" style=\"height: 35px;\">Granitos \/ Piedras naturales \/ P\u00f3rfidos<\/td>\n<td class=\"seconda\" style=\"height: 35px;\"><b class=\"txtred\">\u2605<\/b><b class=\"txtred\">\u2605<\/b><b class=\"txtred\">\u2605<\/b><b class=\"txtred\">\u2605<\/b><\/td>\n<\/tr>\n<tr style=\"height: 35px;\">\n<td class=\"prima\" style=\"height: 35px;\">M\u00e1rmoles<\/td>\n<td class=\"seconda\" style=\"height: 35px;\">&nbsp;<\/td>\n<\/tr>\n<tr style=\"height: 35px;\">\n<td class=\"prima\" style=\"height: 35px;\">Refractarios<\/td>\n<td class=\"seconda\" style=\"height: 35px;\"><b class=\"txtred\">\u2605<\/b><b class=\"txtred\">\u2605<\/b><\/td>\n<\/tr>\n<tr style=\"height: 35px;\">\n<td class=\"prima\" style=\"height: 35px;\">Areniscas \/ Placas de gravilla lavada<\/td>\n<td class=\"seconda\" style=\"height: 35px;\"><b class=\"txtred\">\u2605<\/b><b class=\"txtred\">\u2605<\/b><\/td>\n<\/tr>\n<tr style=\"height: 35px;\">\n<td class=\"prima\" style=\"height: 35px;\">Cer\u00e1mica cocida dos veces<\/td>\n<td class=\"seconda\" style=\"height: 35px;\"><b class=\"txtred\">\u2605<\/b><\/td>\n<\/tr>\n<tr style=\"height: 35px;\">\n<td class=\"prima\" style=\"height: 35px;\">Cer\u00e1mica cocida una vez<\/td>\n<td class=\"seconda\" style=\"height: 35px;\"><b class=\"txtred\">\u2605<\/b><\/td>\n<\/tr>\n<tr style=\"height: 24px;\">\n<td class=\"prima\" style=\"height: 24px;\">Gres porcel\u00e1nico \/ Klinker<\/td>\n<td class=\"seconda\" style=\"height: 24px;\">&nbsp;<\/td>\n<\/tr>\n<tr style=\"height: 24px;\">\n<td class=\"prima\" style=\"height: 24px;\">Cemento fresco<\/td>\n<td class=\"seconda\" style=\"height: 24px;\">&nbsp;<\/td>\n<\/tr>\n<tr style=\"height: 24px;\">\n<td class=\"prima\" style=\"height: 24px;\">Asfalto<\/td>\n<td class=\"seconda\" style=\"height: 24px;\">&nbsp;<\/td>\n<\/tr>\n<tr style=\"height: 24px;\">\n<td class=\"intervallo\" style=\"height: 24px;\" colspan=\"2\">&nbsp;<\/td>\n<\/tr>\n<tr style=\"height: 35px;\">\n<td class=\"prima\" style=\"height: 35px;\">Velocidad de corte<\/td>\n<td class=\"seconda\" style=\"height: 35px;\"><b class=\"txtred\">\u2605<\/b><b class=\"txtred\">\u2605<\/b><b class=\"txtred\">\u2605<\/b><b class=\"txtred\">\u2605<\/b><b class=\"txtred\">\u2605<\/b><\/td>\n<\/tr>\n<tr style=\"height: 35px;\">\n<td class=\"prima\" style=\"height: 35px;\">Duraci\u00f3n promedio<\/td>\n<td class=\"seconda\" style=\"height: 35px;\"><b class=\"txtred\">\u2605<\/b><b class=\"txtred\">\u2605<\/b><b class=\"txtred\">\u2605<\/b><\/td>\n<\/tr>\n<tr style=\"height: 35px;\">\n<td class=\"legenda\" style=\"height: 35px;\" colspan=\"2\"><strong>suficiente<\/strong>&nbsp;<b class=\"txtred\">\u2605<\/b>&nbsp;&nbsp;&nbsp;&nbsp;&nbsp;<strong>regular<\/strong>&nbsp;<b class=\"txtred\">\u2605<\/b><b class=\"txtred\">\u2605<\/b>&nbsp;&nbsp;&nbsp;&nbsp;&nbsp;<strong>bueno<\/strong>&nbsp;<b class=\"txtred\">\u2605<\/b><b class=\"txtred\">\u2605<\/b><b class=\"txtred\">\u2605<\/b>&nbsp;&nbsp;&nbsp;&nbsp;&nbsp;<strong>sobresaliente<\/strong>&nbsp;<b class=\"txtred\">\u2605<\/b><b class=\"txtred\">\u2605<\/b><b class=\"txtred\">\u2605<\/b><b class=\"txtred\">\u2605<\/b>&nbsp;&nbsp;&nbsp;&nbsp;&nbsp;<strong>super<\/strong>&nbsp;<b class=\"txtred\">\u2605<\/b><b class=\"txtred\">\u2605<\/b><b class=\"txtred\">\u2605<\/b><b class=\"txtred\">\u2605<\/b><b class=\"txtred\">\u2605<\/b><\/td>\n<\/tr>\n<\/tbody>\n<\/table>\n<p>&nbsp;<\/p>\n<table class=\"tabellatecnica\" style=\"width: 80%;\" border=\"0\" cellspacing=\"0\" cellpadding=\"0\">\n<thead>\n<tr>\n<td class=\"testata\" style=\"width: 49.91%;\" colspan=\"2\">PUEDE UTILIZARSE EN LAS M\u00c1QUINAS SIGUIENTES<\/td>\n<\/tr>\n<\/thead>\n<tbody>\n<tr>\n<td style=\"width: 49.91%;\" valign=\"top\"><img loading=\"lazy\" decoding=\"async\" class=\"alignleft\" style=\"margin-bottom: 30px;\" src=\"\/wp-content\/uploads\/2013\/10\/s-taglio1.png\" alt=\"s-taglio1\" width=\"64\" height=\"30\"> 115-125-230<\/td>\n<td style=\"width: 49.91%;\"><a href=\"\/wp-content\/uploads\/2013\/11\/s-taglio3.png\"><img decoding=\"async\" class=\"wp-image-7030 alignleft\" src=\"\/wp-content\/uploads\/2013\/11\/s-taglio3.png\" alt=\"s-taglio3\" height=\"50\"><\/a>300-350-400<\/td>\n<\/tr>\n<\/tbody>\n<\/table>\n<p>&nbsp;[\/vc_column_text][\/vc_column][\/vc_row]<\/p>\n<\/div>","protected":false},"excerpt":{"rendered":"<p>[vc_row][vc_column text_align=\u00bbcenter\u00bb width=\u00bb1\/4&#8243;][vc_column_text] H.12 mm[\/vc_column_text][vc_column_text css_animation=\u00bbslideInDown\u00bb el_class=\u00bbhidebuybutton\u00bb][\/vc_column_text][\/vc_column][vc_column width=\u00bb3\/4&#8243;][vc_column_text]Los segmentos con perfil en forma de cresta de cocodrilo y los laterales con dise\u00f1o turbo, hacen del Laser Verde un disco para profesionales tan infalible como la mordida de un cocodrilo. R\u00e1pido, \u00e1gil y universal como pocos discos. El rendimiento aumenta a\u00fan m\u00e1s gracias a la refrigeraci\u00f3n adicional obtenida mediante los numerosos orificios en el cuerpo del disco. En producci\u00f3n durante muchos a\u00f1os y ahora redise\u00f1ado, hace que la eficacia y la fiabilidad sean sus mejores armas. Tambi\u00e9n disponible en la versi\u00f3n X-Lock en los di\u00e1metros 115 y 125. FICHA T\u00c9CNICA Cemento Curado \/ Ladrillos \/ Tejas \u2605\u2605\u2605\u2605\u2605 Hormig\u00f3n poco armado \u2605\u2605\u2605\u2605\u2605 Hormig\u00f3n muy armado \u2605\u2605\u2605\u2605\u2605 Granitos \/ Piedras naturales \/ P\u00f3rfidos \u2605\u2605\u2605\u2605 M\u00e1rmoles &nbsp; Refractarios \u2605\u2605 Areniscas \/ Placas de gravilla lavada \u2605\u2605 Cer\u00e1mica cocida dos veces \u2605 Cer\u00e1mica cocida una vez \u2605 Gres porcel\u00e1nico \/ Klinker &nbsp; Cemento fresco &nbsp; Asfalto &nbsp; &nbsp; Velocidad de corte \u2605\u2605\u2605\u2605\u2605 Duraci\u00f3n promedio \u2605\u2605\u2605 suficiente&nbsp;\u2605&nbsp;&nbsp;&nbsp;&nbsp;&nbsp;regular&nbsp;\u2605\u2605&nbsp;&nbsp;&nbsp;&nbsp;&nbsp;bueno&nbsp;\u2605\u2605\u2605&nbsp;&nbsp;&nbsp;&nbsp;&nbsp;sobresaliente&nbsp;\u2605\u2605\u2605\u2605&nbsp;&nbsp;&nbsp;&nbsp;&nbsp;super&nbsp;\u2605\u2605\u2605\u2605\u2605 &nbsp; PUEDE UTILIZARSE EN LAS M\u00c1QUINAS SIGUIENTES 115-125-230 300-350-400 &nbsp;[\/vc_column_text][\/vc_column][\/vc_row]<\/p>\n","protected":false},"author":29,"featured_media":28174,"parent":12405,"menu_order":8,"comment_status":"closed","ping_status":"closed","template":"","meta":{"ngg_post_thumbnail":0,"_joinchat":[],"footnotes":""},"class_list":["post-28166","page","type-page","status-publish","has-post-thumbnail","hentry"],"yoast_head":"<!-- This site is optimized with the Yoast SEO plugin v25.5 - https:\/\/yoast.com\/wordpress\/plugins\/seo\/ -->\n<title>L\u00e1ser Verde - Maxima SpA<\/title>\n<meta name=\"description\" content=\"El L\u00e1ser Amarillo impacta por la velocidad elevada de corte, que es considerable para un Disco de diamante de este nivel. Es lo ideal para un uso no intensivo.\" \/>\n<meta name=\"robots\" content=\"index, follow, max-snippet:-1, max-image-preview:large, max-video-preview:-1\" \/>\n<link rel=\"canonical\" href=\"https:\/\/www.maxima-dia.com\/es\/discos-de-diamante-universales-laser\/disco-de-diamante-laser-verde\/\" \/>\n<meta property=\"og:locale\" content=\"es_ES\" \/>\n<meta property=\"og:type\" content=\"article\" \/>\n<meta property=\"og:title\" content=\"L\u00e1ser Verde - Maxima SpA\" \/>\n<meta property=\"og:description\" content=\"El L\u00e1ser Amarillo impacta por la velocidad elevada de corte, que es considerable para un Disco de diamante de este nivel. Es lo ideal para un uso no intensivo.\" \/>\n<meta property=\"og:url\" content=\"https:\/\/www.maxima-dia.com\/es\/discos-de-diamante-universales-laser\/disco-de-diamante-laser-verde\/\" \/>\n<meta property=\"og:site_name\" content=\"Maxima SpA\" \/>\n<meta property=\"article:publisher\" content=\"https:\/\/www.facebook.com\/Maxima-spa-106098566139597\" \/>\n<meta property=\"article:modified_time\" content=\"2021-06-23T08:47:22+00:00\" \/>\n<meta property=\"og:image\" content=\"https:\/\/www.maxima-dia.com\/wp-content\/uploads\/2021\/06\/LASER_VERDE.jpg\" \/>\n\t<meta property=\"og:image:width\" content=\"1700\" \/>\n\t<meta property=\"og:image:height\" content=\"1700\" \/>\n\t<meta property=\"og:image:type\" content=\"image\/jpeg\" \/>\n<meta name=\"twitter:card\" content=\"summary_large_image\" \/>\n<meta name=\"twitter:site\" content=\"@Maximadia\" \/>\n<meta name=\"twitter:label1\" content=\"Tiempo de lectura\" \/>\n\t<meta name=\"twitter:data1\" content=\"12 minutos\" \/>\n<script type=\"application\/ld+json\" class=\"yoast-schema-graph\">{\"@context\":\"https:\/\/schema.org\",\"@graph\":[{\"@type\":\"WebPage\",\"@id\":\"https:\/\/www.maxima-dia.com\/es\/discos-de-diamante-universales-laser\/disco-de-diamante-laser-verde\/\",\"url\":\"https:\/\/www.maxima-dia.com\/es\/discos-de-diamante-universales-laser\/disco-de-diamante-laser-verde\/\",\"name\":\"L\u00e1ser Verde - Maxima SpA\",\"isPartOf\":{\"@id\":\"https:\/\/www.maxima-dia.com\/es\/#website\"},\"primaryImageOfPage\":{\"@id\":\"https:\/\/www.maxima-dia.com\/es\/discos-de-diamante-universales-laser\/disco-de-diamante-laser-verde\/#primaryimage\"},\"image\":{\"@id\":\"https:\/\/www.maxima-dia.com\/es\/discos-de-diamante-universales-laser\/disco-de-diamante-laser-verde\/#primaryimage\"},\"thumbnailUrl\":\"https:\/\/www.maxima-dia.com\/wp-content\/uploads\/2021\/06\/LASER_VERDE.jpg\",\"datePublished\":\"2021-06-23T08:46:59+00:00\",\"dateModified\":\"2021-06-23T08:47:22+00:00\",\"description\":\"El L\u00e1ser Amarillo impacta por la velocidad elevada de corte, que es considerable para un Disco de diamante de este nivel. Es lo ideal para un uso no intensivo.\",\"breadcrumb\":{\"@id\":\"https:\/\/www.maxima-dia.com\/es\/discos-de-diamante-universales-laser\/disco-de-diamante-laser-verde\/#breadcrumb\"},\"inLanguage\":\"es\",\"potentialAction\":[{\"@type\":\"ReadAction\",\"target\":[\"https:\/\/www.maxima-dia.com\/es\/discos-de-diamante-universales-laser\/disco-de-diamante-laser-verde\/\"]}]},{\"@type\":\"ImageObject\",\"inLanguage\":\"es\",\"@id\":\"https:\/\/www.maxima-dia.com\/es\/discos-de-diamante-universales-laser\/disco-de-diamante-laser-verde\/#primaryimage\",\"url\":\"https:\/\/www.maxima-dia.com\/wp-content\/uploads\/2021\/06\/LASER_VERDE.jpg\",\"contentUrl\":\"https:\/\/www.maxima-dia.com\/wp-content\/uploads\/2021\/06\/LASER_VERDE.jpg\",\"width\":1700,\"height\":1700},{\"@type\":\"BreadcrumbList\",\"@id\":\"https:\/\/www.maxima-dia.com\/es\/discos-de-diamante-universales-laser\/disco-de-diamante-laser-verde\/#breadcrumb\",\"itemListElement\":[{\"@type\":\"ListItem\",\"position\":1,\"name\":\"Home\",\"item\":\"https:\/\/www.maxima-dia.com\/es\/\"},{\"@type\":\"ListItem\",\"position\":2,\"name\":\"Discos de Diamante Universales L\u00e1ser\",\"item\":\"https:\/\/www.maxima-dia.com\/es\/discos-de-diamante-universales-laser\/\"},{\"@type\":\"ListItem\",\"position\":3,\"name\":\"L\u00e1ser Verde\"}]},{\"@type\":\"WebSite\",\"@id\":\"https:\/\/www.maxima-dia.com\/es\/#website\",\"url\":\"https:\/\/www.maxima-dia.com\/es\/\",\"name\":\"Maxima SpA\",\"description\":\"Only for the real professionals\",\"potentialAction\":[{\"@type\":\"SearchAction\",\"target\":{\"@type\":\"EntryPoint\",\"urlTemplate\":\"https:\/\/www.maxima-dia.com\/es\/?s={search_term_string}\"},\"query-input\":{\"@type\":\"PropertyValueSpecification\",\"valueRequired\":true,\"valueName\":\"search_term_string\"}}],\"inLanguage\":\"es\"}]}<\/script>\n<!-- \/ Yoast SEO plugin. -->","yoast_head_json":{"title":"L\u00e1ser Verde - Maxima SpA","description":"El L\u00e1ser Amarillo impacta por la velocidad elevada de corte, que es considerable para un Disco de diamante de este nivel. Es lo ideal para un uso no intensivo.","robots":{"index":"index","follow":"follow","max-snippet":"max-snippet:-1","max-image-preview":"max-image-preview:large","max-video-preview":"max-video-preview:-1"},"canonical":"https:\/\/www.maxima-dia.com\/es\/discos-de-diamante-universales-laser\/disco-de-diamante-laser-verde\/","og_locale":"es_ES","og_type":"article","og_title":"L\u00e1ser Verde - Maxima SpA","og_description":"El L\u00e1ser Amarillo impacta por la velocidad elevada de corte, que es considerable para un Disco de diamante de este nivel. Es lo ideal para un uso no intensivo.","og_url":"https:\/\/www.maxima-dia.com\/es\/discos-de-diamante-universales-laser\/disco-de-diamante-laser-verde\/","og_site_name":"Maxima SpA","article_publisher":"https:\/\/www.facebook.com\/Maxima-spa-106098566139597","article_modified_time":"2021-06-23T08:47:22+00:00","og_image":[{"width":1700,"height":1700,"url":"https:\/\/www.maxima-dia.com\/wp-content\/uploads\/2021\/06\/LASER_VERDE.jpg","type":"image\/jpeg"}],"twitter_card":"summary_large_image","twitter_site":"@Maximadia","twitter_misc":{"Tiempo de lectura":"12 minutos"},"schema":{"@context":"https:\/\/schema.org","@graph":[{"@type":"WebPage","@id":"https:\/\/www.maxima-dia.com\/es\/discos-de-diamante-universales-laser\/disco-de-diamante-laser-verde\/","url":"https:\/\/www.maxima-dia.com\/es\/discos-de-diamante-universales-laser\/disco-de-diamante-laser-verde\/","name":"L\u00e1ser Verde - Maxima SpA","isPartOf":{"@id":"https:\/\/www.maxima-dia.com\/es\/#website"},"primaryImageOfPage":{"@id":"https:\/\/www.maxima-dia.com\/es\/discos-de-diamante-universales-laser\/disco-de-diamante-laser-verde\/#primaryimage"},"image":{"@id":"https:\/\/www.maxima-dia.com\/es\/discos-de-diamante-universales-laser\/disco-de-diamante-laser-verde\/#primaryimage"},"thumbnailUrl":"https:\/\/www.maxima-dia.com\/wp-content\/uploads\/2021\/06\/LASER_VERDE.jpg","datePublished":"2021-06-23T08:46:59+00:00","dateModified":"2021-06-23T08:47:22+00:00","description":"El L\u00e1ser Amarillo impacta por la velocidad elevada de corte, que es considerable para un Disco de diamante de este nivel. Es lo ideal para un uso no intensivo.","breadcrumb":{"@id":"https:\/\/www.maxima-dia.com\/es\/discos-de-diamante-universales-laser\/disco-de-diamante-laser-verde\/#breadcrumb"},"inLanguage":"es","potentialAction":[{"@type":"ReadAction","target":["https:\/\/www.maxima-dia.com\/es\/discos-de-diamante-universales-laser\/disco-de-diamante-laser-verde\/"]}]},{"@type":"ImageObject","inLanguage":"es","@id":"https:\/\/www.maxima-dia.com\/es\/discos-de-diamante-universales-laser\/disco-de-diamante-laser-verde\/#primaryimage","url":"https:\/\/www.maxima-dia.com\/wp-content\/uploads\/2021\/06\/LASER_VERDE.jpg","contentUrl":"https:\/\/www.maxima-dia.com\/wp-content\/uploads\/2021\/06\/LASER_VERDE.jpg","width":1700,"height":1700},{"@type":"BreadcrumbList","@id":"https:\/\/www.maxima-dia.com\/es\/discos-de-diamante-universales-laser\/disco-de-diamante-laser-verde\/#breadcrumb","itemListElement":[{"@type":"ListItem","position":1,"name":"Home","item":"https:\/\/www.maxima-dia.com\/es\/"},{"@type":"ListItem","position":2,"name":"Discos de Diamante Universales L\u00e1ser","item":"https:\/\/www.maxima-dia.com\/es\/discos-de-diamante-universales-laser\/"},{"@type":"ListItem","position":3,"name":"L\u00e1ser Verde"}]},{"@type":"WebSite","@id":"https:\/\/www.maxima-dia.com\/es\/#website","url":"https:\/\/www.maxima-dia.com\/es\/","name":"Maxima SpA","description":"Only for the real professionals","potentialAction":[{"@type":"SearchAction","target":{"@type":"EntryPoint","urlTemplate":"https:\/\/www.maxima-dia.com\/es\/?s={search_term_string}"},"query-input":{"@type":"PropertyValueSpecification","valueRequired":true,"valueName":"search_term_string"}}],"inLanguage":"es"}]}},"_links":{"self":[{"href":"https:\/\/www.maxima-dia.com\/es\/wp-json\/wp\/v2\/pages\/28166"}],"collection":[{"href":"https:\/\/www.maxima-dia.com\/es\/wp-json\/wp\/v2\/pages"}],"about":[{"href":"https:\/\/www.maxima-dia.com\/es\/wp-json\/wp\/v2\/types\/page"}],"author":[{"embeddable":true,"href":"https:\/\/www.maxima-dia.com\/es\/wp-json\/wp\/v2\/users\/29"}],"replies":[{"embeddable":true,"href":"https:\/\/www.maxima-dia.com\/es\/wp-json\/wp\/v2\/comments?post=28166"}],"version-history":[{"count":0,"href":"https:\/\/www.maxima-dia.com\/es\/wp-json\/wp\/v2\/pages\/28166\/revisions"}],"up":[{"embeddable":true,"href":"https:\/\/www.maxima-dia.com\/es\/wp-json\/wp\/v2\/pages\/12405"}],"wp:featuredmedia":[{"embeddable":true,"href":"https:\/\/www.maxima-dia.com\/es\/wp-json\/wp\/v2\/media\/28174"}],"wp:attachment":[{"href":"https:\/\/www.maxima-dia.com\/es\/wp-json\/wp\/v2\/media?parent=28166"}],"curies":[{"name":"wp","href":"https:\/\/api.w.org\/{rel}","templated":true}]}}