{"id":28643,"date":"2021-07-01T12:03:09","date_gmt":"2021-07-01T10:03:09","guid":{"rendered":"https:\/\/www.maxima-dia.com\/?page_id=28643"},"modified":"2021-07-01T12:04:43","modified_gmt":"2021-07-01T10:04:43","slug":"grinder-giallo-pcd","status":"publish","type":"page","link":"https:\/\/www.maxima-dia.com\/es\/almohadillas-y-modulos-para-pulido\/grinder-giallo-pcd\/","title":{"rendered":"Grinder Giallo PCD"},"content":{"rendered":"<div class=\"wpb-content-wrapper\"><p>[vc_row][vc_column text_align=\u00bbcenter\u00bb width=\u00bb1\/4&#8243;][vc_column_text]<a href=\"https:\/\/www.maxima-dia.com\/wp-content\/uploads\/2021\/07\/GRINDER_GIALLO_PCD.jpg\"><img loading=\"lazy\" decoding=\"async\" class=\"alignnone wp-image-28675 size-thumbnail\" src=\"https:\/\/www.maxima-dia.com\/wp-content\/uploads\/2021\/07\/GRINDER_GIALLO_PCD-150x150.jpg\" alt=\"\" width=\"150\" height=\"150\" srcset=\"https:\/\/www.maxima-dia.com\/wp-content\/uploads\/2021\/07\/GRINDER_GIALLO_PCD-150x150.jpg 150w, https:\/\/www.maxima-dia.com\/wp-content\/uploads\/2021\/07\/GRINDER_GIALLO_PCD-300x300.jpg 300w, https:\/\/www.maxima-dia.com\/wp-content\/uploads\/2021\/07\/GRINDER_GIALLO_PCD-1024x1024.jpg 1024w, https:\/\/www.maxima-dia.com\/wp-content\/uploads\/2021\/07\/GRINDER_GIALLO_PCD-768x768.jpg 768w, https:\/\/www.maxima-dia.com\/wp-content\/uploads\/2021\/07\/GRINDER_GIALLO_PCD-1536x1536.jpg 1536w, https:\/\/www.maxima-dia.com\/wp-content\/uploads\/2021\/07\/GRINDER_GIALLO_PCD-80x80.jpg 80w, https:\/\/www.maxima-dia.com\/wp-content\/uploads\/2021\/07\/GRINDER_GIALLO_PCD-500x500.jpg 500w, https:\/\/www.maxima-dia.com\/wp-content\/uploads\/2021\/07\/GRINDER_GIALLO_PCD-1000x1000.jpg 1000w, https:\/\/www.maxima-dia.com\/wp-content\/uploads\/2021\/07\/GRINDER_GIALLO_PCD.jpg 1700w\" sizes=\"(max-width: 150px) 100vw, 150px\" \/><\/a>[\/vc_column_text][vc_column_text css_animation=\u00bbslideInDown\u00bb el_class=\u00bbhidebuybutton\u00bb]<a href=\"https:\/\/www.storemaxima.com\/es\/lijado\/280-2826-grinder-giallo.html#\/977-modulo_lavorazione_e_grana-giallo_pcd_lav_grezzo_grana_6_10\" target=\"_blank\" rel=\"noopener\"><img loading=\"lazy\" decoding=\"async\" class=\"alignnone\" title=\"Comprar en www.storemaxima.com\" src=\"https:\/\/www.maxima-dia.com\/wp-content\/uploads\/2019\/12\/pulsante-acquista-storemaxima.com-es.svg\" alt=\"Comprar en www.storemaxima.com\" width=\"180\" height=\"80\"><\/a>[\/vc_column_text][\/vc_column][vc_column width=\u00bb3\/4&#8243;][vc_column_text]Para la eliminaci\u00f3n de resinas y adhesivos para recubrimientos gruesos. El m\u00f3dulo para pulido profesional <strong>Grinder Giallo PCD<\/strong> se fabrica con dos insertos de policristalino PCD m\u00e1s un sector diamantado. Elimina r\u00e1pidamente todo tipo de recubrimientos como pintura, cola, resina epoxi, acr\u00edlico, residuos de la solera, alquitr\u00e1n adhesivo y materiales el\u00e1sticos. Muy eficaz tambi\u00e9n sobre suelos abrasivos. Para usar con las pulidoras profesionales <a href=\"https:\/\/www.maxima-dia.com\/es\/maquinas-de-rectificadora-para-la-construccion\/levimax-280\/\"><strong>Levimax 280<\/strong><\/a> y <a href=\"https:\/\/www.maxima-dia.com\/es\/maquinas-de-rectificadora-para-la-construccion\/levimax-550\/\"><strong>Levimax 550<\/strong><\/a>.<\/p>\n<p><span style=\"background-color: #cc0000; color: #ffffff; padding: 5px;\">PARA CEMENTO EL\u00c1STICO Y RESINAS<\/span><\/p>\n<p><span style=\"background-color: #cc0000; color: #ffffff; padding: 5px;\">Grano: 6 &#8211; 10 <\/span><\/p>\n<p><span style=\"background-color: #cc0000; color: #ffffff; padding: 5px;\">En bruto<\/span><br \/>\n[\/vc_column_text][\/vc_column][\/vc_row]<\/p>\n<\/div>","protected":false},"excerpt":{"rendered":"<p>[vc_row][vc_column text_align=\u00bbcenter\u00bb width=\u00bb1\/4&#8243;][vc_column_text][\/vc_column_text][vc_column_text css_animation=\u00bbslideInDown\u00bb el_class=\u00bbhidebuybutton\u00bb][\/vc_column_text][\/vc_column][vc_column width=\u00bb3\/4&#8243;][vc_column_text]Para la eliminaci\u00f3n de resinas y adhesivos para recubrimientos gruesos. El m\u00f3dulo para pulido profesional Grinder Giallo PCD se fabrica con dos insertos de policristalino PCD m\u00e1s un sector diamantado. Elimina r\u00e1pidamente todo tipo de recubrimientos como pintura, cola, resina epoxi, acr\u00edlico, residuos de la solera, alquitr\u00e1n adhesivo y materiales el\u00e1sticos. Muy eficaz tambi\u00e9n sobre suelos abrasivos. Para usar con las pulidoras profesionales Levimax 280 y Levimax 550. PARA CEMENTO EL\u00c1STICO Y RESINAS Grano: 6 &#8211; 10 En bruto [\/vc_column_text][\/vc_column][\/vc_row]<\/p>\n","protected":false},"author":29,"featured_media":28675,"parent":12573,"menu_order":11,"comment_status":"closed","ping_status":"closed","template":"","meta":{"ngg_post_thumbnail":0,"_joinchat":[],"footnotes":""},"class_list":["post-28643","page","type-page","status-publish","has-post-thumbnail","hentry"],"yoast_head":"<!-- This site is optimized with the Yoast SEO plugin v25.5 - https:\/\/yoast.com\/wordpress\/plugins\/seo\/ -->\n<title>Grinder Giallo PCD - Maxima SpA<\/title>\n<meta name=\"robots\" content=\"index, follow, max-snippet:-1, max-image-preview:large, max-video-preview:-1\" \/>\n<link rel=\"canonical\" href=\"https:\/\/www.maxima-dia.com\/es\/almohadillas-y-modulos-para-pulido\/grinder-giallo-pcd\/\" \/>\n<meta property=\"og:locale\" content=\"es_ES\" \/>\n<meta property=\"og:type\" content=\"article\" \/>\n<meta property=\"og:title\" content=\"Grinder Giallo PCD - Maxima SpA\" \/>\n<meta property=\"og:description\" content=\"[vc_row][vc_column text_align=\u00bbcenter\u00bb width=\u00bb1\/4&#8243;][vc_column_text][\/vc_column_text][vc_column_text css_animation=\u00bbslideInDown\u00bb el_class=\u00bbhidebuybutton\u00bb][\/vc_column_text][\/vc_column][vc_column width=\u00bb3\/4&#8243;][vc_column_text]Para la eliminaci\u00f3n de resinas y adhesivos para recubrimientos gruesos. El m\u00f3dulo para pulido profesional Grinder Giallo PCD se fabrica con dos insertos de policristalino PCD m\u00e1s un sector diamantado. Elimina r\u00e1pidamente todo tipo de recubrimientos como pintura, cola, resina epoxi, acr\u00edlico, residuos de la solera, alquitr\u00e1n adhesivo y materiales el\u00e1sticos. Muy eficaz tambi\u00e9n sobre suelos abrasivos. Para usar con las pulidoras profesionales Levimax 280 y Levimax 550. PARA CEMENTO EL\u00c1STICO Y RESINAS Grano: 6 &#8211; 10 En bruto [\/vc_column_text][\/vc_column][\/vc_row]\" \/>\n<meta property=\"og:url\" content=\"https:\/\/www.maxima-dia.com\/es\/almohadillas-y-modulos-para-pulido\/grinder-giallo-pcd\/\" \/>\n<meta property=\"og:site_name\" content=\"Maxima SpA\" \/>\n<meta property=\"article:publisher\" content=\"https:\/\/www.facebook.com\/Maxima-spa-106098566139597\" \/>\n<meta property=\"article:modified_time\" content=\"2021-07-01T10:04:43+00:00\" \/>\n<meta property=\"og:image\" content=\"https:\/\/www.maxima-dia.com\/wp-content\/uploads\/2021\/07\/GRINDER_GIALLO_PCD.jpg\" \/>\n\t<meta property=\"og:image:width\" content=\"1700\" \/>\n\t<meta property=\"og:image:height\" content=\"1700\" \/>\n\t<meta property=\"og:image:type\" content=\"image\/jpeg\" \/>\n<meta name=\"twitter:card\" content=\"summary_large_image\" \/>\n<meta name=\"twitter:site\" content=\"@Maximadia\" \/>\n<meta name=\"twitter:label1\" content=\"Tiempo de lectura\" \/>\n\t<meta name=\"twitter:data1\" content=\"1 minuto\" \/>\n<script type=\"application\/ld+json\" class=\"yoast-schema-graph\">{\"@context\":\"https:\/\/schema.org\",\"@graph\":[{\"@type\":\"WebPage\",\"@id\":\"https:\/\/www.maxima-dia.com\/es\/almohadillas-y-modulos-para-pulido\/grinder-giallo-pcd\/\",\"url\":\"https:\/\/www.maxima-dia.com\/es\/almohadillas-y-modulos-para-pulido\/grinder-giallo-pcd\/\",\"name\":\"Grinder Giallo PCD - Maxima SpA\",\"isPartOf\":{\"@id\":\"https:\/\/www.maxima-dia.com\/es\/#website\"},\"primaryImageOfPage\":{\"@id\":\"https:\/\/www.maxima-dia.com\/es\/almohadillas-y-modulos-para-pulido\/grinder-giallo-pcd\/#primaryimage\"},\"image\":{\"@id\":\"https:\/\/www.maxima-dia.com\/es\/almohadillas-y-modulos-para-pulido\/grinder-giallo-pcd\/#primaryimage\"},\"thumbnailUrl\":\"https:\/\/www.maxima-dia.com\/wp-content\/uploads\/2021\/07\/GRINDER_GIALLO_PCD.jpg\",\"datePublished\":\"2021-07-01T10:03:09+00:00\",\"dateModified\":\"2021-07-01T10:04:43+00:00\",\"breadcrumb\":{\"@id\":\"https:\/\/www.maxima-dia.com\/es\/almohadillas-y-modulos-para-pulido\/grinder-giallo-pcd\/#breadcrumb\"},\"inLanguage\":\"es\",\"potentialAction\":[{\"@type\":\"ReadAction\",\"target\":[\"https:\/\/www.maxima-dia.com\/es\/almohadillas-y-modulos-para-pulido\/grinder-giallo-pcd\/\"]}]},{\"@type\":\"ImageObject\",\"inLanguage\":\"es\",\"@id\":\"https:\/\/www.maxima-dia.com\/es\/almohadillas-y-modulos-para-pulido\/grinder-giallo-pcd\/#primaryimage\",\"url\":\"https:\/\/www.maxima-dia.com\/wp-content\/uploads\/2021\/07\/GRINDER_GIALLO_PCD.jpg\",\"contentUrl\":\"https:\/\/www.maxima-dia.com\/wp-content\/uploads\/2021\/07\/GRINDER_GIALLO_PCD.jpg\",\"width\":1700,\"height\":1700},{\"@type\":\"BreadcrumbList\",\"@id\":\"https:\/\/www.maxima-dia.com\/es\/almohadillas-y-modulos-para-pulido\/grinder-giallo-pcd\/#breadcrumb\",\"itemListElement\":[{\"@type\":\"ListItem\",\"position\":1,\"name\":\"Home\",\"item\":\"https:\/\/www.maxima-dia.com\/es\/\"},{\"@type\":\"ListItem\",\"position\":2,\"name\":\"Almohadillas y m\u00f3dulos para pulido\",\"item\":\"https:\/\/www.maxima-dia.com\/es\/almohadillas-y-modulos-para-pulido\/\"},{\"@type\":\"ListItem\",\"position\":3,\"name\":\"Grinder Giallo PCD\"}]},{\"@type\":\"WebSite\",\"@id\":\"https:\/\/www.maxima-dia.com\/es\/#website\",\"url\":\"https:\/\/www.maxima-dia.com\/es\/\",\"name\":\"Maxima SpA\",\"description\":\"Only for the real professionals\",\"potentialAction\":[{\"@type\":\"SearchAction\",\"target\":{\"@type\":\"EntryPoint\",\"urlTemplate\":\"https:\/\/www.maxima-dia.com\/es\/?s={search_term_string}\"},\"query-input\":{\"@type\":\"PropertyValueSpecification\",\"valueRequired\":true,\"valueName\":\"search_term_string\"}}],\"inLanguage\":\"es\"}]}<\/script>\n<!-- \/ Yoast SEO plugin. -->","yoast_head_json":{"title":"Grinder Giallo PCD - Maxima SpA","robots":{"index":"index","follow":"follow","max-snippet":"max-snippet:-1","max-image-preview":"max-image-preview:large","max-video-preview":"max-video-preview:-1"},"canonical":"https:\/\/www.maxima-dia.com\/es\/almohadillas-y-modulos-para-pulido\/grinder-giallo-pcd\/","og_locale":"es_ES","og_type":"article","og_title":"Grinder Giallo PCD - Maxima SpA","og_description":"[vc_row][vc_column text_align=\u00bbcenter\u00bb width=\u00bb1\/4&#8243;][vc_column_text][\/vc_column_text][vc_column_text css_animation=\u00bbslideInDown\u00bb el_class=\u00bbhidebuybutton\u00bb][\/vc_column_text][\/vc_column][vc_column width=\u00bb3\/4&#8243;][vc_column_text]Para la eliminaci\u00f3n de resinas y adhesivos para recubrimientos gruesos. El m\u00f3dulo para pulido profesional Grinder Giallo PCD se fabrica con dos insertos de policristalino PCD m\u00e1s un sector diamantado. Elimina r\u00e1pidamente todo tipo de recubrimientos como pintura, cola, resina epoxi, acr\u00edlico, residuos de la solera, alquitr\u00e1n adhesivo y materiales el\u00e1sticos. Muy eficaz tambi\u00e9n sobre suelos abrasivos. Para usar con las pulidoras profesionales Levimax 280 y Levimax 550. PARA CEMENTO EL\u00c1STICO Y RESINAS Grano: 6 &#8211; 10 En bruto [\/vc_column_text][\/vc_column][\/vc_row]","og_url":"https:\/\/www.maxima-dia.com\/es\/almohadillas-y-modulos-para-pulido\/grinder-giallo-pcd\/","og_site_name":"Maxima SpA","article_publisher":"https:\/\/www.facebook.com\/Maxima-spa-106098566139597","article_modified_time":"2021-07-01T10:04:43+00:00","og_image":[{"width":1700,"height":1700,"url":"https:\/\/www.maxima-dia.com\/wp-content\/uploads\/2021\/07\/GRINDER_GIALLO_PCD.jpg","type":"image\/jpeg"}],"twitter_card":"summary_large_image","twitter_site":"@Maximadia","twitter_misc":{"Tiempo de lectura":"1 minuto"},"schema":{"@context":"https:\/\/schema.org","@graph":[{"@type":"WebPage","@id":"https:\/\/www.maxima-dia.com\/es\/almohadillas-y-modulos-para-pulido\/grinder-giallo-pcd\/","url":"https:\/\/www.maxima-dia.com\/es\/almohadillas-y-modulos-para-pulido\/grinder-giallo-pcd\/","name":"Grinder Giallo PCD - Maxima SpA","isPartOf":{"@id":"https:\/\/www.maxima-dia.com\/es\/#website"},"primaryImageOfPage":{"@id":"https:\/\/www.maxima-dia.com\/es\/almohadillas-y-modulos-para-pulido\/grinder-giallo-pcd\/#primaryimage"},"image":{"@id":"https:\/\/www.maxima-dia.com\/es\/almohadillas-y-modulos-para-pulido\/grinder-giallo-pcd\/#primaryimage"},"thumbnailUrl":"https:\/\/www.maxima-dia.com\/wp-content\/uploads\/2021\/07\/GRINDER_GIALLO_PCD.jpg","datePublished":"2021-07-01T10:03:09+00:00","dateModified":"2021-07-01T10:04:43+00:00","breadcrumb":{"@id":"https:\/\/www.maxima-dia.com\/es\/almohadillas-y-modulos-para-pulido\/grinder-giallo-pcd\/#breadcrumb"},"inLanguage":"es","potentialAction":[{"@type":"ReadAction","target":["https:\/\/www.maxima-dia.com\/es\/almohadillas-y-modulos-para-pulido\/grinder-giallo-pcd\/"]}]},{"@type":"ImageObject","inLanguage":"es","@id":"https:\/\/www.maxima-dia.com\/es\/almohadillas-y-modulos-para-pulido\/grinder-giallo-pcd\/#primaryimage","url":"https:\/\/www.maxima-dia.com\/wp-content\/uploads\/2021\/07\/GRINDER_GIALLO_PCD.jpg","contentUrl":"https:\/\/www.maxima-dia.com\/wp-content\/uploads\/2021\/07\/GRINDER_GIALLO_PCD.jpg","width":1700,"height":1700},{"@type":"BreadcrumbList","@id":"https:\/\/www.maxima-dia.com\/es\/almohadillas-y-modulos-para-pulido\/grinder-giallo-pcd\/#breadcrumb","itemListElement":[{"@type":"ListItem","position":1,"name":"Home","item":"https:\/\/www.maxima-dia.com\/es\/"},{"@type":"ListItem","position":2,"name":"Almohadillas y m\u00f3dulos para pulido","item":"https:\/\/www.maxima-dia.com\/es\/almohadillas-y-modulos-para-pulido\/"},{"@type":"ListItem","position":3,"name":"Grinder Giallo PCD"}]},{"@type":"WebSite","@id":"https:\/\/www.maxima-dia.com\/es\/#website","url":"https:\/\/www.maxima-dia.com\/es\/","name":"Maxima SpA","description":"Only for the real professionals","potentialAction":[{"@type":"SearchAction","target":{"@type":"EntryPoint","urlTemplate":"https:\/\/www.maxima-dia.com\/es\/?s={search_term_string}"},"query-input":{"@type":"PropertyValueSpecification","valueRequired":true,"valueName":"search_term_string"}}],"inLanguage":"es"}]}},"_links":{"self":[{"href":"https:\/\/www.maxima-dia.com\/es\/wp-json\/wp\/v2\/pages\/28643"}],"collection":[{"href":"https:\/\/www.maxima-dia.com\/es\/wp-json\/wp\/v2\/pages"}],"about":[{"href":"https:\/\/www.maxima-dia.com\/es\/wp-json\/wp\/v2\/types\/page"}],"author":[{"embeddable":true,"href":"https:\/\/www.maxima-dia.com\/es\/wp-json\/wp\/v2\/users\/29"}],"replies":[{"embeddable":true,"href":"https:\/\/www.maxima-dia.com\/es\/wp-json\/wp\/v2\/comments?post=28643"}],"version-history":[{"count":0,"href":"https:\/\/www.maxima-dia.com\/es\/wp-json\/wp\/v2\/pages\/28643\/revisions"}],"up":[{"embeddable":true,"href":"https:\/\/www.maxima-dia.com\/es\/wp-json\/wp\/v2\/pages\/12573"}],"wp:featuredmedia":[{"embeddable":true,"href":"https:\/\/www.maxima-dia.com\/es\/wp-json\/wp\/v2\/media\/28675"}],"wp:attachment":[{"href":"https:\/\/www.maxima-dia.com\/es\/wp-json\/wp\/v2\/media?parent=28643"}],"curies":[{"name":"wp","href":"https:\/\/api.w.org\/{rel}","templated":true}]}}