{"id":29252,"date":"2021-07-13T08:43:48","date_gmt":"2021-07-13T06:43:48","guid":{"rendered":"https:\/\/www.maxima-dia.com\/?page_id=29252"},"modified":"2024-10-31T09:45:25","modified_gmt":"2024-10-31T08:45:25","slug":"vibramax-95-20-reversibile","status":"publish","type":"page","link":"https:\/\/www.maxima-dia.com\/es\/maquinas-para-la-compactacion\/vibramax-95-20-reversibile\/","title":{"rendered":"Vibramax 95\/20 REVERSIBLE"},"content":{"rendered":"<div class=\"wpb-content-wrapper\"><p>[vc_row][vc_column text_align=\u00bbcenter\u00bb width=\u00bb1\/4&#8243;][vc_column_text]<a href=\"https:\/\/www.maxima-dia.com\/wp-content\/uploads\/2021\/07\/VIBRAMAX95-20R.jpg\"><img loading=\"lazy\" decoding=\"async\" class=\"alignnone wp-image-29290 size-thumbnail\" src=\"https:\/\/www.maxima-dia.com\/wp-content\/uploads\/2021\/07\/VIBRAMAX95-20R-150x150.jpg\" alt=\"\" width=\"150\" height=\"150\" srcset=\"https:\/\/www.maxima-dia.com\/wp-content\/uploads\/2021\/07\/VIBRAMAX95-20R-150x150.jpg 150w, https:\/\/www.maxima-dia.com\/wp-content\/uploads\/2021\/07\/VIBRAMAX95-20R-300x300.jpg 300w, https:\/\/www.maxima-dia.com\/wp-content\/uploads\/2021\/07\/VIBRAMAX95-20R-1024x1024.jpg 1024w, https:\/\/www.maxima-dia.com\/wp-content\/uploads\/2021\/07\/VIBRAMAX95-20R-768x768.jpg 768w, https:\/\/www.maxima-dia.com\/wp-content\/uploads\/2021\/07\/VIBRAMAX95-20R-1536x1536.jpg 1536w, https:\/\/www.maxima-dia.com\/wp-content\/uploads\/2021\/07\/VIBRAMAX95-20R-80x80.jpg 80w, https:\/\/www.maxima-dia.com\/wp-content\/uploads\/2021\/07\/VIBRAMAX95-20R-500x500.jpg 500w, https:\/\/www.maxima-dia.com\/wp-content\/uploads\/2021\/07\/VIBRAMAX95-20R-1000x1000.jpg 1000w, https:\/\/www.maxima-dia.com\/wp-content\/uploads\/2021\/07\/VIBRAMAX95-20R.jpg 1700w\" sizes=\"(max-width: 150px) 100vw, 150px\" \/><\/a><\/p>\n<p>construida en la Uni\u00f3n Europea &nbsp;<img loading=\"lazy\" decoding=\"async\" src=\"\/wp-content\/uploads\/2013\/11\/eu.png\" alt=\"eu\" width=\"24\" height=\"16\"> &#8211; certificada <span style=\"font-family: arial,helvetica,sans-serif;\">CE<\/span>[\/vc_column_text][vc_column_text css_animation=\u00bbslideInDown\u00bb el_class=\u00bbhidebuybutton\u00bb]<a href=\"https:\/\/www.storemaxima.com\/es\/compactacion\/294-vibramax-9520-r.html\" target=\"_blank\" rel=\"noopener\"><img loading=\"lazy\" decoding=\"async\" class=\"alignnone\" title=\"Comprar en www.storemaxima.com\" src=\"https:\/\/www.maxima-dia.com\/wp-content\/uploads\/2019\/12\/pulsante-acquista-storemaxima.com-es.svg\" alt=\"Comprar en www.storemaxima.com\" width=\"180\" height=\"80\"><\/a>[\/vc_column_text][\/vc_column][vc_column width=\u00bb3\/4&#8243;][vc_column_text]El nueva <strong>Vibramax 95\/20 R<\/strong>, gracias al motor de gasolina Honda GX 120, sin\u00f3nimo de fiabilidad, y la considerable fuerza centr\u00edfuga de 20 kN permite compactar grava y materiales compactados de forma f\u00e1cil y en profundidad, incluso en grandes superficies. Perfecta para alquiler gracias a la resistente y amplia placa de acero y la facilidad de transporte que permite el asa plegable. Dispone de las siguientes caracter\u00edsticas: manillar plegable con palanca para avanzar o retroceder, palanca para regular la velocidad, interruptor de seguridad para encendido\/apagado, almohadillas de goma antivibraci\u00f3n en el manillar y la base, contador de horas y gancho de elevaci\u00f3n. La base de la placa es de acero de alta resistencia y tiene una garant\u00eda de 6 a\u00f1os.<\/p>\n<table class=\"tabellafotocarotaggio\" style=\"width: 100%;\">\n<tbody>\n<tr>\n<td style=\"width: 25%; text-align: center;\"><a href=\"https:\/\/www.maxima-dia.com\/wp-content\/uploads\/2021\/07\/VIBRAMAX95-20R-3.jpg\"><img loading=\"lazy\" decoding=\"async\" class=\"alignnone wp-image-29261 size-thumbnail\" src=\"https:\/\/www.maxima-dia.com\/wp-content\/uploads\/2021\/07\/VIBRAMAX95-20R-3-150x150.jpg\" alt=\"\" width=\"150\" height=\"150\" srcset=\"https:\/\/www.maxima-dia.com\/wp-content\/uploads\/2021\/07\/VIBRAMAX95-20R-3-150x150.jpg 150w, https:\/\/www.maxima-dia.com\/wp-content\/uploads\/2021\/07\/VIBRAMAX95-20R-3-300x300.jpg 300w, https:\/\/www.maxima-dia.com\/wp-content\/uploads\/2021\/07\/VIBRAMAX95-20R-3-1024x1024.jpg 1024w, https:\/\/www.maxima-dia.com\/wp-content\/uploads\/2021\/07\/VIBRAMAX95-20R-3-768x768.jpg 768w, https:\/\/www.maxima-dia.com\/wp-content\/uploads\/2021\/07\/VIBRAMAX95-20R-3-1536x1536.jpg 1536w, https:\/\/www.maxima-dia.com\/wp-content\/uploads\/2021\/07\/VIBRAMAX95-20R-3-80x80.jpg 80w, https:\/\/www.maxima-dia.com\/wp-content\/uploads\/2021\/07\/VIBRAMAX95-20R-3-500x500.jpg 500w, https:\/\/www.maxima-dia.com\/wp-content\/uploads\/2021\/07\/VIBRAMAX95-20R-3-1000x1000.jpg 1000w, https:\/\/www.maxima-dia.com\/wp-content\/uploads\/2021\/07\/VIBRAMAX95-20R-3.jpg 1700w\" sizes=\"(max-width: 150px) 100vw, 150px\" \/><\/a><\/td>\n<td style=\"width: 25%; text-align: center;\"><a href=\"https:\/\/www.maxima-dia.com\/wp-content\/uploads\/2021\/07\/VIBRAMAX95-20R-4.jpg\"><img loading=\"lazy\" decoding=\"async\" class=\"alignnone wp-image-29267 size-thumbnail\" src=\"https:\/\/www.maxima-dia.com\/wp-content\/uploads\/2021\/07\/VIBRAMAX95-20R-4-150x150.jpg\" alt=\"\" width=\"150\" height=\"150\" srcset=\"https:\/\/www.maxima-dia.com\/wp-content\/uploads\/2021\/07\/VIBRAMAX95-20R-4-150x150.jpg 150w, https:\/\/www.maxima-dia.com\/wp-content\/uploads\/2021\/07\/VIBRAMAX95-20R-4-300x300.jpg 300w, https:\/\/www.maxima-dia.com\/wp-content\/uploads\/2021\/07\/VIBRAMAX95-20R-4-1024x1024.jpg 1024w, https:\/\/www.maxima-dia.com\/wp-content\/uploads\/2021\/07\/VIBRAMAX95-20R-4-768x768.jpg 768w, https:\/\/www.maxima-dia.com\/wp-content\/uploads\/2021\/07\/VIBRAMAX95-20R-4-1536x1536.jpg 1536w, https:\/\/www.maxima-dia.com\/wp-content\/uploads\/2021\/07\/VIBRAMAX95-20R-4-80x80.jpg 80w, https:\/\/www.maxima-dia.com\/wp-content\/uploads\/2021\/07\/VIBRAMAX95-20R-4-500x500.jpg 500w, https:\/\/www.maxima-dia.com\/wp-content\/uploads\/2021\/07\/VIBRAMAX95-20R-4-1000x1000.jpg 1000w, https:\/\/www.maxima-dia.com\/wp-content\/uploads\/2021\/07\/VIBRAMAX95-20R-4.jpg 1700w\" sizes=\"(max-width: 150px) 100vw, 150px\" \/><\/a><\/td>\n<td style=\"width: 25%; text-align: center;\"><a href=\"https:\/\/www.maxima-dia.com\/wp-content\/uploads\/2021\/07\/VIBRAMAX95-20R-6.jpg\"><img loading=\"lazy\" decoding=\"async\" class=\"alignnone wp-image-29279 size-thumbnail\" src=\"https:\/\/www.maxima-dia.com\/wp-content\/uploads\/2021\/07\/VIBRAMAX95-20R-6-150x150.jpg\" alt=\"\" width=\"150\" height=\"150\" srcset=\"https:\/\/www.maxima-dia.com\/wp-content\/uploads\/2021\/07\/VIBRAMAX95-20R-6-150x150.jpg 150w, https:\/\/www.maxima-dia.com\/wp-content\/uploads\/2021\/07\/VIBRAMAX95-20R-6-300x300.jpg 300w, https:\/\/www.maxima-dia.com\/wp-content\/uploads\/2021\/07\/VIBRAMAX95-20R-6-1024x1024.jpg 1024w, https:\/\/www.maxima-dia.com\/wp-content\/uploads\/2021\/07\/VIBRAMAX95-20R-6-768x768.jpg 768w, https:\/\/www.maxima-dia.com\/wp-content\/uploads\/2021\/07\/VIBRAMAX95-20R-6-1536x1536.jpg 1536w, https:\/\/www.maxima-dia.com\/wp-content\/uploads\/2021\/07\/VIBRAMAX95-20R-6-80x80.jpg 80w, https:\/\/www.maxima-dia.com\/wp-content\/uploads\/2021\/07\/VIBRAMAX95-20R-6-500x500.jpg 500w, https:\/\/www.maxima-dia.com\/wp-content\/uploads\/2021\/07\/VIBRAMAX95-20R-6-1000x1000.jpg 1000w, https:\/\/www.maxima-dia.com\/wp-content\/uploads\/2021\/07\/VIBRAMAX95-20R-6.jpg 1700w\" sizes=\"(max-width: 150px) 100vw, 150px\" \/><\/a><\/td>\n<td style=\"width: 25%; text-align: center;\"><a href=\"https:\/\/www.maxima-dia.com\/wp-content\/uploads\/2021\/07\/VIBRAMAX95-20R-4.jpg\"><img loading=\"lazy\" decoding=\"async\" class=\"alignnone wp-image-29267 size-thumbnail\" src=\"https:\/\/www.maxima-dia.com\/wp-content\/uploads\/2021\/07\/VIBRAMAX95-20R-4-150x150.jpg\" alt=\"\" width=\"150\" height=\"150\" srcset=\"https:\/\/www.maxima-dia.com\/wp-content\/uploads\/2021\/07\/VIBRAMAX95-20R-4-150x150.jpg 150w, https:\/\/www.maxima-dia.com\/wp-content\/uploads\/2021\/07\/VIBRAMAX95-20R-4-300x300.jpg 300w, https:\/\/www.maxima-dia.com\/wp-content\/uploads\/2021\/07\/VIBRAMAX95-20R-4-1024x1024.jpg 1024w, https:\/\/www.maxima-dia.com\/wp-content\/uploads\/2021\/07\/VIBRAMAX95-20R-4-768x768.jpg 768w, https:\/\/www.maxima-dia.com\/wp-content\/uploads\/2021\/07\/VIBRAMAX95-20R-4-1536x1536.jpg 1536w, https:\/\/www.maxima-dia.com\/wp-content\/uploads\/2021\/07\/VIBRAMAX95-20R-4-80x80.jpg 80w, https:\/\/www.maxima-dia.com\/wp-content\/uploads\/2021\/07\/VIBRAMAX95-20R-4-500x500.jpg 500w, https:\/\/www.maxima-dia.com\/wp-content\/uploads\/2021\/07\/VIBRAMAX95-20R-4-1000x1000.jpg 1000w, https:\/\/www.maxima-dia.com\/wp-content\/uploads\/2021\/07\/VIBRAMAX95-20R-4.jpg 1700w\" sizes=\"(max-width: 150px) 100vw, 150px\" \/><\/a><\/td>\n<\/tr>\n<\/tbody>\n<\/table>\n<p>&nbsp;<\/p>\n<table class=\"tabellatecnica\" style=\"width: 100%; height: 192px;\" border=\"0\" cellspacing=\"0\" cellpadding=\"0\">\n<thead>\n<tr style=\"height: 24px;\">\n<td class=\"testata\" style=\"height: 24px;\" colspan=\"2\">CARACTER\u00cdSTICA T\u00c9CNICAS<\/td>\n<\/tr>\n<\/thead>\n<tbody>\n<tr style=\"height: 24px;\">\n<td class=\"coltesto1\" style=\"width: 50%; height: 24px;\">Fuerza centr\u00edfuga de 20 kN<\/td>\n<td class=\"coltesto2\" style=\"width: 50%; height: 24px;\">Velocidad m\u00e1x. hacia adelante\/atr\u00e1s: 25 m\/min<\/td>\n<\/tr>\n<tr style=\"height: 24px;\">\n<td class=\"coltesto1\" style=\"width: 50%; height: 24px;\">Anchura de la placa: 350 mm<\/td>\n<td class=\"coltesto2\" style=\"width: 50%; height: 24px;\">Frecuencia 100 Hz &#8211; Inclinaci\u00f3n M\u00e1x. 30%<\/td>\n<\/tr>\n<tr style=\"height: 24px;\">\n<td class=\"coltesto1\" style=\"width: 50%; height: 24px;\">Longitud de la placa: 526 mm<\/td>\n<td class=\"coltesto2\" style=\"width: 50%; height: 24px;\">Reversible: marcha hacia adelante + marcha atr\u00e1s<\/td>\n<\/tr>\n<tr style=\"height: 24px;\">\n<td class=\"coltesto2\" style=\"width: 50%; height: 24px;\">Motor Honda GX120 de gasolina<\/td>\n<td class=\"coltesto2\" style=\"width: 50%; height: 24px;\">Dimensiones &#8211; Cerrado (L x A x H): 350 x 562 x 645 mm (996 abierta)<\/td>\n<\/tr>\n<tr style=\"height: 24px;\">\n<td class=\"coltesto2\" style=\"width: 50%; height: 24px;\">Potencia neta del motor: 2,6 0 kW &#8211; 3,5 CV<\/td>\n<td class=\"coltesto2\" style=\"width: 50%; height: 24px;\">Alfombrilla de goma y kit de ruedas &#8211; no incluidas (opcional)<\/td>\n<\/tr>\n<tr style=\"height: 24px;\">\n<td class=\"coltesto2\" style=\"width: 50%; height: 24px;\">Encendido: manual<\/td>\n<td class=\"coltesto2\" style=\"width: 50%; height: 24px;\">Peso: 95 kg<\/td>\n<\/tr>\n<\/tbody>\n<\/table>\n<p>[\/vc_column_text][\/vc_column][\/vc_row]<\/p>\n<\/div>","protected":false},"excerpt":{"rendered":"<p>[vc_row][vc_column text_align=\u00bbcenter\u00bb width=\u00bb1\/4&#8243;][vc_column_text] construida en la Uni\u00f3n Europea &nbsp; &#8211; certificada CE[\/vc_column_text][vc_column_text css_animation=\u00bbslideInDown\u00bb el_class=\u00bbhidebuybutton\u00bb][\/vc_column_text][\/vc_column][vc_column width=\u00bb3\/4&#8243;][vc_column_text]El nueva Vibramax 95\/20 R, gracias al motor de gasolina Honda GX 120, sin\u00f3nimo de fiabilidad, y la considerable fuerza centr\u00edfuga de 20 kN permite compactar grava y materiales compactados de forma f\u00e1cil y en profundidad, incluso en grandes superficies. Perfecta para alquiler gracias a la resistente y amplia placa de acero y la facilidad de transporte que permite el asa plegable. Dispone de las siguientes caracter\u00edsticas: manillar plegable con palanca para avanzar o retroceder, palanca para regular la velocidad, interruptor de seguridad para encendido\/apagado, almohadillas de goma antivibraci\u00f3n en el manillar y la base, contador de horas y gancho de elevaci\u00f3n. La base de la placa es de acero de alta resistencia y tiene una garant\u00eda de 6 a\u00f1os. &nbsp; CARACTER\u00cdSTICA T\u00c9CNICAS Fuerza centr\u00edfuga de 20 kN Velocidad m\u00e1x. hacia adelante\/atr\u00e1s: 25 m\/min Anchura de la placa: 350 mm Frecuencia 100 Hz &#8211; Inclinaci\u00f3n M\u00e1x. 30% Longitud de la placa: 526 mm Reversible: marcha hacia adelante + marcha atr\u00e1s Motor Honda GX120 de gasolina Dimensiones &#8211; Cerrado (L x A x H): 350 x 562 x 645 mm (996 abierta) Potencia neta del motor: 2,6 [&hellip;]<\/p>\n","protected":false},"author":29,"featured_media":29290,"parent":33188,"menu_order":4,"comment_status":"closed","ping_status":"closed","template":"","meta":{"ngg_post_thumbnail":0,"_joinchat":[],"footnotes":""},"class_list":["post-29252","page","type-page","status-publish","has-post-thumbnail","hentry"],"yoast_head":"<!-- This site is optimized with the Yoast SEO plugin v25.5 - https:\/\/yoast.com\/wordpress\/plugins\/seo\/ -->\n<title>Vibramax 95\/20 REVERSIBLE - Maxima SpA<\/title>\n<meta name=\"description\" content=\"Vibramax 95\/20 Reversibile m\u00e1quina compactadora para asfalto guijarros piedras arena grava\" \/>\n<meta name=\"robots\" content=\"index, follow, max-snippet:-1, max-image-preview:large, max-video-preview:-1\" \/>\n<link rel=\"canonical\" href=\"https:\/\/www.maxima-dia.com\/es\/maquinas-para-la-compactacion\/vibramax-95-20-reversibile\/\" \/>\n<meta property=\"og:locale\" content=\"es_ES\" \/>\n<meta property=\"og:type\" content=\"article\" \/>\n<meta property=\"og:title\" content=\"Vibramax 95\/20 REVERSIBLE - Maxima SpA\" \/>\n<meta property=\"og:description\" content=\"Vibramax 95\/20 Reversibile m\u00e1quina compactadora para asfalto guijarros piedras arena grava\" \/>\n<meta property=\"og:url\" content=\"https:\/\/www.maxima-dia.com\/es\/maquinas-para-la-compactacion\/vibramax-95-20-reversibile\/\" \/>\n<meta property=\"og:site_name\" content=\"Maxima SpA\" \/>\n<meta property=\"article:publisher\" content=\"https:\/\/www.facebook.com\/Maxima-spa-106098566139597\" \/>\n<meta property=\"article:modified_time\" content=\"2024-10-31T08:45:25+00:00\" \/>\n<meta property=\"og:image\" content=\"https:\/\/www.maxima-dia.com\/wp-content\/uploads\/2021\/07\/VIBRAMAX95-20R.jpg\" \/>\n\t<meta property=\"og:image:width\" content=\"1700\" \/>\n\t<meta property=\"og:image:height\" content=\"1700\" \/>\n\t<meta property=\"og:image:type\" content=\"image\/jpeg\" \/>\n<meta name=\"twitter:card\" content=\"summary_large_image\" \/>\n<meta name=\"twitter:site\" content=\"@Maximadia\" \/>\n<meta name=\"twitter:label1\" content=\"Tiempo de lectura\" \/>\n\t<meta name=\"twitter:data1\" content=\"3 minutos\" \/>\n<script type=\"application\/ld+json\" class=\"yoast-schema-graph\">{\"@context\":\"https:\/\/schema.org\",\"@graph\":[{\"@type\":\"WebPage\",\"@id\":\"https:\/\/www.maxima-dia.com\/es\/maquinas-para-la-compactacion\/vibramax-95-20-reversibile\/\",\"url\":\"https:\/\/www.maxima-dia.com\/es\/maquinas-para-la-compactacion\/vibramax-95-20-reversibile\/\",\"name\":\"Vibramax 95\/20 REVERSIBLE - Maxima SpA\",\"isPartOf\":{\"@id\":\"https:\/\/www.maxima-dia.com\/es\/#website\"},\"primaryImageOfPage\":{\"@id\":\"https:\/\/www.maxima-dia.com\/es\/maquinas-para-la-compactacion\/vibramax-95-20-reversibile\/#primaryimage\"},\"image\":{\"@id\":\"https:\/\/www.maxima-dia.com\/es\/maquinas-para-la-compactacion\/vibramax-95-20-reversibile\/#primaryimage\"},\"thumbnailUrl\":\"https:\/\/www.maxima-dia.com\/wp-content\/uploads\/2021\/07\/VIBRAMAX95-20R.jpg\",\"datePublished\":\"2021-07-13T06:43:48+00:00\",\"dateModified\":\"2024-10-31T08:45:25+00:00\",\"description\":\"Vibramax 95\/20 Reversibile m\u00e1quina compactadora para asfalto guijarros piedras arena grava\",\"breadcrumb\":{\"@id\":\"https:\/\/www.maxima-dia.com\/es\/maquinas-para-la-compactacion\/vibramax-95-20-reversibile\/#breadcrumb\"},\"inLanguage\":\"es\",\"potentialAction\":[{\"@type\":\"ReadAction\",\"target\":[\"https:\/\/www.maxima-dia.com\/es\/maquinas-para-la-compactacion\/vibramax-95-20-reversibile\/\"]}]},{\"@type\":\"ImageObject\",\"inLanguage\":\"es\",\"@id\":\"https:\/\/www.maxima-dia.com\/es\/maquinas-para-la-compactacion\/vibramax-95-20-reversibile\/#primaryimage\",\"url\":\"https:\/\/www.maxima-dia.com\/wp-content\/uploads\/2021\/07\/VIBRAMAX95-20R.jpg\",\"contentUrl\":\"https:\/\/www.maxima-dia.com\/wp-content\/uploads\/2021\/07\/VIBRAMAX95-20R.jpg\",\"width\":1700,\"height\":1700},{\"@type\":\"BreadcrumbList\",\"@id\":\"https:\/\/www.maxima-dia.com\/es\/maquinas-para-la-compactacion\/vibramax-95-20-reversibile\/#breadcrumb\",\"itemListElement\":[{\"@type\":\"ListItem\",\"position\":1,\"name\":\"Home\",\"item\":\"https:\/\/www.maxima-dia.com\/es\/\"},{\"@type\":\"ListItem\",\"position\":2,\"name\":\"M\u00e1quinas para la compactaci\u00f3n\",\"item\":\"https:\/\/www.maxima-dia.com\/es\/maquinas-para-la-compactacion\/\"},{\"@type\":\"ListItem\",\"position\":3,\"name\":\"Vibramax 95\/20 REVERSIBLE\"}]},{\"@type\":\"WebSite\",\"@id\":\"https:\/\/www.maxima-dia.com\/es\/#website\",\"url\":\"https:\/\/www.maxima-dia.com\/es\/\",\"name\":\"Maxima SpA\",\"description\":\"Only for the real professionals\",\"potentialAction\":[{\"@type\":\"SearchAction\",\"target\":{\"@type\":\"EntryPoint\",\"urlTemplate\":\"https:\/\/www.maxima-dia.com\/es\/?s={search_term_string}\"},\"query-input\":{\"@type\":\"PropertyValueSpecification\",\"valueRequired\":true,\"valueName\":\"search_term_string\"}}],\"inLanguage\":\"es\"}]}<\/script>\n<!-- \/ Yoast SEO plugin. -->","yoast_head_json":{"title":"Vibramax 95\/20 REVERSIBLE - Maxima SpA","description":"Vibramax 95\/20 Reversibile m\u00e1quina compactadora para asfalto guijarros piedras arena grava","robots":{"index":"index","follow":"follow","max-snippet":"max-snippet:-1","max-image-preview":"max-image-preview:large","max-video-preview":"max-video-preview:-1"},"canonical":"https:\/\/www.maxima-dia.com\/es\/maquinas-para-la-compactacion\/vibramax-95-20-reversibile\/","og_locale":"es_ES","og_type":"article","og_title":"Vibramax 95\/20 REVERSIBLE - Maxima SpA","og_description":"Vibramax 95\/20 Reversibile m\u00e1quina compactadora para asfalto guijarros piedras arena grava","og_url":"https:\/\/www.maxima-dia.com\/es\/maquinas-para-la-compactacion\/vibramax-95-20-reversibile\/","og_site_name":"Maxima SpA","article_publisher":"https:\/\/www.facebook.com\/Maxima-spa-106098566139597","article_modified_time":"2024-10-31T08:45:25+00:00","og_image":[{"width":1700,"height":1700,"url":"https:\/\/www.maxima-dia.com\/wp-content\/uploads\/2021\/07\/VIBRAMAX95-20R.jpg","type":"image\/jpeg"}],"twitter_card":"summary_large_image","twitter_site":"@Maximadia","twitter_misc":{"Tiempo de lectura":"3 minutos"},"schema":{"@context":"https:\/\/schema.org","@graph":[{"@type":"WebPage","@id":"https:\/\/www.maxima-dia.com\/es\/maquinas-para-la-compactacion\/vibramax-95-20-reversibile\/","url":"https:\/\/www.maxima-dia.com\/es\/maquinas-para-la-compactacion\/vibramax-95-20-reversibile\/","name":"Vibramax 95\/20 REVERSIBLE - Maxima SpA","isPartOf":{"@id":"https:\/\/www.maxima-dia.com\/es\/#website"},"primaryImageOfPage":{"@id":"https:\/\/www.maxima-dia.com\/es\/maquinas-para-la-compactacion\/vibramax-95-20-reversibile\/#primaryimage"},"image":{"@id":"https:\/\/www.maxima-dia.com\/es\/maquinas-para-la-compactacion\/vibramax-95-20-reversibile\/#primaryimage"},"thumbnailUrl":"https:\/\/www.maxima-dia.com\/wp-content\/uploads\/2021\/07\/VIBRAMAX95-20R.jpg","datePublished":"2021-07-13T06:43:48+00:00","dateModified":"2024-10-31T08:45:25+00:00","description":"Vibramax 95\/20 Reversibile m\u00e1quina compactadora para asfalto guijarros piedras arena grava","breadcrumb":{"@id":"https:\/\/www.maxima-dia.com\/es\/maquinas-para-la-compactacion\/vibramax-95-20-reversibile\/#breadcrumb"},"inLanguage":"es","potentialAction":[{"@type":"ReadAction","target":["https:\/\/www.maxima-dia.com\/es\/maquinas-para-la-compactacion\/vibramax-95-20-reversibile\/"]}]},{"@type":"ImageObject","inLanguage":"es","@id":"https:\/\/www.maxima-dia.com\/es\/maquinas-para-la-compactacion\/vibramax-95-20-reversibile\/#primaryimage","url":"https:\/\/www.maxima-dia.com\/wp-content\/uploads\/2021\/07\/VIBRAMAX95-20R.jpg","contentUrl":"https:\/\/www.maxima-dia.com\/wp-content\/uploads\/2021\/07\/VIBRAMAX95-20R.jpg","width":1700,"height":1700},{"@type":"BreadcrumbList","@id":"https:\/\/www.maxima-dia.com\/es\/maquinas-para-la-compactacion\/vibramax-95-20-reversibile\/#breadcrumb","itemListElement":[{"@type":"ListItem","position":1,"name":"Home","item":"https:\/\/www.maxima-dia.com\/es\/"},{"@type":"ListItem","position":2,"name":"M\u00e1quinas para la compactaci\u00f3n","item":"https:\/\/www.maxima-dia.com\/es\/maquinas-para-la-compactacion\/"},{"@type":"ListItem","position":3,"name":"Vibramax 95\/20 REVERSIBLE"}]},{"@type":"WebSite","@id":"https:\/\/www.maxima-dia.com\/es\/#website","url":"https:\/\/www.maxima-dia.com\/es\/","name":"Maxima SpA","description":"Only for the real professionals","potentialAction":[{"@type":"SearchAction","target":{"@type":"EntryPoint","urlTemplate":"https:\/\/www.maxima-dia.com\/es\/?s={search_term_string}"},"query-input":{"@type":"PropertyValueSpecification","valueRequired":true,"valueName":"search_term_string"}}],"inLanguage":"es"}]}},"_links":{"self":[{"href":"https:\/\/www.maxima-dia.com\/es\/wp-json\/wp\/v2\/pages\/29252"}],"collection":[{"href":"https:\/\/www.maxima-dia.com\/es\/wp-json\/wp\/v2\/pages"}],"about":[{"href":"https:\/\/www.maxima-dia.com\/es\/wp-json\/wp\/v2\/types\/page"}],"author":[{"embeddable":true,"href":"https:\/\/www.maxima-dia.com\/es\/wp-json\/wp\/v2\/users\/29"}],"replies":[{"embeddable":true,"href":"https:\/\/www.maxima-dia.com\/es\/wp-json\/wp\/v2\/comments?post=29252"}],"version-history":[{"count":1,"href":"https:\/\/www.maxima-dia.com\/es\/wp-json\/wp\/v2\/pages\/29252\/revisions"}],"predecessor-version":[{"id":45203,"href":"https:\/\/www.maxima-dia.com\/es\/wp-json\/wp\/v2\/pages\/29252\/revisions\/45203"}],"up":[{"embeddable":true,"href":"https:\/\/www.maxima-dia.com\/es\/wp-json\/wp\/v2\/pages\/33188"}],"wp:featuredmedia":[{"embeddable":true,"href":"https:\/\/www.maxima-dia.com\/es\/wp-json\/wp\/v2\/media\/29290"}],"wp:attachment":[{"href":"https:\/\/www.maxima-dia.com\/es\/wp-json\/wp\/v2\/media?parent=29252"}],"curies":[{"name":"wp","href":"https:\/\/api.w.org\/{rel}","templated":true}]}}