{"id":29663,"date":"2021-07-28T10:50:57","date_gmt":"2021-07-28T08:50:57","guid":{"rendered":"https:\/\/www.maxima-dia.com\/?page_id=29663"},"modified":"2021-07-28T10:50:58","modified_gmt":"2021-07-28T08:50:58","slug":"broca-oro-duramax","status":"publish","type":"page","link":"https:\/\/www.maxima-dia.com\/es\/brocas-de-diamante-para-humedo\/broca-oro-duramax\/","title":{"rendered":"Broca Oro Duramax"},"content":{"rendered":"<div class=\"wpb-content-wrapper\"><p>[vc_row][vc_column text_align=\u00bbcenter\u00bb width=\u00bb1\/4&#8243;][vc_column_text]<\/p>\n<p style=\"text-align: justify;\"><a href=\"https:\/\/www.maxima-dia.com\/wp-content\/uploads\/2021\/07\/ORO_DURAMAX.jpg\"><img loading=\"lazy\" decoding=\"async\" class=\"alignnone size-thumbnail wp-image-29689\" src=\"https:\/\/www.maxima-dia.com\/wp-content\/uploads\/2021\/07\/ORO_DURAMAX-150x150.jpg\" alt=\"\" width=\"150\" height=\"150\" srcset=\"https:\/\/www.maxima-dia.com\/wp-content\/uploads\/2021\/07\/ORO_DURAMAX-150x150.jpg 150w, https:\/\/www.maxima-dia.com\/wp-content\/uploads\/2021\/07\/ORO_DURAMAX-300x300.jpg 300w, https:\/\/www.maxima-dia.com\/wp-content\/uploads\/2021\/07\/ORO_DURAMAX-1024x1024.jpg 1024w, https:\/\/www.maxima-dia.com\/wp-content\/uploads\/2021\/07\/ORO_DURAMAX-768x768.jpg 768w, https:\/\/www.maxima-dia.com\/wp-content\/uploads\/2021\/07\/ORO_DURAMAX-1536x1536.jpg 1536w, https:\/\/www.maxima-dia.com\/wp-content\/uploads\/2021\/07\/ORO_DURAMAX-80x80.jpg 80w, https:\/\/www.maxima-dia.com\/wp-content\/uploads\/2021\/07\/ORO_DURAMAX-500x500.jpg 500w, https:\/\/www.maxima-dia.com\/wp-content\/uploads\/2021\/07\/ORO_DURAMAX-1000x1000.jpg 1000w, https:\/\/www.maxima-dia.com\/wp-content\/uploads\/2021\/07\/ORO_DURAMAX.jpg 1700w\" sizes=\"(max-width: 150px) 100vw, 150px\" \/><\/a><\/p>\n<p style=\"text-align: justify;\"><a href=\"https:\/\/www.maxima-dia.com\/wp-content\/uploads\/2021\/07\/ORO_DURAMAX-2.jpg\"><img loading=\"lazy\" decoding=\"async\" class=\"alignnone size-thumbnail wp-image-29683\" src=\"https:\/\/www.maxima-dia.com\/wp-content\/uploads\/2021\/07\/ORO_DURAMAX-2-150x150.jpg\" alt=\"\" width=\"150\" height=\"150\" srcset=\"https:\/\/www.maxima-dia.com\/wp-content\/uploads\/2021\/07\/ORO_DURAMAX-2-150x150.jpg 150w, https:\/\/www.maxima-dia.com\/wp-content\/uploads\/2021\/07\/ORO_DURAMAX-2-300x300.jpg 300w, https:\/\/www.maxima-dia.com\/wp-content\/uploads\/2021\/07\/ORO_DURAMAX-2-1024x1024.jpg 1024w, https:\/\/www.maxima-dia.com\/wp-content\/uploads\/2021\/07\/ORO_DURAMAX-2-768x768.jpg 768w, https:\/\/www.maxima-dia.com\/wp-content\/uploads\/2021\/07\/ORO_DURAMAX-2-1536x1536.jpg 1536w, https:\/\/www.maxima-dia.com\/wp-content\/uploads\/2021\/07\/ORO_DURAMAX-2-80x80.jpg 80w, https:\/\/www.maxima-dia.com\/wp-content\/uploads\/2021\/07\/ORO_DURAMAX-2-500x500.jpg 500w, https:\/\/www.maxima-dia.com\/wp-content\/uploads\/2021\/07\/ORO_DURAMAX-2-1000x1000.jpg 1000w, https:\/\/www.maxima-dia.com\/wp-content\/uploads\/2021\/07\/ORO_DURAMAX-2.jpg 1700w\" sizes=\"(max-width: 150px) 100vw, 150px\" \/><\/a><\/p>\n<p>[\/vc_column_text][vc_column_text css_animation=\u00bbslideInDown\u00bb el_class=\u00bbhidebuybutton\u00bb]<a href=\"https:\/\/www.storemaxima.com\/es\/brocas-de-diamante-para-humedo\/288-foretto-oro-duramax.html\" target=\"_blank\" rel=\"noopener\"><img loading=\"lazy\" decoding=\"async\" class=\"alignnone\" title=\"Comprar en www.storemaxima.com\" src=\"https:\/\/www.maxima-dia.com\/wp-content\/uploads\/2019\/12\/pulsante-acquista-storemaxima.com-es.svg\" alt=\"Comprar en www.storemaxima.com\" width=\"180\" height=\"80\"><\/a>[\/vc_column_text][\/vc_column][vc_column width=\u00bb3\/4&#8243;][vc_column_text]La <strong>Broca Oro Duramax<\/strong> es una herramienta ideal para la perforaci\u00f3n de orificios de di\u00e1metro medio o grande, se monta en m\u00e1quinas con conexi\u00f3n de 1\u201d1\/4, con una potencia de al menos 2000 vatios y equipadas con conexi\u00f3n para el agua. Gracias a la tecnolog\u00eda patentada Duramax\u00ae garantiza una durabilidad y velocidad de perforaci\u00f3n significativamente superiores, ya que permite dosificar y posicionar perfectamente los gr\u00e1nulos de diamante dentro del segmento diamantado, y tambi\u00e9n gracias a la espiral en el cuerpo que facilita la liberaci\u00f3n de los residuos desde el alojamiento del orificio, haciendo que su rendimiento sea \u00fanico. Para poder utilizar cada di\u00e1metro con el m\u00e1ximo rendimiento, es imprescindible disponer de una m\u00e1quina con la potencia y la velocidad adecuadas para ese di\u00e1metro.<\/p>\n<table class=\"tabellatecnica\" style=\"width: 80%;\" border=\"0\" cellspacing=\"0\" cellpadding=\"0\">\n<thead>\n<tr>\n<td class=\"testata\" colspan=\"2\">FICHA T\u00c9CNICA<\/td>\n<\/tr>\n<\/thead>\n<tbody>\n<tr>\n<td class=\"prima\">Cemento Curado \/ Ladrillos \/ Tejas<\/td>\n<td class=\"seconda\"><b class=\"txtred\">\u2605<\/b><b class=\"txtred\">\u2605<\/b><b class=\"txtred\">\u2605<\/b><b class=\"txtred\">\u2605<\/b><b class=\"txtred\">\u2605<\/b><\/td>\n<\/tr>\n<tr>\n<td class=\"prima\">Hormig\u00f3n poco armado<\/td>\n<td class=\"seconda\"><b class=\"txtred\">\u2605<\/b><b class=\"txtred\">\u2605<\/b><b class=\"txtred\">\u2605<\/b><b class=\"txtred\">\u2605<\/b><b class=\"txtred\">\u2605<\/b><\/td>\n<\/tr>\n<tr>\n<td class=\"prima\">Hormig\u00f3n muy armado<\/td>\n<td class=\"seconda\"><b class=\"txtred\">\u2605<\/b><b class=\"txtred\">\u2605<\/b><b class=\"txtred\">\u2605<\/b><b class=\"txtred\">\u2605<\/b><b class=\"txtred\">\u2605<\/b><\/td>\n<\/tr>\n<tr>\n<td class=\"prima\">Granitos \/ Piedras naturales \/ P\u00f3rfidos<\/td>\n<td class=\"seconda\"><b class=\"txtred\">\u2605<\/b><b class=\"txtred\">\u2605<\/b><b class=\"txtred\">\u2605<\/b><\/td>\n<\/tr>\n<tr>\n<td class=\"prima\">M\u00e1rmoles<\/td>\n<td class=\"seconda\">&nbsp;<\/td>\n<\/tr>\n<tr>\n<td class=\"prima\">Refractarios<\/td>\n<td class=\"seconda\"><b class=\"txtred\">\u2605<\/b><b class=\"txtred\">\u2605<\/b><b class=\"txtred\">\u2605<\/b><\/td>\n<\/tr>\n<tr>\n<td class=\"prima\">Areniscas \/ Placas de gravilla lavada<\/td>\n<td class=\"seconda\"><b class=\"txtred\">\u2605<\/b><b class=\"txtred\">\u2605<\/b><b class=\"txtred\">\u2605<\/b><\/td>\n<\/tr>\n<tr>\n<td class=\"prima\">Cer\u00e1mica cocida dos veces<\/td>\n<td class=\"seconda\"><b class=\"txtred\">\u2605<\/b><\/td>\n<\/tr>\n<tr>\n<td class=\"prima\">Cer\u00e1mica cocida una vez<\/td>\n<td class=\"seconda\"><b class=\"txtred\">\u2605<\/b><\/td>\n<\/tr>\n<tr>\n<td class=\"prima\">Gres porcel\u00e1nico \/ Klinker<\/td>\n<td class=\"seconda\">&nbsp;<\/td>\n<\/tr>\n<tr>\n<td class=\"prima\">Cemento fresco<\/td>\n<td class=\"seconda\"><b class=\"txtred\">\u2605<\/b><b class=\"txtred\">\u2605<\/b><\/td>\n<\/tr>\n<tr>\n<td class=\"prima\">Asfalto<\/td>\n<td class=\"seconda\"><b class=\"txtred\">\u2605<\/b><b class=\"txtred\">\u2605<\/b><\/td>\n<\/tr>\n<tr>\n<td class=\"intervallo\" colspan=\"2\">&nbsp;<\/td>\n<\/tr>\n<tr>\n<td class=\"prima\">Velocidad de corte<\/td>\n<td class=\"seconda\"><b class=\"txtred\">\u2605<\/b><b class=\"txtred\">\u2605<\/b><b class=\"txtred\">\u2605<\/b><b class=\"txtred\">\u2605<\/b><b class=\"txtred\">\u2605<\/b><\/td>\n<\/tr>\n<tr>\n<td class=\"prima\">Duraci\u00f3n promedio<\/td>\n<td class=\"seconda\"><span style=\"color: #ff0000;\"><strong>EXTRA<\/strong><\/span><\/td>\n<\/tr>\n<tr>\n<td class=\"legenda\" colspan=\"2\"><strong>suficiente<\/strong>&nbsp;<b class=\"txtred\">\u2605<\/b>&nbsp;&nbsp;&nbsp;&nbsp;&nbsp;<strong>regular<\/strong>&nbsp;<b class=\"txtred\">\u2605<\/b><b class=\"txtred\">\u2605<\/b>&nbsp;&nbsp;&nbsp;&nbsp;&nbsp;<strong>bueno<\/strong>&nbsp;<b class=\"txtred\">\u2605<\/b><b class=\"txtred\">\u2605<\/b><b class=\"txtred\">\u2605<\/b>&nbsp;&nbsp;&nbsp;&nbsp;&nbsp;<strong>sobresaliente<\/strong>&nbsp;<b class=\"txtred\">\u2605<\/b><b class=\"txtred\">\u2605<\/b><b class=\"txtred\">\u2605<\/b><b class=\"txtred\">\u2605<\/b>&nbsp;&nbsp;&nbsp;&nbsp;&nbsp;<strong>super<\/strong>&nbsp;<b class=\"txtred\">\u2605<\/b><b class=\"txtred\">\u2605<\/b><b class=\"txtred\">\u2605<\/b><b class=\"txtred\">\u2605<\/b><b class=\"txtred\">\u2605<\/b><\/td>\n<\/tr>\n<\/tbody>\n<\/table>\n<p>&nbsp;<\/p>\n<table class=\"tabellatecnica\" style=\"width: 80%;\" border=\"0\" cellspacing=\"0\" cellpadding=\"0\">\n<thead>\n<tr>\n<td class=\"testata\"><strong>PUEDE UTILIZARSE EN LAS M\u00c1QUINAS SIGUIENTES<\/strong><\/td>\n<\/tr>\n<\/thead>\n<tbody>\n<tr>\n<td><img loading=\"lazy\" decoding=\"async\" class=\"alignleft\" src=\"\/wp-content\/uploads\/2013\/11\/s-m3.png\" alt=\"s-m3\" width=\"60\" height=\"60\">32-42-52-62-72-82-92-102-112-122-127<br \/>\n132-142-152-162-172-182-200-225-250<\/td>\n<\/tr>\n<\/tbody>\n<\/table>\n<p>&nbsp;[\/vc_column_text][\/vc_column][\/vc_row]<\/p>\n<\/div>","protected":false},"excerpt":{"rendered":"<p>[vc_row][vc_column text_align=\u00bbcenter\u00bb width=\u00bb1\/4&#8243;][vc_column_text] [\/vc_column_text][vc_column_text css_animation=\u00bbslideInDown\u00bb el_class=\u00bbhidebuybutton\u00bb][\/vc_column_text][\/vc_column][vc_column width=\u00bb3\/4&#8243;][vc_column_text]La Broca Oro Duramax es una herramienta ideal para la perforaci\u00f3n de orificios de di\u00e1metro medio o grande, se monta en m\u00e1quinas con conexi\u00f3n de 1\u201d1\/4, con una potencia de al menos 2000 vatios y equipadas con conexi\u00f3n para el agua. Gracias a la tecnolog\u00eda patentada Duramax\u00ae garantiza una durabilidad y velocidad de perforaci\u00f3n significativamente superiores, ya que permite dosificar y posicionar perfectamente los gr\u00e1nulos de diamante dentro del segmento diamantado, y tambi\u00e9n gracias a la espiral en el cuerpo que facilita la liberaci\u00f3n de los residuos desde el alojamiento del orificio, haciendo que su rendimiento sea \u00fanico. Para poder utilizar cada di\u00e1metro con el m\u00e1ximo rendimiento, es imprescindible disponer de una m\u00e1quina con la potencia y la velocidad adecuadas para ese di\u00e1metro. FICHA T\u00c9CNICA Cemento Curado \/ Ladrillos \/ Tejas \u2605\u2605\u2605\u2605\u2605 Hormig\u00f3n poco armado \u2605\u2605\u2605\u2605\u2605 Hormig\u00f3n muy armado \u2605\u2605\u2605\u2605\u2605 Granitos \/ Piedras naturales \/ P\u00f3rfidos \u2605\u2605\u2605 M\u00e1rmoles &nbsp; Refractarios \u2605\u2605\u2605 Areniscas \/ Placas de gravilla lavada \u2605\u2605\u2605 Cer\u00e1mica cocida dos veces \u2605 Cer\u00e1mica cocida una vez \u2605 Gres porcel\u00e1nico \/ Klinker &nbsp; Cemento fresco \u2605\u2605 Asfalto \u2605\u2605 &nbsp; Velocidad de corte \u2605\u2605\u2605\u2605\u2605 Duraci\u00f3n promedio EXTRA suficiente&nbsp;\u2605&nbsp;&nbsp;&nbsp;&nbsp;&nbsp;regular&nbsp;\u2605\u2605&nbsp;&nbsp;&nbsp;&nbsp;&nbsp;bueno&nbsp;\u2605\u2605\u2605&nbsp;&nbsp;&nbsp;&nbsp;&nbsp;sobresaliente&nbsp;\u2605\u2605\u2605\u2605&nbsp;&nbsp;&nbsp;&nbsp;&nbsp;super&nbsp;\u2605\u2605\u2605\u2605\u2605 &nbsp; PUEDE UTILIZARSE EN LAS M\u00c1QUINAS SIGUIENTES [&hellip;]<\/p>\n","protected":false},"author":29,"featured_media":29694,"parent":12457,"menu_order":2,"comment_status":"closed","ping_status":"closed","template":"","meta":{"ngg_post_thumbnail":0,"_joinchat":[],"footnotes":""},"class_list":["post-29663","page","type-page","status-publish","has-post-thumbnail","hentry"],"yoast_head":"<!-- This site is optimized with the Yoast SEO plugin v25.5 - https:\/\/yoast.com\/wordpress\/plugins\/seo\/ -->\n<title>Broca Oro Duramax - Maxima SpA<\/title>\n<meta name=\"robots\" content=\"index, follow, max-snippet:-1, max-image-preview:large, max-video-preview:-1\" \/>\n<link rel=\"canonical\" href=\"https:\/\/www.maxima-dia.com\/es\/brocas-de-diamante-para-humedo\/broca-oro-duramax\/\" \/>\n<meta property=\"og:locale\" content=\"es_ES\" \/>\n<meta property=\"og:type\" content=\"article\" \/>\n<meta property=\"og:title\" content=\"Broca Oro Duramax - Maxima SpA\" \/>\n<meta property=\"og:description\" content=\"[vc_row][vc_column text_align=\u00bbcenter\u00bb width=\u00bb1\/4&#8243;][vc_column_text] [\/vc_column_text][vc_column_text css_animation=\u00bbslideInDown\u00bb el_class=\u00bbhidebuybutton\u00bb][\/vc_column_text][\/vc_column][vc_column width=\u00bb3\/4&#8243;][vc_column_text]La Broca Oro Duramax es una herramienta ideal para la perforaci\u00f3n de orificios de di\u00e1metro medio o grande, se monta en m\u00e1quinas con conexi\u00f3n de 1\u201d1\/4, con una potencia de al menos 2000 vatios y equipadas con conexi\u00f3n para el agua. Gracias a la tecnolog\u00eda patentada Duramax\u00ae garantiza una durabilidad y velocidad de perforaci\u00f3n significativamente superiores, ya que permite dosificar y posicionar perfectamente los gr\u00e1nulos de diamante dentro del segmento diamantado, y tambi\u00e9n gracias a la espiral en el cuerpo que facilita la liberaci\u00f3n de los residuos desde el alojamiento del orificio, haciendo que su rendimiento sea \u00fanico. Para poder utilizar cada di\u00e1metro con el m\u00e1ximo rendimiento, es imprescindible disponer de una m\u00e1quina con la potencia y la velocidad adecuadas para ese di\u00e1metro. FICHA T\u00c9CNICA Cemento Curado \/ Ladrillos \/ Tejas \u2605\u2605\u2605\u2605\u2605 Hormig\u00f3n poco armado \u2605\u2605\u2605\u2605\u2605 Hormig\u00f3n muy armado \u2605\u2605\u2605\u2605\u2605 Granitos \/ Piedras naturales \/ P\u00f3rfidos \u2605\u2605\u2605 M\u00e1rmoles &nbsp; Refractarios \u2605\u2605\u2605 Areniscas \/ Placas de gravilla lavada \u2605\u2605\u2605 Cer\u00e1mica cocida dos veces \u2605 Cer\u00e1mica cocida una vez \u2605 Gres porcel\u00e1nico \/ Klinker &nbsp; Cemento fresco \u2605\u2605 Asfalto \u2605\u2605 &nbsp; Velocidad de corte \u2605\u2605\u2605\u2605\u2605 Duraci\u00f3n promedio EXTRA suficiente&nbsp;\u2605&nbsp;&nbsp;&nbsp;&nbsp;&nbsp;regular&nbsp;\u2605\u2605&nbsp;&nbsp;&nbsp;&nbsp;&nbsp;bueno&nbsp;\u2605\u2605\u2605&nbsp;&nbsp;&nbsp;&nbsp;&nbsp;sobresaliente&nbsp;\u2605\u2605\u2605\u2605&nbsp;&nbsp;&nbsp;&nbsp;&nbsp;super&nbsp;\u2605\u2605\u2605\u2605\u2605 &nbsp; PUEDE UTILIZARSE EN LAS M\u00c1QUINAS SIGUIENTES [&hellip;]\" \/>\n<meta property=\"og:url\" content=\"https:\/\/www.maxima-dia.com\/es\/brocas-de-diamante-para-humedo\/broca-oro-duramax\/\" \/>\n<meta property=\"og:site_name\" content=\"Maxima SpA\" \/>\n<meta property=\"article:publisher\" content=\"https:\/\/www.facebook.com\/Maxima-spa-106098566139597\" \/>\n<meta property=\"article:modified_time\" content=\"2021-07-28T08:50:58+00:00\" \/>\n<meta property=\"og:image\" content=\"https:\/\/www.maxima-dia.com\/wp-content\/uploads\/2021\/07\/ORO_DURAMAX.jpg\" \/>\n\t<meta property=\"og:image:width\" content=\"1700\" \/>\n\t<meta property=\"og:image:height\" content=\"1700\" \/>\n\t<meta property=\"og:image:type\" content=\"image\/jpeg\" \/>\n<meta name=\"twitter:card\" content=\"summary_large_image\" \/>\n<meta name=\"twitter:site\" content=\"@Maximadia\" \/>\n<meta name=\"twitter:label1\" content=\"Tiempo de lectura\" \/>\n\t<meta name=\"twitter:data1\" content=\"12 minutos\" \/>\n<script type=\"application\/ld+json\" class=\"yoast-schema-graph\">{\"@context\":\"https:\/\/schema.org\",\"@graph\":[{\"@type\":\"WebPage\",\"@id\":\"https:\/\/www.maxima-dia.com\/es\/brocas-de-diamante-para-humedo\/broca-oro-duramax\/\",\"url\":\"https:\/\/www.maxima-dia.com\/es\/brocas-de-diamante-para-humedo\/broca-oro-duramax\/\",\"name\":\"Broca Oro Duramax - Maxima SpA\",\"isPartOf\":{\"@id\":\"https:\/\/www.maxima-dia.com\/es\/#website\"},\"primaryImageOfPage\":{\"@id\":\"https:\/\/www.maxima-dia.com\/es\/brocas-de-diamante-para-humedo\/broca-oro-duramax\/#primaryimage\"},\"image\":{\"@id\":\"https:\/\/www.maxima-dia.com\/es\/brocas-de-diamante-para-humedo\/broca-oro-duramax\/#primaryimage\"},\"thumbnailUrl\":\"https:\/\/www.maxima-dia.com\/wp-content\/uploads\/2021\/07\/ORO_DURAMAX.jpg\",\"datePublished\":\"2021-07-28T08:50:57+00:00\",\"dateModified\":\"2021-07-28T08:50:58+00:00\",\"breadcrumb\":{\"@id\":\"https:\/\/www.maxima-dia.com\/es\/brocas-de-diamante-para-humedo\/broca-oro-duramax\/#breadcrumb\"},\"inLanguage\":\"es\",\"potentialAction\":[{\"@type\":\"ReadAction\",\"target\":[\"https:\/\/www.maxima-dia.com\/es\/brocas-de-diamante-para-humedo\/broca-oro-duramax\/\"]}]},{\"@type\":\"ImageObject\",\"inLanguage\":\"es\",\"@id\":\"https:\/\/www.maxima-dia.com\/es\/brocas-de-diamante-para-humedo\/broca-oro-duramax\/#primaryimage\",\"url\":\"https:\/\/www.maxima-dia.com\/wp-content\/uploads\/2021\/07\/ORO_DURAMAX.jpg\",\"contentUrl\":\"https:\/\/www.maxima-dia.com\/wp-content\/uploads\/2021\/07\/ORO_DURAMAX.jpg\",\"width\":1700,\"height\":1700},{\"@type\":\"BreadcrumbList\",\"@id\":\"https:\/\/www.maxima-dia.com\/es\/brocas-de-diamante-para-humedo\/broca-oro-duramax\/#breadcrumb\",\"itemListElement\":[{\"@type\":\"ListItem\",\"position\":1,\"name\":\"Home\",\"item\":\"https:\/\/www.maxima-dia.com\/es\/\"},{\"@type\":\"ListItem\",\"position\":2,\"name\":\"Brocas de Diamante para H\u00famedo\",\"item\":\"https:\/\/www.maxima-dia.com\/es\/brocas-de-diamante-para-humedo\/\"},{\"@type\":\"ListItem\",\"position\":3,\"name\":\"Broca Oro Duramax\"}]},{\"@type\":\"WebSite\",\"@id\":\"https:\/\/www.maxima-dia.com\/es\/#website\",\"url\":\"https:\/\/www.maxima-dia.com\/es\/\",\"name\":\"Maxima SpA\",\"description\":\"Only for the real professionals\",\"potentialAction\":[{\"@type\":\"SearchAction\",\"target\":{\"@type\":\"EntryPoint\",\"urlTemplate\":\"https:\/\/www.maxima-dia.com\/es\/?s={search_term_string}\"},\"query-input\":{\"@type\":\"PropertyValueSpecification\",\"valueRequired\":true,\"valueName\":\"search_term_string\"}}],\"inLanguage\":\"es\"}]}<\/script>\n<!-- \/ Yoast SEO plugin. -->","yoast_head_json":{"title":"Broca Oro Duramax - Maxima SpA","robots":{"index":"index","follow":"follow","max-snippet":"max-snippet:-1","max-image-preview":"max-image-preview:large","max-video-preview":"max-video-preview:-1"},"canonical":"https:\/\/www.maxima-dia.com\/es\/brocas-de-diamante-para-humedo\/broca-oro-duramax\/","og_locale":"es_ES","og_type":"article","og_title":"Broca Oro Duramax - Maxima SpA","og_description":"[vc_row][vc_column text_align=\u00bbcenter\u00bb width=\u00bb1\/4&#8243;][vc_column_text] [\/vc_column_text][vc_column_text css_animation=\u00bbslideInDown\u00bb el_class=\u00bbhidebuybutton\u00bb][\/vc_column_text][\/vc_column][vc_column width=\u00bb3\/4&#8243;][vc_column_text]La Broca Oro Duramax es una herramienta ideal para la perforaci\u00f3n de orificios de di\u00e1metro medio o grande, se monta en m\u00e1quinas con conexi\u00f3n de 1\u201d1\/4, con una potencia de al menos 2000 vatios y equipadas con conexi\u00f3n para el agua. Gracias a la tecnolog\u00eda patentada Duramax\u00ae garantiza una durabilidad y velocidad de perforaci\u00f3n significativamente superiores, ya que permite dosificar y posicionar perfectamente los gr\u00e1nulos de diamante dentro del segmento diamantado, y tambi\u00e9n gracias a la espiral en el cuerpo que facilita la liberaci\u00f3n de los residuos desde el alojamiento del orificio, haciendo que su rendimiento sea \u00fanico. Para poder utilizar cada di\u00e1metro con el m\u00e1ximo rendimiento, es imprescindible disponer de una m\u00e1quina con la potencia y la velocidad adecuadas para ese di\u00e1metro. FICHA T\u00c9CNICA Cemento Curado \/ Ladrillos \/ Tejas \u2605\u2605\u2605\u2605\u2605 Hormig\u00f3n poco armado \u2605\u2605\u2605\u2605\u2605 Hormig\u00f3n muy armado \u2605\u2605\u2605\u2605\u2605 Granitos \/ Piedras naturales \/ P\u00f3rfidos \u2605\u2605\u2605 M\u00e1rmoles &nbsp; Refractarios \u2605\u2605\u2605 Areniscas \/ Placas de gravilla lavada \u2605\u2605\u2605 Cer\u00e1mica cocida dos veces \u2605 Cer\u00e1mica cocida una vez \u2605 Gres porcel\u00e1nico \/ Klinker &nbsp; Cemento fresco \u2605\u2605 Asfalto \u2605\u2605 &nbsp; Velocidad de corte \u2605\u2605\u2605\u2605\u2605 Duraci\u00f3n promedio EXTRA suficiente&nbsp;\u2605&nbsp;&nbsp;&nbsp;&nbsp;&nbsp;regular&nbsp;\u2605\u2605&nbsp;&nbsp;&nbsp;&nbsp;&nbsp;bueno&nbsp;\u2605\u2605\u2605&nbsp;&nbsp;&nbsp;&nbsp;&nbsp;sobresaliente&nbsp;\u2605\u2605\u2605\u2605&nbsp;&nbsp;&nbsp;&nbsp;&nbsp;super&nbsp;\u2605\u2605\u2605\u2605\u2605 &nbsp; PUEDE UTILIZARSE EN LAS M\u00c1QUINAS SIGUIENTES [&hellip;]","og_url":"https:\/\/www.maxima-dia.com\/es\/brocas-de-diamante-para-humedo\/broca-oro-duramax\/","og_site_name":"Maxima SpA","article_publisher":"https:\/\/www.facebook.com\/Maxima-spa-106098566139597","article_modified_time":"2021-07-28T08:50:58+00:00","og_image":[{"width":1700,"height":1700,"url":"https:\/\/www.maxima-dia.com\/wp-content\/uploads\/2021\/07\/ORO_DURAMAX.jpg","type":"image\/jpeg"}],"twitter_card":"summary_large_image","twitter_site":"@Maximadia","twitter_misc":{"Tiempo de lectura":"12 minutos"},"schema":{"@context":"https:\/\/schema.org","@graph":[{"@type":"WebPage","@id":"https:\/\/www.maxima-dia.com\/es\/brocas-de-diamante-para-humedo\/broca-oro-duramax\/","url":"https:\/\/www.maxima-dia.com\/es\/brocas-de-diamante-para-humedo\/broca-oro-duramax\/","name":"Broca Oro Duramax - Maxima SpA","isPartOf":{"@id":"https:\/\/www.maxima-dia.com\/es\/#website"},"primaryImageOfPage":{"@id":"https:\/\/www.maxima-dia.com\/es\/brocas-de-diamante-para-humedo\/broca-oro-duramax\/#primaryimage"},"image":{"@id":"https:\/\/www.maxima-dia.com\/es\/brocas-de-diamante-para-humedo\/broca-oro-duramax\/#primaryimage"},"thumbnailUrl":"https:\/\/www.maxima-dia.com\/wp-content\/uploads\/2021\/07\/ORO_DURAMAX.jpg","datePublished":"2021-07-28T08:50:57+00:00","dateModified":"2021-07-28T08:50:58+00:00","breadcrumb":{"@id":"https:\/\/www.maxima-dia.com\/es\/brocas-de-diamante-para-humedo\/broca-oro-duramax\/#breadcrumb"},"inLanguage":"es","potentialAction":[{"@type":"ReadAction","target":["https:\/\/www.maxima-dia.com\/es\/brocas-de-diamante-para-humedo\/broca-oro-duramax\/"]}]},{"@type":"ImageObject","inLanguage":"es","@id":"https:\/\/www.maxima-dia.com\/es\/brocas-de-diamante-para-humedo\/broca-oro-duramax\/#primaryimage","url":"https:\/\/www.maxima-dia.com\/wp-content\/uploads\/2021\/07\/ORO_DURAMAX.jpg","contentUrl":"https:\/\/www.maxima-dia.com\/wp-content\/uploads\/2021\/07\/ORO_DURAMAX.jpg","width":1700,"height":1700},{"@type":"BreadcrumbList","@id":"https:\/\/www.maxima-dia.com\/es\/brocas-de-diamante-para-humedo\/broca-oro-duramax\/#breadcrumb","itemListElement":[{"@type":"ListItem","position":1,"name":"Home","item":"https:\/\/www.maxima-dia.com\/es\/"},{"@type":"ListItem","position":2,"name":"Brocas de Diamante para H\u00famedo","item":"https:\/\/www.maxima-dia.com\/es\/brocas-de-diamante-para-humedo\/"},{"@type":"ListItem","position":3,"name":"Broca Oro Duramax"}]},{"@type":"WebSite","@id":"https:\/\/www.maxima-dia.com\/es\/#website","url":"https:\/\/www.maxima-dia.com\/es\/","name":"Maxima SpA","description":"Only for the real professionals","potentialAction":[{"@type":"SearchAction","target":{"@type":"EntryPoint","urlTemplate":"https:\/\/www.maxima-dia.com\/es\/?s={search_term_string}"},"query-input":{"@type":"PropertyValueSpecification","valueRequired":true,"valueName":"search_term_string"}}],"inLanguage":"es"}]}},"_links":{"self":[{"href":"https:\/\/www.maxima-dia.com\/es\/wp-json\/wp\/v2\/pages\/29663"}],"collection":[{"href":"https:\/\/www.maxima-dia.com\/es\/wp-json\/wp\/v2\/pages"}],"about":[{"href":"https:\/\/www.maxima-dia.com\/es\/wp-json\/wp\/v2\/types\/page"}],"author":[{"embeddable":true,"href":"https:\/\/www.maxima-dia.com\/es\/wp-json\/wp\/v2\/users\/29"}],"replies":[{"embeddable":true,"href":"https:\/\/www.maxima-dia.com\/es\/wp-json\/wp\/v2\/comments?post=29663"}],"version-history":[{"count":0,"href":"https:\/\/www.maxima-dia.com\/es\/wp-json\/wp\/v2\/pages\/29663\/revisions"}],"up":[{"embeddable":true,"href":"https:\/\/www.maxima-dia.com\/es\/wp-json\/wp\/v2\/pages\/12457"}],"wp:featuredmedia":[{"embeddable":true,"href":"https:\/\/www.maxima-dia.com\/es\/wp-json\/wp\/v2\/media\/29694"}],"wp:attachment":[{"href":"https:\/\/www.maxima-dia.com\/es\/wp-json\/wp\/v2\/media?parent=29663"}],"curies":[{"name":"wp","href":"https:\/\/api.w.org\/{rel}","templated":true}]}}