{"id":32214,"date":"2021-11-29T11:29:38","date_gmt":"2021-11-29T10:29:38","guid":{"rendered":"https:\/\/www.maxima-dia.com\/?page_id=32214"},"modified":"2023-03-10T10:02:52","modified_gmt":"2023-03-10T09:02:52","slug":"productos-lijado","status":"publish","type":"page","link":"https:\/\/www.maxima-dia.com\/es\/productos-lijado\/","title":{"rendered":"Productos &#8211; Lijado"},"content":{"rendered":"<div class=\"wpb-content-wrapper\"><p>[vc_row bottom_padding=\u00bb50&#8243;][vc_column width=\u00bb1\/1&#8243;][vc_column_text]Para los profesionales m\u00e1s exigentes, Maxima pone a disposici\u00f3n la m\u00e1s amplia gama de productos para el lijado de superficies que incluye lijadoras y herramientas diamantadas como almohadillas y m\u00f3dulos, utilizables en lijadoras <a href=\"https:\/\/www.maxima-dia.com\/es\/maquinas-de-rectificadora-para-la-construccion\/levimax-125\/\">Levimax 125<\/a>, <a href=\"https:\/\/www.maxima-dia.com\/es\/maquinas-de-rectificadora-para-la-construccion\/levimax-280\/\">Levimax 280<\/a> y <a href=\"https:\/\/www.maxima-dia.com\/es\/maquinas-de-rectificadora-para-la-construccion\/levimax-550\/\">Levimax<\/a> 550. Productos espec\u00edficos para lijado de suelos tanto en seco como en con agua.<br \/>\nTodas nuestras m\u00e1quinas est\u00e1n certificadas CE y est\u00e1n fabricadas en la Uni\u00f3n Europea. <img loading=\"lazy\" decoding=\"async\" class=\"alignnone wp-image-6471\" src=\"\/wp-content\/uploads\/2011\/09\/eu_flag.png\" alt=\"\" width=\"20\" height=\"16\">.[\/vc_column_text][\/vc_column][\/vc_row][vc_row bottom_padding=\u00bb50&#8243;][vc_column width=\u00bb1\/4&#8243;]<div class=\"single_image wpb_content_element align-left    \" data-animation=\"none\" data-delay=\"0\"><a href=\"\/es\/maquinas-de-rectificadora-para-la-construccion\/\" target=\"_self\"><img loading=\"lazy\" decoding=\"async\" width=\"1500\" height=\"1500\" src=\"https:\/\/www.maxima-dia.com\/wp-content\/uploads\/2018\/10\/LEVIMAX-550-catalogo-02.jpg\" class=\"attachment-full\" alt=\"\" title=\"LEVIMAX 550 - catalogo 02\" srcset=\"https:\/\/www.maxima-dia.com\/wp-content\/uploads\/2018\/10\/LEVIMAX-550-catalogo-02.jpg 1500w, https:\/\/www.maxima-dia.com\/wp-content\/uploads\/2018\/10\/LEVIMAX-550-catalogo-02-150x150.jpg 150w, https:\/\/www.maxima-dia.com\/wp-content\/uploads\/2018\/10\/LEVIMAX-550-catalogo-02-300x300.jpg 300w, https:\/\/www.maxima-dia.com\/wp-content\/uploads\/2018\/10\/LEVIMAX-550-catalogo-02-768x768.jpg 768w, https:\/\/www.maxima-dia.com\/wp-content\/uploads\/2018\/10\/LEVIMAX-550-catalogo-02-1024x1024.jpg 1024w, https:\/\/www.maxima-dia.com\/wp-content\/uploads\/2018\/10\/LEVIMAX-550-catalogo-02-80x80.jpg 80w, https:\/\/www.maxima-dia.com\/wp-content\/uploads\/2018\/10\/LEVIMAX-550-catalogo-02-500x500.jpg 500w, https:\/\/www.maxima-dia.com\/wp-content\/uploads\/2018\/10\/LEVIMAX-550-catalogo-02-1000x1000.jpg 1000w\" sizes=\"(max-width: 1500px) 100vw, 1500px\" \/><\/a><\/div>[\/vc_column][vc_column width=\u00bb3\/4&#8243;][vc_column_text]<\/p>\n<h2><a href=\"\/es\/maquinas-de-rectificadora-para-la-construccion\/\">M\u00e1quinas de Rectificadora para la Construcci\u00f3n<\/a><\/h2>\n<p>Esta secci\u00f3n presenta toda la maquinaria de construcci\u00f3n para el rectificado de superficies, con herramientas diamantadas de la gama Maxima, Levimax y Aspiramax, que completan la oferta para minoristas que ofrecen o alquilan equipos para empresas de construcci\u00f3n. Todas las maquinarias que se proponen son \u201cmade in EU\u201d&nbsp;<img loading=\"lazy\" decoding=\"async\" class=\"wp-image-6471\" src=\"https:\/\/www.maxima-dia.com\/wp-content\/uploads\/2011\/09\/eu_flag.png\" alt=\"\" width=\"18\" height=\"15\">, es decir se producen en el interior de la Uni\u00f3n Europea y todas poseen la certificaci\u00f3n&nbsp;<strong>CE<\/strong>.[\/vc_column_text][\/vc_column][\/vc_row][vc_row bottom_padding=\u00bb50&#8243;][vc_column width=\u00bb1\/4&#8243;]<div class=\"single_image wpb_content_element align-left    \" data-animation=\"none\" data-delay=\"0\"><a href=\"\/es\/almohadillas-y-modulos-para-pulido\/\" target=\"_self\"><img loading=\"lazy\" decoding=\"async\" width=\"1500\" height=\"1500\" src=\"https:\/\/www.maxima-dia.com\/wp-content\/uploads\/2022\/11\/RESIN_CUP-11-2022-1.jpg\" class=\"attachment-full\" alt=\"\" title=\"RESIN_CUP-11-2022\" srcset=\"https:\/\/www.maxima-dia.com\/wp-content\/uploads\/2022\/11\/RESIN_CUP-11-2022-1.jpg 1500w, https:\/\/www.maxima-dia.com\/wp-content\/uploads\/2022\/11\/RESIN_CUP-11-2022-1-300x300.jpg 300w, https:\/\/www.maxima-dia.com\/wp-content\/uploads\/2022\/11\/RESIN_CUP-11-2022-1-1024x1024.jpg 1024w, https:\/\/www.maxima-dia.com\/wp-content\/uploads\/2022\/11\/RESIN_CUP-11-2022-1-150x150.jpg 150w, https:\/\/www.maxima-dia.com\/wp-content\/uploads\/2022\/11\/RESIN_CUP-11-2022-1-768x768.jpg 768w, https:\/\/www.maxima-dia.com\/wp-content\/uploads\/2022\/11\/RESIN_CUP-11-2022-1-80x80.jpg 80w, https:\/\/www.maxima-dia.com\/wp-content\/uploads\/2022\/11\/RESIN_CUP-11-2022-1-500x500.jpg 500w, https:\/\/www.maxima-dia.com\/wp-content\/uploads\/2022\/11\/RESIN_CUP-11-2022-1-1000x1000.jpg 1000w\" sizes=\"(max-width: 1500px) 100vw, 1500px\" \/><\/a><\/div>[\/vc_column][vc_column width=\u00bb3\/4&#8243;][vc_column_text]<\/p>\n<h2><a href=\"\/es\/almohadillas-y-modulos-para-pulido\/\">Almohadillas y m\u00f3dulos para pulido<\/a><\/h2>\n<p>La gama de las almohadillas y m\u00f3dulos para pulido Maxima se ha concebido tanto para un uso universal en la construcci\u00f3n, como para un uso espec\u00edfico en \u00e1mbito lap\u00eddeo. Est\u00e1n disponibles en los di\u00e1metros desde 100 hasta 180 mm.[\/vc_column_text][\/vc_column][\/vc_row]<\/p>\n<\/div>","protected":false},"excerpt":{"rendered":"<p>[vc_row bottom_padding=\u00bb50&#8243;][vc_column width=\u00bb1\/1&#8243;][vc_column_text]Para los profesionales m\u00e1s exigentes, Maxima pone a disposici\u00f3n la m\u00e1s amplia gama de productos para el lijado de superficies que incluye lijadoras y herramientas diamantadas como almohadillas y m\u00f3dulos, utilizables en lijadoras Levimax 125, Levimax 280 y Levimax 550. Productos espec\u00edficos para lijado de suelos tanto en seco como en con agua. Todas nuestras m\u00e1quinas est\u00e1n certificadas CE y est\u00e1n fabricadas en la Uni\u00f3n Europea. .[\/vc_column_text][\/vc_column][\/vc_row][vc_row bottom_padding=\u00bb50&#8243;][vc_column width=\u00bb1\/4&#8243;][\/vc_column][vc_column width=\u00bb3\/4&#8243;][vc_column_text] M\u00e1quinas de Rectificadora para la Construcci\u00f3n Esta secci\u00f3n presenta toda la maquinaria de construcci\u00f3n para el rectificado de superficies, con herramientas diamantadas de la gama Maxima, Levimax y Aspiramax, que completan la oferta para minoristas que ofrecen o alquilan equipos para empresas de construcci\u00f3n. Todas las maquinarias que se proponen son \u201cmade in EU\u201d&nbsp;, es decir se producen en el interior de la Uni\u00f3n Europea y todas poseen la certificaci\u00f3n&nbsp;CE.[\/vc_column_text][\/vc_column][\/vc_row][vc_row bottom_padding=\u00bb50&#8243;][vc_column width=\u00bb1\/4&#8243;][\/vc_column][vc_column width=\u00bb3\/4&#8243;][vc_column_text] Almohadillas y m\u00f3dulos para pulido La gama de las almohadillas y m\u00f3dulos para pulido Maxima se ha concebido tanto para un uso universal en la construcci\u00f3n, como para un uso espec\u00edfico en \u00e1mbito lap\u00eddeo. Est\u00e1n disponibles en los di\u00e1metros desde 100 hasta 180 mm.[\/vc_column_text][\/vc_column][\/vc_row]<\/p>\n","protected":false},"author":29,"featured_media":0,"parent":0,"menu_order":0,"comment_status":"closed","ping_status":"closed","template":"","meta":{"ngg_post_thumbnail":0,"_joinchat":[],"footnotes":""},"class_list":["post-32214","page","type-page","status-publish","hentry"],"yoast_head":"<!-- This site is optimized with the Yoast SEO plugin v25.5 - https:\/\/yoast.com\/wordpress\/plugins\/seo\/ -->\n<title>Productos - Lijado - Maxima SpA<\/title>\n<meta name=\"description\" content=\"La m\u00e1s amplia gama de productos para lijado de superficies, lijadoras, herramientas, almohadillas y m\u00f3dulos diamantados\" \/>\n<meta name=\"robots\" content=\"index, follow, max-snippet:-1, max-image-preview:large, max-video-preview:-1\" \/>\n<link rel=\"canonical\" href=\"https:\/\/www.maxima-dia.com\/es\/productos-lijado\/\" \/>\n<meta property=\"og:locale\" content=\"es_ES\" \/>\n<meta property=\"og:type\" content=\"article\" \/>\n<meta property=\"og:title\" content=\"Productos - Lijado - Maxima SpA\" \/>\n<meta property=\"og:description\" content=\"La m\u00e1s amplia gama de productos para lijado de superficies, lijadoras, herramientas, almohadillas y m\u00f3dulos diamantados\" \/>\n<meta property=\"og:url\" content=\"https:\/\/www.maxima-dia.com\/es\/productos-lijado\/\" \/>\n<meta property=\"og:site_name\" content=\"Maxima SpA\" \/>\n<meta property=\"article:publisher\" content=\"https:\/\/www.facebook.com\/Maxima-spa-106098566139597\" \/>\n<meta property=\"article:modified_time\" content=\"2023-03-10T09:02:52+00:00\" \/>\n<meta property=\"og:image\" content=\"https:\/\/www.maxima-dia.com\/wp-content\/uploads\/2011\/09\/eu_flag.png\" \/>\n<meta name=\"twitter:card\" content=\"summary_large_image\" \/>\n<meta name=\"twitter:site\" content=\"@Maximadia\" \/>\n<meta name=\"twitter:label1\" content=\"Tiempo de lectura\" \/>\n\t<meta name=\"twitter:data1\" content=\"2 minutos\" \/>\n<script type=\"application\/ld+json\" class=\"yoast-schema-graph\">{\"@context\":\"https:\/\/schema.org\",\"@graph\":[{\"@type\":\"WebPage\",\"@id\":\"https:\/\/www.maxima-dia.com\/es\/productos-lijado\/\",\"url\":\"https:\/\/www.maxima-dia.com\/es\/productos-lijado\/\",\"name\":\"Productos - Lijado - Maxima SpA\",\"isPartOf\":{\"@id\":\"https:\/\/www.maxima-dia.com\/es\/#website\"},\"primaryImageOfPage\":{\"@id\":\"https:\/\/www.maxima-dia.com\/es\/productos-lijado\/#primaryimage\"},\"image\":{\"@id\":\"https:\/\/www.maxima-dia.com\/es\/productos-lijado\/#primaryimage\"},\"thumbnailUrl\":\"https:\/\/www.maxima-dia.com\/wp-content\/uploads\/2011\/09\/eu_flag.png\",\"datePublished\":\"2021-11-29T10:29:38+00:00\",\"dateModified\":\"2023-03-10T09:02:52+00:00\",\"description\":\"La m\u00e1s amplia gama de productos para lijado de superficies, lijadoras, herramientas, almohadillas y m\u00f3dulos diamantados\",\"breadcrumb\":{\"@id\":\"https:\/\/www.maxima-dia.com\/es\/productos-lijado\/#breadcrumb\"},\"inLanguage\":\"es\",\"potentialAction\":[{\"@type\":\"ReadAction\",\"target\":[\"https:\/\/www.maxima-dia.com\/es\/productos-lijado\/\"]}]},{\"@type\":\"ImageObject\",\"inLanguage\":\"es\",\"@id\":\"https:\/\/www.maxima-dia.com\/es\/productos-lijado\/#primaryimage\",\"url\":\"https:\/\/www.maxima-dia.com\/wp-content\/uploads\/2011\/09\/eu_flag.png\",\"contentUrl\":\"https:\/\/www.maxima-dia.com\/wp-content\/uploads\/2011\/09\/eu_flag.png\"},{\"@type\":\"BreadcrumbList\",\"@id\":\"https:\/\/www.maxima-dia.com\/es\/productos-lijado\/#breadcrumb\",\"itemListElement\":[{\"@type\":\"ListItem\",\"position\":1,\"name\":\"Home\",\"item\":\"https:\/\/www.maxima-dia.com\/es\/\"},{\"@type\":\"ListItem\",\"position\":2,\"name\":\"Productos &#8211; Lijado\"}]},{\"@type\":\"WebSite\",\"@id\":\"https:\/\/www.maxima-dia.com\/es\/#website\",\"url\":\"https:\/\/www.maxima-dia.com\/es\/\",\"name\":\"Maxima SpA\",\"description\":\"Only for the real professionals\",\"potentialAction\":[{\"@type\":\"SearchAction\",\"target\":{\"@type\":\"EntryPoint\",\"urlTemplate\":\"https:\/\/www.maxima-dia.com\/es\/?s={search_term_string}\"},\"query-input\":{\"@type\":\"PropertyValueSpecification\",\"valueRequired\":true,\"valueName\":\"search_term_string\"}}],\"inLanguage\":\"es\"}]}<\/script>\n<!-- \/ Yoast SEO plugin. -->","yoast_head_json":{"title":"Productos - Lijado - Maxima SpA","description":"La m\u00e1s amplia gama de productos para lijado de superficies, lijadoras, herramientas, almohadillas y m\u00f3dulos diamantados","robots":{"index":"index","follow":"follow","max-snippet":"max-snippet:-1","max-image-preview":"max-image-preview:large","max-video-preview":"max-video-preview:-1"},"canonical":"https:\/\/www.maxima-dia.com\/es\/productos-lijado\/","og_locale":"es_ES","og_type":"article","og_title":"Productos - Lijado - Maxima SpA","og_description":"La m\u00e1s amplia gama de productos para lijado de superficies, lijadoras, herramientas, almohadillas y m\u00f3dulos diamantados","og_url":"https:\/\/www.maxima-dia.com\/es\/productos-lijado\/","og_site_name":"Maxima SpA","article_publisher":"https:\/\/www.facebook.com\/Maxima-spa-106098566139597","article_modified_time":"2023-03-10T09:02:52+00:00","og_image":[{"url":"https:\/\/www.maxima-dia.com\/wp-content\/uploads\/2011\/09\/eu_flag.png","type":"","width":"","height":""}],"twitter_card":"summary_large_image","twitter_site":"@Maximadia","twitter_misc":{"Tiempo de lectura":"2 minutos"},"schema":{"@context":"https:\/\/schema.org","@graph":[{"@type":"WebPage","@id":"https:\/\/www.maxima-dia.com\/es\/productos-lijado\/","url":"https:\/\/www.maxima-dia.com\/es\/productos-lijado\/","name":"Productos - Lijado - Maxima SpA","isPartOf":{"@id":"https:\/\/www.maxima-dia.com\/es\/#website"},"primaryImageOfPage":{"@id":"https:\/\/www.maxima-dia.com\/es\/productos-lijado\/#primaryimage"},"image":{"@id":"https:\/\/www.maxima-dia.com\/es\/productos-lijado\/#primaryimage"},"thumbnailUrl":"https:\/\/www.maxima-dia.com\/wp-content\/uploads\/2011\/09\/eu_flag.png","datePublished":"2021-11-29T10:29:38+00:00","dateModified":"2023-03-10T09:02:52+00:00","description":"La m\u00e1s amplia gama de productos para lijado de superficies, lijadoras, herramientas, almohadillas y m\u00f3dulos diamantados","breadcrumb":{"@id":"https:\/\/www.maxima-dia.com\/es\/productos-lijado\/#breadcrumb"},"inLanguage":"es","potentialAction":[{"@type":"ReadAction","target":["https:\/\/www.maxima-dia.com\/es\/productos-lijado\/"]}]},{"@type":"ImageObject","inLanguage":"es","@id":"https:\/\/www.maxima-dia.com\/es\/productos-lijado\/#primaryimage","url":"https:\/\/www.maxima-dia.com\/wp-content\/uploads\/2011\/09\/eu_flag.png","contentUrl":"https:\/\/www.maxima-dia.com\/wp-content\/uploads\/2011\/09\/eu_flag.png"},{"@type":"BreadcrumbList","@id":"https:\/\/www.maxima-dia.com\/es\/productos-lijado\/#breadcrumb","itemListElement":[{"@type":"ListItem","position":1,"name":"Home","item":"https:\/\/www.maxima-dia.com\/es\/"},{"@type":"ListItem","position":2,"name":"Productos &#8211; Lijado"}]},{"@type":"WebSite","@id":"https:\/\/www.maxima-dia.com\/es\/#website","url":"https:\/\/www.maxima-dia.com\/es\/","name":"Maxima SpA","description":"Only for the real professionals","potentialAction":[{"@type":"SearchAction","target":{"@type":"EntryPoint","urlTemplate":"https:\/\/www.maxima-dia.com\/es\/?s={search_term_string}"},"query-input":{"@type":"PropertyValueSpecification","valueRequired":true,"valueName":"search_term_string"}}],"inLanguage":"es"}]}},"_links":{"self":[{"href":"https:\/\/www.maxima-dia.com\/es\/wp-json\/wp\/v2\/pages\/32214"}],"collection":[{"href":"https:\/\/www.maxima-dia.com\/es\/wp-json\/wp\/v2\/pages"}],"about":[{"href":"https:\/\/www.maxima-dia.com\/es\/wp-json\/wp\/v2\/types\/page"}],"author":[{"embeddable":true,"href":"https:\/\/www.maxima-dia.com\/es\/wp-json\/wp\/v2\/users\/29"}],"replies":[{"embeddable":true,"href":"https:\/\/www.maxima-dia.com\/es\/wp-json\/wp\/v2\/comments?post=32214"}],"version-history":[{"count":1,"href":"https:\/\/www.maxima-dia.com\/es\/wp-json\/wp\/v2\/pages\/32214\/revisions"}],"predecessor-version":[{"id":39063,"href":"https:\/\/www.maxima-dia.com\/es\/wp-json\/wp\/v2\/pages\/32214\/revisions\/39063"}],"wp:attachment":[{"href":"https:\/\/www.maxima-dia.com\/es\/wp-json\/wp\/v2\/media?parent=32214"}],"curies":[{"name":"wp","href":"https:\/\/api.w.org\/{rel}","templated":true}]}}