{"id":35087,"date":"2022-06-07T10:30:35","date_gmt":"2022-06-07T08:30:35","guid":{"rendered":"https:\/\/www.maxima-dia.com\/?page_id=35087"},"modified":"2023-02-22T10:05:23","modified_gmt":"2023-02-22T09:05:23","slug":"agentes","status":"publish","type":"page","link":"https:\/\/www.maxima-dia.com\/es\/agentes\/","title":{"rendered":"Agentes"},"content":{"rendered":"<h2>Haga clic en el pa\u00eds para mostrar el agente correspondiente<\/h2>\n<p>Para comprar, obtener informaci\u00f3n o simplemente darnos su opini\u00f3n acerca de nuestros discos de diamante, brocas de diamante o m\u00e1quinas para el corte y extracci\u00f3n de muestras, haga clic en el pa\u00eds o regi\u00f3n de su inter\u00e9s.<\/p>\n<p><iframe loading=\"lazy\" id=\"salesmaps\" src=\"https:\/\/www.google.com\/maps\/d\/u\/0\/embed?mid=15xAb_RC9f94B5RLtJx3e9BUFGTI0R_c&amp;ehbc=2E312F\" width=\"100%\" height=\"600\"><\/iframe><\/p>\n","protected":false},"excerpt":{"rendered":"<p>Haga clic en el pa\u00eds para mostrar el agente correspondiente Para comprar, obtener informaci\u00f3n o simplemente darnos su opini\u00f3n acerca de nuestros discos de diamante, brocas de diamante o m\u00e1quinas para el corte y extracci\u00f3n de muestras, haga clic en el pa\u00eds o regi\u00f3n de su inter\u00e9s.<\/p>\n","protected":false},"author":29,"featured_media":0,"parent":0,"menu_order":2,"comment_status":"closed","ping_status":"closed","template":"","meta":{"ngg_post_thumbnail":0,"_joinchat":[],"footnotes":""},"class_list":["post-35087","page","type-page","status-publish","hentry"],"yoast_head":"<!-- This site is optimized with the Yoast SEO plugin v25.5 - https:\/\/yoast.com\/wordpress\/plugins\/seo\/ -->\n<title>Agentes - Maxima SpA<\/title>\n<meta name=\"description\" content=\"Agentes. Para comprar, obtener informaci\u00f3n o simplemente darnos su opini\u00f3n acerca de nuestros discos de diamante, brocas de diamante o m\u00e1quinas para el corte y extracci\u00f3n de muestras\" \/>\n<meta name=\"robots\" content=\"index, follow, max-snippet:-1, max-image-preview:large, max-video-preview:-1\" \/>\n<link rel=\"canonical\" href=\"https:\/\/www.maxima-dia.com\/es\/agentes\/\" \/>\n<meta property=\"og:locale\" content=\"es_ES\" \/>\n<meta property=\"og:type\" content=\"article\" \/>\n<meta property=\"og:title\" content=\"Agentes - Maxima SpA\" \/>\n<meta property=\"og:description\" content=\"Agentes. Para comprar, obtener informaci\u00f3n o simplemente darnos su opini\u00f3n acerca de nuestros discos de diamante, brocas de diamante o m\u00e1quinas para el corte y extracci\u00f3n de muestras\" \/>\n<meta property=\"og:url\" content=\"https:\/\/www.maxima-dia.com\/es\/agentes\/\" \/>\n<meta property=\"og:site_name\" content=\"Maxima SpA\" \/>\n<meta property=\"article:publisher\" content=\"https:\/\/www.facebook.com\/Maxima-spa-106098566139597\" \/>\n<meta property=\"article:modified_time\" content=\"2023-02-22T09:05:23+00:00\" \/>\n<meta property=\"og:image\" content=\"https:\/\/www.maxima-dia.com\/wp-content\/uploads\/2022\/03\/MaximaSpA-logo-quadrato.jpg\" \/>\n\t<meta property=\"og:image:width\" content=\"500\" \/>\n\t<meta property=\"og:image:height\" content=\"500\" \/>\n\t<meta property=\"og:image:type\" content=\"image\/jpeg\" \/>\n<meta name=\"twitter:card\" content=\"summary_large_image\" \/>\n<meta name=\"twitter:site\" content=\"@Maximadia\" \/>\n<script type=\"application\/ld+json\" class=\"yoast-schema-graph\">{\"@context\":\"https:\/\/schema.org\",\"@graph\":[{\"@type\":\"WebPage\",\"@id\":\"https:\/\/www.maxima-dia.com\/es\/agentes\/\",\"url\":\"https:\/\/www.maxima-dia.com\/es\/agentes\/\",\"name\":\"Agentes - Maxima SpA\",\"isPartOf\":{\"@id\":\"https:\/\/www.maxima-dia.com\/es\/#website\"},\"datePublished\":\"2022-06-07T08:30:35+00:00\",\"dateModified\":\"2023-02-22T09:05:23+00:00\",\"description\":\"Agentes. Para comprar, obtener informaci\u00f3n o simplemente darnos su opini\u00f3n acerca de nuestros discos de diamante, brocas de diamante o m\u00e1quinas para el corte y extracci\u00f3n de muestras\",\"breadcrumb\":{\"@id\":\"https:\/\/www.maxima-dia.com\/es\/agentes\/#breadcrumb\"},\"inLanguage\":\"es\",\"potentialAction\":[{\"@type\":\"ReadAction\",\"target\":[\"https:\/\/www.maxima-dia.com\/es\/agentes\/\"]}]},{\"@type\":\"BreadcrumbList\",\"@id\":\"https:\/\/www.maxima-dia.com\/es\/agentes\/#breadcrumb\",\"itemListElement\":[{\"@type\":\"ListItem\",\"position\":1,\"name\":\"Home\",\"item\":\"https:\/\/www.maxima-dia.com\/es\/\"},{\"@type\":\"ListItem\",\"position\":2,\"name\":\"Agentes\"}]},{\"@type\":\"WebSite\",\"@id\":\"https:\/\/www.maxima-dia.com\/es\/#website\",\"url\":\"https:\/\/www.maxima-dia.com\/es\/\",\"name\":\"Maxima SpA\",\"description\":\"Only for the real professionals\",\"potentialAction\":[{\"@type\":\"SearchAction\",\"target\":{\"@type\":\"EntryPoint\",\"urlTemplate\":\"https:\/\/www.maxima-dia.com\/es\/?s={search_term_string}\"},\"query-input\":{\"@type\":\"PropertyValueSpecification\",\"valueRequired\":true,\"valueName\":\"search_term_string\"}}],\"inLanguage\":\"es\"}]}<\/script>\n<!-- \/ Yoast SEO plugin. -->","yoast_head_json":{"title":"Agentes - Maxima SpA","description":"Agentes. Para comprar, obtener informaci\u00f3n o simplemente darnos su opini\u00f3n acerca de nuestros discos de diamante, brocas de diamante o m\u00e1quinas para el corte y extracci\u00f3n de muestras","robots":{"index":"index","follow":"follow","max-snippet":"max-snippet:-1","max-image-preview":"max-image-preview:large","max-video-preview":"max-video-preview:-1"},"canonical":"https:\/\/www.maxima-dia.com\/es\/agentes\/","og_locale":"es_ES","og_type":"article","og_title":"Agentes - Maxima SpA","og_description":"Agentes. Para comprar, obtener informaci\u00f3n o simplemente darnos su opini\u00f3n acerca de nuestros discos de diamante, brocas de diamante o m\u00e1quinas para el corte y extracci\u00f3n de muestras","og_url":"https:\/\/www.maxima-dia.com\/es\/agentes\/","og_site_name":"Maxima SpA","article_publisher":"https:\/\/www.facebook.com\/Maxima-spa-106098566139597","article_modified_time":"2023-02-22T09:05:23+00:00","og_image":[{"width":500,"height":500,"url":"https:\/\/www.maxima-dia.com\/wp-content\/uploads\/2022\/03\/MaximaSpA-logo-quadrato.jpg","type":"image\/jpeg"}],"twitter_card":"summary_large_image","twitter_site":"@Maximadia","schema":{"@context":"https:\/\/schema.org","@graph":[{"@type":"WebPage","@id":"https:\/\/www.maxima-dia.com\/es\/agentes\/","url":"https:\/\/www.maxima-dia.com\/es\/agentes\/","name":"Agentes - Maxima SpA","isPartOf":{"@id":"https:\/\/www.maxima-dia.com\/es\/#website"},"datePublished":"2022-06-07T08:30:35+00:00","dateModified":"2023-02-22T09:05:23+00:00","description":"Agentes. Para comprar, obtener informaci\u00f3n o simplemente darnos su opini\u00f3n acerca de nuestros discos de diamante, brocas de diamante o m\u00e1quinas para el corte y extracci\u00f3n de muestras","breadcrumb":{"@id":"https:\/\/www.maxima-dia.com\/es\/agentes\/#breadcrumb"},"inLanguage":"es","potentialAction":[{"@type":"ReadAction","target":["https:\/\/www.maxima-dia.com\/es\/agentes\/"]}]},{"@type":"BreadcrumbList","@id":"https:\/\/www.maxima-dia.com\/es\/agentes\/#breadcrumb","itemListElement":[{"@type":"ListItem","position":1,"name":"Home","item":"https:\/\/www.maxima-dia.com\/es\/"},{"@type":"ListItem","position":2,"name":"Agentes"}]},{"@type":"WebSite","@id":"https:\/\/www.maxima-dia.com\/es\/#website","url":"https:\/\/www.maxima-dia.com\/es\/","name":"Maxima SpA","description":"Only for the real professionals","potentialAction":[{"@type":"SearchAction","target":{"@type":"EntryPoint","urlTemplate":"https:\/\/www.maxima-dia.com\/es\/?s={search_term_string}"},"query-input":{"@type":"PropertyValueSpecification","valueRequired":true,"valueName":"search_term_string"}}],"inLanguage":"es"}]}},"_links":{"self":[{"href":"https:\/\/www.maxima-dia.com\/es\/wp-json\/wp\/v2\/pages\/35087"}],"collection":[{"href":"https:\/\/www.maxima-dia.com\/es\/wp-json\/wp\/v2\/pages"}],"about":[{"href":"https:\/\/www.maxima-dia.com\/es\/wp-json\/wp\/v2\/types\/page"}],"author":[{"embeddable":true,"href":"https:\/\/www.maxima-dia.com\/es\/wp-json\/wp\/v2\/users\/29"}],"replies":[{"embeddable":true,"href":"https:\/\/www.maxima-dia.com\/es\/wp-json\/wp\/v2\/comments?post=35087"}],"version-history":[{"count":1,"href":"https:\/\/www.maxima-dia.com\/es\/wp-json\/wp\/v2\/pages\/35087\/revisions"}],"predecessor-version":[{"id":35125,"href":"https:\/\/www.maxima-dia.com\/es\/wp-json\/wp\/v2\/pages\/35087\/revisions\/35125"}],"wp:attachment":[{"href":"https:\/\/www.maxima-dia.com\/es\/wp-json\/wp\/v2\/media?parent=35087"}],"curies":[{"name":"wp","href":"https:\/\/api.w.org\/{rel}","templated":true}]}}