{"id":37634,"date":"2023-02-17T11:38:40","date_gmt":"2023-02-17T10:38:40","guid":{"rendered":"https:\/\/www.maxima-dia.com\/?page_id=37634"},"modified":"2023-02-17T11:38:40","modified_gmt":"2023-02-17T10:38:40","slug":"genemax-3500-is","status":"publish","type":"page","link":"https:\/\/www.maxima-dia.com\/es\/generadores-electricos-grupos-electrogenos\/genemax-3500-is\/","title":{"rendered":"Genemax 3500 IS"},"content":{"rendered":"<div class=\"wpb-content-wrapper\"><p>[vc_row][vc_column text_align=\u00bbcenter\u00bb width=\u00bb1\/4&#8243;][vc_column_text]<a href=\"https:\/\/www.maxima-dia.com\/wp-content\/uploads\/2023\/02\/GENEMAX-3500is-12-10-2022.jpg\"><img loading=\"lazy\" decoding=\"async\" class=\"alignnone wp-image-37311 size-thumbnail\" src=\"https:\/\/www.maxima-dia.com\/wp-content\/uploads\/2023\/02\/GENEMAX-3500is-12-10-2022-150x150.jpg\" alt=\"\" width=\"150\" height=\"150\" srcset=\"https:\/\/www.maxima-dia.com\/wp-content\/uploads\/2023\/02\/GENEMAX-3500is-12-10-2022-150x150.jpg 150w, https:\/\/www.maxima-dia.com\/wp-content\/uploads\/2023\/02\/GENEMAX-3500is-12-10-2022-300x300.jpg 300w, https:\/\/www.maxima-dia.com\/wp-content\/uploads\/2023\/02\/GENEMAX-3500is-12-10-2022-1024x1024.jpg 1024w, https:\/\/www.maxima-dia.com\/wp-content\/uploads\/2023\/02\/GENEMAX-3500is-12-10-2022-768x768.jpg 768w, https:\/\/www.maxima-dia.com\/wp-content\/uploads\/2023\/02\/GENEMAX-3500is-12-10-2022-80x80.jpg 80w, https:\/\/www.maxima-dia.com\/wp-content\/uploads\/2023\/02\/GENEMAX-3500is-12-10-2022-500x500.jpg 500w, https:\/\/www.maxima-dia.com\/wp-content\/uploads\/2023\/02\/GENEMAX-3500is-12-10-2022-1000x1000.jpg 1000w, https:\/\/www.maxima-dia.com\/wp-content\/uploads\/2023\/02\/GENEMAX-3500is-12-10-2022.jpg 1200w\" sizes=\"(max-width: 150px) 100vw, 150px\" \/><\/a><\/p>\n<p>Certificado CE[\/vc_column_text][vc_column_text css_animation=\u00bbslideInDown\u00bb el_class=\u00bbhidebuybutton\u00bb]<a href=\"https:\/\/www.storemaxima.com\/es\/generadores-electricos-electrogenos\/319-genemax-3500-is.html\" target=\"_blank\" rel=\"noopener\"><img loading=\"lazy\" decoding=\"async\" class=\"alignnone\" title=\"Comprar en www.storemaxima.com\" src=\"https:\/\/www.maxima-dia.com\/wp-content\/uploads\/2019\/12\/pulsante-acquista-storemaxima.com-es.svg\" alt=\"Comprar en www.storemaxima.com\" width=\"180\" height=\"80\"><\/a>[\/vc_column_text][\/vc_column][vc_column width=\u00bb3\/4&#8243;][vc_column_text]<strong>GENEMAX 3500 IS<\/strong>, gracias a un sistema que controla el r\u00e9gimen del motor en funci\u00f3n de la potencia realmente utilizada y, por tanto, de la absorci\u00f3n, permite ahorrar hasta un 30% de gasolina en comparaci\u00f3n con los generadores el\u00e9ctricos convencionales. Completamente silenciado y equipado con un carro para facilitar su transporte, es capaz de suministrar una potencia m\u00e1xima de 3,3 kW y cuenta con un motor monocil\u00edndrico de gasolina de 4 tiempos de 212 cm<sup>3<\/sup>. Gracias a la tecnolog\u00eda con inversor, produce energ\u00eda el\u00e9ctrica a frecuencia y tensi\u00f3n constantes, por lo que es ideal incluso para equipos electr\u00f3nicos sofisticados. Es compacta y pesa solo 45 kg, con protecci\u00f3n contra sobrecarga tanto para CA como para CC y pantalla con piloto e indicador de potencia.<\/p>\n<table class=\"tabellafotocarotaggio\" style=\"width: 100.06%;\">\n<tbody>\n<tr>\n<td style=\"text-align: center; width: 25%;\"><a href=\"https:\/\/www.maxima-dia.com\/wp-content\/uploads\/2023\/02\/GENEMAX-3500is-12-10-2022-fronte.jpg\"><img loading=\"lazy\" decoding=\"async\" class=\"alignnone wp-image-37299 size-thumbnail\" src=\"https:\/\/www.maxima-dia.com\/wp-content\/uploads\/2023\/02\/GENEMAX-3500is-12-10-2022-fronte-150x150.jpg\" alt=\"\" width=\"150\" height=\"150\" srcset=\"https:\/\/www.maxima-dia.com\/wp-content\/uploads\/2023\/02\/GENEMAX-3500is-12-10-2022-fronte-150x150.jpg 150w, https:\/\/www.maxima-dia.com\/wp-content\/uploads\/2023\/02\/GENEMAX-3500is-12-10-2022-fronte-300x300.jpg 300w, https:\/\/www.maxima-dia.com\/wp-content\/uploads\/2023\/02\/GENEMAX-3500is-12-10-2022-fronte-1024x1024.jpg 1024w, https:\/\/www.maxima-dia.com\/wp-content\/uploads\/2023\/02\/GENEMAX-3500is-12-10-2022-fronte-768x768.jpg 768w, https:\/\/www.maxima-dia.com\/wp-content\/uploads\/2023\/02\/GENEMAX-3500is-12-10-2022-fronte-80x80.jpg 80w, https:\/\/www.maxima-dia.com\/wp-content\/uploads\/2023\/02\/GENEMAX-3500is-12-10-2022-fronte-500x500.jpg 500w, https:\/\/www.maxima-dia.com\/wp-content\/uploads\/2023\/02\/GENEMAX-3500is-12-10-2022-fronte-1000x1000.jpg 1000w, https:\/\/www.maxima-dia.com\/wp-content\/uploads\/2023\/02\/GENEMAX-3500is-12-10-2022-fronte.jpg 1200w\" sizes=\"(max-width: 150px) 100vw, 150px\" \/><\/a>&nbsp;<\/td>\n<td style=\"text-align: center; width: 25%;\"><a href=\"https:\/\/www.maxima-dia.com\/wp-content\/uploads\/2023\/02\/GENEMAX-3500IS-BATTERIA-14-11-2022.jpg\"><img loading=\"lazy\" decoding=\"async\" class=\"alignnone wp-image-37317 size-thumbnail\" src=\"https:\/\/www.maxima-dia.com\/wp-content\/uploads\/2023\/02\/GENEMAX-3500IS-BATTERIA-14-11-2022-150x150.jpg\" alt=\"\" width=\"150\" height=\"150\" srcset=\"https:\/\/www.maxima-dia.com\/wp-content\/uploads\/2023\/02\/GENEMAX-3500IS-BATTERIA-14-11-2022-150x150.jpg 150w, https:\/\/www.maxima-dia.com\/wp-content\/uploads\/2023\/02\/GENEMAX-3500IS-BATTERIA-14-11-2022-300x300.jpg 300w, https:\/\/www.maxima-dia.com\/wp-content\/uploads\/2023\/02\/GENEMAX-3500IS-BATTERIA-14-11-2022-1024x1024.jpg 1024w, https:\/\/www.maxima-dia.com\/wp-content\/uploads\/2023\/02\/GENEMAX-3500IS-BATTERIA-14-11-2022-768x768.jpg 768w, https:\/\/www.maxima-dia.com\/wp-content\/uploads\/2023\/02\/GENEMAX-3500IS-BATTERIA-14-11-2022-80x80.jpg 80w, https:\/\/www.maxima-dia.com\/wp-content\/uploads\/2023\/02\/GENEMAX-3500IS-BATTERIA-14-11-2022-500x500.jpg 500w, https:\/\/www.maxima-dia.com\/wp-content\/uploads\/2023\/02\/GENEMAX-3500IS-BATTERIA-14-11-2022-1000x1000.jpg 1000w, https:\/\/www.maxima-dia.com\/wp-content\/uploads\/2023\/02\/GENEMAX-3500IS-BATTERIA-14-11-2022.jpg 1200w\" sizes=\"(max-width: 150px) 100vw, 150px\" \/><\/a><\/td>\n<td style=\"text-align: center; width: 25%;\"><a href=\"https:\/\/www.maxima-dia.com\/wp-content\/uploads\/2023\/02\/GENEMAX-3500IS-COPERCHIO-OLIO-25-11-2022.jpg\"><img loading=\"lazy\" decoding=\"async\" class=\"alignnone wp-image-37323 size-thumbnail\" src=\"https:\/\/www.maxima-dia.com\/wp-content\/uploads\/2023\/02\/GENEMAX-3500IS-COPERCHIO-OLIO-25-11-2022-150x150.jpg\" alt=\"\" width=\"150\" height=\"150\" srcset=\"https:\/\/www.maxima-dia.com\/wp-content\/uploads\/2023\/02\/GENEMAX-3500IS-COPERCHIO-OLIO-25-11-2022-150x150.jpg 150w, https:\/\/www.maxima-dia.com\/wp-content\/uploads\/2023\/02\/GENEMAX-3500IS-COPERCHIO-OLIO-25-11-2022-300x300.jpg 300w, https:\/\/www.maxima-dia.com\/wp-content\/uploads\/2023\/02\/GENEMAX-3500IS-COPERCHIO-OLIO-25-11-2022-1024x1024.jpg 1024w, https:\/\/www.maxima-dia.com\/wp-content\/uploads\/2023\/02\/GENEMAX-3500IS-COPERCHIO-OLIO-25-11-2022-768x768.jpg 768w, https:\/\/www.maxima-dia.com\/wp-content\/uploads\/2023\/02\/GENEMAX-3500IS-COPERCHIO-OLIO-25-11-2022-80x80.jpg 80w, https:\/\/www.maxima-dia.com\/wp-content\/uploads\/2023\/02\/GENEMAX-3500IS-COPERCHIO-OLIO-25-11-2022-500x500.jpg 500w, https:\/\/www.maxima-dia.com\/wp-content\/uploads\/2023\/02\/GENEMAX-3500IS-COPERCHIO-OLIO-25-11-2022-1000x1000.jpg 1000w, https:\/\/www.maxima-dia.com\/wp-content\/uploads\/2023\/02\/GENEMAX-3500IS-COPERCHIO-OLIO-25-11-2022.jpg 1200w\" sizes=\"(max-width: 150px) 100vw, 150px\" \/><\/a>&nbsp;&nbsp;<\/td>\n<td style=\"text-align: center; width: 25%;\"><a href=\"https:\/\/www.maxima-dia.com\/wp-content\/uploads\/2023\/02\/GENEMAX-3500is-12-10-2022-lato-A.jpg\"><img loading=\"lazy\" decoding=\"async\" class=\"alignnone wp-image-37305 size-thumbnail\" src=\"https:\/\/www.maxima-dia.com\/wp-content\/uploads\/2023\/02\/GENEMAX-3500is-12-10-2022-lato-A-150x150.jpg\" alt=\"\" width=\"150\" height=\"150\" srcset=\"https:\/\/www.maxima-dia.com\/wp-content\/uploads\/2023\/02\/GENEMAX-3500is-12-10-2022-lato-A-150x150.jpg 150w, https:\/\/www.maxima-dia.com\/wp-content\/uploads\/2023\/02\/GENEMAX-3500is-12-10-2022-lato-A-300x300.jpg 300w, https:\/\/www.maxima-dia.com\/wp-content\/uploads\/2023\/02\/GENEMAX-3500is-12-10-2022-lato-A-1024x1024.jpg 1024w, https:\/\/www.maxima-dia.com\/wp-content\/uploads\/2023\/02\/GENEMAX-3500is-12-10-2022-lato-A-768x768.jpg 768w, https:\/\/www.maxima-dia.com\/wp-content\/uploads\/2023\/02\/GENEMAX-3500is-12-10-2022-lato-A-80x80.jpg 80w, https:\/\/www.maxima-dia.com\/wp-content\/uploads\/2023\/02\/GENEMAX-3500is-12-10-2022-lato-A-500x500.jpg 500w, https:\/\/www.maxima-dia.com\/wp-content\/uploads\/2023\/02\/GENEMAX-3500is-12-10-2022-lato-A-1000x1000.jpg 1000w, https:\/\/www.maxima-dia.com\/wp-content\/uploads\/2023\/02\/GENEMAX-3500is-12-10-2022-lato-A.jpg 1200w\" sizes=\"(max-width: 150px) 100vw, 150px\" \/><\/a><\/td>\n<\/tr>\n<\/tbody>\n<\/table>\n<p>&nbsp;<\/p>\n<table class=\"tabellatecnica\" style=\"width: 100%; height: 192px;\" border=\"0\" cellspacing=\"0\" cellpadding=\"0\">\n<thead>\n<tr style=\"height: 24px;\">\n<td class=\"testata\" style=\"width: 100%; height: 24px;\" colspan=\"2\">CARACTER\u00cdSTICAS T\u00c9CNICAS<\/td>\n<\/tr>\n<\/thead>\n<tbody>\n<tr style=\"height: 24px;\">\n<td class=\"coltesto1\" style=\"width: 50%; height: 24px;\">Motor (M\u00e1x.): 3,3 kW<\/td>\n<td class=\"coltesto2\" style=\"width: 50%; height: 24px;\">Arranque: el\u00e9ctrico + manual<\/td>\n<\/tr>\n<tr style=\"height: 24px;\">\n<td class=\"coltesto1\" style=\"width: 50%; height: 24px;\">Generado (continuo): 3 kW<\/td>\n<td class=\"coltesto2\" style=\"width: 50%; height: 24px;\">Monof\u00e1sico: 230v<\/td>\n<\/tr>\n<tr style=\"height: 24px;\">\n<td class=\"coltesto1\" style=\"width: 50%; height: 24px;\">Motor\/Potencia del motor: Loncin\/212 cm<sup>3<\/sup><\/td>\n<td class=\"coltesto2\" style=\"width: 50%; height: 24px;\">Inversor\/Avr: s\u00ed<\/td>\n<\/tr>\n<tr style=\"height: 24px;\">\n<td class=\"coltesto2\" style=\"width: 50%; height: 24px;\">Dep\u00f3sito: 10 litros<\/td>\n<td class=\"coltesto2\" style=\"width: 50%; height: 24px;\">Conexi\u00f3n en paralelo: s\u00ed<\/td>\n<\/tr>\n<tr style=\"height: 24px;\">\n<td class=\"coltesto2\" style=\"width: 50%; height: 24px;\">Peso total de la m\u00e1quina: 45 kg<\/td>\n<td class=\"coltesto2\" style=\"width: 50%; height: 24px;\">Silent: s\u00ed<\/td>\n<\/tr>\n<tr style=\"height: 24px;\">\n<td class=\"coltesto2\" style=\"width: 50%; height: 24px;\">Cuadro (tomas): 1 indus. (32A) + 1 schuko (16A) + usb<\/td>\n<td class=\"coltesto2\" style=\"width: 50%; height: 24px;\">Ruido: 65 dB<\/td>\n<\/tr>\n<tr style=\"height: 24px;\">\n<td class=\"coltesto2\" style=\"width: 50%; height: 24px;\">Dimensiones: 678 x 440 x 510 mm<\/td>\n<td class=\"coltesto2\" style=\"width: 50%; height: 24px;\">Combustible: gasolina verde \/ kit de ruedas: 4 ruedas<\/td>\n<\/tr>\n<\/tbody>\n<\/table>\n<p>[\/vc_column_text][\/vc_column][\/vc_row]<\/p>\n<\/div>","protected":false},"excerpt":{"rendered":"<p>[vc_row][vc_column text_align=\u00bbcenter\u00bb width=\u00bb1\/4&#8243;][vc_column_text] Certificado CE[\/vc_column_text][vc_column_text css_animation=\u00bbslideInDown\u00bb el_class=\u00bbhidebuybutton\u00bb][\/vc_column_text][\/vc_column][vc_column width=\u00bb3\/4&#8243;][vc_column_text]GENEMAX 3500 IS, gracias a un sistema que controla el r\u00e9gimen del motor en funci\u00f3n de la potencia realmente utilizada y, por tanto, de la absorci\u00f3n, permite ahorrar hasta un 30% de gasolina en comparaci\u00f3n con los generadores el\u00e9ctricos convencionales. Completamente silenciado y equipado con un carro para facilitar su transporte, es capaz de suministrar una potencia m\u00e1xima de 3,3 kW y cuenta con un motor monocil\u00edndrico de gasolina de 4 tiempos de 212 cm3. Gracias a la tecnolog\u00eda con inversor, produce energ\u00eda el\u00e9ctrica a frecuencia y tensi\u00f3n constantes, por lo que es ideal incluso para equipos electr\u00f3nicos sofisticados. Es compacta y pesa solo 45 kg, con protecci\u00f3n contra sobrecarga tanto para CA como para CC y pantalla con piloto e indicador de potencia. &nbsp; &nbsp;&nbsp; &nbsp; CARACTER\u00cdSTICAS T\u00c9CNICAS Motor (M\u00e1x.): 3,3 kW Arranque: el\u00e9ctrico + manual Generado (continuo): 3 kW Monof\u00e1sico: 230v Motor\/Potencia del motor: Loncin\/212 cm3 Inversor\/Avr: s\u00ed Dep\u00f3sito: 10 litros Conexi\u00f3n en paralelo: s\u00ed Peso total de la m\u00e1quina: 45 kg Silent: s\u00ed Cuadro (tomas): 1 indus. (32A) + 1 schuko (16A) + usb Ruido: 65 dB Dimensiones: 678 x 440 x 510 mm Combustible: gasolina verde \/ kit de [&hellip;]<\/p>\n","protected":false},"author":29,"featured_media":37316,"parent":38563,"menu_order":2,"comment_status":"closed","ping_status":"closed","template":"","meta":{"ngg_post_thumbnail":0,"_joinchat":[],"footnotes":""},"class_list":["post-37634","page","type-page","status-publish","has-post-thumbnail","hentry"],"yoast_head":"<!-- This site is optimized with the Yoast SEO plugin v25.5 - https:\/\/yoast.com\/wordpress\/plugins\/seo\/ -->\n<title>Genemax 3500 IS - Maxima SpA<\/title>\n<meta name=\"description\" content=\"Generadores el\u00e9ctricos convencionales silenciado tecnolog\u00eda con inversor potencia m\u00e1x de 3,3 kW monocil\u00edndrico de gasolina de 4 tiempos\" \/>\n<meta name=\"robots\" content=\"index, follow, max-snippet:-1, max-image-preview:large, max-video-preview:-1\" \/>\n<link rel=\"canonical\" href=\"https:\/\/www.maxima-dia.com\/es\/generadores-electricos-grupos-electrogenos\/genemax-3500-is\/\" \/>\n<meta property=\"og:locale\" content=\"es_ES\" \/>\n<meta property=\"og:type\" content=\"article\" \/>\n<meta property=\"og:title\" content=\"Genemax 3500 IS - Maxima SpA\" \/>\n<meta property=\"og:description\" content=\"Generadores el\u00e9ctricos convencionales silenciado tecnolog\u00eda con inversor potencia m\u00e1x de 3,3 kW monocil\u00edndrico de gasolina de 4 tiempos\" \/>\n<meta property=\"og:url\" content=\"https:\/\/www.maxima-dia.com\/es\/generadores-electricos-grupos-electrogenos\/genemax-3500-is\/\" \/>\n<meta property=\"og:site_name\" content=\"Maxima SpA\" \/>\n<meta property=\"article:publisher\" content=\"https:\/\/www.facebook.com\/Maxima-spa-106098566139597\" \/>\n<meta property=\"og:image\" content=\"https:\/\/www.maxima-dia.com\/wp-content\/uploads\/2023\/02\/GENEMAX-3500is-12-10-2022.jpg\" \/>\n\t<meta property=\"og:image:width\" content=\"1200\" \/>\n\t<meta property=\"og:image:height\" content=\"1200\" \/>\n\t<meta property=\"og:image:type\" content=\"image\/jpeg\" \/>\n<meta name=\"twitter:card\" content=\"summary_large_image\" \/>\n<meta name=\"twitter:site\" content=\"@Maximadia\" \/>\n<meta name=\"twitter:label1\" content=\"Tiempo de lectura\" \/>\n\t<meta name=\"twitter:data1\" content=\"3 minutos\" \/>\n<script type=\"application\/ld+json\" class=\"yoast-schema-graph\">{\"@context\":\"https:\/\/schema.org\",\"@graph\":[{\"@type\":\"WebPage\",\"@id\":\"https:\/\/www.maxima-dia.com\/es\/generadores-electricos-grupos-electrogenos\/genemax-3500-is\/\",\"url\":\"https:\/\/www.maxima-dia.com\/es\/generadores-electricos-grupos-electrogenos\/genemax-3500-is\/\",\"name\":\"Genemax 3500 IS - Maxima SpA\",\"isPartOf\":{\"@id\":\"https:\/\/www.maxima-dia.com\/es\/#website\"},\"primaryImageOfPage\":{\"@id\":\"https:\/\/www.maxima-dia.com\/es\/generadores-electricos-grupos-electrogenos\/genemax-3500-is\/#primaryimage\"},\"image\":{\"@id\":\"https:\/\/www.maxima-dia.com\/es\/generadores-electricos-grupos-electrogenos\/genemax-3500-is\/#primaryimage\"},\"thumbnailUrl\":\"https:\/\/www.maxima-dia.com\/wp-content\/uploads\/2023\/02\/GENEMAX-3500is-12-10-2022.jpg\",\"datePublished\":\"2023-02-17T10:38:40+00:00\",\"description\":\"Generadores el\u00e9ctricos convencionales silenciado tecnolog\u00eda con inversor potencia m\u00e1x de 3,3 kW monocil\u00edndrico de gasolina de 4 tiempos\",\"breadcrumb\":{\"@id\":\"https:\/\/www.maxima-dia.com\/es\/generadores-electricos-grupos-electrogenos\/genemax-3500-is\/#breadcrumb\"},\"inLanguage\":\"es\",\"potentialAction\":[{\"@type\":\"ReadAction\",\"target\":[\"https:\/\/www.maxima-dia.com\/es\/generadores-electricos-grupos-electrogenos\/genemax-3500-is\/\"]}]},{\"@type\":\"ImageObject\",\"inLanguage\":\"es\",\"@id\":\"https:\/\/www.maxima-dia.com\/es\/generadores-electricos-grupos-electrogenos\/genemax-3500-is\/#primaryimage\",\"url\":\"https:\/\/www.maxima-dia.com\/wp-content\/uploads\/2023\/02\/GENEMAX-3500is-12-10-2022.jpg\",\"contentUrl\":\"https:\/\/www.maxima-dia.com\/wp-content\/uploads\/2023\/02\/GENEMAX-3500is-12-10-2022.jpg\",\"width\":1200,\"height\":1200,\"caption\":\"GENEMAX 3500IS\"},{\"@type\":\"BreadcrumbList\",\"@id\":\"https:\/\/www.maxima-dia.com\/es\/generadores-electricos-grupos-electrogenos\/genemax-3500-is\/#breadcrumb\",\"itemListElement\":[{\"@type\":\"ListItem\",\"position\":1,\"name\":\"Home\",\"item\":\"https:\/\/www.maxima-dia.com\/es\/\"},{\"@type\":\"ListItem\",\"position\":2,\"name\":\"Generadores el\u00e9ctricos Grupos electr\u00f3genos\",\"item\":\"https:\/\/www.maxima-dia.com\/es\/generadores-electricos-grupos-electrogenos\/\"},{\"@type\":\"ListItem\",\"position\":3,\"name\":\"Genemax 3500 IS\"}]},{\"@type\":\"WebSite\",\"@id\":\"https:\/\/www.maxima-dia.com\/es\/#website\",\"url\":\"https:\/\/www.maxima-dia.com\/es\/\",\"name\":\"Maxima SpA\",\"description\":\"Only for the real professionals\",\"potentialAction\":[{\"@type\":\"SearchAction\",\"target\":{\"@type\":\"EntryPoint\",\"urlTemplate\":\"https:\/\/www.maxima-dia.com\/es\/?s={search_term_string}\"},\"query-input\":{\"@type\":\"PropertyValueSpecification\",\"valueRequired\":true,\"valueName\":\"search_term_string\"}}],\"inLanguage\":\"es\"}]}<\/script>\n<!-- \/ Yoast SEO plugin. -->","yoast_head_json":{"title":"Genemax 3500 IS - Maxima SpA","description":"Generadores el\u00e9ctricos convencionales silenciado tecnolog\u00eda con inversor potencia m\u00e1x de 3,3 kW monocil\u00edndrico de gasolina de 4 tiempos","robots":{"index":"index","follow":"follow","max-snippet":"max-snippet:-1","max-image-preview":"max-image-preview:large","max-video-preview":"max-video-preview:-1"},"canonical":"https:\/\/www.maxima-dia.com\/es\/generadores-electricos-grupos-electrogenos\/genemax-3500-is\/","og_locale":"es_ES","og_type":"article","og_title":"Genemax 3500 IS - Maxima SpA","og_description":"Generadores el\u00e9ctricos convencionales silenciado tecnolog\u00eda con inversor potencia m\u00e1x de 3,3 kW monocil\u00edndrico de gasolina de 4 tiempos","og_url":"https:\/\/www.maxima-dia.com\/es\/generadores-electricos-grupos-electrogenos\/genemax-3500-is\/","og_site_name":"Maxima SpA","article_publisher":"https:\/\/www.facebook.com\/Maxima-spa-106098566139597","og_image":[{"width":1200,"height":1200,"url":"https:\/\/www.maxima-dia.com\/wp-content\/uploads\/2023\/02\/GENEMAX-3500is-12-10-2022.jpg","type":"image\/jpeg"}],"twitter_card":"summary_large_image","twitter_site":"@Maximadia","twitter_misc":{"Tiempo de lectura":"3 minutos"},"schema":{"@context":"https:\/\/schema.org","@graph":[{"@type":"WebPage","@id":"https:\/\/www.maxima-dia.com\/es\/generadores-electricos-grupos-electrogenos\/genemax-3500-is\/","url":"https:\/\/www.maxima-dia.com\/es\/generadores-electricos-grupos-electrogenos\/genemax-3500-is\/","name":"Genemax 3500 IS - Maxima SpA","isPartOf":{"@id":"https:\/\/www.maxima-dia.com\/es\/#website"},"primaryImageOfPage":{"@id":"https:\/\/www.maxima-dia.com\/es\/generadores-electricos-grupos-electrogenos\/genemax-3500-is\/#primaryimage"},"image":{"@id":"https:\/\/www.maxima-dia.com\/es\/generadores-electricos-grupos-electrogenos\/genemax-3500-is\/#primaryimage"},"thumbnailUrl":"https:\/\/www.maxima-dia.com\/wp-content\/uploads\/2023\/02\/GENEMAX-3500is-12-10-2022.jpg","datePublished":"2023-02-17T10:38:40+00:00","description":"Generadores el\u00e9ctricos convencionales silenciado tecnolog\u00eda con inversor potencia m\u00e1x de 3,3 kW monocil\u00edndrico de gasolina de 4 tiempos","breadcrumb":{"@id":"https:\/\/www.maxima-dia.com\/es\/generadores-electricos-grupos-electrogenos\/genemax-3500-is\/#breadcrumb"},"inLanguage":"es","potentialAction":[{"@type":"ReadAction","target":["https:\/\/www.maxima-dia.com\/es\/generadores-electricos-grupos-electrogenos\/genemax-3500-is\/"]}]},{"@type":"ImageObject","inLanguage":"es","@id":"https:\/\/www.maxima-dia.com\/es\/generadores-electricos-grupos-electrogenos\/genemax-3500-is\/#primaryimage","url":"https:\/\/www.maxima-dia.com\/wp-content\/uploads\/2023\/02\/GENEMAX-3500is-12-10-2022.jpg","contentUrl":"https:\/\/www.maxima-dia.com\/wp-content\/uploads\/2023\/02\/GENEMAX-3500is-12-10-2022.jpg","width":1200,"height":1200,"caption":"GENEMAX 3500IS"},{"@type":"BreadcrumbList","@id":"https:\/\/www.maxima-dia.com\/es\/generadores-electricos-grupos-electrogenos\/genemax-3500-is\/#breadcrumb","itemListElement":[{"@type":"ListItem","position":1,"name":"Home","item":"https:\/\/www.maxima-dia.com\/es\/"},{"@type":"ListItem","position":2,"name":"Generadores el\u00e9ctricos Grupos electr\u00f3genos","item":"https:\/\/www.maxima-dia.com\/es\/generadores-electricos-grupos-electrogenos\/"},{"@type":"ListItem","position":3,"name":"Genemax 3500 IS"}]},{"@type":"WebSite","@id":"https:\/\/www.maxima-dia.com\/es\/#website","url":"https:\/\/www.maxima-dia.com\/es\/","name":"Maxima SpA","description":"Only for the real professionals","potentialAction":[{"@type":"SearchAction","target":{"@type":"EntryPoint","urlTemplate":"https:\/\/www.maxima-dia.com\/es\/?s={search_term_string}"},"query-input":{"@type":"PropertyValueSpecification","valueRequired":true,"valueName":"search_term_string"}}],"inLanguage":"es"}]}},"_links":{"self":[{"href":"https:\/\/www.maxima-dia.com\/es\/wp-json\/wp\/v2\/pages\/37634"}],"collection":[{"href":"https:\/\/www.maxima-dia.com\/es\/wp-json\/wp\/v2\/pages"}],"about":[{"href":"https:\/\/www.maxima-dia.com\/es\/wp-json\/wp\/v2\/types\/page"}],"author":[{"embeddable":true,"href":"https:\/\/www.maxima-dia.com\/es\/wp-json\/wp\/v2\/users\/29"}],"replies":[{"embeddable":true,"href":"https:\/\/www.maxima-dia.com\/es\/wp-json\/wp\/v2\/comments?post=37634"}],"version-history":[{"count":2,"href":"https:\/\/www.maxima-dia.com\/es\/wp-json\/wp\/v2\/pages\/37634\/revisions"}],"predecessor-version":[{"id":38574,"href":"https:\/\/www.maxima-dia.com\/es\/wp-json\/wp\/v2\/pages\/37634\/revisions\/38574"}],"up":[{"embeddable":true,"href":"https:\/\/www.maxima-dia.com\/es\/wp-json\/wp\/v2\/pages\/38563"}],"wp:featuredmedia":[{"embeddable":true,"href":"https:\/\/www.maxima-dia.com\/es\/wp-json\/wp\/v2\/media\/37316"}],"wp:attachment":[{"href":"https:\/\/www.maxima-dia.com\/es\/wp-json\/wp\/v2\/media?parent=37634"}],"curies":[{"name":"wp","href":"https:\/\/api.w.org\/{rel}","templated":true}]}}