{"id":37679,"date":"2023-02-21T09:18:01","date_gmt":"2023-02-21T08:18:01","guid":{"rendered":"https:\/\/www.maxima-dia.com\/?page_id=37679"},"modified":"2024-09-03T10:32:38","modified_gmt":"2024-09-03T08:32:38","slug":"caromax-2000-asp","status":"publish","type":"page","link":"https:\/\/www.maxima-dia.com\/es\/maquinas-de-perforacion-para-la-construccion\/caromax-2000-asp\/","title":{"rendered":"Caromax 2000 ASP"},"content":{"rendered":"<div class=\"wpb-content-wrapper\"><p>[vc_row][vc_column text_align=\u00bbcenter\u00bb width=\u00bb1\/4&#8243;][vc_column_text]<a href=\"https:\/\/www.maxima-dia.com\/wp-content\/uploads\/2023\/02\/CAROMAX-2000-ASP.jpg\"><img loading=\"lazy\" decoding=\"async\" class=\"alignnone wp-image-37727 size-thumbnail\" src=\"https:\/\/www.maxima-dia.com\/wp-content\/uploads\/2023\/02\/CAROMAX-2000-ASP-150x150.jpg\" alt=\"\" width=\"150\" height=\"150\" srcset=\"https:\/\/www.maxima-dia.com\/wp-content\/uploads\/2023\/02\/CAROMAX-2000-ASP-150x150.jpg 150w, https:\/\/www.maxima-dia.com\/wp-content\/uploads\/2023\/02\/CAROMAX-2000-ASP-300x300.jpg 300w, https:\/\/www.maxima-dia.com\/wp-content\/uploads\/2023\/02\/CAROMAX-2000-ASP-1024x1024.jpg 1024w, https:\/\/www.maxima-dia.com\/wp-content\/uploads\/2023\/02\/CAROMAX-2000-ASP-768x768.jpg 768w, https:\/\/www.maxima-dia.com\/wp-content\/uploads\/2023\/02\/CAROMAX-2000-ASP-80x80.jpg 80w, https:\/\/www.maxima-dia.com\/wp-content\/uploads\/2023\/02\/CAROMAX-2000-ASP-500x500.jpg 500w, https:\/\/www.maxima-dia.com\/wp-content\/uploads\/2023\/02\/CAROMAX-2000-ASP-1000x1000.jpg 1000w, https:\/\/www.maxima-dia.com\/wp-content\/uploads\/2023\/02\/CAROMAX-2000-ASP.jpg 1200w\" sizes=\"(max-width: 150px) 100vw, 150px\" \/><\/a><\/p>\n<p>made in EU&nbsp;<img loading=\"lazy\" decoding=\"async\" src=\"\/wp-content\/uploads\/2013\/11\/eu.png\" alt=\"eu\" width=\"24\" height=\"16\"> &#8211; Certificado CE[\/vc_column_text][vc_column_text css_animation=\u00bbslideInDown\u00bb el_class=\u00bbhidebuybutton\u00bb]<a href=\"https:\/\/www.storemaxima.com\/es\/maquinas-de-perforacion-para-la-construccion\/322-caromax-2000-asp.html\" target=\"_blank\" rel=\"noopener\"><img loading=\"lazy\" decoding=\"async\" class=\"alignnone\" title=\"Comprar en www.storemaxima.com\" src=\"https:\/\/www.maxima-dia.com\/wp-content\/uploads\/2019\/12\/pulsante-acquista-storemaxima.com-es.svg\" alt=\"Comprar en www.storemaxima.com\" width=\"180\" height=\"80\"><\/a>[\/vc_column_text][\/vc_column][vc_column width=\u00bb3\/4&#8243;][vc_column_text]<strong>CAROMAX 2000 ASP<\/strong> es la perforadora en seco m\u00e1s potente de la gama Maxima, ideal para la perforaci\u00f3n de orificios pasantes en hormig\u00f3n, mamposter\u00eda y piedra, aberturas de ventilaci\u00f3n, perforaci\u00f3n continua de orificios pasantes en sistemas hidr\u00e1ulicos y aire acondicionado, y todos los casos en los que se trabaja en zonas sensibles en las que el uso de agua no est\u00e1 permitido, o no es apropiado, gracias a su eficaz sistema de extracci\u00f3n de polvo.<br \/>\nEl embrague electr\u00f3nico garantiza un trabajo extremadamente seguro para el usuario y la protecci\u00f3n del motor.<br \/>\nEl cambio de dos velocidades, junto con la excepcional eficiencia del motor y la transmisi\u00f3n, permite un rendimiento de perforaci\u00f3n excepcional. La micropercusi\u00f3n apoya el potente motor y acelera el avance del trabajo. Para uso manual o en columna, recomendamos las brocas Maxima para obtener resultados \u00f3ptimos en poco tiempo.<\/p>\n<table class=\"tabellafotocarotaggio\" style=\"width: 100%;\">\n<tbody>\n<tr>\n<td style=\"text-align: center;\"><a href=\"https:\/\/www.maxima-dia.com\/wp-content\/uploads\/2023\/02\/CAROMAX-2000-ASP-ALTO-SENZA-FORETTO-30-11-2022.jpg\"><img loading=\"lazy\" decoding=\"async\" class=\"alignnone wp-image-37365 size-thumbnail\" src=\"https:\/\/www.maxima-dia.com\/wp-content\/uploads\/2023\/02\/CAROMAX-2000-ASP-ALTO-SENZA-FORETTO-30-11-2022-150x150.jpg\" alt=\"\" width=\"150\" height=\"150\" srcset=\"https:\/\/www.maxima-dia.com\/wp-content\/uploads\/2023\/02\/CAROMAX-2000-ASP-ALTO-SENZA-FORETTO-30-11-2022-150x150.jpg 150w, https:\/\/www.maxima-dia.com\/wp-content\/uploads\/2023\/02\/CAROMAX-2000-ASP-ALTO-SENZA-FORETTO-30-11-2022-300x300.jpg 300w, https:\/\/www.maxima-dia.com\/wp-content\/uploads\/2023\/02\/CAROMAX-2000-ASP-ALTO-SENZA-FORETTO-30-11-2022-1024x1024.jpg 1024w, https:\/\/www.maxima-dia.com\/wp-content\/uploads\/2023\/02\/CAROMAX-2000-ASP-ALTO-SENZA-FORETTO-30-11-2022-768x768.jpg 768w, https:\/\/www.maxima-dia.com\/wp-content\/uploads\/2023\/02\/CAROMAX-2000-ASP-ALTO-SENZA-FORETTO-30-11-2022-80x80.jpg 80w, https:\/\/www.maxima-dia.com\/wp-content\/uploads\/2023\/02\/CAROMAX-2000-ASP-ALTO-SENZA-FORETTO-30-11-2022-500x500.jpg 500w, https:\/\/www.maxima-dia.com\/wp-content\/uploads\/2023\/02\/CAROMAX-2000-ASP-ALTO-SENZA-FORETTO-30-11-2022-1000x1000.jpg 1000w, https:\/\/www.maxima-dia.com\/wp-content\/uploads\/2023\/02\/CAROMAX-2000-ASP-ALTO-SENZA-FORETTO-30-11-2022.jpg 1200w\" sizes=\"(max-width: 150px) 100vw, 150px\" \/><\/a><\/td>\n<td style=\"text-align: center;\"><a href=\"https:\/\/www.maxima-dia.com\/wp-content\/uploads\/2023\/02\/CAROMAX-2000-ASP-LATO-SINISTRO-SENZA-IMPUGNATURA-30-11-2022.jpg\"><img loading=\"lazy\" decoding=\"async\" class=\"alignnone wp-image-37383 size-thumbnail\" src=\"https:\/\/www.maxima-dia.com\/wp-content\/uploads\/2023\/02\/CAROMAX-2000-ASP-LATO-SINISTRO-SENZA-IMPUGNATURA-30-11-2022-150x150.jpg\" alt=\"\" width=\"150\" height=\"150\" srcset=\"https:\/\/www.maxima-dia.com\/wp-content\/uploads\/2023\/02\/CAROMAX-2000-ASP-LATO-SINISTRO-SENZA-IMPUGNATURA-30-11-2022-150x150.jpg 150w, https:\/\/www.maxima-dia.com\/wp-content\/uploads\/2023\/02\/CAROMAX-2000-ASP-LATO-SINISTRO-SENZA-IMPUGNATURA-30-11-2022-300x300.jpg 300w, https:\/\/www.maxima-dia.com\/wp-content\/uploads\/2023\/02\/CAROMAX-2000-ASP-LATO-SINISTRO-SENZA-IMPUGNATURA-30-11-2022-1024x1024.jpg 1024w, https:\/\/www.maxima-dia.com\/wp-content\/uploads\/2023\/02\/CAROMAX-2000-ASP-LATO-SINISTRO-SENZA-IMPUGNATURA-30-11-2022-768x768.jpg 768w, https:\/\/www.maxima-dia.com\/wp-content\/uploads\/2023\/02\/CAROMAX-2000-ASP-LATO-SINISTRO-SENZA-IMPUGNATURA-30-11-2022-80x80.jpg 80w, https:\/\/www.maxima-dia.com\/wp-content\/uploads\/2023\/02\/CAROMAX-2000-ASP-LATO-SINISTRO-SENZA-IMPUGNATURA-30-11-2022-500x500.jpg 500w, https:\/\/www.maxima-dia.com\/wp-content\/uploads\/2023\/02\/CAROMAX-2000-ASP-LATO-SINISTRO-SENZA-IMPUGNATURA-30-11-2022-1000x1000.jpg 1000w, https:\/\/www.maxima-dia.com\/wp-content\/uploads\/2023\/02\/CAROMAX-2000-ASP-LATO-SINISTRO-SENZA-IMPUGNATURA-30-11-2022.jpg 1200w\" sizes=\"(max-width: 150px) 100vw, 150px\" \/><\/a><\/td>\n<td style=\"text-align: center;\"><a href=\"https:\/\/www.maxima-dia.com\/wp-content\/uploads\/2023\/02\/CAROMAX-2000-ASP-LATO-SINISTRO-CON-IMPUGNATURA-30-11-2022.jpg\"><img loading=\"lazy\" decoding=\"async\" class=\"alignnone wp-image-37377 size-thumbnail\" src=\"https:\/\/www.maxima-dia.com\/wp-content\/uploads\/2023\/02\/CAROMAX-2000-ASP-LATO-SINISTRO-CON-IMPUGNATURA-30-11-2022-150x150.jpg\" alt=\"\" width=\"150\" height=\"150\" srcset=\"https:\/\/www.maxima-dia.com\/wp-content\/uploads\/2023\/02\/CAROMAX-2000-ASP-LATO-SINISTRO-CON-IMPUGNATURA-30-11-2022-150x150.jpg 150w, https:\/\/www.maxima-dia.com\/wp-content\/uploads\/2023\/02\/CAROMAX-2000-ASP-LATO-SINISTRO-CON-IMPUGNATURA-30-11-2022-300x300.jpg 300w, https:\/\/www.maxima-dia.com\/wp-content\/uploads\/2023\/02\/CAROMAX-2000-ASP-LATO-SINISTRO-CON-IMPUGNATURA-30-11-2022-1024x1024.jpg 1024w, https:\/\/www.maxima-dia.com\/wp-content\/uploads\/2023\/02\/CAROMAX-2000-ASP-LATO-SINISTRO-CON-IMPUGNATURA-30-11-2022-768x768.jpg 768w, https:\/\/www.maxima-dia.com\/wp-content\/uploads\/2023\/02\/CAROMAX-2000-ASP-LATO-SINISTRO-CON-IMPUGNATURA-30-11-2022-80x80.jpg 80w, https:\/\/www.maxima-dia.com\/wp-content\/uploads\/2023\/02\/CAROMAX-2000-ASP-LATO-SINISTRO-CON-IMPUGNATURA-30-11-2022-500x500.jpg 500w, https:\/\/www.maxima-dia.com\/wp-content\/uploads\/2023\/02\/CAROMAX-2000-ASP-LATO-SINISTRO-CON-IMPUGNATURA-30-11-2022-1000x1000.jpg 1000w, https:\/\/www.maxima-dia.com\/wp-content\/uploads\/2023\/02\/CAROMAX-2000-ASP-LATO-SINISTRO-CON-IMPUGNATURA-30-11-2022.jpg 1200w\" sizes=\"(max-width: 150px) 100vw, 150px\" \/><\/a>&nbsp;<\/td>\n<td style=\"text-align: center;\"><a href=\"https:\/\/www.maxima-dia.com\/wp-content\/uploads\/2023\/02\/CAROMAX-2000-ASP-PARTICOLARE-IMPUGNATURA-03-05-12-2022.jpg\"><img loading=\"lazy\" decoding=\"async\" class=\"alignnone wp-image-37389 size-thumbnail\" src=\"https:\/\/www.maxima-dia.com\/wp-content\/uploads\/2023\/02\/CAROMAX-2000-ASP-PARTICOLARE-IMPUGNATURA-03-05-12-2022-150x150.jpg\" alt=\"\" width=\"150\" height=\"150\" srcset=\"https:\/\/www.maxima-dia.com\/wp-content\/uploads\/2023\/02\/CAROMAX-2000-ASP-PARTICOLARE-IMPUGNATURA-03-05-12-2022-150x150.jpg 150w, https:\/\/www.maxima-dia.com\/wp-content\/uploads\/2023\/02\/CAROMAX-2000-ASP-PARTICOLARE-IMPUGNATURA-03-05-12-2022-300x300.jpg 300w, https:\/\/www.maxima-dia.com\/wp-content\/uploads\/2023\/02\/CAROMAX-2000-ASP-PARTICOLARE-IMPUGNATURA-03-05-12-2022-1024x1024.jpg 1024w, https:\/\/www.maxima-dia.com\/wp-content\/uploads\/2023\/02\/CAROMAX-2000-ASP-PARTICOLARE-IMPUGNATURA-03-05-12-2022-768x768.jpg 768w, https:\/\/www.maxima-dia.com\/wp-content\/uploads\/2023\/02\/CAROMAX-2000-ASP-PARTICOLARE-IMPUGNATURA-03-05-12-2022-80x80.jpg 80w, https:\/\/www.maxima-dia.com\/wp-content\/uploads\/2023\/02\/CAROMAX-2000-ASP-PARTICOLARE-IMPUGNATURA-03-05-12-2022-500x500.jpg 500w, https:\/\/www.maxima-dia.com\/wp-content\/uploads\/2023\/02\/CAROMAX-2000-ASP-PARTICOLARE-IMPUGNATURA-03-05-12-2022-1000x1000.jpg 1000w, https:\/\/www.maxima-dia.com\/wp-content\/uploads\/2023\/02\/CAROMAX-2000-ASP-PARTICOLARE-IMPUGNATURA-03-05-12-2022.jpg 1200w\" sizes=\"(max-width: 150px) 100vw, 150px\" \/><\/a>&nbsp;<\/td>\n<td style=\"text-align: center;\"><a href=\"https:\/\/www.maxima-dia.com\/wp-content\/uploads\/2023\/02\/CAROMAX-2000-ASP-IMPUGNATURE.jpg\"><img loading=\"lazy\" decoding=\"async\" class=\"alignnone wp-image-37371 size-thumbnail\" src=\"https:\/\/www.maxima-dia.com\/wp-content\/uploads\/2023\/02\/CAROMAX-2000-ASP-IMPUGNATURE-150x150.jpg\" alt=\"\" width=\"150\" height=\"150\" srcset=\"https:\/\/www.maxima-dia.com\/wp-content\/uploads\/2023\/02\/CAROMAX-2000-ASP-IMPUGNATURE-150x150.jpg 150w, https:\/\/www.maxima-dia.com\/wp-content\/uploads\/2023\/02\/CAROMAX-2000-ASP-IMPUGNATURE-300x300.jpg 300w, https:\/\/www.maxima-dia.com\/wp-content\/uploads\/2023\/02\/CAROMAX-2000-ASP-IMPUGNATURE-1024x1024.jpg 1024w, https:\/\/www.maxima-dia.com\/wp-content\/uploads\/2023\/02\/CAROMAX-2000-ASP-IMPUGNATURE-768x768.jpg 768w, https:\/\/www.maxima-dia.com\/wp-content\/uploads\/2023\/02\/CAROMAX-2000-ASP-IMPUGNATURE-80x80.jpg 80w, https:\/\/www.maxima-dia.com\/wp-content\/uploads\/2023\/02\/CAROMAX-2000-ASP-IMPUGNATURE-500x500.jpg 500w, https:\/\/www.maxima-dia.com\/wp-content\/uploads\/2023\/02\/CAROMAX-2000-ASP-IMPUGNATURE-1000x1000.jpg 1000w, https:\/\/www.maxima-dia.com\/wp-content\/uploads\/2023\/02\/CAROMAX-2000-ASP-IMPUGNATURE.jpg 1200w\" sizes=\"(max-width: 150px) 100vw, 150px\" \/><\/a><\/td>\n<\/tr>\n<\/tbody>\n<\/table>\n<p>&nbsp;<\/p>\n<table class=\"tabellatecnica\" border=\"0\" cellspacing=\"0\" cellpadding=\"0\">\n<thead>\n<tr>\n<td class=\"testata\" colspan=\"2\">CARACTER\u00cdSTICAS T\u00c9CNICAS<\/td>\n<\/tr>\n<\/thead>\n<tbody>\n<tr>\n<td class=\"coltesto1\">Potencia del motor: 2000 W<\/td>\n<td class=\"coltesto2\">Di\u00e1metros: 30-162mm manual \/ 30-250mm en columna<\/td>\n<\/tr>\n<tr>\n<td class=\"coltesto1\">Monof\u00e1sico: 230 V<\/td>\n<td class=\"coltesto2\">Peso total de la m\u00e1quina: 6,2 kg<\/td>\n<\/tr>\n<tr>\n<td class=\"coltesto1\">Amperaje: 9,3 amperios<\/td>\n<td class=\"coltesto2\">Embrague electr\u00f3nico: s\u00ed<\/td>\n<\/tr>\n<tr>\n<td class=\"coltesto1\">Regulaci\u00f3n de revoluciones: 2 velocidades<\/td>\n<td class=\"coltesto2\">Protecci\u00f3n del motor: \u00abintellitronic\u00bb<\/td>\n<\/tr>\n<tr>\n<td class=\"coltesto1\">Revoluciones en vac\u00edo: 900\/2000<\/td>\n<td class=\"coltesto2\">Micropercusi\u00f3n golpes: 34.000<\/td>\n<\/tr>\n<tr>\n<td class=\"coltesto1\">Revoluciones bajo carga: 540\/1200<\/td>\n<td class=\"coltesto2\">Micropercusi\u00f3n: 0,1 Joule<\/td>\n<\/tr>\n<tr>\n<td class=\"coltesto1\">Conexi\u00f3n: 1\/2 gas y 1\u201d1\/4<\/td>\n<td class=\"coltesto2\">&nbsp;<\/td>\n<\/tr>\n<\/tbody>\n<\/table>\n<p>[\/vc_column_text][\/vc_column][\/vc_row]<\/p>\n<\/div>","protected":false},"excerpt":{"rendered":"<p>[vc_row][vc_column text_align=\u00bbcenter\u00bb width=\u00bb1\/4&#8243;][vc_column_text] made in EU&nbsp; &#8211; Certificado CE[\/vc_column_text][vc_column_text css_animation=\u00bbslideInDown\u00bb el_class=\u00bbhidebuybutton\u00bb][\/vc_column_text][\/vc_column][vc_column width=\u00bb3\/4&#8243;][vc_column_text]CAROMAX 2000 ASP es la perforadora en seco m\u00e1s potente de la gama Maxima, ideal para la perforaci\u00f3n de orificios pasantes en hormig\u00f3n, mamposter\u00eda y piedra, aberturas de ventilaci\u00f3n, perforaci\u00f3n continua de orificios pasantes en sistemas hidr\u00e1ulicos y aire acondicionado, y todos los casos en los que se trabaja en zonas sensibles en las que el uso de agua no est\u00e1 permitido, o no es apropiado, gracias a su eficaz sistema de extracci\u00f3n de polvo. El embrague electr\u00f3nico garantiza un trabajo extremadamente seguro para el usuario y la protecci\u00f3n del motor. El cambio de dos velocidades, junto con la excepcional eficiencia del motor y la transmisi\u00f3n, permite un rendimiento de perforaci\u00f3n excepcional. La micropercusi\u00f3n apoya el potente motor y acelera el avance del trabajo. Para uso manual o en columna, recomendamos las brocas Maxima para obtener resultados \u00f3ptimos en poco tiempo. &nbsp; &nbsp; &nbsp; CARACTER\u00cdSTICAS T\u00c9CNICAS Potencia del motor: 2000 W Di\u00e1metros: 30-162mm manual \/ 30-250mm en columna Monof\u00e1sico: 230 V Peso total de la m\u00e1quina: 6,2 kg Amperaje: 9,3 amperios Embrague electr\u00f3nico: s\u00ed Regulaci\u00f3n de revoluciones: 2 velocidades Protecci\u00f3n del motor: \u00abintellitronic\u00bb Revoluciones en vac\u00edo: 900\/2000 Micropercusi\u00f3n golpes: [&hellip;]<\/p>\n","protected":false},"author":29,"featured_media":37732,"parent":12467,"menu_order":7,"comment_status":"closed","ping_status":"closed","template":"","meta":{"ngg_post_thumbnail":0,"_joinchat":[],"footnotes":""},"class_list":["post-37679","page","type-page","status-publish","has-post-thumbnail","hentry"],"yoast_head":"<!-- This site is optimized with the Yoast SEO plugin v25.5 - https:\/\/yoast.com\/wordpress\/plugins\/seo\/ -->\n<title>Caromax 2000 ASP - Maxima SpA<\/title>\n<meta name=\"description\" content=\"Perforadora en seco m\u00e1s potente para perforaci\u00f3n en hormig\u00f3n mamposter\u00eda y piedra aberturas de ventilaci\u00f3n sistemas hidr\u00e1ulicos aire acondicionado\" \/>\n<meta name=\"robots\" content=\"index, follow, max-snippet:-1, max-image-preview:large, max-video-preview:-1\" \/>\n<link rel=\"canonical\" href=\"https:\/\/www.maxima-dia.com\/es\/maquinas-de-perforacion-para-la-construccion\/caromax-2000-asp\/\" \/>\n<meta property=\"og:locale\" content=\"es_ES\" \/>\n<meta property=\"og:type\" content=\"article\" \/>\n<meta property=\"og:title\" content=\"Caromax 2000 ASP - Maxima SpA\" \/>\n<meta property=\"og:description\" content=\"Perforadora en seco m\u00e1s potente para perforaci\u00f3n en hormig\u00f3n mamposter\u00eda y piedra aberturas de ventilaci\u00f3n sistemas hidr\u00e1ulicos aire acondicionado\" \/>\n<meta property=\"og:url\" content=\"https:\/\/www.maxima-dia.com\/es\/maquinas-de-perforacion-para-la-construccion\/caromax-2000-asp\/\" \/>\n<meta property=\"og:site_name\" content=\"Maxima SpA\" \/>\n<meta property=\"article:publisher\" content=\"https:\/\/www.facebook.com\/Maxima-spa-106098566139597\" \/>\n<meta property=\"article:modified_time\" content=\"2024-09-03T08:32:38+00:00\" \/>\n<meta property=\"og:image\" content=\"https:\/\/www.maxima-dia.com\/wp-content\/uploads\/2023\/02\/CAROMAX-2000-ASP.jpg\" \/>\n\t<meta property=\"og:image:width\" content=\"1200\" \/>\n\t<meta property=\"og:image:height\" content=\"1200\" \/>\n\t<meta property=\"og:image:type\" content=\"image\/jpeg\" \/>\n<meta name=\"twitter:card\" content=\"summary_large_image\" \/>\n<meta name=\"twitter:site\" content=\"@Maximadia\" \/>\n<meta name=\"twitter:label1\" content=\"Tiempo de lectura\" \/>\n\t<meta name=\"twitter:data1\" content=\"3 minutos\" \/>\n<script type=\"application\/ld+json\" class=\"yoast-schema-graph\">{\"@context\":\"https:\/\/schema.org\",\"@graph\":[{\"@type\":\"WebPage\",\"@id\":\"https:\/\/www.maxima-dia.com\/es\/maquinas-de-perforacion-para-la-construccion\/caromax-2000-asp\/\",\"url\":\"https:\/\/www.maxima-dia.com\/es\/maquinas-de-perforacion-para-la-construccion\/caromax-2000-asp\/\",\"name\":\"Caromax 2000 ASP - Maxima SpA\",\"isPartOf\":{\"@id\":\"https:\/\/www.maxima-dia.com\/es\/#website\"},\"primaryImageOfPage\":{\"@id\":\"https:\/\/www.maxima-dia.com\/es\/maquinas-de-perforacion-para-la-construccion\/caromax-2000-asp\/#primaryimage\"},\"image\":{\"@id\":\"https:\/\/www.maxima-dia.com\/es\/maquinas-de-perforacion-para-la-construccion\/caromax-2000-asp\/#primaryimage\"},\"thumbnailUrl\":\"https:\/\/www.maxima-dia.com\/wp-content\/uploads\/2023\/02\/CAROMAX-2000-ASP.jpg\",\"datePublished\":\"2023-02-21T08:18:01+00:00\",\"dateModified\":\"2024-09-03T08:32:38+00:00\",\"description\":\"Perforadora en seco m\u00e1s potente para perforaci\u00f3n en hormig\u00f3n mamposter\u00eda y piedra aberturas de ventilaci\u00f3n sistemas hidr\u00e1ulicos aire acondicionado\",\"breadcrumb\":{\"@id\":\"https:\/\/www.maxima-dia.com\/es\/maquinas-de-perforacion-para-la-construccion\/caromax-2000-asp\/#breadcrumb\"},\"inLanguage\":\"es\",\"potentialAction\":[{\"@type\":\"ReadAction\",\"target\":[\"https:\/\/www.maxima-dia.com\/es\/maquinas-de-perforacion-para-la-construccion\/caromax-2000-asp\/\"]}]},{\"@type\":\"ImageObject\",\"inLanguage\":\"es\",\"@id\":\"https:\/\/www.maxima-dia.com\/es\/maquinas-de-perforacion-para-la-construccion\/caromax-2000-asp\/#primaryimage\",\"url\":\"https:\/\/www.maxima-dia.com\/wp-content\/uploads\/2023\/02\/CAROMAX-2000-ASP.jpg\",\"contentUrl\":\"https:\/\/www.maxima-dia.com\/wp-content\/uploads\/2023\/02\/CAROMAX-2000-ASP.jpg\",\"width\":1200,\"height\":1200},{\"@type\":\"BreadcrumbList\",\"@id\":\"https:\/\/www.maxima-dia.com\/es\/maquinas-de-perforacion-para-la-construccion\/caromax-2000-asp\/#breadcrumb\",\"itemListElement\":[{\"@type\":\"ListItem\",\"position\":1,\"name\":\"Home\",\"item\":\"https:\/\/www.maxima-dia.com\/es\/\"},{\"@type\":\"ListItem\",\"position\":2,\"name\":\"M\u00e1quinas de Perforaci\u00f3n para la Construcci\u00f3n\",\"item\":\"https:\/\/www.maxima-dia.com\/es\/maquinas-de-perforacion-para-la-construccion\/\"},{\"@type\":\"ListItem\",\"position\":3,\"name\":\"Caromax 2000 ASP\"}]},{\"@type\":\"WebSite\",\"@id\":\"https:\/\/www.maxima-dia.com\/es\/#website\",\"url\":\"https:\/\/www.maxima-dia.com\/es\/\",\"name\":\"Maxima SpA\",\"description\":\"Only for the real professionals\",\"potentialAction\":[{\"@type\":\"SearchAction\",\"target\":{\"@type\":\"EntryPoint\",\"urlTemplate\":\"https:\/\/www.maxima-dia.com\/es\/?s={search_term_string}\"},\"query-input\":{\"@type\":\"PropertyValueSpecification\",\"valueRequired\":true,\"valueName\":\"search_term_string\"}}],\"inLanguage\":\"es\"}]}<\/script>\n<!-- \/ Yoast SEO plugin. -->","yoast_head_json":{"title":"Caromax 2000 ASP - Maxima SpA","description":"Perforadora en seco m\u00e1s potente para perforaci\u00f3n en hormig\u00f3n mamposter\u00eda y piedra aberturas de ventilaci\u00f3n sistemas hidr\u00e1ulicos aire acondicionado","robots":{"index":"index","follow":"follow","max-snippet":"max-snippet:-1","max-image-preview":"max-image-preview:large","max-video-preview":"max-video-preview:-1"},"canonical":"https:\/\/www.maxima-dia.com\/es\/maquinas-de-perforacion-para-la-construccion\/caromax-2000-asp\/","og_locale":"es_ES","og_type":"article","og_title":"Caromax 2000 ASP - Maxima SpA","og_description":"Perforadora en seco m\u00e1s potente para perforaci\u00f3n en hormig\u00f3n mamposter\u00eda y piedra aberturas de ventilaci\u00f3n sistemas hidr\u00e1ulicos aire acondicionado","og_url":"https:\/\/www.maxima-dia.com\/es\/maquinas-de-perforacion-para-la-construccion\/caromax-2000-asp\/","og_site_name":"Maxima SpA","article_publisher":"https:\/\/www.facebook.com\/Maxima-spa-106098566139597","article_modified_time":"2024-09-03T08:32:38+00:00","og_image":[{"width":1200,"height":1200,"url":"https:\/\/www.maxima-dia.com\/wp-content\/uploads\/2023\/02\/CAROMAX-2000-ASP.jpg","type":"image\/jpeg"}],"twitter_card":"summary_large_image","twitter_site":"@Maximadia","twitter_misc":{"Tiempo de lectura":"3 minutos"},"schema":{"@context":"https:\/\/schema.org","@graph":[{"@type":"WebPage","@id":"https:\/\/www.maxima-dia.com\/es\/maquinas-de-perforacion-para-la-construccion\/caromax-2000-asp\/","url":"https:\/\/www.maxima-dia.com\/es\/maquinas-de-perforacion-para-la-construccion\/caromax-2000-asp\/","name":"Caromax 2000 ASP - Maxima SpA","isPartOf":{"@id":"https:\/\/www.maxima-dia.com\/es\/#website"},"primaryImageOfPage":{"@id":"https:\/\/www.maxima-dia.com\/es\/maquinas-de-perforacion-para-la-construccion\/caromax-2000-asp\/#primaryimage"},"image":{"@id":"https:\/\/www.maxima-dia.com\/es\/maquinas-de-perforacion-para-la-construccion\/caromax-2000-asp\/#primaryimage"},"thumbnailUrl":"https:\/\/www.maxima-dia.com\/wp-content\/uploads\/2023\/02\/CAROMAX-2000-ASP.jpg","datePublished":"2023-02-21T08:18:01+00:00","dateModified":"2024-09-03T08:32:38+00:00","description":"Perforadora en seco m\u00e1s potente para perforaci\u00f3n en hormig\u00f3n mamposter\u00eda y piedra aberturas de ventilaci\u00f3n sistemas hidr\u00e1ulicos aire acondicionado","breadcrumb":{"@id":"https:\/\/www.maxima-dia.com\/es\/maquinas-de-perforacion-para-la-construccion\/caromax-2000-asp\/#breadcrumb"},"inLanguage":"es","potentialAction":[{"@type":"ReadAction","target":["https:\/\/www.maxima-dia.com\/es\/maquinas-de-perforacion-para-la-construccion\/caromax-2000-asp\/"]}]},{"@type":"ImageObject","inLanguage":"es","@id":"https:\/\/www.maxima-dia.com\/es\/maquinas-de-perforacion-para-la-construccion\/caromax-2000-asp\/#primaryimage","url":"https:\/\/www.maxima-dia.com\/wp-content\/uploads\/2023\/02\/CAROMAX-2000-ASP.jpg","contentUrl":"https:\/\/www.maxima-dia.com\/wp-content\/uploads\/2023\/02\/CAROMAX-2000-ASP.jpg","width":1200,"height":1200},{"@type":"BreadcrumbList","@id":"https:\/\/www.maxima-dia.com\/es\/maquinas-de-perforacion-para-la-construccion\/caromax-2000-asp\/#breadcrumb","itemListElement":[{"@type":"ListItem","position":1,"name":"Home","item":"https:\/\/www.maxima-dia.com\/es\/"},{"@type":"ListItem","position":2,"name":"M\u00e1quinas de Perforaci\u00f3n para la Construcci\u00f3n","item":"https:\/\/www.maxima-dia.com\/es\/maquinas-de-perforacion-para-la-construccion\/"},{"@type":"ListItem","position":3,"name":"Caromax 2000 ASP"}]},{"@type":"WebSite","@id":"https:\/\/www.maxima-dia.com\/es\/#website","url":"https:\/\/www.maxima-dia.com\/es\/","name":"Maxima SpA","description":"Only for the real professionals","potentialAction":[{"@type":"SearchAction","target":{"@type":"EntryPoint","urlTemplate":"https:\/\/www.maxima-dia.com\/es\/?s={search_term_string}"},"query-input":{"@type":"PropertyValueSpecification","valueRequired":true,"valueName":"search_term_string"}}],"inLanguage":"es"}]}},"_links":{"self":[{"href":"https:\/\/www.maxima-dia.com\/es\/wp-json\/wp\/v2\/pages\/37679"}],"collection":[{"href":"https:\/\/www.maxima-dia.com\/es\/wp-json\/wp\/v2\/pages"}],"about":[{"href":"https:\/\/www.maxima-dia.com\/es\/wp-json\/wp\/v2\/types\/page"}],"author":[{"embeddable":true,"href":"https:\/\/www.maxima-dia.com\/es\/wp-json\/wp\/v2\/users\/29"}],"replies":[{"embeddable":true,"href":"https:\/\/www.maxima-dia.com\/es\/wp-json\/wp\/v2\/comments?post=37679"}],"version-history":[{"count":3,"href":"https:\/\/www.maxima-dia.com\/es\/wp-json\/wp\/v2\/pages\/37679\/revisions"}],"predecessor-version":[{"id":44098,"href":"https:\/\/www.maxima-dia.com\/es\/wp-json\/wp\/v2\/pages\/37679\/revisions\/44098"}],"up":[{"embeddable":true,"href":"https:\/\/www.maxima-dia.com\/es\/wp-json\/wp\/v2\/pages\/12467"}],"wp:featuredmedia":[{"embeddable":true,"href":"https:\/\/www.maxima-dia.com\/es\/wp-json\/wp\/v2\/media\/37732"}],"wp:attachment":[{"href":"https:\/\/www.maxima-dia.com\/es\/wp-json\/wp\/v2\/media?parent=37679"}],"curies":[{"name":"wp","href":"https:\/\/api.w.org\/{rel}","templated":true}]}}