{"id":38949,"date":"2023-03-07T11:35:21","date_gmt":"2023-03-07T10:35:21","guid":{"rendered":"https:\/\/www.maxima-dia.com\/?page_id=38949"},"modified":"2023-03-07T11:35:21","modified_gmt":"2023-03-07T10:35:21","slug":"broca-negra-para-madera","status":"publish","type":"page","link":"https:\/\/www.maxima-dia.com\/es\/brocas-de-diamante-para-seco\/broca-negra-para-madera\/","title":{"rendered":"Broca Negra para Madera"},"content":{"rendered":"<div class=\"wpb-content-wrapper\"><p>[vc_row][vc_column text_align=\u00bbcenter\u00bb width=\u00bb1\/4&#8243;][vc_column_text]<a href=\"https:\/\/www.maxima-dia.com\/wp-content\/uploads\/2023\/02\/CAROMAX-2001-ASP-FORETTO-MEDIO.jpg\" rel=\"g1\"><img loading=\"lazy\" decoding=\"async\" class=\"alignnone wp-image-37431 size-thumbnail\" src=\"https:\/\/www.maxima-dia.com\/wp-content\/uploads\/2023\/02\/CAROMAX-2001-ASP-FORETTO-MEDIO-150x150.jpg\" alt=\"CAROMAX 2001 FORETTO PICCOLO\" width=\"150\" height=\"150\" srcset=\"https:\/\/www.maxima-dia.com\/wp-content\/uploads\/2023\/02\/CAROMAX-2001-ASP-FORETTO-MEDIO-150x150.jpg 150w, https:\/\/www.maxima-dia.com\/wp-content\/uploads\/2023\/02\/CAROMAX-2001-ASP-FORETTO-MEDIO-300x300.jpg 300w, https:\/\/www.maxima-dia.com\/wp-content\/uploads\/2023\/02\/CAROMAX-2001-ASP-FORETTO-MEDIO-1024x1024.jpg 1024w, https:\/\/www.maxima-dia.com\/wp-content\/uploads\/2023\/02\/CAROMAX-2001-ASP-FORETTO-MEDIO-768x768.jpg 768w, https:\/\/www.maxima-dia.com\/wp-content\/uploads\/2023\/02\/CAROMAX-2001-ASP-FORETTO-MEDIO-80x80.jpg 80w, https:\/\/www.maxima-dia.com\/wp-content\/uploads\/2023\/02\/CAROMAX-2001-ASP-FORETTO-MEDIO-500x500.jpg 500w, https:\/\/www.maxima-dia.com\/wp-content\/uploads\/2023\/02\/CAROMAX-2001-ASP-FORETTO-MEDIO-1000x1000.jpg 1000w, https:\/\/www.maxima-dia.com\/wp-content\/uploads\/2023\/02\/CAROMAX-2001-ASP-FORETTO-MEDIO.jpg 1200w\" sizes=\"(max-width: 150px) 100vw, 150px\" \/><\/a>[\/vc_column_text][vc_column_text css_animation=\u00bbslideInDown\u00bb el_class=\u00bbhidebuybutton\u00bb]<a href=\"https:\/\/www.storemaxima.com\/es\/brocas-de-diamante-para-seco\/328-broca-negra-para-madera.html\" target=\"_blank\" rel=\"noopener\"><img loading=\"lazy\" decoding=\"async\" class=\"alignnone\" title=\"Comprar en www.storemaxima.com\" src=\"https:\/\/www.maxima-dia.com\/wp-content\/uploads\/2019\/12\/pulsante-acquista-storemaxima.com-es.svg\" alt=\"Comprar en www.storemaxima.com\" width=\"180\" height=\"80\"><\/a>[\/vc_column_text][\/vc_column][vc_column width=\u00bb3\/4&#8243;][vc_column_text]La <strong>BROCA NEGRA PARA MADERA<\/strong> permite taladrar agujeros para su instalaci\u00f3n en techos de madera maciza, en tuber\u00edas para campanas extractoras, tubos de escape, conductos de lavander\u00eda, agujeros en paneles de aislamiento de paredes, agujeros en madera laminada encolada para tuber\u00edas de calefacci\u00f3n, agujeros para conductos en el revestimiento del techo para conductos de humos, ventilaci\u00f3n e iluminaci\u00f3n natural.<\/p>\n<p><strong>Longitud de la broca: 300 mm<\/strong><\/p>\n<p>Perforaci\u00f3n r\u00e1pida y enorme ahorro de tiempo gracias a la innovadora tecnolog\u00eda de corte. Profundidad de perforaci\u00f3n tambi\u00e9n en madera maciza hasta 300 mm. Excelente calidad de acabado del borde del orificio, f\u00e1cil extracci\u00f3n del n\u00facleo de la broca, perforaci\u00f3n limpia y sin serr\u00edn con aspiraci\u00f3n, perforaci\u00f3n manual de todos los di\u00e1metros principales con perforadora CAROMAX 2001. No es necesario realizar un orificio piloto cuando se utiliza el \u00e9mbolo de centrado r\u00e1pido para madera PICE01L[\/vc_column_text][\/vc_column][\/vc_row]<\/p>\n<\/div>","protected":false},"excerpt":{"rendered":"<p>[vc_row][vc_column text_align=\u00bbcenter\u00bb width=\u00bb1\/4&#8243;][vc_column_text][\/vc_column_text][vc_column_text css_animation=\u00bbslideInDown\u00bb el_class=\u00bbhidebuybutton\u00bb][\/vc_column_text][\/vc_column][vc_column width=\u00bb3\/4&#8243;][vc_column_text]La BROCA NEGRA PARA MADERA permite taladrar agujeros para su instalaci\u00f3n en techos de madera maciza, en tuber\u00edas para campanas extractoras, tubos de escape, conductos de lavander\u00eda, agujeros en paneles de aislamiento de paredes, agujeros en madera laminada encolada para tuber\u00edas de calefacci\u00f3n, agujeros para conductos en el revestimiento del techo para conductos de humos, ventilaci\u00f3n e iluminaci\u00f3n natural. Longitud de la broca: 300 mm Perforaci\u00f3n r\u00e1pida y enorme ahorro de tiempo gracias a la innovadora tecnolog\u00eda de corte. Profundidad de perforaci\u00f3n tambi\u00e9n en madera maciza hasta 300 mm. Excelente calidad de acabado del borde del orificio, f\u00e1cil extracci\u00f3n del n\u00facleo de la broca, perforaci\u00f3n limpia y sin serr\u00edn con aspiraci\u00f3n, perforaci\u00f3n manual de todos los di\u00e1metros principales con perforadora CAROMAX 2001. No es necesario realizar un orificio piloto cuando se utiliza el \u00e9mbolo de centrado r\u00e1pido para madera PICE01L[\/vc_column_text][\/vc_column][\/vc_row]<\/p>\n","protected":false},"author":29,"featured_media":37436,"parent":12426,"menu_order":12,"comment_status":"closed","ping_status":"closed","template":"","meta":{"ngg_post_thumbnail":0,"_joinchat":[],"footnotes":""},"class_list":["post-38949","page","type-page","status-publish","has-post-thumbnail","hentry"],"yoast_head":"<!-- This site is optimized with the Yoast SEO plugin v25.5 - https:\/\/yoast.com\/wordpress\/plugins\/seo\/ -->\n<title>Broca Negra para Madera - Maxima SpA<\/title>\n<meta name=\"description\" content=\"Permite taladrar agujeros para su instalaci\u00f3n en techos de madera maciza en tuber\u00edas para campanas extractoras tubos de escape\" \/>\n<meta name=\"robots\" content=\"index, follow, max-snippet:-1, max-image-preview:large, max-video-preview:-1\" \/>\n<link rel=\"canonical\" href=\"https:\/\/www.maxima-dia.com\/es\/brocas-de-diamante-para-seco\/broca-negra-para-madera\/\" \/>\n<meta property=\"og:locale\" content=\"es_ES\" \/>\n<meta property=\"og:type\" content=\"article\" \/>\n<meta property=\"og:title\" content=\"Broca Negra para Madera - Maxima SpA\" \/>\n<meta property=\"og:description\" content=\"Permite taladrar agujeros para su instalaci\u00f3n en techos de madera maciza en tuber\u00edas para campanas extractoras tubos de escape\" \/>\n<meta property=\"og:url\" content=\"https:\/\/www.maxima-dia.com\/es\/brocas-de-diamante-para-seco\/broca-negra-para-madera\/\" \/>\n<meta property=\"og:site_name\" content=\"Maxima SpA\" \/>\n<meta property=\"article:publisher\" content=\"https:\/\/www.facebook.com\/Maxima-spa-106098566139597\" \/>\n<meta property=\"og:image\" content=\"https:\/\/www.maxima-dia.com\/wp-content\/uploads\/2023\/02\/CAROMAX-2001-ASP-FORETTO-MEDIO.jpg\" \/>\n\t<meta property=\"og:image:width\" content=\"1200\" \/>\n\t<meta property=\"og:image:height\" content=\"1200\" \/>\n\t<meta property=\"og:image:type\" content=\"image\/jpeg\" \/>\n<meta name=\"twitter:card\" content=\"summary_large_image\" \/>\n<meta name=\"twitter:site\" content=\"@Maximadia\" \/>\n<meta name=\"twitter:label1\" content=\"Tiempo de lectura\" \/>\n\t<meta name=\"twitter:data1\" content=\"12 minutos\" \/>\n<script type=\"application\/ld+json\" class=\"yoast-schema-graph\">{\"@context\":\"https:\/\/schema.org\",\"@graph\":[{\"@type\":\"WebPage\",\"@id\":\"https:\/\/www.maxima-dia.com\/es\/brocas-de-diamante-para-seco\/broca-negra-para-madera\/\",\"url\":\"https:\/\/www.maxima-dia.com\/es\/brocas-de-diamante-para-seco\/broca-negra-para-madera\/\",\"name\":\"Broca Negra para Madera - Maxima SpA\",\"isPartOf\":{\"@id\":\"https:\/\/www.maxima-dia.com\/es\/#website\"},\"primaryImageOfPage\":{\"@id\":\"https:\/\/www.maxima-dia.com\/es\/brocas-de-diamante-para-seco\/broca-negra-para-madera\/#primaryimage\"},\"image\":{\"@id\":\"https:\/\/www.maxima-dia.com\/es\/brocas-de-diamante-para-seco\/broca-negra-para-madera\/#primaryimage\"},\"thumbnailUrl\":\"https:\/\/www.maxima-dia.com\/wp-content\/uploads\/2023\/02\/CAROMAX-2001-ASP-FORETTO-MEDIO.jpg\",\"datePublished\":\"2023-03-07T10:35:21+00:00\",\"description\":\"Permite taladrar agujeros para su instalaci\u00f3n en techos de madera maciza en tuber\u00edas para campanas extractoras tubos de escape\",\"breadcrumb\":{\"@id\":\"https:\/\/www.maxima-dia.com\/es\/brocas-de-diamante-para-seco\/broca-negra-para-madera\/#breadcrumb\"},\"inLanguage\":\"es\",\"potentialAction\":[{\"@type\":\"ReadAction\",\"target\":[\"https:\/\/www.maxima-dia.com\/es\/brocas-de-diamante-para-seco\/broca-negra-para-madera\/\"]}]},{\"@type\":\"ImageObject\",\"inLanguage\":\"es\",\"@id\":\"https:\/\/www.maxima-dia.com\/es\/brocas-de-diamante-para-seco\/broca-negra-para-madera\/#primaryimage\",\"url\":\"https:\/\/www.maxima-dia.com\/wp-content\/uploads\/2023\/02\/CAROMAX-2001-ASP-FORETTO-MEDIO.jpg\",\"contentUrl\":\"https:\/\/www.maxima-dia.com\/wp-content\/uploads\/2023\/02\/CAROMAX-2001-ASP-FORETTO-MEDIO.jpg\",\"width\":1200,\"height\":1200,\"caption\":\"CAROMAX 2001\"},{\"@type\":\"BreadcrumbList\",\"@id\":\"https:\/\/www.maxima-dia.com\/es\/brocas-de-diamante-para-seco\/broca-negra-para-madera\/#breadcrumb\",\"itemListElement\":[{\"@type\":\"ListItem\",\"position\":1,\"name\":\"Home\",\"item\":\"https:\/\/www.maxima-dia.com\/es\/\"},{\"@type\":\"ListItem\",\"position\":2,\"name\":\"Brocas de Diamante para Seco\",\"item\":\"https:\/\/www.maxima-dia.com\/es\/brocas-de-diamante-para-seco\/\"},{\"@type\":\"ListItem\",\"position\":3,\"name\":\"Broca Negra para Madera\"}]},{\"@type\":\"WebSite\",\"@id\":\"https:\/\/www.maxima-dia.com\/es\/#website\",\"url\":\"https:\/\/www.maxima-dia.com\/es\/\",\"name\":\"Maxima SpA\",\"description\":\"Only for the real professionals\",\"potentialAction\":[{\"@type\":\"SearchAction\",\"target\":{\"@type\":\"EntryPoint\",\"urlTemplate\":\"https:\/\/www.maxima-dia.com\/es\/?s={search_term_string}\"},\"query-input\":{\"@type\":\"PropertyValueSpecification\",\"valueRequired\":true,\"valueName\":\"search_term_string\"}}],\"inLanguage\":\"es\"}]}<\/script>\n<!-- \/ Yoast SEO plugin. -->","yoast_head_json":{"title":"Broca Negra para Madera - Maxima SpA","description":"Permite taladrar agujeros para su instalaci\u00f3n en techos de madera maciza en tuber\u00edas para campanas extractoras tubos de escape","robots":{"index":"index","follow":"follow","max-snippet":"max-snippet:-1","max-image-preview":"max-image-preview:large","max-video-preview":"max-video-preview:-1"},"canonical":"https:\/\/www.maxima-dia.com\/es\/brocas-de-diamante-para-seco\/broca-negra-para-madera\/","og_locale":"es_ES","og_type":"article","og_title":"Broca Negra para Madera - Maxima SpA","og_description":"Permite taladrar agujeros para su instalaci\u00f3n en techos de madera maciza en tuber\u00edas para campanas extractoras tubos de escape","og_url":"https:\/\/www.maxima-dia.com\/es\/brocas-de-diamante-para-seco\/broca-negra-para-madera\/","og_site_name":"Maxima SpA","article_publisher":"https:\/\/www.facebook.com\/Maxima-spa-106098566139597","og_image":[{"width":1200,"height":1200,"url":"https:\/\/www.maxima-dia.com\/wp-content\/uploads\/2023\/02\/CAROMAX-2001-ASP-FORETTO-MEDIO.jpg","type":"image\/jpeg"}],"twitter_card":"summary_large_image","twitter_site":"@Maximadia","twitter_misc":{"Tiempo de lectura":"12 minutos"},"schema":{"@context":"https:\/\/schema.org","@graph":[{"@type":"WebPage","@id":"https:\/\/www.maxima-dia.com\/es\/brocas-de-diamante-para-seco\/broca-negra-para-madera\/","url":"https:\/\/www.maxima-dia.com\/es\/brocas-de-diamante-para-seco\/broca-negra-para-madera\/","name":"Broca Negra para Madera - Maxima SpA","isPartOf":{"@id":"https:\/\/www.maxima-dia.com\/es\/#website"},"primaryImageOfPage":{"@id":"https:\/\/www.maxima-dia.com\/es\/brocas-de-diamante-para-seco\/broca-negra-para-madera\/#primaryimage"},"image":{"@id":"https:\/\/www.maxima-dia.com\/es\/brocas-de-diamante-para-seco\/broca-negra-para-madera\/#primaryimage"},"thumbnailUrl":"https:\/\/www.maxima-dia.com\/wp-content\/uploads\/2023\/02\/CAROMAX-2001-ASP-FORETTO-MEDIO.jpg","datePublished":"2023-03-07T10:35:21+00:00","description":"Permite taladrar agujeros para su instalaci\u00f3n en techos de madera maciza en tuber\u00edas para campanas extractoras tubos de escape","breadcrumb":{"@id":"https:\/\/www.maxima-dia.com\/es\/brocas-de-diamante-para-seco\/broca-negra-para-madera\/#breadcrumb"},"inLanguage":"es","potentialAction":[{"@type":"ReadAction","target":["https:\/\/www.maxima-dia.com\/es\/brocas-de-diamante-para-seco\/broca-negra-para-madera\/"]}]},{"@type":"ImageObject","inLanguage":"es","@id":"https:\/\/www.maxima-dia.com\/es\/brocas-de-diamante-para-seco\/broca-negra-para-madera\/#primaryimage","url":"https:\/\/www.maxima-dia.com\/wp-content\/uploads\/2023\/02\/CAROMAX-2001-ASP-FORETTO-MEDIO.jpg","contentUrl":"https:\/\/www.maxima-dia.com\/wp-content\/uploads\/2023\/02\/CAROMAX-2001-ASP-FORETTO-MEDIO.jpg","width":1200,"height":1200,"caption":"CAROMAX 2001"},{"@type":"BreadcrumbList","@id":"https:\/\/www.maxima-dia.com\/es\/brocas-de-diamante-para-seco\/broca-negra-para-madera\/#breadcrumb","itemListElement":[{"@type":"ListItem","position":1,"name":"Home","item":"https:\/\/www.maxima-dia.com\/es\/"},{"@type":"ListItem","position":2,"name":"Brocas de Diamante para Seco","item":"https:\/\/www.maxima-dia.com\/es\/brocas-de-diamante-para-seco\/"},{"@type":"ListItem","position":3,"name":"Broca Negra para Madera"}]},{"@type":"WebSite","@id":"https:\/\/www.maxima-dia.com\/es\/#website","url":"https:\/\/www.maxima-dia.com\/es\/","name":"Maxima SpA","description":"Only for the real professionals","potentialAction":[{"@type":"SearchAction","target":{"@type":"EntryPoint","urlTemplate":"https:\/\/www.maxima-dia.com\/es\/?s={search_term_string}"},"query-input":{"@type":"PropertyValueSpecification","valueRequired":true,"valueName":"search_term_string"}}],"inLanguage":"es"}]}},"_links":{"self":[{"href":"https:\/\/www.maxima-dia.com\/es\/wp-json\/wp\/v2\/pages\/38949"}],"collection":[{"href":"https:\/\/www.maxima-dia.com\/es\/wp-json\/wp\/v2\/pages"}],"about":[{"href":"https:\/\/www.maxima-dia.com\/es\/wp-json\/wp\/v2\/types\/page"}],"author":[{"embeddable":true,"href":"https:\/\/www.maxima-dia.com\/es\/wp-json\/wp\/v2\/users\/29"}],"replies":[{"embeddable":true,"href":"https:\/\/www.maxima-dia.com\/es\/wp-json\/wp\/v2\/comments?post=38949"}],"version-history":[{"count":2,"href":"https:\/\/www.maxima-dia.com\/es\/wp-json\/wp\/v2\/pages\/38949\/revisions"}],"predecessor-version":[{"id":38965,"href":"https:\/\/www.maxima-dia.com\/es\/wp-json\/wp\/v2\/pages\/38949\/revisions\/38965"}],"up":[{"embeddable":true,"href":"https:\/\/www.maxima-dia.com\/es\/wp-json\/wp\/v2\/pages\/12426"}],"wp:featuredmedia":[{"embeddable":true,"href":"https:\/\/www.maxima-dia.com\/es\/wp-json\/wp\/v2\/media\/37436"}],"wp:attachment":[{"href":"https:\/\/www.maxima-dia.com\/es\/wp-json\/wp\/v2\/media?parent=38949"}],"curies":[{"name":"wp","href":"https:\/\/api.w.org\/{rel}","templated":true}]}}