{"id":38977,"date":"2023-03-07T12:00:38","date_gmt":"2023-03-07T11:00:38","guid":{"rendered":"https:\/\/www.maxima-dia.com\/?page_id=38977"},"modified":"2023-03-07T12:01:02","modified_gmt":"2023-03-07T11:01:02","slug":"broca-de-plastico-negra","status":"publish","type":"page","link":"https:\/\/www.maxima-dia.com\/es\/brocas-de-diamante-para-seco\/broca-de-plastico-negra\/","title":{"rendered":"Broca de plastico negra"},"content":{"rendered":"<div class=\"wpb-content-wrapper\"><p>[vc_row][vc_column text_align=\u00bbcenter\u00bb width=\u00bb1\/4&#8243;][vc_column_text]<a href=\"https:\/\/www.maxima-dia.com\/wp-content\/uploads\/2023\/02\/CAROMAX-2001-ASP-FORETTO-GRANDE.jpg\" rel=\"g1\"><img loading=\"lazy\" decoding=\"async\" class=\"alignnone wp-image-37425 size-thumbnail\" src=\"https:\/\/www.maxima-dia.com\/wp-content\/uploads\/2023\/02\/CAROMAX-2001-ASP-FORETTO-GRANDE-150x150.jpg\" alt=\"CAROMAX 2001 FORETTO GRANDE\" width=\"150\" height=\"150\" srcset=\"https:\/\/www.maxima-dia.com\/wp-content\/uploads\/2023\/02\/CAROMAX-2001-ASP-FORETTO-GRANDE-150x150.jpg 150w, https:\/\/www.maxima-dia.com\/wp-content\/uploads\/2023\/02\/CAROMAX-2001-ASP-FORETTO-GRANDE-300x300.jpg 300w, https:\/\/www.maxima-dia.com\/wp-content\/uploads\/2023\/02\/CAROMAX-2001-ASP-FORETTO-GRANDE-1024x1024.jpg 1024w, https:\/\/www.maxima-dia.com\/wp-content\/uploads\/2023\/02\/CAROMAX-2001-ASP-FORETTO-GRANDE-768x768.jpg 768w, https:\/\/www.maxima-dia.com\/wp-content\/uploads\/2023\/02\/CAROMAX-2001-ASP-FORETTO-GRANDE-80x80.jpg 80w, https:\/\/www.maxima-dia.com\/wp-content\/uploads\/2023\/02\/CAROMAX-2001-ASP-FORETTO-GRANDE-500x500.jpg 500w, https:\/\/www.maxima-dia.com\/wp-content\/uploads\/2023\/02\/CAROMAX-2001-ASP-FORETTO-GRANDE-1000x1000.jpg 1000w, https:\/\/www.maxima-dia.com\/wp-content\/uploads\/2023\/02\/CAROMAX-2001-ASP-FORETTO-GRANDE.jpg 1200w\" sizes=\"(max-width: 150px) 100vw, 150px\" \/><\/a>[\/vc_column_text][vc_column_text css_animation=\u00bbslideInDown\u00bb el_class=\u00bbhidebuybutton\u00bb]<a href=\"https:\/\/www.storemaxima.com\/es\/brocas-de-diamante-para-seco\/327-broca-de-plastico-negra.html\" target=\"_blank\" rel=\"noopener\"><img loading=\"lazy\" decoding=\"async\" class=\"alignnone\" title=\"Comprar en www.storemaxima.com\" src=\"https:\/\/www.maxima-dia.com\/wp-content\/uploads\/2019\/12\/pulsante-acquista-storemaxima.com-es.svg\" alt=\"Comprar en www.storemaxima.com\" width=\"180\" height=\"80\"><\/a>[\/vc_column_text][\/vc_column][vc_column width=\u00bb3\/4&#8243;][vc_column_text]La <strong>BROCA DE PL\u00c1STICO NEGRA<\/strong> permite taladrar orificios de conexi\u00f3n para tuber\u00edas de pl\u00e1stico como ramales de alcantarillado, pozos de registro o tuber\u00edas de obra<\/p>\n<p><strong>Longitud de la broca: 163 mm<\/strong><\/p>\n<p>Perforaci\u00f3n r\u00e1pida y enorme ahorro de tiempo gracias a la innovadora tecnolog\u00eda de corte y a las inserciones de metal duro de alta calidad, perforaci\u00f3n r\u00e1pida y fiable, incluso en tubos o recipientes de paredes gruesas. Excelente calidad de acabado de la superficie del orificio con bordes lisos y limpios, incluso en tubos corrugados. Perforaci\u00f3n manual de todos los di\u00e1metros principales con <a href=\"https:\/\/www.maxima-dia.com\/es\/maquinas-de-perforacion-para-la-construccion\/caromax-2001\/\">perforadora CAROMAX 2001<\/a>.<br \/>\nEl n\u00facleo es expulsado de la fresa de corona y capturado por el pist\u00f3n de centrado de pl\u00e1stico cargado por resorte PICE01P[\/vc_column_text][\/vc_column][\/vc_row]<\/p>\n<\/div>","protected":false},"excerpt":{"rendered":"<p>[vc_row][vc_column text_align=\u00bbcenter\u00bb width=\u00bb1\/4&#8243;][vc_column_text][\/vc_column_text][vc_column_text css_animation=\u00bbslideInDown\u00bb el_class=\u00bbhidebuybutton\u00bb][\/vc_column_text][\/vc_column][vc_column width=\u00bb3\/4&#8243;][vc_column_text]La BROCA DE PL\u00c1STICO NEGRA permite taladrar orificios de conexi\u00f3n para tuber\u00edas de pl\u00e1stico como ramales de alcantarillado, pozos de registro o tuber\u00edas de obra Longitud de la broca: 163 mm Perforaci\u00f3n r\u00e1pida y enorme ahorro de tiempo gracias a la innovadora tecnolog\u00eda de corte y a las inserciones de metal duro de alta calidad, perforaci\u00f3n r\u00e1pida y fiable, incluso en tubos o recipientes de paredes gruesas. Excelente calidad de acabado de la superficie del orificio con bordes lisos y limpios, incluso en tubos corrugados. Perforaci\u00f3n manual de todos los di\u00e1metros principales con perforadora CAROMAX 2001. El n\u00facleo es expulsado de la fresa de corona y capturado por el pist\u00f3n de centrado de pl\u00e1stico cargado por resorte PICE01P[\/vc_column_text][\/vc_column][\/vc_row]<\/p>\n","protected":false},"author":29,"featured_media":37430,"parent":12426,"menu_order":11,"comment_status":"closed","ping_status":"closed","template":"","meta":{"ngg_post_thumbnail":0,"_joinchat":[],"footnotes":""},"class_list":["post-38977","page","type-page","status-publish","has-post-thumbnail","hentry"],"yoast_head":"<!-- This site is optimized with the Yoast SEO plugin v25.5 - https:\/\/yoast.com\/wordpress\/plugins\/seo\/ -->\n<title>Broca de plastico negra - Maxima SpA<\/title>\n<meta name=\"description\" content=\"Permite taladrar orificios de conexi\u00f3n para tuber\u00edas de pl\u00e1stico como ramales de alcantarillado, pozos de registro o tuber\u00edas de obra\" \/>\n<meta name=\"robots\" content=\"index, follow, max-snippet:-1, max-image-preview:large, max-video-preview:-1\" \/>\n<link rel=\"canonical\" href=\"https:\/\/www.maxima-dia.com\/es\/brocas-de-diamante-para-seco\/broca-de-plastico-negra\/\" \/>\n<meta property=\"og:locale\" content=\"es_ES\" \/>\n<meta property=\"og:type\" content=\"article\" \/>\n<meta property=\"og:title\" content=\"Broca de plastico negra - Maxima SpA\" \/>\n<meta property=\"og:description\" content=\"Permite taladrar orificios de conexi\u00f3n para tuber\u00edas de pl\u00e1stico como ramales de alcantarillado, pozos de registro o tuber\u00edas de obra\" \/>\n<meta property=\"og:url\" content=\"https:\/\/www.maxima-dia.com\/es\/brocas-de-diamante-para-seco\/broca-de-plastico-negra\/\" \/>\n<meta property=\"og:site_name\" content=\"Maxima SpA\" \/>\n<meta property=\"article:publisher\" content=\"https:\/\/www.facebook.com\/Maxima-spa-106098566139597\" \/>\n<meta property=\"article:modified_time\" content=\"2023-03-07T11:01:02+00:00\" \/>\n<meta property=\"og:image\" content=\"https:\/\/www.maxima-dia.com\/wp-content\/uploads\/2023\/02\/CAROMAX-2001-ASP-FORETTO-GRANDE.jpg\" \/>\n\t<meta property=\"og:image:width\" content=\"1200\" \/>\n\t<meta property=\"og:image:height\" content=\"1200\" \/>\n\t<meta property=\"og:image:type\" content=\"image\/jpeg\" \/>\n<meta name=\"twitter:card\" content=\"summary_large_image\" \/>\n<meta name=\"twitter:site\" content=\"@Maximadia\" \/>\n<meta name=\"twitter:label1\" content=\"Tiempo de lectura\" \/>\n\t<meta name=\"twitter:data1\" content=\"12 minutos\" \/>\n<script type=\"application\/ld+json\" class=\"yoast-schema-graph\">{\"@context\":\"https:\/\/schema.org\",\"@graph\":[{\"@type\":\"WebPage\",\"@id\":\"https:\/\/www.maxima-dia.com\/es\/brocas-de-diamante-para-seco\/broca-de-plastico-negra\/\",\"url\":\"https:\/\/www.maxima-dia.com\/es\/brocas-de-diamante-para-seco\/broca-de-plastico-negra\/\",\"name\":\"Broca de plastico negra - Maxima SpA\",\"isPartOf\":{\"@id\":\"https:\/\/www.maxima-dia.com\/es\/#website\"},\"primaryImageOfPage\":{\"@id\":\"https:\/\/www.maxima-dia.com\/es\/brocas-de-diamante-para-seco\/broca-de-plastico-negra\/#primaryimage\"},\"image\":{\"@id\":\"https:\/\/www.maxima-dia.com\/es\/brocas-de-diamante-para-seco\/broca-de-plastico-negra\/#primaryimage\"},\"thumbnailUrl\":\"https:\/\/www.maxima-dia.com\/wp-content\/uploads\/2023\/02\/CAROMAX-2001-ASP-FORETTO-GRANDE.jpg\",\"datePublished\":\"2023-03-07T11:00:38+00:00\",\"dateModified\":\"2023-03-07T11:01:02+00:00\",\"description\":\"Permite taladrar orificios de conexi\u00f3n para tuber\u00edas de pl\u00e1stico como ramales de alcantarillado, pozos de registro o tuber\u00edas de obra\",\"breadcrumb\":{\"@id\":\"https:\/\/www.maxima-dia.com\/es\/brocas-de-diamante-para-seco\/broca-de-plastico-negra\/#breadcrumb\"},\"inLanguage\":\"es\",\"potentialAction\":[{\"@type\":\"ReadAction\",\"target\":[\"https:\/\/www.maxima-dia.com\/es\/brocas-de-diamante-para-seco\/broca-de-plastico-negra\/\"]}]},{\"@type\":\"ImageObject\",\"inLanguage\":\"es\",\"@id\":\"https:\/\/www.maxima-dia.com\/es\/brocas-de-diamante-para-seco\/broca-de-plastico-negra\/#primaryimage\",\"url\":\"https:\/\/www.maxima-dia.com\/wp-content\/uploads\/2023\/02\/CAROMAX-2001-ASP-FORETTO-GRANDE.jpg\",\"contentUrl\":\"https:\/\/www.maxima-dia.com\/wp-content\/uploads\/2023\/02\/CAROMAX-2001-ASP-FORETTO-GRANDE.jpg\",\"width\":1200,\"height\":1200,\"caption\":\"CAROMAX 2001\"},{\"@type\":\"BreadcrumbList\",\"@id\":\"https:\/\/www.maxima-dia.com\/es\/brocas-de-diamante-para-seco\/broca-de-plastico-negra\/#breadcrumb\",\"itemListElement\":[{\"@type\":\"ListItem\",\"position\":1,\"name\":\"Home\",\"item\":\"https:\/\/www.maxima-dia.com\/es\/\"},{\"@type\":\"ListItem\",\"position\":2,\"name\":\"Brocas de Diamante para Seco\",\"item\":\"https:\/\/www.maxima-dia.com\/es\/brocas-de-diamante-para-seco\/\"},{\"@type\":\"ListItem\",\"position\":3,\"name\":\"Broca de plastico negra\"}]},{\"@type\":\"WebSite\",\"@id\":\"https:\/\/www.maxima-dia.com\/es\/#website\",\"url\":\"https:\/\/www.maxima-dia.com\/es\/\",\"name\":\"Maxima SpA\",\"description\":\"Only for the real professionals\",\"potentialAction\":[{\"@type\":\"SearchAction\",\"target\":{\"@type\":\"EntryPoint\",\"urlTemplate\":\"https:\/\/www.maxima-dia.com\/es\/?s={search_term_string}\"},\"query-input\":{\"@type\":\"PropertyValueSpecification\",\"valueRequired\":true,\"valueName\":\"search_term_string\"}}],\"inLanguage\":\"es\"}]}<\/script>\n<!-- \/ Yoast SEO plugin. -->","yoast_head_json":{"title":"Broca de plastico negra - Maxima SpA","description":"Permite taladrar orificios de conexi\u00f3n para tuber\u00edas de pl\u00e1stico como ramales de alcantarillado, pozos de registro o tuber\u00edas de obra","robots":{"index":"index","follow":"follow","max-snippet":"max-snippet:-1","max-image-preview":"max-image-preview:large","max-video-preview":"max-video-preview:-1"},"canonical":"https:\/\/www.maxima-dia.com\/es\/brocas-de-diamante-para-seco\/broca-de-plastico-negra\/","og_locale":"es_ES","og_type":"article","og_title":"Broca de plastico negra - Maxima SpA","og_description":"Permite taladrar orificios de conexi\u00f3n para tuber\u00edas de pl\u00e1stico como ramales de alcantarillado, pozos de registro o tuber\u00edas de obra","og_url":"https:\/\/www.maxima-dia.com\/es\/brocas-de-diamante-para-seco\/broca-de-plastico-negra\/","og_site_name":"Maxima SpA","article_publisher":"https:\/\/www.facebook.com\/Maxima-spa-106098566139597","article_modified_time":"2023-03-07T11:01:02+00:00","og_image":[{"width":1200,"height":1200,"url":"https:\/\/www.maxima-dia.com\/wp-content\/uploads\/2023\/02\/CAROMAX-2001-ASP-FORETTO-GRANDE.jpg","type":"image\/jpeg"}],"twitter_card":"summary_large_image","twitter_site":"@Maximadia","twitter_misc":{"Tiempo de lectura":"12 minutos"},"schema":{"@context":"https:\/\/schema.org","@graph":[{"@type":"WebPage","@id":"https:\/\/www.maxima-dia.com\/es\/brocas-de-diamante-para-seco\/broca-de-plastico-negra\/","url":"https:\/\/www.maxima-dia.com\/es\/brocas-de-diamante-para-seco\/broca-de-plastico-negra\/","name":"Broca de plastico negra - Maxima SpA","isPartOf":{"@id":"https:\/\/www.maxima-dia.com\/es\/#website"},"primaryImageOfPage":{"@id":"https:\/\/www.maxima-dia.com\/es\/brocas-de-diamante-para-seco\/broca-de-plastico-negra\/#primaryimage"},"image":{"@id":"https:\/\/www.maxima-dia.com\/es\/brocas-de-diamante-para-seco\/broca-de-plastico-negra\/#primaryimage"},"thumbnailUrl":"https:\/\/www.maxima-dia.com\/wp-content\/uploads\/2023\/02\/CAROMAX-2001-ASP-FORETTO-GRANDE.jpg","datePublished":"2023-03-07T11:00:38+00:00","dateModified":"2023-03-07T11:01:02+00:00","description":"Permite taladrar orificios de conexi\u00f3n para tuber\u00edas de pl\u00e1stico como ramales de alcantarillado, pozos de registro o tuber\u00edas de obra","breadcrumb":{"@id":"https:\/\/www.maxima-dia.com\/es\/brocas-de-diamante-para-seco\/broca-de-plastico-negra\/#breadcrumb"},"inLanguage":"es","potentialAction":[{"@type":"ReadAction","target":["https:\/\/www.maxima-dia.com\/es\/brocas-de-diamante-para-seco\/broca-de-plastico-negra\/"]}]},{"@type":"ImageObject","inLanguage":"es","@id":"https:\/\/www.maxima-dia.com\/es\/brocas-de-diamante-para-seco\/broca-de-plastico-negra\/#primaryimage","url":"https:\/\/www.maxima-dia.com\/wp-content\/uploads\/2023\/02\/CAROMAX-2001-ASP-FORETTO-GRANDE.jpg","contentUrl":"https:\/\/www.maxima-dia.com\/wp-content\/uploads\/2023\/02\/CAROMAX-2001-ASP-FORETTO-GRANDE.jpg","width":1200,"height":1200,"caption":"CAROMAX 2001"},{"@type":"BreadcrumbList","@id":"https:\/\/www.maxima-dia.com\/es\/brocas-de-diamante-para-seco\/broca-de-plastico-negra\/#breadcrumb","itemListElement":[{"@type":"ListItem","position":1,"name":"Home","item":"https:\/\/www.maxima-dia.com\/es\/"},{"@type":"ListItem","position":2,"name":"Brocas de Diamante para Seco","item":"https:\/\/www.maxima-dia.com\/es\/brocas-de-diamante-para-seco\/"},{"@type":"ListItem","position":3,"name":"Broca de plastico negra"}]},{"@type":"WebSite","@id":"https:\/\/www.maxima-dia.com\/es\/#website","url":"https:\/\/www.maxima-dia.com\/es\/","name":"Maxima SpA","description":"Only for the real professionals","potentialAction":[{"@type":"SearchAction","target":{"@type":"EntryPoint","urlTemplate":"https:\/\/www.maxima-dia.com\/es\/?s={search_term_string}"},"query-input":{"@type":"PropertyValueSpecification","valueRequired":true,"valueName":"search_term_string"}}],"inLanguage":"es"}]}},"_links":{"self":[{"href":"https:\/\/www.maxima-dia.com\/es\/wp-json\/wp\/v2\/pages\/38977"}],"collection":[{"href":"https:\/\/www.maxima-dia.com\/es\/wp-json\/wp\/v2\/pages"}],"about":[{"href":"https:\/\/www.maxima-dia.com\/es\/wp-json\/wp\/v2\/types\/page"}],"author":[{"embeddable":true,"href":"https:\/\/www.maxima-dia.com\/es\/wp-json\/wp\/v2\/users\/29"}],"replies":[{"embeddable":true,"href":"https:\/\/www.maxima-dia.com\/es\/wp-json\/wp\/v2\/comments?post=38977"}],"version-history":[{"count":2,"href":"https:\/\/www.maxima-dia.com\/es\/wp-json\/wp\/v2\/pages\/38977\/revisions"}],"predecessor-version":[{"id":38991,"href":"https:\/\/www.maxima-dia.com\/es\/wp-json\/wp\/v2\/pages\/38977\/revisions\/38991"}],"up":[{"embeddable":true,"href":"https:\/\/www.maxima-dia.com\/es\/wp-json\/wp\/v2\/pages\/12426"}],"wp:featuredmedia":[{"embeddable":true,"href":"https:\/\/www.maxima-dia.com\/es\/wp-json\/wp\/v2\/media\/37430"}],"wp:attachment":[{"href":"https:\/\/www.maxima-dia.com\/es\/wp-json\/wp\/v2\/media?parent=38977"}],"curies":[{"name":"wp","href":"https:\/\/api.w.org\/{rel}","templated":true}]}}