{"id":44378,"date":"2024-10-16T16:00:04","date_gmt":"2024-10-16T14:00:04","guid":{"rendered":"https:\/\/www.maxima-dia.com\/?page_id=44378"},"modified":"2024-10-16T17:01:48","modified_gmt":"2024-10-16T15:01:48","slug":"manuales-de-uso-y-mantenimiento-cwek-sr-75","status":"publish","type":"page","link":"https:\/\/www.maxima-dia.com\/es\/asistencia-y-soporte\/manuales-de-uso-y-mantenimiento-cwek-sr-75\/","title":{"rendered":"Manuales de uso y mantenimiento CWEK SR 75"},"content":{"rendered":"<div class=\"wpb-content-wrapper\"><p>[vc_row][vc_column width=\u00bb1\/1&#8243;][vc_column_text]<\/p>\n<h3><strong>\u00c1rea de Manuales del Operador \/ Manuales de instrucciones:<br \/>\n<\/strong>CWEK SR 75<\/h3>\n<p>[\/vc_column_text][vc_column_text el_class=\u00bbdiv-manuals\u00bb]<\/p>\n<table class=\"tableman\" style=\"width: 100%;\">\n<tbody>\n<tr style=\"background-color: #e20813;\">\n<td style=\"width: 32.2812%;\"><strong><span style=\"color: #ffffff;\">Producto<\/span><\/strong><\/td>\n<td style=\"width: 26.1836%;\"><strong><span style=\"color: #ffffff;\">Idioma<\/span><\/strong><\/td>\n<td style=\"width: 40.8006%;\"><strong><span style=\"color: #ffffff;\">Documento<\/span><\/strong><\/td>\n<\/tr>\n<tr>\n<td style=\"width: 32.2812%;\"><strong>CWEK SR 75<\/strong><\/td>\n<td style=\"width: 26.1836%;\">Italiano\/English<\/td>\n<td style=\"width: 40.8006%;\"><a href=\"https:\/\/www.maxima-dia.com\/wp-content\/uploads\/2023\/01\/CWEKSR75_CWEKSR_75_IT_EN.pdf\" target=\"_blank\" rel=\"noopener\">CWEK SR 75 \/IT-EN<\/a><\/td>\n<\/tr>\n<tr>\n<td style=\"width: 32.2812%;\"><strong>&nbsp;<\/strong><\/td>\n<td style=\"width: 26.1836%;\">&nbsp;<\/td>\n<td style=\"width: 40.8006%;\">&nbsp;<\/td>\n<\/tr>\n<\/tbody>\n<\/table>\n<p>[\/vc_column_text]<div class=\"minti_boxedholder div-condition  clearfix\" style=\"padding: 30px; margin: 0; border-width: 2px; border-color: #dd3333; \">[vc_column_text]Los manuales del usuario est\u00e1n disponibles a trav\u00e9s de esta p\u00e1gina, en formato Adobe PDF (u otro formato donde se indique) tras aceptar los <strong>T\u00c9RMINOS Y CONDICIONES DE USO DE LOS MANUALES DEL USUARIO \/ INSTRUCCIONES DE USO<\/strong> escrito a seguir.<\/p>\n<p><strong>Contenido del sitio Manuales del Operador \/ Manuales de Instrucciones<br \/>\n<\/strong>La descarga, visualizaci\u00f3n a trav\u00e9s de un monitor y\/o impresi\u00f3n del \u00abManual de Uso y Mantenimiento\u00bb en este sitio est\u00e1n destinadas al uso personal s\u00f3lo para aquellos que tienen nuestros productos en una \u00abcapacidad profesional\u00bb despu\u00e9s de la compra de los comerciantes o directamente de Maxima SpA. Queda estrictamente prohibida la reproducci\u00f3n impresa y\/o la descarga y el intercambio por cualquier forma y medio del contenido del archivo para su distribuci\u00f3n y\/o reventa. Queda estrictamente prohibida la modificaci\u00f3n de los contenidos mostrados\/descargados.<\/p>\n<p><strong><em>Nota de informaci\u00f3n:<\/em><\/strong> Este sitio contiene manuales del operador \/ instrucciones de funcionamiento s\u00f3lo para los productos Maxima SpA vendidos y puede no incluir una lista completa de productos. Es posible que algunos productos en este sitio ya no est\u00e9n disponibles para la compra. Los Manuales del Operador \/ Manuales de Instrucciones de Uso pueden estar sujetos a cambios y modificaciones destinadas a actualizar y corregir los datos y el funcionamiento en el uso del producto.<\/p>\n<p><strong>Exenci\u00f3n de responsabilidad<\/strong><br \/>\nMaxima SpA no se hace responsable de ninguna p\u00e9rdida o da\u00f1o (incluyendo corrupci\u00f3n de datos, interrupci\u00f3n de operaciones, p\u00e9rdida de informaci\u00f3n comercial, etc.) causados por el uso, no uso o mal uso de cualquier informaci\u00f3n contenida en este sitio. Nos reservamos el derecho de revisar, actualizar o interrumpir el acceso a este sitio sin previo aviso.[\/vc_column_text]<\/div>[vc_column_text el_class=\u00bbdiv-condition\u00bb]<\/p>\n<div style=\"text-align: center;\">\n<p><strong>He le\u00eddo y comprendido<br \/>\nlos T\u00c9RMINOS Y CONDICIONES DE USO de los MANUALES DEL OPERADOR y las INSTRUCCIONES DE USO<br \/>\nindicado anteriormente:<\/strong><\/p>\n<\/div>\n<p>[\/vc_column_text][vc_btn title=\u00bbAcepta y descarga el manual\u00bb color=\u00bbdanger\u00bb align=\u00bbcenter\u00bb css=\u00bb\u00bb el_class=\u00bbcheckaccept\u00bb][\/vc_column][\/vc_row]<\/p>\n<\/div>","protected":false},"excerpt":{"rendered":"<p>[vc_row][vc_column width=\u00bb1\/1&#8243;][vc_column_text] \u00c1rea de Manuales del Operador \/ Manuales de instrucciones: CWEK SR 75 [\/vc_column_text][vc_column_text el_class=\u00bbdiv-manuals\u00bb] Producto Idioma Documento CWEK SR 75 Italiano\/English CWEK SR 75 \/IT-EN &nbsp; &nbsp; &nbsp; [\/vc_column_text][vc_column_text el_class=\u00bbdiv-condition\u00bb] He le\u00eddo y comprendido los T\u00c9RMINOS Y CONDICIONES DE USO de los MANUALES DEL OPERADOR y las INSTRUCCIONES DE USO indicado anteriormente: [\/vc_column_text][vc_btn title=\u00bbAcepta y descarga el manual\u00bb color=\u00bbdanger\u00bb align=\u00bbcenter\u00bb css=\u00bb\u00bb el_class=\u00bbcheckaccept\u00bb][\/vc_column][\/vc_row]<\/p>\n","protected":false},"author":29,"featured_media":0,"parent":44354,"menu_order":0,"comment_status":"closed","ping_status":"closed","template":"","meta":{"ngg_post_thumbnail":0,"_joinchat":[],"footnotes":""},"class_list":["post-44378","page","type-page","status-publish","hentry"],"yoast_head":"<!-- This site is optimized with the Yoast SEO plugin v25.5 - https:\/\/yoast.com\/wordpress\/plugins\/seo\/ -->\n<title>Manuales de uso y mantenimiento CWEK SR 75 - Maxima SpA<\/title>\n<meta name=\"robots\" content=\"index, follow, max-snippet:-1, max-image-preview:large, max-video-preview:-1\" \/>\n<link rel=\"canonical\" href=\"https:\/\/www.maxima-dia.com\/es\/asistencia-y-soporte\/manuales-de-uso-y-mantenimiento-cwek-sr-75\/\" \/>\n<meta property=\"og:locale\" content=\"es_ES\" \/>\n<meta property=\"og:type\" content=\"article\" \/>\n<meta property=\"og:title\" content=\"Manuales de uso y mantenimiento CWEK SR 75 - Maxima SpA\" \/>\n<meta property=\"og:description\" content=\"[vc_row][vc_column width=\u00bb1\/1&#8243;][vc_column_text] \u00c1rea de Manuales del Operador \/ Manuales de instrucciones: CWEK SR 75 [\/vc_column_text][vc_column_text el_class=\u00bbdiv-manuals\u00bb] Producto Idioma Documento CWEK SR 75 Italiano\/English CWEK SR 75 \/IT-EN &nbsp; &nbsp; &nbsp; [\/vc_column_text][vc_column_text el_class=\u00bbdiv-condition\u00bb] He le\u00eddo y comprendido los T\u00c9RMINOS Y CONDICIONES DE USO de los MANUALES DEL OPERADOR y las INSTRUCCIONES DE USO indicado anteriormente: [\/vc_column_text][vc_btn title=\u00bbAcepta y descarga el manual\u00bb color=\u00bbdanger\u00bb align=\u00bbcenter\u00bb css=\u00bb\u00bb el_class=\u00bbcheckaccept\u00bb][\/vc_column][\/vc_row]\" \/>\n<meta property=\"og:url\" content=\"https:\/\/www.maxima-dia.com\/es\/asistencia-y-soporte\/manuales-de-uso-y-mantenimiento-cwek-sr-75\/\" \/>\n<meta property=\"og:site_name\" content=\"Maxima SpA\" \/>\n<meta property=\"article:publisher\" content=\"https:\/\/www.facebook.com\/Maxima-spa-106098566139597\" \/>\n<meta property=\"article:modified_time\" content=\"2024-10-16T15:01:48+00:00\" \/>\n<meta property=\"og:image\" content=\"https:\/\/www.maxima-dia.com\/wp-content\/uploads\/2022\/03\/MaximaSpA-logo-quadrato.jpg\" \/>\n\t<meta property=\"og:image:width\" content=\"500\" \/>\n\t<meta property=\"og:image:height\" content=\"500\" \/>\n\t<meta property=\"og:image:type\" content=\"image\/jpeg\" \/>\n<meta name=\"twitter:card\" content=\"summary_large_image\" \/>\n<meta name=\"twitter:site\" content=\"@Maximadia\" \/>\n<meta name=\"twitter:label1\" content=\"Tiempo de lectura\" \/>\n\t<meta name=\"twitter:data1\" content=\"2 minutos\" \/>\n<script type=\"application\/ld+json\" class=\"yoast-schema-graph\">{\"@context\":\"https:\/\/schema.org\",\"@graph\":[{\"@type\":\"WebPage\",\"@id\":\"https:\/\/www.maxima-dia.com\/es\/asistencia-y-soporte\/manuales-de-uso-y-mantenimiento-cwek-sr-75\/\",\"url\":\"https:\/\/www.maxima-dia.com\/es\/asistencia-y-soporte\/manuales-de-uso-y-mantenimiento-cwek-sr-75\/\",\"name\":\"Manuales de uso y mantenimiento CWEK SR 75 - Maxima SpA\",\"isPartOf\":{\"@id\":\"https:\/\/www.maxima-dia.com\/es\/#website\"},\"datePublished\":\"2024-10-16T14:00:04+00:00\",\"dateModified\":\"2024-10-16T15:01:48+00:00\",\"breadcrumb\":{\"@id\":\"https:\/\/www.maxima-dia.com\/es\/asistencia-y-soporte\/manuales-de-uso-y-mantenimiento-cwek-sr-75\/#breadcrumb\"},\"inLanguage\":\"es\",\"potentialAction\":[{\"@type\":\"ReadAction\",\"target\":[\"https:\/\/www.maxima-dia.com\/es\/asistencia-y-soporte\/manuales-de-uso-y-mantenimiento-cwek-sr-75\/\"]}]},{\"@type\":\"BreadcrumbList\",\"@id\":\"https:\/\/www.maxima-dia.com\/es\/asistencia-y-soporte\/manuales-de-uso-y-mantenimiento-cwek-sr-75\/#breadcrumb\",\"itemListElement\":[{\"@type\":\"ListItem\",\"position\":1,\"name\":\"Home\",\"item\":\"https:\/\/www.maxima-dia.com\/es\/\"},{\"@type\":\"ListItem\",\"position\":2,\"name\":\"Servicio &#8211; Manuales de uso y mantenimiento\",\"item\":\"https:\/\/www.maxima-dia.com\/es\/asistencia-y-soporte\/\"},{\"@type\":\"ListItem\",\"position\":3,\"name\":\"Manuales de uso y mantenimiento CWEK SR 75\"}]},{\"@type\":\"WebSite\",\"@id\":\"https:\/\/www.maxima-dia.com\/es\/#website\",\"url\":\"https:\/\/www.maxima-dia.com\/es\/\",\"name\":\"Maxima SpA\",\"description\":\"Only for the real professionals\",\"potentialAction\":[{\"@type\":\"SearchAction\",\"target\":{\"@type\":\"EntryPoint\",\"urlTemplate\":\"https:\/\/www.maxima-dia.com\/es\/?s={search_term_string}\"},\"query-input\":{\"@type\":\"PropertyValueSpecification\",\"valueRequired\":true,\"valueName\":\"search_term_string\"}}],\"inLanguage\":\"es\"}]}<\/script>\n<!-- \/ Yoast SEO plugin. -->","yoast_head_json":{"title":"Manuales de uso y mantenimiento CWEK SR 75 - Maxima SpA","robots":{"index":"index","follow":"follow","max-snippet":"max-snippet:-1","max-image-preview":"max-image-preview:large","max-video-preview":"max-video-preview:-1"},"canonical":"https:\/\/www.maxima-dia.com\/es\/asistencia-y-soporte\/manuales-de-uso-y-mantenimiento-cwek-sr-75\/","og_locale":"es_ES","og_type":"article","og_title":"Manuales de uso y mantenimiento CWEK SR 75 - Maxima SpA","og_description":"[vc_row][vc_column width=\u00bb1\/1&#8243;][vc_column_text] \u00c1rea de Manuales del Operador \/ Manuales de instrucciones: CWEK SR 75 [\/vc_column_text][vc_column_text el_class=\u00bbdiv-manuals\u00bb] Producto Idioma Documento CWEK SR 75 Italiano\/English CWEK SR 75 \/IT-EN &nbsp; &nbsp; &nbsp; [\/vc_column_text][vc_column_text el_class=\u00bbdiv-condition\u00bb] He le\u00eddo y comprendido los T\u00c9RMINOS Y CONDICIONES DE USO de los MANUALES DEL OPERADOR y las INSTRUCCIONES DE USO indicado anteriormente: [\/vc_column_text][vc_btn title=\u00bbAcepta y descarga el manual\u00bb color=\u00bbdanger\u00bb align=\u00bbcenter\u00bb css=\u00bb\u00bb el_class=\u00bbcheckaccept\u00bb][\/vc_column][\/vc_row]","og_url":"https:\/\/www.maxima-dia.com\/es\/asistencia-y-soporte\/manuales-de-uso-y-mantenimiento-cwek-sr-75\/","og_site_name":"Maxima SpA","article_publisher":"https:\/\/www.facebook.com\/Maxima-spa-106098566139597","article_modified_time":"2024-10-16T15:01:48+00:00","og_image":[{"width":500,"height":500,"url":"https:\/\/www.maxima-dia.com\/wp-content\/uploads\/2022\/03\/MaximaSpA-logo-quadrato.jpg","type":"image\/jpeg"}],"twitter_card":"summary_large_image","twitter_site":"@Maximadia","twitter_misc":{"Tiempo de lectura":"2 minutos"},"schema":{"@context":"https:\/\/schema.org","@graph":[{"@type":"WebPage","@id":"https:\/\/www.maxima-dia.com\/es\/asistencia-y-soporte\/manuales-de-uso-y-mantenimiento-cwek-sr-75\/","url":"https:\/\/www.maxima-dia.com\/es\/asistencia-y-soporte\/manuales-de-uso-y-mantenimiento-cwek-sr-75\/","name":"Manuales de uso y mantenimiento CWEK SR 75 - Maxima SpA","isPartOf":{"@id":"https:\/\/www.maxima-dia.com\/es\/#website"},"datePublished":"2024-10-16T14:00:04+00:00","dateModified":"2024-10-16T15:01:48+00:00","breadcrumb":{"@id":"https:\/\/www.maxima-dia.com\/es\/asistencia-y-soporte\/manuales-de-uso-y-mantenimiento-cwek-sr-75\/#breadcrumb"},"inLanguage":"es","potentialAction":[{"@type":"ReadAction","target":["https:\/\/www.maxima-dia.com\/es\/asistencia-y-soporte\/manuales-de-uso-y-mantenimiento-cwek-sr-75\/"]}]},{"@type":"BreadcrumbList","@id":"https:\/\/www.maxima-dia.com\/es\/asistencia-y-soporte\/manuales-de-uso-y-mantenimiento-cwek-sr-75\/#breadcrumb","itemListElement":[{"@type":"ListItem","position":1,"name":"Home","item":"https:\/\/www.maxima-dia.com\/es\/"},{"@type":"ListItem","position":2,"name":"Servicio &#8211; Manuales de uso y mantenimiento","item":"https:\/\/www.maxima-dia.com\/es\/asistencia-y-soporte\/"},{"@type":"ListItem","position":3,"name":"Manuales de uso y mantenimiento CWEK SR 75"}]},{"@type":"WebSite","@id":"https:\/\/www.maxima-dia.com\/es\/#website","url":"https:\/\/www.maxima-dia.com\/es\/","name":"Maxima SpA","description":"Only for the real professionals","potentialAction":[{"@type":"SearchAction","target":{"@type":"EntryPoint","urlTemplate":"https:\/\/www.maxima-dia.com\/es\/?s={search_term_string}"},"query-input":{"@type":"PropertyValueSpecification","valueRequired":true,"valueName":"search_term_string"}}],"inLanguage":"es"}]}},"_links":{"self":[{"href":"https:\/\/www.maxima-dia.com\/es\/wp-json\/wp\/v2\/pages\/44378"}],"collection":[{"href":"https:\/\/www.maxima-dia.com\/es\/wp-json\/wp\/v2\/pages"}],"about":[{"href":"https:\/\/www.maxima-dia.com\/es\/wp-json\/wp\/v2\/types\/page"}],"author":[{"embeddable":true,"href":"https:\/\/www.maxima-dia.com\/es\/wp-json\/wp\/v2\/users\/29"}],"replies":[{"embeddable":true,"href":"https:\/\/www.maxima-dia.com\/es\/wp-json\/wp\/v2\/comments?post=44378"}],"version-history":[{"count":6,"href":"https:\/\/www.maxima-dia.com\/es\/wp-json\/wp\/v2\/pages\/44378\/revisions"}],"predecessor-version":[{"id":44701,"href":"https:\/\/www.maxima-dia.com\/es\/wp-json\/wp\/v2\/pages\/44378\/revisions\/44701"}],"up":[{"embeddable":true,"href":"https:\/\/www.maxima-dia.com\/es\/wp-json\/wp\/v2\/pages\/44354"}],"wp:attachment":[{"href":"https:\/\/www.maxima-dia.com\/es\/wp-json\/wp\/v2\/media?parent=44378"}],"curies":[{"name":"wp","href":"https:\/\/api.w.org\/{rel}","templated":true}]}}