{"id":45648,"date":"2024-11-05T10:12:50","date_gmt":"2024-11-05T09:12:50","guid":{"rendered":"https:\/\/www.maxima-dia.com\/?page_id=45648"},"modified":"2024-11-05T10:13:27","modified_gmt":"2024-11-05T09:13:27","slug":"broca-aspiration-plata-250","status":"publish","type":"page","link":"https:\/\/www.maxima-dia.com\/es\/brocas-de-diamante-para-seco\/broca-aspiration-plata-250\/","title":{"rendered":"Broca Aspiration Plata 250"},"content":{"rendered":"<div class=\"wpb-content-wrapper\"><p>[vc_row][vc_column text_align=\u00bbcenter\u00bb width=\u00bb1\/4&#8243;][vc_column_text]<a href=\"https:\/\/www.maxima-dia.com\/wp-content\/uploads\/2024\/11\/FORETTO-ASPIRAZIONE-ARGENTO-250-B-19_01_2024-scaled.jpg\"><img loading=\"lazy\" decoding=\"async\" class=\"alignnone wp-image-45622 size-thumbnail\" src=\"https:\/\/www.maxima-dia.com\/wp-content\/uploads\/2024\/11\/FORETTO-ASPIRAZIONE-ARGENTO-250-B-19_01_2024-150x150.jpg\" alt=\"\" width=\"150\" height=\"150\" srcset=\"https:\/\/www.maxima-dia.com\/wp-content\/uploads\/2024\/11\/FORETTO-ASPIRAZIONE-ARGENTO-250-B-19_01_2024-150x150.jpg 150w, https:\/\/www.maxima-dia.com\/wp-content\/uploads\/2024\/11\/FORETTO-ASPIRAZIONE-ARGENTO-250-B-19_01_2024-300x300.jpg 300w, https:\/\/www.maxima-dia.com\/wp-content\/uploads\/2024\/11\/FORETTO-ASPIRAZIONE-ARGENTO-250-B-19_01_2024-1024x1024.jpg 1024w, https:\/\/www.maxima-dia.com\/wp-content\/uploads\/2024\/11\/FORETTO-ASPIRAZIONE-ARGENTO-250-B-19_01_2024-768x768.jpg 768w, https:\/\/www.maxima-dia.com\/wp-content\/uploads\/2024\/11\/FORETTO-ASPIRAZIONE-ARGENTO-250-B-19_01_2024-1536x1536.jpg 1536w, https:\/\/www.maxima-dia.com\/wp-content\/uploads\/2024\/11\/FORETTO-ASPIRAZIONE-ARGENTO-250-B-19_01_2024-2048x2048.jpg 2048w, https:\/\/www.maxima-dia.com\/wp-content\/uploads\/2024\/11\/FORETTO-ASPIRAZIONE-ARGENTO-250-B-19_01_2024-80x80.jpg 80w, https:\/\/www.maxima-dia.com\/wp-content\/uploads\/2024\/11\/FORETTO-ASPIRAZIONE-ARGENTO-250-B-19_01_2024-500x500.jpg 500w, https:\/\/www.maxima-dia.com\/wp-content\/uploads\/2024\/11\/FORETTO-ASPIRAZIONE-ARGENTO-250-B-19_01_2024-1000x1000.jpg 1000w\" sizes=\"(max-width: 150px) 100vw, 150px\" \/><\/a><\/p>\n<p><a href=\"https:\/\/www.maxima-dia.com\/wp-content\/uploads\/2024\/11\/FORETTO-ASPIRAZIONE-ARGENTO-250-A-19_01_2024-scaled.jpg\"><img loading=\"lazy\" decoding=\"async\" class=\"alignnone size-thumbnail wp-image-45616\" src=\"https:\/\/www.maxima-dia.com\/wp-content\/uploads\/2024\/11\/FORETTO-ASPIRAZIONE-ARGENTO-250-A-19_01_2024-150x150.jpg\" alt=\"\" width=\"150\" height=\"150\" srcset=\"https:\/\/www.maxima-dia.com\/wp-content\/uploads\/2024\/11\/FORETTO-ASPIRAZIONE-ARGENTO-250-A-19_01_2024-150x150.jpg 150w, https:\/\/www.maxima-dia.com\/wp-content\/uploads\/2024\/11\/FORETTO-ASPIRAZIONE-ARGENTO-250-A-19_01_2024-300x300.jpg 300w, https:\/\/www.maxima-dia.com\/wp-content\/uploads\/2024\/11\/FORETTO-ASPIRAZIONE-ARGENTO-250-A-19_01_2024-1024x1024.jpg 1024w, https:\/\/www.maxima-dia.com\/wp-content\/uploads\/2024\/11\/FORETTO-ASPIRAZIONE-ARGENTO-250-A-19_01_2024-768x768.jpg 768w, https:\/\/www.maxima-dia.com\/wp-content\/uploads\/2024\/11\/FORETTO-ASPIRAZIONE-ARGENTO-250-A-19_01_2024-1536x1536.jpg 1536w, https:\/\/www.maxima-dia.com\/wp-content\/uploads\/2024\/11\/FORETTO-ASPIRAZIONE-ARGENTO-250-A-19_01_2024-2048x2048.jpg 2048w, https:\/\/www.maxima-dia.com\/wp-content\/uploads\/2024\/11\/FORETTO-ASPIRAZIONE-ARGENTO-250-A-19_01_2024-80x80.jpg 80w, https:\/\/www.maxima-dia.com\/wp-content\/uploads\/2024\/11\/FORETTO-ASPIRAZIONE-ARGENTO-250-A-19_01_2024-500x500.jpg 500w, https:\/\/www.maxima-dia.com\/wp-content\/uploads\/2024\/11\/FORETTO-ASPIRAZIONE-ARGENTO-250-A-19_01_2024-1000x1000.jpg 1000w\" sizes=\"(max-width: 150px) 100vw, 150px\" \/><\/a>[\/vc_column_text][vc_column_text css_animation=\u00bbslideInDown\u00bb el_class=\u00bbhidebuybutton\u00bb]<a href=\"https:\/\/www.storemaxima.com\/es\/brocas-de-diamante-para-seco\/344-broca-aspiration-plata-250.html\" target=\"_blank\" rel=\"noopener\"><img loading=\"lazy\" decoding=\"async\" class=\"alignnone\" title=\"Comprar en www.storemaxima.com\" src=\"https:\/\/www.maxima-dia.com\/wp-content\/uploads\/2019\/12\/pulsante-acquista-storemaxima.com-es.svg\" alt=\"Comprar en www.storemaxima.com\" width=\"180\" height=\"80\"><\/a><\/p>\n<p>&nbsp;[\/vc_column_text][\/vc_column][vc_column width=\u00bb3\/4&#8243;][vc_column_text]Es la herramienta de la gama id\u00f3nea para permitir elaboraciones que requieran la aspiraci\u00f3n de los polvos. Tambi\u00e9n la Broca de diamante Aspiration Plata 250 monta el mismo segmento de diamante de las brocas largas 150 mm y por lo tanto puede perforar en seco (y en h\u00famedo) materiales como cemento armado, ladrillos, tejas y hormig\u00f3n. La longitud \u00fatil de corte es de 250 mm.<\/p>\n<table class=\"tabellatecnica\" style=\"width: 80%; height: 550px;\" border=\"0\" cellspacing=\"0\" cellpadding=\"0\">\n<thead>\n<tr style=\"height: 24px;\">\n<td class=\"testata\" style=\"height: 24px;\" colspan=\"2\">FICHA T\u00c9CNICA<\/td>\n<\/tr>\n<\/thead>\n<tbody>\n<tr style=\"height: 35px;\">\n<td class=\"prima\" style=\"height: 35px;\">Cemento Curado \/ Ladrillos \/ Tejas<\/td>\n<td class=\"seconda\" style=\"height: 35px;\"><b class=\"txtred\">\u2605<\/b><b class=\"txtred\">\u2605<\/b><b class=\"txtred\">\u2605<\/b><b class=\"txtred\">\u2605<\/b><\/td>\n<\/tr>\n<tr style=\"height: 35px;\">\n<td class=\"prima\" style=\"height: 35px;\">Hormig\u00f3n poco armado<\/td>\n<td class=\"seconda\" style=\"height: 35px;\"><b class=\"txtred\">\u2605<\/b><b class=\"txtred\">\u2605<\/b><\/td>\n<\/tr>\n<tr style=\"height: 35px;\">\n<td class=\"prima\" style=\"height: 35px;\">Hormig\u00f3n muy armado<\/td>\n<td class=\"seconda\" style=\"height: 35px;\"><b class=\"txtred\">\u2605<\/b><\/td>\n<\/tr>\n<tr style=\"height: 35px;\">\n<td class=\"prima\" style=\"height: 35px;\">Granitos \/ Piedras naturales \/ P\u00f3rfidos<\/td>\n<td class=\"seconda\" style=\"height: 35px;\"><b class=\"txtred\">\u2605<\/b><b class=\"txtred\">\u2605<\/b><\/td>\n<\/tr>\n<tr style=\"height: 24px;\">\n<td class=\"prima\" style=\"height: 24px;\">M\u00e1rmoles<\/td>\n<td class=\"seconda\" style=\"height: 24px;\">&nbsp;<\/td>\n<\/tr>\n<tr style=\"height: 35px;\">\n<td class=\"prima\" style=\"height: 35px;\">Refractarios<\/td>\n<td class=\"seconda\" style=\"height: 35px;\"><b class=\"txtred\">\u2605<\/b><b class=\"txtred\">\u2605<\/b><\/td>\n<\/tr>\n<tr style=\"height: 35px;\">\n<td class=\"prima\" style=\"height: 35px;\">Areniscas \/ Placas de gravilla lavada<\/td>\n<td class=\"seconda\" style=\"height: 35px;\"><b class=\"txtred\">\u2605<\/b><b class=\"txtred\">\u2605<\/b><\/td>\n<\/tr>\n<tr style=\"height: 35px;\">\n<td class=\"prima\" style=\"height: 35px;\">Cer\u00e1mica cocida dos veces<\/td>\n<td class=\"seconda\" style=\"height: 35px;\"><b class=\"txtred\">\u2605<\/b><\/td>\n<\/tr>\n<tr style=\"height: 35px;\">\n<td class=\"prima\" style=\"height: 35px;\">Cer\u00e1mica cocida una vez<\/td>\n<td class=\"seconda\" style=\"height: 35px;\"><b class=\"txtred\">\u2605<\/b><\/td>\n<\/tr>\n<tr style=\"height: 23px;\">\n<td class=\"prima\" style=\"height: 23px;\">Gres porcel\u00e1nico \/ Klinker<\/td>\n<td class=\"seconda\" style=\"height: 23px;\">&nbsp;<\/td>\n<\/tr>\n<tr style=\"height: 35px;\">\n<td class=\"prima\" style=\"height: 35px;\">Cemento fresco<\/td>\n<td class=\"seconda\" style=\"height: 35px;\"><b class=\"txtred\">\u2605<\/b><\/td>\n<\/tr>\n<tr style=\"height: 35px;\">\n<td class=\"prima\" style=\"height: 35px;\">Asfalto<\/td>\n<td class=\"seconda\" style=\"height: 35px;\"><b class=\"txtred\">\u2605<\/b><\/td>\n<\/tr>\n<tr style=\"height: 24px;\">\n<td class=\"intervallo\" style=\"height: 24px;\" colspan=\"2\">&nbsp;<\/td>\n<\/tr>\n<tr style=\"height: 35px;\">\n<td class=\"prima\" style=\"height: 35px;\">Velocidad de corte<\/td>\n<td class=\"seconda\" style=\"height: 35px;\"><b class=\"txtred\">\u2605<\/b><b class=\"txtred\">\u2605<\/b><b class=\"txtred\">\u2605<\/b><\/td>\n<\/tr>\n<tr style=\"height: 35px;\">\n<td class=\"prima\" style=\"height: 35px;\">Duraci\u00f3n promedio<\/td>\n<td class=\"seconda\" style=\"height: 35px;\"><b class=\"txtred\">\u2605<\/b><b class=\"txtred\">\u2605<\/b><b class=\"txtred\">\u2605<\/b><\/td>\n<\/tr>\n<tr style=\"height: 35px;\">\n<td class=\"legenda\" style=\"height: 35px;\" colspan=\"2\"><strong>suficiente<\/strong>&nbsp;<b class=\"txtred\">\u2605<\/b>&nbsp;&nbsp;&nbsp;&nbsp;&nbsp;<strong>regular<\/strong>&nbsp;<b class=\"txtred\">\u2605<\/b><b class=\"txtred\">\u2605<\/b>&nbsp;&nbsp;&nbsp;&nbsp;&nbsp;<strong>bueno<\/strong>&nbsp;<b class=\"txtred\">\u2605<\/b><b class=\"txtred\">\u2605<\/b><b class=\"txtred\">\u2605<\/b>&nbsp;&nbsp;&nbsp;&nbsp;&nbsp;<strong>sobresaliente<\/strong>&nbsp;<b class=\"txtred\">\u2605<\/b><b class=\"txtred\">\u2605<\/b><b class=\"txtred\">\u2605<\/b><b class=\"txtred\">\u2605<\/b>&nbsp; &nbsp;<strong>super<\/strong>&nbsp;<b class=\"txtred\">\u2605<\/b><b class=\"txtred\">\u2605<\/b><b class=\"txtred\">\u2605<\/b><b class=\"txtred\">\u2605<\/b><b class=\"txtred\">\u2605<\/b><\/td>\n<\/tr>\n<\/tbody>\n<\/table>\n<p>&nbsp;<\/p>\n<table class=\"tabellatecnica\" style=\"width: 80%;\" border=\"0\" cellspacing=\"0\" cellpadding=\"0\">\n<thead>\n<tr>\n<td class=\"testata\"><strong>PUEDE UTILIZARSE EN LAS M\u00c1QUINAS SIGUIENTES<\/strong><\/td>\n<\/tr>\n<\/thead>\n<tbody>\n<tr>\n<td><img loading=\"lazy\" decoding=\"async\" class=\"alignleft\" src=\"\/wp-content\/uploads\/2013\/11\/s-m1.png\" alt=\"s-m1\" width=\"107\" height=\"30\">52-57-62-68-82-102-112-127-152-162<\/td>\n<\/tr>\n<\/tbody>\n<\/table>\n<p>&nbsp;[\/vc_column_text][\/vc_column][\/vc_row]<\/p>\n<\/div>","protected":false},"excerpt":{"rendered":"<p>[vc_row][vc_column text_align=\u00bbcenter\u00bb width=\u00bb1\/4&#8243;][vc_column_text] [\/vc_column_text][vc_column_text css_animation=\u00bbslideInDown\u00bb el_class=\u00bbhidebuybutton\u00bb] &nbsp;[\/vc_column_text][\/vc_column][vc_column width=\u00bb3\/4&#8243;][vc_column_text]Es la herramienta de la gama id\u00f3nea para permitir elaboraciones que requieran la aspiraci\u00f3n de los polvos. Tambi\u00e9n la Broca de diamante Aspiration Plata 250 monta el mismo segmento de diamante de las brocas largas 150 mm y por lo tanto puede perforar en seco (y en h\u00famedo) materiales como cemento armado, ladrillos, tejas y hormig\u00f3n. La longitud \u00fatil de corte es de 250 mm. FICHA T\u00c9CNICA Cemento Curado \/ Ladrillos \/ Tejas \u2605\u2605\u2605\u2605 Hormig\u00f3n poco armado \u2605\u2605 Hormig\u00f3n muy armado \u2605 Granitos \/ Piedras naturales \/ P\u00f3rfidos \u2605\u2605 M\u00e1rmoles &nbsp; Refractarios \u2605\u2605 Areniscas \/ Placas de gravilla lavada \u2605\u2605 Cer\u00e1mica cocida dos veces \u2605 Cer\u00e1mica cocida una vez \u2605 Gres porcel\u00e1nico \/ Klinker &nbsp; Cemento fresco \u2605 Asfalto \u2605 &nbsp; Velocidad de corte \u2605\u2605\u2605 Duraci\u00f3n promedio \u2605\u2605\u2605 suficiente&nbsp;\u2605&nbsp;&nbsp;&nbsp;&nbsp;&nbsp;regular&nbsp;\u2605\u2605&nbsp;&nbsp;&nbsp;&nbsp;&nbsp;bueno&nbsp;\u2605\u2605\u2605&nbsp;&nbsp;&nbsp;&nbsp;&nbsp;sobresaliente&nbsp;\u2605\u2605\u2605\u2605&nbsp; &nbsp;super&nbsp;\u2605\u2605\u2605\u2605\u2605 &nbsp; PUEDE UTILIZARSE EN LAS M\u00c1QUINAS SIGUIENTES 52-57-62-68-82-102-112-127-152-162 &nbsp;[\/vc_column_text][\/vc_column][\/vc_row]<\/p>\n","protected":false},"author":29,"featured_media":45633,"parent":12426,"menu_order":7,"comment_status":"closed","ping_status":"closed","template":"","meta":{"ngg_post_thumbnail":0,"_joinchat":[],"footnotes":""},"class_list":["post-45648","page","type-page","status-publish","has-post-thumbnail","hentry"],"yoast_head":"<!-- This site is optimized with the Yoast SEO plugin v25.5 - https:\/\/yoast.com\/wordpress\/plugins\/seo\/ -->\n<title>Broca Aspiration Plata 250 - Maxima SpA<\/title>\n<meta name=\"robots\" content=\"index, follow, max-snippet:-1, max-image-preview:large, max-video-preview:-1\" \/>\n<link rel=\"canonical\" href=\"https:\/\/www.maxima-dia.com\/es\/brocas-de-diamante-para-seco\/broca-aspiration-plata-250\/\" \/>\n<meta property=\"og:locale\" content=\"es_ES\" \/>\n<meta property=\"og:type\" content=\"article\" \/>\n<meta property=\"og:title\" content=\"Broca Aspiration Plata 250 - Maxima SpA\" \/>\n<meta property=\"og:description\" content=\"[vc_row][vc_column text_align=\u00bbcenter\u00bb width=\u00bb1\/4&#8243;][vc_column_text] [\/vc_column_text][vc_column_text css_animation=\u00bbslideInDown\u00bb el_class=\u00bbhidebuybutton\u00bb] &nbsp;[\/vc_column_text][\/vc_column][vc_column width=\u00bb3\/4&#8243;][vc_column_text]Es la herramienta de la gama id\u00f3nea para permitir elaboraciones que requieran la aspiraci\u00f3n de los polvos. Tambi\u00e9n la Broca de diamante Aspiration Plata 250 monta el mismo segmento de diamante de las brocas largas 150 mm y por lo tanto puede perforar en seco (y en h\u00famedo) materiales como cemento armado, ladrillos, tejas y hormig\u00f3n. La longitud \u00fatil de corte es de 250 mm. FICHA T\u00c9CNICA Cemento Curado \/ Ladrillos \/ Tejas \u2605\u2605\u2605\u2605 Hormig\u00f3n poco armado \u2605\u2605 Hormig\u00f3n muy armado \u2605 Granitos \/ Piedras naturales \/ P\u00f3rfidos \u2605\u2605 M\u00e1rmoles &nbsp; Refractarios \u2605\u2605 Areniscas \/ Placas de gravilla lavada \u2605\u2605 Cer\u00e1mica cocida dos veces \u2605 Cer\u00e1mica cocida una vez \u2605 Gres porcel\u00e1nico \/ Klinker &nbsp; Cemento fresco \u2605 Asfalto \u2605 &nbsp; Velocidad de corte \u2605\u2605\u2605 Duraci\u00f3n promedio \u2605\u2605\u2605 suficiente&nbsp;\u2605&nbsp;&nbsp;&nbsp;&nbsp;&nbsp;regular&nbsp;\u2605\u2605&nbsp;&nbsp;&nbsp;&nbsp;&nbsp;bueno&nbsp;\u2605\u2605\u2605&nbsp;&nbsp;&nbsp;&nbsp;&nbsp;sobresaliente&nbsp;\u2605\u2605\u2605\u2605&nbsp; &nbsp;super&nbsp;\u2605\u2605\u2605\u2605\u2605 &nbsp; PUEDE UTILIZARSE EN LAS M\u00c1QUINAS SIGUIENTES 52-57-62-68-82-102-112-127-152-162 &nbsp;[\/vc_column_text][\/vc_column][\/vc_row]\" \/>\n<meta property=\"og:url\" content=\"https:\/\/www.maxima-dia.com\/es\/brocas-de-diamante-para-seco\/broca-aspiration-plata-250\/\" \/>\n<meta property=\"og:site_name\" content=\"Maxima SpA\" \/>\n<meta property=\"article:publisher\" content=\"https:\/\/www.facebook.com\/Maxima-spa-106098566139597\" \/>\n<meta property=\"article:modified_time\" content=\"2024-11-05T09:13:27+00:00\" \/>\n<meta property=\"og:image\" content=\"https:\/\/www.maxima-dia.com\/wp-content\/uploads\/2024\/11\/FORETTO-ASPIRAZIONE-ARGENTO-250_cop-scaled.jpg\" \/>\n\t<meta property=\"og:image:width\" content=\"2560\" \/>\n\t<meta property=\"og:image:height\" content=\"2560\" \/>\n\t<meta property=\"og:image:type\" content=\"image\/jpeg\" \/>\n<meta name=\"twitter:card\" content=\"summary_large_image\" \/>\n<meta name=\"twitter:site\" content=\"@Maximadia\" \/>\n<meta name=\"twitter:label1\" content=\"Tiempo de lectura\" \/>\n\t<meta name=\"twitter:data1\" content=\"1 minuto\" \/>\n<script type=\"application\/ld+json\" class=\"yoast-schema-graph\">{\"@context\":\"https:\/\/schema.org\",\"@graph\":[{\"@type\":\"WebPage\",\"@id\":\"https:\/\/www.maxima-dia.com\/es\/brocas-de-diamante-para-seco\/broca-aspiration-plata-250\/\",\"url\":\"https:\/\/www.maxima-dia.com\/es\/brocas-de-diamante-para-seco\/broca-aspiration-plata-250\/\",\"name\":\"Broca Aspiration Plata 250 - Maxima SpA\",\"isPartOf\":{\"@id\":\"https:\/\/www.maxima-dia.com\/es\/#website\"},\"primaryImageOfPage\":{\"@id\":\"https:\/\/www.maxima-dia.com\/es\/brocas-de-diamante-para-seco\/broca-aspiration-plata-250\/#primaryimage\"},\"image\":{\"@id\":\"https:\/\/www.maxima-dia.com\/es\/brocas-de-diamante-para-seco\/broca-aspiration-plata-250\/#primaryimage\"},\"thumbnailUrl\":\"https:\/\/www.maxima-dia.com\/wp-content\/uploads\/2024\/11\/FORETTO-ASPIRAZIONE-ARGENTO-250_cop-scaled.jpg\",\"datePublished\":\"2024-11-05T09:12:50+00:00\",\"dateModified\":\"2024-11-05T09:13:27+00:00\",\"breadcrumb\":{\"@id\":\"https:\/\/www.maxima-dia.com\/es\/brocas-de-diamante-para-seco\/broca-aspiration-plata-250\/#breadcrumb\"},\"inLanguage\":\"es\",\"potentialAction\":[{\"@type\":\"ReadAction\",\"target\":[\"https:\/\/www.maxima-dia.com\/es\/brocas-de-diamante-para-seco\/broca-aspiration-plata-250\/\"]}]},{\"@type\":\"ImageObject\",\"inLanguage\":\"es\",\"@id\":\"https:\/\/www.maxima-dia.com\/es\/brocas-de-diamante-para-seco\/broca-aspiration-plata-250\/#primaryimage\",\"url\":\"https:\/\/www.maxima-dia.com\/wp-content\/uploads\/2024\/11\/FORETTO-ASPIRAZIONE-ARGENTO-250_cop-scaled.jpg\",\"contentUrl\":\"https:\/\/www.maxima-dia.com\/wp-content\/uploads\/2024\/11\/FORETTO-ASPIRAZIONE-ARGENTO-250_cop-scaled.jpg\",\"width\":2560,\"height\":2560,\"caption\":\"FORETTI_ 005\"},{\"@type\":\"BreadcrumbList\",\"@id\":\"https:\/\/www.maxima-dia.com\/es\/brocas-de-diamante-para-seco\/broca-aspiration-plata-250\/#breadcrumb\",\"itemListElement\":[{\"@type\":\"ListItem\",\"position\":1,\"name\":\"Home\",\"item\":\"https:\/\/www.maxima-dia.com\/es\/\"},{\"@type\":\"ListItem\",\"position\":2,\"name\":\"Brocas de Diamante para Seco\",\"item\":\"https:\/\/www.maxima-dia.com\/es\/brocas-de-diamante-para-seco\/\"},{\"@type\":\"ListItem\",\"position\":3,\"name\":\"Broca Aspiration Plata 250\"}]},{\"@type\":\"WebSite\",\"@id\":\"https:\/\/www.maxima-dia.com\/es\/#website\",\"url\":\"https:\/\/www.maxima-dia.com\/es\/\",\"name\":\"Maxima SpA\",\"description\":\"Only for the real professionals\",\"potentialAction\":[{\"@type\":\"SearchAction\",\"target\":{\"@type\":\"EntryPoint\",\"urlTemplate\":\"https:\/\/www.maxima-dia.com\/es\/?s={search_term_string}\"},\"query-input\":{\"@type\":\"PropertyValueSpecification\",\"valueRequired\":true,\"valueName\":\"search_term_string\"}}],\"inLanguage\":\"es\"}]}<\/script>\n<!-- \/ Yoast SEO plugin. -->","yoast_head_json":{"title":"Broca Aspiration Plata 250 - Maxima SpA","robots":{"index":"index","follow":"follow","max-snippet":"max-snippet:-1","max-image-preview":"max-image-preview:large","max-video-preview":"max-video-preview:-1"},"canonical":"https:\/\/www.maxima-dia.com\/es\/brocas-de-diamante-para-seco\/broca-aspiration-plata-250\/","og_locale":"es_ES","og_type":"article","og_title":"Broca Aspiration Plata 250 - Maxima SpA","og_description":"[vc_row][vc_column text_align=\u00bbcenter\u00bb width=\u00bb1\/4&#8243;][vc_column_text] [\/vc_column_text][vc_column_text css_animation=\u00bbslideInDown\u00bb el_class=\u00bbhidebuybutton\u00bb] &nbsp;[\/vc_column_text][\/vc_column][vc_column width=\u00bb3\/4&#8243;][vc_column_text]Es la herramienta de la gama id\u00f3nea para permitir elaboraciones que requieran la aspiraci\u00f3n de los polvos. Tambi\u00e9n la Broca de diamante Aspiration Plata 250 monta el mismo segmento de diamante de las brocas largas 150 mm y por lo tanto puede perforar en seco (y en h\u00famedo) materiales como cemento armado, ladrillos, tejas y hormig\u00f3n. La longitud \u00fatil de corte es de 250 mm. FICHA T\u00c9CNICA Cemento Curado \/ Ladrillos \/ Tejas \u2605\u2605\u2605\u2605 Hormig\u00f3n poco armado \u2605\u2605 Hormig\u00f3n muy armado \u2605 Granitos \/ Piedras naturales \/ P\u00f3rfidos \u2605\u2605 M\u00e1rmoles &nbsp; Refractarios \u2605\u2605 Areniscas \/ Placas de gravilla lavada \u2605\u2605 Cer\u00e1mica cocida dos veces \u2605 Cer\u00e1mica cocida una vez \u2605 Gres porcel\u00e1nico \/ Klinker &nbsp; Cemento fresco \u2605 Asfalto \u2605 &nbsp; Velocidad de corte \u2605\u2605\u2605 Duraci\u00f3n promedio \u2605\u2605\u2605 suficiente&nbsp;\u2605&nbsp;&nbsp;&nbsp;&nbsp;&nbsp;regular&nbsp;\u2605\u2605&nbsp;&nbsp;&nbsp;&nbsp;&nbsp;bueno&nbsp;\u2605\u2605\u2605&nbsp;&nbsp;&nbsp;&nbsp;&nbsp;sobresaliente&nbsp;\u2605\u2605\u2605\u2605&nbsp; &nbsp;super&nbsp;\u2605\u2605\u2605\u2605\u2605 &nbsp; PUEDE UTILIZARSE EN LAS M\u00c1QUINAS SIGUIENTES 52-57-62-68-82-102-112-127-152-162 &nbsp;[\/vc_column_text][\/vc_column][\/vc_row]","og_url":"https:\/\/www.maxima-dia.com\/es\/brocas-de-diamante-para-seco\/broca-aspiration-plata-250\/","og_site_name":"Maxima SpA","article_publisher":"https:\/\/www.facebook.com\/Maxima-spa-106098566139597","article_modified_time":"2024-11-05T09:13:27+00:00","og_image":[{"width":2560,"height":2560,"url":"https:\/\/www.maxima-dia.com\/wp-content\/uploads\/2024\/11\/FORETTO-ASPIRAZIONE-ARGENTO-250_cop-scaled.jpg","type":"image\/jpeg"}],"twitter_card":"summary_large_image","twitter_site":"@Maximadia","twitter_misc":{"Tiempo de lectura":"1 minuto"},"schema":{"@context":"https:\/\/schema.org","@graph":[{"@type":"WebPage","@id":"https:\/\/www.maxima-dia.com\/es\/brocas-de-diamante-para-seco\/broca-aspiration-plata-250\/","url":"https:\/\/www.maxima-dia.com\/es\/brocas-de-diamante-para-seco\/broca-aspiration-plata-250\/","name":"Broca Aspiration Plata 250 - Maxima SpA","isPartOf":{"@id":"https:\/\/www.maxima-dia.com\/es\/#website"},"primaryImageOfPage":{"@id":"https:\/\/www.maxima-dia.com\/es\/brocas-de-diamante-para-seco\/broca-aspiration-plata-250\/#primaryimage"},"image":{"@id":"https:\/\/www.maxima-dia.com\/es\/brocas-de-diamante-para-seco\/broca-aspiration-plata-250\/#primaryimage"},"thumbnailUrl":"https:\/\/www.maxima-dia.com\/wp-content\/uploads\/2024\/11\/FORETTO-ASPIRAZIONE-ARGENTO-250_cop-scaled.jpg","datePublished":"2024-11-05T09:12:50+00:00","dateModified":"2024-11-05T09:13:27+00:00","breadcrumb":{"@id":"https:\/\/www.maxima-dia.com\/es\/brocas-de-diamante-para-seco\/broca-aspiration-plata-250\/#breadcrumb"},"inLanguage":"es","potentialAction":[{"@type":"ReadAction","target":["https:\/\/www.maxima-dia.com\/es\/brocas-de-diamante-para-seco\/broca-aspiration-plata-250\/"]}]},{"@type":"ImageObject","inLanguage":"es","@id":"https:\/\/www.maxima-dia.com\/es\/brocas-de-diamante-para-seco\/broca-aspiration-plata-250\/#primaryimage","url":"https:\/\/www.maxima-dia.com\/wp-content\/uploads\/2024\/11\/FORETTO-ASPIRAZIONE-ARGENTO-250_cop-scaled.jpg","contentUrl":"https:\/\/www.maxima-dia.com\/wp-content\/uploads\/2024\/11\/FORETTO-ASPIRAZIONE-ARGENTO-250_cop-scaled.jpg","width":2560,"height":2560,"caption":"FORETTI_ 005"},{"@type":"BreadcrumbList","@id":"https:\/\/www.maxima-dia.com\/es\/brocas-de-diamante-para-seco\/broca-aspiration-plata-250\/#breadcrumb","itemListElement":[{"@type":"ListItem","position":1,"name":"Home","item":"https:\/\/www.maxima-dia.com\/es\/"},{"@type":"ListItem","position":2,"name":"Brocas de Diamante para Seco","item":"https:\/\/www.maxima-dia.com\/es\/brocas-de-diamante-para-seco\/"},{"@type":"ListItem","position":3,"name":"Broca Aspiration Plata 250"}]},{"@type":"WebSite","@id":"https:\/\/www.maxima-dia.com\/es\/#website","url":"https:\/\/www.maxima-dia.com\/es\/","name":"Maxima SpA","description":"Only for the real professionals","potentialAction":[{"@type":"SearchAction","target":{"@type":"EntryPoint","urlTemplate":"https:\/\/www.maxima-dia.com\/es\/?s={search_term_string}"},"query-input":{"@type":"PropertyValueSpecification","valueRequired":true,"valueName":"search_term_string"}}],"inLanguage":"es"}]}},"_links":{"self":[{"href":"https:\/\/www.maxima-dia.com\/es\/wp-json\/wp\/v2\/pages\/45648"}],"collection":[{"href":"https:\/\/www.maxima-dia.com\/es\/wp-json\/wp\/v2\/pages"}],"about":[{"href":"https:\/\/www.maxima-dia.com\/es\/wp-json\/wp\/v2\/types\/page"}],"author":[{"embeddable":true,"href":"https:\/\/www.maxima-dia.com\/es\/wp-json\/wp\/v2\/users\/29"}],"replies":[{"embeddable":true,"href":"https:\/\/www.maxima-dia.com\/es\/wp-json\/wp\/v2\/comments?post=45648"}],"version-history":[{"count":2,"href":"https:\/\/www.maxima-dia.com\/es\/wp-json\/wp\/v2\/pages\/45648\/revisions"}],"predecessor-version":[{"id":45650,"href":"https:\/\/www.maxima-dia.com\/es\/wp-json\/wp\/v2\/pages\/45648\/revisions\/45650"}],"up":[{"embeddable":true,"href":"https:\/\/www.maxima-dia.com\/es\/wp-json\/wp\/v2\/pages\/12426"}],"wp:featuredmedia":[{"embeddable":true,"href":"https:\/\/www.maxima-dia.com\/es\/wp-json\/wp\/v2\/media\/45633"}],"wp:attachment":[{"href":"https:\/\/www.maxima-dia.com\/es\/wp-json\/wp\/v2\/media?parent=45648"}],"curies":[{"name":"wp","href":"https:\/\/api.w.org\/{rel}","templated":true}]}}