{"id":7765,"date":"2014-04-10T09:26:49","date_gmt":"2014-04-10T07:26:49","guid":{"rendered":"http:\/\/www.maxima-dia.com\/?page_id=7765"},"modified":"2019-08-07T11:35:30","modified_gmt":"2019-08-07T09:35:30","slug":"nuestra-historia","status":"publish","type":"page","link":"https:\/\/www.maxima-dia.com\/es\/nuestra-historia\/","title":{"rendered":"Nuestra Historia"},"content":{"rendered":"<h3 style=\"text-align: justify;\">Presentaci\u00f3n<\/h3>\n<p><a href=\"\/wp-content\/uploads\/2011\/09\/chi-siamo-2015.jpg\"><img loading=\"lazy\" decoding=\"async\" src=\"\/wp-content\/uploads\/2011\/09\/chi-siamo-2015.jpg\" alt=\"chi-siamo-2015\" width=\"601\" height=\"407\"><\/a><\/p>\n<p>Maxima nace en el a\u00f1o 2001 en Poviglio, en la provincia&nbsp;de Reggio Emilia. El objetivo fue claro ya desde los comienzos:&nbsp;convertirse en los l\u00edderes del sector.<br \/>\nEn la base estaba un proyecto fundado sobre valores como&nbsp;la transparencia, la sencillez y la pasi\u00f3n verdadera por el trabajo.<\/p>\n<p>La empresa se especializa en herramientas diamantadas y&nbsp;m\u00e1quinas para la construcci\u00f3n para corte y perforaci\u00f3n y con el pasar&nbsp;de los a\u00f1os, el aumento del volumen de venta ha sido constante<br \/>\nincluso en los per\u00edodos de recesi\u00f3n econ\u00f3mica.&nbsp;El resultado alentador es una confirmaci\u00f3n positiva&nbsp;de lo correcto de las elecciones comerciales, de&nbsp;marketing y empresariales que los tres socios llevan&nbsp;adelante en primera persona.<\/p>\n<p>As\u00ed, desde la peque\u00f1a nave en que se empez\u00f3 la actividad, la sede de la empresa se ha mudado, en el a\u00f1o 2008, a la sede nueva y moderna de via Matteotti, en un \u00e1rea de 10.000 m2, que le permite responder de forma m\u00e1s efectiva a las necesidades comerciales y de abastecimiento&nbsp;r\u00e1pido de los clientes.<\/p>\n<p>M\u00e1xima siempre ha cre\u00eddo en la sencillez.<br \/>\nSencillez en las relaciones con las personas,&nbsp;de forma muy transparente; sencillez en la&nbsp;forma de presentar los productos, que toman su&nbsp;nombre de su color, indicando claramente&nbsp;las caracter\u00edsticas t\u00e9cnicas; sencillez en el&nbsp;cat\u00e1logo, que puede ser consultado f\u00e1cilmente incluso por los&nbsp;menos expertos.<\/p>\n<p>Adem\u00e1s, la confianza que se ha conquistado con&nbsp;el pasar de los a\u00f1os es fruto&nbsp;de la calidad total M\u00e1xima, certificada y&nbsp;controlada y de lo completo de la gama,&nbsp;que ofrece productos aptos a todas las exigencias,&nbsp;inmediatamente disponibles en nuestro dep\u00f3sito.<\/p>\n<p>Primera empresa del sector que ha apostado en el&nbsp;marketing como instrumento de mercado, M\u00e1xima ha&nbsp;sabido hacer de la imagen y de la pol\u00edtica de la&nbsp;marca uno de sus puntos de fuerza que se le reconocen.<br \/>\nLa velocidad de entrega y la asistencia cuidada pre&nbsp;y post venta completan un servicio eficiente&nbsp;y personalizado.<\/p>\n<p>Para el futuro M\u00e1xima prev\u00e9 muchas novedades,&nbsp;entre las cuales el ensanchamiento ulterior de la&nbsp;gama, el incremento de las cuotas de mercado,&nbsp;la expansi\u00f3n en el extranjero y una atenci\u00f3n&nbsp;especial hacia el ecosustentabilidad y al sector social.<\/p>\n<p>&nbsp;<\/p>\n<h4>Vea la galer\u00eda de fotos<\/h4>\nngg_shortcode_0_placeholder\n","protected":false},"excerpt":{"rendered":"<p>Presentaci\u00f3n Maxima nace en el a\u00f1o 2001 en Poviglio, en la provincia&nbsp;de Reggio Emilia. El objetivo fue claro ya desde los comienzos:&nbsp;convertirse en los l\u00edderes del sector. En la base estaba un proyecto fundado sobre valores como&nbsp;la transparencia, la sencillez y la pasi\u00f3n verdadera por el trabajo. La empresa se especializa en herramientas diamantadas y&nbsp;m\u00e1quinas para la construcci\u00f3n para corte y perforaci\u00f3n y con el pasar&nbsp;de los a\u00f1os, el aumento del volumen de venta ha sido constante incluso en los per\u00edodos de recesi\u00f3n econ\u00f3mica.&nbsp;El resultado alentador es una confirmaci\u00f3n positiva&nbsp;de lo correcto de las elecciones comerciales, de&nbsp;marketing y empresariales que los tres socios llevan&nbsp;adelante en primera persona. As\u00ed, desde la peque\u00f1a nave en que se empez\u00f3 la actividad, la sede de la empresa se ha mudado, en el a\u00f1o 2008, a la sede nueva y moderna de via Matteotti, en un \u00e1rea de 10.000 m2, que le permite responder de forma m\u00e1s efectiva a las necesidades comerciales y de abastecimiento&nbsp;r\u00e1pido de los clientes. M\u00e1xima siempre ha cre\u00eddo en la sencillez. Sencillez en las relaciones con las personas,&nbsp;de forma muy transparente; sencillez en la&nbsp;forma de presentar los productos, que toman su&nbsp;nombre de su color, indicando claramente&nbsp;las caracter\u00edsticas t\u00e9cnicas; sencillez en el&nbsp;cat\u00e1logo, [&hellip;]<\/p>\n","protected":false},"author":29,"featured_media":0,"parent":0,"menu_order":244,"comment_status":"closed","ping_status":"closed","template":"","meta":{"ngg_post_thumbnail":0,"_joinchat":[],"footnotes":""},"class_list":["post-7765","page","type-page","status-publish","hentry"],"yoast_head":"<!-- This site is optimized with the Yoast SEO plugin v25.5 - https:\/\/yoast.com\/wordpress\/plugins\/seo\/ -->\n<title>Nuestra Historia - Maxima SpA<\/title>\n<meta name=\"description\" content=\"La empresa se especializa en herramientas diamantadas y m\u00e1quinas para la construcci\u00f3n para corte y perforaci\u00f3n\" \/>\n<meta name=\"robots\" content=\"index, follow, max-snippet:-1, max-image-preview:large, max-video-preview:-1\" \/>\n<link rel=\"canonical\" href=\"https:\/\/www.maxima-dia.com\/es\/nuestra-historia\/\" \/>\n<meta property=\"og:locale\" content=\"es_ES\" \/>\n<meta property=\"og:type\" content=\"article\" \/>\n<meta property=\"og:title\" content=\"Nuestra Historia - Maxima SpA\" \/>\n<meta property=\"og:description\" content=\"La empresa se especializa en herramientas diamantadas y m\u00e1quinas para la construcci\u00f3n para corte y perforaci\u00f3n\" \/>\n<meta property=\"og:url\" content=\"https:\/\/www.maxima-dia.com\/es\/nuestra-historia\/\" \/>\n<meta property=\"og:site_name\" content=\"Maxima SpA\" \/>\n<meta property=\"article:publisher\" content=\"https:\/\/www.facebook.com\/Maxima-spa-106098566139597\" \/>\n<meta property=\"article:modified_time\" content=\"2019-08-07T09:35:30+00:00\" \/>\n<meta property=\"og:image\" content=\"https:\/\/www.maxima-dia.com\/wp-content\/uploads\/2011\/09\/chi-siamo-2015.jpg\" \/>\n<meta name=\"twitter:card\" content=\"summary_large_image\" \/>\n<meta name=\"twitter:site\" content=\"@Maximadia\" \/>\n<meta name=\"twitter:label1\" content=\"Tiempo de lectura\" \/>\n\t<meta name=\"twitter:data1\" content=\"2 minutos\" \/>\n<script type=\"application\/ld+json\" class=\"yoast-schema-graph\">{\"@context\":\"https:\/\/schema.org\",\"@graph\":[{\"@type\":\"WebPage\",\"@id\":\"https:\/\/www.maxima-dia.com\/es\/nuestra-historia\/\",\"url\":\"https:\/\/www.maxima-dia.com\/es\/nuestra-historia\/\",\"name\":\"Nuestra Historia - Maxima SpA\",\"isPartOf\":{\"@id\":\"https:\/\/www.maxima-dia.com\/es\/#website\"},\"datePublished\":\"2014-04-10T07:26:49+00:00\",\"dateModified\":\"2019-08-07T09:35:30+00:00\",\"description\":\"La empresa se especializa en herramientas diamantadas y m\u00e1quinas para la construcci\u00f3n para corte y perforaci\u00f3n\",\"breadcrumb\":{\"@id\":\"https:\/\/www.maxima-dia.com\/es\/nuestra-historia\/#breadcrumb\"},\"inLanguage\":\"es\",\"potentialAction\":[{\"@type\":\"ReadAction\",\"target\":[\"https:\/\/www.maxima-dia.com\/es\/nuestra-historia\/\"]}]},{\"@type\":\"BreadcrumbList\",\"@id\":\"https:\/\/www.maxima-dia.com\/es\/nuestra-historia\/#breadcrumb\",\"itemListElement\":[{\"@type\":\"ListItem\",\"position\":1,\"name\":\"Home\",\"item\":\"https:\/\/www.maxima-dia.com\/es\/\"},{\"@type\":\"ListItem\",\"position\":2,\"name\":\"Nuestra Historia\"}]},{\"@type\":\"WebSite\",\"@id\":\"https:\/\/www.maxima-dia.com\/es\/#website\",\"url\":\"https:\/\/www.maxima-dia.com\/es\/\",\"name\":\"Maxima SpA\",\"description\":\"Only for the real professionals\",\"potentialAction\":[{\"@type\":\"SearchAction\",\"target\":{\"@type\":\"EntryPoint\",\"urlTemplate\":\"https:\/\/www.maxima-dia.com\/es\/?s={search_term_string}\"},\"query-input\":{\"@type\":\"PropertyValueSpecification\",\"valueRequired\":true,\"valueName\":\"search_term_string\"}}],\"inLanguage\":\"es\"}]}<\/script>\n<!-- \/ Yoast SEO plugin. -->","yoast_head_json":{"title":"Nuestra Historia - Maxima SpA","description":"La empresa se especializa en herramientas diamantadas y m\u00e1quinas para la construcci\u00f3n para corte y perforaci\u00f3n","robots":{"index":"index","follow":"follow","max-snippet":"max-snippet:-1","max-image-preview":"max-image-preview:large","max-video-preview":"max-video-preview:-1"},"canonical":"https:\/\/www.maxima-dia.com\/es\/nuestra-historia\/","og_locale":"es_ES","og_type":"article","og_title":"Nuestra Historia - Maxima SpA","og_description":"La empresa se especializa en herramientas diamantadas y m\u00e1quinas para la construcci\u00f3n para corte y perforaci\u00f3n","og_url":"https:\/\/www.maxima-dia.com\/es\/nuestra-historia\/","og_site_name":"Maxima SpA","article_publisher":"https:\/\/www.facebook.com\/Maxima-spa-106098566139597","article_modified_time":"2019-08-07T09:35:30+00:00","og_image":[{"url":"https:\/\/www.maxima-dia.com\/wp-content\/uploads\/2011\/09\/chi-siamo-2015.jpg","type":"","width":"","height":""}],"twitter_card":"summary_large_image","twitter_site":"@Maximadia","twitter_misc":{"Tiempo de lectura":"2 minutos"},"schema":{"@context":"https:\/\/schema.org","@graph":[{"@type":"WebPage","@id":"https:\/\/www.maxima-dia.com\/es\/nuestra-historia\/","url":"https:\/\/www.maxima-dia.com\/es\/nuestra-historia\/","name":"Nuestra Historia - Maxima SpA","isPartOf":{"@id":"https:\/\/www.maxima-dia.com\/es\/#website"},"datePublished":"2014-04-10T07:26:49+00:00","dateModified":"2019-08-07T09:35:30+00:00","description":"La empresa se especializa en herramientas diamantadas y m\u00e1quinas para la construcci\u00f3n para corte y perforaci\u00f3n","breadcrumb":{"@id":"https:\/\/www.maxima-dia.com\/es\/nuestra-historia\/#breadcrumb"},"inLanguage":"es","potentialAction":[{"@type":"ReadAction","target":["https:\/\/www.maxima-dia.com\/es\/nuestra-historia\/"]}]},{"@type":"BreadcrumbList","@id":"https:\/\/www.maxima-dia.com\/es\/nuestra-historia\/#breadcrumb","itemListElement":[{"@type":"ListItem","position":1,"name":"Home","item":"https:\/\/www.maxima-dia.com\/es\/"},{"@type":"ListItem","position":2,"name":"Nuestra Historia"}]},{"@type":"WebSite","@id":"https:\/\/www.maxima-dia.com\/es\/#website","url":"https:\/\/www.maxima-dia.com\/es\/","name":"Maxima SpA","description":"Only for the real professionals","potentialAction":[{"@type":"SearchAction","target":{"@type":"EntryPoint","urlTemplate":"https:\/\/www.maxima-dia.com\/es\/?s={search_term_string}"},"query-input":{"@type":"PropertyValueSpecification","valueRequired":true,"valueName":"search_term_string"}}],"inLanguage":"es"}]}},"_links":{"self":[{"href":"https:\/\/www.maxima-dia.com\/es\/wp-json\/wp\/v2\/pages\/7765"}],"collection":[{"href":"https:\/\/www.maxima-dia.com\/es\/wp-json\/wp\/v2\/pages"}],"about":[{"href":"https:\/\/www.maxima-dia.com\/es\/wp-json\/wp\/v2\/types\/page"}],"author":[{"embeddable":true,"href":"https:\/\/www.maxima-dia.com\/es\/wp-json\/wp\/v2\/users\/29"}],"replies":[{"embeddable":true,"href":"https:\/\/www.maxima-dia.com\/es\/wp-json\/wp\/v2\/comments?post=7765"}],"version-history":[{"count":0,"href":"https:\/\/www.maxima-dia.com\/es\/wp-json\/wp\/v2\/pages\/7765\/revisions"}],"wp:attachment":[{"href":"https:\/\/www.maxima-dia.com\/es\/wp-json\/wp\/v2\/media?parent=7765"}],"curies":[{"name":"wp","href":"https:\/\/api.w.org\/{rel}","templated":true}]}}