{"id":7863,"date":"2014-04-11T08:39:03","date_gmt":"2014-04-11T06:39:03","guid":{"rendered":"http:\/\/www.maxima-dia.com\/?post_type=products&#038;p=7863"},"modified":"2022-11-18T11:23:56","modified_gmt":"2022-11-18T10:23:56","slug":"disco-de-diamante-laser-amarillo","status":"publish","type":"page","link":"https:\/\/www.maxima-dia.com\/es\/discos-de-diamante-universales-laser\/disco-de-diamante-laser-amarillo\/","title":{"rendered":"L\u00e1ser Amarillo"},"content":{"rendered":"<div class=\"wpb-content-wrapper\"><p>[vc_row][vc_column text_align=\u00bbcenter\u00bb width=\u00bb1\/4&#8243;][vc_column_text]<a href=\"\/wp-content\/uploads\/2022\/11\/LASER_GIALLO.jpg\"><img loading=\"lazy\" decoding=\"async\" class=\"alignnone size-thumbnail wp-image-13854\" src=\"\/wp-content\/uploads\/2022\/11\/LASER_GIALLO-300x300.jpg\" alt=\"LASER GIALLO\" width=\"150\" height=\"150\" srcset=\"https:\/\/www.maxima-dia.com\/wp-content\/uploads\/2022\/11\/LASER_GIALLO-300x300.jpg 300w, https:\/\/www.maxima-dia.com\/wp-content\/uploads\/2022\/11\/LASER_GIALLO-1024x1024.jpg 1024w, https:\/\/www.maxima-dia.com\/wp-content\/uploads\/2022\/11\/LASER_GIALLO-150x150.jpg 150w, https:\/\/www.maxima-dia.com\/wp-content\/uploads\/2022\/11\/LASER_GIALLO-768x768.jpg 768w, https:\/\/www.maxima-dia.com\/wp-content\/uploads\/2022\/11\/LASER_GIALLO-1536x1536.jpg 1536w, https:\/\/www.maxima-dia.com\/wp-content\/uploads\/2022\/11\/LASER_GIALLO-80x80.jpg 80w, https:\/\/www.maxima-dia.com\/wp-content\/uploads\/2022\/11\/LASER_GIALLO-500x500.jpg 500w, https:\/\/www.maxima-dia.com\/wp-content\/uploads\/2022\/11\/LASER_GIALLO-1000x1000.jpg 1000w, https:\/\/www.maxima-dia.com\/wp-content\/uploads\/2022\/11\/LASER_GIALLO.jpg 1700w\" sizes=\"(max-width: 150px) 100vw, 150px\" \/><\/a><\/p>\n<p><span style=\"background-color: #cc0000; color: #ffffff; padding: 5px;\">H.12 mm<\/span>[\/vc_column_text][vc_column_text css_animation=\u00bbslideInDown\u00bb el_class=\u00bbhidebuybutton\u00bb]<a href=\"https:\/\/www.storemaxima.com\/es\/discos-de-diamante-universales-laser\/27-laser-amarillo.html\" target=\"_blank\" rel=\"noopener\"><img loading=\"lazy\" decoding=\"async\" class=\"alignnone\" title=\"Comprar en www.storemaxima.com\" src=\"https:\/\/www.maxima-dia.com\/wp-content\/uploads\/2019\/12\/pulsante-acquista-storemaxima.com-es.svg\" alt=\"Comprar en www.storemaxima.com\" width=\"180\" height=\"80\"><\/a>[\/vc_column_text][\/vc_column][vc_column width=\u00bb3\/4&#8243;][vc_column_text]La garant\u00eda de Maxima por escrito. <strong>Laser Giallo<\/strong> ofrece fiabilidad y precisi\u00f3n a los usuarios profesionales, garantizando buenos resultados en una gran variedad de materiales, y en especial, en el hormig\u00f3n armado. Vers\u00e1til por vocaci\u00f3n, capaz por<br \/>\ntradici\u00f3n. El dise\u00f1o alternado de los segmentos le otorga al <strong>Laser Giallo<\/strong> una excelente combinaci\u00f3n de velocidad y precisi\u00f3n de corte.<\/p>\n<table class=\"tabellatecnica\" style=\"width: 80%;\" border=\"0\" cellspacing=\"0\" cellpadding=\"0\">\n<thead>\n<tr>\n<td class=\"testata\" colspan=\"2\">FICHA T\u00c9CNICA<\/td>\n<\/tr>\n<\/thead>\n<tbody>\n<tr>\n<td class=\"prima\">Cemento Curado \/ Ladrillos \/ Tejas<\/td>\n<td class=\"seconda\"><b class=\"txtred\">\u2605<\/b><b class=\"txtred\">\u2605<\/b><b class=\"txtred\">\u2605<\/b><b class=\"txtred\">\u2605<\/b><\/td>\n<\/tr>\n<tr>\n<td class=\"prima\">Hormig\u00f3n poco armado<\/td>\n<td class=\"seconda\"><b class=\"txtred\">\u2605<\/b><b class=\"txtred\">\u2605<\/b><b class=\"txtred\">\u2605<\/b><b class=\"txtred\">\u2605<\/b><b class=\"txtred\">\u2605<\/b><\/td>\n<\/tr>\n<tr>\n<td class=\"prima\">Hormig\u00f3n muy armado<\/td>\n<td class=\"seconda\"><b class=\"txtred\">\u2605<\/b><b class=\"txtred\">\u2605<\/b><b class=\"txtred\">\u2605<\/b><b class=\"txtred\">\u2605<\/b><\/td>\n<\/tr>\n<tr>\n<td class=\"prima\">Granitos \/ Piedras naturales \/ P\u00f3rfidos<\/td>\n<td class=\"seconda\"><b class=\"txtred\">\u2605<\/b><b class=\"txtred\">\u2605<\/b><b class=\"txtred\">\u2605<\/b><\/td>\n<\/tr>\n<tr>\n<td class=\"prima\">M\u00e1rmoles<\/td>\n<td class=\"seconda\">&nbsp;<\/td>\n<\/tr>\n<tr>\n<td class=\"prima\">Refractarios<\/td>\n<td class=\"seconda\"><b class=\"txtred\">\u2605<\/b><b class=\"txtred\">\u2605<\/b><b class=\"txtred\">\u2605<\/b><\/td>\n<\/tr>\n<tr>\n<td class=\"prima\">Areniscas \/ Placas de gravilla lavada<\/td>\n<td class=\"seconda\"><b class=\"txtred\">\u2605<\/b><b class=\"txtred\">\u2605<\/b><\/td>\n<\/tr>\n<tr>\n<td class=\"prima\">Cer\u00e1mica cocida dos veces<\/td>\n<td class=\"seconda\"><b class=\"txtred\">\u2605<\/b><\/td>\n<\/tr>\n<tr>\n<td class=\"prima\">Cer\u00e1mica cocida una vez<\/td>\n<td class=\"seconda\"><b class=\"txtred\">\u2605<\/b><\/td>\n<\/tr>\n<tr>\n<td class=\"prima\">Gres porcel\u00e1nico \/ Klinker<\/td>\n<td class=\"seconda\"><b class=\"txtred\">\u2605<\/b><\/td>\n<\/tr>\n<tr>\n<td class=\"prima\">Cemento fresco<\/td>\n<td class=\"seconda\">&nbsp;<\/td>\n<\/tr>\n<tr>\n<td class=\"prima\">Asfalto<\/td>\n<td class=\"seconda\">&nbsp;<\/td>\n<\/tr>\n<tr>\n<td class=\"intervallo\" colspan=\"2\">&nbsp;<\/td>\n<\/tr>\n<tr>\n<td class=\"prima\">Velocidad de corte<\/td>\n<td class=\"seconda\"><b class=\"txtred\">\u2605<\/b><b class=\"txtred\">\u2605<\/b><b class=\"txtred\">\u2605<\/b><\/td>\n<\/tr>\n<tr>\n<td class=\"prima\">Duraci\u00f3n promedio<\/td>\n<td class=\"seconda\"><b class=\"txtred\">\u2605<\/b><b class=\"txtred\">\u2605<\/b><b class=\"txtred\">\u2605<\/b><b class=\"txtred\">\u2605<\/b><\/td>\n<\/tr>\n<tr>\n<td class=\"legenda\" colspan=\"2\"><strong>suficiente<\/strong>&nbsp;<b class=\"txtred\">\u2605<\/b>&nbsp;&nbsp;&nbsp;&nbsp;&nbsp;<strong>regular<\/strong>&nbsp;<b class=\"txtred\">\u2605<\/b><b class=\"txtred\">\u2605<\/b>&nbsp;&nbsp;&nbsp;&nbsp;&nbsp;<strong>bueno<\/strong>&nbsp;<b class=\"txtred\">\u2605<\/b><b class=\"txtred\">\u2605<\/b><b class=\"txtred\">\u2605<\/b>&nbsp;&nbsp;&nbsp;&nbsp;&nbsp;<strong>sobresaliente<\/strong>&nbsp;<b class=\"txtred\">\u2605<\/b><b class=\"txtred\">\u2605<\/b><b class=\"txtred\">\u2605<\/b><b class=\"txtred\">\u2605<\/b>&nbsp;&nbsp;&nbsp;&nbsp;&nbsp;<strong>super<\/strong>&nbsp;<b class=\"txtred\">\u2605<\/b><b class=\"txtred\">\u2605<\/b><b class=\"txtred\">\u2605<\/b><b class=\"txtred\">\u2605<\/b><b class=\"txtred\">\u2605<\/b><\/td>\n<\/tr>\n<\/tbody>\n<\/table>\n<p>&nbsp;<\/p>\n<table class=\"tabellatecnica\" style=\"width: 80%;\" border=\"0\" cellspacing=\"0\" cellpadding=\"0\">\n<thead>\n<tr>\n<td class=\"testata\" colspan=\"3\">PUEDE UTILIZARSE EN LAS M\u00c1QUINAS SIGUIENTES<\/td>\n<\/tr>\n<\/thead>\n<tbody>\n<tr>\n<td valign=\"top\"><img loading=\"lazy\" decoding=\"async\" class=\"alignleft\" style=\"margin-bottom: 30px;\" src=\"\/wp-content\/uploads\/2013\/10\/s-taglio1.png\" alt=\"s-taglio1\" width=\"64\" height=\"30\"> 115-125-230<\/td>\n<td valign=\"top\"><img loading=\"lazy\" decoding=\"async\" class=\"alignleft\" src=\"\/wp-content\/uploads\/2013\/11\/s-taglio3.png\" alt=\"s-taglio3\" width=\"49\" height=\"50\">250-300-350-400-450-500-550<br \/>\n600-650-700-750-800-900<\/td>\n<td valign=\"top\"><img decoding=\"async\" class=\" wp-image-7073 alignleft\" src=\"\/wp-content\/uploads\/2013\/11\/s-taglio5.png\" alt=\"s-taglio5\" height=\"50\" srcset=\"https:\/\/www.maxima-dia.com\/wp-content\/uploads\/2013\/11\/s-taglio5.png 281w, https:\/\/www.maxima-dia.com\/wp-content\/uploads\/2013\/11\/s-taglio5-191x132.png 191w\" sizes=\"(max-width: 281px) 100vw, 281px\" \/>125-150-180-230<\/td>\n<\/tr>\n<\/tbody>\n<\/table>\n<p>&nbsp;[\/vc_column_text][\/vc_column][\/vc_row]<\/p>\n<\/div>","protected":false},"excerpt":{"rendered":"<p>[vc_row][vc_column text_align=\u00bbcenter\u00bb width=\u00bb1\/4&#8243;][vc_column_text] H.12 mm[\/vc_column_text][vc_column_text css_animation=\u00bbslideInDown\u00bb el_class=\u00bbhidebuybutton\u00bb][\/vc_column_text][\/vc_column][vc_column width=\u00bb3\/4&#8243;][vc_column_text]La garant\u00eda de Maxima por escrito. Laser Giallo ofrece fiabilidad y precisi\u00f3n a los usuarios profesionales, garantizando buenos resultados en una gran variedad de materiales, y en especial, en el hormig\u00f3n armado. Vers\u00e1til por vocaci\u00f3n, capaz por tradici\u00f3n. El dise\u00f1o alternado de los segmentos le otorga al Laser Giallo una excelente combinaci\u00f3n de velocidad y precisi\u00f3n de corte. FICHA T\u00c9CNICA Cemento Curado \/ Ladrillos \/ Tejas \u2605\u2605\u2605\u2605 Hormig\u00f3n poco armado \u2605\u2605\u2605\u2605\u2605 Hormig\u00f3n muy armado \u2605\u2605\u2605\u2605 Granitos \/ Piedras naturales \/ P\u00f3rfidos \u2605\u2605\u2605 M\u00e1rmoles &nbsp; Refractarios \u2605\u2605\u2605 Areniscas \/ Placas de gravilla lavada \u2605\u2605 Cer\u00e1mica cocida dos veces \u2605 Cer\u00e1mica cocida una vez \u2605 Gres porcel\u00e1nico \/ Klinker \u2605 Cemento fresco &nbsp; Asfalto &nbsp; &nbsp; Velocidad de corte \u2605\u2605\u2605 Duraci\u00f3n promedio \u2605\u2605\u2605\u2605 suficiente&nbsp;\u2605&nbsp;&nbsp;&nbsp;&nbsp;&nbsp;regular&nbsp;\u2605\u2605&nbsp;&nbsp;&nbsp;&nbsp;&nbsp;bueno&nbsp;\u2605\u2605\u2605&nbsp;&nbsp;&nbsp;&nbsp;&nbsp;sobresaliente&nbsp;\u2605\u2605\u2605\u2605&nbsp;&nbsp;&nbsp;&nbsp;&nbsp;super&nbsp;\u2605\u2605\u2605\u2605\u2605 &nbsp; PUEDE UTILIZARSE EN LAS M\u00c1QUINAS SIGUIENTES 115-125-230 250-300-350-400-450-500-550 600-650-700-750-800-900 125-150-180-230 &nbsp;[\/vc_column_text][\/vc_column][\/vc_row]<\/p>\n","protected":false},"author":29,"featured_media":24205,"parent":12405,"menu_order":9,"comment_status":"closed","ping_status":"closed","template":"","meta":{"ngg_post_thumbnail":0,"_joinchat":[],"footnotes":""},"class_list":["post-7863","page","type-page","status-publish","has-post-thumbnail","hentry"],"yoast_head":"<!-- This site is optimized with the Yoast SEO plugin v25.5 - https:\/\/yoast.com\/wordpress\/plugins\/seo\/ -->\n<title>L\u00e1ser Amarillo - Maxima SpA<\/title>\n<meta name=\"description\" content=\"El L\u00e1ser Amarillo impacta por la velocidad elevada de corte, que es considerable para un Disco de diamante de este nivel. Es lo ideal para un uso no intensivo.\" \/>\n<meta name=\"robots\" content=\"index, follow, max-snippet:-1, max-image-preview:large, max-video-preview:-1\" \/>\n<link rel=\"canonical\" href=\"https:\/\/www.maxima-dia.com\/es\/discos-de-diamante-universales-laser\/disco-de-diamante-laser-amarillo\/\" \/>\n<meta property=\"og:locale\" content=\"es_ES\" \/>\n<meta property=\"og:type\" content=\"article\" \/>\n<meta property=\"og:title\" content=\"L\u00e1ser Amarillo - Maxima SpA\" \/>\n<meta property=\"og:description\" content=\"El L\u00e1ser Amarillo impacta por la velocidad elevada de corte, que es considerable para un Disco de diamante de este nivel. Es lo ideal para un uso no intensivo.\" \/>\n<meta property=\"og:url\" content=\"https:\/\/www.maxima-dia.com\/es\/discos-de-diamante-universales-laser\/disco-de-diamante-laser-amarillo\/\" \/>\n<meta property=\"og:site_name\" content=\"Maxima SpA\" \/>\n<meta property=\"article:publisher\" content=\"https:\/\/www.facebook.com\/Maxima-spa-106098566139597\" \/>\n<meta property=\"article:modified_time\" content=\"2022-11-18T10:23:56+00:00\" \/>\n<meta property=\"og:image\" content=\"https:\/\/www.maxima-dia.com\/wp-content\/uploads\/2022\/11\/LASER_GIALLO.jpg\" \/>\n\t<meta property=\"og:image:width\" content=\"1200\" \/>\n\t<meta property=\"og:image:height\" content=\"1200\" \/>\n\t<meta property=\"og:image:type\" content=\"image\/jpeg\" \/>\n<meta name=\"twitter:card\" content=\"summary_large_image\" \/>\n<meta name=\"twitter:site\" content=\"@Maximadia\" \/>\n<meta name=\"twitter:label1\" content=\"Tiempo de lectura\" \/>\n\t<meta name=\"twitter:data1\" content=\"11 minutos\" \/>\n<script type=\"application\/ld+json\" class=\"yoast-schema-graph\">{\"@context\":\"https:\/\/schema.org\",\"@graph\":[{\"@type\":\"WebPage\",\"@id\":\"https:\/\/www.maxima-dia.com\/es\/discos-de-diamante-universales-laser\/disco-de-diamante-laser-amarillo\/\",\"url\":\"https:\/\/www.maxima-dia.com\/es\/discos-de-diamante-universales-laser\/disco-de-diamante-laser-amarillo\/\",\"name\":\"L\u00e1ser Amarillo - Maxima SpA\",\"isPartOf\":{\"@id\":\"https:\/\/www.maxima-dia.com\/es\/#website\"},\"primaryImageOfPage\":{\"@id\":\"https:\/\/www.maxima-dia.com\/es\/discos-de-diamante-universales-laser\/disco-de-diamante-laser-amarillo\/#primaryimage\"},\"image\":{\"@id\":\"https:\/\/www.maxima-dia.com\/es\/discos-de-diamante-universales-laser\/disco-de-diamante-laser-amarillo\/#primaryimage\"},\"thumbnailUrl\":\"https:\/\/www.maxima-dia.com\/wp-content\/uploads\/2022\/11\/LASER_GIALLO.jpg\",\"datePublished\":\"2014-04-11T06:39:03+00:00\",\"dateModified\":\"2022-11-18T10:23:56+00:00\",\"description\":\"El L\u00e1ser Amarillo impacta por la velocidad elevada de corte, que es considerable para un Disco de diamante de este nivel. Es lo ideal para un uso no intensivo.\",\"breadcrumb\":{\"@id\":\"https:\/\/www.maxima-dia.com\/es\/discos-de-diamante-universales-laser\/disco-de-diamante-laser-amarillo\/#breadcrumb\"},\"inLanguage\":\"es\",\"potentialAction\":[{\"@type\":\"ReadAction\",\"target\":[\"https:\/\/www.maxima-dia.com\/es\/discos-de-diamante-universales-laser\/disco-de-diamante-laser-amarillo\/\"]}]},{\"@type\":\"ImageObject\",\"inLanguage\":\"es\",\"@id\":\"https:\/\/www.maxima-dia.com\/es\/discos-de-diamante-universales-laser\/disco-de-diamante-laser-amarillo\/#primaryimage\",\"url\":\"https:\/\/www.maxima-dia.com\/wp-content\/uploads\/2022\/11\/LASER_GIALLO.jpg\",\"contentUrl\":\"https:\/\/www.maxima-dia.com\/wp-content\/uploads\/2022\/11\/LASER_GIALLO.jpg\",\"width\":1200,\"height\":1200},{\"@type\":\"BreadcrumbList\",\"@id\":\"https:\/\/www.maxima-dia.com\/es\/discos-de-diamante-universales-laser\/disco-de-diamante-laser-amarillo\/#breadcrumb\",\"itemListElement\":[{\"@type\":\"ListItem\",\"position\":1,\"name\":\"Home\",\"item\":\"https:\/\/www.maxima-dia.com\/es\/\"},{\"@type\":\"ListItem\",\"position\":2,\"name\":\"Discos de Diamante Universales L\u00e1ser\",\"item\":\"https:\/\/www.maxima-dia.com\/es\/discos-de-diamante-universales-laser\/\"},{\"@type\":\"ListItem\",\"position\":3,\"name\":\"L\u00e1ser Amarillo\"}]},{\"@type\":\"WebSite\",\"@id\":\"https:\/\/www.maxima-dia.com\/es\/#website\",\"url\":\"https:\/\/www.maxima-dia.com\/es\/\",\"name\":\"Maxima SpA\",\"description\":\"Only for the real professionals\",\"potentialAction\":[{\"@type\":\"SearchAction\",\"target\":{\"@type\":\"EntryPoint\",\"urlTemplate\":\"https:\/\/www.maxima-dia.com\/es\/?s={search_term_string}\"},\"query-input\":{\"@type\":\"PropertyValueSpecification\",\"valueRequired\":true,\"valueName\":\"search_term_string\"}}],\"inLanguage\":\"es\"}]}<\/script>\n<!-- \/ Yoast SEO plugin. -->","yoast_head_json":{"title":"L\u00e1ser Amarillo - Maxima SpA","description":"El L\u00e1ser Amarillo impacta por la velocidad elevada de corte, que es considerable para un Disco de diamante de este nivel. Es lo ideal para un uso no intensivo.","robots":{"index":"index","follow":"follow","max-snippet":"max-snippet:-1","max-image-preview":"max-image-preview:large","max-video-preview":"max-video-preview:-1"},"canonical":"https:\/\/www.maxima-dia.com\/es\/discos-de-diamante-universales-laser\/disco-de-diamante-laser-amarillo\/","og_locale":"es_ES","og_type":"article","og_title":"L\u00e1ser Amarillo - Maxima SpA","og_description":"El L\u00e1ser Amarillo impacta por la velocidad elevada de corte, que es considerable para un Disco de diamante de este nivel. Es lo ideal para un uso no intensivo.","og_url":"https:\/\/www.maxima-dia.com\/es\/discos-de-diamante-universales-laser\/disco-de-diamante-laser-amarillo\/","og_site_name":"Maxima SpA","article_publisher":"https:\/\/www.facebook.com\/Maxima-spa-106098566139597","article_modified_time":"2022-11-18T10:23:56+00:00","og_image":[{"width":1200,"height":1200,"url":"https:\/\/www.maxima-dia.com\/wp-content\/uploads\/2022\/11\/LASER_GIALLO.jpg","type":"image\/jpeg"}],"twitter_card":"summary_large_image","twitter_site":"@Maximadia","twitter_misc":{"Tiempo de lectura":"11 minutos"},"schema":{"@context":"https:\/\/schema.org","@graph":[{"@type":"WebPage","@id":"https:\/\/www.maxima-dia.com\/es\/discos-de-diamante-universales-laser\/disco-de-diamante-laser-amarillo\/","url":"https:\/\/www.maxima-dia.com\/es\/discos-de-diamante-universales-laser\/disco-de-diamante-laser-amarillo\/","name":"L\u00e1ser Amarillo - Maxima SpA","isPartOf":{"@id":"https:\/\/www.maxima-dia.com\/es\/#website"},"primaryImageOfPage":{"@id":"https:\/\/www.maxima-dia.com\/es\/discos-de-diamante-universales-laser\/disco-de-diamante-laser-amarillo\/#primaryimage"},"image":{"@id":"https:\/\/www.maxima-dia.com\/es\/discos-de-diamante-universales-laser\/disco-de-diamante-laser-amarillo\/#primaryimage"},"thumbnailUrl":"https:\/\/www.maxima-dia.com\/wp-content\/uploads\/2022\/11\/LASER_GIALLO.jpg","datePublished":"2014-04-11T06:39:03+00:00","dateModified":"2022-11-18T10:23:56+00:00","description":"El L\u00e1ser Amarillo impacta por la velocidad elevada de corte, que es considerable para un Disco de diamante de este nivel. Es lo ideal para un uso no intensivo.","breadcrumb":{"@id":"https:\/\/www.maxima-dia.com\/es\/discos-de-diamante-universales-laser\/disco-de-diamante-laser-amarillo\/#breadcrumb"},"inLanguage":"es","potentialAction":[{"@type":"ReadAction","target":["https:\/\/www.maxima-dia.com\/es\/discos-de-diamante-universales-laser\/disco-de-diamante-laser-amarillo\/"]}]},{"@type":"ImageObject","inLanguage":"es","@id":"https:\/\/www.maxima-dia.com\/es\/discos-de-diamante-universales-laser\/disco-de-diamante-laser-amarillo\/#primaryimage","url":"https:\/\/www.maxima-dia.com\/wp-content\/uploads\/2022\/11\/LASER_GIALLO.jpg","contentUrl":"https:\/\/www.maxima-dia.com\/wp-content\/uploads\/2022\/11\/LASER_GIALLO.jpg","width":1200,"height":1200},{"@type":"BreadcrumbList","@id":"https:\/\/www.maxima-dia.com\/es\/discos-de-diamante-universales-laser\/disco-de-diamante-laser-amarillo\/#breadcrumb","itemListElement":[{"@type":"ListItem","position":1,"name":"Home","item":"https:\/\/www.maxima-dia.com\/es\/"},{"@type":"ListItem","position":2,"name":"Discos de Diamante Universales L\u00e1ser","item":"https:\/\/www.maxima-dia.com\/es\/discos-de-diamante-universales-laser\/"},{"@type":"ListItem","position":3,"name":"L\u00e1ser Amarillo"}]},{"@type":"WebSite","@id":"https:\/\/www.maxima-dia.com\/es\/#website","url":"https:\/\/www.maxima-dia.com\/es\/","name":"Maxima SpA","description":"Only for the real professionals","potentialAction":[{"@type":"SearchAction","target":{"@type":"EntryPoint","urlTemplate":"https:\/\/www.maxima-dia.com\/es\/?s={search_term_string}"},"query-input":{"@type":"PropertyValueSpecification","valueRequired":true,"valueName":"search_term_string"}}],"inLanguage":"es"}]}},"_links":{"self":[{"href":"https:\/\/www.maxima-dia.com\/es\/wp-json\/wp\/v2\/pages\/7863"}],"collection":[{"href":"https:\/\/www.maxima-dia.com\/es\/wp-json\/wp\/v2\/pages"}],"about":[{"href":"https:\/\/www.maxima-dia.com\/es\/wp-json\/wp\/v2\/types\/page"}],"author":[{"embeddable":true,"href":"https:\/\/www.maxima-dia.com\/es\/wp-json\/wp\/v2\/users\/29"}],"replies":[{"embeddable":true,"href":"https:\/\/www.maxima-dia.com\/es\/wp-json\/wp\/v2\/comments?post=7863"}],"version-history":[{"count":1,"href":"https:\/\/www.maxima-dia.com\/es\/wp-json\/wp\/v2\/pages\/7863\/revisions"}],"predecessor-version":[{"id":35806,"href":"https:\/\/www.maxima-dia.com\/es\/wp-json\/wp\/v2\/pages\/7863\/revisions\/35806"}],"up":[{"embeddable":true,"href":"https:\/\/www.maxima-dia.com\/es\/wp-json\/wp\/v2\/pages\/12405"}],"wp:featuredmedia":[{"embeddable":true,"href":"https:\/\/www.maxima-dia.com\/es\/wp-json\/wp\/v2\/media\/24205"}],"wp:attachment":[{"href":"https:\/\/www.maxima-dia.com\/es\/wp-json\/wp\/v2\/media?parent=7863"}],"curies":[{"name":"wp","href":"https:\/\/api.w.org\/{rel}","templated":true}]}}