{"id":7877,"date":"2014-04-11T09:36:00","date_gmt":"2014-04-11T07:36:00","guid":{"rendered":"http:\/\/www.maxima-dia.com\/?post_type=products&#038;p=7877"},"modified":"2024-06-27T09:55:20","modified_gmt":"2024-06-27T07:55:20","slug":"cer-rosa-turbo","status":"publish","type":"page","link":"https:\/\/www.maxima-dia.com\/es\/discos-de-diamante-para-ceramica\/cer-rosa-turbo\/","title":{"rendered":"Cer Rosa Turbo"},"content":{"rendered":"<div class=\"wpb-content-wrapper\"><p>[vc_row][vc_column text_align=\u00bbcenter\u00bb width=\u00bb1\/4&#8243;][vc_column_text]<a href=\"\/wp-content\/uploads\/2017\/02\/cer-rosa-turbo.jpg\"><img loading=\"lazy\" decoding=\"async\" class=\"alignnone size-thumbnail wp-image-13839\" src=\"\/wp-content\/uploads\/2017\/02\/cer-rosa-turbo-150x150.jpg\" alt=\"CER ROSA TURBO\" width=\"150\" height=\"150\" srcset=\"https:\/\/www.maxima-dia.com\/wp-content\/uploads\/2017\/02\/cer-rosa-turbo-150x150.jpg 150w, https:\/\/www.maxima-dia.com\/wp-content\/uploads\/2017\/02\/cer-rosa-turbo-300x300.jpg 300w, https:\/\/www.maxima-dia.com\/wp-content\/uploads\/2017\/02\/cer-rosa-turbo-768x768.jpg 768w, https:\/\/www.maxima-dia.com\/wp-content\/uploads\/2017\/02\/cer-rosa-turbo-1024x1024.jpg 1024w, https:\/\/www.maxima-dia.com\/wp-content\/uploads\/2017\/02\/cer-rosa-turbo-80x80.jpg 80w, https:\/\/www.maxima-dia.com\/wp-content\/uploads\/2017\/02\/cer-rosa-turbo-500x500.jpg 500w, https:\/\/www.maxima-dia.com\/wp-content\/uploads\/2017\/02\/cer-rosa-turbo-1000x1000.jpg 1000w, https:\/\/www.maxima-dia.com\/wp-content\/uploads\/2017\/02\/cer-rosa-turbo.jpg 1200w\" sizes=\"(max-width: 150px) 100vw, 150px\" \/><\/a><\/p>\n<p><a href=\"\/wp-content\/uploads\/2017\/02\/cer-rosa-turbo-rinforzo.jpg\"><img loading=\"lazy\" decoding=\"async\" class=\"alignnone size-thumbnail wp-image-13838\" src=\"\/wp-content\/uploads\/2017\/02\/cer-rosa-turbo-rinforzo-150x150.jpg\" alt=\"CER ROSA TURBO RINFORZO\" width=\"150\" height=\"150\" srcset=\"https:\/\/www.maxima-dia.com\/wp-content\/uploads\/2017\/02\/cer-rosa-turbo-rinforzo-150x150.jpg 150w, https:\/\/www.maxima-dia.com\/wp-content\/uploads\/2017\/02\/cer-rosa-turbo-rinforzo-300x300.jpg 300w, https:\/\/www.maxima-dia.com\/wp-content\/uploads\/2017\/02\/cer-rosa-turbo-rinforzo-768x768.jpg 768w, https:\/\/www.maxima-dia.com\/wp-content\/uploads\/2017\/02\/cer-rosa-turbo-rinforzo-1024x1024.jpg 1024w, https:\/\/www.maxima-dia.com\/wp-content\/uploads\/2017\/02\/cer-rosa-turbo-rinforzo-80x80.jpg 80w, https:\/\/www.maxima-dia.com\/wp-content\/uploads\/2017\/02\/cer-rosa-turbo-rinforzo-500x500.jpg 500w, https:\/\/www.maxima-dia.com\/wp-content\/uploads\/2017\/02\/cer-rosa-turbo-rinforzo-1000x1000.jpg 1000w, https:\/\/www.maxima-dia.com\/wp-content\/uploads\/2017\/02\/cer-rosa-turbo-rinforzo.jpg 1200w\" sizes=\"(max-width: 150px) 100vw, 150px\" \/><\/a><\/p>\n<p><span style=\"background-color: #cc0000; color: #ffffff; padding: 5px;\">Esp. 1,3 mm<\/span>[\/vc_column_text][vc_column_text css_animation=\u00bbslideInDown\u00bb el_class=\u00bbhidebuybutton\u00bb]<a href=\"https:\/\/www.storemaxima.com\/es\/discos-de-diamante-para-ceramica\/29-cer-rosa-turbo.html\" target=\"_blank\" rel=\"noopener\"><img loading=\"lazy\" decoding=\"async\" class=\"alignnone\" title=\"Comprar en www.storemaxima.com\" src=\"https:\/\/www.maxima-dia.com\/wp-content\/uploads\/2019\/12\/pulsante-acquista-storemaxima.com-es.svg\" alt=\"Comprar en www.storemaxima.com\" width=\"180\" height=\"80\"><\/a>[\/vc_column_text][\/vc_column][vc_column width=\u00bb3\/4&#8243;][vc_column_text]Las estad\u00edsticas de ventas han elegido al <a href=\"https:\/\/www.maxima-dia.com\/es\/discos-de-diamante-para-ceramica\/cer-rosa-turbo\/\"><strong>Cer Rosa Turbo<\/strong><\/a> como el producto de Maxima m\u00e1s vendido de la historia. Desarrollada espec\u00edficamente para gres porcel\u00e1nico, esta herramienta superfina es perfecta para todo tipo de baldosas. Ofrece al usuario profesional una gran precisi\u00f3n y una considerable velocidad de corte. Disponible con y sin refuerzo, posee una corona con un grosor de tan solo 1,3 mm. Al igual que el <a href=\"https:\/\/www.maxima-dia.com\/es\/discos-de-diamante-para-ceramica\/cer-rosa-laser\/\"><strong>Cer Rosa Laser<\/strong><\/a>, se trata de un modelo que ha estado en producci\u00f3n desde hace mucho tiempo y, por lo tanto, est\u00e1 cotizado en el mercado por su gran fiabilidad. Por razones de seguridad, no se recomienda usar discos ultra finos para un corte con gu\u00eda Jolly.<br \/>\n<strong>Tambi\u00e9n disponible en la versi\u00f3n X-Lock en los di\u00e1metros 115 y 125.<\/strong><\/p>\n<table class=\"tabellatecnica\" style=\"width: 80%;\" border=\"0\" cellspacing=\"0\" cellpadding=\"0\">\n<thead>\n<tr>\n<td class=\"testata\" colspan=\"2\">FICHA T\u00c9CNICA<\/td>\n<\/tr>\n<\/thead>\n<tbody>\n<tr>\n<td class=\"prima\">Cemento Curado \/ Ladrillos \/ Tejas<\/td>\n<td class=\"seconda\">&nbsp;<\/td>\n<\/tr>\n<tr>\n<td class=\"prima\">Hormig\u00f3n poco armado<\/td>\n<td class=\"seconda\">&nbsp;<\/td>\n<\/tr>\n<tr>\n<td class=\"prima\">Hormig\u00f3n muy armado<\/td>\n<td class=\"seconda\">&nbsp;<\/td>\n<\/tr>\n<tr>\n<td class=\"prima\">Granitos \/ Piedras naturales \/ P\u00f3rfidos<\/td>\n<td class=\"seconda\"><b class=\"txtred\">\u2605<\/b><b class=\"txtred\">\u2605<\/b><b class=\"txtred\">\u2605<\/b><b class=\"txtred\">\u2605<\/b><\/td>\n<\/tr>\n<tr>\n<td class=\"prima\">M\u00e1rmoles<\/td>\n<td class=\"seconda\"><b class=\"txtred\">\u2605<\/b><b class=\"txtred\">\u2605<\/b><b class=\"txtred\">\u2605<\/b><b class=\"txtred\">\u2605<\/b><b class=\"txtred\">\u2605<\/b><\/td>\n<\/tr>\n<tr>\n<td class=\"prima\">Refractarios<\/td>\n<td class=\"seconda\">&nbsp;<\/td>\n<\/tr>\n<tr>\n<td class=\"prima\">Areniscas \/ Placas de gravilla lavada<\/td>\n<td class=\"seconda\">&nbsp;<\/td>\n<\/tr>\n<tr>\n<td class=\"prima\">Cer\u00e1mica cocida dos veces<\/td>\n<td class=\"seconda\"><b class=\"txtred\">\u2605<\/b><b class=\"txtred\">\u2605<\/b><b class=\"txtred\">\u2605<\/b><b class=\"txtred\">\u2605<\/b><b class=\"txtred\">\u2605<\/b><\/td>\n<\/tr>\n<tr>\n<td class=\"prima\">Cer\u00e1mica cocida una vez<\/td>\n<td class=\"seconda\"><b class=\"txtred\">\u2605<\/b><b class=\"txtred\">\u2605<\/b><b class=\"txtred\">\u2605<\/b><b class=\"txtred\">\u2605<\/b><b class=\"txtred\">\u2605<\/b><\/td>\n<\/tr>\n<tr>\n<td class=\"prima\">Gres porcel\u00e1nico \/ Klinker<\/td>\n<td class=\"seconda\"><b class=\"txtred\">\u2605<\/b><b class=\"txtred\">\u2605<\/b><b class=\"txtred\">\u2605<\/b><b class=\"txtred\">\u2605<\/b><b class=\"txtred\">\u2605<\/b><\/td>\n<\/tr>\n<tr>\n<td class=\"prima\">Cemento fresco<\/td>\n<td class=\"seconda\">&nbsp;<\/td>\n<\/tr>\n<tr>\n<td class=\"prima\">Asfalto<\/td>\n<td class=\"seconda\">&nbsp;<\/td>\n<\/tr>\n<tr>\n<td class=\"intervallo\" colspan=\"2\">&nbsp;<\/td>\n<\/tr>\n<tr>\n<td class=\"prima\">Velocidad de corte<\/td>\n<td class=\"seconda\"><b class=\"txtred\">\u2605<\/b><b class=\"txtred\">\u2605<\/b><b class=\"txtred\">\u2605<\/b><b class=\"txtred\">\u2605<\/b><b class=\"txtred\">\u2605<\/b><\/td>\n<\/tr>\n<tr>\n<td class=\"prima\">Duraci\u00f3n promedio<\/td>\n<td class=\"seconda\"><b class=\"txtred\">\u2605<\/b><b class=\"txtred\">\u2605<\/b><b class=\"txtred\">\u2605<\/b><\/td>\n<\/tr>\n<tr>\n<td class=\"legenda\" colspan=\"2\"><strong>suficiente<\/strong>&nbsp;<b class=\"txtred\">\u2605<\/b>&nbsp;&nbsp;&nbsp;&nbsp;&nbsp;<strong>regular<\/strong>&nbsp;<b class=\"txtred\">\u2605<\/b><b class=\"txtred\">\u2605<\/b>&nbsp;&nbsp;&nbsp;&nbsp;&nbsp;<strong>bueno<\/strong>&nbsp;<b class=\"txtred\">\u2605<\/b><b class=\"txtred\">\u2605<\/b><b class=\"txtred\">\u2605<\/b>&nbsp;&nbsp;&nbsp;&nbsp;&nbsp;<strong>sobresaliente<\/strong>&nbsp;<b class=\"txtred\">\u2605<\/b><b class=\"txtred\">\u2605<\/b><b class=\"txtred\">\u2605<\/b><b class=\"txtred\">\u2605<\/b>&nbsp;&nbsp;&nbsp;&nbsp;&nbsp;<strong>super<\/strong>&nbsp;<b class=\"txtred\">\u2605<\/b><b class=\"txtred\">\u2605<\/b><b class=\"txtred\">\u2605<\/b><b class=\"txtred\">\u2605<\/b><b class=\"txtred\">\u2605<\/b><\/td>\n<\/tr>\n<\/tbody>\n<\/table>\n<p>&nbsp;<\/p>\n<table class=\"tabellatecnica\" style=\"width: 80%;\" border=\"0\" cellspacing=\"0\" cellpadding=\"0\">\n<thead>\n<tr>\n<td class=\"testata\" style=\"width: 99.7955%;\" colspan=\"2\"><strong>PUEDE UTILIZARSE EN LAS M\u00c1QUINAS SIGUIENTES<\/strong><\/td>\n<\/tr>\n<\/thead>\n<tbody>\n<tr>\n<td style=\"width: 47.546%;\"><img loading=\"lazy\" decoding=\"async\" class=\"alignleft\" style=\"margin-bottom: 30px;\" src=\"\/wp-content\/uploads\/2013\/10\/s-taglio1.png\" alt=\"s-taglio1\" width=\"64\" height=\"30\"> 85-115<br \/>\n125-230CR<\/td>\n<td style=\"width: 52.2495%;\" valign=\"top\"><img loading=\"lazy\" decoding=\"async\" class=\"alignleft\" src=\"\/wp-content\/uploads\/2013\/11\/s-taglio3.png\" alt=\"s-taglio3\" width=\"49\" height=\"50\">180-200-230SF\/F25<br \/>\n250-300-350<\/td>\n<\/tr>\n<tr>\n<td style=\"width: 47.546%;\"><img loading=\"lazy\" decoding=\"async\" class=\"alignleft wp-image-7031\" src=\"\/wp-content\/uploads\/2013\/11\/s-taglio4.png\" alt=\"s-taglio4\" width=\"65\" height=\"44\" srcset=\"https:\/\/www.maxima-dia.com\/wp-content\/uploads\/2013\/11\/s-taglio4.png 433w, https:\/\/www.maxima-dia.com\/wp-content\/uploads\/2013\/11\/s-taglio4-300x204.png 300w, https:\/\/www.maxima-dia.com\/wp-content\/uploads\/2013\/11\/s-taglio4-120x80.png 120w, https:\/\/www.maxima-dia.com\/wp-content\/uploads\/2013\/11\/s-taglio4-191x132.png 191w\" sizes=\"(max-width: 65px) 100vw, 65px\" \/>115 &#8211; 125 &#8211; 150 &#8211; 230SF\/F25<br \/>\n250 &#8211; 300 &#8211; 350<\/td>\n<td style=\"width: 52.2495%;\">&nbsp;<\/td>\n<\/tr>\n<\/tbody>\n<\/table>\n<p>&nbsp;[\/vc_column_text][\/vc_column][\/vc_row]<\/p>\n<\/div>","protected":false},"excerpt":{"rendered":"<p>[vc_row][vc_column text_align=\u00bbcenter\u00bb width=\u00bb1\/4&#8243;][vc_column_text] Esp. 1,3 mm[\/vc_column_text][vc_column_text css_animation=\u00bbslideInDown\u00bb el_class=\u00bbhidebuybutton\u00bb][\/vc_column_text][\/vc_column][vc_column width=\u00bb3\/4&#8243;][vc_column_text]Las estad\u00edsticas de ventas han elegido al Cer Rosa Turbo como el producto de Maxima m\u00e1s vendido de la historia. Desarrollada espec\u00edficamente para gres porcel\u00e1nico, esta herramienta superfina es perfecta para todo tipo de baldosas. Ofrece al usuario profesional una gran precisi\u00f3n y una considerable velocidad de corte. Disponible con y sin refuerzo, posee una corona con un grosor de tan solo 1,3 mm. Al igual que el Cer Rosa Laser, se trata de un modelo que ha estado en producci\u00f3n desde hace mucho tiempo y, por lo tanto, est\u00e1 cotizado en el mercado por su gran fiabilidad. Por razones de seguridad, no se recomienda usar discos ultra finos para un corte con gu\u00eda Jolly. Tambi\u00e9n disponible en la versi\u00f3n X-Lock en los di\u00e1metros 115 y 125. FICHA T\u00c9CNICA Cemento Curado \/ Ladrillos \/ Tejas &nbsp; Hormig\u00f3n poco armado &nbsp; Hormig\u00f3n muy armado &nbsp; Granitos \/ Piedras naturales \/ P\u00f3rfidos \u2605\u2605\u2605\u2605 M\u00e1rmoles \u2605\u2605\u2605\u2605\u2605 Refractarios &nbsp; Areniscas \/ Placas de gravilla lavada &nbsp; Cer\u00e1mica cocida dos veces \u2605\u2605\u2605\u2605\u2605 Cer\u00e1mica cocida una vez \u2605\u2605\u2605\u2605\u2605 Gres porcel\u00e1nico \/ Klinker \u2605\u2605\u2605\u2605\u2605 Cemento fresco &nbsp; Asfalto &nbsp; &nbsp; Velocidad de corte \u2605\u2605\u2605\u2605\u2605 Duraci\u00f3n promedio \u2605\u2605\u2605 suficiente&nbsp;\u2605&nbsp;&nbsp;&nbsp;&nbsp;&nbsp;regular&nbsp;\u2605\u2605&nbsp;&nbsp;&nbsp;&nbsp;&nbsp;bueno&nbsp;\u2605\u2605\u2605&nbsp;&nbsp;&nbsp;&nbsp;&nbsp;sobresaliente&nbsp;\u2605\u2605\u2605\u2605&nbsp;&nbsp;&nbsp;&nbsp;&nbsp;super&nbsp;\u2605\u2605\u2605\u2605\u2605 &nbsp; [&hellip;]<\/p>\n","protected":false},"author":29,"featured_media":24252,"parent":12415,"menu_order":4,"comment_status":"closed","ping_status":"closed","template":"","meta":{"ngg_post_thumbnail":0,"_joinchat":[],"footnotes":""},"class_list":["post-7877","page","type-page","status-publish","has-post-thumbnail","hentry"],"yoast_head":"<!-- This site is optimized with the Yoast SEO plugin v25.5 - https:\/\/yoast.com\/wordpress\/plugins\/seo\/ -->\n<title>Cer Rosa Turbo - Maxima SpA<\/title>\n<meta name=\"description\" content=\"Cer Rosa Turbo Disco de diamante es en absoluto el m\u00e1s vendido de los productos M\u00e1xima. Nacido espec\u00edficamente para el gres porcel\u00e1nico, la herramienta s\u00faper-sutil es id\u00f3nea para todos los tipos de baldosas.\" \/>\n<meta name=\"robots\" content=\"index, follow, max-snippet:-1, max-image-preview:large, max-video-preview:-1\" \/>\n<link rel=\"canonical\" href=\"https:\/\/www.maxima-dia.com\/es\/discos-de-diamante-para-ceramica\/cer-rosa-turbo\/\" \/>\n<meta property=\"og:locale\" content=\"es_ES\" \/>\n<meta property=\"og:type\" content=\"article\" \/>\n<meta property=\"og:title\" content=\"Cer Rosa Turbo - Maxima SpA\" \/>\n<meta property=\"og:description\" content=\"Cer Rosa Turbo Disco de diamante es en absoluto el m\u00e1s vendido de los productos M\u00e1xima. Nacido espec\u00edficamente para el gres porcel\u00e1nico, la herramienta s\u00faper-sutil es id\u00f3nea para todos los tipos de baldosas.\" \/>\n<meta property=\"og:url\" content=\"https:\/\/www.maxima-dia.com\/es\/discos-de-diamante-para-ceramica\/cer-rosa-turbo\/\" \/>\n<meta property=\"og:site_name\" content=\"Maxima SpA\" \/>\n<meta property=\"article:publisher\" content=\"https:\/\/www.facebook.com\/Maxima-spa-106098566139597\" \/>\n<meta property=\"article:modified_time\" content=\"2024-06-27T07:55:20+00:00\" \/>\n<meta property=\"og:image\" content=\"https:\/\/www.maxima-dia.com\/wp-content\/uploads\/2017\/02\/cer-rosa-turbo.jpg\" \/>\n\t<meta property=\"og:image:width\" content=\"1200\" \/>\n\t<meta property=\"og:image:height\" content=\"1200\" \/>\n\t<meta property=\"og:image:type\" content=\"image\/jpeg\" \/>\n<meta name=\"twitter:card\" content=\"summary_large_image\" \/>\n<meta name=\"twitter:site\" content=\"@Maximadia\" \/>\n<meta name=\"twitter:label1\" content=\"Tiempo de lectura\" \/>\n\t<meta name=\"twitter:data1\" content=\"12 minutos\" \/>\n<script type=\"application\/ld+json\" class=\"yoast-schema-graph\">{\"@context\":\"https:\/\/schema.org\",\"@graph\":[{\"@type\":\"WebPage\",\"@id\":\"https:\/\/www.maxima-dia.com\/es\/discos-de-diamante-para-ceramica\/cer-rosa-turbo\/\",\"url\":\"https:\/\/www.maxima-dia.com\/es\/discos-de-diamante-para-ceramica\/cer-rosa-turbo\/\",\"name\":\"Cer Rosa Turbo - Maxima SpA\",\"isPartOf\":{\"@id\":\"https:\/\/www.maxima-dia.com\/es\/#website\"},\"primaryImageOfPage\":{\"@id\":\"https:\/\/www.maxima-dia.com\/es\/discos-de-diamante-para-ceramica\/cer-rosa-turbo\/#primaryimage\"},\"image\":{\"@id\":\"https:\/\/www.maxima-dia.com\/es\/discos-de-diamante-para-ceramica\/cer-rosa-turbo\/#primaryimage\"},\"thumbnailUrl\":\"https:\/\/www.maxima-dia.com\/wp-content\/uploads\/2017\/02\/cer-rosa-turbo.jpg\",\"datePublished\":\"2014-04-11T07:36:00+00:00\",\"dateModified\":\"2024-06-27T07:55:20+00:00\",\"description\":\"Cer Rosa Turbo Disco de diamante es en absoluto el m\u00e1s vendido de los productos M\u00e1xima. Nacido espec\u00edficamente para el gres porcel\u00e1nico, la herramienta s\u00faper-sutil es id\u00f3nea para todos los tipos de baldosas.\",\"breadcrumb\":{\"@id\":\"https:\/\/www.maxima-dia.com\/es\/discos-de-diamante-para-ceramica\/cer-rosa-turbo\/#breadcrumb\"},\"inLanguage\":\"es\",\"potentialAction\":[{\"@type\":\"ReadAction\",\"target\":[\"https:\/\/www.maxima-dia.com\/es\/discos-de-diamante-para-ceramica\/cer-rosa-turbo\/\"]}]},{\"@type\":\"ImageObject\",\"inLanguage\":\"es\",\"@id\":\"https:\/\/www.maxima-dia.com\/es\/discos-de-diamante-para-ceramica\/cer-rosa-turbo\/#primaryimage\",\"url\":\"https:\/\/www.maxima-dia.com\/wp-content\/uploads\/2017\/02\/cer-rosa-turbo.jpg\",\"contentUrl\":\"https:\/\/www.maxima-dia.com\/wp-content\/uploads\/2017\/02\/cer-rosa-turbo.jpg\",\"width\":1200,\"height\":1200},{\"@type\":\"BreadcrumbList\",\"@id\":\"https:\/\/www.maxima-dia.com\/es\/discos-de-diamante-para-ceramica\/cer-rosa-turbo\/#breadcrumb\",\"itemListElement\":[{\"@type\":\"ListItem\",\"position\":1,\"name\":\"Home\",\"item\":\"https:\/\/www.maxima-dia.com\/es\/\"},{\"@type\":\"ListItem\",\"position\":2,\"name\":\"Discos de Diamante para Cer\u00e1mica\",\"item\":\"https:\/\/www.maxima-dia.com\/es\/discos-de-diamante-para-ceramica\/\"},{\"@type\":\"ListItem\",\"position\":3,\"name\":\"Cer Rosa Turbo\"}]},{\"@type\":\"WebSite\",\"@id\":\"https:\/\/www.maxima-dia.com\/es\/#website\",\"url\":\"https:\/\/www.maxima-dia.com\/es\/\",\"name\":\"Maxima SpA\",\"description\":\"Only for the real professionals\",\"potentialAction\":[{\"@type\":\"SearchAction\",\"target\":{\"@type\":\"EntryPoint\",\"urlTemplate\":\"https:\/\/www.maxima-dia.com\/es\/?s={search_term_string}\"},\"query-input\":{\"@type\":\"PropertyValueSpecification\",\"valueRequired\":true,\"valueName\":\"search_term_string\"}}],\"inLanguage\":\"es\"}]}<\/script>\n<!-- \/ Yoast SEO plugin. -->","yoast_head_json":{"title":"Cer Rosa Turbo - Maxima SpA","description":"Cer Rosa Turbo Disco de diamante es en absoluto el m\u00e1s vendido de los productos M\u00e1xima. Nacido espec\u00edficamente para el gres porcel\u00e1nico, la herramienta s\u00faper-sutil es id\u00f3nea para todos los tipos de baldosas.","robots":{"index":"index","follow":"follow","max-snippet":"max-snippet:-1","max-image-preview":"max-image-preview:large","max-video-preview":"max-video-preview:-1"},"canonical":"https:\/\/www.maxima-dia.com\/es\/discos-de-diamante-para-ceramica\/cer-rosa-turbo\/","og_locale":"es_ES","og_type":"article","og_title":"Cer Rosa Turbo - Maxima SpA","og_description":"Cer Rosa Turbo Disco de diamante es en absoluto el m\u00e1s vendido de los productos M\u00e1xima. Nacido espec\u00edficamente para el gres porcel\u00e1nico, la herramienta s\u00faper-sutil es id\u00f3nea para todos los tipos de baldosas.","og_url":"https:\/\/www.maxima-dia.com\/es\/discos-de-diamante-para-ceramica\/cer-rosa-turbo\/","og_site_name":"Maxima SpA","article_publisher":"https:\/\/www.facebook.com\/Maxima-spa-106098566139597","article_modified_time":"2024-06-27T07:55:20+00:00","og_image":[{"width":1200,"height":1200,"url":"https:\/\/www.maxima-dia.com\/wp-content\/uploads\/2017\/02\/cer-rosa-turbo.jpg","type":"image\/jpeg"}],"twitter_card":"summary_large_image","twitter_site":"@Maximadia","twitter_misc":{"Tiempo de lectura":"12 minutos"},"schema":{"@context":"https:\/\/schema.org","@graph":[{"@type":"WebPage","@id":"https:\/\/www.maxima-dia.com\/es\/discos-de-diamante-para-ceramica\/cer-rosa-turbo\/","url":"https:\/\/www.maxima-dia.com\/es\/discos-de-diamante-para-ceramica\/cer-rosa-turbo\/","name":"Cer Rosa Turbo - Maxima SpA","isPartOf":{"@id":"https:\/\/www.maxima-dia.com\/es\/#website"},"primaryImageOfPage":{"@id":"https:\/\/www.maxima-dia.com\/es\/discos-de-diamante-para-ceramica\/cer-rosa-turbo\/#primaryimage"},"image":{"@id":"https:\/\/www.maxima-dia.com\/es\/discos-de-diamante-para-ceramica\/cer-rosa-turbo\/#primaryimage"},"thumbnailUrl":"https:\/\/www.maxima-dia.com\/wp-content\/uploads\/2017\/02\/cer-rosa-turbo.jpg","datePublished":"2014-04-11T07:36:00+00:00","dateModified":"2024-06-27T07:55:20+00:00","description":"Cer Rosa Turbo Disco de diamante es en absoluto el m\u00e1s vendido de los productos M\u00e1xima. Nacido espec\u00edficamente para el gres porcel\u00e1nico, la herramienta s\u00faper-sutil es id\u00f3nea para todos los tipos de baldosas.","breadcrumb":{"@id":"https:\/\/www.maxima-dia.com\/es\/discos-de-diamante-para-ceramica\/cer-rosa-turbo\/#breadcrumb"},"inLanguage":"es","potentialAction":[{"@type":"ReadAction","target":["https:\/\/www.maxima-dia.com\/es\/discos-de-diamante-para-ceramica\/cer-rosa-turbo\/"]}]},{"@type":"ImageObject","inLanguage":"es","@id":"https:\/\/www.maxima-dia.com\/es\/discos-de-diamante-para-ceramica\/cer-rosa-turbo\/#primaryimage","url":"https:\/\/www.maxima-dia.com\/wp-content\/uploads\/2017\/02\/cer-rosa-turbo.jpg","contentUrl":"https:\/\/www.maxima-dia.com\/wp-content\/uploads\/2017\/02\/cer-rosa-turbo.jpg","width":1200,"height":1200},{"@type":"BreadcrumbList","@id":"https:\/\/www.maxima-dia.com\/es\/discos-de-diamante-para-ceramica\/cer-rosa-turbo\/#breadcrumb","itemListElement":[{"@type":"ListItem","position":1,"name":"Home","item":"https:\/\/www.maxima-dia.com\/es\/"},{"@type":"ListItem","position":2,"name":"Discos de Diamante para Cer\u00e1mica","item":"https:\/\/www.maxima-dia.com\/es\/discos-de-diamante-para-ceramica\/"},{"@type":"ListItem","position":3,"name":"Cer Rosa Turbo"}]},{"@type":"WebSite","@id":"https:\/\/www.maxima-dia.com\/es\/#website","url":"https:\/\/www.maxima-dia.com\/es\/","name":"Maxima SpA","description":"Only for the real professionals","potentialAction":[{"@type":"SearchAction","target":{"@type":"EntryPoint","urlTemplate":"https:\/\/www.maxima-dia.com\/es\/?s={search_term_string}"},"query-input":{"@type":"PropertyValueSpecification","valueRequired":true,"valueName":"search_term_string"}}],"inLanguage":"es"}]}},"_links":{"self":[{"href":"https:\/\/www.maxima-dia.com\/es\/wp-json\/wp\/v2\/pages\/7877"}],"collection":[{"href":"https:\/\/www.maxima-dia.com\/es\/wp-json\/wp\/v2\/pages"}],"about":[{"href":"https:\/\/www.maxima-dia.com\/es\/wp-json\/wp\/v2\/types\/page"}],"author":[{"embeddable":true,"href":"https:\/\/www.maxima-dia.com\/es\/wp-json\/wp\/v2\/users\/29"}],"replies":[{"embeddable":true,"href":"https:\/\/www.maxima-dia.com\/es\/wp-json\/wp\/v2\/comments?post=7877"}],"version-history":[{"count":3,"href":"https:\/\/www.maxima-dia.com\/es\/wp-json\/wp\/v2\/pages\/7877\/revisions"}],"predecessor-version":[{"id":43811,"href":"https:\/\/www.maxima-dia.com\/es\/wp-json\/wp\/v2\/pages\/7877\/revisions\/43811"}],"up":[{"embeddable":true,"href":"https:\/\/www.maxima-dia.com\/es\/wp-json\/wp\/v2\/pages\/12415"}],"wp:featuredmedia":[{"embeddable":true,"href":"https:\/\/www.maxima-dia.com\/es\/wp-json\/wp\/v2\/media\/24252"}],"wp:attachment":[{"href":"https:\/\/www.maxima-dia.com\/es\/wp-json\/wp\/v2\/media?parent=7877"}],"curies":[{"name":"wp","href":"https:\/\/api.w.org\/{rel}","templated":true}]}}