{"id":8000,"date":"2014-04-14T09:20:52","date_gmt":"2014-04-14T07:20:52","guid":{"rendered":"http:\/\/www.maxima-dia.com\/?post_type=products&#038;p=8000"},"modified":"2021-06-30T09:25:15","modified_gmt":"2021-06-30T07:25:15","slug":"rosa-marmo","status":"publish","type":"page","link":"https:\/\/www.maxima-dia.com\/es\/discos-de-diamante-especificos\/rosa-marmo\/","title":{"rendered":"Rosa Marmo"},"content":{"rendered":"<div class=\"wpb-content-wrapper\"><p>[vc_row][vc_column text_align=\u00bbcenter\u00bb width=\u00bb1\/4&#8243;][vc_column_text]<a href=\"\/wp-content\/uploads\/2017\/02\/rosa-marmo.jpg\"><img loading=\"lazy\" decoding=\"async\" class=\"alignnone size-thumbnail wp-image-13907\" src=\"\/wp-content\/uploads\/2017\/02\/rosa-marmo-150x150.jpg\" alt=\"ROSA MARMO\" width=\"150\" height=\"150\" srcset=\"https:\/\/www.maxima-dia.com\/wp-content\/uploads\/2017\/02\/rosa-marmo-150x150.jpg 150w, https:\/\/www.maxima-dia.com\/wp-content\/uploads\/2017\/02\/rosa-marmo-300x300.jpg 300w, https:\/\/www.maxima-dia.com\/wp-content\/uploads\/2017\/02\/rosa-marmo-768x768.jpg 768w, https:\/\/www.maxima-dia.com\/wp-content\/uploads\/2017\/02\/rosa-marmo-1024x1024.jpg 1024w, https:\/\/www.maxima-dia.com\/wp-content\/uploads\/2017\/02\/rosa-marmo-80x80.jpg 80w, https:\/\/www.maxima-dia.com\/wp-content\/uploads\/2017\/02\/rosa-marmo-500x500.jpg 500w, https:\/\/www.maxima-dia.com\/wp-content\/uploads\/2017\/02\/rosa-marmo-1000x1000.jpg 1000w, https:\/\/www.maxima-dia.com\/wp-content\/uploads\/2017\/02\/rosa-marmo.jpg 1200w\" sizes=\"(max-width: 150px) 100vw, 150px\" \/><\/a>[\/vc_column_text][vc_column_text css_animation=\u00bbslideInDown\u00bb el_class=\u00bbhidebuybutton\u00bb]<a href=\"https:\/\/www.storemaxima.com\/es\/discos-de-diamante-especificos\/48-rosa-marmol.html\" target=\"_blank\" rel=\"noopener\"><img loading=\"lazy\" decoding=\"async\" class=\"alignnone\" title=\"Comprar en www.storemaxima.com\" src=\"https:\/\/www.maxima-dia.com\/wp-content\/uploads\/2019\/12\/pulsante-acquista-storemaxima.com-es.svg\" alt=\"Comprar en www.storemaxima.com\" width=\"180\" height=\"80\"><\/a>[\/vc_column_text][\/vc_column][vc_column width=\u00bb3\/4&#8243;][vc_column_text]<strong>Rosa Marmo<\/strong> ha sido desarrollado espec\u00edficamente para cortar el m\u00e1rmol, us\u00e1ndolo con cortadoras de obra. La altura del segmento es de 10 mm y el producto se caracteriza por un alto rendimiento. La gama de di\u00e1metros disponibles va desde 250 a 625 mm.<\/p>\n<table class=\"tabellatecnica\" style=\"width: 80%;\" border=\"0\" cellspacing=\"0\" cellpadding=\"0\">\n<thead>\n<tr>\n<td class=\"testata\" colspan=\"2\">FICHA T\u00c9CNICA<\/td>\n<\/tr>\n<\/thead>\n<tbody>\n<tr>\n<td class=\"prima\">Cemento Curado \/ Ladrillos \/ Tejas<\/td>\n<td class=\"seconda\">&nbsp;<\/td>\n<\/tr>\n<tr>\n<td class=\"prima\">Hormig\u00f3n poco armado<\/td>\n<td class=\"seconda\">&nbsp;<\/td>\n<\/tr>\n<tr>\n<td class=\"prima\">Hormig\u00f3n muy armado<\/td>\n<td class=\"seconda\">&nbsp;<\/td>\n<\/tr>\n<tr>\n<td class=\"prima\">Granitos \/ Piedras naturales \/ P\u00f3rfidos<\/td>\n<td class=\"seconda\">&nbsp;<\/td>\n<\/tr>\n<tr>\n<td class=\"prima\">M\u00e1rmoles<\/td>\n<td class=\"seconda\"><b class=\"txtred\">\u2605<\/b><b class=\"txtred\">\u2605<\/b><b class=\"txtred\">\u2605<\/b><b class=\"txtred\">\u2605<\/b><b class=\"txtred\">\u2605<\/b><\/td>\n<\/tr>\n<tr>\n<td class=\"prima\">Refractarios<\/td>\n<td class=\"seconda\">&nbsp;<\/td>\n<\/tr>\n<tr>\n<td class=\"prima\">Areniscas \/ Placas de gravilla lavada<\/td>\n<td class=\"seconda\">&nbsp;<\/td>\n<\/tr>\n<tr>\n<td class=\"prima\">Cer\u00e1mica cocida dos veces<\/td>\n<td class=\"seconda\">&nbsp;<\/td>\n<\/tr>\n<tr>\n<td class=\"prima\">Cer\u00e1mica cocida una vez<\/td>\n<td class=\"seconda\">&nbsp;<\/td>\n<\/tr>\n<tr>\n<td class=\"prima\">Gres porcel\u00e1nico \/ Klinker<\/td>\n<td class=\"seconda\">&nbsp;<\/td>\n<\/tr>\n<tr>\n<td class=\"prima\">Cemento fresco<\/td>\n<td class=\"seconda\">&nbsp;<\/td>\n<\/tr>\n<tr>\n<td class=\"prima\">Asfalto<\/td>\n<td class=\"seconda\">&nbsp;<\/td>\n<\/tr>\n<tr>\n<td class=\"intervallo\" colspan=\"2\">&nbsp;<\/td>\n<\/tr>\n<tr>\n<td class=\"prima\">Velocidad de corte<\/td>\n<td class=\"seconda\"><b class=\"txtred\">\u2605<\/b><b class=\"txtred\">\u2605<\/b><b class=\"txtred\">\u2605<\/b><b class=\"txtred\">\u2605<\/b><\/td>\n<\/tr>\n<tr>\n<td class=\"prima\">Duraci\u00f3n promedio<\/td>\n<td class=\"seconda\"><b class=\"txtred\">\u2605<\/b><b class=\"txtred\">\u2605<\/b><b class=\"txtred\">\u2605<\/b><b class=\"txtred\">\u2605<\/b><\/td>\n<\/tr>\n<tr>\n<td class=\"legenda\" colspan=\"2\"><strong>suficiente<\/strong>&nbsp;<b class=\"txtred\">\u2605<\/b>&nbsp;&nbsp;&nbsp;&nbsp;&nbsp;<strong>regular<\/strong>&nbsp;<b class=\"txtred\">\u2605<\/b><b class=\"txtred\">\u2605<\/b>&nbsp;&nbsp;&nbsp;&nbsp;&nbsp;<strong>bueno<\/strong>&nbsp;<b class=\"txtred\">\u2605<\/b><b class=\"txtred\">\u2605<\/b><b class=\"txtred\">\u2605<\/b>&nbsp;&nbsp;&nbsp;&nbsp;&nbsp;<strong>sobresaliente<\/strong>&nbsp;<b class=\"txtred\">\u2605<\/b><b class=\"txtred\">\u2605<\/b><b class=\"txtred\">\u2605<\/b><b class=\"txtred\">\u2605<\/b>&nbsp;&nbsp;&nbsp;&nbsp;&nbsp;<strong>super<\/strong>&nbsp;<b class=\"txtred\">\u2605<\/b><b class=\"txtred\">\u2605<\/b><b class=\"txtred\">\u2605<\/b><b class=\"txtred\">\u2605<\/b><b class=\"txtred\">\u2605<\/b><\/td>\n<\/tr>\n<\/tbody>\n<\/table>\n<p>&nbsp;<\/p>\n<table class=\"tabellatecnica\" style=\"width: 80%;\" border=\"0\" cellspacing=\"0\" cellpadding=\"0\">\n<thead>\n<tr>\n<td class=\"testata\" colspan=\"2\"><strong>PUEDE UTILIZARSE EN LAS M\u00c1QUINAS SIGUIENTES<\/strong><\/td>\n<\/tr>\n<\/thead>\n<tbody>\n<tr>\n<td colspan=\"2\"><img loading=\"lazy\" decoding=\"async\" class=\"wp-image-7030 alignleft\" src=\"\/wp-content\/uploads\/2013\/11\/s-taglio3.png\" alt=\"s-taglio3\" width=\"49\" height=\"50\" srcset=\"https:\/\/www.maxima-dia.com\/wp-content\/uploads\/2013\/11\/s-taglio3.png 267w, https:\/\/www.maxima-dia.com\/wp-content\/uploads\/2013\/11\/s-taglio3-150x150.png 150w, https:\/\/www.maxima-dia.com\/wp-content\/uploads\/2013\/11\/s-taglio3-80x80.png 80w, https:\/\/www.maxima-dia.com\/wp-content\/uploads\/2013\/11\/s-taglio3-148x148.png 148w, https:\/\/www.maxima-dia.com\/wp-content\/uploads\/2013\/11\/s-taglio3-170x170.png 170w\" sizes=\"(max-width: 49px) 100vw, 49px\" \/>250-300-350-400<br \/>\n450-500-600-625<\/td>\n<\/tr>\n<\/tbody>\n<\/table>\n<p>&nbsp;<\/p>\n<div id=\"gtx-trans\" style=\"position: absolute; left: 48px; top: 38px;\">\n<div class=\"gtx-trans-icon\">&nbsp;<\/div>\n<\/div>\n<p>[\/vc_column_text][\/vc_column][\/vc_row]<\/p>\n<\/div>","protected":false},"excerpt":{"rendered":"<p>[vc_row][vc_column text_align=\u00bbcenter\u00bb width=\u00bb1\/4&#8243;][vc_column_text][\/vc_column_text][vc_column_text css_animation=\u00bbslideInDown\u00bb el_class=\u00bbhidebuybutton\u00bb][\/vc_column_text][\/vc_column][vc_column width=\u00bb3\/4&#8243;][vc_column_text]Rosa Marmo ha sido desarrollado espec\u00edficamente para cortar el m\u00e1rmol, us\u00e1ndolo con cortadoras de obra. La altura del segmento es de 10 mm y el producto se caracteriza por un alto rendimiento. La gama de di\u00e1metros disponibles va desde 250 a 625 mm. FICHA T\u00c9CNICA Cemento Curado \/ Ladrillos \/ Tejas &nbsp; Hormig\u00f3n poco armado &nbsp; Hormig\u00f3n muy armado &nbsp; Granitos \/ Piedras naturales \/ P\u00f3rfidos &nbsp; M\u00e1rmoles \u2605\u2605\u2605\u2605\u2605 Refractarios &nbsp; Areniscas \/ Placas de gravilla lavada &nbsp; Cer\u00e1mica cocida dos veces &nbsp; Cer\u00e1mica cocida una vez &nbsp; Gres porcel\u00e1nico \/ Klinker &nbsp; Cemento fresco &nbsp; Asfalto &nbsp; &nbsp; Velocidad de corte \u2605\u2605\u2605\u2605 Duraci\u00f3n promedio \u2605\u2605\u2605\u2605 suficiente&nbsp;\u2605&nbsp;&nbsp;&nbsp;&nbsp;&nbsp;regular&nbsp;\u2605\u2605&nbsp;&nbsp;&nbsp;&nbsp;&nbsp;bueno&nbsp;\u2605\u2605\u2605&nbsp;&nbsp;&nbsp;&nbsp;&nbsp;sobresaliente&nbsp;\u2605\u2605\u2605\u2605&nbsp;&nbsp;&nbsp;&nbsp;&nbsp;super&nbsp;\u2605\u2605\u2605\u2605\u2605 &nbsp; PUEDE UTILIZARSE EN LAS M\u00c1QUINAS SIGUIENTES 250-300-350-400 450-500-600-625 &nbsp; &nbsp; [\/vc_column_text][\/vc_column][\/vc_row]<\/p>\n","protected":false},"author":29,"featured_media":24510,"parent":12564,"menu_order":23,"comment_status":"closed","ping_status":"closed","template":"","meta":{"ngg_post_thumbnail":0,"_joinchat":[],"footnotes":""},"class_list":["post-8000","page","type-page","status-publish","has-post-thumbnail","hentry"],"yoast_head":"<!-- This site is optimized with the Yoast SEO plugin v25.5 - https:\/\/yoast.com\/wordpress\/plugins\/seo\/ -->\n<title>Rosa Marmo - Maxima SpA<\/title>\n<meta name=\"robots\" content=\"index, follow, max-snippet:-1, max-image-preview:large, max-video-preview:-1\" \/>\n<link rel=\"canonical\" href=\"https:\/\/www.maxima-dia.com\/es\/discos-de-diamante-especificos\/rosa-marmo\/\" \/>\n<meta property=\"og:locale\" content=\"es_ES\" \/>\n<meta property=\"og:type\" content=\"article\" \/>\n<meta property=\"og:title\" content=\"Rosa Marmo - Maxima SpA\" \/>\n<meta property=\"og:description\" content=\"[vc_row][vc_column text_align=\u00bbcenter\u00bb width=\u00bb1\/4&#8243;][vc_column_text][\/vc_column_text][vc_column_text css_animation=\u00bbslideInDown\u00bb el_class=\u00bbhidebuybutton\u00bb][\/vc_column_text][\/vc_column][vc_column width=\u00bb3\/4&#8243;][vc_column_text]Rosa Marmo ha sido desarrollado espec\u00edficamente para cortar el m\u00e1rmol, us\u00e1ndolo con cortadoras de obra. La altura del segmento es de 10 mm y el producto se caracteriza por un alto rendimiento. La gama de di\u00e1metros disponibles va desde 250 a 625 mm. FICHA T\u00c9CNICA Cemento Curado \/ Ladrillos \/ Tejas &nbsp; Hormig\u00f3n poco armado &nbsp; Hormig\u00f3n muy armado &nbsp; Granitos \/ Piedras naturales \/ P\u00f3rfidos &nbsp; M\u00e1rmoles \u2605\u2605\u2605\u2605\u2605 Refractarios &nbsp; Areniscas \/ Placas de gravilla lavada &nbsp; Cer\u00e1mica cocida dos veces &nbsp; Cer\u00e1mica cocida una vez &nbsp; Gres porcel\u00e1nico \/ Klinker &nbsp; Cemento fresco &nbsp; Asfalto &nbsp; &nbsp; Velocidad de corte \u2605\u2605\u2605\u2605 Duraci\u00f3n promedio \u2605\u2605\u2605\u2605 suficiente&nbsp;\u2605&nbsp;&nbsp;&nbsp;&nbsp;&nbsp;regular&nbsp;\u2605\u2605&nbsp;&nbsp;&nbsp;&nbsp;&nbsp;bueno&nbsp;\u2605\u2605\u2605&nbsp;&nbsp;&nbsp;&nbsp;&nbsp;sobresaliente&nbsp;\u2605\u2605\u2605\u2605&nbsp;&nbsp;&nbsp;&nbsp;&nbsp;super&nbsp;\u2605\u2605\u2605\u2605\u2605 &nbsp; PUEDE UTILIZARSE EN LAS M\u00c1QUINAS SIGUIENTES 250-300-350-400 450-500-600-625 &nbsp; &nbsp; [\/vc_column_text][\/vc_column][\/vc_row]\" \/>\n<meta property=\"og:url\" content=\"https:\/\/www.maxima-dia.com\/es\/discos-de-diamante-especificos\/rosa-marmo\/\" \/>\n<meta property=\"og:site_name\" content=\"Maxima SpA\" \/>\n<meta property=\"article:publisher\" content=\"https:\/\/www.facebook.com\/Maxima-spa-106098566139597\" \/>\n<meta property=\"article:modified_time\" content=\"2021-06-30T07:25:15+00:00\" \/>\n<meta property=\"og:image\" content=\"https:\/\/www.maxima-dia.com\/wp-content\/uploads\/2017\/02\/rosa-marmo.jpg\" \/>\n\t<meta property=\"og:image:width\" content=\"1200\" \/>\n\t<meta property=\"og:image:height\" content=\"1200\" \/>\n\t<meta property=\"og:image:type\" content=\"image\/jpeg\" \/>\n<meta name=\"twitter:card\" content=\"summary_large_image\" \/>\n<meta name=\"twitter:site\" content=\"@Maximadia\" \/>\n<meta name=\"twitter:label1\" content=\"Tiempo de lectura\" \/>\n\t<meta name=\"twitter:data1\" content=\"7 minutos\" \/>\n<script type=\"application\/ld+json\" class=\"yoast-schema-graph\">{\"@context\":\"https:\/\/schema.org\",\"@graph\":[{\"@type\":\"WebPage\",\"@id\":\"https:\/\/www.maxima-dia.com\/es\/discos-de-diamante-especificos\/rosa-marmo\/\",\"url\":\"https:\/\/www.maxima-dia.com\/es\/discos-de-diamante-especificos\/rosa-marmo\/\",\"name\":\"Rosa Marmo - Maxima SpA\",\"isPartOf\":{\"@id\":\"https:\/\/www.maxima-dia.com\/es\/#website\"},\"primaryImageOfPage\":{\"@id\":\"https:\/\/www.maxima-dia.com\/es\/discos-de-diamante-especificos\/rosa-marmo\/#primaryimage\"},\"image\":{\"@id\":\"https:\/\/www.maxima-dia.com\/es\/discos-de-diamante-especificos\/rosa-marmo\/#primaryimage\"},\"thumbnailUrl\":\"https:\/\/www.maxima-dia.com\/wp-content\/uploads\/2017\/02\/rosa-marmo.jpg\",\"datePublished\":\"2014-04-14T07:20:52+00:00\",\"dateModified\":\"2021-06-30T07:25:15+00:00\",\"breadcrumb\":{\"@id\":\"https:\/\/www.maxima-dia.com\/es\/discos-de-diamante-especificos\/rosa-marmo\/#breadcrumb\"},\"inLanguage\":\"es\",\"potentialAction\":[{\"@type\":\"ReadAction\",\"target\":[\"https:\/\/www.maxima-dia.com\/es\/discos-de-diamante-especificos\/rosa-marmo\/\"]}]},{\"@type\":\"ImageObject\",\"inLanguage\":\"es\",\"@id\":\"https:\/\/www.maxima-dia.com\/es\/discos-de-diamante-especificos\/rosa-marmo\/#primaryimage\",\"url\":\"https:\/\/www.maxima-dia.com\/wp-content\/uploads\/2017\/02\/rosa-marmo.jpg\",\"contentUrl\":\"https:\/\/www.maxima-dia.com\/wp-content\/uploads\/2017\/02\/rosa-marmo.jpg\",\"width\":1200,\"height\":1200},{\"@type\":\"BreadcrumbList\",\"@id\":\"https:\/\/www.maxima-dia.com\/es\/discos-de-diamante-especificos\/rosa-marmo\/#breadcrumb\",\"itemListElement\":[{\"@type\":\"ListItem\",\"position\":1,\"name\":\"Home\",\"item\":\"https:\/\/www.maxima-dia.com\/es\/\"},{\"@type\":\"ListItem\",\"position\":2,\"name\":\"Discos de Diamante Espec\u00edficos\",\"item\":\"https:\/\/www.maxima-dia.com\/es\/discos-de-diamante-especificos\/\"},{\"@type\":\"ListItem\",\"position\":3,\"name\":\"Rosa Marmo\"}]},{\"@type\":\"WebSite\",\"@id\":\"https:\/\/www.maxima-dia.com\/es\/#website\",\"url\":\"https:\/\/www.maxima-dia.com\/es\/\",\"name\":\"Maxima SpA\",\"description\":\"Only for the real professionals\",\"potentialAction\":[{\"@type\":\"SearchAction\",\"target\":{\"@type\":\"EntryPoint\",\"urlTemplate\":\"https:\/\/www.maxima-dia.com\/es\/?s={search_term_string}\"},\"query-input\":{\"@type\":\"PropertyValueSpecification\",\"valueRequired\":true,\"valueName\":\"search_term_string\"}}],\"inLanguage\":\"es\"}]}<\/script>\n<!-- \/ Yoast SEO plugin. -->","yoast_head_json":{"title":"Rosa Marmo - Maxima SpA","robots":{"index":"index","follow":"follow","max-snippet":"max-snippet:-1","max-image-preview":"max-image-preview:large","max-video-preview":"max-video-preview:-1"},"canonical":"https:\/\/www.maxima-dia.com\/es\/discos-de-diamante-especificos\/rosa-marmo\/","og_locale":"es_ES","og_type":"article","og_title":"Rosa Marmo - Maxima SpA","og_description":"[vc_row][vc_column text_align=\u00bbcenter\u00bb width=\u00bb1\/4&#8243;][vc_column_text][\/vc_column_text][vc_column_text css_animation=\u00bbslideInDown\u00bb el_class=\u00bbhidebuybutton\u00bb][\/vc_column_text][\/vc_column][vc_column width=\u00bb3\/4&#8243;][vc_column_text]Rosa Marmo ha sido desarrollado espec\u00edficamente para cortar el m\u00e1rmol, us\u00e1ndolo con cortadoras de obra. La altura del segmento es de 10 mm y el producto se caracteriza por un alto rendimiento. La gama de di\u00e1metros disponibles va desde 250 a 625 mm. FICHA T\u00c9CNICA Cemento Curado \/ Ladrillos \/ Tejas &nbsp; Hormig\u00f3n poco armado &nbsp; Hormig\u00f3n muy armado &nbsp; Granitos \/ Piedras naturales \/ P\u00f3rfidos &nbsp; M\u00e1rmoles \u2605\u2605\u2605\u2605\u2605 Refractarios &nbsp; Areniscas \/ Placas de gravilla lavada &nbsp; Cer\u00e1mica cocida dos veces &nbsp; Cer\u00e1mica cocida una vez &nbsp; Gres porcel\u00e1nico \/ Klinker &nbsp; Cemento fresco &nbsp; Asfalto &nbsp; &nbsp; Velocidad de corte \u2605\u2605\u2605\u2605 Duraci\u00f3n promedio \u2605\u2605\u2605\u2605 suficiente&nbsp;\u2605&nbsp;&nbsp;&nbsp;&nbsp;&nbsp;regular&nbsp;\u2605\u2605&nbsp;&nbsp;&nbsp;&nbsp;&nbsp;bueno&nbsp;\u2605\u2605\u2605&nbsp;&nbsp;&nbsp;&nbsp;&nbsp;sobresaliente&nbsp;\u2605\u2605\u2605\u2605&nbsp;&nbsp;&nbsp;&nbsp;&nbsp;super&nbsp;\u2605\u2605\u2605\u2605\u2605 &nbsp; PUEDE UTILIZARSE EN LAS M\u00c1QUINAS SIGUIENTES 250-300-350-400 450-500-600-625 &nbsp; &nbsp; [\/vc_column_text][\/vc_column][\/vc_row]","og_url":"https:\/\/www.maxima-dia.com\/es\/discos-de-diamante-especificos\/rosa-marmo\/","og_site_name":"Maxima SpA","article_publisher":"https:\/\/www.facebook.com\/Maxima-spa-106098566139597","article_modified_time":"2021-06-30T07:25:15+00:00","og_image":[{"width":1200,"height":1200,"url":"https:\/\/www.maxima-dia.com\/wp-content\/uploads\/2017\/02\/rosa-marmo.jpg","type":"image\/jpeg"}],"twitter_card":"summary_large_image","twitter_site":"@Maximadia","twitter_misc":{"Tiempo de lectura":"7 minutos"},"schema":{"@context":"https:\/\/schema.org","@graph":[{"@type":"WebPage","@id":"https:\/\/www.maxima-dia.com\/es\/discos-de-diamante-especificos\/rosa-marmo\/","url":"https:\/\/www.maxima-dia.com\/es\/discos-de-diamante-especificos\/rosa-marmo\/","name":"Rosa Marmo - Maxima SpA","isPartOf":{"@id":"https:\/\/www.maxima-dia.com\/es\/#website"},"primaryImageOfPage":{"@id":"https:\/\/www.maxima-dia.com\/es\/discos-de-diamante-especificos\/rosa-marmo\/#primaryimage"},"image":{"@id":"https:\/\/www.maxima-dia.com\/es\/discos-de-diamante-especificos\/rosa-marmo\/#primaryimage"},"thumbnailUrl":"https:\/\/www.maxima-dia.com\/wp-content\/uploads\/2017\/02\/rosa-marmo.jpg","datePublished":"2014-04-14T07:20:52+00:00","dateModified":"2021-06-30T07:25:15+00:00","breadcrumb":{"@id":"https:\/\/www.maxima-dia.com\/es\/discos-de-diamante-especificos\/rosa-marmo\/#breadcrumb"},"inLanguage":"es","potentialAction":[{"@type":"ReadAction","target":["https:\/\/www.maxima-dia.com\/es\/discos-de-diamante-especificos\/rosa-marmo\/"]}]},{"@type":"ImageObject","inLanguage":"es","@id":"https:\/\/www.maxima-dia.com\/es\/discos-de-diamante-especificos\/rosa-marmo\/#primaryimage","url":"https:\/\/www.maxima-dia.com\/wp-content\/uploads\/2017\/02\/rosa-marmo.jpg","contentUrl":"https:\/\/www.maxima-dia.com\/wp-content\/uploads\/2017\/02\/rosa-marmo.jpg","width":1200,"height":1200},{"@type":"BreadcrumbList","@id":"https:\/\/www.maxima-dia.com\/es\/discos-de-diamante-especificos\/rosa-marmo\/#breadcrumb","itemListElement":[{"@type":"ListItem","position":1,"name":"Home","item":"https:\/\/www.maxima-dia.com\/es\/"},{"@type":"ListItem","position":2,"name":"Discos de Diamante Espec\u00edficos","item":"https:\/\/www.maxima-dia.com\/es\/discos-de-diamante-especificos\/"},{"@type":"ListItem","position":3,"name":"Rosa Marmo"}]},{"@type":"WebSite","@id":"https:\/\/www.maxima-dia.com\/es\/#website","url":"https:\/\/www.maxima-dia.com\/es\/","name":"Maxima SpA","description":"Only for the real professionals","potentialAction":[{"@type":"SearchAction","target":{"@type":"EntryPoint","urlTemplate":"https:\/\/www.maxima-dia.com\/es\/?s={search_term_string}"},"query-input":{"@type":"PropertyValueSpecification","valueRequired":true,"valueName":"search_term_string"}}],"inLanguage":"es"}]}},"_links":{"self":[{"href":"https:\/\/www.maxima-dia.com\/es\/wp-json\/wp\/v2\/pages\/8000"}],"collection":[{"href":"https:\/\/www.maxima-dia.com\/es\/wp-json\/wp\/v2\/pages"}],"about":[{"href":"https:\/\/www.maxima-dia.com\/es\/wp-json\/wp\/v2\/types\/page"}],"author":[{"embeddable":true,"href":"https:\/\/www.maxima-dia.com\/es\/wp-json\/wp\/v2\/users\/29"}],"replies":[{"embeddable":true,"href":"https:\/\/www.maxima-dia.com\/es\/wp-json\/wp\/v2\/comments?post=8000"}],"version-history":[{"count":0,"href":"https:\/\/www.maxima-dia.com\/es\/wp-json\/wp\/v2\/pages\/8000\/revisions"}],"up":[{"embeddable":true,"href":"https:\/\/www.maxima-dia.com\/es\/wp-json\/wp\/v2\/pages\/12564"}],"wp:featuredmedia":[{"embeddable":true,"href":"https:\/\/www.maxima-dia.com\/es\/wp-json\/wp\/v2\/media\/24510"}],"wp:attachment":[{"href":"https:\/\/www.maxima-dia.com\/es\/wp-json\/wp\/v2\/media?parent=8000"}],"curies":[{"name":"wp","href":"https:\/\/api.w.org\/{rel}","templated":true}]}}