{"id":8034,"date":"2014-04-14T13:20:11","date_gmt":"2014-04-14T11:20:11","guid":{"rendered":"http:\/\/www.maxima-dia.com\/?post_type=products&#038;p=8034"},"modified":"2021-07-08T17:05:08","modified_gmt":"2021-07-08T15:05:08","slug":"scanmax-180-evo","status":"publish","type":"page","link":"https:\/\/www.maxima-dia.com\/es\/maquinas-de-corte-para-la-construccion\/scanmax-180-evo\/","title":{"rendered":"Scanmax 180 Evo"},"content":{"rendered":"<div class=\"wpb-content-wrapper\"><p>[vc_row][vc_column text_align=\u00bbcenter\u00bb width=\u00bb1\/4&#8243;][vc_column_text]<a href=\"\/wp-content\/uploads\/2017\/02\/scanmax-180-evo.jpg\"><img loading=\"lazy\" decoding=\"async\" class=\"alignnone size-thumbnail wp-image-13912\" src=\"\/wp-content\/uploads\/2017\/02\/scanmax-180-evo-150x150.jpg\" alt=\"SCANMAX 180 EVO\" width=\"150\" height=\"150\" srcset=\"https:\/\/www.maxima-dia.com\/wp-content\/uploads\/2017\/02\/scanmax-180-evo-150x150.jpg 150w, https:\/\/www.maxima-dia.com\/wp-content\/uploads\/2017\/02\/scanmax-180-evo-300x300.jpg 300w, https:\/\/www.maxima-dia.com\/wp-content\/uploads\/2017\/02\/scanmax-180-evo-768x768.jpg 768w, https:\/\/www.maxima-dia.com\/wp-content\/uploads\/2017\/02\/scanmax-180-evo-1024x1024.jpg 1024w, https:\/\/www.maxima-dia.com\/wp-content\/uploads\/2017\/02\/scanmax-180-evo-80x80.jpg 80w, https:\/\/www.maxima-dia.com\/wp-content\/uploads\/2017\/02\/scanmax-180-evo-500x500.jpg 500w, https:\/\/www.maxima-dia.com\/wp-content\/uploads\/2017\/02\/scanmax-180-evo-1000x1000.jpg 1000w, https:\/\/www.maxima-dia.com\/wp-content\/uploads\/2017\/02\/scanmax-180-evo.jpg 1200w\" sizes=\"(max-width: 150px) 100vw, 150px\" \/><\/a><\/p>\n<p>construida en la Uni\u00f3n Europea&nbsp;<img loading=\"lazy\" decoding=\"async\" src=\"\/wp-content\/uploads\/2013\/11\/eu.png\" alt=\"eu\" width=\"24\" height=\"16\"> &#8211; certificada&nbsp;<span style=\"font-family: arial,helvetica,sans-serif;\">CE<\/span>[\/vc_column_text][vc_column_text css_animation=\u00bbslideInDown\u00bb el_class=\u00bbhidebuybutton\u00bb]<a href=\"https:\/\/www.storemaxima.com\/es\/maquinas-de-corte-para-la-construccion\/53-scanmax-180-evo.html\" target=\"_blank\" rel=\"noopener\"><img loading=\"lazy\" decoding=\"async\" class=\"alignnone\" title=\"Comprar en www.storemaxima.com\" src=\"https:\/\/www.maxima-dia.com\/wp-content\/uploads\/2019\/12\/pulsante-acquista-storemaxima.com-es.svg\" alt=\"Comprar en www.storemaxima.com\" width=\"180\" height=\"80\"><\/a>[\/vc_column_text][\/vc_column][vc_column width=\u00bb3\/4&#8243;][vc_column_text]&nbsp;Evoluci\u00f3n del modelo anterior, la ScanMax 180 EVO ha sido mejorada en la aspiraci\u00f3n de polvo al a\u00f1adir un c\u00e1rter inclinable; adem\u00e1s, el mango se hizo m\u00e1s ergon\u00f3mico y la fijaci\u00f3n de los cables el\u00e9ctricos se encuentran ahora fuera del rango de acci\u00f3n del operador. Potente y ligera, es la \u00fanica del mercado con capacidad de corte 6&#215;6: la profundidad m\u00e1xima de corte es de 6 cm, ajustable; la anchura m\u00e1xima de corte es de 6 cm, ajustable. Se suministra en un resistente malet\u00edn met\u00e1lico con 2 discos <a href=\"https:\/\/www.maxima-dia.com\/es\/discos-de-diamante-especificos\/laser-scan-rojo\/\"><strong>Laser Scan Rosso<\/strong><\/a> de 180 mm de di\u00e1metro.<\/p>\n<table class=\"tabellafotocarotaggio\" style=\"width: 100%;\">\n<tbody>\n<tr>\n<td style=\"text-align: center; width: 25%;\"><a href=\"https:\/\/www.maxima-dia.com\/wp-content\/uploads\/2021\/07\/SCANMAX_180EVO-3.jpg\"><img loading=\"lazy\" decoding=\"async\" class=\"alignnone size-thumbnail wp-image-29038\" src=\"https:\/\/www.maxima-dia.com\/wp-content\/uploads\/2021\/07\/SCANMAX_180EVO-3-150x150.jpg\" alt=\"\" width=\"150\" height=\"150\" srcset=\"https:\/\/www.maxima-dia.com\/wp-content\/uploads\/2021\/07\/SCANMAX_180EVO-3-150x150.jpg 150w, https:\/\/www.maxima-dia.com\/wp-content\/uploads\/2021\/07\/SCANMAX_180EVO-3-300x300.jpg 300w, https:\/\/www.maxima-dia.com\/wp-content\/uploads\/2021\/07\/SCANMAX_180EVO-3-1024x1024.jpg 1024w, https:\/\/www.maxima-dia.com\/wp-content\/uploads\/2021\/07\/SCANMAX_180EVO-3-768x768.jpg 768w, https:\/\/www.maxima-dia.com\/wp-content\/uploads\/2021\/07\/SCANMAX_180EVO-3-1536x1536.jpg 1536w, https:\/\/www.maxima-dia.com\/wp-content\/uploads\/2021\/07\/SCANMAX_180EVO-3-80x80.jpg 80w, https:\/\/www.maxima-dia.com\/wp-content\/uploads\/2021\/07\/SCANMAX_180EVO-3-500x500.jpg 500w, https:\/\/www.maxima-dia.com\/wp-content\/uploads\/2021\/07\/SCANMAX_180EVO-3-1000x1000.jpg 1000w, https:\/\/www.maxima-dia.com\/wp-content\/uploads\/2021\/07\/SCANMAX_180EVO-3.jpg 1700w\" sizes=\"(max-width: 150px) 100vw, 150px\" \/><\/a><\/td>\n<td style=\"text-align: center; width: 25%;\"><a href=\"https:\/\/www.maxima-dia.com\/wp-content\/uploads\/2021\/07\/SCANMAX_180EVO-4.jpg\"><img loading=\"lazy\" decoding=\"async\" class=\"alignnone size-thumbnail wp-image-29044\" src=\"https:\/\/www.maxima-dia.com\/wp-content\/uploads\/2021\/07\/SCANMAX_180EVO-4-150x150.jpg\" alt=\"\" width=\"150\" height=\"150\" srcset=\"https:\/\/www.maxima-dia.com\/wp-content\/uploads\/2021\/07\/SCANMAX_180EVO-4-150x150.jpg 150w, https:\/\/www.maxima-dia.com\/wp-content\/uploads\/2021\/07\/SCANMAX_180EVO-4-300x300.jpg 300w, https:\/\/www.maxima-dia.com\/wp-content\/uploads\/2021\/07\/SCANMAX_180EVO-4-1024x1024.jpg 1024w, https:\/\/www.maxima-dia.com\/wp-content\/uploads\/2021\/07\/SCANMAX_180EVO-4-768x768.jpg 768w, https:\/\/www.maxima-dia.com\/wp-content\/uploads\/2021\/07\/SCANMAX_180EVO-4-1536x1536.jpg 1536w, https:\/\/www.maxima-dia.com\/wp-content\/uploads\/2021\/07\/SCANMAX_180EVO-4-80x80.jpg 80w, https:\/\/www.maxima-dia.com\/wp-content\/uploads\/2021\/07\/SCANMAX_180EVO-4-500x500.jpg 500w, https:\/\/www.maxima-dia.com\/wp-content\/uploads\/2021\/07\/SCANMAX_180EVO-4-1000x1000.jpg 1000w, https:\/\/www.maxima-dia.com\/wp-content\/uploads\/2021\/07\/SCANMAX_180EVO-4.jpg 1700w\" sizes=\"(max-width: 150px) 100vw, 150px\" \/><\/a><\/td>\n<td style=\"text-align: center; width: 25%;\"><a href=\"https:\/\/www.maxima-dia.com\/wp-content\/uploads\/2021\/07\/SCANMAX_180EVO-5.jpg\"><img loading=\"lazy\" decoding=\"async\" class=\"alignnone size-thumbnail wp-image-29050\" src=\"https:\/\/www.maxima-dia.com\/wp-content\/uploads\/2021\/07\/SCANMAX_180EVO-5-150x150.jpg\" alt=\"\" width=\"150\" height=\"150\" srcset=\"https:\/\/www.maxima-dia.com\/wp-content\/uploads\/2021\/07\/SCANMAX_180EVO-5-150x150.jpg 150w, https:\/\/www.maxima-dia.com\/wp-content\/uploads\/2021\/07\/SCANMAX_180EVO-5-300x300.jpg 300w, https:\/\/www.maxima-dia.com\/wp-content\/uploads\/2021\/07\/SCANMAX_180EVO-5-1024x1024.jpg 1024w, https:\/\/www.maxima-dia.com\/wp-content\/uploads\/2021\/07\/SCANMAX_180EVO-5-768x768.jpg 768w, https:\/\/www.maxima-dia.com\/wp-content\/uploads\/2021\/07\/SCANMAX_180EVO-5-1536x1536.jpg 1536w, https:\/\/www.maxima-dia.com\/wp-content\/uploads\/2021\/07\/SCANMAX_180EVO-5-80x80.jpg 80w, https:\/\/www.maxima-dia.com\/wp-content\/uploads\/2021\/07\/SCANMAX_180EVO-5-500x500.jpg 500w, https:\/\/www.maxima-dia.com\/wp-content\/uploads\/2021\/07\/SCANMAX_180EVO-5-1000x1000.jpg 1000w, https:\/\/www.maxima-dia.com\/wp-content\/uploads\/2021\/07\/SCANMAX_180EVO-5.jpg 1700w\" sizes=\"(max-width: 150px) 100vw, 150px\" \/><\/a><\/td>\n<td style=\"text-align: center; width: 25%;\"><a href=\"https:\/\/www.maxima-dia.com\/wp-content\/uploads\/2021\/07\/SCANMAX_180EVO-2.jpg\"><img loading=\"lazy\" decoding=\"async\" class=\"alignnone size-thumbnail wp-image-29032\" src=\"https:\/\/www.maxima-dia.com\/wp-content\/uploads\/2021\/07\/SCANMAX_180EVO-2-150x150.jpg\" alt=\"\" width=\"150\" height=\"150\" srcset=\"https:\/\/www.maxima-dia.com\/wp-content\/uploads\/2021\/07\/SCANMAX_180EVO-2-150x150.jpg 150w, https:\/\/www.maxima-dia.com\/wp-content\/uploads\/2021\/07\/SCANMAX_180EVO-2-300x300.jpg 300w, https:\/\/www.maxima-dia.com\/wp-content\/uploads\/2021\/07\/SCANMAX_180EVO-2-1024x1024.jpg 1024w, https:\/\/www.maxima-dia.com\/wp-content\/uploads\/2021\/07\/SCANMAX_180EVO-2-768x768.jpg 768w, https:\/\/www.maxima-dia.com\/wp-content\/uploads\/2021\/07\/SCANMAX_180EVO-2-1536x1536.jpg 1536w, https:\/\/www.maxima-dia.com\/wp-content\/uploads\/2021\/07\/SCANMAX_180EVO-2-80x80.jpg 80w, https:\/\/www.maxima-dia.com\/wp-content\/uploads\/2021\/07\/SCANMAX_180EVO-2-500x500.jpg 500w, https:\/\/www.maxima-dia.com\/wp-content\/uploads\/2021\/07\/SCANMAX_180EVO-2-1000x1000.jpg 1000w, https:\/\/www.maxima-dia.com\/wp-content\/uploads\/2021\/07\/SCANMAX_180EVO-2.jpg 1700w\" sizes=\"(max-width: 150px) 100vw, 150px\" \/><\/a><\/td>\n<\/tr>\n<\/tbody>\n<\/table>\n<p>&nbsp;<\/p>\n<table class=\"tabellatecnica\" style=\"width: 100%;\" border=\"0\" cellspacing=\"0\" cellpadding=\"0\">\n<thead>\n<tr>\n<td class=\"testata\" colspan=\"2\">CARACTER\u00cdSTICA T\u00c9CNICAS<\/td>\n<\/tr>\n<\/thead>\n<tbody>\n<tr>\n<td class=\"coltesto1\" style=\"width: 50%;\">Potencia absorbida: 1800W &#8211; 230 V<\/td>\n<td class=\"coltesto2\" style=\"width: 50%;\">Velocidad de corte: 0,5 m \/ Min sobre Cemento Armado<\/td>\n<\/tr>\n<tr>\n<td class=\"coltesto1\" style=\"width: 50%;\">Discos de Di\u00e1metro 180 mm &#8211; Agujero 22,2<\/td>\n<td class=\"coltesto2\" style=\"width: 50%;\">Preparaci\u00f3n para Aspiradoras<\/td>\n<\/tr>\n<tr>\n<td class=\"coltesto1\" style=\"width: 50%;\">Giros en Vac\u00edo: 4900 \/ Min<\/td>\n<td class=\"coltesto2\" style=\"width: 50%;\">Ausencia completa de vibraciones<\/td>\n<\/tr>\n<tr>\n<td class=\"coltesto1\" style=\"width: 50%;\">Anchura de Corte entre 20 y 60 mm<\/td>\n<td class=\"coltesto2\" style=\"width: 50%;\">Suministrado con: Discos de Diamante y Caja Met\u00e1lica<\/td>\n<\/tr>\n<tr>\n<td class=\"coltesto1\" style=\"width: 50%;\">Profundidad de Corte entre 30 y 60 mm<\/td>\n<td class=\"coltesto2\" style=\"width: 50%;\">Peso: 6 Kg<\/td>\n<\/tr>\n<tr>\n<td class=\"coltesto1\" style=\"width: 50%;\">Velocidad de corte: 2 m \/ Min sobre Ladrillo Perforado<\/td>\n<td class=\"coltesto2\" style=\"width: 50%;\">&nbsp;<\/td>\n<\/tr>\n<\/tbody>\n<\/table>\n<div id=\"gtx-trans\" style=\"position: absolute; left: 646px; top: 457px;\">\n<div class=\"gtx-trans-icon\">&nbsp;<\/div>\n<\/div>\n<p>[\/vc_column_text][\/vc_column][\/vc_row]<\/p>\n<\/div>","protected":false},"excerpt":{"rendered":"<p>[vc_row][vc_column text_align=\u00bbcenter\u00bb width=\u00bb1\/4&#8243;][vc_column_text] construida en la Uni\u00f3n Europea&nbsp; &#8211; certificada&nbsp;CE[\/vc_column_text][vc_column_text css_animation=\u00bbslideInDown\u00bb el_class=\u00bbhidebuybutton\u00bb][\/vc_column_text][\/vc_column][vc_column width=\u00bb3\/4&#8243;][vc_column_text]&nbsp;Evoluci\u00f3n del modelo anterior, la ScanMax 180 EVO ha sido mejorada en la aspiraci\u00f3n de polvo al a\u00f1adir un c\u00e1rter inclinable; adem\u00e1s, el mango se hizo m\u00e1s ergon\u00f3mico y la fijaci\u00f3n de los cables el\u00e9ctricos se encuentran ahora fuera del rango de acci\u00f3n del operador. Potente y ligera, es la \u00fanica del mercado con capacidad de corte 6&#215;6: la profundidad m\u00e1xima de corte es de 6 cm, ajustable; la anchura m\u00e1xima de corte es de 6 cm, ajustable. Se suministra en un resistente malet\u00edn met\u00e1lico con 2 discos Laser Scan Rosso de 180 mm de di\u00e1metro. &nbsp; CARACTER\u00cdSTICA T\u00c9CNICAS Potencia absorbida: 1800W &#8211; 230 V Velocidad de corte: 0,5 m \/ Min sobre Cemento Armado Discos de Di\u00e1metro 180 mm &#8211; Agujero 22,2 Preparaci\u00f3n para Aspiradoras Giros en Vac\u00edo: 4900 \/ Min Ausencia completa de vibraciones Anchura de Corte entre 20 y 60 mm Suministrado con: Discos de Diamante y Caja Met\u00e1lica Profundidad de Corte entre 30 y 60 mm Peso: 6 Kg Velocidad de corte: 2 m \/ Min sobre Ladrillo Perforado &nbsp; &nbsp; [\/vc_column_text][\/vc_column][\/vc_row]<\/p>\n","protected":false},"author":29,"featured_media":24589,"parent":12477,"menu_order":1,"comment_status":"closed","ping_status":"closed","template":"","meta":{"ngg_post_thumbnail":0,"_joinchat":[],"footnotes":""},"class_list":["post-8034","page","type-page","status-publish","has-post-thumbnail","hentry"],"yoast_head":"<!-- This site is optimized with the Yoast SEO plugin v25.5 - https:\/\/yoast.com\/wordpress\/plugins\/seo\/ -->\n<title>Scanmax 180 Evo - Maxima SpA<\/title>\n<meta name=\"robots\" content=\"index, follow, max-snippet:-1, max-image-preview:large, max-video-preview:-1\" \/>\n<link rel=\"canonical\" href=\"https:\/\/www.maxima-dia.com\/es\/maquinas-de-corte-para-la-construccion\/scanmax-180-evo\/\" \/>\n<meta property=\"og:locale\" content=\"es_ES\" \/>\n<meta property=\"og:type\" content=\"article\" \/>\n<meta property=\"og:title\" content=\"Scanmax 180 Evo - Maxima SpA\" \/>\n<meta property=\"og:description\" content=\"[vc_row][vc_column text_align=\u00bbcenter\u00bb width=\u00bb1\/4&#8243;][vc_column_text] construida en la Uni\u00f3n Europea&nbsp; &#8211; certificada&nbsp;CE[\/vc_column_text][vc_column_text css_animation=\u00bbslideInDown\u00bb el_class=\u00bbhidebuybutton\u00bb][\/vc_column_text][\/vc_column][vc_column width=\u00bb3\/4&#8243;][vc_column_text]&nbsp;Evoluci\u00f3n del modelo anterior, la ScanMax 180 EVO ha sido mejorada en la aspiraci\u00f3n de polvo al a\u00f1adir un c\u00e1rter inclinable; adem\u00e1s, el mango se hizo m\u00e1s ergon\u00f3mico y la fijaci\u00f3n de los cables el\u00e9ctricos se encuentran ahora fuera del rango de acci\u00f3n del operador. Potente y ligera, es la \u00fanica del mercado con capacidad de corte 6&#215;6: la profundidad m\u00e1xima de corte es de 6 cm, ajustable; la anchura m\u00e1xima de corte es de 6 cm, ajustable. Se suministra en un resistente malet\u00edn met\u00e1lico con 2 discos Laser Scan Rosso de 180 mm de di\u00e1metro. &nbsp; CARACTER\u00cdSTICA T\u00c9CNICAS Potencia absorbida: 1800W &#8211; 230 V Velocidad de corte: 0,5 m \/ Min sobre Cemento Armado Discos de Di\u00e1metro 180 mm &#8211; Agujero 22,2 Preparaci\u00f3n para Aspiradoras Giros en Vac\u00edo: 4900 \/ Min Ausencia completa de vibraciones Anchura de Corte entre 20 y 60 mm Suministrado con: Discos de Diamante y Caja Met\u00e1lica Profundidad de Corte entre 30 y 60 mm Peso: 6 Kg Velocidad de corte: 2 m \/ Min sobre Ladrillo Perforado &nbsp; &nbsp; [\/vc_column_text][\/vc_column][\/vc_row]\" \/>\n<meta property=\"og:url\" content=\"https:\/\/www.maxima-dia.com\/es\/maquinas-de-corte-para-la-construccion\/scanmax-180-evo\/\" \/>\n<meta property=\"og:site_name\" content=\"Maxima SpA\" \/>\n<meta property=\"article:publisher\" content=\"https:\/\/www.facebook.com\/Maxima-spa-106098566139597\" \/>\n<meta property=\"article:modified_time\" content=\"2021-07-08T15:05:08+00:00\" \/>\n<meta property=\"og:image\" content=\"https:\/\/www.maxima-dia.com\/wp-content\/uploads\/2017\/02\/scanmax-180-evo.jpg\" \/>\n\t<meta property=\"og:image:width\" content=\"1200\" \/>\n\t<meta property=\"og:image:height\" content=\"1200\" \/>\n\t<meta property=\"og:image:type\" content=\"image\/jpeg\" \/>\n<meta name=\"twitter:card\" content=\"summary_large_image\" \/>\n<meta name=\"twitter:site\" content=\"@Maximadia\" \/>\n<meta name=\"twitter:label1\" content=\"Tiempo de lectura\" \/>\n\t<meta name=\"twitter:data1\" content=\"3 minutos\" \/>\n<script type=\"application\/ld+json\" class=\"yoast-schema-graph\">{\"@context\":\"https:\/\/schema.org\",\"@graph\":[{\"@type\":\"WebPage\",\"@id\":\"https:\/\/www.maxima-dia.com\/es\/maquinas-de-corte-para-la-construccion\/scanmax-180-evo\/\",\"url\":\"https:\/\/www.maxima-dia.com\/es\/maquinas-de-corte-para-la-construccion\/scanmax-180-evo\/\",\"name\":\"Scanmax 180 Evo - Maxima SpA\",\"isPartOf\":{\"@id\":\"https:\/\/www.maxima-dia.com\/es\/#website\"},\"primaryImageOfPage\":{\"@id\":\"https:\/\/www.maxima-dia.com\/es\/maquinas-de-corte-para-la-construccion\/scanmax-180-evo\/#primaryimage\"},\"image\":{\"@id\":\"https:\/\/www.maxima-dia.com\/es\/maquinas-de-corte-para-la-construccion\/scanmax-180-evo\/#primaryimage\"},\"thumbnailUrl\":\"https:\/\/www.maxima-dia.com\/wp-content\/uploads\/2017\/02\/scanmax-180-evo.jpg\",\"datePublished\":\"2014-04-14T11:20:11+00:00\",\"dateModified\":\"2021-07-08T15:05:08+00:00\",\"breadcrumb\":{\"@id\":\"https:\/\/www.maxima-dia.com\/es\/maquinas-de-corte-para-la-construccion\/scanmax-180-evo\/#breadcrumb\"},\"inLanguage\":\"es\",\"potentialAction\":[{\"@type\":\"ReadAction\",\"target\":[\"https:\/\/www.maxima-dia.com\/es\/maquinas-de-corte-para-la-construccion\/scanmax-180-evo\/\"]}]},{\"@type\":\"ImageObject\",\"inLanguage\":\"es\",\"@id\":\"https:\/\/www.maxima-dia.com\/es\/maquinas-de-corte-para-la-construccion\/scanmax-180-evo\/#primaryimage\",\"url\":\"https:\/\/www.maxima-dia.com\/wp-content\/uploads\/2017\/02\/scanmax-180-evo.jpg\",\"contentUrl\":\"https:\/\/www.maxima-dia.com\/wp-content\/uploads\/2017\/02\/scanmax-180-evo.jpg\",\"width\":1200,\"height\":1200},{\"@type\":\"BreadcrumbList\",\"@id\":\"https:\/\/www.maxima-dia.com\/es\/maquinas-de-corte-para-la-construccion\/scanmax-180-evo\/#breadcrumb\",\"itemListElement\":[{\"@type\":\"ListItem\",\"position\":1,\"name\":\"Home\",\"item\":\"https:\/\/www.maxima-dia.com\/es\/\"},{\"@type\":\"ListItem\",\"position\":2,\"name\":\"M\u00e1quinas de Corte para la Construcci\u00f3n\",\"item\":\"https:\/\/www.maxima-dia.com\/es\/maquinas-de-corte-para-la-construccion\/\"},{\"@type\":\"ListItem\",\"position\":3,\"name\":\"Scanmax 180 Evo\"}]},{\"@type\":\"WebSite\",\"@id\":\"https:\/\/www.maxima-dia.com\/es\/#website\",\"url\":\"https:\/\/www.maxima-dia.com\/es\/\",\"name\":\"Maxima SpA\",\"description\":\"Only for the real professionals\",\"potentialAction\":[{\"@type\":\"SearchAction\",\"target\":{\"@type\":\"EntryPoint\",\"urlTemplate\":\"https:\/\/www.maxima-dia.com\/es\/?s={search_term_string}\"},\"query-input\":{\"@type\":\"PropertyValueSpecification\",\"valueRequired\":true,\"valueName\":\"search_term_string\"}}],\"inLanguage\":\"es\"}]}<\/script>\n<!-- \/ Yoast SEO plugin. -->","yoast_head_json":{"title":"Scanmax 180 Evo - Maxima SpA","robots":{"index":"index","follow":"follow","max-snippet":"max-snippet:-1","max-image-preview":"max-image-preview:large","max-video-preview":"max-video-preview:-1"},"canonical":"https:\/\/www.maxima-dia.com\/es\/maquinas-de-corte-para-la-construccion\/scanmax-180-evo\/","og_locale":"es_ES","og_type":"article","og_title":"Scanmax 180 Evo - Maxima SpA","og_description":"[vc_row][vc_column text_align=\u00bbcenter\u00bb width=\u00bb1\/4&#8243;][vc_column_text] construida en la Uni\u00f3n Europea&nbsp; &#8211; certificada&nbsp;CE[\/vc_column_text][vc_column_text css_animation=\u00bbslideInDown\u00bb el_class=\u00bbhidebuybutton\u00bb][\/vc_column_text][\/vc_column][vc_column width=\u00bb3\/4&#8243;][vc_column_text]&nbsp;Evoluci\u00f3n del modelo anterior, la ScanMax 180 EVO ha sido mejorada en la aspiraci\u00f3n de polvo al a\u00f1adir un c\u00e1rter inclinable; adem\u00e1s, el mango se hizo m\u00e1s ergon\u00f3mico y la fijaci\u00f3n de los cables el\u00e9ctricos se encuentran ahora fuera del rango de acci\u00f3n del operador. Potente y ligera, es la \u00fanica del mercado con capacidad de corte 6&#215;6: la profundidad m\u00e1xima de corte es de 6 cm, ajustable; la anchura m\u00e1xima de corte es de 6 cm, ajustable. Se suministra en un resistente malet\u00edn met\u00e1lico con 2 discos Laser Scan Rosso de 180 mm de di\u00e1metro. &nbsp; CARACTER\u00cdSTICA T\u00c9CNICAS Potencia absorbida: 1800W &#8211; 230 V Velocidad de corte: 0,5 m \/ Min sobre Cemento Armado Discos de Di\u00e1metro 180 mm &#8211; Agujero 22,2 Preparaci\u00f3n para Aspiradoras Giros en Vac\u00edo: 4900 \/ Min Ausencia completa de vibraciones Anchura de Corte entre 20 y 60 mm Suministrado con: Discos de Diamante y Caja Met\u00e1lica Profundidad de Corte entre 30 y 60 mm Peso: 6 Kg Velocidad de corte: 2 m \/ Min sobre Ladrillo Perforado &nbsp; &nbsp; [\/vc_column_text][\/vc_column][\/vc_row]","og_url":"https:\/\/www.maxima-dia.com\/es\/maquinas-de-corte-para-la-construccion\/scanmax-180-evo\/","og_site_name":"Maxima SpA","article_publisher":"https:\/\/www.facebook.com\/Maxima-spa-106098566139597","article_modified_time":"2021-07-08T15:05:08+00:00","og_image":[{"width":1200,"height":1200,"url":"https:\/\/www.maxima-dia.com\/wp-content\/uploads\/2017\/02\/scanmax-180-evo.jpg","type":"image\/jpeg"}],"twitter_card":"summary_large_image","twitter_site":"@Maximadia","twitter_misc":{"Tiempo de lectura":"3 minutos"},"schema":{"@context":"https:\/\/schema.org","@graph":[{"@type":"WebPage","@id":"https:\/\/www.maxima-dia.com\/es\/maquinas-de-corte-para-la-construccion\/scanmax-180-evo\/","url":"https:\/\/www.maxima-dia.com\/es\/maquinas-de-corte-para-la-construccion\/scanmax-180-evo\/","name":"Scanmax 180 Evo - Maxima SpA","isPartOf":{"@id":"https:\/\/www.maxima-dia.com\/es\/#website"},"primaryImageOfPage":{"@id":"https:\/\/www.maxima-dia.com\/es\/maquinas-de-corte-para-la-construccion\/scanmax-180-evo\/#primaryimage"},"image":{"@id":"https:\/\/www.maxima-dia.com\/es\/maquinas-de-corte-para-la-construccion\/scanmax-180-evo\/#primaryimage"},"thumbnailUrl":"https:\/\/www.maxima-dia.com\/wp-content\/uploads\/2017\/02\/scanmax-180-evo.jpg","datePublished":"2014-04-14T11:20:11+00:00","dateModified":"2021-07-08T15:05:08+00:00","breadcrumb":{"@id":"https:\/\/www.maxima-dia.com\/es\/maquinas-de-corte-para-la-construccion\/scanmax-180-evo\/#breadcrumb"},"inLanguage":"es","potentialAction":[{"@type":"ReadAction","target":["https:\/\/www.maxima-dia.com\/es\/maquinas-de-corte-para-la-construccion\/scanmax-180-evo\/"]}]},{"@type":"ImageObject","inLanguage":"es","@id":"https:\/\/www.maxima-dia.com\/es\/maquinas-de-corte-para-la-construccion\/scanmax-180-evo\/#primaryimage","url":"https:\/\/www.maxima-dia.com\/wp-content\/uploads\/2017\/02\/scanmax-180-evo.jpg","contentUrl":"https:\/\/www.maxima-dia.com\/wp-content\/uploads\/2017\/02\/scanmax-180-evo.jpg","width":1200,"height":1200},{"@type":"BreadcrumbList","@id":"https:\/\/www.maxima-dia.com\/es\/maquinas-de-corte-para-la-construccion\/scanmax-180-evo\/#breadcrumb","itemListElement":[{"@type":"ListItem","position":1,"name":"Home","item":"https:\/\/www.maxima-dia.com\/es\/"},{"@type":"ListItem","position":2,"name":"M\u00e1quinas de Corte para la Construcci\u00f3n","item":"https:\/\/www.maxima-dia.com\/es\/maquinas-de-corte-para-la-construccion\/"},{"@type":"ListItem","position":3,"name":"Scanmax 180 Evo"}]},{"@type":"WebSite","@id":"https:\/\/www.maxima-dia.com\/es\/#website","url":"https:\/\/www.maxima-dia.com\/es\/","name":"Maxima SpA","description":"Only for the real professionals","potentialAction":[{"@type":"SearchAction","target":{"@type":"EntryPoint","urlTemplate":"https:\/\/www.maxima-dia.com\/es\/?s={search_term_string}"},"query-input":{"@type":"PropertyValueSpecification","valueRequired":true,"valueName":"search_term_string"}}],"inLanguage":"es"}]}},"_links":{"self":[{"href":"https:\/\/www.maxima-dia.com\/es\/wp-json\/wp\/v2\/pages\/8034"}],"collection":[{"href":"https:\/\/www.maxima-dia.com\/es\/wp-json\/wp\/v2\/pages"}],"about":[{"href":"https:\/\/www.maxima-dia.com\/es\/wp-json\/wp\/v2\/types\/page"}],"author":[{"embeddable":true,"href":"https:\/\/www.maxima-dia.com\/es\/wp-json\/wp\/v2\/users\/29"}],"replies":[{"embeddable":true,"href":"https:\/\/www.maxima-dia.com\/es\/wp-json\/wp\/v2\/comments?post=8034"}],"version-history":[{"count":0,"href":"https:\/\/www.maxima-dia.com\/es\/wp-json\/wp\/v2\/pages\/8034\/revisions"}],"up":[{"embeddable":true,"href":"https:\/\/www.maxima-dia.com\/es\/wp-json\/wp\/v2\/pages\/12477"}],"wp:featuredmedia":[{"embeddable":true,"href":"https:\/\/www.maxima-dia.com\/es\/wp-json\/wp\/v2\/media\/24589"}],"wp:attachment":[{"href":"https:\/\/www.maxima-dia.com\/es\/wp-json\/wp\/v2\/media?parent=8034"}],"curies":[{"name":"wp","href":"https:\/\/api.w.org\/{rel}","templated":true}]}}