{"id":8050,"date":"2014-04-15T14:05:20","date_gmt":"2014-04-15T12:05:20","guid":{"rendered":"http:\/\/www.maxima-dia.com\/?post_type=products&#038;p=8050"},"modified":"2021-07-06T09:18:10","modified_gmt":"2021-07-06T07:18:10","slug":"levimax-125","status":"publish","type":"page","link":"https:\/\/www.maxima-dia.com\/es\/maquinas-de-rectificadora-para-la-construccion\/levimax-125\/","title":{"rendered":"Levimax 125"},"content":{"rendered":"<div class=\"wpb-content-wrapper\"><p>[vc_row][vc_column text_align=\u00bbcenter\u00bb width=\u00bb1\/4&#8243;][vc_column_text]<a href=\"\/wp-content\/uploads\/2017\/02\/levimax-125.jpg\"><img loading=\"lazy\" decoding=\"async\" class=\"alignnone size-thumbnail wp-image-13862\" src=\"\/wp-content\/uploads\/2017\/02\/levimax-125-150x150.jpg\" alt=\"LEVIMAX 125\" width=\"150\" height=\"150\" srcset=\"https:\/\/www.maxima-dia.com\/wp-content\/uploads\/2017\/02\/levimax-125-150x150.jpg 150w, https:\/\/www.maxima-dia.com\/wp-content\/uploads\/2017\/02\/levimax-125-300x300.jpg 300w, https:\/\/www.maxima-dia.com\/wp-content\/uploads\/2017\/02\/levimax-125-1024x1024.jpg 1024w, https:\/\/www.maxima-dia.com\/wp-content\/uploads\/2017\/02\/levimax-125-768x768.jpg 768w, https:\/\/www.maxima-dia.com\/wp-content\/uploads\/2017\/02\/levimax-125-80x80.jpg 80w, https:\/\/www.maxima-dia.com\/wp-content\/uploads\/2017\/02\/levimax-125-500x500.jpg 500w, https:\/\/www.maxima-dia.com\/wp-content\/uploads\/2017\/02\/levimax-125-1000x1000.jpg 1000w, https:\/\/www.maxima-dia.com\/wp-content\/uploads\/2017\/02\/levimax-125.jpg 1200w\" sizes=\"(max-width: 150px) 100vw, 150px\" \/><\/a><\/p>\n<p>construida en la Uni\u00f3n Europea&nbsp;<img loading=\"lazy\" decoding=\"async\" src=\"\/wp-content\/uploads\/2013\/11\/eu.png\" alt=\"eu\" width=\"24\" height=\"16\"> &#8211;&nbsp;&nbsp;certificada&nbsp;CE[\/vc_column_text][vc_column_text css_animation=\u00bbslideInDown\u00bb el_class=\u00bbhidebuybutton\u00bb]<a href=\"https:\/\/www.storemaxima.com\/es\/lijado\/54-levimax-125.html\" target=\"_blank\" rel=\"noopener\"><img loading=\"lazy\" decoding=\"async\" class=\"alignnone\" title=\"Comprar en www.storemaxima.com\" src=\"https:\/\/www.maxima-dia.com\/wp-content\/uploads\/2019\/12\/pulsante-acquista-storemaxima.com-es.svg\" alt=\"Comprar en www.storemaxima.com\" width=\"180\" height=\"80\"><\/a>[\/vc_column_text][\/vc_column][vc_column width=\u00bb3\/4&#8243;][vc_column_text]Pulidora profesional para el sector de la construcci\u00f3n que se distingue de las m\u00e1quinas de la competencia por algunos detalles t\u00e9cnico-constructivos de gran valor, como la presencia del doble embrague electr\u00f3nico y mec\u00e1nico, que previenen sobrecargas y accidentes durante los usos m\u00e1s intensos; una placa electr\u00f3nica estabilizadora de potencia que facilita su uso; y un c\u00e1rter en \u00e1ngulo recto para su uso a ras de pared y en las esquinas de las superficies que se desean tratar. El potente motor de 1600 W dispone de f\u00e1brica de la almohadilla de pulido Amaranto Cup 125 con orificio de 22,2 mm. Se puede ajustar la profundidad de pulido mediante el ajuste apropiado colocado en el c\u00e1rter de&nbsp; protecci\u00f3n.<\/p>\n<table class=\"tabellafotocarotaggio\" style=\"width: 100%;\">\n<tbody>\n<tr>\n<td style=\"width: 50%; text-align: center;\"><a href=\"\/wp-content\/uploads\/2017\/02\/levimax-125-platorello.jpg\"><img loading=\"lazy\" decoding=\"async\" class=\"alignnone wp-image-13861 size-thumbnail\" src=\"\/wp-content\/uploads\/2017\/02\/levimax-125-platorello-150x150.jpg\" width=\"150\" height=\"150\" srcset=\"https:\/\/www.maxima-dia.com\/wp-content\/uploads\/2017\/02\/levimax-125-platorello-150x150.jpg 150w, https:\/\/www.maxima-dia.com\/wp-content\/uploads\/2017\/02\/levimax-125-platorello-80x80.jpg 80w, https:\/\/www.maxima-dia.com\/wp-content\/uploads\/2017\/02\/levimax-125-platorello-500x500.jpg 500w, https:\/\/www.maxima-dia.com\/wp-content\/uploads\/2017\/02\/levimax-125-platorello-1000x1000.jpg 1000w\" sizes=\"(max-width: 150px) 100vw, 150px\" \/><\/a><\/td>\n<td style=\"width: 50%; text-align: center;\"><a href=\"\/wp-content\/uploads\/2017\/02\/levimax-125-leva.jpg\"><img loading=\"lazy\" decoding=\"async\" class=\"alignnone wp-image-13860 size-thumbnail\" src=\"\/wp-content\/uploads\/2017\/02\/levimax-125-leva-150x150.jpg\" width=\"150\" height=\"150\" srcset=\"https:\/\/www.maxima-dia.com\/wp-content\/uploads\/2017\/02\/levimax-125-leva-150x150.jpg 150w, https:\/\/www.maxima-dia.com\/wp-content\/uploads\/2017\/02\/levimax-125-leva-80x80.jpg 80w, https:\/\/www.maxima-dia.com\/wp-content\/uploads\/2017\/02\/levimax-125-leva-500x500.jpg 500w, https:\/\/www.maxima-dia.com\/wp-content\/uploads\/2017\/02\/levimax-125-leva-1000x1000.jpg 1000w\" sizes=\"(max-width: 150px) 100vw, 150px\" \/><\/a><\/td>\n<\/tr>\n<\/tbody>\n<\/table>\n<p>&nbsp;<\/p>\n<table class=\"tabellatecnica\" style=\"width: 100%;\" border=\"0\" cellspacing=\"0\" cellpadding=\"0\">\n<thead>\n<tr>\n<td class=\"testata\" colspan=\"2\">CARACTER\u00cdSTICA T\u00c9CNICAS<\/td>\n<\/tr>\n<\/thead>\n<tbody>\n<tr>\n<td class=\"coltesto1\" style=\"width: 50%;\">Potencia absorbida: 1600 W &#8211; 230 V<\/td>\n<td class=\"coltesto2\" style=\"width: 50%;\">Empalme: &nbsp;Agujero 22,2<\/td>\n<\/tr>\n<tr>\n<td class=\"coltesto1\" style=\"width: 50%;\">Di\u00e1metro de la corona de gran desbaste: 125&nbsp;MM<\/td>\n<td class=\"coltesto2\" style=\"width: 50%;\">Profundidad de alisado ajustable: 0 &#8211; 7 MM<\/td>\n<\/tr>\n<tr>\n<td class=\"coltesto1\" style=\"width: 50%;\" rowspan=\"2\">Velocidad: 10.000 rev \/ min corona de gran desbaste 20.000 rev \/ min motor<\/td>\n<td class=\"coltesto2\" style=\"width: 50%;\">Digital Electronic System (Sistema electr\u00f3nico digital)<\/td>\n<\/tr>\n<tr>\n<td class=\"coltesto2\" style=\"width: 50%;\" rowspan=\"2\">Suministrada con: maleta met\u00e1lica, llaves de servicio y corona de gran desbaste de diamante<\/td>\n<\/tr>\n<tr>\n<td class=\"coltesto1\" style=\"width: 50%;\">Embrague Mec\u00e1nico de Seguridad<\/td>\n<\/tr>\n<tr>\n<td class=\"coltesto1\" style=\"width: 50%;\">Control Electr\u00f3nico de Sobrecarga<\/td>\n<td class=\"coltesto2\" style=\"width: 50%;\">Peso: 4,6 KG<\/td>\n<\/tr>\n<\/tbody>\n<\/table>\n<p>&nbsp;[\/vc_column_text][\/vc_column][\/vc_row]<\/p>\n<\/div>","protected":false},"excerpt":{"rendered":"<p>[vc_row][vc_column text_align=\u00bbcenter\u00bb width=\u00bb1\/4&#8243;][vc_column_text] construida en la Uni\u00f3n Europea&nbsp; &#8211;&nbsp;&nbsp;certificada&nbsp;CE[\/vc_column_text][vc_column_text css_animation=\u00bbslideInDown\u00bb el_class=\u00bbhidebuybutton\u00bb][\/vc_column_text][\/vc_column][vc_column width=\u00bb3\/4&#8243;][vc_column_text]Pulidora profesional para el sector de la construcci\u00f3n que se distingue de las m\u00e1quinas de la competencia por algunos detalles t\u00e9cnico-constructivos de gran valor, como la presencia del doble embrague electr\u00f3nico y mec\u00e1nico, que previenen sobrecargas y accidentes durante los usos m\u00e1s intensos; una placa electr\u00f3nica estabilizadora de potencia que facilita su uso; y un c\u00e1rter en \u00e1ngulo recto para su uso a ras de pared y en las esquinas de las superficies que se desean tratar. El potente motor de 1600 W dispone de f\u00e1brica de la almohadilla de pulido Amaranto Cup 125 con orificio de 22,2 mm. Se puede ajustar la profundidad de pulido mediante el ajuste apropiado colocado en el c\u00e1rter de&nbsp; protecci\u00f3n. &nbsp; CARACTER\u00cdSTICA T\u00c9CNICAS Potencia absorbida: 1600 W &#8211; 230 V Empalme: &nbsp;Agujero 22,2 Di\u00e1metro de la corona de gran desbaste: 125&nbsp;MM Profundidad de alisado ajustable: 0 &#8211; 7 MM Velocidad: 10.000 rev \/ min corona de gran desbaste 20.000 rev \/ min motor Digital Electronic System (Sistema electr\u00f3nico digital) Suministrada con: maleta met\u00e1lica, llaves de servicio y corona de gran desbaste de diamante Embrague Mec\u00e1nico de Seguridad Control Electr\u00f3nico de Sobrecarga Peso: 4,6 [&hellip;]<\/p>\n","protected":false},"author":29,"featured_media":24579,"parent":19025,"menu_order":1,"comment_status":"closed","ping_status":"closed","template":"","meta":{"ngg_post_thumbnail":0,"_joinchat":[],"footnotes":""},"class_list":["post-8050","page","type-page","status-publish","has-post-thumbnail","hentry"],"yoast_head":"<!-- This site is optimized with the Yoast SEO plugin v25.5 - https:\/\/yoast.com\/wordpress\/plugins\/seo\/ -->\n<title>Levimax 125 - Maxima SpA<\/title>\n<meta name=\"robots\" content=\"index, follow, max-snippet:-1, max-image-preview:large, max-video-preview:-1\" \/>\n<link rel=\"canonical\" href=\"https:\/\/www.maxima-dia.com\/es\/maquinas-de-rectificadora-para-la-construccion\/levimax-125\/\" \/>\n<meta property=\"og:locale\" content=\"es_ES\" \/>\n<meta property=\"og:type\" content=\"article\" \/>\n<meta property=\"og:title\" content=\"Levimax 125 - Maxima SpA\" \/>\n<meta property=\"og:description\" content=\"[vc_row][vc_column text_align=\u00bbcenter\u00bb width=\u00bb1\/4&#8243;][vc_column_text] construida en la Uni\u00f3n Europea&nbsp; &#8211;&nbsp;&nbsp;certificada&nbsp;CE[\/vc_column_text][vc_column_text css_animation=\u00bbslideInDown\u00bb el_class=\u00bbhidebuybutton\u00bb][\/vc_column_text][\/vc_column][vc_column width=\u00bb3\/4&#8243;][vc_column_text]Pulidora profesional para el sector de la construcci\u00f3n que se distingue de las m\u00e1quinas de la competencia por algunos detalles t\u00e9cnico-constructivos de gran valor, como la presencia del doble embrague electr\u00f3nico y mec\u00e1nico, que previenen sobrecargas y accidentes durante los usos m\u00e1s intensos; una placa electr\u00f3nica estabilizadora de potencia que facilita su uso; y un c\u00e1rter en \u00e1ngulo recto para su uso a ras de pared y en las esquinas de las superficies que se desean tratar. El potente motor de 1600 W dispone de f\u00e1brica de la almohadilla de pulido Amaranto Cup 125 con orificio de 22,2 mm. Se puede ajustar la profundidad de pulido mediante el ajuste apropiado colocado en el c\u00e1rter de&nbsp; protecci\u00f3n. &nbsp; CARACTER\u00cdSTICA T\u00c9CNICAS Potencia absorbida: 1600 W &#8211; 230 V Empalme: &nbsp;Agujero 22,2 Di\u00e1metro de la corona de gran desbaste: 125&nbsp;MM Profundidad de alisado ajustable: 0 &#8211; 7 MM Velocidad: 10.000 rev \/ min corona de gran desbaste 20.000 rev \/ min motor Digital Electronic System (Sistema electr\u00f3nico digital) Suministrada con: maleta met\u00e1lica, llaves de servicio y corona de gran desbaste de diamante Embrague Mec\u00e1nico de Seguridad Control Electr\u00f3nico de Sobrecarga Peso: 4,6 [&hellip;]\" \/>\n<meta property=\"og:url\" content=\"https:\/\/www.maxima-dia.com\/es\/maquinas-de-rectificadora-para-la-construccion\/levimax-125\/\" \/>\n<meta property=\"og:site_name\" content=\"Maxima SpA\" \/>\n<meta property=\"article:publisher\" content=\"https:\/\/www.facebook.com\/Maxima-spa-106098566139597\" \/>\n<meta property=\"article:modified_time\" content=\"2021-07-06T07:18:10+00:00\" \/>\n<meta property=\"og:image\" content=\"https:\/\/www.maxima-dia.com\/wp-content\/uploads\/2017\/02\/levimax-125.jpg\" \/>\n\t<meta property=\"og:image:width\" content=\"1200\" \/>\n\t<meta property=\"og:image:height\" content=\"1200\" \/>\n\t<meta property=\"og:image:type\" content=\"image\/jpeg\" \/>\n<meta name=\"twitter:card\" content=\"summary_large_image\" \/>\n<meta name=\"twitter:site\" content=\"@Maximadia\" \/>\n<meta name=\"twitter:label1\" content=\"Tiempo de lectura\" \/>\n\t<meta name=\"twitter:data1\" content=\"2 minutos\" \/>\n<script type=\"application\/ld+json\" class=\"yoast-schema-graph\">{\"@context\":\"https:\/\/schema.org\",\"@graph\":[{\"@type\":\"WebPage\",\"@id\":\"https:\/\/www.maxima-dia.com\/es\/maquinas-de-rectificadora-para-la-construccion\/levimax-125\/\",\"url\":\"https:\/\/www.maxima-dia.com\/es\/maquinas-de-rectificadora-para-la-construccion\/levimax-125\/\",\"name\":\"Levimax 125 - Maxima SpA\",\"isPartOf\":{\"@id\":\"https:\/\/www.maxima-dia.com\/es\/#website\"},\"primaryImageOfPage\":{\"@id\":\"https:\/\/www.maxima-dia.com\/es\/maquinas-de-rectificadora-para-la-construccion\/levimax-125\/#primaryimage\"},\"image\":{\"@id\":\"https:\/\/www.maxima-dia.com\/es\/maquinas-de-rectificadora-para-la-construccion\/levimax-125\/#primaryimage\"},\"thumbnailUrl\":\"https:\/\/www.maxima-dia.com\/wp-content\/uploads\/2017\/02\/levimax-125.jpg\",\"datePublished\":\"2014-04-15T12:05:20+00:00\",\"dateModified\":\"2021-07-06T07:18:10+00:00\",\"breadcrumb\":{\"@id\":\"https:\/\/www.maxima-dia.com\/es\/maquinas-de-rectificadora-para-la-construccion\/levimax-125\/#breadcrumb\"},\"inLanguage\":\"es\",\"potentialAction\":[{\"@type\":\"ReadAction\",\"target\":[\"https:\/\/www.maxima-dia.com\/es\/maquinas-de-rectificadora-para-la-construccion\/levimax-125\/\"]}]},{\"@type\":\"ImageObject\",\"inLanguage\":\"es\",\"@id\":\"https:\/\/www.maxima-dia.com\/es\/maquinas-de-rectificadora-para-la-construccion\/levimax-125\/#primaryimage\",\"url\":\"https:\/\/www.maxima-dia.com\/wp-content\/uploads\/2017\/02\/levimax-125.jpg\",\"contentUrl\":\"https:\/\/www.maxima-dia.com\/wp-content\/uploads\/2017\/02\/levimax-125.jpg\",\"width\":1200,\"height\":1200,\"caption\":\"Levimax 150\"},{\"@type\":\"BreadcrumbList\",\"@id\":\"https:\/\/www.maxima-dia.com\/es\/maquinas-de-rectificadora-para-la-construccion\/levimax-125\/#breadcrumb\",\"itemListElement\":[{\"@type\":\"ListItem\",\"position\":1,\"name\":\"Home\",\"item\":\"https:\/\/www.maxima-dia.com\/es\/\"},{\"@type\":\"ListItem\",\"position\":2,\"name\":\"M\u00e1quinas de Rectificadora para la Construcci\u00f3n\",\"item\":\"https:\/\/www.maxima-dia.com\/es\/maquinas-de-rectificadora-para-la-construccion\/\"},{\"@type\":\"ListItem\",\"position\":3,\"name\":\"Levimax 125\"}]},{\"@type\":\"WebSite\",\"@id\":\"https:\/\/www.maxima-dia.com\/es\/#website\",\"url\":\"https:\/\/www.maxima-dia.com\/es\/\",\"name\":\"Maxima SpA\",\"description\":\"Only for the real professionals\",\"potentialAction\":[{\"@type\":\"SearchAction\",\"target\":{\"@type\":\"EntryPoint\",\"urlTemplate\":\"https:\/\/www.maxima-dia.com\/es\/?s={search_term_string}\"},\"query-input\":{\"@type\":\"PropertyValueSpecification\",\"valueRequired\":true,\"valueName\":\"search_term_string\"}}],\"inLanguage\":\"es\"}]}<\/script>\n<!-- \/ Yoast SEO plugin. -->","yoast_head_json":{"title":"Levimax 125 - Maxima SpA","robots":{"index":"index","follow":"follow","max-snippet":"max-snippet:-1","max-image-preview":"max-image-preview:large","max-video-preview":"max-video-preview:-1"},"canonical":"https:\/\/www.maxima-dia.com\/es\/maquinas-de-rectificadora-para-la-construccion\/levimax-125\/","og_locale":"es_ES","og_type":"article","og_title":"Levimax 125 - Maxima SpA","og_description":"[vc_row][vc_column text_align=\u00bbcenter\u00bb width=\u00bb1\/4&#8243;][vc_column_text] construida en la Uni\u00f3n Europea&nbsp; &#8211;&nbsp;&nbsp;certificada&nbsp;CE[\/vc_column_text][vc_column_text css_animation=\u00bbslideInDown\u00bb el_class=\u00bbhidebuybutton\u00bb][\/vc_column_text][\/vc_column][vc_column width=\u00bb3\/4&#8243;][vc_column_text]Pulidora profesional para el sector de la construcci\u00f3n que se distingue de las m\u00e1quinas de la competencia por algunos detalles t\u00e9cnico-constructivos de gran valor, como la presencia del doble embrague electr\u00f3nico y mec\u00e1nico, que previenen sobrecargas y accidentes durante los usos m\u00e1s intensos; una placa electr\u00f3nica estabilizadora de potencia que facilita su uso; y un c\u00e1rter en \u00e1ngulo recto para su uso a ras de pared y en las esquinas de las superficies que se desean tratar. El potente motor de 1600 W dispone de f\u00e1brica de la almohadilla de pulido Amaranto Cup 125 con orificio de 22,2 mm. Se puede ajustar la profundidad de pulido mediante el ajuste apropiado colocado en el c\u00e1rter de&nbsp; protecci\u00f3n. &nbsp; CARACTER\u00cdSTICA T\u00c9CNICAS Potencia absorbida: 1600 W &#8211; 230 V Empalme: &nbsp;Agujero 22,2 Di\u00e1metro de la corona de gran desbaste: 125&nbsp;MM Profundidad de alisado ajustable: 0 &#8211; 7 MM Velocidad: 10.000 rev \/ min corona de gran desbaste 20.000 rev \/ min motor Digital Electronic System (Sistema electr\u00f3nico digital) Suministrada con: maleta met\u00e1lica, llaves de servicio y corona de gran desbaste de diamante Embrague Mec\u00e1nico de Seguridad Control Electr\u00f3nico de Sobrecarga Peso: 4,6 [&hellip;]","og_url":"https:\/\/www.maxima-dia.com\/es\/maquinas-de-rectificadora-para-la-construccion\/levimax-125\/","og_site_name":"Maxima SpA","article_publisher":"https:\/\/www.facebook.com\/Maxima-spa-106098566139597","article_modified_time":"2021-07-06T07:18:10+00:00","og_image":[{"width":1200,"height":1200,"url":"https:\/\/www.maxima-dia.com\/wp-content\/uploads\/2017\/02\/levimax-125.jpg","type":"image\/jpeg"}],"twitter_card":"summary_large_image","twitter_site":"@Maximadia","twitter_misc":{"Tiempo de lectura":"2 minutos"},"schema":{"@context":"https:\/\/schema.org","@graph":[{"@type":"WebPage","@id":"https:\/\/www.maxima-dia.com\/es\/maquinas-de-rectificadora-para-la-construccion\/levimax-125\/","url":"https:\/\/www.maxima-dia.com\/es\/maquinas-de-rectificadora-para-la-construccion\/levimax-125\/","name":"Levimax 125 - Maxima SpA","isPartOf":{"@id":"https:\/\/www.maxima-dia.com\/es\/#website"},"primaryImageOfPage":{"@id":"https:\/\/www.maxima-dia.com\/es\/maquinas-de-rectificadora-para-la-construccion\/levimax-125\/#primaryimage"},"image":{"@id":"https:\/\/www.maxima-dia.com\/es\/maquinas-de-rectificadora-para-la-construccion\/levimax-125\/#primaryimage"},"thumbnailUrl":"https:\/\/www.maxima-dia.com\/wp-content\/uploads\/2017\/02\/levimax-125.jpg","datePublished":"2014-04-15T12:05:20+00:00","dateModified":"2021-07-06T07:18:10+00:00","breadcrumb":{"@id":"https:\/\/www.maxima-dia.com\/es\/maquinas-de-rectificadora-para-la-construccion\/levimax-125\/#breadcrumb"},"inLanguage":"es","potentialAction":[{"@type":"ReadAction","target":["https:\/\/www.maxima-dia.com\/es\/maquinas-de-rectificadora-para-la-construccion\/levimax-125\/"]}]},{"@type":"ImageObject","inLanguage":"es","@id":"https:\/\/www.maxima-dia.com\/es\/maquinas-de-rectificadora-para-la-construccion\/levimax-125\/#primaryimage","url":"https:\/\/www.maxima-dia.com\/wp-content\/uploads\/2017\/02\/levimax-125.jpg","contentUrl":"https:\/\/www.maxima-dia.com\/wp-content\/uploads\/2017\/02\/levimax-125.jpg","width":1200,"height":1200,"caption":"Levimax 150"},{"@type":"BreadcrumbList","@id":"https:\/\/www.maxima-dia.com\/es\/maquinas-de-rectificadora-para-la-construccion\/levimax-125\/#breadcrumb","itemListElement":[{"@type":"ListItem","position":1,"name":"Home","item":"https:\/\/www.maxima-dia.com\/es\/"},{"@type":"ListItem","position":2,"name":"M\u00e1quinas de Rectificadora para la Construcci\u00f3n","item":"https:\/\/www.maxima-dia.com\/es\/maquinas-de-rectificadora-para-la-construccion\/"},{"@type":"ListItem","position":3,"name":"Levimax 125"}]},{"@type":"WebSite","@id":"https:\/\/www.maxima-dia.com\/es\/#website","url":"https:\/\/www.maxima-dia.com\/es\/","name":"Maxima SpA","description":"Only for the real professionals","potentialAction":[{"@type":"SearchAction","target":{"@type":"EntryPoint","urlTemplate":"https:\/\/www.maxima-dia.com\/es\/?s={search_term_string}"},"query-input":{"@type":"PropertyValueSpecification","valueRequired":true,"valueName":"search_term_string"}}],"inLanguage":"es"}]}},"_links":{"self":[{"href":"https:\/\/www.maxima-dia.com\/es\/wp-json\/wp\/v2\/pages\/8050"}],"collection":[{"href":"https:\/\/www.maxima-dia.com\/es\/wp-json\/wp\/v2\/pages"}],"about":[{"href":"https:\/\/www.maxima-dia.com\/es\/wp-json\/wp\/v2\/types\/page"}],"author":[{"embeddable":true,"href":"https:\/\/www.maxima-dia.com\/es\/wp-json\/wp\/v2\/users\/29"}],"replies":[{"embeddable":true,"href":"https:\/\/www.maxima-dia.com\/es\/wp-json\/wp\/v2\/comments?post=8050"}],"version-history":[{"count":0,"href":"https:\/\/www.maxima-dia.com\/es\/wp-json\/wp\/v2\/pages\/8050\/revisions"}],"up":[{"embeddable":true,"href":"https:\/\/www.maxima-dia.com\/es\/wp-json\/wp\/v2\/pages\/19025"}],"wp:featuredmedia":[{"embeddable":true,"href":"https:\/\/www.maxima-dia.com\/es\/wp-json\/wp\/v2\/media\/24579"}],"wp:attachment":[{"href":"https:\/\/www.maxima-dia.com\/es\/wp-json\/wp\/v2\/media?parent=8050"}],"curies":[{"name":"wp","href":"https:\/\/api.w.org\/{rel}","templated":true}]}}