{"id":8158,"date":"2014-05-05T14:21:44","date_gmt":"2014-05-05T12:21:44","guid":{"rendered":"http:\/\/www.maxima-dia.com\/?post_type=products&#038;p=8158"},"modified":"2021-07-09T12:04:15","modified_gmt":"2021-07-09T10:04:15","slug":"maxi-1000","status":"publish","type":"page","link":"https:\/\/www.maxima-dia.com\/es\/maquinas-de-corte-para-la-construccion\/maxi-1000\/","title":{"rendered":"Maxi 1000"},"content":{"rendered":"<div class=\"wpb-content-wrapper\"><p>[vc_row][vc_column text_align=\u00bbcenter\u00bb width=\u00bb1\/4&#8243;][vc_column_text]<a href=\"\/wp-content\/uploads\/2017\/02\/maxi-1000.jpg\"><img loading=\"lazy\" decoding=\"async\" class=\"alignnone size-thumbnail wp-image-13886\" src=\"\/wp-content\/uploads\/2017\/02\/maxi-1000-150x150.jpg\" alt=\"MAXI 1000\" width=\"150\" height=\"150\" srcset=\"https:\/\/www.maxima-dia.com\/wp-content\/uploads\/2017\/02\/maxi-1000-150x150.jpg 150w, https:\/\/www.maxima-dia.com\/wp-content\/uploads\/2017\/02\/maxi-1000-300x300.jpg 300w, https:\/\/www.maxima-dia.com\/wp-content\/uploads\/2017\/02\/maxi-1000-768x768.jpg 768w, https:\/\/www.maxima-dia.com\/wp-content\/uploads\/2017\/02\/maxi-1000-1024x1024.jpg 1024w, https:\/\/www.maxima-dia.com\/wp-content\/uploads\/2017\/02\/maxi-1000-80x80.jpg 80w, https:\/\/www.maxima-dia.com\/wp-content\/uploads\/2017\/02\/maxi-1000-500x500.jpg 500w, https:\/\/www.maxima-dia.com\/wp-content\/uploads\/2017\/02\/maxi-1000-1000x1000.jpg 1000w, https:\/\/www.maxima-dia.com\/wp-content\/uploads\/2017\/02\/maxi-1000.jpg 1200w\" sizes=\"(max-width: 150px) 100vw, 150px\" \/><\/a><\/p>\n<p>construida en la Uni\u00f3n Europea&nbsp;<img loading=\"lazy\" decoding=\"async\" src=\"\/wp-content\/uploads\/2013\/11\/eu.png\" alt=\"eu\" width=\"24\" height=\"16\"> &#8211; certificada <span style=\"font-family: arial,helvetica,sans-serif;\">CE<\/span>[\/vc_column_text][vc_column_text css_animation=\u00bbslideInDown\u00bb el_class=\u00bbhidebuybutton\u00bb]<a href=\"https:\/\/www.storemaxima.com\/es\/maquinas-de-corte-para-la-construccion\/61-maxi-1000.html\" target=\"_blank\" rel=\"noopener\"><img loading=\"lazy\" decoding=\"async\" class=\"alignnone\" title=\"Comprar en www.storemaxima.com\" src=\"https:\/\/www.maxima-dia.com\/wp-content\/uploads\/2019\/12\/pulsante-acquista-storemaxima.com-es.svg\" alt=\"Comprar en www.storemaxima.com\" width=\"180\" height=\"80\"><\/a>[\/vc_column_text][\/vc_column][vc_column width=\u00bb3\/4&#8243;][vc_column_text]El mercado evoluciona y la oferta de productos tambi\u00e9n lo hace en base a las nuevas necesidades. Las construcciones cada vez m\u00e1s extendidas con bloques grandes requieren el uso de m\u00e1quinas con la capacidad de corte adecuada. De ah\u00ed la creaci\u00f3n de la <strong>Maxi 1000<\/strong>: altura de corte a 40 cm en una \u00fanica pasada y de 60 cm en dos pasadas, con motor trif\u00e1sico de 10 cv para un acercamiento f\u00e1cil e inmediato a las m\u00faltiples necesidades de la obra. El carro de carga del material es extremadamente amplio y f\u00e1cil de manejar, gracias a las asas largas que mantienen al operador a una distancia de seguridad. Cuatro ruedas resistentes facilitan los desplazamientos de la m\u00e1quina por el suelo. Maxi 1000 se suministra con disco <a href=\"https:\/\/www.maxima-dia.com\/es\/discos-de-diamante-universales-laser\/disco-de-diamante-laser-rojo-silent\/\"><strong>Laser Rosso Silent<\/strong><\/a> fabricado mediante la t\u00e9cnica \u00abDetenso\u00bb.<\/p>\n<table class=\"tabellafotocarotaggio\" style=\"width: 100%;\">\n<tbody>\n<tr>\n<td style=\"width: 33%; text-align: center;\"><a href=\"\/wp-content\/uploads\/2017\/02\/maxi-1000-f1.jpg\"><img loading=\"lazy\" decoding=\"async\" class=\"alignnone wp-image-13873 size-thumbnail\" src=\"\/wp-content\/uploads\/2017\/02\/maxi-1000-f1-150x150.jpg\" width=\"150\" height=\"150\"><\/a><\/td>\n<td style=\"width: 33%; text-align: center;\"><a href=\"\/wp-content\/uploads\/2017\/02\/maxi-1000-f2.jpg\"><img loading=\"lazy\" decoding=\"async\" class=\"alignnone wp-image-13685 size-thumbnail\" src=\"\/wp-content\/uploads\/2017\/02\/maxi-1000-f2-150x150.jpg\" width=\"150\" height=\"150\"><\/a><\/td>\n<td style=\"width: 33%; text-align: center;\"><a href=\"\/wp-content\/uploads\/2017\/02\/maxi-1000-f3.jpg\"><img loading=\"lazy\" decoding=\"async\" class=\"alignnone wp-image-13686 size-thumbnail\" src=\"\/wp-content\/uploads\/2017\/02\/maxi-1000-f3-150x150.jpg\" width=\"150\" height=\"150\"><\/a><\/td>\n<\/tr>\n<\/tbody>\n<\/table>\n<p>&nbsp;<\/p>\n<table class=\"tabellatecnica\" style=\"width: 100%;\" border=\"0\" cellspacing=\"0\" cellpadding=\"0\">\n<thead>\n<tr>\n<td class=\"testata\" colspan=\"2\">CARACTER\u00cdSTICA T\u00c9CNICAS<\/td>\n<\/tr>\n<\/thead>\n<tbody>\n<tr>\n<td class=\"coltesto1\" style=\"width: 50%;\">Disponible a 400 V &#8211; Hp 10 \u2013 7,4 Kw<\/td>\n<td class=\"coltesto2\" style=\"width: 50%;\">Cabezal Fijo<\/td>\n<\/tr>\n<tr>\n<td class=\"coltesto1\" style=\"width: 50%;\">Discos de Di\u00e1metro 1000 mm &#8211; Agujero 60 mm+PIN<\/td>\n<td class=\"coltesto2\" style=\"width: 50%;\">Carretilla Corrediza sobre Rodamientos Estancos Ajustables<\/td>\n<\/tr>\n<tr>\n<td class=\"coltesto1\" style=\"width: 50%;\" rowspan=\"2\">Altura de Corte 400 mm en Pasada \u00fanica &#8211;<br \/>\n600 mm en dos Pasadas<\/td>\n<td class=\"coltesto2\" style=\"width: 50%;\">Gu\u00edas para Carro Ajustables<\/td>\n<\/tr>\n<tr>\n<td class=\"coltesto2\" style=\"width: 50%;\">Dimensiones (LxWxH) 190 x 90 x 180 cm<\/td>\n<\/tr>\n<tr>\n<td class=\"coltesto2\" style=\"width: 50%;\">Longitud de Corte M\u00e1ximo 1300 mm<\/td>\n<td class=\"coltesto2\" style=\"width: 50%;\">Peso 300 Kg<\/td>\n<\/tr>\n<\/tbody>\n<\/table>\n<p>[\/vc_column_text][\/vc_column][\/vc_row]<\/p>\n<\/div>","protected":false},"excerpt":{"rendered":"<p>[vc_row][vc_column text_align=\u00bbcenter\u00bb width=\u00bb1\/4&#8243;][vc_column_text] construida en la Uni\u00f3n Europea&nbsp; &#8211; certificada CE[\/vc_column_text][vc_column_text css_animation=\u00bbslideInDown\u00bb el_class=\u00bbhidebuybutton\u00bb][\/vc_column_text][\/vc_column][vc_column width=\u00bb3\/4&#8243;][vc_column_text]El mercado evoluciona y la oferta de productos tambi\u00e9n lo hace en base a las nuevas necesidades. Las construcciones cada vez m\u00e1s extendidas con bloques grandes requieren el uso de m\u00e1quinas con la capacidad de corte adecuada. De ah\u00ed la creaci\u00f3n de la Maxi 1000: altura de corte a 40 cm en una \u00fanica pasada y de 60 cm en dos pasadas, con motor trif\u00e1sico de 10 cv para un acercamiento f\u00e1cil e inmediato a las m\u00faltiples necesidades de la obra. El carro de carga del material es extremadamente amplio y f\u00e1cil de manejar, gracias a las asas largas que mantienen al operador a una distancia de seguridad. Cuatro ruedas resistentes facilitan los desplazamientos de la m\u00e1quina por el suelo. Maxi 1000 se suministra con disco Laser Rosso Silent fabricado mediante la t\u00e9cnica \u00abDetenso\u00bb. &nbsp; CARACTER\u00cdSTICA T\u00c9CNICAS Disponible a 400 V &#8211; Hp 10 \u2013 7,4 Kw Cabezal Fijo Discos de Di\u00e1metro 1000 mm &#8211; Agujero 60 mm+PIN Carretilla Corrediza sobre Rodamientos Estancos Ajustables Altura de Corte 400 mm en Pasada \u00fanica &#8211; 600 mm en dos Pasadas Gu\u00edas para Carro Ajustables Dimensiones (LxWxH) 190 x 90 [&hellip;]<\/p>\n","protected":false},"author":29,"featured_media":13886,"parent":12477,"menu_order":6,"comment_status":"closed","ping_status":"closed","template":"","meta":{"ngg_post_thumbnail":0,"_joinchat":[],"footnotes":""},"class_list":["post-8158","page","type-page","status-publish","has-post-thumbnail","hentry"],"yoast_head":"<!-- This site is optimized with the Yoast SEO plugin v25.5 - https:\/\/yoast.com\/wordpress\/plugins\/seo\/ -->\n<title>Maxi 1000 - Maxima SpA<\/title>\n<meta name=\"robots\" content=\"index, follow, max-snippet:-1, max-image-preview:large, max-video-preview:-1\" \/>\n<link rel=\"canonical\" href=\"https:\/\/www.maxima-dia.com\/es\/maquinas-de-corte-para-la-construccion\/maxi-1000\/\" \/>\n<meta property=\"og:locale\" content=\"es_ES\" \/>\n<meta property=\"og:type\" content=\"article\" \/>\n<meta property=\"og:title\" content=\"Maxi 1000 - Maxima SpA\" \/>\n<meta property=\"og:description\" content=\"[vc_row][vc_column text_align=\u00bbcenter\u00bb width=\u00bb1\/4&#8243;][vc_column_text] construida en la Uni\u00f3n Europea&nbsp; &#8211; certificada CE[\/vc_column_text][vc_column_text css_animation=\u00bbslideInDown\u00bb el_class=\u00bbhidebuybutton\u00bb][\/vc_column_text][\/vc_column][vc_column width=\u00bb3\/4&#8243;][vc_column_text]El mercado evoluciona y la oferta de productos tambi\u00e9n lo hace en base a las nuevas necesidades. Las construcciones cada vez m\u00e1s extendidas con bloques grandes requieren el uso de m\u00e1quinas con la capacidad de corte adecuada. De ah\u00ed la creaci\u00f3n de la Maxi 1000: altura de corte a 40 cm en una \u00fanica pasada y de 60 cm en dos pasadas, con motor trif\u00e1sico de 10 cv para un acercamiento f\u00e1cil e inmediato a las m\u00faltiples necesidades de la obra. El carro de carga del material es extremadamente amplio y f\u00e1cil de manejar, gracias a las asas largas que mantienen al operador a una distancia de seguridad. Cuatro ruedas resistentes facilitan los desplazamientos de la m\u00e1quina por el suelo. Maxi 1000 se suministra con disco Laser Rosso Silent fabricado mediante la t\u00e9cnica \u00abDetenso\u00bb. &nbsp; CARACTER\u00cdSTICA T\u00c9CNICAS Disponible a 400 V &#8211; Hp 10 \u2013 7,4 Kw Cabezal Fijo Discos de Di\u00e1metro 1000 mm &#8211; Agujero 60 mm+PIN Carretilla Corrediza sobre Rodamientos Estancos Ajustables Altura de Corte 400 mm en Pasada \u00fanica &#8211; 600 mm en dos Pasadas Gu\u00edas para Carro Ajustables Dimensiones (LxWxH) 190 x 90 [&hellip;]\" \/>\n<meta property=\"og:url\" content=\"https:\/\/www.maxima-dia.com\/es\/maquinas-de-corte-para-la-construccion\/maxi-1000\/\" \/>\n<meta property=\"og:site_name\" content=\"Maxima SpA\" \/>\n<meta property=\"article:publisher\" content=\"https:\/\/www.facebook.com\/Maxima-spa-106098566139597\" \/>\n<meta property=\"article:modified_time\" content=\"2021-07-09T10:04:15+00:00\" \/>\n<meta property=\"og:image\" content=\"https:\/\/www.maxima-dia.com\/wp-content\/uploads\/2017\/02\/maxi-1000.jpg\" \/>\n\t<meta property=\"og:image:width\" content=\"1200\" \/>\n\t<meta property=\"og:image:height\" content=\"1200\" \/>\n\t<meta property=\"og:image:type\" content=\"image\/jpeg\" \/>\n<meta name=\"twitter:card\" content=\"summary_large_image\" \/>\n<meta name=\"twitter:site\" content=\"@Maximadia\" \/>\n<meta name=\"twitter:label1\" content=\"Tiempo de lectura\" \/>\n\t<meta name=\"twitter:data1\" content=\"3 minutos\" \/>\n<script type=\"application\/ld+json\" class=\"yoast-schema-graph\">{\"@context\":\"https:\/\/schema.org\",\"@graph\":[{\"@type\":\"WebPage\",\"@id\":\"https:\/\/www.maxima-dia.com\/es\/maquinas-de-corte-para-la-construccion\/maxi-1000\/\",\"url\":\"https:\/\/www.maxima-dia.com\/es\/maquinas-de-corte-para-la-construccion\/maxi-1000\/\",\"name\":\"Maxi 1000 - Maxima SpA\",\"isPartOf\":{\"@id\":\"https:\/\/www.maxima-dia.com\/es\/#website\"},\"primaryImageOfPage\":{\"@id\":\"https:\/\/www.maxima-dia.com\/es\/maquinas-de-corte-para-la-construccion\/maxi-1000\/#primaryimage\"},\"image\":{\"@id\":\"https:\/\/www.maxima-dia.com\/es\/maquinas-de-corte-para-la-construccion\/maxi-1000\/#primaryimage\"},\"thumbnailUrl\":\"https:\/\/www.maxima-dia.com\/wp-content\/uploads\/2017\/02\/maxi-1000.jpg\",\"datePublished\":\"2014-05-05T12:21:44+00:00\",\"dateModified\":\"2021-07-09T10:04:15+00:00\",\"breadcrumb\":{\"@id\":\"https:\/\/www.maxima-dia.com\/es\/maquinas-de-corte-para-la-construccion\/maxi-1000\/#breadcrumb\"},\"inLanguage\":\"es\",\"potentialAction\":[{\"@type\":\"ReadAction\",\"target\":[\"https:\/\/www.maxima-dia.com\/es\/maquinas-de-corte-para-la-construccion\/maxi-1000\/\"]}]},{\"@type\":\"ImageObject\",\"inLanguage\":\"es\",\"@id\":\"https:\/\/www.maxima-dia.com\/es\/maquinas-de-corte-para-la-construccion\/maxi-1000\/#primaryimage\",\"url\":\"https:\/\/www.maxima-dia.com\/wp-content\/uploads\/2017\/02\/maxi-1000.jpg\",\"contentUrl\":\"https:\/\/www.maxima-dia.com\/wp-content\/uploads\/2017\/02\/maxi-1000.jpg\",\"width\":1200,\"height\":1200,\"caption\":\"MAXI 1000\"},{\"@type\":\"BreadcrumbList\",\"@id\":\"https:\/\/www.maxima-dia.com\/es\/maquinas-de-corte-para-la-construccion\/maxi-1000\/#breadcrumb\",\"itemListElement\":[{\"@type\":\"ListItem\",\"position\":1,\"name\":\"Home\",\"item\":\"https:\/\/www.maxima-dia.com\/es\/\"},{\"@type\":\"ListItem\",\"position\":2,\"name\":\"M\u00e1quinas de Corte para la Construcci\u00f3n\",\"item\":\"https:\/\/www.maxima-dia.com\/es\/maquinas-de-corte-para-la-construccion\/\"},{\"@type\":\"ListItem\",\"position\":3,\"name\":\"Maxi 1000\"}]},{\"@type\":\"WebSite\",\"@id\":\"https:\/\/www.maxima-dia.com\/es\/#website\",\"url\":\"https:\/\/www.maxima-dia.com\/es\/\",\"name\":\"Maxima SpA\",\"description\":\"Only for the real professionals\",\"potentialAction\":[{\"@type\":\"SearchAction\",\"target\":{\"@type\":\"EntryPoint\",\"urlTemplate\":\"https:\/\/www.maxima-dia.com\/es\/?s={search_term_string}\"},\"query-input\":{\"@type\":\"PropertyValueSpecification\",\"valueRequired\":true,\"valueName\":\"search_term_string\"}}],\"inLanguage\":\"es\"}]}<\/script>\n<!-- \/ Yoast SEO plugin. -->","yoast_head_json":{"title":"Maxi 1000 - Maxima SpA","robots":{"index":"index","follow":"follow","max-snippet":"max-snippet:-1","max-image-preview":"max-image-preview:large","max-video-preview":"max-video-preview:-1"},"canonical":"https:\/\/www.maxima-dia.com\/es\/maquinas-de-corte-para-la-construccion\/maxi-1000\/","og_locale":"es_ES","og_type":"article","og_title":"Maxi 1000 - Maxima SpA","og_description":"[vc_row][vc_column text_align=\u00bbcenter\u00bb width=\u00bb1\/4&#8243;][vc_column_text] construida en la Uni\u00f3n Europea&nbsp; &#8211; certificada CE[\/vc_column_text][vc_column_text css_animation=\u00bbslideInDown\u00bb el_class=\u00bbhidebuybutton\u00bb][\/vc_column_text][\/vc_column][vc_column width=\u00bb3\/4&#8243;][vc_column_text]El mercado evoluciona y la oferta de productos tambi\u00e9n lo hace en base a las nuevas necesidades. Las construcciones cada vez m\u00e1s extendidas con bloques grandes requieren el uso de m\u00e1quinas con la capacidad de corte adecuada. De ah\u00ed la creaci\u00f3n de la Maxi 1000: altura de corte a 40 cm en una \u00fanica pasada y de 60 cm en dos pasadas, con motor trif\u00e1sico de 10 cv para un acercamiento f\u00e1cil e inmediato a las m\u00faltiples necesidades de la obra. El carro de carga del material es extremadamente amplio y f\u00e1cil de manejar, gracias a las asas largas que mantienen al operador a una distancia de seguridad. Cuatro ruedas resistentes facilitan los desplazamientos de la m\u00e1quina por el suelo. Maxi 1000 se suministra con disco Laser Rosso Silent fabricado mediante la t\u00e9cnica \u00abDetenso\u00bb. &nbsp; CARACTER\u00cdSTICA T\u00c9CNICAS Disponible a 400 V &#8211; Hp 10 \u2013 7,4 Kw Cabezal Fijo Discos de Di\u00e1metro 1000 mm &#8211; Agujero 60 mm+PIN Carretilla Corrediza sobre Rodamientos Estancos Ajustables Altura de Corte 400 mm en Pasada \u00fanica &#8211; 600 mm en dos Pasadas Gu\u00edas para Carro Ajustables Dimensiones (LxWxH) 190 x 90 [&hellip;]","og_url":"https:\/\/www.maxima-dia.com\/es\/maquinas-de-corte-para-la-construccion\/maxi-1000\/","og_site_name":"Maxima SpA","article_publisher":"https:\/\/www.facebook.com\/Maxima-spa-106098566139597","article_modified_time":"2021-07-09T10:04:15+00:00","og_image":[{"width":1200,"height":1200,"url":"https:\/\/www.maxima-dia.com\/wp-content\/uploads\/2017\/02\/maxi-1000.jpg","type":"image\/jpeg"}],"twitter_card":"summary_large_image","twitter_site":"@Maximadia","twitter_misc":{"Tiempo de lectura":"3 minutos"},"schema":{"@context":"https:\/\/schema.org","@graph":[{"@type":"WebPage","@id":"https:\/\/www.maxima-dia.com\/es\/maquinas-de-corte-para-la-construccion\/maxi-1000\/","url":"https:\/\/www.maxima-dia.com\/es\/maquinas-de-corte-para-la-construccion\/maxi-1000\/","name":"Maxi 1000 - Maxima SpA","isPartOf":{"@id":"https:\/\/www.maxima-dia.com\/es\/#website"},"primaryImageOfPage":{"@id":"https:\/\/www.maxima-dia.com\/es\/maquinas-de-corte-para-la-construccion\/maxi-1000\/#primaryimage"},"image":{"@id":"https:\/\/www.maxima-dia.com\/es\/maquinas-de-corte-para-la-construccion\/maxi-1000\/#primaryimage"},"thumbnailUrl":"https:\/\/www.maxima-dia.com\/wp-content\/uploads\/2017\/02\/maxi-1000.jpg","datePublished":"2014-05-05T12:21:44+00:00","dateModified":"2021-07-09T10:04:15+00:00","breadcrumb":{"@id":"https:\/\/www.maxima-dia.com\/es\/maquinas-de-corte-para-la-construccion\/maxi-1000\/#breadcrumb"},"inLanguage":"es","potentialAction":[{"@type":"ReadAction","target":["https:\/\/www.maxima-dia.com\/es\/maquinas-de-corte-para-la-construccion\/maxi-1000\/"]}]},{"@type":"ImageObject","inLanguage":"es","@id":"https:\/\/www.maxima-dia.com\/es\/maquinas-de-corte-para-la-construccion\/maxi-1000\/#primaryimage","url":"https:\/\/www.maxima-dia.com\/wp-content\/uploads\/2017\/02\/maxi-1000.jpg","contentUrl":"https:\/\/www.maxima-dia.com\/wp-content\/uploads\/2017\/02\/maxi-1000.jpg","width":1200,"height":1200,"caption":"MAXI 1000"},{"@type":"BreadcrumbList","@id":"https:\/\/www.maxima-dia.com\/es\/maquinas-de-corte-para-la-construccion\/maxi-1000\/#breadcrumb","itemListElement":[{"@type":"ListItem","position":1,"name":"Home","item":"https:\/\/www.maxima-dia.com\/es\/"},{"@type":"ListItem","position":2,"name":"M\u00e1quinas de Corte para la Construcci\u00f3n","item":"https:\/\/www.maxima-dia.com\/es\/maquinas-de-corte-para-la-construccion\/"},{"@type":"ListItem","position":3,"name":"Maxi 1000"}]},{"@type":"WebSite","@id":"https:\/\/www.maxima-dia.com\/es\/#website","url":"https:\/\/www.maxima-dia.com\/es\/","name":"Maxima SpA","description":"Only for the real professionals","potentialAction":[{"@type":"SearchAction","target":{"@type":"EntryPoint","urlTemplate":"https:\/\/www.maxima-dia.com\/es\/?s={search_term_string}"},"query-input":{"@type":"PropertyValueSpecification","valueRequired":true,"valueName":"search_term_string"}}],"inLanguage":"es"}]}},"_links":{"self":[{"href":"https:\/\/www.maxima-dia.com\/es\/wp-json\/wp\/v2\/pages\/8158"}],"collection":[{"href":"https:\/\/www.maxima-dia.com\/es\/wp-json\/wp\/v2\/pages"}],"about":[{"href":"https:\/\/www.maxima-dia.com\/es\/wp-json\/wp\/v2\/types\/page"}],"author":[{"embeddable":true,"href":"https:\/\/www.maxima-dia.com\/es\/wp-json\/wp\/v2\/users\/29"}],"replies":[{"embeddable":true,"href":"https:\/\/www.maxima-dia.com\/es\/wp-json\/wp\/v2\/comments?post=8158"}],"version-history":[{"count":0,"href":"https:\/\/www.maxima-dia.com\/es\/wp-json\/wp\/v2\/pages\/8158\/revisions"}],"up":[{"embeddable":true,"href":"https:\/\/www.maxima-dia.com\/es\/wp-json\/wp\/v2\/pages\/12477"}],"wp:featuredmedia":[{"embeddable":true,"href":"https:\/\/www.maxima-dia.com\/es\/wp-json\/wp\/v2\/media\/13886"}],"wp:attachment":[{"href":"https:\/\/www.maxima-dia.com\/es\/wp-json\/wp\/v2\/media?parent=8158"}],"curies":[{"name":"wp","href":"https:\/\/api.w.org\/{rel}","templated":true}]}}