{"id":8367,"date":"2014-05-15T15:33:44","date_gmt":"2014-05-15T13:33:44","guid":{"rendered":"http:\/\/www.maxima-dia.com\/?post_type=products&#038;p=8367"},"modified":"2022-03-28T11:15:35","modified_gmt":"2022-03-28T09:15:35","slug":"pavimax-450","status":"publish","type":"page","link":"https:\/\/www.maxima-dia.com\/es\/maquinas-de-corte-para-la-construccion\/pavimax-450\/","title":{"rendered":"Pavimax 450"},"content":{"rendered":"<div class=\"wpb-content-wrapper\"><p>[vc_row][vc_column text_align=\u00bbcenter\u00bb width=\u00bb1\/4&#8243;][vc_column_text]<a href=\"\/wp-content\/uploads\/2017\/02\/pavimax-450.jpg\"><img loading=\"lazy\" decoding=\"async\" class=\"alignnone size-thumbnail wp-image-13903\" src=\"\/wp-content\/uploads\/2017\/02\/pavimax-450-150x150.jpg\" alt=\"PAVIMAX 450\" width=\"150\" height=\"150\" srcset=\"https:\/\/www.maxima-dia.com\/wp-content\/uploads\/2017\/02\/pavimax-450-150x150.jpg 150w, https:\/\/www.maxima-dia.com\/wp-content\/uploads\/2017\/02\/pavimax-450-300x300.jpg 300w, https:\/\/www.maxima-dia.com\/wp-content\/uploads\/2017\/02\/pavimax-450-768x768.jpg 768w, https:\/\/www.maxima-dia.com\/wp-content\/uploads\/2017\/02\/pavimax-450-1024x1024.jpg 1024w, https:\/\/www.maxima-dia.com\/wp-content\/uploads\/2017\/02\/pavimax-450-80x80.jpg 80w, https:\/\/www.maxima-dia.com\/wp-content\/uploads\/2017\/02\/pavimax-450-500x500.jpg 500w, https:\/\/www.maxima-dia.com\/wp-content\/uploads\/2017\/02\/pavimax-450-1000x1000.jpg 1000w, https:\/\/www.maxima-dia.com\/wp-content\/uploads\/2017\/02\/pavimax-450.jpg 1200w\" sizes=\"(max-width: 150px) 100vw, 150px\" \/><\/a><\/p>\n<p>construida en la Uni\u00f3n Europea&nbsp;<img loading=\"lazy\" decoding=\"async\" src=\"\/wp-content\/uploads\/2013\/11\/eu.png\" alt=\"eu\" width=\"24\" height=\"16\"> &#8211; certificada <span style=\"font-family: arial,helvetica,sans-serif;\">CE<\/span>[\/vc_column_text][vc_column_text css_animation=\u00bbslideInDown\u00bb el_class=\u00bbhidebuybutton\u00bb]<a href=\"https:\/\/www.storemaxima.com\/es\/maquinas-de-corte-para-la-construccion\/64-pavimax-450.html\" target=\"_blank\" rel=\"noopener\"><img loading=\"lazy\" decoding=\"async\" class=\"alignnone\" title=\"Comprar en www.storemaxima.com\" src=\"https:\/\/www.maxima-dia.com\/wp-content\/uploads\/2019\/12\/pulsante-acquista-storemaxima.com-es.svg\" alt=\"Comprar en www.storemaxima.com\" width=\"180\" height=\"80\"><\/a>[\/vc_column_text][\/vc_column][vc_column width=\u00bb3\/4&#8243;][vc_column_text]Es la Cortadora de piso profesional&nbsp;m\u00e1s vendida&nbsp;de la gama. Tambi\u00e9n es lo ideal&nbsp;para usos intensivos como&nbsp;el flete a terceros. En este&nbsp;sentido el GX-390 de &nbsp;Honda con arranque de&nbsp;tir\u00f3n; ofrece garant\u00edas&nbsp;absolutas para prestaciones&nbsp;y disponibilidad de los repuestos.&nbsp;Robusta y estable, gracias&nbsp;a su paso corto y&nbsp;al dep\u00f3sito del agua&nbsp;que se ha montado arriba del motor&nbsp;resulta precisa y muy bien&nbsp;equilibrada. La profundidad&nbsp;de corte m\u00e1xima es de 17&nbsp;cm y la m\u00e1quina se&nbsp;entrega con un disco&nbsp;de diamante de di\u00e1metro 450&nbsp;mm, a elecci\u00f3n del cliente,&nbsp;que tiene que especificarse en el momento&nbsp;del pedido.<\/p>\n<table class=\"tabellafotocarotaggio\" style=\"width: 100%;\">\n<tbody>\n<tr>\n<td style=\"width: 20%; text-align: center;\"><a href=\"\/wp-content\/uploads\/2017\/02\/pavimax-450-f1.jpg\"><img loading=\"lazy\" decoding=\"async\" class=\"alignnone wp-image-13894 size-thumbnail\" src=\"\/wp-content\/uploads\/2017\/02\/pavimax-450-f1-150x150.jpg\" width=\"150\" height=\"150\"><\/a><\/td>\n<td style=\"width: 20%; text-align: center;\"><a href=\"\/wp-content\/uploads\/2017\/02\/pavimax-450-f2.jpg\"><img loading=\"lazy\" decoding=\"async\" class=\"alignnone wp-image-13894 size-thumbnail\" src=\"\/wp-content\/uploads\/2017\/02\/pavimax-450-f2-150x150.jpg\" width=\"150\" height=\"150\"><\/a><\/td>\n<td style=\"width: 20%; text-align: center;\"><a href=\"\/wp-content\/uploads\/2017\/02\/pavimax-450-f3.jpg\"><img loading=\"lazy\" decoding=\"async\" class=\"alignnone wp-image-13894 size-thumbnail\" src=\"\/wp-content\/uploads\/2017\/02\/pavimax-450-f3-150x150.jpg\" width=\"150\" height=\"150\"><\/a><\/td>\n<td style=\"width: 20%; text-align: center;\"><a href=\"\/wp-content\/uploads\/2017\/02\/pavimax-450-f4.jpg\"><img loading=\"lazy\" decoding=\"async\" class=\"alignnone wp-image-13894 size-thumbnail\" src=\"\/wp-content\/uploads\/2017\/02\/pavimax-450-f4-150x150.jpg\" width=\"150\" height=\"150\"><\/a><\/td>\n<td style=\"width: 20%; text-align: center;\"><a href=\"\/wp-content\/uploads\/2017\/02\/pavimax-450-f5.jpg\"><img loading=\"lazy\" decoding=\"async\" class=\"alignnone wp-image-13894 size-thumbnail\" src=\"\/wp-content\/uploads\/2017\/02\/pavimax-450-f5-150x150.jpg\" width=\"150\" height=\"150\"><\/a><\/td>\n<\/tr>\n<\/tbody>\n<\/table>\n<p>&nbsp;<\/p>\n<table class=\"tabellatecnica\" style=\"width: 100%;\" border=\"0\" cellspacing=\"0\" cellpadding=\"0\">\n<thead>\n<tr>\n<td class=\"testata\" colspan=\"2\">CARACTER\u00cdSTICA T\u00c9CNICAS<\/td>\n<\/tr>\n<\/thead>\n<tbody>\n<tr>\n<td class=\"coltesto1\" style=\"width: 50%;\">Disco di\u00e1metro 450 mm &#8211; Agujero 25,4 mm<\/td>\n<td class=\"coltesto2\" style=\"width: 50%;\">Revoluciones Motor 3600 Rev \/ Min<\/td>\n<\/tr>\n<tr>\n<td class=\"coltesto1\" style=\"width: 50%;\">Profundidad de Corte 17 cm (con disco de 450)<\/td>\n<td class=\"coltesto2\" style=\"width: 50%;\">Dep\u00f3sito del Agua de 20 Litros<\/td>\n<\/tr>\n<tr>\n<td class=\"coltesto1\" style=\"width: 50%;\" rowspan=\"2\">Motor Honda GX390 8.7 kW &#8211; 11.7 HP con arranque de tir\u00f3n<\/td>\n<td class=\"coltesto2\" style=\"width: 50%;\">Dimensiones (LxWxH) 150x53x104 cm<\/td>\n<\/tr>\n<tr>\n<td class=\"coltesto2\" style=\"width: 50%;\">Peso 106 Kg<\/td>\n<\/tr>\n<\/tbody>\n<\/table>\n<p>[\/vc_column_text][\/vc_column][\/vc_row]<\/p>\n<\/div>","protected":false},"excerpt":{"rendered":"<p>[vc_row][vc_column text_align=\u00bbcenter\u00bb width=\u00bb1\/4&#8243;][vc_column_text] construida en la Uni\u00f3n Europea&nbsp; &#8211; certificada CE[\/vc_column_text][vc_column_text css_animation=\u00bbslideInDown\u00bb el_class=\u00bbhidebuybutton\u00bb][\/vc_column_text][\/vc_column][vc_column width=\u00bb3\/4&#8243;][vc_column_text]Es la Cortadora de piso profesional&nbsp;m\u00e1s vendida&nbsp;de la gama. Tambi\u00e9n es lo ideal&nbsp;para usos intensivos como&nbsp;el flete a terceros. En este&nbsp;sentido el GX-390 de &nbsp;Honda con arranque de&nbsp;tir\u00f3n; ofrece garant\u00edas&nbsp;absolutas para prestaciones&nbsp;y disponibilidad de los repuestos.&nbsp;Robusta y estable, gracias&nbsp;a su paso corto y&nbsp;al dep\u00f3sito del agua&nbsp;que se ha montado arriba del motor&nbsp;resulta precisa y muy bien&nbsp;equilibrada. La profundidad&nbsp;de corte m\u00e1xima es de 17&nbsp;cm y la m\u00e1quina se&nbsp;entrega con un disco&nbsp;de diamante de di\u00e1metro 450&nbsp;mm, a elecci\u00f3n del cliente,&nbsp;que tiene que especificarse en el momento&nbsp;del pedido. &nbsp; CARACTER\u00cdSTICA T\u00c9CNICAS Disco di\u00e1metro 450 mm &#8211; Agujero 25,4 mm Revoluciones Motor 3600 Rev \/ Min Profundidad de Corte 17 cm (con disco de 450) Dep\u00f3sito del Agua de 20 Litros Motor Honda GX390 8.7 kW &#8211; 11.7 HP con arranque de tir\u00f3n Dimensiones (LxWxH) 150x53x104 cm Peso 106 Kg [\/vc_column_text][\/vc_column][\/vc_row]<\/p>\n","protected":false},"author":29,"featured_media":24662,"parent":12477,"menu_order":11,"comment_status":"closed","ping_status":"closed","template":"","meta":{"ngg_post_thumbnail":0,"_joinchat":[],"footnotes":""},"class_list":["post-8367","page","type-page","status-publish","has-post-thumbnail","hentry"],"yoast_head":"<!-- This site is optimized with the Yoast SEO plugin v25.5 - https:\/\/yoast.com\/wordpress\/plugins\/seo\/ -->\n<title>Pavimax 450 - Maxima SpA<\/title>\n<meta name=\"description\" content=\"Es la Cortadora de piso profesional m\u00e1s vendida de la gama. Tambi\u00e9n es lo ideal para usos intensivos como el flete a terceros. En este sentido el GX-390 de Honda con arranque de tir\u00f3n; ofrece garant\u00edas absolutas para prestaciones y disponibilidad de los repuestos\" \/>\n<meta name=\"robots\" content=\"index, follow, max-snippet:-1, max-image-preview:large, max-video-preview:-1\" \/>\n<link rel=\"canonical\" href=\"https:\/\/www.maxima-dia.com\/es\/maquinas-de-corte-para-la-construccion\/pavimax-450\/\" \/>\n<meta property=\"og:locale\" content=\"es_ES\" \/>\n<meta property=\"og:type\" content=\"article\" \/>\n<meta property=\"og:title\" content=\"Pavimax 450 - Maxima SpA\" \/>\n<meta property=\"og:description\" content=\"Es la Cortadora de piso profesional m\u00e1s vendida de la gama. Tambi\u00e9n es lo ideal para usos intensivos como el flete a terceros. En este sentido el GX-390 de Honda con arranque de tir\u00f3n; ofrece garant\u00edas absolutas para prestaciones y disponibilidad de los repuestos\" \/>\n<meta property=\"og:url\" content=\"https:\/\/www.maxima-dia.com\/es\/maquinas-de-corte-para-la-construccion\/pavimax-450\/\" \/>\n<meta property=\"og:site_name\" content=\"Maxima SpA\" \/>\n<meta property=\"article:publisher\" content=\"https:\/\/www.facebook.com\/Maxima-spa-106098566139597\" \/>\n<meta property=\"article:modified_time\" content=\"2022-03-28T09:15:35+00:00\" \/>\n<meta property=\"og:image\" content=\"https:\/\/www.maxima-dia.com\/wp-content\/uploads\/2017\/02\/pavimax-450.jpg\" \/>\n\t<meta property=\"og:image:width\" content=\"1200\" \/>\n\t<meta property=\"og:image:height\" content=\"1200\" \/>\n\t<meta property=\"og:image:type\" content=\"image\/jpeg\" \/>\n<meta name=\"twitter:card\" content=\"summary_large_image\" \/>\n<meta name=\"twitter:site\" content=\"@Maximadia\" \/>\n<meta name=\"twitter:label1\" content=\"Tiempo de lectura\" \/>\n\t<meta name=\"twitter:data1\" content=\"3 minutos\" \/>\n<script type=\"application\/ld+json\" class=\"yoast-schema-graph\">{\"@context\":\"https:\/\/schema.org\",\"@graph\":[{\"@type\":\"WebPage\",\"@id\":\"https:\/\/www.maxima-dia.com\/es\/maquinas-de-corte-para-la-construccion\/pavimax-450\/\",\"url\":\"https:\/\/www.maxima-dia.com\/es\/maquinas-de-corte-para-la-construccion\/pavimax-450\/\",\"name\":\"Pavimax 450 - Maxima SpA\",\"isPartOf\":{\"@id\":\"https:\/\/www.maxima-dia.com\/es\/#website\"},\"primaryImageOfPage\":{\"@id\":\"https:\/\/www.maxima-dia.com\/es\/maquinas-de-corte-para-la-construccion\/pavimax-450\/#primaryimage\"},\"image\":{\"@id\":\"https:\/\/www.maxima-dia.com\/es\/maquinas-de-corte-para-la-construccion\/pavimax-450\/#primaryimage\"},\"thumbnailUrl\":\"https:\/\/www.maxima-dia.com\/wp-content\/uploads\/2017\/02\/pavimax-450.jpg\",\"datePublished\":\"2014-05-15T13:33:44+00:00\",\"dateModified\":\"2022-03-28T09:15:35+00:00\",\"description\":\"Es la Cortadora de piso profesional m\u00e1s vendida de la gama. Tambi\u00e9n es lo ideal para usos intensivos como el flete a terceros. En este sentido el GX-390 de Honda con arranque de tir\u00f3n; ofrece garant\u00edas absolutas para prestaciones y disponibilidad de los repuestos\",\"breadcrumb\":{\"@id\":\"https:\/\/www.maxima-dia.com\/es\/maquinas-de-corte-para-la-construccion\/pavimax-450\/#breadcrumb\"},\"inLanguage\":\"es\",\"potentialAction\":[{\"@type\":\"ReadAction\",\"target\":[\"https:\/\/www.maxima-dia.com\/es\/maquinas-de-corte-para-la-construccion\/pavimax-450\/\"]}]},{\"@type\":\"ImageObject\",\"inLanguage\":\"es\",\"@id\":\"https:\/\/www.maxima-dia.com\/es\/maquinas-de-corte-para-la-construccion\/pavimax-450\/#primaryimage\",\"url\":\"https:\/\/www.maxima-dia.com\/wp-content\/uploads\/2017\/02\/pavimax-450.jpg\",\"contentUrl\":\"https:\/\/www.maxima-dia.com\/wp-content\/uploads\/2017\/02\/pavimax-450.jpg\",\"width\":1200,\"height\":1200},{\"@type\":\"BreadcrumbList\",\"@id\":\"https:\/\/www.maxima-dia.com\/es\/maquinas-de-corte-para-la-construccion\/pavimax-450\/#breadcrumb\",\"itemListElement\":[{\"@type\":\"ListItem\",\"position\":1,\"name\":\"Home\",\"item\":\"https:\/\/www.maxima-dia.com\/es\/\"},{\"@type\":\"ListItem\",\"position\":2,\"name\":\"M\u00e1quinas de Corte para la Construcci\u00f3n\",\"item\":\"https:\/\/www.maxima-dia.com\/es\/maquinas-de-corte-para-la-construccion\/\"},{\"@type\":\"ListItem\",\"position\":3,\"name\":\"Pavimax 450\"}]},{\"@type\":\"WebSite\",\"@id\":\"https:\/\/www.maxima-dia.com\/es\/#website\",\"url\":\"https:\/\/www.maxima-dia.com\/es\/\",\"name\":\"Maxima SpA\",\"description\":\"Only for the real professionals\",\"potentialAction\":[{\"@type\":\"SearchAction\",\"target\":{\"@type\":\"EntryPoint\",\"urlTemplate\":\"https:\/\/www.maxima-dia.com\/es\/?s={search_term_string}\"},\"query-input\":{\"@type\":\"PropertyValueSpecification\",\"valueRequired\":true,\"valueName\":\"search_term_string\"}}],\"inLanguage\":\"es\"}]}<\/script>\n<!-- \/ Yoast SEO plugin. -->","yoast_head_json":{"title":"Pavimax 450 - Maxima SpA","description":"Es la Cortadora de piso profesional m\u00e1s vendida de la gama. Tambi\u00e9n es lo ideal para usos intensivos como el flete a terceros. En este sentido el GX-390 de Honda con arranque de tir\u00f3n; ofrece garant\u00edas absolutas para prestaciones y disponibilidad de los repuestos","robots":{"index":"index","follow":"follow","max-snippet":"max-snippet:-1","max-image-preview":"max-image-preview:large","max-video-preview":"max-video-preview:-1"},"canonical":"https:\/\/www.maxima-dia.com\/es\/maquinas-de-corte-para-la-construccion\/pavimax-450\/","og_locale":"es_ES","og_type":"article","og_title":"Pavimax 450 - Maxima SpA","og_description":"Es la Cortadora de piso profesional m\u00e1s vendida de la gama. Tambi\u00e9n es lo ideal para usos intensivos como el flete a terceros. En este sentido el GX-390 de Honda con arranque de tir\u00f3n; ofrece garant\u00edas absolutas para prestaciones y disponibilidad de los repuestos","og_url":"https:\/\/www.maxima-dia.com\/es\/maquinas-de-corte-para-la-construccion\/pavimax-450\/","og_site_name":"Maxima SpA","article_publisher":"https:\/\/www.facebook.com\/Maxima-spa-106098566139597","article_modified_time":"2022-03-28T09:15:35+00:00","og_image":[{"width":1200,"height":1200,"url":"https:\/\/www.maxima-dia.com\/wp-content\/uploads\/2017\/02\/pavimax-450.jpg","type":"image\/jpeg"}],"twitter_card":"summary_large_image","twitter_site":"@Maximadia","twitter_misc":{"Tiempo de lectura":"3 minutos"},"schema":{"@context":"https:\/\/schema.org","@graph":[{"@type":"WebPage","@id":"https:\/\/www.maxima-dia.com\/es\/maquinas-de-corte-para-la-construccion\/pavimax-450\/","url":"https:\/\/www.maxima-dia.com\/es\/maquinas-de-corte-para-la-construccion\/pavimax-450\/","name":"Pavimax 450 - Maxima SpA","isPartOf":{"@id":"https:\/\/www.maxima-dia.com\/es\/#website"},"primaryImageOfPage":{"@id":"https:\/\/www.maxima-dia.com\/es\/maquinas-de-corte-para-la-construccion\/pavimax-450\/#primaryimage"},"image":{"@id":"https:\/\/www.maxima-dia.com\/es\/maquinas-de-corte-para-la-construccion\/pavimax-450\/#primaryimage"},"thumbnailUrl":"https:\/\/www.maxima-dia.com\/wp-content\/uploads\/2017\/02\/pavimax-450.jpg","datePublished":"2014-05-15T13:33:44+00:00","dateModified":"2022-03-28T09:15:35+00:00","description":"Es la Cortadora de piso profesional m\u00e1s vendida de la gama. Tambi\u00e9n es lo ideal para usos intensivos como el flete a terceros. En este sentido el GX-390 de Honda con arranque de tir\u00f3n; ofrece garant\u00edas absolutas para prestaciones y disponibilidad de los repuestos","breadcrumb":{"@id":"https:\/\/www.maxima-dia.com\/es\/maquinas-de-corte-para-la-construccion\/pavimax-450\/#breadcrumb"},"inLanguage":"es","potentialAction":[{"@type":"ReadAction","target":["https:\/\/www.maxima-dia.com\/es\/maquinas-de-corte-para-la-construccion\/pavimax-450\/"]}]},{"@type":"ImageObject","inLanguage":"es","@id":"https:\/\/www.maxima-dia.com\/es\/maquinas-de-corte-para-la-construccion\/pavimax-450\/#primaryimage","url":"https:\/\/www.maxima-dia.com\/wp-content\/uploads\/2017\/02\/pavimax-450.jpg","contentUrl":"https:\/\/www.maxima-dia.com\/wp-content\/uploads\/2017\/02\/pavimax-450.jpg","width":1200,"height":1200},{"@type":"BreadcrumbList","@id":"https:\/\/www.maxima-dia.com\/es\/maquinas-de-corte-para-la-construccion\/pavimax-450\/#breadcrumb","itemListElement":[{"@type":"ListItem","position":1,"name":"Home","item":"https:\/\/www.maxima-dia.com\/es\/"},{"@type":"ListItem","position":2,"name":"M\u00e1quinas de Corte para la Construcci\u00f3n","item":"https:\/\/www.maxima-dia.com\/es\/maquinas-de-corte-para-la-construccion\/"},{"@type":"ListItem","position":3,"name":"Pavimax 450"}]},{"@type":"WebSite","@id":"https:\/\/www.maxima-dia.com\/es\/#website","url":"https:\/\/www.maxima-dia.com\/es\/","name":"Maxima SpA","description":"Only for the real professionals","potentialAction":[{"@type":"SearchAction","target":{"@type":"EntryPoint","urlTemplate":"https:\/\/www.maxima-dia.com\/es\/?s={search_term_string}"},"query-input":{"@type":"PropertyValueSpecification","valueRequired":true,"valueName":"search_term_string"}}],"inLanguage":"es"}]}},"_links":{"self":[{"href":"https:\/\/www.maxima-dia.com\/es\/wp-json\/wp\/v2\/pages\/8367"}],"collection":[{"href":"https:\/\/www.maxima-dia.com\/es\/wp-json\/wp\/v2\/pages"}],"about":[{"href":"https:\/\/www.maxima-dia.com\/es\/wp-json\/wp\/v2\/types\/page"}],"author":[{"embeddable":true,"href":"https:\/\/www.maxima-dia.com\/es\/wp-json\/wp\/v2\/users\/29"}],"replies":[{"embeddable":true,"href":"https:\/\/www.maxima-dia.com\/es\/wp-json\/wp\/v2\/comments?post=8367"}],"version-history":[{"count":2,"href":"https:\/\/www.maxima-dia.com\/es\/wp-json\/wp\/v2\/pages\/8367\/revisions"}],"predecessor-version":[{"id":34534,"href":"https:\/\/www.maxima-dia.com\/es\/wp-json\/wp\/v2\/pages\/8367\/revisions\/34534"}],"up":[{"embeddable":true,"href":"https:\/\/www.maxima-dia.com\/es\/wp-json\/wp\/v2\/pages\/12477"}],"wp:featuredmedia":[{"embeddable":true,"href":"https:\/\/www.maxima-dia.com\/es\/wp-json\/wp\/v2\/media\/24662"}],"wp:attachment":[{"href":"https:\/\/www.maxima-dia.com\/es\/wp-json\/wp\/v2\/media?parent=8367"}],"curies":[{"name":"wp","href":"https:\/\/api.w.org\/{rel}","templated":true}]}}