{"id":8395,"date":"2014-05-15T17:58:55","date_gmt":"2014-05-15T15:58:55","guid":{"rendered":"http:\/\/www.maxima-dia.com\/?post_type=products&#038;p=8395"},"modified":"2021-12-20T11:57:27","modified_gmt":"2021-12-20T10:57:27","slug":"vibramax-60-12","status":"publish","type":"page","link":"https:\/\/www.maxima-dia.com\/es\/maquinas-para-la-compactacion\/vibramax-60-12\/","title":{"rendered":"Vibramax 60\/12"},"content":{"rendered":"<div class=\"wpb-content-wrapper\"><p>[vc_row][vc_column text_align=\u00bbcenter\u00bb width=\u00bb1\/4&#8243;][vc_column_text]<a href=\"\/wp-content\/uploads\/2017\/02\/vibramax.jpg\"><img loading=\"lazy\" decoding=\"async\" class=\"alignnone size-thumbnail wp-image-13928\" src=\"\/wp-content\/uploads\/2017\/02\/vibramax-150x150.jpg\" alt=\"VIBRAMAX 60\/12\" width=\"150\" height=\"150\" srcset=\"https:\/\/www.maxima-dia.com\/wp-content\/uploads\/2017\/02\/vibramax-150x150.jpg 150w, https:\/\/www.maxima-dia.com\/wp-content\/uploads\/2017\/02\/vibramax-300x300.jpg 300w, https:\/\/www.maxima-dia.com\/wp-content\/uploads\/2017\/02\/vibramax-768x768.jpg 768w, https:\/\/www.maxima-dia.com\/wp-content\/uploads\/2017\/02\/vibramax-1024x1024.jpg 1024w, https:\/\/www.maxima-dia.com\/wp-content\/uploads\/2017\/02\/vibramax-80x80.jpg 80w, https:\/\/www.maxima-dia.com\/wp-content\/uploads\/2017\/02\/vibramax-500x500.jpg 500w, https:\/\/www.maxima-dia.com\/wp-content\/uploads\/2017\/02\/vibramax-1000x1000.jpg 1000w, https:\/\/www.maxima-dia.com\/wp-content\/uploads\/2017\/02\/vibramax.jpg 1200w\" sizes=\"(max-width: 150px) 100vw, 150px\" \/><\/a><\/p>\n<p>construida en la Uni\u00f3n Europea&nbsp;<img loading=\"lazy\" decoding=\"async\" src=\"\/wp-content\/uploads\/2013\/11\/eu.png\" alt=\"eu\" width=\"24\" height=\"16\"> &#8211; certificada <span style=\"font-family: arial,helvetica,sans-serif;\">CE<\/span>[\/vc_column_text][vc_column_text css_animation=\u00bbslideInDown\u00bb el_class=\u00bbhidebuybutton\u00bb]<a href=\"https:\/\/www.storemaxima.com\/es\/maquinas-de-corte-para-la-construccion\/66-vibramax-60-11.html\" target=\"_blank\" rel=\"noopener\"><img loading=\"lazy\" decoding=\"async\" class=\"alignnone\" title=\"Comprar en www.storemaxima.com\" src=\"https:\/\/www.maxima-dia.com\/wp-content\/uploads\/2019\/12\/pulsante-acquista-storemaxima.com-es.svg\" alt=\"Comprar en www.storemaxima.com\" width=\"180\" height=\"80\"><\/a>[\/vc_column_text][\/vc_column][vc_column width=\u00bb3\/4&#8243;][vc_column_text]<strong>Vibramax 60\/12<\/strong> est\u00e1 presente en la gama para satisfacer las necesidades de procesamiento peque\u00f1as pero de modo profesional, simplificando las operaciones de transporte y uso de la m\u00e1quina. El peque\u00f1o tama\u00f1o de la placa y el motor la hacen ideal para su uso en patios y jardines privados o para introducirse en cortes dobles sobre el asfalto. El motor Honda GX-120 garantiza prestaciones y fiabilidad. Ideal tambi\u00e9n para usarlo en cangilones\/piedras, arena\/grava y material compactado. La m\u00e1quina se suministra con ruedas para el transporte y un contador de horas, una herramienta especialmente \u00fatil para quien la alquila o simplemente para aquel que desea supervisar los intervalos de mantenimiento. Dispone de un gancho para su elevaci\u00f3n y de una barra de protecci\u00f3n contra los golpes. La base de la placa es de acero de alta resistencia y tiene una garant\u00eda de 6 a\u00f1os.<\/p>\n<table class=\"tabellafotocarotaggio\" style=\"width: 100%;\">\n<tbody>\n<tr>\n<td style=\"width: 50%; text-align: center;\"><a href=\"\/wp-content\/uploads\/2017\/02\/vibramax-f1.jpg\"><img loading=\"lazy\" decoding=\"async\" class=\"alignnone wp-image-13926 size-thumbnail\" src=\"\/wp-content\/uploads\/2017\/02\/vibramax-f1-150x150.jpg\" width=\"150\" height=\"150\" srcset=\"https:\/\/www.maxima-dia.com\/wp-content\/uploads\/2017\/02\/vibramax-f1-150x150.jpg 150w, https:\/\/www.maxima-dia.com\/wp-content\/uploads\/2017\/02\/vibramax-f1-80x80.jpg 80w, https:\/\/www.maxima-dia.com\/wp-content\/uploads\/2017\/02\/vibramax-f1-500x500.jpg 500w\" sizes=\"(max-width: 150px) 100vw, 150px\" \/><\/a><\/td>\n<td style=\"width: 50%; text-align: center;\"><a href=\"\/wp-content\/uploads\/2017\/02\/vibramax-f2.jpg\"><img loading=\"lazy\" decoding=\"async\" class=\"alignnone wp-image-13894 size-thumbnail\" src=\"\/wp-content\/uploads\/2017\/02\/vibramax-f2-150x150.jpg\" width=\"150\" height=\"150\"><\/a><\/td>\n<\/tr>\n<\/tbody>\n<\/table>\n<p>&nbsp;<\/p>\n<table class=\"tabellatecnica\" style=\"width: 100%;\" border=\"0\" cellspacing=\"0\" cellpadding=\"0\">\n<thead>\n<tr>\n<td class=\"testata\" colspan=\"2\">CARACTER\u00cdSTICA T\u00c9CNICAS<\/td>\n<\/tr>\n<\/thead>\n<tbody>\n<tr>\n<td class=\"coltesto1\" style=\"width: 50%;\">Fuerza Centr\u00edfuga 11 Kn<\/td>\n<td class=\"coltesto2\" style=\"width: 50%;\">Frecuencia 92 Hz<\/td>\n<\/tr>\n<tr>\n<td class=\"coltesto1\" style=\"width: 50%;\">Anchura de la Placa 330 mm<\/td>\n<td class=\"coltesto2\" style=\"width: 50%;\">Velocidad M\u00e1x. 30 m\/Min<\/td>\n<\/tr>\n<tr>\n<td class=\"coltesto1\" style=\"width: 50%;\">Longitud de la Placa 450&nbsp;mm<\/td>\n<td class=\"coltesto2\" style=\"width: 50%;\">Inclinaci\u00f3n M\u00e1x.&nbsp;40%<\/td>\n<\/tr>\n<tr>\n<td class=\"coltesto2\" style=\"width: 50%;\">Motor Honda GX120 de Gasolina Verde<\/td>\n<td class=\"coltesto2\" style=\"width: 50%;\">Dimensiones (cerrada) 720x320x850&nbsp;mm<\/td>\n<\/tr>\n<tr>\n<td class=\"coltesto2\" style=\"width: 50%;\">Potencia del Motor 2,6 Kw\/3,5 Cv<\/td>\n<td class=\"coltesto2\" style=\"width: 50%;\">Dep\u00f3sito del Agua Incluido<\/td>\n<\/tr>\n<tr>\n<td class=\"coltesto2\" style=\"width: 50%;\">Revoluciones Motor 3600 Rev \/ Min<\/td>\n<td class=\"coltesto2\" style=\"width: 50%;\">Kit Ruedas Incluido<\/td>\n<\/tr>\n<tr>\n<td class=\"coltesto2\" style=\"width: 50%;\">Presi\u00f3n Est\u00e1tica de Superficie 0,067 Kg\/cm2<\/td>\n<td class=\"coltesto2\" style=\"width: 50%;\">Peso 67 Kg<\/td>\n<\/tr>\n<\/tbody>\n<\/table>\n<div id=\"gtx-trans\" style=\"position: absolute; left: 32px; top: -10px;\">\n<div class=\"gtx-trans-icon\">&nbsp;<\/div>\n<\/div>\n<p>[\/vc_column_text][\/vc_column][\/vc_row]<\/p>\n<\/div>","protected":false},"excerpt":{"rendered":"<p>[vc_row][vc_column text_align=\u00bbcenter\u00bb width=\u00bb1\/4&#8243;][vc_column_text] construida en la Uni\u00f3n Europea&nbsp; &#8211; certificada CE[\/vc_column_text][vc_column_text css_animation=\u00bbslideInDown\u00bb el_class=\u00bbhidebuybutton\u00bb][\/vc_column_text][\/vc_column][vc_column width=\u00bb3\/4&#8243;][vc_column_text]Vibramax 60\/12 est\u00e1 presente en la gama para satisfacer las necesidades de procesamiento peque\u00f1as pero de modo profesional, simplificando las operaciones de transporte y uso de la m\u00e1quina. El peque\u00f1o tama\u00f1o de la placa y el motor la hacen ideal para su uso en patios y jardines privados o para introducirse en cortes dobles sobre el asfalto. El motor Honda GX-120 garantiza prestaciones y fiabilidad. Ideal tambi\u00e9n para usarlo en cangilones\/piedras, arena\/grava y material compactado. La m\u00e1quina se suministra con ruedas para el transporte y un contador de horas, una herramienta especialmente \u00fatil para quien la alquila o simplemente para aquel que desea supervisar los intervalos de mantenimiento. Dispone de un gancho para su elevaci\u00f3n y de una barra de protecci\u00f3n contra los golpes. La base de la placa es de acero de alta resistencia y tiene una garant\u00eda de 6 a\u00f1os. &nbsp; CARACTER\u00cdSTICA T\u00c9CNICAS Fuerza Centr\u00edfuga 11 Kn Frecuencia 92 Hz Anchura de la Placa 330 mm Velocidad M\u00e1x. 30 m\/Min Longitud de la Placa 450&nbsp;mm Inclinaci\u00f3n M\u00e1x.&nbsp;40% Motor Honda GX120 de Gasolina Verde Dimensiones (cerrada) 720x320x850&nbsp;mm Potencia del Motor 2,6 Kw\/3,5 Cv Dep\u00f3sito del Agua [&hellip;]<\/p>\n","protected":false},"author":29,"featured_media":24681,"parent":33188,"menu_order":2,"comment_status":"closed","ping_status":"closed","template":"","meta":{"ngg_post_thumbnail":0,"_joinchat":[],"footnotes":""},"class_list":["post-8395","page","type-page","status-publish","has-post-thumbnail","hentry"],"yoast_head":"<!-- This site is optimized with the Yoast SEO plugin v25.5 - https:\/\/yoast.com\/wordpress\/plugins\/seo\/ -->\n<title>Vibramax 60\/12 - Maxima SpA<\/title>\n<meta name=\"description\" content=\"Vibramax 60\/12 m\u00e1quina compactadora para asfalto guijarros piedras arena grava\" \/>\n<meta name=\"robots\" content=\"index, follow, max-snippet:-1, max-image-preview:large, max-video-preview:-1\" \/>\n<link rel=\"canonical\" href=\"https:\/\/www.maxima-dia.com\/es\/maquinas-para-la-compactacion\/vibramax-60-12\/\" \/>\n<meta property=\"og:locale\" content=\"es_ES\" \/>\n<meta property=\"og:type\" content=\"article\" \/>\n<meta property=\"og:title\" content=\"Vibramax 60\/12 - Maxima SpA\" \/>\n<meta property=\"og:description\" content=\"Vibramax 60\/12 m\u00e1quina compactadora para asfalto guijarros piedras arena grava\" \/>\n<meta property=\"og:url\" content=\"https:\/\/www.maxima-dia.com\/es\/maquinas-para-la-compactacion\/vibramax-60-12\/\" \/>\n<meta property=\"og:site_name\" content=\"Maxima SpA\" \/>\n<meta property=\"article:publisher\" content=\"https:\/\/www.facebook.com\/Maxima-spa-106098566139597\" \/>\n<meta property=\"article:modified_time\" content=\"2021-12-20T10:57:27+00:00\" \/>\n<meta property=\"og:image\" content=\"https:\/\/www.maxima-dia.com\/wp-content\/uploads\/2017\/02\/vibramax.jpg\" \/>\n\t<meta property=\"og:image:width\" content=\"1200\" \/>\n\t<meta property=\"og:image:height\" content=\"1200\" \/>\n\t<meta property=\"og:image:type\" content=\"image\/jpeg\" \/>\n<meta name=\"twitter:card\" content=\"summary_large_image\" \/>\n<meta name=\"twitter:site\" content=\"@Maximadia\" \/>\n<meta name=\"twitter:label1\" content=\"Tiempo de lectura\" \/>\n\t<meta name=\"twitter:data1\" content=\"2 minutos\" \/>\n<script type=\"application\/ld+json\" class=\"yoast-schema-graph\">{\"@context\":\"https:\/\/schema.org\",\"@graph\":[{\"@type\":\"WebPage\",\"@id\":\"https:\/\/www.maxima-dia.com\/es\/maquinas-para-la-compactacion\/vibramax-60-12\/\",\"url\":\"https:\/\/www.maxima-dia.com\/es\/maquinas-para-la-compactacion\/vibramax-60-12\/\",\"name\":\"Vibramax 60\/12 - Maxima SpA\",\"isPartOf\":{\"@id\":\"https:\/\/www.maxima-dia.com\/es\/#website\"},\"primaryImageOfPage\":{\"@id\":\"https:\/\/www.maxima-dia.com\/es\/maquinas-para-la-compactacion\/vibramax-60-12\/#primaryimage\"},\"image\":{\"@id\":\"https:\/\/www.maxima-dia.com\/es\/maquinas-para-la-compactacion\/vibramax-60-12\/#primaryimage\"},\"thumbnailUrl\":\"https:\/\/www.maxima-dia.com\/wp-content\/uploads\/2017\/02\/vibramax.jpg\",\"datePublished\":\"2014-05-15T15:58:55+00:00\",\"dateModified\":\"2021-12-20T10:57:27+00:00\",\"description\":\"Vibramax 60\/12 m\u00e1quina compactadora para asfalto guijarros piedras arena grava\",\"breadcrumb\":{\"@id\":\"https:\/\/www.maxima-dia.com\/es\/maquinas-para-la-compactacion\/vibramax-60-12\/#breadcrumb\"},\"inLanguage\":\"es\",\"potentialAction\":[{\"@type\":\"ReadAction\",\"target\":[\"https:\/\/www.maxima-dia.com\/es\/maquinas-para-la-compactacion\/vibramax-60-12\/\"]}]},{\"@type\":\"ImageObject\",\"inLanguage\":\"es\",\"@id\":\"https:\/\/www.maxima-dia.com\/es\/maquinas-para-la-compactacion\/vibramax-60-12\/#primaryimage\",\"url\":\"https:\/\/www.maxima-dia.com\/wp-content\/uploads\/2017\/02\/vibramax.jpg\",\"contentUrl\":\"https:\/\/www.maxima-dia.com\/wp-content\/uploads\/2017\/02\/vibramax.jpg\",\"width\":1200,\"height\":1200},{\"@type\":\"BreadcrumbList\",\"@id\":\"https:\/\/www.maxima-dia.com\/es\/maquinas-para-la-compactacion\/vibramax-60-12\/#breadcrumb\",\"itemListElement\":[{\"@type\":\"ListItem\",\"position\":1,\"name\":\"Home\",\"item\":\"https:\/\/www.maxima-dia.com\/es\/\"},{\"@type\":\"ListItem\",\"position\":2,\"name\":\"M\u00e1quinas para la compactaci\u00f3n\",\"item\":\"https:\/\/www.maxima-dia.com\/es\/maquinas-para-la-compactacion\/\"},{\"@type\":\"ListItem\",\"position\":3,\"name\":\"Vibramax 60\/12\"}]},{\"@type\":\"WebSite\",\"@id\":\"https:\/\/www.maxima-dia.com\/es\/#website\",\"url\":\"https:\/\/www.maxima-dia.com\/es\/\",\"name\":\"Maxima SpA\",\"description\":\"Only for the real professionals\",\"potentialAction\":[{\"@type\":\"SearchAction\",\"target\":{\"@type\":\"EntryPoint\",\"urlTemplate\":\"https:\/\/www.maxima-dia.com\/es\/?s={search_term_string}\"},\"query-input\":{\"@type\":\"PropertyValueSpecification\",\"valueRequired\":true,\"valueName\":\"search_term_string\"}}],\"inLanguage\":\"es\"}]}<\/script>\n<!-- \/ Yoast SEO plugin. -->","yoast_head_json":{"title":"Vibramax 60\/12 - Maxima SpA","description":"Vibramax 60\/12 m\u00e1quina compactadora para asfalto guijarros piedras arena grava","robots":{"index":"index","follow":"follow","max-snippet":"max-snippet:-1","max-image-preview":"max-image-preview:large","max-video-preview":"max-video-preview:-1"},"canonical":"https:\/\/www.maxima-dia.com\/es\/maquinas-para-la-compactacion\/vibramax-60-12\/","og_locale":"es_ES","og_type":"article","og_title":"Vibramax 60\/12 - Maxima SpA","og_description":"Vibramax 60\/12 m\u00e1quina compactadora para asfalto guijarros piedras arena grava","og_url":"https:\/\/www.maxima-dia.com\/es\/maquinas-para-la-compactacion\/vibramax-60-12\/","og_site_name":"Maxima SpA","article_publisher":"https:\/\/www.facebook.com\/Maxima-spa-106098566139597","article_modified_time":"2021-12-20T10:57:27+00:00","og_image":[{"width":1200,"height":1200,"url":"https:\/\/www.maxima-dia.com\/wp-content\/uploads\/2017\/02\/vibramax.jpg","type":"image\/jpeg"}],"twitter_card":"summary_large_image","twitter_site":"@Maximadia","twitter_misc":{"Tiempo de lectura":"2 minutos"},"schema":{"@context":"https:\/\/schema.org","@graph":[{"@type":"WebPage","@id":"https:\/\/www.maxima-dia.com\/es\/maquinas-para-la-compactacion\/vibramax-60-12\/","url":"https:\/\/www.maxima-dia.com\/es\/maquinas-para-la-compactacion\/vibramax-60-12\/","name":"Vibramax 60\/12 - Maxima SpA","isPartOf":{"@id":"https:\/\/www.maxima-dia.com\/es\/#website"},"primaryImageOfPage":{"@id":"https:\/\/www.maxima-dia.com\/es\/maquinas-para-la-compactacion\/vibramax-60-12\/#primaryimage"},"image":{"@id":"https:\/\/www.maxima-dia.com\/es\/maquinas-para-la-compactacion\/vibramax-60-12\/#primaryimage"},"thumbnailUrl":"https:\/\/www.maxima-dia.com\/wp-content\/uploads\/2017\/02\/vibramax.jpg","datePublished":"2014-05-15T15:58:55+00:00","dateModified":"2021-12-20T10:57:27+00:00","description":"Vibramax 60\/12 m\u00e1quina compactadora para asfalto guijarros piedras arena grava","breadcrumb":{"@id":"https:\/\/www.maxima-dia.com\/es\/maquinas-para-la-compactacion\/vibramax-60-12\/#breadcrumb"},"inLanguage":"es","potentialAction":[{"@type":"ReadAction","target":["https:\/\/www.maxima-dia.com\/es\/maquinas-para-la-compactacion\/vibramax-60-12\/"]}]},{"@type":"ImageObject","inLanguage":"es","@id":"https:\/\/www.maxima-dia.com\/es\/maquinas-para-la-compactacion\/vibramax-60-12\/#primaryimage","url":"https:\/\/www.maxima-dia.com\/wp-content\/uploads\/2017\/02\/vibramax.jpg","contentUrl":"https:\/\/www.maxima-dia.com\/wp-content\/uploads\/2017\/02\/vibramax.jpg","width":1200,"height":1200},{"@type":"BreadcrumbList","@id":"https:\/\/www.maxima-dia.com\/es\/maquinas-para-la-compactacion\/vibramax-60-12\/#breadcrumb","itemListElement":[{"@type":"ListItem","position":1,"name":"Home","item":"https:\/\/www.maxima-dia.com\/es\/"},{"@type":"ListItem","position":2,"name":"M\u00e1quinas para la compactaci\u00f3n","item":"https:\/\/www.maxima-dia.com\/es\/maquinas-para-la-compactacion\/"},{"@type":"ListItem","position":3,"name":"Vibramax 60\/12"}]},{"@type":"WebSite","@id":"https:\/\/www.maxima-dia.com\/es\/#website","url":"https:\/\/www.maxima-dia.com\/es\/","name":"Maxima SpA","description":"Only for the real professionals","potentialAction":[{"@type":"SearchAction","target":{"@type":"EntryPoint","urlTemplate":"https:\/\/www.maxima-dia.com\/es\/?s={search_term_string}"},"query-input":{"@type":"PropertyValueSpecification","valueRequired":true,"valueName":"search_term_string"}}],"inLanguage":"es"}]}},"_links":{"self":[{"href":"https:\/\/www.maxima-dia.com\/es\/wp-json\/wp\/v2\/pages\/8395"}],"collection":[{"href":"https:\/\/www.maxima-dia.com\/es\/wp-json\/wp\/v2\/pages"}],"about":[{"href":"https:\/\/www.maxima-dia.com\/es\/wp-json\/wp\/v2\/types\/page"}],"author":[{"embeddable":true,"href":"https:\/\/www.maxima-dia.com\/es\/wp-json\/wp\/v2\/users\/29"}],"replies":[{"embeddable":true,"href":"https:\/\/www.maxima-dia.com\/es\/wp-json\/wp\/v2\/comments?post=8395"}],"version-history":[{"count":0,"href":"https:\/\/www.maxima-dia.com\/es\/wp-json\/wp\/v2\/pages\/8395\/revisions"}],"up":[{"embeddable":true,"href":"https:\/\/www.maxima-dia.com\/es\/wp-json\/wp\/v2\/pages\/33188"}],"wp:featuredmedia":[{"embeddable":true,"href":"https:\/\/www.maxima-dia.com\/es\/wp-json\/wp\/v2\/media\/24681"}],"wp:attachment":[{"href":"https:\/\/www.maxima-dia.com\/es\/wp-json\/wp\/v2\/media?parent=8395"}],"curies":[{"name":"wp","href":"https:\/\/api.w.org\/{rel}","templated":true}]}}