{"id":8415,"date":"2014-05-16T09:32:27","date_gmt":"2014-05-16T07:32:27","guid":{"rendered":"http:\/\/www.maxima-dia.com\/?post_type=products&#038;p=8415"},"modified":"2021-12-20T11:57:35","modified_gmt":"2021-12-20T10:57:35","slug":"vibramax-95-18","status":"publish","type":"page","link":"https:\/\/www.maxima-dia.com\/es\/maquinas-para-la-compactacion\/vibramax-95-18\/","title":{"rendered":"Vibramax 95\/18"},"content":{"rendered":"<div class=\"wpb-content-wrapper\"><p>[vc_row][vc_column text_align=\u00bbcenter\u00bb width=\u00bb1\/4&#8243;][vc_column_text]<a href=\"\/wp-content\/uploads\/2017\/02\/vibramax-95-18.jpg\"><img loading=\"lazy\" decoding=\"async\" class=\"alignnone size-thumbnail wp-image-13925\" src=\"\/wp-content\/uploads\/2017\/02\/vibramax-95-18-150x150.jpg\" alt=\"VIBRAMAX 95\/18\" width=\"150\" height=\"150\" srcset=\"https:\/\/www.maxima-dia.com\/wp-content\/uploads\/2017\/02\/vibramax-95-18-150x150.jpg 150w, https:\/\/www.maxima-dia.com\/wp-content\/uploads\/2017\/02\/vibramax-95-18-300x300.jpg 300w, https:\/\/www.maxima-dia.com\/wp-content\/uploads\/2017\/02\/vibramax-95-18-768x768.jpg 768w, https:\/\/www.maxima-dia.com\/wp-content\/uploads\/2017\/02\/vibramax-95-18-1024x1024.jpg 1024w, https:\/\/www.maxima-dia.com\/wp-content\/uploads\/2017\/02\/vibramax-95-18-80x80.jpg 80w, https:\/\/www.maxima-dia.com\/wp-content\/uploads\/2017\/02\/vibramax-95-18-500x500.jpg 500w, https:\/\/www.maxima-dia.com\/wp-content\/uploads\/2017\/02\/vibramax-95-18-1000x1000.jpg 1000w, https:\/\/www.maxima-dia.com\/wp-content\/uploads\/2017\/02\/vibramax-95-18.jpg 1200w\" sizes=\"(max-width: 150px) 100vw, 150px\" \/><\/a><\/p>\n<p>construida en la Uni\u00f3n Europea &nbsp;<img loading=\"lazy\" decoding=\"async\" src=\"\/wp-content\/uploads\/2013\/11\/eu.png\" alt=\"eu\" width=\"24\" height=\"16\"> &#8211; certificada <span style=\"font-family: arial,helvetica,sans-serif;\">CE<\/span>[\/vc_column_text][vc_column_text css_animation=\u00bbslideInDown\u00bb el_class=\u00bbhidebuybutton\u00bb]<a href=\"https:\/\/www.storemaxima.com\/es\/maquinas-de-corte-para-la-construccion\/67-vibramax-95-18.html\" target=\"_blank\" rel=\"noopener\"><img loading=\"lazy\" decoding=\"async\" class=\"alignnone\" title=\"Comprar en www.storemaxima.com\" src=\"https:\/\/www.maxima-dia.com\/wp-content\/uploads\/2019\/12\/pulsante-acquista-storemaxima.com-es.svg\" alt=\"Comprar en www.storemaxima.com\" width=\"180\" height=\"80\"><\/a>[\/vc_column_text][\/vc_column][vc_column width=\u00bb3\/4&#8243;][vc_column_text]Las dimensiones y especificaciones t\u00e9cnicas sit\u00faan a esta m\u00e1quina en el centro de la gama de compactadoras y, de hecho, la <strong>Vibramax 95\/18<\/strong> es un producto que puede hacer que todos est\u00e9n de acuerdo: su gran fuerza centr\u00edfuga, las dimensiones del plato y su peso la hacen adecuada tanto para uso intensivo como ocasional, incluso para alquiler. Ideal para aquellos que usan frecuentemente la placa vibratoria sobre asfaltos, gravas, cangilones o material compactado. La m\u00e1quina se suministra con ruedas para el transporte y un contador de horas, una herramienta especialmente \u00fatil para quien la alquila o simplemente para aquel que desea supervisar los intervalos de mantenimiento. Dispone de un gancho para su elevaci\u00f3n, de una barra de protecci\u00f3n contra los golpes y de una palanca para el gas. La base de la placa es de acero de alta resistencia y tiene una garant\u00eda de 6 a\u00f1os.<\/p>\n<table class=\"tabellafotocarotaggio\" style=\"width: 100%;\">\n<tbody>\n<tr>\n<td style=\"width: 50%; text-align: center;\"><a href=\"\/wp-content\/uploads\/2017\/02\/vibramax-95-18-f1.jpg\"><img loading=\"lazy\" decoding=\"async\" class=\"alignnone wp-image-13923 size-thumbnail\" src=\"\/wp-content\/uploads\/2017\/02\/vibramax-95-18-f1-150x150.jpg\" width=\"150\" height=\"150\" srcset=\"https:\/\/www.maxima-dia.com\/wp-content\/uploads\/2017\/02\/vibramax-95-18-f1-150x150.jpg 150w, https:\/\/www.maxima-dia.com\/wp-content\/uploads\/2017\/02\/vibramax-95-18-f1-80x80.jpg 80w, https:\/\/www.maxima-dia.com\/wp-content\/uploads\/2017\/02\/vibramax-95-18-f1-500x500.jpg 500w\" sizes=\"(max-width: 150px) 100vw, 150px\" \/><\/a><\/td>\n<td style=\"width: 50%; text-align: center;\"><a href=\"\/wp-content\/uploads\/2017\/02\/vibramax-95-18-f2.jpg\"><img loading=\"lazy\" decoding=\"async\" class=\"alignnone wp-image-13924 size-thumbnail\" src=\"\/wp-content\/uploads\/2017\/02\/vibramax-95-18-f2-150x150.jpg\" width=\"150\" height=\"150\" srcset=\"https:\/\/www.maxima-dia.com\/wp-content\/uploads\/2017\/02\/vibramax-95-18-f2-150x150.jpg 150w, https:\/\/www.maxima-dia.com\/wp-content\/uploads\/2017\/02\/vibramax-95-18-f2-80x80.jpg 80w, https:\/\/www.maxima-dia.com\/wp-content\/uploads\/2017\/02\/vibramax-95-18-f2-500x500.jpg 500w\" sizes=\"(max-width: 150px) 100vw, 150px\" \/><\/a><\/td>\n<\/tr>\n<\/tbody>\n<\/table>\n<p>&nbsp;<\/p>\n<table class=\"tabellatecnica\" style=\"width: 100%;\" border=\"0\" cellspacing=\"0\" cellpadding=\"0\">\n<thead>\n<tr>\n<td class=\"testata\" colspan=\"2\">CARACTER\u00cdSTICA T\u00c9CNICAS<\/td>\n<\/tr>\n<\/thead>\n<tbody>\n<tr>\n<td class=\"coltesto1\" style=\"width: 50%;\">Fuerza Centr\u00edfuga&nbsp;18 Kn<\/td>\n<td class=\"coltesto2\" style=\"width: 50%;\">Frecuencia&nbsp;100 Hz<\/td>\n<\/tr>\n<tr>\n<td class=\"coltesto1\" style=\"width: 50%;\">Anchura de la Placa&nbsp;500 mm<\/td>\n<td class=\"coltesto2\" style=\"width: 50%;\">Velocidad M\u00e1x.&nbsp;25 Mt\/Min<\/td>\n<\/tr>\n<tr>\n<td class=\"coltesto1\" style=\"width: 50%;\">Longitud de la Placa&nbsp;580 mm<\/td>\n<td class=\"coltesto2\" style=\"width: 50%;\">Inclinaci\u00f3n M\u00e1x.&nbsp;30%<\/td>\n<\/tr>\n<tr>\n<td class=\"coltesto2\" style=\"width: 50%;\">Motor Honda GX160 K1 de Gasolina Verde<\/td>\n<td class=\"coltesto2\" style=\"width: 50%;\">Dimensiones (cerrada)&nbsp;500x580x765 mm&nbsp;(910 abierta)<\/td>\n<\/tr>\n<tr>\n<td class=\"coltesto2\" style=\"width: 50%;\">Potencia del Motor&nbsp;4,0 Kw\/ 5,5 CV<\/td>\n<td class=\"coltesto2\" style=\"width: 50%;\">Dep\u00f3sito del Agua Incluido<\/td>\n<\/tr>\n<tr>\n<td class=\"coltesto2\" style=\"width: 50%;\">Revoluciones Motor&nbsp;3600 Giri\/Min<\/td>\n<td class=\"coltesto2\" style=\"width: 50%;\">Kit Ruedas Incluido<\/td>\n<\/tr>\n<tr>\n<td class=\"coltesto2\" style=\"width: 50%;\">Presi\u00f3n Est\u00e1tica de Superficie&nbsp;0,067 Kg\/cm2<\/td>\n<td class=\"coltesto2\" style=\"width: 50%;\">Peso 95 Kg<\/td>\n<\/tr>\n<\/tbody>\n<\/table>\n<p>[\/vc_column_text][\/vc_column][\/vc_row]<\/p>\n<\/div>","protected":false},"excerpt":{"rendered":"<p>[vc_row][vc_column text_align=\u00bbcenter\u00bb width=\u00bb1\/4&#8243;][vc_column_text] construida en la Uni\u00f3n Europea &nbsp; &#8211; certificada CE[\/vc_column_text][vc_column_text css_animation=\u00bbslideInDown\u00bb el_class=\u00bbhidebuybutton\u00bb][\/vc_column_text][\/vc_column][vc_column width=\u00bb3\/4&#8243;][vc_column_text]Las dimensiones y especificaciones t\u00e9cnicas sit\u00faan a esta m\u00e1quina en el centro de la gama de compactadoras y, de hecho, la Vibramax 95\/18 es un producto que puede hacer que todos est\u00e9n de acuerdo: su gran fuerza centr\u00edfuga, las dimensiones del plato y su peso la hacen adecuada tanto para uso intensivo como ocasional, incluso para alquiler. Ideal para aquellos que usan frecuentemente la placa vibratoria sobre asfaltos, gravas, cangilones o material compactado. La m\u00e1quina se suministra con ruedas para el transporte y un contador de horas, una herramienta especialmente \u00fatil para quien la alquila o simplemente para aquel que desea supervisar los intervalos de mantenimiento. Dispone de un gancho para su elevaci\u00f3n, de una barra de protecci\u00f3n contra los golpes y de una palanca para el gas. La base de la placa es de acero de alta resistencia y tiene una garant\u00eda de 6 a\u00f1os. &nbsp; CARACTER\u00cdSTICA T\u00c9CNICAS Fuerza Centr\u00edfuga&nbsp;18 Kn Frecuencia&nbsp;100 Hz Anchura de la Placa&nbsp;500 mm Velocidad M\u00e1x.&nbsp;25 Mt\/Min Longitud de la Placa&nbsp;580 mm Inclinaci\u00f3n M\u00e1x.&nbsp;30% Motor Honda GX160 K1 de Gasolina Verde Dimensiones (cerrada)&nbsp;500x580x765 mm&nbsp;(910 abierta) Potencia del Motor&nbsp;4,0 Kw\/ 5,5 CV [&hellip;]<\/p>\n","protected":false},"author":29,"featured_media":24689,"parent":33188,"menu_order":3,"comment_status":"closed","ping_status":"closed","template":"","meta":{"ngg_post_thumbnail":0,"_joinchat":[],"footnotes":""},"class_list":["post-8415","page","type-page","status-publish","has-post-thumbnail","hentry"],"yoast_head":"<!-- This site is optimized with the Yoast SEO plugin v25.5 - https:\/\/yoast.com\/wordpress\/plugins\/seo\/ -->\n<title>Vibramax 95\/18 - Maxima SpA<\/title>\n<meta name=\"description\" content=\"Vibramax 95\/18 m\u00e1quina compactadora para asfalto guijarros piedras arena grava\" \/>\n<meta name=\"robots\" content=\"index, follow, max-snippet:-1, max-image-preview:large, max-video-preview:-1\" \/>\n<link rel=\"canonical\" href=\"https:\/\/www.maxima-dia.com\/es\/maquinas-para-la-compactacion\/vibramax-95-18\/\" \/>\n<meta property=\"og:locale\" content=\"es_ES\" \/>\n<meta property=\"og:type\" content=\"article\" \/>\n<meta property=\"og:title\" content=\"Vibramax 95\/18 - Maxima SpA\" \/>\n<meta property=\"og:description\" content=\"Vibramax 95\/18 m\u00e1quina compactadora para asfalto guijarros piedras arena grava\" \/>\n<meta property=\"og:url\" content=\"https:\/\/www.maxima-dia.com\/es\/maquinas-para-la-compactacion\/vibramax-95-18\/\" \/>\n<meta property=\"og:site_name\" content=\"Maxima SpA\" \/>\n<meta property=\"article:publisher\" content=\"https:\/\/www.facebook.com\/Maxima-spa-106098566139597\" \/>\n<meta property=\"article:modified_time\" content=\"2021-12-20T10:57:35+00:00\" \/>\n<meta property=\"og:image\" content=\"https:\/\/www.maxima-dia.com\/wp-content\/uploads\/2017\/02\/vibramax-95-18.jpg\" \/>\n\t<meta property=\"og:image:width\" content=\"1200\" \/>\n\t<meta property=\"og:image:height\" content=\"1200\" \/>\n\t<meta property=\"og:image:type\" content=\"image\/jpeg\" \/>\n<meta name=\"twitter:card\" content=\"summary_large_image\" \/>\n<meta name=\"twitter:site\" content=\"@Maximadia\" \/>\n<meta name=\"twitter:label1\" content=\"Tiempo de lectura\" \/>\n\t<meta name=\"twitter:data1\" content=\"2 minutos\" \/>\n<script type=\"application\/ld+json\" class=\"yoast-schema-graph\">{\"@context\":\"https:\/\/schema.org\",\"@graph\":[{\"@type\":\"WebPage\",\"@id\":\"https:\/\/www.maxima-dia.com\/es\/maquinas-para-la-compactacion\/vibramax-95-18\/\",\"url\":\"https:\/\/www.maxima-dia.com\/es\/maquinas-para-la-compactacion\/vibramax-95-18\/\",\"name\":\"Vibramax 95\/18 - Maxima SpA\",\"isPartOf\":{\"@id\":\"https:\/\/www.maxima-dia.com\/es\/#website\"},\"primaryImageOfPage\":{\"@id\":\"https:\/\/www.maxima-dia.com\/es\/maquinas-para-la-compactacion\/vibramax-95-18\/#primaryimage\"},\"image\":{\"@id\":\"https:\/\/www.maxima-dia.com\/es\/maquinas-para-la-compactacion\/vibramax-95-18\/#primaryimage\"},\"thumbnailUrl\":\"https:\/\/www.maxima-dia.com\/wp-content\/uploads\/2017\/02\/vibramax-95-18.jpg\",\"datePublished\":\"2014-05-16T07:32:27+00:00\",\"dateModified\":\"2021-12-20T10:57:35+00:00\",\"description\":\"Vibramax 95\/18 m\u00e1quina compactadora para asfalto guijarros piedras arena grava\",\"breadcrumb\":{\"@id\":\"https:\/\/www.maxima-dia.com\/es\/maquinas-para-la-compactacion\/vibramax-95-18\/#breadcrumb\"},\"inLanguage\":\"es\",\"potentialAction\":[{\"@type\":\"ReadAction\",\"target\":[\"https:\/\/www.maxima-dia.com\/es\/maquinas-para-la-compactacion\/vibramax-95-18\/\"]}]},{\"@type\":\"ImageObject\",\"inLanguage\":\"es\",\"@id\":\"https:\/\/www.maxima-dia.com\/es\/maquinas-para-la-compactacion\/vibramax-95-18\/#primaryimage\",\"url\":\"https:\/\/www.maxima-dia.com\/wp-content\/uploads\/2017\/02\/vibramax-95-18.jpg\",\"contentUrl\":\"https:\/\/www.maxima-dia.com\/wp-content\/uploads\/2017\/02\/vibramax-95-18.jpg\",\"width\":1200,\"height\":1200},{\"@type\":\"BreadcrumbList\",\"@id\":\"https:\/\/www.maxima-dia.com\/es\/maquinas-para-la-compactacion\/vibramax-95-18\/#breadcrumb\",\"itemListElement\":[{\"@type\":\"ListItem\",\"position\":1,\"name\":\"Home\",\"item\":\"https:\/\/www.maxima-dia.com\/es\/\"},{\"@type\":\"ListItem\",\"position\":2,\"name\":\"M\u00e1quinas para la compactaci\u00f3n\",\"item\":\"https:\/\/www.maxima-dia.com\/es\/maquinas-para-la-compactacion\/\"},{\"@type\":\"ListItem\",\"position\":3,\"name\":\"Vibramax 95\/18\"}]},{\"@type\":\"WebSite\",\"@id\":\"https:\/\/www.maxima-dia.com\/es\/#website\",\"url\":\"https:\/\/www.maxima-dia.com\/es\/\",\"name\":\"Maxima SpA\",\"description\":\"Only for the real professionals\",\"potentialAction\":[{\"@type\":\"SearchAction\",\"target\":{\"@type\":\"EntryPoint\",\"urlTemplate\":\"https:\/\/www.maxima-dia.com\/es\/?s={search_term_string}\"},\"query-input\":{\"@type\":\"PropertyValueSpecification\",\"valueRequired\":true,\"valueName\":\"search_term_string\"}}],\"inLanguage\":\"es\"}]}<\/script>\n<!-- \/ Yoast SEO plugin. -->","yoast_head_json":{"title":"Vibramax 95\/18 - Maxima SpA","description":"Vibramax 95\/18 m\u00e1quina compactadora para asfalto guijarros piedras arena grava","robots":{"index":"index","follow":"follow","max-snippet":"max-snippet:-1","max-image-preview":"max-image-preview:large","max-video-preview":"max-video-preview:-1"},"canonical":"https:\/\/www.maxima-dia.com\/es\/maquinas-para-la-compactacion\/vibramax-95-18\/","og_locale":"es_ES","og_type":"article","og_title":"Vibramax 95\/18 - Maxima SpA","og_description":"Vibramax 95\/18 m\u00e1quina compactadora para asfalto guijarros piedras arena grava","og_url":"https:\/\/www.maxima-dia.com\/es\/maquinas-para-la-compactacion\/vibramax-95-18\/","og_site_name":"Maxima SpA","article_publisher":"https:\/\/www.facebook.com\/Maxima-spa-106098566139597","article_modified_time":"2021-12-20T10:57:35+00:00","og_image":[{"width":1200,"height":1200,"url":"https:\/\/www.maxima-dia.com\/wp-content\/uploads\/2017\/02\/vibramax-95-18.jpg","type":"image\/jpeg"}],"twitter_card":"summary_large_image","twitter_site":"@Maximadia","twitter_misc":{"Tiempo de lectura":"2 minutos"},"schema":{"@context":"https:\/\/schema.org","@graph":[{"@type":"WebPage","@id":"https:\/\/www.maxima-dia.com\/es\/maquinas-para-la-compactacion\/vibramax-95-18\/","url":"https:\/\/www.maxima-dia.com\/es\/maquinas-para-la-compactacion\/vibramax-95-18\/","name":"Vibramax 95\/18 - Maxima SpA","isPartOf":{"@id":"https:\/\/www.maxima-dia.com\/es\/#website"},"primaryImageOfPage":{"@id":"https:\/\/www.maxima-dia.com\/es\/maquinas-para-la-compactacion\/vibramax-95-18\/#primaryimage"},"image":{"@id":"https:\/\/www.maxima-dia.com\/es\/maquinas-para-la-compactacion\/vibramax-95-18\/#primaryimage"},"thumbnailUrl":"https:\/\/www.maxima-dia.com\/wp-content\/uploads\/2017\/02\/vibramax-95-18.jpg","datePublished":"2014-05-16T07:32:27+00:00","dateModified":"2021-12-20T10:57:35+00:00","description":"Vibramax 95\/18 m\u00e1quina compactadora para asfalto guijarros piedras arena grava","breadcrumb":{"@id":"https:\/\/www.maxima-dia.com\/es\/maquinas-para-la-compactacion\/vibramax-95-18\/#breadcrumb"},"inLanguage":"es","potentialAction":[{"@type":"ReadAction","target":["https:\/\/www.maxima-dia.com\/es\/maquinas-para-la-compactacion\/vibramax-95-18\/"]}]},{"@type":"ImageObject","inLanguage":"es","@id":"https:\/\/www.maxima-dia.com\/es\/maquinas-para-la-compactacion\/vibramax-95-18\/#primaryimage","url":"https:\/\/www.maxima-dia.com\/wp-content\/uploads\/2017\/02\/vibramax-95-18.jpg","contentUrl":"https:\/\/www.maxima-dia.com\/wp-content\/uploads\/2017\/02\/vibramax-95-18.jpg","width":1200,"height":1200},{"@type":"BreadcrumbList","@id":"https:\/\/www.maxima-dia.com\/es\/maquinas-para-la-compactacion\/vibramax-95-18\/#breadcrumb","itemListElement":[{"@type":"ListItem","position":1,"name":"Home","item":"https:\/\/www.maxima-dia.com\/es\/"},{"@type":"ListItem","position":2,"name":"M\u00e1quinas para la compactaci\u00f3n","item":"https:\/\/www.maxima-dia.com\/es\/maquinas-para-la-compactacion\/"},{"@type":"ListItem","position":3,"name":"Vibramax 95\/18"}]},{"@type":"WebSite","@id":"https:\/\/www.maxima-dia.com\/es\/#website","url":"https:\/\/www.maxima-dia.com\/es\/","name":"Maxima SpA","description":"Only for the real professionals","potentialAction":[{"@type":"SearchAction","target":{"@type":"EntryPoint","urlTemplate":"https:\/\/www.maxima-dia.com\/es\/?s={search_term_string}"},"query-input":{"@type":"PropertyValueSpecification","valueRequired":true,"valueName":"search_term_string"}}],"inLanguage":"es"}]}},"_links":{"self":[{"href":"https:\/\/www.maxima-dia.com\/es\/wp-json\/wp\/v2\/pages\/8415"}],"collection":[{"href":"https:\/\/www.maxima-dia.com\/es\/wp-json\/wp\/v2\/pages"}],"about":[{"href":"https:\/\/www.maxima-dia.com\/es\/wp-json\/wp\/v2\/types\/page"}],"author":[{"embeddable":true,"href":"https:\/\/www.maxima-dia.com\/es\/wp-json\/wp\/v2\/users\/29"}],"replies":[{"embeddable":true,"href":"https:\/\/www.maxima-dia.com\/es\/wp-json\/wp\/v2\/comments?post=8415"}],"version-history":[{"count":0,"href":"https:\/\/www.maxima-dia.com\/es\/wp-json\/wp\/v2\/pages\/8415\/revisions"}],"up":[{"embeddable":true,"href":"https:\/\/www.maxima-dia.com\/es\/wp-json\/wp\/v2\/pages\/33188"}],"wp:featuredmedia":[{"embeddable":true,"href":"https:\/\/www.maxima-dia.com\/es\/wp-json\/wp\/v2\/media\/24689"}],"wp:attachment":[{"href":"https:\/\/www.maxima-dia.com\/es\/wp-json\/wp\/v2\/media?parent=8415"}],"curies":[{"name":"wp","href":"https:\/\/api.w.org\/{rel}","templated":true}]}}