{"id":8471,"date":"2014-05-16T15:11:31","date_gmt":"2014-05-16T13:11:31","guid":{"rendered":"http:\/\/www.maxima-dia.com\/?post_type=products&#038;p=8471"},"modified":"2021-07-26T11:44:12","modified_gmt":"2021-07-26T09:44:12","slug":"broca-de-diamante-oro-gres","status":"publish","type":"page","link":"https:\/\/www.maxima-dia.com\/es\/brocas-de-diamante-para-humedo\/broca-de-diamante-oro-gres\/","title":{"rendered":"Broca de Diamante Oro Gres"},"content":{"rendered":"<div class=\"wpb-content-wrapper\"><p>[vc_row][vc_column text_align=\u00bbcenter\u00bb width=\u00bb1\/4&#8243;][vc_column_text]<a href=\"\/wp-content\/uploads\/2017\/02\/foretto-oro-gres-2.jpg\" rel=\"g1\"><img loading=\"lazy\" decoding=\"async\" class=\"alignnone wp-image-13752 size-thumbnail\" src=\"\/wp-content\/uploads\/2017\/02\/foretto-oro-gres-2-150x150.jpg\" alt=\"FORETTO ORO GRES\" width=\"150\" height=\"150\" srcset=\"https:\/\/www.maxima-dia.com\/wp-content\/uploads\/2017\/02\/foretto-oro-gres-2-150x150.jpg 150w, https:\/\/www.maxima-dia.com\/wp-content\/uploads\/2017\/02\/foretto-oro-gres-2-300x300.jpg 300w, https:\/\/www.maxima-dia.com\/wp-content\/uploads\/2017\/02\/foretto-oro-gres-2-768x768.jpg 768w, https:\/\/www.maxima-dia.com\/wp-content\/uploads\/2017\/02\/foretto-oro-gres-2-1024x1024.jpg 1024w, https:\/\/www.maxima-dia.com\/wp-content\/uploads\/2017\/02\/foretto-oro-gres-2-80x80.jpg 80w, https:\/\/www.maxima-dia.com\/wp-content\/uploads\/2017\/02\/foretto-oro-gres-2-500x500.jpg 500w, https:\/\/www.maxima-dia.com\/wp-content\/uploads\/2017\/02\/foretto-oro-gres-2-1000x1000.jpg 1000w, https:\/\/www.maxima-dia.com\/wp-content\/uploads\/2017\/02\/foretto-oro-gres-2.jpg 1200w\" sizes=\"(max-width: 150px) 100vw, 150px\" \/><\/a><\/p>\n<p><a href=\"\/wp-content\/uploads\/2017\/02\/foretto-oro-gres-1.jpg\" rel=\"g1\"><img loading=\"lazy\" decoding=\"async\" class=\"alignnone wp-image-13751 size-thumbnail\" src=\"\/wp-content\/uploads\/2017\/02\/foretto-oro-gres-1-150x150.jpg\" alt=\"FORETTO ORO GRES\" width=\"150\" height=\"150\" srcset=\"https:\/\/www.maxima-dia.com\/wp-content\/uploads\/2017\/02\/foretto-oro-gres-1-150x150.jpg 150w, https:\/\/www.maxima-dia.com\/wp-content\/uploads\/2017\/02\/foretto-oro-gres-1-300x300.jpg 300w, https:\/\/www.maxima-dia.com\/wp-content\/uploads\/2017\/02\/foretto-oro-gres-1-768x768.jpg 768w, https:\/\/www.maxima-dia.com\/wp-content\/uploads\/2017\/02\/foretto-oro-gres-1-1024x1024.jpg 1024w, https:\/\/www.maxima-dia.com\/wp-content\/uploads\/2017\/02\/foretto-oro-gres-1-80x80.jpg 80w, https:\/\/www.maxima-dia.com\/wp-content\/uploads\/2017\/02\/foretto-oro-gres-1-500x500.jpg 500w, https:\/\/www.maxima-dia.com\/wp-content\/uploads\/2017\/02\/foretto-oro-gres-1-1000x1000.jpg 1000w, https:\/\/www.maxima-dia.com\/wp-content\/uploads\/2017\/02\/foretto-oro-gres-1.jpg 1200w\" sizes=\"(max-width: 150px) 100vw, 150px\" \/><\/a>[\/vc_column_text][vc_column_text css_animation=\u00bbslideInDown\u00bb el_class=\u00bbhidebuybutton\u00bb]<a href=\"https:\/\/www.storemaxima.com\/es\/brocas-de-diamante-para-humedo\/80-broca-oro-gres.html\" target=\"_blank\" rel=\"noopener\"><img loading=\"lazy\" decoding=\"async\" class=\"alignnone\" title=\"Comprar en www.storemaxima.com\" src=\"https:\/\/www.maxima-dia.com\/wp-content\/uploads\/2019\/12\/pulsante-acquista-storemaxima.com-es.svg\" alt=\"Comprar en www.storemaxima.com\" width=\"180\" height=\"80\"><\/a>[\/vc_column_text][\/vc_column][vc_column width=\u00bb3\/4&#8243;][vc_column_text]<strong>Para montar exclusivamente en Caromax 800.<\/strong><\/p>\n<p>La <strong>Broca Oro Gres<\/strong> ha sido desarrollada por los laboratorios de I+D de Maxima para trabajar a muy alta velocidad de rotaci\u00f3n y perforar con agua cualquier tipo de material de colocaci\u00f3n. El gres porcel\u00e1nico, la kerlite, el granito, el m\u00e1rmol, el ladrillo klinker y muchos otros materiales ya no son un problema y perforarlos ser\u00e1 realmente un juego de ni\u00f1os, sin peligro de grietas o roturas, incluso en las esquinas de las baldosas. <strong>Garantiza un n\u00famero muy elevado de perforaciones, incluso 500 perforaciones en gres porcel\u00e1nico.<\/strong> La longitud \u00fatil de la broca es de 60 mm.<\/p>\n<table class=\"tabellatecnica\" style=\"width: 80%;\" border=\"0\" cellspacing=\"0\" cellpadding=\"0\">\n<thead>\n<tr>\n<td class=\"testata\" colspan=\"2\">FICHA T\u00c9CNICA<\/td>\n<\/tr>\n<\/thead>\n<tbody>\n<tr>\n<td class=\"prima\">Cemento Curado \/ Ladrillos \/ Tejas<\/td>\n<td class=\"seconda\">&nbsp;<\/td>\n<\/tr>\n<tr>\n<td class=\"prima\">Hormig\u00f3n poco armado<\/td>\n<td class=\"seconda\">&nbsp;<\/td>\n<\/tr>\n<tr>\n<td class=\"prima\">Hormig\u00f3n muy armado<\/td>\n<td class=\"seconda\">&nbsp;<\/td>\n<\/tr>\n<tr>\n<td class=\"prima\">Granitos \/ Piedras naturales \/ P\u00f3rfidos<\/td>\n<td class=\"seconda\"><b class=\"txtred\">\u2605<\/b><b class=\"txtred\">\u2605<\/b><b class=\"txtred\">\u2605<\/b><b class=\"txtred\">\u2605<\/b><b class=\"txtred\">\u2605<\/b><\/td>\n<\/tr>\n<tr>\n<td class=\"prima\">M\u00e1rmoles<\/td>\n<td class=\"seconda\"><b class=\"txtred\">\u2605<\/b><b class=\"txtred\">\u2605<\/b><b class=\"txtred\">\u2605<\/b><b class=\"txtred\">\u2605<\/b><b class=\"txtred\">\u2605<\/b><\/td>\n<\/tr>\n<tr>\n<td class=\"prima\">Refractarios<\/td>\n<td class=\"seconda\">&nbsp;<\/td>\n<\/tr>\n<tr>\n<td class=\"prima\">Areniscas \/ Placas de gravilla lavada<\/td>\n<td class=\"seconda\">&nbsp;<\/td>\n<\/tr>\n<tr>\n<td class=\"prima\">Cer\u00e1mica cocida dos veces<\/td>\n<td class=\"seconda\"><b class=\"txtred\">\u2605<\/b><b class=\"txtred\">\u2605<\/b><b class=\"txtred\">\u2605<\/b><b class=\"txtred\">\u2605<\/b><b class=\"txtred\">\u2605<\/b><\/td>\n<\/tr>\n<tr>\n<td class=\"prima\">Cer\u00e1mica cocida una vez<\/td>\n<td class=\"seconda\"><b class=\"txtred\">\u2605<\/b><b class=\"txtred\">\u2605<\/b><b class=\"txtred\">\u2605<\/b><b class=\"txtred\">\u2605<\/b><b class=\"txtred\">\u2605<\/b><\/td>\n<\/tr>\n<tr>\n<td class=\"prima\">Gres porcel\u00e1nico \/ Klinker<\/td>\n<td class=\"seconda\"><b class=\"txtred\">\u2605<\/b><b class=\"txtred\">\u2605<\/b><b class=\"txtred\">\u2605<\/b><b class=\"txtred\">\u2605<\/b><b class=\"txtred\">\u2605<\/b><\/td>\n<\/tr>\n<tr>\n<td class=\"prima\">Vidrio mosaico<\/td>\n<td class=\"seconda\"><b class=\"txtred\">\u2605<\/b><b class=\"txtred\">\u2605<\/b><b class=\"txtred\">\u2605<\/b><b class=\"txtred\">\u2605<\/b><b class=\"txtred\">\u2605<\/b><\/td>\n<\/tr>\n<tr>\n<td class=\"prima\">Vidrio ladrillo<\/td>\n<td class=\"seconda\"><b class=\"txtred\">\u2605<\/b><b class=\"txtred\">\u2605<\/b><b class=\"txtred\">\u2605<\/b><b class=\"txtred\">\u2605<\/b><b class=\"txtred\">\u2605<\/b><\/td>\n<\/tr>\n<tr>\n<td class=\"intervallo\" colspan=\"2\">&nbsp;<\/td>\n<\/tr>\n<tr>\n<td class=\"prima\">Velocidad de corte<\/td>\n<td class=\"seconda\"><b class=\"txtred\">\u2605<\/b><b class=\"txtred\">\u2605<\/b><b class=\"txtred\">\u2605<\/b><b class=\"txtred\">\u2605<\/b><b class=\"txtred\">\u2605<\/b><\/td>\n<\/tr>\n<tr>\n<td class=\"prima\">Duraci\u00f3n promedio<\/td>\n<td class=\"seconda\"><b class=\"txtred\">\u2605<\/b><b class=\"txtred\">\u2605<\/b><b class=\"txtred\">\u2605<\/b><b class=\"txtred\">\u2605<\/b><b class=\"txtred\">\u2605<\/b><\/td>\n<\/tr>\n<tr>\n<td class=\"legenda\" colspan=\"2\"><strong>suficiente<\/strong>&nbsp;<b class=\"txtred\">\u2605<\/b>&nbsp;&nbsp;&nbsp;&nbsp;&nbsp;<strong>regular<\/strong>&nbsp;<b class=\"txtred\">\u2605<\/b><b class=\"txtred\">\u2605<\/b>&nbsp;&nbsp;&nbsp;&nbsp;&nbsp;<strong>bueno<\/strong>&nbsp;<b class=\"txtred\">\u2605<\/b><b class=\"txtred\">\u2605<\/b><b class=\"txtred\">\u2605<\/b>&nbsp;&nbsp;&nbsp;&nbsp;&nbsp;<strong>sobresaliente<\/strong>&nbsp;<b class=\"txtred\">\u2605<\/b><b class=\"txtred\">\u2605<\/b><b class=\"txtred\">\u2605<\/b><b class=\"txtred\">\u2605<\/b>&nbsp;&nbsp;&nbsp;&nbsp;&nbsp;<strong>super<\/strong>&nbsp;<b class=\"txtred\">\u2605<\/b><b class=\"txtred\">\u2605<\/b><b class=\"txtred\">\u2605<\/b><b class=\"txtred\">\u2605<\/b><b class=\"txtred\">\u2605<\/b><\/td>\n<\/tr>\n<\/tbody>\n<\/table>\n<p>&nbsp;<\/p>\n<table class=\"tabellatecnica\" style=\"width: 80%;\" border=\"0\" cellspacing=\"0\" cellpadding=\"0\">\n<thead>\n<tr>\n<td class=\"testata\"><strong>PUEDE UTILIZARSE EN LAS M\u00c1QUINAS SIGUIENTES<\/strong><\/td>\n<\/tr>\n<\/thead>\n<tbody>\n<tr>\n<td><img decoding=\"async\" class=\"alignleft\" src=\"\/wp-content\/uploads\/2013\/11\/s-m2.png\" alt=\"s-m2\" height=\"30\">6-8-10-12-14-16-18-20-22-24-25-28<br \/>\n30-32-35-38-40-42-45-50-55-60-65-68<\/td>\n<\/tr>\n<\/tbody>\n<\/table>\n<p>&nbsp;[\/vc_column_text][\/vc_column][\/vc_row]<\/p>\n<\/div>","protected":false},"excerpt":{"rendered":"<p>[vc_row][vc_column text_align=\u00bbcenter\u00bb width=\u00bb1\/4&#8243;][vc_column_text] [\/vc_column_text][vc_column_text css_animation=\u00bbslideInDown\u00bb el_class=\u00bbhidebuybutton\u00bb][\/vc_column_text][\/vc_column][vc_column width=\u00bb3\/4&#8243;][vc_column_text]Para montar exclusivamente en Caromax 800. La Broca Oro Gres ha sido desarrollada por los laboratorios de I+D de Maxima para trabajar a muy alta velocidad de rotaci\u00f3n y perforar con agua cualquier tipo de material de colocaci\u00f3n. El gres porcel\u00e1nico, la kerlite, el granito, el m\u00e1rmol, el ladrillo klinker y muchos otros materiales ya no son un problema y perforarlos ser\u00e1 realmente un juego de ni\u00f1os, sin peligro de grietas o roturas, incluso en las esquinas de las baldosas. Garantiza un n\u00famero muy elevado de perforaciones, incluso 500 perforaciones en gres porcel\u00e1nico. La longitud \u00fatil de la broca es de 60 mm. FICHA T\u00c9CNICA Cemento Curado \/ Ladrillos \/ Tejas &nbsp; Hormig\u00f3n poco armado &nbsp; Hormig\u00f3n muy armado &nbsp; Granitos \/ Piedras naturales \/ P\u00f3rfidos \u2605\u2605\u2605\u2605\u2605 M\u00e1rmoles \u2605\u2605\u2605\u2605\u2605 Refractarios &nbsp; Areniscas \/ Placas de gravilla lavada &nbsp; Cer\u00e1mica cocida dos veces \u2605\u2605\u2605\u2605\u2605 Cer\u00e1mica cocida una vez \u2605\u2605\u2605\u2605\u2605 Gres porcel\u00e1nico \/ Klinker \u2605\u2605\u2605\u2605\u2605 Vidrio mosaico \u2605\u2605\u2605\u2605\u2605 Vidrio ladrillo \u2605\u2605\u2605\u2605\u2605 &nbsp; Velocidad de corte \u2605\u2605\u2605\u2605\u2605 Duraci\u00f3n promedio \u2605\u2605\u2605\u2605\u2605 suficiente&nbsp;\u2605&nbsp;&nbsp;&nbsp;&nbsp;&nbsp;regular&nbsp;\u2605\u2605&nbsp;&nbsp;&nbsp;&nbsp;&nbsp;bueno&nbsp;\u2605\u2605\u2605&nbsp;&nbsp;&nbsp;&nbsp;&nbsp;sobresaliente&nbsp;\u2605\u2605\u2605\u2605&nbsp;&nbsp;&nbsp;&nbsp;&nbsp;super&nbsp;\u2605\u2605\u2605\u2605\u2605 &nbsp; PUEDE UTILIZARSE EN LAS M\u00c1QUINAS SIGUIENTES 6-8-10-12-14-16-18-20-22-24-25-28 30-32-35-38-40-42-45-50-55-60-65-68 &nbsp;[\/vc_column_text][\/vc_column][\/vc_row]<\/p>\n","protected":false},"author":29,"featured_media":24742,"parent":12457,"menu_order":1,"comment_status":"closed","ping_status":"closed","template":"","meta":{"ngg_post_thumbnail":0,"_joinchat":[],"footnotes":""},"class_list":["post-8471","page","type-page","status-publish","has-post-thumbnail","hentry"],"yoast_head":"<!-- This site is optimized with the Yoast SEO plugin v25.5 - https:\/\/yoast.com\/wordpress\/plugins\/seo\/ -->\n<title>Broca de Diamante Oro Gres - Maxima SpA<\/title>\n<meta name=\"robots\" content=\"index, follow, max-snippet:-1, max-image-preview:large, max-video-preview:-1\" \/>\n<link rel=\"canonical\" href=\"https:\/\/www.maxima-dia.com\/es\/brocas-de-diamante-para-humedo\/broca-de-diamante-oro-gres\/\" \/>\n<meta property=\"og:locale\" content=\"es_ES\" \/>\n<meta property=\"og:type\" content=\"article\" \/>\n<meta property=\"og:title\" content=\"Broca de Diamante Oro Gres - Maxima SpA\" \/>\n<meta property=\"og:description\" content=\"[vc_row][vc_column text_align=\u00bbcenter\u00bb width=\u00bb1\/4&#8243;][vc_column_text] [\/vc_column_text][vc_column_text css_animation=\u00bbslideInDown\u00bb el_class=\u00bbhidebuybutton\u00bb][\/vc_column_text][\/vc_column][vc_column width=\u00bb3\/4&#8243;][vc_column_text]Para montar exclusivamente en Caromax 800. La Broca Oro Gres ha sido desarrollada por los laboratorios de I+D de Maxima para trabajar a muy alta velocidad de rotaci\u00f3n y perforar con agua cualquier tipo de material de colocaci\u00f3n. El gres porcel\u00e1nico, la kerlite, el granito, el m\u00e1rmol, el ladrillo klinker y muchos otros materiales ya no son un problema y perforarlos ser\u00e1 realmente un juego de ni\u00f1os, sin peligro de grietas o roturas, incluso en las esquinas de las baldosas. Garantiza un n\u00famero muy elevado de perforaciones, incluso 500 perforaciones en gres porcel\u00e1nico. La longitud \u00fatil de la broca es de 60 mm. FICHA T\u00c9CNICA Cemento Curado \/ Ladrillos \/ Tejas &nbsp; Hormig\u00f3n poco armado &nbsp; Hormig\u00f3n muy armado &nbsp; Granitos \/ Piedras naturales \/ P\u00f3rfidos \u2605\u2605\u2605\u2605\u2605 M\u00e1rmoles \u2605\u2605\u2605\u2605\u2605 Refractarios &nbsp; Areniscas \/ Placas de gravilla lavada &nbsp; Cer\u00e1mica cocida dos veces \u2605\u2605\u2605\u2605\u2605 Cer\u00e1mica cocida una vez \u2605\u2605\u2605\u2605\u2605 Gres porcel\u00e1nico \/ Klinker \u2605\u2605\u2605\u2605\u2605 Vidrio mosaico \u2605\u2605\u2605\u2605\u2605 Vidrio ladrillo \u2605\u2605\u2605\u2605\u2605 &nbsp; Velocidad de corte \u2605\u2605\u2605\u2605\u2605 Duraci\u00f3n promedio \u2605\u2605\u2605\u2605\u2605 suficiente&nbsp;\u2605&nbsp;&nbsp;&nbsp;&nbsp;&nbsp;regular&nbsp;\u2605\u2605&nbsp;&nbsp;&nbsp;&nbsp;&nbsp;bueno&nbsp;\u2605\u2605\u2605&nbsp;&nbsp;&nbsp;&nbsp;&nbsp;sobresaliente&nbsp;\u2605\u2605\u2605\u2605&nbsp;&nbsp;&nbsp;&nbsp;&nbsp;super&nbsp;\u2605\u2605\u2605\u2605\u2605 &nbsp; PUEDE UTILIZARSE EN LAS M\u00c1QUINAS SIGUIENTES 6-8-10-12-14-16-18-20-22-24-25-28 30-32-35-38-40-42-45-50-55-60-65-68 &nbsp;[\/vc_column_text][\/vc_column][\/vc_row]\" \/>\n<meta property=\"og:url\" content=\"https:\/\/www.maxima-dia.com\/es\/brocas-de-diamante-para-humedo\/broca-de-diamante-oro-gres\/\" \/>\n<meta property=\"og:site_name\" content=\"Maxima SpA\" \/>\n<meta property=\"article:publisher\" content=\"https:\/\/www.facebook.com\/Maxima-spa-106098566139597\" \/>\n<meta property=\"article:modified_time\" content=\"2021-07-26T09:44:12+00:00\" \/>\n<meta property=\"og:image\" content=\"https:\/\/www.maxima-dia.com\/wp-content\/uploads\/2017\/02\/foretto-oro-gres-1.jpg\" \/>\n\t<meta property=\"og:image:width\" content=\"1200\" \/>\n\t<meta property=\"og:image:height\" content=\"1200\" \/>\n\t<meta property=\"og:image:type\" content=\"image\/jpeg\" \/>\n<meta name=\"twitter:card\" content=\"summary_large_image\" \/>\n<meta name=\"twitter:site\" content=\"@Maximadia\" \/>\n<meta name=\"twitter:label1\" content=\"Tiempo de lectura\" \/>\n\t<meta name=\"twitter:data1\" content=\"14 minutos\" \/>\n<script type=\"application\/ld+json\" class=\"yoast-schema-graph\">{\"@context\":\"https:\/\/schema.org\",\"@graph\":[{\"@type\":\"WebPage\",\"@id\":\"https:\/\/www.maxima-dia.com\/es\/brocas-de-diamante-para-humedo\/broca-de-diamante-oro-gres\/\",\"url\":\"https:\/\/www.maxima-dia.com\/es\/brocas-de-diamante-para-humedo\/broca-de-diamante-oro-gres\/\",\"name\":\"Broca de Diamante Oro Gres - Maxima SpA\",\"isPartOf\":{\"@id\":\"https:\/\/www.maxima-dia.com\/es\/#website\"},\"primaryImageOfPage\":{\"@id\":\"https:\/\/www.maxima-dia.com\/es\/brocas-de-diamante-para-humedo\/broca-de-diamante-oro-gres\/#primaryimage\"},\"image\":{\"@id\":\"https:\/\/www.maxima-dia.com\/es\/brocas-de-diamante-para-humedo\/broca-de-diamante-oro-gres\/#primaryimage\"},\"thumbnailUrl\":\"https:\/\/www.maxima-dia.com\/wp-content\/uploads\/2017\/02\/foretto-oro-gres-1.jpg\",\"datePublished\":\"2014-05-16T13:11:31+00:00\",\"dateModified\":\"2021-07-26T09:44:12+00:00\",\"breadcrumb\":{\"@id\":\"https:\/\/www.maxima-dia.com\/es\/brocas-de-diamante-para-humedo\/broca-de-diamante-oro-gres\/#breadcrumb\"},\"inLanguage\":\"es\",\"potentialAction\":[{\"@type\":\"ReadAction\",\"target\":[\"https:\/\/www.maxima-dia.com\/es\/brocas-de-diamante-para-humedo\/broca-de-diamante-oro-gres\/\"]}]},{\"@type\":\"ImageObject\",\"inLanguage\":\"es\",\"@id\":\"https:\/\/www.maxima-dia.com\/es\/brocas-de-diamante-para-humedo\/broca-de-diamante-oro-gres\/#primaryimage\",\"url\":\"https:\/\/www.maxima-dia.com\/wp-content\/uploads\/2017\/02\/foretto-oro-gres-1.jpg\",\"contentUrl\":\"https:\/\/www.maxima-dia.com\/wp-content\/uploads\/2017\/02\/foretto-oro-gres-1.jpg\",\"width\":1200,\"height\":1200},{\"@type\":\"BreadcrumbList\",\"@id\":\"https:\/\/www.maxima-dia.com\/es\/brocas-de-diamante-para-humedo\/broca-de-diamante-oro-gres\/#breadcrumb\",\"itemListElement\":[{\"@type\":\"ListItem\",\"position\":1,\"name\":\"Home\",\"item\":\"https:\/\/www.maxima-dia.com\/es\/\"},{\"@type\":\"ListItem\",\"position\":2,\"name\":\"Brocas de Diamante para H\u00famedo\",\"item\":\"https:\/\/www.maxima-dia.com\/es\/brocas-de-diamante-para-humedo\/\"},{\"@type\":\"ListItem\",\"position\":3,\"name\":\"Broca de Diamante Oro Gres\"}]},{\"@type\":\"WebSite\",\"@id\":\"https:\/\/www.maxima-dia.com\/es\/#website\",\"url\":\"https:\/\/www.maxima-dia.com\/es\/\",\"name\":\"Maxima SpA\",\"description\":\"Only for the real professionals\",\"potentialAction\":[{\"@type\":\"SearchAction\",\"target\":{\"@type\":\"EntryPoint\",\"urlTemplate\":\"https:\/\/www.maxima-dia.com\/es\/?s={search_term_string}\"},\"query-input\":{\"@type\":\"PropertyValueSpecification\",\"valueRequired\":true,\"valueName\":\"search_term_string\"}}],\"inLanguage\":\"es\"}]}<\/script>\n<!-- \/ Yoast SEO plugin. -->","yoast_head_json":{"title":"Broca de Diamante Oro Gres - Maxima SpA","robots":{"index":"index","follow":"follow","max-snippet":"max-snippet:-1","max-image-preview":"max-image-preview:large","max-video-preview":"max-video-preview:-1"},"canonical":"https:\/\/www.maxima-dia.com\/es\/brocas-de-diamante-para-humedo\/broca-de-diamante-oro-gres\/","og_locale":"es_ES","og_type":"article","og_title":"Broca de Diamante Oro Gres - Maxima SpA","og_description":"[vc_row][vc_column text_align=\u00bbcenter\u00bb width=\u00bb1\/4&#8243;][vc_column_text] [\/vc_column_text][vc_column_text css_animation=\u00bbslideInDown\u00bb el_class=\u00bbhidebuybutton\u00bb][\/vc_column_text][\/vc_column][vc_column width=\u00bb3\/4&#8243;][vc_column_text]Para montar exclusivamente en Caromax 800. La Broca Oro Gres ha sido desarrollada por los laboratorios de I+D de Maxima para trabajar a muy alta velocidad de rotaci\u00f3n y perforar con agua cualquier tipo de material de colocaci\u00f3n. El gres porcel\u00e1nico, la kerlite, el granito, el m\u00e1rmol, el ladrillo klinker y muchos otros materiales ya no son un problema y perforarlos ser\u00e1 realmente un juego de ni\u00f1os, sin peligro de grietas o roturas, incluso en las esquinas de las baldosas. Garantiza un n\u00famero muy elevado de perforaciones, incluso 500 perforaciones en gres porcel\u00e1nico. La longitud \u00fatil de la broca es de 60 mm. FICHA T\u00c9CNICA Cemento Curado \/ Ladrillos \/ Tejas &nbsp; Hormig\u00f3n poco armado &nbsp; Hormig\u00f3n muy armado &nbsp; Granitos \/ Piedras naturales \/ P\u00f3rfidos \u2605\u2605\u2605\u2605\u2605 M\u00e1rmoles \u2605\u2605\u2605\u2605\u2605 Refractarios &nbsp; Areniscas \/ Placas de gravilla lavada &nbsp; Cer\u00e1mica cocida dos veces \u2605\u2605\u2605\u2605\u2605 Cer\u00e1mica cocida una vez \u2605\u2605\u2605\u2605\u2605 Gres porcel\u00e1nico \/ Klinker \u2605\u2605\u2605\u2605\u2605 Vidrio mosaico \u2605\u2605\u2605\u2605\u2605 Vidrio ladrillo \u2605\u2605\u2605\u2605\u2605 &nbsp; Velocidad de corte \u2605\u2605\u2605\u2605\u2605 Duraci\u00f3n promedio \u2605\u2605\u2605\u2605\u2605 suficiente&nbsp;\u2605&nbsp;&nbsp;&nbsp;&nbsp;&nbsp;regular&nbsp;\u2605\u2605&nbsp;&nbsp;&nbsp;&nbsp;&nbsp;bueno&nbsp;\u2605\u2605\u2605&nbsp;&nbsp;&nbsp;&nbsp;&nbsp;sobresaliente&nbsp;\u2605\u2605\u2605\u2605&nbsp;&nbsp;&nbsp;&nbsp;&nbsp;super&nbsp;\u2605\u2605\u2605\u2605\u2605 &nbsp; PUEDE UTILIZARSE EN LAS M\u00c1QUINAS SIGUIENTES 6-8-10-12-14-16-18-20-22-24-25-28 30-32-35-38-40-42-45-50-55-60-65-68 &nbsp;[\/vc_column_text][\/vc_column][\/vc_row]","og_url":"https:\/\/www.maxima-dia.com\/es\/brocas-de-diamante-para-humedo\/broca-de-diamante-oro-gres\/","og_site_name":"Maxima SpA","article_publisher":"https:\/\/www.facebook.com\/Maxima-spa-106098566139597","article_modified_time":"2021-07-26T09:44:12+00:00","og_image":[{"width":1200,"height":1200,"url":"https:\/\/www.maxima-dia.com\/wp-content\/uploads\/2017\/02\/foretto-oro-gres-1.jpg","type":"image\/jpeg"}],"twitter_card":"summary_large_image","twitter_site":"@Maximadia","twitter_misc":{"Tiempo de lectura":"14 minutos"},"schema":{"@context":"https:\/\/schema.org","@graph":[{"@type":"WebPage","@id":"https:\/\/www.maxima-dia.com\/es\/brocas-de-diamante-para-humedo\/broca-de-diamante-oro-gres\/","url":"https:\/\/www.maxima-dia.com\/es\/brocas-de-diamante-para-humedo\/broca-de-diamante-oro-gres\/","name":"Broca de Diamante Oro Gres - Maxima SpA","isPartOf":{"@id":"https:\/\/www.maxima-dia.com\/es\/#website"},"primaryImageOfPage":{"@id":"https:\/\/www.maxima-dia.com\/es\/brocas-de-diamante-para-humedo\/broca-de-diamante-oro-gres\/#primaryimage"},"image":{"@id":"https:\/\/www.maxima-dia.com\/es\/brocas-de-diamante-para-humedo\/broca-de-diamante-oro-gres\/#primaryimage"},"thumbnailUrl":"https:\/\/www.maxima-dia.com\/wp-content\/uploads\/2017\/02\/foretto-oro-gres-1.jpg","datePublished":"2014-05-16T13:11:31+00:00","dateModified":"2021-07-26T09:44:12+00:00","breadcrumb":{"@id":"https:\/\/www.maxima-dia.com\/es\/brocas-de-diamante-para-humedo\/broca-de-diamante-oro-gres\/#breadcrumb"},"inLanguage":"es","potentialAction":[{"@type":"ReadAction","target":["https:\/\/www.maxima-dia.com\/es\/brocas-de-diamante-para-humedo\/broca-de-diamante-oro-gres\/"]}]},{"@type":"ImageObject","inLanguage":"es","@id":"https:\/\/www.maxima-dia.com\/es\/brocas-de-diamante-para-humedo\/broca-de-diamante-oro-gres\/#primaryimage","url":"https:\/\/www.maxima-dia.com\/wp-content\/uploads\/2017\/02\/foretto-oro-gres-1.jpg","contentUrl":"https:\/\/www.maxima-dia.com\/wp-content\/uploads\/2017\/02\/foretto-oro-gres-1.jpg","width":1200,"height":1200},{"@type":"BreadcrumbList","@id":"https:\/\/www.maxima-dia.com\/es\/brocas-de-diamante-para-humedo\/broca-de-diamante-oro-gres\/#breadcrumb","itemListElement":[{"@type":"ListItem","position":1,"name":"Home","item":"https:\/\/www.maxima-dia.com\/es\/"},{"@type":"ListItem","position":2,"name":"Brocas de Diamante para H\u00famedo","item":"https:\/\/www.maxima-dia.com\/es\/brocas-de-diamante-para-humedo\/"},{"@type":"ListItem","position":3,"name":"Broca de Diamante Oro Gres"}]},{"@type":"WebSite","@id":"https:\/\/www.maxima-dia.com\/es\/#website","url":"https:\/\/www.maxima-dia.com\/es\/","name":"Maxima SpA","description":"Only for the real professionals","potentialAction":[{"@type":"SearchAction","target":{"@type":"EntryPoint","urlTemplate":"https:\/\/www.maxima-dia.com\/es\/?s={search_term_string}"},"query-input":{"@type":"PropertyValueSpecification","valueRequired":true,"valueName":"search_term_string"}}],"inLanguage":"es"}]}},"_links":{"self":[{"href":"https:\/\/www.maxima-dia.com\/es\/wp-json\/wp\/v2\/pages\/8471"}],"collection":[{"href":"https:\/\/www.maxima-dia.com\/es\/wp-json\/wp\/v2\/pages"}],"about":[{"href":"https:\/\/www.maxima-dia.com\/es\/wp-json\/wp\/v2\/types\/page"}],"author":[{"embeddable":true,"href":"https:\/\/www.maxima-dia.com\/es\/wp-json\/wp\/v2\/users\/29"}],"replies":[{"embeddable":true,"href":"https:\/\/www.maxima-dia.com\/es\/wp-json\/wp\/v2\/comments?post=8471"}],"version-history":[{"count":0,"href":"https:\/\/www.maxima-dia.com\/es\/wp-json\/wp\/v2\/pages\/8471\/revisions"}],"up":[{"embeddable":true,"href":"https:\/\/www.maxima-dia.com\/es\/wp-json\/wp\/v2\/pages\/12457"}],"wp:featuredmedia":[{"embeddable":true,"href":"https:\/\/www.maxima-dia.com\/es\/wp-json\/wp\/v2\/media\/24742"}],"wp:attachment":[{"href":"https:\/\/www.maxima-dia.com\/es\/wp-json\/wp\/v2\/media?parent=8471"}],"curies":[{"name":"wp","href":"https:\/\/api.w.org\/{rel}","templated":true}]}}